{"id":39793,"date":"2020-12-15T09:50:22","date_gmt":"2020-12-15T08:50:22","guid":{"rendered":"https:\/\/hubsch-interior.com\/product\/product-20\/"},"modified":"2026-04-05T04:50:50","modified_gmt":"2026-04-05T02:50:50","slug":"herringbone-sengebord-natur","status":"publish","type":"product","link":"https:\/\/hubsch-interior.com\/da\/vare\/herringbone-sengebord-natur\/","title":{"rendered":"Herringbone Sengebord Natur"},"content":{"rendered":"<p>Herringbone Sengebord Natur er et yndigt m\u00f8bel fremstillet af FSC-certificeret eg. Bordet er udf\u00f8rt med et smukt Herringbone m\u00f8nster, der giver det et eksklusivt udseende. Den robuste konstruktion af eg giver dig en solid og holdbar overflade, som du vil nyde i mange \u00e5r. Det er det perfekte m\u00f8bel til at skabe en stilfuld og afslappet atmosf\u00e6re i dit sovev\u00e6relse. Herringbone Sengebord Natur er lavet af det fineste eg, der giver et luksuri\u00f8st look til ethvert rum.<\/p>\n","protected":false},"excerpt":{"rendered":"<p>Herringbone Sengebord Natur er et yndigt m\u00f8bel fremstillet af FSC-certificeret eg. Bordet er udf\u00f8rt med et smukt Herringbone m\u00f8nster, der giver det et eksklusivt udseende. Den robuste konstruktion af eg giver dig en solid og holdbar overflade, som du vil nyde i mange \u00e5r. Det er det perfekte m\u00f8bel til at skabe en stilfuld og [&hellip;]<\/p>\n","protected":false},"featured_media":1102314,"template":"","meta":{"_acf_changed":false,"inline_featured_image":false},"product_brand":[],"product_cat":[2857,4801,3999,4919,5025],"product_tag":[],"class_list":{"0":"post-39793","1":"product","2":"type-product","3":"status-publish","4":"has-post-thumbnail","6":"product_cat-borde-da","7":"product_cat-sengeborde-da","8":"product_cat-reoler-opbevaring-da","9":"product_cat-kommoder-skaenke-da","10":"product_cat-bestsellers-da","11":"product_shipping_class-pk","12":"pa_color-natur-2","13":"pa_material-mdf-da","14":"pa_material-egetr","15":"pa_material-egetrsfiner","17":"first","18":"outofstock","19":"featured","20":"taxable","21":"shipping-taxable","22":"purchasable","23":"product-type-simple"},"exclude_global_add_ons":[],"addons":[],"acf":[],"yoast_head":"<!-- This site is optimized with the Yoast SEO plugin v26.4 - https:\/\/yoast.com\/wordpress\/plugins\/seo\/ -->\n<title>Herringbone Sengebord Natur - H\u00fcbsch<\/title>\n<meta name=\"description\" content=\"Herringbone Sengebord Natur er et yndigt m\u00f8bel fremstillet af FSC-certificeret eg. Bordet er udf\u00f8rt med et smukt Herringbone m\u00f8nster, der giver det et\" \/>\n<meta name=\"robots\" content=\"index, follow, max-snippet:-1, max-image-preview:large, max-video-preview:-1\" \/>\n<link rel=\"canonical\" href=\"https:\/\/hubsch-interior.com\/da\/wp-json\/wp\/v2\/product\/39793\" \/>\n<meta property=\"og:locale\" content=\"da_DK\" \/>\n<meta property=\"og:type\" content=\"article\" \/>\n<meta property=\"og:title\" content=\"Herringbone Sengebord Natur - H\u00fcbsch\" \/>\n<meta property=\"og:description\" content=\"Herringbone Sengebord Natur er et yndigt m\u00f8bel fremstillet af FSC-certificeret eg. Bordet er udf\u00f8rt med et smukt Herringbone m\u00f8nster, der giver det et\" \/>\n<meta property=\"og:url\" content=\"https:\/\/hubsch-interior.com\/da\/vare\/herringbone-sengebord-natur\/\" \/>\n<meta property=\"og:site_name\" content=\"H\u00fcbsch\" \/>\n<meta property=\"article:modified_time\" content=\"2026-04-05T02:50:50+00:00\" \/>\n<meta property=\"og:image\" content=\"https:\/\/hubsch-interior.com\/wp-content\/uploads\/2023\/08\/herringbone-bedside-table-natural-932134012f2e88b73dcd1785cd9d724c.jpg\" \/>\n\t<meta property=\"og:image:width\" content=\"1200\" \/>\n\t<meta property=\"og:image:height\" content=\"1200\" \/>\n\t<meta property=\"og:image:type\" content=\"image\/jpeg\" \/>\n<meta name=\"twitter:card\" content=\"summary_large_image\" \/>\n<script type=\"application\/ld+json\" class=\"yoast-schema-graph\">{\"@context\":\"https:\/\/schema.org\",\"@graph\":[{\"@type\":\"WebPage\",\"@id\":\"https:\/\/hubsch-interior.com\/da\/vare\/herringbone-sengebord-natur\/\",\"url\":\"https:\/\/hubsch-interior.com\/da\/vare\/herringbone-sengebord-natur\/\",\"name\":\"Herringbone Sengebord Natur - H\u00fcbsch\",\"isPartOf\":{\"@id\":\"https:\/\/hubsch-interior.com\/da\/#website\"},\"primaryImageOfPage\":{\"@id\":\"https:\/\/hubsch-interior.com\/da\/vare\/herringbone-sengebord-natur\/#primaryimage\"},\"image\":{\"@id\":\"https:\/\/hubsch-interior.com\/da\/vare\/herringbone-sengebord-natur\/#primaryimage\"},\"thumbnailUrl\":\"https:\/\/hubsch-interior.com\/wp-content\/uploads\/2026\/02\/herringbone-bedside-table-natural-4f51ce4aa493f358485306e87ae40f22.jpg\",\"datePublished\":\"2020-12-15T08:50:22+00:00\",\"dateModified\":\"2026-04-05T02:50:50+00:00\",\"description\":\"Herringbone Sengebord Natur er et yndigt m\u00f8bel fremstillet af FSC-certificeret eg. Bordet er udf\u00f8rt med et smukt Herringbone m\u00f8nster, der giver det et\",\"breadcrumb\":{\"@id\":\"https:\/\/hubsch-interior.com\/da\/vare\/herringbone-sengebord-natur\/#breadcrumb\"},\"inLanguage\":\"da-DK\",\"potentialAction\":[{\"@type\":\"ReadAction\",\"target\":[\"https:\/\/hubsch-interior.com\/da\/vare\/herringbone-sengebord-natur\/\"]}]},{\"@type\":\"ImageObject\",\"inLanguage\":\"da-DK\",\"@id\":\"https:\/\/hubsch-interior.com\/da\/vare\/herringbone-sengebord-natur\/#primaryimage\",\"url\":\"https:\/\/hubsch-interior.com\/wp-content\/uploads\/2026\/02\/herringbone-bedside-table-natural-4f51ce4aa493f358485306e87ae40f22.jpg\",\"contentUrl\":\"https:\/\/hubsch-interior.com\/wp-content\/uploads\/2026\/02\/herringbone-bedside-table-natural-4f51ce4aa493f358485306e87ae40f22.jpg\",\"width\":1024,\"height\":1024},{\"@type\":\"BreadcrumbList\",\"@id\":\"https:\/\/hubsch-interior.com\/da\/vare\/herringbone-sengebord-natur\/#breadcrumb\",\"itemListElement\":[{\"@type\":\"ListItem\",\"position\":1,\"name\":\"Forside\",\"item\":\"https:\/\/hubsch-interior.com\/da\/\"},{\"@type\":\"ListItem\",\"position\":2,\"name\":\"Produkter\",\"item\":\"https:\/\/hubsch-interior.com\/da\/produkter\/\"},{\"@type\":\"ListItem\",\"position\":3,\"name\":\"M\u00f8bler\",\"item\":\"https:\/\/hubsch-interior.com\/da\/vare-kategori\/mobler\/\"},{\"@type\":\"ListItem\",\"position\":4,\"name\":\"Borde\",\"item\":\"https:\/\/hubsch-interior.com\/da\/vare-kategori\/mobler\/borde-da\/\"},{\"@type\":\"ListItem\",\"position\":5,\"name\":\"Sengeborde\",\"item\":\"https:\/\/hubsch-interior.com\/da\/vare-kategori\/mobler\/borde-da\/sengeborde-da\/\"},{\"@type\":\"ListItem\",\"position\":6,\"name\":\"Herringbone Sengebord Natur\"}]},{\"@type\":\"WebSite\",\"@id\":\"https:\/\/hubsch-interior.com\/da\/#website\",\"url\":\"https:\/\/hubsch-interior.com\/da\/\",\"name\":\"H\u00fcbsch\",\"description\":\"Danish Home Interior and Design\",\"publisher\":{\"@id\":\"https:\/\/hubsch-interior.com\/da\/#organization\"},\"potentialAction\":[{\"@type\":\"SearchAction\",\"target\":{\"@type\":\"EntryPoint\",\"urlTemplate\":\"https:\/\/hubsch-interior.com\/da\/?s={search_term_string}\"},\"query-input\":{\"@type\":\"PropertyValueSpecification\",\"valueRequired\":true,\"valueName\":\"search_term_string\"}}],\"inLanguage\":\"da-DK\"},{\"@type\":\"Organization\",\"@id\":\"https:\/\/hubsch-interior.com\/da\/#organization\",\"name\":\"H\u00fcbsch\",\"url\":\"https:\/\/hubsch-interior.com\/da\/\",\"logo\":{\"@type\":\"ImageObject\",\"inLanguage\":\"da-DK\",\"@id\":\"https:\/\/hubsch-interior.com\/da\/#\/schema\/logo\/image\/\",\"url\":\"https:\/\/hubsch-interior.com\/wp-content\/uploads\/2022\/12\/Hubsch_logo_black_one_line.svg\",\"contentUrl\":\"https:\/\/hubsch-interior.com\/wp-content\/uploads\/2022\/12\/Hubsch_logo_black_one_line.svg\",\"caption\":\"H\u00fcbsch\"},\"image\":{\"@id\":\"https:\/\/hubsch-interior.com\/da\/#\/schema\/logo\/image\/\"}}]}<\/script>\n<!-- \/ Yoast SEO plugin. -->","yoast_head_json":{"title":"Herringbone Sengebord Natur - H\u00fcbsch","description":"Herringbone Sengebord Natur er et yndigt m\u00f8bel fremstillet af FSC-certificeret eg. Bordet er udf\u00f8rt med et smukt Herringbone m\u00f8nster, der giver det et","robots":{"index":"index","follow":"follow","max-snippet":"max-snippet:-1","max-image-preview":"max-image-preview:large","max-video-preview":"max-video-preview:-1"},"canonical":"https:\/\/hubsch-interior.com\/da\/wp-json\/wp\/v2\/product\/39793","og_locale":"da_DK","og_type":"article","og_title":"Herringbone Sengebord Natur - H\u00fcbsch","og_description":"Herringbone Sengebord Natur er et yndigt m\u00f8bel fremstillet af FSC-certificeret eg. Bordet er udf\u00f8rt med et smukt Herringbone m\u00f8nster, der giver det et","og_url":"https:\/\/hubsch-interior.com\/da\/vare\/herringbone-sengebord-natur\/","og_site_name":"H\u00fcbsch","article_modified_time":"2026-04-05T02:50:50+00:00","og_image":[{"width":1200,"height":1200,"url":"https:\/\/hubsch-interior.com\/wp-content\/uploads\/2023\/08\/herringbone-bedside-table-natural-932134012f2e88b73dcd1785cd9d724c.jpg","type":"image\/jpeg"}],"twitter_card":"summary_large_image","schema":{"@context":"https:\/\/schema.org","@graph":[{"@type":"WebPage","@id":"https:\/\/hubsch-interior.com\/da\/vare\/herringbone-sengebord-natur\/","url":"https:\/\/hubsch-interior.com\/da\/vare\/herringbone-sengebord-natur\/","name":"Herringbone Sengebord Natur - H\u00fcbsch","isPartOf":{"@id":"https:\/\/hubsch-interior.com\/da\/#website"},"primaryImageOfPage":{"@id":"https:\/\/hubsch-interior.com\/da\/vare\/herringbone-sengebord-natur\/#primaryimage"},"image":{"@id":"https:\/\/hubsch-interior.com\/da\/vare\/herringbone-sengebord-natur\/#primaryimage"},"thumbnailUrl":"https:\/\/hubsch-interior.com\/wp-content\/uploads\/2026\/02\/herringbone-bedside-table-natural-4f51ce4aa493f358485306e87ae40f22.jpg","datePublished":"2020-12-15T08:50:22+00:00","dateModified":"2026-04-05T02:50:50+00:00","description":"Herringbone Sengebord Natur er et yndigt m\u00f8bel fremstillet af FSC-certificeret eg. Bordet er udf\u00f8rt med et smukt Herringbone m\u00f8nster, der giver det et","breadcrumb":{"@id":"https:\/\/hubsch-interior.com\/da\/vare\/herringbone-sengebord-natur\/#breadcrumb"},"inLanguage":"da-DK","potentialAction":[{"@type":"ReadAction","target":["https:\/\/hubsch-interior.com\/da\/vare\/herringbone-sengebord-natur\/"]}]},{"@type":"ImageObject","inLanguage":"da-DK","@id":"https:\/\/hubsch-interior.com\/da\/vare\/herringbone-sengebord-natur\/#primaryimage","url":"https:\/\/hubsch-interior.com\/wp-content\/uploads\/2026\/02\/herringbone-bedside-table-natural-4f51ce4aa493f358485306e87ae40f22.jpg","contentUrl":"https:\/\/hubsch-interior.com\/wp-content\/uploads\/2026\/02\/herringbone-bedside-table-natural-4f51ce4aa493f358485306e87ae40f22.jpg","width":1024,"height":1024},{"@type":"BreadcrumbList","@id":"https:\/\/hubsch-interior.com\/da\/vare\/herringbone-sengebord-natur\/#breadcrumb","itemListElement":[{"@type":"ListItem","position":1,"name":"Forside","item":"https:\/\/hubsch-interior.com\/da\/"},{"@type":"ListItem","position":2,"name":"Produkter","item":"https:\/\/hubsch-interior.com\/da\/produkter\/"},{"@type":"ListItem","position":3,"name":"M\u00f8bler","item":"https:\/\/hubsch-interior.com\/da\/vare-kategori\/mobler\/"},{"@type":"ListItem","position":4,"name":"Borde","item":"https:\/\/hubsch-interior.com\/da\/vare-kategori\/mobler\/borde-da\/"},{"@type":"ListItem","position":5,"name":"Sengeborde","item":"https:\/\/hubsch-interior.com\/da\/vare-kategori\/mobler\/borde-da\/sengeborde-da\/"},{"@type":"ListItem","position":6,"name":"Herringbone Sengebord Natur"}]},{"@type":"WebSite","@id":"https:\/\/hubsch-interior.com\/da\/#website","url":"https:\/\/hubsch-interior.com\/da\/","name":"H\u00fcbsch","description":"Danish Home Interior and Design","publisher":{"@id":"https:\/\/hubsch-interior.com\/da\/#organization"},"potentialAction":[{"@type":"SearchAction","target":{"@type":"EntryPoint","urlTemplate":"https:\/\/hubsch-interior.com\/da\/?s={search_term_string}"},"query-input":{"@type":"PropertyValueSpecification","valueRequired":true,"valueName":"search_term_string"}}],"inLanguage":"da-DK"},{"@type":"Organization","@id":"https:\/\/hubsch-interior.com\/da\/#organization","name":"H\u00fcbsch","url":"https:\/\/hubsch-interior.com\/da\/","logo":{"@type":"ImageObject","inLanguage":"da-DK","@id":"https:\/\/hubsch-interior.com\/da\/#\/schema\/logo\/image\/","url":"https:\/\/hubsch-interior.com\/wp-content\/uploads\/2022\/12\/Hubsch_logo_black_one_line.svg","contentUrl":"https:\/\/hubsch-interior.com\/wp-content\/uploads\/2022\/12\/Hubsch_logo_black_one_line.svg","caption":"H\u00fcbsch"},"image":{"@id":"https:\/\/hubsch-interior.com\/da\/#\/schema\/logo\/image\/"}}]}},"_links":{"self":[{"href":"https:\/\/hubsch-interior.com\/da\/wp-json\/wp\/v2\/product\/39793","targetHints":{"allow":["GET"]}}],"collection":[{"href":"https:\/\/hubsch-interior.com\/da\/wp-json\/wp\/v2\/product"}],"about":[{"href":"https:\/\/hubsch-interior.com\/da\/wp-json\/wp\/v2\/types\/product"}],"wp:featuredmedia":[{"embeddable":true,"href":"https:\/\/hubsch-interior.com\/da\/wp-json\/wp\/v2\/media\/1102314"}],"wp:attachment":[{"href":"https:\/\/hubsch-interior.com\/da\/wp-json\/wp\/v2\/media?parent=39793"}],"wp:term":[{"taxonomy":"product_brand","embeddable":true,"href":"https:\/\/hubsch-interior.com\/da\/wp-json\/wp\/v2\/product_brand?post=39793"},{"taxonomy":"product_cat","embeddable":true,"href":"https:\/\/hubsch-interior.com\/da\/wp-json\/wp\/v2\/product_cat?post=39793"},{"taxonomy":"product_tag","embeddable":true,"href":"https:\/\/hubsch-interior.com\/da\/wp-json\/wp\/v2\/product_tag?post=39793"}],"curies":[{"name":"wp","href":"https:\/\/api.w.org\/{rel}","templated":true}]}}