{"id":398323,"date":"2021-06-13T22:33:30","date_gmt":"2021-06-13T20:33:30","guid":{"rendered":"https:\/\/hubsch-interior.com\/shop-b2c\/product\/product\/"},"modified":"2026-04-09T04:16:44","modified_gmt":"2026-04-09T02:16:44","slug":"crayon-lysestager-flerfarvet-saet-af-4","status":"publish","type":"product","link":"https:\/\/hubsch-interior.com\/da\/vare\/crayon-lysestager-flerfarvet-saet-af-4\/","title":{"rendered":"Crayon Lysestager \u00a0Flerfarvet (s\u00e6t af 4)"},"content":{"rendered":"<p>Fire sk\u00f8nne lysestager i egetr\u00e6 med en sk\u00f8n farvepalette og FSC\u00ae-certificeret tr\u00e6. Det er, hvad du f\u00e5r, n\u00e5r du anskaffer dig disse tr\u00e6lysestager i farverne lilla, bl\u00e5, hvid og gr\u00f8n. Vi elsker at mikse og matche p\u00e5 kryds og tv\u00e6rs, fordi det er p\u00e5 denne m\u00e5de, at du kan skabe et personligt udtryk. Brug dem sammen i et fint stilleben eller hver for sig. Og husk, at levende lys altid er en god ting. <\/p>\n","protected":false},"excerpt":{"rendered":"<p>Fire sk\u00f8nne lysestager i egetr\u00e6 med en sk\u00f8n farvepalette og FSC\u00ae-certificeret tr\u00e6. Det er, hvad du f\u00e5r, n\u00e5r du anskaffer dig disse tr\u00e6lysestager i farverne lilla, bl\u00e5, hvid og gr\u00f8n. Vi elsker at mikse og matche p\u00e5 kryds og tv\u00e6rs, fordi det er p\u00e5 denne m\u00e5de, at du kan skabe et personligt udtryk. Brug dem [&hellip;]<\/p>\n","protected":false},"featured_media":1092595,"template":"","meta":{"_acf_changed":false,"inline_featured_image":false},"product_brand":[],"product_cat":[6321,4064,4063,6517,6970],"product_tag":[],"class_list":{"0":"post-398323","1":"product","2":"type-product","3":"status-publish","4":"has-post-thumbnail","6":"product_cat-fsc-da","7":"product_cat-lysestager-da","8":"product_cat-lysestager-lanterner-da","9":"product_cat-outlet-da","10":"product_cat-paaskeudsalg","11":"product_shipping_class-pk","13":"pa_color-flerfarvet-2","14":"pa_material-egetr","16":"first","17":"instock","18":"sale","19":"taxable","20":"shipping-taxable","21":"purchasable","22":"product-type-simple"},"exclude_global_add_ons":[],"addons":[],"acf":[],"yoast_head":"<!-- This site is optimized with the Yoast SEO plugin v26.4 - https:\/\/yoast.com\/wordpress\/plugins\/seo\/ -->\n<title>Crayon Lysestager \u00a0Flerfarvet (s\u00e6t af 4) - H\u00fcbsch<\/title>\n<meta name=\"description\" content=\"Fire sk\u00f8nne lysestager i egetr\u00e6 med en sk\u00f8n farvepalette og FSC\u00ae-certificeret tr\u00e6. Det er, hvad du f\u00e5r, n\u00e5r du anskaffer dig disse tr\u00e6lysestager i\" \/>\n<meta name=\"robots\" content=\"index, follow, max-snippet:-1, max-image-preview:large, max-video-preview:-1\" \/>\n<link rel=\"canonical\" href=\"https:\/\/hubsch-interior.com\/da\/wp-json\/wp\/v2\/product\/398323\" \/>\n<meta property=\"og:locale\" content=\"da_DK\" \/>\n<meta property=\"og:type\" content=\"article\" \/>\n<meta property=\"og:title\" content=\"Crayon Lysestager \u00a0Flerfarvet (s\u00e6t af 4) - H\u00fcbsch\" \/>\n<meta property=\"og:description\" content=\"Fire sk\u00f8nne lysestager i egetr\u00e6 med en sk\u00f8n farvepalette og FSC\u00ae-certificeret tr\u00e6. Det er, hvad du f\u00e5r, n\u00e5r du anskaffer dig disse tr\u00e6lysestager i\" \/>\n<meta property=\"og:url\" content=\"https:\/\/hubsch-interior.com\/da\/vare\/crayon-lysestager-flerfarvet-saet-af-4\/\" \/>\n<meta property=\"og:site_name\" content=\"H\u00fcbsch\" \/>\n<meta property=\"article:modified_time\" content=\"2026-04-09T02:16:44+00:00\" \/>\n<meta property=\"og:image\" content=\"https:\/\/hubsch-interior.com\/wp-content\/uploads\/2025\/06\/crayon-candlesticks-multicolour-set-of-4-988ddd4a4c975016c8e69961f40fede3.jpg\" \/>\n\t<meta property=\"og:image:width\" content=\"1200\" \/>\n\t<meta property=\"og:image:height\" content=\"1200\" \/>\n\t<meta property=\"og:image:type\" content=\"image\/jpeg\" \/>\n<meta name=\"twitter:card\" content=\"summary_large_image\" \/>\n<script type=\"application\/ld+json\" class=\"yoast-schema-graph\">{\"@context\":\"https:\/\/schema.org\",\"@graph\":[{\"@type\":\"WebPage\",\"@id\":\"https:\/\/hubsch-interior.com\/da\/vare\/crayon-lysestager-flerfarvet-saet-af-4\/\",\"url\":\"https:\/\/hubsch-interior.com\/da\/vare\/crayon-lysestager-flerfarvet-saet-af-4\/\",\"name\":\"Crayon Lysestager \u00a0Flerfarvet (s\u00e6t af 4) - H\u00fcbsch\",\"isPartOf\":{\"@id\":\"https:\/\/hubsch-interior.com\/da\/#website\"},\"primaryImageOfPage\":{\"@id\":\"https:\/\/hubsch-interior.com\/da\/vare\/crayon-lysestager-flerfarvet-saet-af-4\/#primaryimage\"},\"image\":{\"@id\":\"https:\/\/hubsch-interior.com\/da\/vare\/crayon-lysestager-flerfarvet-saet-af-4\/#primaryimage\"},\"thumbnailUrl\":\"https:\/\/hubsch-interior.com\/wp-content\/uploads\/2026\/02\/crayon-candlesticks-multicolour-set-of-4-fe9507058a5a3b9517020dabb90d8161.jpg\",\"datePublished\":\"2021-06-13T20:33:30+00:00\",\"dateModified\":\"2026-04-09T02:16:44+00:00\",\"description\":\"Fire sk\u00f8nne lysestager i egetr\u00e6 med en sk\u00f8n farvepalette og FSC\u00ae-certificeret tr\u00e6. Det er, hvad du f\u00e5r, n\u00e5r du anskaffer dig disse tr\u00e6lysestager i\",\"breadcrumb\":{\"@id\":\"https:\/\/hubsch-interior.com\/da\/vare\/crayon-lysestager-flerfarvet-saet-af-4\/#breadcrumb\"},\"inLanguage\":\"da-DK\",\"potentialAction\":[{\"@type\":\"ReadAction\",\"target\":[\"https:\/\/hubsch-interior.com\/da\/vare\/crayon-lysestager-flerfarvet-saet-af-4\/\"]}]},{\"@type\":\"ImageObject\",\"inLanguage\":\"da-DK\",\"@id\":\"https:\/\/hubsch-interior.com\/da\/vare\/crayon-lysestager-flerfarvet-saet-af-4\/#primaryimage\",\"url\":\"https:\/\/hubsch-interior.com\/wp-content\/uploads\/2026\/02\/crayon-candlesticks-multicolour-set-of-4-fe9507058a5a3b9517020dabb90d8161.jpg\",\"contentUrl\":\"https:\/\/hubsch-interior.com\/wp-content\/uploads\/2026\/02\/crayon-candlesticks-multicolour-set-of-4-fe9507058a5a3b9517020dabb90d8161.jpg\",\"width\":1024,\"height\":1024},{\"@type\":\"BreadcrumbList\",\"@id\":\"https:\/\/hubsch-interior.com\/da\/vare\/crayon-lysestager-flerfarvet-saet-af-4\/#breadcrumb\",\"itemListElement\":[{\"@type\":\"ListItem\",\"position\":1,\"name\":\"Forside\",\"item\":\"https:\/\/hubsch-interior.com\/da\/\"},{\"@type\":\"ListItem\",\"position\":2,\"name\":\"Produkter\",\"item\":\"https:\/\/hubsch-interior.com\/da\/produkter\/\"},{\"@type\":\"ListItem\",\"position\":3,\"name\":\"Boligtilbeh\u00f8r\",\"item\":\"https:\/\/hubsch-interior.com\/da\/vare-kategori\/boligtilbehor\/\"},{\"@type\":\"ListItem\",\"position\":4,\"name\":\"Lysestager &amp; Lanterner\",\"item\":\"https:\/\/hubsch-interior.com\/da\/vare-kategori\/boligtilbehor\/lysestager-lanterner-da\/\"},{\"@type\":\"ListItem\",\"position\":5,\"name\":\"Lysestager\",\"item\":\"https:\/\/hubsch-interior.com\/da\/vare-kategori\/boligtilbehor\/lysestager-lanterner-da\/lysestager-da\/\"},{\"@type\":\"ListItem\",\"position\":6,\"name\":\"Crayon Lysestager \u00a0Flerfarvet (s\u00e6t af 4)\"}]},{\"@type\":\"WebSite\",\"@id\":\"https:\/\/hubsch-interior.com\/da\/#website\",\"url\":\"https:\/\/hubsch-interior.com\/da\/\",\"name\":\"H\u00fcbsch\",\"description\":\"Danish Home Interior and Design\",\"publisher\":{\"@id\":\"https:\/\/hubsch-interior.com\/da\/#organization\"},\"potentialAction\":[{\"@type\":\"SearchAction\",\"target\":{\"@type\":\"EntryPoint\",\"urlTemplate\":\"https:\/\/hubsch-interior.com\/da\/?s={search_term_string}\"},\"query-input\":{\"@type\":\"PropertyValueSpecification\",\"valueRequired\":true,\"valueName\":\"search_term_string\"}}],\"inLanguage\":\"da-DK\"},{\"@type\":\"Organization\",\"@id\":\"https:\/\/hubsch-interior.com\/da\/#organization\",\"name\":\"H\u00fcbsch\",\"url\":\"https:\/\/hubsch-interior.com\/da\/\",\"logo\":{\"@type\":\"ImageObject\",\"inLanguage\":\"da-DK\",\"@id\":\"https:\/\/hubsch-interior.com\/da\/#\/schema\/logo\/image\/\",\"url\":\"https:\/\/hubsch-interior.com\/wp-content\/uploads\/2022\/12\/Hubsch_logo_black_one_line.svg\",\"contentUrl\":\"https:\/\/hubsch-interior.com\/wp-content\/uploads\/2022\/12\/Hubsch_logo_black_one_line.svg\",\"caption\":\"H\u00fcbsch\"},\"image\":{\"@id\":\"https:\/\/hubsch-interior.com\/da\/#\/schema\/logo\/image\/\"}}]}<\/script>\n<!-- \/ Yoast SEO plugin. -->","yoast_head_json":{"title":"Crayon Lysestager \u00a0Flerfarvet (s\u00e6t af 4) - H\u00fcbsch","description":"Fire sk\u00f8nne lysestager i egetr\u00e6 med en sk\u00f8n farvepalette og FSC\u00ae-certificeret tr\u00e6. Det er, hvad du f\u00e5r, n\u00e5r du anskaffer dig disse tr\u00e6lysestager i","robots":{"index":"index","follow":"follow","max-snippet":"max-snippet:-1","max-image-preview":"max-image-preview:large","max-video-preview":"max-video-preview:-1"},"canonical":"https:\/\/hubsch-interior.com\/da\/wp-json\/wp\/v2\/product\/398323","og_locale":"da_DK","og_type":"article","og_title":"Crayon Lysestager \u00a0Flerfarvet (s\u00e6t af 4) - H\u00fcbsch","og_description":"Fire sk\u00f8nne lysestager i egetr\u00e6 med en sk\u00f8n farvepalette og FSC\u00ae-certificeret tr\u00e6. Det er, hvad du f\u00e5r, n\u00e5r du anskaffer dig disse tr\u00e6lysestager i","og_url":"https:\/\/hubsch-interior.com\/da\/vare\/crayon-lysestager-flerfarvet-saet-af-4\/","og_site_name":"H\u00fcbsch","article_modified_time":"2026-04-09T02:16:44+00:00","og_image":[{"width":1200,"height":1200,"url":"https:\/\/hubsch-interior.com\/wp-content\/uploads\/2025\/06\/crayon-candlesticks-multicolour-set-of-4-988ddd4a4c975016c8e69961f40fede3.jpg","type":"image\/jpeg"}],"twitter_card":"summary_large_image","schema":{"@context":"https:\/\/schema.org","@graph":[{"@type":"WebPage","@id":"https:\/\/hubsch-interior.com\/da\/vare\/crayon-lysestager-flerfarvet-saet-af-4\/","url":"https:\/\/hubsch-interior.com\/da\/vare\/crayon-lysestager-flerfarvet-saet-af-4\/","name":"Crayon Lysestager \u00a0Flerfarvet (s\u00e6t af 4) - H\u00fcbsch","isPartOf":{"@id":"https:\/\/hubsch-interior.com\/da\/#website"},"primaryImageOfPage":{"@id":"https:\/\/hubsch-interior.com\/da\/vare\/crayon-lysestager-flerfarvet-saet-af-4\/#primaryimage"},"image":{"@id":"https:\/\/hubsch-interior.com\/da\/vare\/crayon-lysestager-flerfarvet-saet-af-4\/#primaryimage"},"thumbnailUrl":"https:\/\/hubsch-interior.com\/wp-content\/uploads\/2026\/02\/crayon-candlesticks-multicolour-set-of-4-fe9507058a5a3b9517020dabb90d8161.jpg","datePublished":"2021-06-13T20:33:30+00:00","dateModified":"2026-04-09T02:16:44+00:00","description":"Fire sk\u00f8nne lysestager i egetr\u00e6 med en sk\u00f8n farvepalette og FSC\u00ae-certificeret tr\u00e6. Det er, hvad du f\u00e5r, n\u00e5r du anskaffer dig disse tr\u00e6lysestager i","breadcrumb":{"@id":"https:\/\/hubsch-interior.com\/da\/vare\/crayon-lysestager-flerfarvet-saet-af-4\/#breadcrumb"},"inLanguage":"da-DK","potentialAction":[{"@type":"ReadAction","target":["https:\/\/hubsch-interior.com\/da\/vare\/crayon-lysestager-flerfarvet-saet-af-4\/"]}]},{"@type":"ImageObject","inLanguage":"da-DK","@id":"https:\/\/hubsch-interior.com\/da\/vare\/crayon-lysestager-flerfarvet-saet-af-4\/#primaryimage","url":"https:\/\/hubsch-interior.com\/wp-content\/uploads\/2026\/02\/crayon-candlesticks-multicolour-set-of-4-fe9507058a5a3b9517020dabb90d8161.jpg","contentUrl":"https:\/\/hubsch-interior.com\/wp-content\/uploads\/2026\/02\/crayon-candlesticks-multicolour-set-of-4-fe9507058a5a3b9517020dabb90d8161.jpg","width":1024,"height":1024},{"@type":"BreadcrumbList","@id":"https:\/\/hubsch-interior.com\/da\/vare\/crayon-lysestager-flerfarvet-saet-af-4\/#breadcrumb","itemListElement":[{"@type":"ListItem","position":1,"name":"Forside","item":"https:\/\/hubsch-interior.com\/da\/"},{"@type":"ListItem","position":2,"name":"Produkter","item":"https:\/\/hubsch-interior.com\/da\/produkter\/"},{"@type":"ListItem","position":3,"name":"Boligtilbeh\u00f8r","item":"https:\/\/hubsch-interior.com\/da\/vare-kategori\/boligtilbehor\/"},{"@type":"ListItem","position":4,"name":"Lysestager &amp; Lanterner","item":"https:\/\/hubsch-interior.com\/da\/vare-kategori\/boligtilbehor\/lysestager-lanterner-da\/"},{"@type":"ListItem","position":5,"name":"Lysestager","item":"https:\/\/hubsch-interior.com\/da\/vare-kategori\/boligtilbehor\/lysestager-lanterner-da\/lysestager-da\/"},{"@type":"ListItem","position":6,"name":"Crayon Lysestager \u00a0Flerfarvet (s\u00e6t af 4)"}]},{"@type":"WebSite","@id":"https:\/\/hubsch-interior.com\/da\/#website","url":"https:\/\/hubsch-interior.com\/da\/","name":"H\u00fcbsch","description":"Danish Home Interior and Design","publisher":{"@id":"https:\/\/hubsch-interior.com\/da\/#organization"},"potentialAction":[{"@type":"SearchAction","target":{"@type":"EntryPoint","urlTemplate":"https:\/\/hubsch-interior.com\/da\/?s={search_term_string}"},"query-input":{"@type":"PropertyValueSpecification","valueRequired":true,"valueName":"search_term_string"}}],"inLanguage":"da-DK"},{"@type":"Organization","@id":"https:\/\/hubsch-interior.com\/da\/#organization","name":"H\u00fcbsch","url":"https:\/\/hubsch-interior.com\/da\/","logo":{"@type":"ImageObject","inLanguage":"da-DK","@id":"https:\/\/hubsch-interior.com\/da\/#\/schema\/logo\/image\/","url":"https:\/\/hubsch-interior.com\/wp-content\/uploads\/2022\/12\/Hubsch_logo_black_one_line.svg","contentUrl":"https:\/\/hubsch-interior.com\/wp-content\/uploads\/2022\/12\/Hubsch_logo_black_one_line.svg","caption":"H\u00fcbsch"},"image":{"@id":"https:\/\/hubsch-interior.com\/da\/#\/schema\/logo\/image\/"}}]}},"_links":{"self":[{"href":"https:\/\/hubsch-interior.com\/da\/wp-json\/wp\/v2\/product\/398323","targetHints":{"allow":["GET"]}}],"collection":[{"href":"https:\/\/hubsch-interior.com\/da\/wp-json\/wp\/v2\/product"}],"about":[{"href":"https:\/\/hubsch-interior.com\/da\/wp-json\/wp\/v2\/types\/product"}],"wp:featuredmedia":[{"embeddable":true,"href":"https:\/\/hubsch-interior.com\/da\/wp-json\/wp\/v2\/media\/1092595"}],"wp:attachment":[{"href":"https:\/\/hubsch-interior.com\/da\/wp-json\/wp\/v2\/media?parent=398323"}],"wp:term":[{"taxonomy":"product_brand","embeddable":true,"href":"https:\/\/hubsch-interior.com\/da\/wp-json\/wp\/v2\/product_brand?post=398323"},{"taxonomy":"product_cat","embeddable":true,"href":"https:\/\/hubsch-interior.com\/da\/wp-json\/wp\/v2\/product_cat?post=398323"},{"taxonomy":"product_tag","embeddable":true,"href":"https:\/\/hubsch-interior.com\/da\/wp-json\/wp\/v2\/product_tag?post=398323"}],"curies":[{"name":"wp","href":"https:\/\/api.w.org\/{rel}","templated":true}]}}