{"id":39833,"date":"2020-12-15T09:50:26","date_gmt":"2020-12-15T08:50:26","guid":{"rendered":"https:\/\/hubsch-interior.com\/product\/product-21\/"},"modified":"2026-04-21T04:48:15","modified_gmt":"2026-04-21T02:48:15","slug":"herringbone-klaedeskab-large-natur","status":"publish","type":"product","link":"https:\/\/hubsch-interior.com\/da\/vare\/herringbone-klaedeskab-large-natur\/","title":{"rendered":"Herringbone Kl\u00e6deskab Large Natur"},"content":{"rendered":"<p>Herringbone Kl\u00e6deskab Large Natur er et smukt og stilrent skab, der er fremstillet af FSC-certificeret b\u00f8g og egefiner. Det har en klassisk herringbone m\u00f8nstret overflade og en massiv tr\u00e6ramme, der giver det et elegant og st\u00e6rkt udseende. Det har to skyded\u00f8re, som g\u00f8r det \u00e5bning og lukning meget let. Det er designet, s\u00e5 det har en stor kapacitet og et rummeligt interi\u00f8r, som g\u00f8r det nemt at organisere dine t\u00f8j og sko. Det er det perfekte valg til at give dit sovev\u00e6relse et stilfuldt og moderne pr\u00e6g.<\/p>\n","protected":false},"excerpt":{"rendered":"<p>Herringbone Kl\u00e6deskab Large Natur er et smukt og stilrent skab, der er fremstillet af FSC-certificeret b\u00f8g og egefiner. Det har en klassisk herringbone m\u00f8nstret overflade og en massiv tr\u00e6ramme, der giver det et elegant og st\u00e6rkt udseende. Det har to skyded\u00f8re, som g\u00f8r det \u00e5bning og lukning meget let. Det er designet, s\u00e5 det har [&hellip;]<\/p>\n","protected":false},"featured_media":1116920,"template":"","meta":{"_acf_changed":false,"inline_featured_image":false},"product_brand":[],"product_cat":[5025,6484,4031],"product_tag":[],"class_list":{"0":"post-39833","1":"product","2":"type-product","3":"status-publish","4":"has-post-thumbnail","6":"product_cat-bestsellers-da","7":"product_cat-garderobe-da","8":"product_cat-garderobe-stativer-da","9":"product_shipping_class-p10","11":"pa_color-natur-2","12":"pa_material-egetr","13":"pa_material-egetrsfiner","14":"pa_material-mdf-da","16":"first","17":"outofstock","18":"featured","19":"taxable","20":"shipping-taxable","21":"purchasable","22":"product-type-simple"},"exclude_global_add_ons":[],"addons":[],"acf":[],"yoast_head":"<!-- This site is optimized with the Yoast SEO plugin v26.4 - https:\/\/yoast.com\/wordpress\/plugins\/seo\/ -->\n<title>Herringbone Kl\u00e6deskab Large Natur - H\u00fcbsch<\/title>\n<meta name=\"description\" content=\"Herringbone Kl\u00e6deskab Large Natur er et smukt og stilrent skab, der er fremstillet af FSC-certificeret b\u00f8g og egefiner. Det har en klassisk herringbone\" \/>\n<meta name=\"robots\" content=\"index, follow, max-snippet:-1, max-image-preview:large, max-video-preview:-1\" \/>\n<link rel=\"canonical\" href=\"https:\/\/hubsch-interior.com\/da\/wp-json\/wp\/v2\/product\/39833\" \/>\n<meta property=\"og:locale\" content=\"da_DK\" \/>\n<meta property=\"og:type\" content=\"article\" \/>\n<meta property=\"og:title\" content=\"Herringbone Kl\u00e6deskab Large Natur - H\u00fcbsch\" \/>\n<meta property=\"og:description\" content=\"Herringbone Kl\u00e6deskab Large Natur er et smukt og stilrent skab, der er fremstillet af FSC-certificeret b\u00f8g og egefiner. Det har en klassisk herringbone\" \/>\n<meta property=\"og:url\" content=\"https:\/\/hubsch-interior.com\/da\/vare\/herringbone-klaedeskab-large-natur\/\" \/>\n<meta property=\"og:site_name\" content=\"H\u00fcbsch\" \/>\n<meta property=\"article:modified_time\" content=\"2026-04-21T02:48:15+00:00\" \/>\n<meta property=\"og:image\" content=\"https:\/\/hubsch-interior.com\/wp-content\/uploads\/2023\/08\/herringbone-wardrobe-large-natural-4168f094e633e07fcda8d8f02422ea42.jpg\" \/>\n\t<meta property=\"og:image:width\" content=\"1200\" \/>\n\t<meta property=\"og:image:height\" content=\"1200\" \/>\n\t<meta property=\"og:image:type\" content=\"image\/jpeg\" \/>\n<meta name=\"twitter:card\" content=\"summary_large_image\" \/>\n<script type=\"application\/ld+json\" class=\"yoast-schema-graph\">{\"@context\":\"https:\/\/schema.org\",\"@graph\":[{\"@type\":\"WebPage\",\"@id\":\"https:\/\/hubsch-interior.com\/da\/vare\/herringbone-klaedeskab-large-natur\/\",\"url\":\"https:\/\/hubsch-interior.com\/da\/vare\/herringbone-klaedeskab-large-natur\/\",\"name\":\"Herringbone Kl\u00e6deskab Large Natur - H\u00fcbsch\",\"isPartOf\":{\"@id\":\"https:\/\/hubsch-interior.com\/da\/#website\"},\"primaryImageOfPage\":{\"@id\":\"https:\/\/hubsch-interior.com\/da\/vare\/herringbone-klaedeskab-large-natur\/#primaryimage\"},\"image\":{\"@id\":\"https:\/\/hubsch-interior.com\/da\/vare\/herringbone-klaedeskab-large-natur\/#primaryimage\"},\"thumbnailUrl\":\"https:\/\/hubsch-interior.com\/wp-content\/uploads\/2026\/04\/herringbone-wardrobe-large-natural-b9f474cfe02cd5a9f5c802ddc2dffe46.jpg\",\"datePublished\":\"2020-12-15T08:50:26+00:00\",\"dateModified\":\"2026-04-21T02:48:15+00:00\",\"description\":\"Herringbone Kl\u00e6deskab Large Natur er et smukt og stilrent skab, der er fremstillet af FSC-certificeret b\u00f8g og egefiner. Det har en klassisk herringbone\",\"breadcrumb\":{\"@id\":\"https:\/\/hubsch-interior.com\/da\/vare\/herringbone-klaedeskab-large-natur\/#breadcrumb\"},\"inLanguage\":\"da-DK\",\"potentialAction\":[{\"@type\":\"ReadAction\",\"target\":[\"https:\/\/hubsch-interior.com\/da\/vare\/herringbone-klaedeskab-large-natur\/\"]}]},{\"@type\":\"ImageObject\",\"inLanguage\":\"da-DK\",\"@id\":\"https:\/\/hubsch-interior.com\/da\/vare\/herringbone-klaedeskab-large-natur\/#primaryimage\",\"url\":\"https:\/\/hubsch-interior.com\/wp-content\/uploads\/2026\/04\/herringbone-wardrobe-large-natural-b9f474cfe02cd5a9f5c802ddc2dffe46.jpg\",\"contentUrl\":\"https:\/\/hubsch-interior.com\/wp-content\/uploads\/2026\/04\/herringbone-wardrobe-large-natural-b9f474cfe02cd5a9f5c802ddc2dffe46.jpg\",\"width\":1024,\"height\":1024},{\"@type\":\"BreadcrumbList\",\"@id\":\"https:\/\/hubsch-interior.com\/da\/vare\/herringbone-klaedeskab-large-natur\/#breadcrumb\",\"itemListElement\":[{\"@type\":\"ListItem\",\"position\":1,\"name\":\"Forside\",\"item\":\"https:\/\/hubsch-interior.com\/da\/\"},{\"@type\":\"ListItem\",\"position\":2,\"name\":\"Produkter\",\"item\":\"https:\/\/hubsch-interior.com\/da\/produkter\/\"},{\"@type\":\"ListItem\",\"position\":3,\"name\":\"M\u00f8bler\",\"item\":\"https:\/\/hubsch-interior.com\/da\/vare-kategori\/mobler\/\"},{\"@type\":\"ListItem\",\"position\":4,\"name\":\"Garderobe &amp; stativer\",\"item\":\"https:\/\/hubsch-interior.com\/da\/vare-kategori\/mobler\/garderobe-stativer-da\/\"},{\"@type\":\"ListItem\",\"position\":5,\"name\":\"Garderobe\",\"item\":\"https:\/\/hubsch-interior.com\/da\/vare-kategori\/mobler\/garderobe-stativer-da\/garderobe-da\/\"},{\"@type\":\"ListItem\",\"position\":6,\"name\":\"Herringbone Kl\u00e6deskab Large Natur\"}]},{\"@type\":\"WebSite\",\"@id\":\"https:\/\/hubsch-interior.com\/da\/#website\",\"url\":\"https:\/\/hubsch-interior.com\/da\/\",\"name\":\"H\u00fcbsch\",\"description\":\"Danish Home Interior and Design\",\"publisher\":{\"@id\":\"https:\/\/hubsch-interior.com\/da\/#organization\"},\"potentialAction\":[{\"@type\":\"SearchAction\",\"target\":{\"@type\":\"EntryPoint\",\"urlTemplate\":\"https:\/\/hubsch-interior.com\/da\/?s={search_term_string}\"},\"query-input\":{\"@type\":\"PropertyValueSpecification\",\"valueRequired\":true,\"valueName\":\"search_term_string\"}}],\"inLanguage\":\"da-DK\"},{\"@type\":\"Organization\",\"@id\":\"https:\/\/hubsch-interior.com\/da\/#organization\",\"name\":\"H\u00fcbsch\",\"url\":\"https:\/\/hubsch-interior.com\/da\/\",\"logo\":{\"@type\":\"ImageObject\",\"inLanguage\":\"da-DK\",\"@id\":\"https:\/\/hubsch-interior.com\/da\/#\/schema\/logo\/image\/\",\"url\":\"https:\/\/hubsch-interior.com\/wp-content\/uploads\/2022\/12\/Hubsch_logo_black_one_line.svg\",\"contentUrl\":\"https:\/\/hubsch-interior.com\/wp-content\/uploads\/2022\/12\/Hubsch_logo_black_one_line.svg\",\"caption\":\"H\u00fcbsch\"},\"image\":{\"@id\":\"https:\/\/hubsch-interior.com\/da\/#\/schema\/logo\/image\/\"}}]}<\/script>\n<!-- \/ Yoast SEO plugin. -->","yoast_head_json":{"title":"Herringbone Kl\u00e6deskab Large Natur - H\u00fcbsch","description":"Herringbone Kl\u00e6deskab Large Natur er et smukt og stilrent skab, der er fremstillet af FSC-certificeret b\u00f8g og egefiner. Det har en klassisk herringbone","robots":{"index":"index","follow":"follow","max-snippet":"max-snippet:-1","max-image-preview":"max-image-preview:large","max-video-preview":"max-video-preview:-1"},"canonical":"https:\/\/hubsch-interior.com\/da\/wp-json\/wp\/v2\/product\/39833","og_locale":"da_DK","og_type":"article","og_title":"Herringbone Kl\u00e6deskab Large Natur - H\u00fcbsch","og_description":"Herringbone Kl\u00e6deskab Large Natur er et smukt og stilrent skab, der er fremstillet af FSC-certificeret b\u00f8g og egefiner. Det har en klassisk herringbone","og_url":"https:\/\/hubsch-interior.com\/da\/vare\/herringbone-klaedeskab-large-natur\/","og_site_name":"H\u00fcbsch","article_modified_time":"2026-04-21T02:48:15+00:00","og_image":[{"width":1200,"height":1200,"url":"https:\/\/hubsch-interior.com\/wp-content\/uploads\/2023\/08\/herringbone-wardrobe-large-natural-4168f094e633e07fcda8d8f02422ea42.jpg","type":"image\/jpeg"}],"twitter_card":"summary_large_image","schema":{"@context":"https:\/\/schema.org","@graph":[{"@type":"WebPage","@id":"https:\/\/hubsch-interior.com\/da\/vare\/herringbone-klaedeskab-large-natur\/","url":"https:\/\/hubsch-interior.com\/da\/vare\/herringbone-klaedeskab-large-natur\/","name":"Herringbone Kl\u00e6deskab Large Natur - H\u00fcbsch","isPartOf":{"@id":"https:\/\/hubsch-interior.com\/da\/#website"},"primaryImageOfPage":{"@id":"https:\/\/hubsch-interior.com\/da\/vare\/herringbone-klaedeskab-large-natur\/#primaryimage"},"image":{"@id":"https:\/\/hubsch-interior.com\/da\/vare\/herringbone-klaedeskab-large-natur\/#primaryimage"},"thumbnailUrl":"https:\/\/hubsch-interior.com\/wp-content\/uploads\/2026\/04\/herringbone-wardrobe-large-natural-b9f474cfe02cd5a9f5c802ddc2dffe46.jpg","datePublished":"2020-12-15T08:50:26+00:00","dateModified":"2026-04-21T02:48:15+00:00","description":"Herringbone Kl\u00e6deskab Large Natur er et smukt og stilrent skab, der er fremstillet af FSC-certificeret b\u00f8g og egefiner. Det har en klassisk herringbone","breadcrumb":{"@id":"https:\/\/hubsch-interior.com\/da\/vare\/herringbone-klaedeskab-large-natur\/#breadcrumb"},"inLanguage":"da-DK","potentialAction":[{"@type":"ReadAction","target":["https:\/\/hubsch-interior.com\/da\/vare\/herringbone-klaedeskab-large-natur\/"]}]},{"@type":"ImageObject","inLanguage":"da-DK","@id":"https:\/\/hubsch-interior.com\/da\/vare\/herringbone-klaedeskab-large-natur\/#primaryimage","url":"https:\/\/hubsch-interior.com\/wp-content\/uploads\/2026\/04\/herringbone-wardrobe-large-natural-b9f474cfe02cd5a9f5c802ddc2dffe46.jpg","contentUrl":"https:\/\/hubsch-interior.com\/wp-content\/uploads\/2026\/04\/herringbone-wardrobe-large-natural-b9f474cfe02cd5a9f5c802ddc2dffe46.jpg","width":1024,"height":1024},{"@type":"BreadcrumbList","@id":"https:\/\/hubsch-interior.com\/da\/vare\/herringbone-klaedeskab-large-natur\/#breadcrumb","itemListElement":[{"@type":"ListItem","position":1,"name":"Forside","item":"https:\/\/hubsch-interior.com\/da\/"},{"@type":"ListItem","position":2,"name":"Produkter","item":"https:\/\/hubsch-interior.com\/da\/produkter\/"},{"@type":"ListItem","position":3,"name":"M\u00f8bler","item":"https:\/\/hubsch-interior.com\/da\/vare-kategori\/mobler\/"},{"@type":"ListItem","position":4,"name":"Garderobe &amp; stativer","item":"https:\/\/hubsch-interior.com\/da\/vare-kategori\/mobler\/garderobe-stativer-da\/"},{"@type":"ListItem","position":5,"name":"Garderobe","item":"https:\/\/hubsch-interior.com\/da\/vare-kategori\/mobler\/garderobe-stativer-da\/garderobe-da\/"},{"@type":"ListItem","position":6,"name":"Herringbone Kl\u00e6deskab Large Natur"}]},{"@type":"WebSite","@id":"https:\/\/hubsch-interior.com\/da\/#website","url":"https:\/\/hubsch-interior.com\/da\/","name":"H\u00fcbsch","description":"Danish Home Interior and Design","publisher":{"@id":"https:\/\/hubsch-interior.com\/da\/#organization"},"potentialAction":[{"@type":"SearchAction","target":{"@type":"EntryPoint","urlTemplate":"https:\/\/hubsch-interior.com\/da\/?s={search_term_string}"},"query-input":{"@type":"PropertyValueSpecification","valueRequired":true,"valueName":"search_term_string"}}],"inLanguage":"da-DK"},{"@type":"Organization","@id":"https:\/\/hubsch-interior.com\/da\/#organization","name":"H\u00fcbsch","url":"https:\/\/hubsch-interior.com\/da\/","logo":{"@type":"ImageObject","inLanguage":"da-DK","@id":"https:\/\/hubsch-interior.com\/da\/#\/schema\/logo\/image\/","url":"https:\/\/hubsch-interior.com\/wp-content\/uploads\/2022\/12\/Hubsch_logo_black_one_line.svg","contentUrl":"https:\/\/hubsch-interior.com\/wp-content\/uploads\/2022\/12\/Hubsch_logo_black_one_line.svg","caption":"H\u00fcbsch"},"image":{"@id":"https:\/\/hubsch-interior.com\/da\/#\/schema\/logo\/image\/"}}]}},"_links":{"self":[{"href":"https:\/\/hubsch-interior.com\/da\/wp-json\/wp\/v2\/product\/39833","targetHints":{"allow":["GET"]}}],"collection":[{"href":"https:\/\/hubsch-interior.com\/da\/wp-json\/wp\/v2\/product"}],"about":[{"href":"https:\/\/hubsch-interior.com\/da\/wp-json\/wp\/v2\/types\/product"}],"wp:featuredmedia":[{"embeddable":true,"href":"https:\/\/hubsch-interior.com\/da\/wp-json\/wp\/v2\/media\/1116920"}],"wp:attachment":[{"href":"https:\/\/hubsch-interior.com\/da\/wp-json\/wp\/v2\/media?parent=39833"}],"wp:term":[{"taxonomy":"product_brand","embeddable":true,"href":"https:\/\/hubsch-interior.com\/da\/wp-json\/wp\/v2\/product_brand?post=39833"},{"taxonomy":"product_cat","embeddable":true,"href":"https:\/\/hubsch-interior.com\/da\/wp-json\/wp\/v2\/product_cat?post=39833"},{"taxonomy":"product_tag","embeddable":true,"href":"https:\/\/hubsch-interior.com\/da\/wp-json\/wp\/v2\/product_tag?post=39833"}],"curies":[{"name":"wp","href":"https:\/\/api.w.org\/{rel}","templated":true}]}}