{"id":398331,"date":"2021-06-13T22:33:36","date_gmt":"2021-06-13T20:33:36","guid":{"rendered":"https:\/\/hubsch-interior.com\/shop-b2c\/product\/product\/"},"modified":"2026-04-05T04:16:36","modified_gmt":"2026-04-05T02:16:36","slug":"eyrie-loungestol-brun","status":"publish","type":"product","link":"https:\/\/hubsch-interior.com\/da\/vare\/eyrie-loungestol-brun\/","title":{"rendered":"Eyrie Loungestol Brun"},"content":{"rendered":"<p>Med denne brune loungestol f\u00e5r betydningen &#8216;at h\u00e6nge ud&#8217; en helt ny betydning. Loungestolen er volumin\u00f8s, rummelig og alligevel minimalistisk. Og s\u00e5 har den en helt fantastisk farvekombination af brunt polster og en lysegul st\u00e5lramme. Den er ogs\u00e5 behagelig at sidde i. Du f\u00e5r i hvert fald rigelig med plads i denne l\u00e6nestol. Det brede s\u00e6de g\u00f8r nemlig, at du har fri bev\u00e6gelighed, n\u00e5r du h\u00e6nger ud og lounger i denne stol.<\/p>\n","protected":false},"excerpt":{"rendered":"<p>Med denne brune loungestol f\u00e5r betydningen &#8216;at h\u00e6nge ud&#8217; en helt ny betydning. Loungestolen er volumin\u00f8s, rummelig og alligevel minimalistisk. Og s\u00e5 har den en helt fantastisk farvekombination af brunt polster og en lysegul st\u00e5lramme. Den er ogs\u00e5 behagelig at sidde i. Du f\u00e5r i hvert fald rigelig med plads i denne l\u00e6nestol. Det brede [&hellip;]<\/p>\n","protected":false},"featured_media":1092646,"template":"","meta":{"_acf_changed":false,"inline_featured_image":false},"product_brand":[],"product_cat":[2841,3022],"product_tag":[],"class_list":{"0":"post-398331","1":"product","2":"type-product","3":"status-publish","4":"has-post-thumbnail","6":"product_cat-siddemoebler-da","7":"product_cat-laenestole-da","8":"product_shipping_class-p10","10":"pa_color-brun","11":"pa_material-polyester-100-da","12":"pa_material-stl","14":"first","15":"instock","16":"taxable","17":"shipping-taxable","18":"purchasable","19":"product-type-simple"},"exclude_global_add_ons":[],"addons":[],"acf":[],"yoast_head":"<!-- This site is optimized with the Yoast SEO plugin v26.4 - https:\/\/yoast.com\/wordpress\/plugins\/seo\/ -->\n<title>Eyrie Loungestol Brun - H\u00fcbsch<\/title>\n<meta name=\"description\" content=\"Med denne brune loungestol f\u00e5r betydningen &#039;at h\u00e6nge ud&#039; en helt ny betydning. Loungestolen er volumin\u00f8s, rummelig og alligevel minimalistisk. Og s\u00e5 har\" \/>\n<meta name=\"robots\" content=\"index, follow, max-snippet:-1, max-image-preview:large, max-video-preview:-1\" \/>\n<link rel=\"canonical\" href=\"https:\/\/hubsch-interior.com\/da\/wp-json\/wp\/v2\/product\/398331\" \/>\n<meta property=\"og:locale\" content=\"da_DK\" \/>\n<meta property=\"og:type\" content=\"article\" \/>\n<meta property=\"og:title\" content=\"Eyrie Loungestol Brun - H\u00fcbsch\" \/>\n<meta property=\"og:description\" content=\"Med denne brune loungestol f\u00e5r betydningen &#039;at h\u00e6nge ud&#039; en helt ny betydning. Loungestolen er volumin\u00f8s, rummelig og alligevel minimalistisk. Og s\u00e5 har\" \/>\n<meta property=\"og:url\" content=\"https:\/\/hubsch-interior.com\/da\/vare\/eyrie-loungestol-brun\/\" \/>\n<meta property=\"og:site_name\" content=\"H\u00fcbsch\" \/>\n<meta property=\"article:modified_time\" content=\"2026-04-05T02:16:36+00:00\" \/>\n<meta property=\"og:image\" content=\"https:\/\/hubsch-interior.com\/wp-content\/uploads\/2023\/11\/eyrie-lounge-chair-brown-1e407eb96a5f23e9fbe4def2ec730863.jpg\" \/>\n\t<meta property=\"og:image:width\" content=\"1200\" \/>\n\t<meta property=\"og:image:height\" content=\"1200\" \/>\n\t<meta property=\"og:image:type\" content=\"image\/jpeg\" \/>\n<meta name=\"twitter:card\" content=\"summary_large_image\" \/>\n<script type=\"application\/ld+json\" class=\"yoast-schema-graph\">{\"@context\":\"https:\/\/schema.org\",\"@graph\":[{\"@type\":\"WebPage\",\"@id\":\"https:\/\/hubsch-interior.com\/da\/vare\/eyrie-loungestol-brun\/\",\"url\":\"https:\/\/hubsch-interior.com\/da\/vare\/eyrie-loungestol-brun\/\",\"name\":\"Eyrie Loungestol Brun - H\u00fcbsch\",\"isPartOf\":{\"@id\":\"https:\/\/hubsch-interior.com\/da\/#website\"},\"primaryImageOfPage\":{\"@id\":\"https:\/\/hubsch-interior.com\/da\/vare\/eyrie-loungestol-brun\/#primaryimage\"},\"image\":{\"@id\":\"https:\/\/hubsch-interior.com\/da\/vare\/eyrie-loungestol-brun\/#primaryimage\"},\"thumbnailUrl\":\"https:\/\/hubsch-interior.com\/wp-content\/uploads\/2026\/02\/eyrie-lounge-chair-brown-fab05b61336f04d35cb89ebf00e8d12e.jpg\",\"datePublished\":\"2021-06-13T20:33:36+00:00\",\"dateModified\":\"2026-04-05T02:16:36+00:00\",\"description\":\"Med denne brune loungestol f\u00e5r betydningen 'at h\u00e6nge ud' en helt ny betydning. Loungestolen er volumin\u00f8s, rummelig og alligevel minimalistisk. Og s\u00e5 har\",\"breadcrumb\":{\"@id\":\"https:\/\/hubsch-interior.com\/da\/vare\/eyrie-loungestol-brun\/#breadcrumb\"},\"inLanguage\":\"da-DK\",\"potentialAction\":[{\"@type\":\"ReadAction\",\"target\":[\"https:\/\/hubsch-interior.com\/da\/vare\/eyrie-loungestol-brun\/\"]}]},{\"@type\":\"ImageObject\",\"inLanguage\":\"da-DK\",\"@id\":\"https:\/\/hubsch-interior.com\/da\/vare\/eyrie-loungestol-brun\/#primaryimage\",\"url\":\"https:\/\/hubsch-interior.com\/wp-content\/uploads\/2026\/02\/eyrie-lounge-chair-brown-fab05b61336f04d35cb89ebf00e8d12e.jpg\",\"contentUrl\":\"https:\/\/hubsch-interior.com\/wp-content\/uploads\/2026\/02\/eyrie-lounge-chair-brown-fab05b61336f04d35cb89ebf00e8d12e.jpg\",\"width\":1024,\"height\":1024},{\"@type\":\"BreadcrumbList\",\"@id\":\"https:\/\/hubsch-interior.com\/da\/vare\/eyrie-loungestol-brun\/#breadcrumb\",\"itemListElement\":[{\"@type\":\"ListItem\",\"position\":1,\"name\":\"Forside\",\"item\":\"https:\/\/hubsch-interior.com\/da\/\"},{\"@type\":\"ListItem\",\"position\":2,\"name\":\"Produkter\",\"item\":\"https:\/\/hubsch-interior.com\/da\/produkter\/\"},{\"@type\":\"ListItem\",\"position\":3,\"name\":\"M\u00f8bler\",\"item\":\"https:\/\/hubsch-interior.com\/da\/vare-kategori\/mobler\/\"},{\"@type\":\"ListItem\",\"position\":4,\"name\":\"Siddem&oslash;bler\",\"item\":\"https:\/\/hubsch-interior.com\/da\/vare-kategori\/mobler\/siddemoebler-da\/\"},{\"@type\":\"ListItem\",\"position\":5,\"name\":\"L&aelig;nestole\",\"item\":\"https:\/\/hubsch-interior.com\/da\/vare-kategori\/mobler\/siddemoebler-da\/laenestole-da\/\"},{\"@type\":\"ListItem\",\"position\":6,\"name\":\"Eyrie Loungestol Brun\"}]},{\"@type\":\"WebSite\",\"@id\":\"https:\/\/hubsch-interior.com\/da\/#website\",\"url\":\"https:\/\/hubsch-interior.com\/da\/\",\"name\":\"H\u00fcbsch\",\"description\":\"Danish Home Interior and Design\",\"publisher\":{\"@id\":\"https:\/\/hubsch-interior.com\/da\/#organization\"},\"potentialAction\":[{\"@type\":\"SearchAction\",\"target\":{\"@type\":\"EntryPoint\",\"urlTemplate\":\"https:\/\/hubsch-interior.com\/da\/?s={search_term_string}\"},\"query-input\":{\"@type\":\"PropertyValueSpecification\",\"valueRequired\":true,\"valueName\":\"search_term_string\"}}],\"inLanguage\":\"da-DK\"},{\"@type\":\"Organization\",\"@id\":\"https:\/\/hubsch-interior.com\/da\/#organization\",\"name\":\"H\u00fcbsch\",\"url\":\"https:\/\/hubsch-interior.com\/da\/\",\"logo\":{\"@type\":\"ImageObject\",\"inLanguage\":\"da-DK\",\"@id\":\"https:\/\/hubsch-interior.com\/da\/#\/schema\/logo\/image\/\",\"url\":\"https:\/\/hubsch-interior.com\/wp-content\/uploads\/2022\/12\/Hubsch_logo_black_one_line.svg\",\"contentUrl\":\"https:\/\/hubsch-interior.com\/wp-content\/uploads\/2022\/12\/Hubsch_logo_black_one_line.svg\",\"caption\":\"H\u00fcbsch\"},\"image\":{\"@id\":\"https:\/\/hubsch-interior.com\/da\/#\/schema\/logo\/image\/\"}}]}<\/script>\n<!-- \/ Yoast SEO plugin. -->","yoast_head_json":{"title":"Eyrie Loungestol Brun - H\u00fcbsch","description":"Med denne brune loungestol f\u00e5r betydningen 'at h\u00e6nge ud' en helt ny betydning. Loungestolen er volumin\u00f8s, rummelig og alligevel minimalistisk. Og s\u00e5 har","robots":{"index":"index","follow":"follow","max-snippet":"max-snippet:-1","max-image-preview":"max-image-preview:large","max-video-preview":"max-video-preview:-1"},"canonical":"https:\/\/hubsch-interior.com\/da\/wp-json\/wp\/v2\/product\/398331","og_locale":"da_DK","og_type":"article","og_title":"Eyrie Loungestol Brun - H\u00fcbsch","og_description":"Med denne brune loungestol f\u00e5r betydningen 'at h\u00e6nge ud' en helt ny betydning. Loungestolen er volumin\u00f8s, rummelig og alligevel minimalistisk. Og s\u00e5 har","og_url":"https:\/\/hubsch-interior.com\/da\/vare\/eyrie-loungestol-brun\/","og_site_name":"H\u00fcbsch","article_modified_time":"2026-04-05T02:16:36+00:00","og_image":[{"width":1200,"height":1200,"url":"https:\/\/hubsch-interior.com\/wp-content\/uploads\/2023\/11\/eyrie-lounge-chair-brown-1e407eb96a5f23e9fbe4def2ec730863.jpg","type":"image\/jpeg"}],"twitter_card":"summary_large_image","schema":{"@context":"https:\/\/schema.org","@graph":[{"@type":"WebPage","@id":"https:\/\/hubsch-interior.com\/da\/vare\/eyrie-loungestol-brun\/","url":"https:\/\/hubsch-interior.com\/da\/vare\/eyrie-loungestol-brun\/","name":"Eyrie Loungestol Brun - H\u00fcbsch","isPartOf":{"@id":"https:\/\/hubsch-interior.com\/da\/#website"},"primaryImageOfPage":{"@id":"https:\/\/hubsch-interior.com\/da\/vare\/eyrie-loungestol-brun\/#primaryimage"},"image":{"@id":"https:\/\/hubsch-interior.com\/da\/vare\/eyrie-loungestol-brun\/#primaryimage"},"thumbnailUrl":"https:\/\/hubsch-interior.com\/wp-content\/uploads\/2026\/02\/eyrie-lounge-chair-brown-fab05b61336f04d35cb89ebf00e8d12e.jpg","datePublished":"2021-06-13T20:33:36+00:00","dateModified":"2026-04-05T02:16:36+00:00","description":"Med denne brune loungestol f\u00e5r betydningen 'at h\u00e6nge ud' en helt ny betydning. Loungestolen er volumin\u00f8s, rummelig og alligevel minimalistisk. Og s\u00e5 har","breadcrumb":{"@id":"https:\/\/hubsch-interior.com\/da\/vare\/eyrie-loungestol-brun\/#breadcrumb"},"inLanguage":"da-DK","potentialAction":[{"@type":"ReadAction","target":["https:\/\/hubsch-interior.com\/da\/vare\/eyrie-loungestol-brun\/"]}]},{"@type":"ImageObject","inLanguage":"da-DK","@id":"https:\/\/hubsch-interior.com\/da\/vare\/eyrie-loungestol-brun\/#primaryimage","url":"https:\/\/hubsch-interior.com\/wp-content\/uploads\/2026\/02\/eyrie-lounge-chair-brown-fab05b61336f04d35cb89ebf00e8d12e.jpg","contentUrl":"https:\/\/hubsch-interior.com\/wp-content\/uploads\/2026\/02\/eyrie-lounge-chair-brown-fab05b61336f04d35cb89ebf00e8d12e.jpg","width":1024,"height":1024},{"@type":"BreadcrumbList","@id":"https:\/\/hubsch-interior.com\/da\/vare\/eyrie-loungestol-brun\/#breadcrumb","itemListElement":[{"@type":"ListItem","position":1,"name":"Forside","item":"https:\/\/hubsch-interior.com\/da\/"},{"@type":"ListItem","position":2,"name":"Produkter","item":"https:\/\/hubsch-interior.com\/da\/produkter\/"},{"@type":"ListItem","position":3,"name":"M\u00f8bler","item":"https:\/\/hubsch-interior.com\/da\/vare-kategori\/mobler\/"},{"@type":"ListItem","position":4,"name":"Siddem&oslash;bler","item":"https:\/\/hubsch-interior.com\/da\/vare-kategori\/mobler\/siddemoebler-da\/"},{"@type":"ListItem","position":5,"name":"L&aelig;nestole","item":"https:\/\/hubsch-interior.com\/da\/vare-kategori\/mobler\/siddemoebler-da\/laenestole-da\/"},{"@type":"ListItem","position":6,"name":"Eyrie Loungestol Brun"}]},{"@type":"WebSite","@id":"https:\/\/hubsch-interior.com\/da\/#website","url":"https:\/\/hubsch-interior.com\/da\/","name":"H\u00fcbsch","description":"Danish Home Interior and Design","publisher":{"@id":"https:\/\/hubsch-interior.com\/da\/#organization"},"potentialAction":[{"@type":"SearchAction","target":{"@type":"EntryPoint","urlTemplate":"https:\/\/hubsch-interior.com\/da\/?s={search_term_string}"},"query-input":{"@type":"PropertyValueSpecification","valueRequired":true,"valueName":"search_term_string"}}],"inLanguage":"da-DK"},{"@type":"Organization","@id":"https:\/\/hubsch-interior.com\/da\/#organization","name":"H\u00fcbsch","url":"https:\/\/hubsch-interior.com\/da\/","logo":{"@type":"ImageObject","inLanguage":"da-DK","@id":"https:\/\/hubsch-interior.com\/da\/#\/schema\/logo\/image\/","url":"https:\/\/hubsch-interior.com\/wp-content\/uploads\/2022\/12\/Hubsch_logo_black_one_line.svg","contentUrl":"https:\/\/hubsch-interior.com\/wp-content\/uploads\/2022\/12\/Hubsch_logo_black_one_line.svg","caption":"H\u00fcbsch"},"image":{"@id":"https:\/\/hubsch-interior.com\/da\/#\/schema\/logo\/image\/"}}]}},"_links":{"self":[{"href":"https:\/\/hubsch-interior.com\/da\/wp-json\/wp\/v2\/product\/398331","targetHints":{"allow":["GET"]}}],"collection":[{"href":"https:\/\/hubsch-interior.com\/da\/wp-json\/wp\/v2\/product"}],"about":[{"href":"https:\/\/hubsch-interior.com\/da\/wp-json\/wp\/v2\/types\/product"}],"wp:featuredmedia":[{"embeddable":true,"href":"https:\/\/hubsch-interior.com\/da\/wp-json\/wp\/v2\/media\/1092646"}],"wp:attachment":[{"href":"https:\/\/hubsch-interior.com\/da\/wp-json\/wp\/v2\/media?parent=398331"}],"wp:term":[{"taxonomy":"product_brand","embeddable":true,"href":"https:\/\/hubsch-interior.com\/da\/wp-json\/wp\/v2\/product_brand?post=398331"},{"taxonomy":"product_cat","embeddable":true,"href":"https:\/\/hubsch-interior.com\/da\/wp-json\/wp\/v2\/product_cat?post=398331"},{"taxonomy":"product_tag","embeddable":true,"href":"https:\/\/hubsch-interior.com\/da\/wp-json\/wp\/v2\/product_tag?post=398331"}],"curies":[{"name":"wp","href":"https:\/\/api.w.org\/{rel}","templated":true}]}}