{"id":398383,"date":"2021-06-13T22:34:59","date_gmt":"2021-06-13T20:34:59","guid":{"rendered":"https:\/\/hubsch-interior.com\/shop-b2c\/product\/product\/"},"modified":"2026-04-09T04:22:27","modified_gmt":"2026-04-09T02:22:27","slug":"aki-sengetoj-80-220-bla-gul","status":"publish","type":"product","link":"https:\/\/hubsch-interior.com\/da\/vare\/aki-sengetoj-80-220-bla-gul\/","title":{"rendered":"Aki Senget\u00f8j 80\/220 Bl\u00e5\/Gul"},"content":{"rendered":"<p>Dette vendbare senges\u00e6t vil f\u00e5 dig til at sove som en sten. S\u00e6ttet best\u00e5r af to farver, som g\u00f8r, at du selv kan bestemme, hvordan din seng styles. Den ene side best\u00e5r af en cool bl\u00e5 farve og den anden side har en smuk gul. Det brune kantb\u00e5nd giver et ekstra pift til designet. Dette senges\u00e6t er lavet af 100% OEKO-TEX\u00ae STANDARD 100\u00ae bomuldspercale og kommer til at g\u00f8re det rigtig sv\u00e6rt for dig at komme ud af sengen om morgenen. Medmindre du har uds\u00f8gt kaffe p\u00e5 kanden. <\/p>\n<p>S\u00e6ttet best\u00e5r af et dynebetr\u00e6k og et pudebetr\u00e6k. Det lukkes med lynl\u00e5s, og kommer i fire forskellige st\u00f8rrelseskombinationer. <\/p>\n","protected":false},"excerpt":{"rendered":"<p>Dette vendbare senges\u00e6t vil f\u00e5 dig til at sove som en sten. S\u00e6ttet best\u00e5r af to farver, som g\u00f8r, at du selv kan bestemme, hvordan din seng styles. Den ene side best\u00e5r af en cool bl\u00e5 farve og den anden side har en smuk gul. Det brune kantb\u00e5nd giver et ekstra pift til designet. Dette [&hellip;]<\/p>\n","protected":false},"featured_media":1094907,"template":"","meta":{"_acf_changed":false,"inline_featured_image":false},"product_brand":[],"product_cat":[3969,3000],"product_tag":[],"class_list":{"0":"post-398383","1":"product","2":"type-product","3":"status-publish","4":"has-post-thumbnail","6":"product_cat-sengetoej-da","7":"product_cat-tekstiler","8":"product_shipping_class-pk","10":"pa_color-bl","11":"pa_color-gul","12":"pa_material-cotton-100-da","14":"first","15":"instock","16":"taxable","17":"shipping-taxable","18":"purchasable","19":"product-type-simple"},"exclude_global_add_ons":[],"addons":[],"acf":[],"yoast_head":"<!-- This site is optimized with the Yoast SEO plugin v26.4 - https:\/\/yoast.com\/wordpress\/plugins\/seo\/ -->\n<title>Aki Senget\u00f8j 80\/220 Bl\u00e5\/Gul - H\u00fcbsch<\/title>\n<meta name=\"description\" content=\"Dette vendbare senges\u00e6t vil f\u00e5 dig til at sove som en sten. S\u00e6ttet best\u00e5r af to farver, som g\u00f8r, at du selv kan bestemme, hvordan din seng styles. Den ene\" \/>\n<meta name=\"robots\" content=\"index, follow, max-snippet:-1, max-image-preview:large, max-video-preview:-1\" \/>\n<link rel=\"canonical\" href=\"https:\/\/hubsch-interior.com\/da\/wp-json\/wp\/v2\/product\/398383\" \/>\n<meta property=\"og:locale\" content=\"da_DK\" \/>\n<meta property=\"og:type\" content=\"article\" \/>\n<meta property=\"og:title\" content=\"Aki Senget\u00f8j 80\/220 Bl\u00e5\/Gul - H\u00fcbsch\" \/>\n<meta property=\"og:description\" content=\"Dette vendbare senges\u00e6t vil f\u00e5 dig til at sove som en sten. S\u00e6ttet best\u00e5r af to farver, som g\u00f8r, at du selv kan bestemme, hvordan din seng styles. Den ene\" \/>\n<meta property=\"og:url\" content=\"https:\/\/hubsch-interior.com\/da\/vare\/aki-sengetoj-80-220-bla-gul\/\" \/>\n<meta property=\"og:site_name\" content=\"H\u00fcbsch\" \/>\n<meta property=\"article:modified_time\" content=\"2026-04-09T02:22:27+00:00\" \/>\n<meta property=\"og:image\" content=\"https:\/\/hubsch-interior.com\/wp-content\/uploads\/2023\/08\/aki-bed-linen-80220-blueyellow-56dbb4d23e9af52bcdcff00c5ac34b20.jpg\" \/>\n\t<meta property=\"og:image:width\" content=\"1200\" \/>\n\t<meta property=\"og:image:height\" content=\"1200\" \/>\n\t<meta property=\"og:image:type\" content=\"image\/jpeg\" \/>\n<meta name=\"twitter:card\" content=\"summary_large_image\" \/>\n<meta name=\"twitter:label1\" content=\"Estimeret l\u00e6setid\" \/>\n\t<meta name=\"twitter:data1\" content=\"1 minut\" \/>\n<script type=\"application\/ld+json\" class=\"yoast-schema-graph\">{\"@context\":\"https:\/\/schema.org\",\"@graph\":[{\"@type\":\"WebPage\",\"@id\":\"https:\/\/hubsch-interior.com\/da\/vare\/aki-sengetoj-80-220-bla-gul\/\",\"url\":\"https:\/\/hubsch-interior.com\/da\/vare\/aki-sengetoj-80-220-bla-gul\/\",\"name\":\"Aki Senget\u00f8j 80\/220 Bl\u00e5\/Gul - H\u00fcbsch\",\"isPartOf\":{\"@id\":\"https:\/\/hubsch-interior.com\/da\/#website\"},\"primaryImageOfPage\":{\"@id\":\"https:\/\/hubsch-interior.com\/da\/vare\/aki-sengetoj-80-220-bla-gul\/#primaryimage\"},\"image\":{\"@id\":\"https:\/\/hubsch-interior.com\/da\/vare\/aki-sengetoj-80-220-bla-gul\/#primaryimage\"},\"thumbnailUrl\":\"https:\/\/hubsch-interior.com\/wp-content\/uploads\/2026\/02\/aki-bed-linen-80220-blueyellow-5a20b2f4a01ff8b1996bb707b637711b.jpg\",\"datePublished\":\"2021-06-13T20:34:59+00:00\",\"dateModified\":\"2026-04-09T02:22:27+00:00\",\"description\":\"Dette vendbare senges\u00e6t vil f\u00e5 dig til at sove som en sten. S\u00e6ttet best\u00e5r af to farver, som g\u00f8r, at du selv kan bestemme, hvordan din seng styles. Den ene\",\"breadcrumb\":{\"@id\":\"https:\/\/hubsch-interior.com\/da\/vare\/aki-sengetoj-80-220-bla-gul\/#breadcrumb\"},\"inLanguage\":\"da-DK\",\"potentialAction\":[{\"@type\":\"ReadAction\",\"target\":[\"https:\/\/hubsch-interior.com\/da\/vare\/aki-sengetoj-80-220-bla-gul\/\"]}]},{\"@type\":\"ImageObject\",\"inLanguage\":\"da-DK\",\"@id\":\"https:\/\/hubsch-interior.com\/da\/vare\/aki-sengetoj-80-220-bla-gul\/#primaryimage\",\"url\":\"https:\/\/hubsch-interior.com\/wp-content\/uploads\/2026\/02\/aki-bed-linen-80220-blueyellow-5a20b2f4a01ff8b1996bb707b637711b.jpg\",\"contentUrl\":\"https:\/\/hubsch-interior.com\/wp-content\/uploads\/2026\/02\/aki-bed-linen-80220-blueyellow-5a20b2f4a01ff8b1996bb707b637711b.jpg\",\"width\":1024,\"height\":1024},{\"@type\":\"BreadcrumbList\",\"@id\":\"https:\/\/hubsch-interior.com\/da\/vare\/aki-sengetoj-80-220-bla-gul\/#breadcrumb\",\"itemListElement\":[{\"@type\":\"ListItem\",\"position\":1,\"name\":\"Forside\",\"item\":\"https:\/\/hubsch-interior.com\/da\/\"},{\"@type\":\"ListItem\",\"position\":2,\"name\":\"Produkter\",\"item\":\"https:\/\/hubsch-interior.com\/da\/produkter\/\"},{\"@type\":\"ListItem\",\"position\":3,\"name\":\"Tekstiler\",\"item\":\"https:\/\/hubsch-interior.com\/da\/vare-kategori\/tekstiler\/\"},{\"@type\":\"ListItem\",\"position\":4,\"name\":\"Senget&oslash;j\",\"item\":\"https:\/\/hubsch-interior.com\/da\/vare-kategori\/tekstiler\/sengetoej-da\/\"},{\"@type\":\"ListItem\",\"position\":5,\"name\":\"Aki Senget\u00f8j 80\/220 Bl\u00e5\/Gul\"}]},{\"@type\":\"WebSite\",\"@id\":\"https:\/\/hubsch-interior.com\/da\/#website\",\"url\":\"https:\/\/hubsch-interior.com\/da\/\",\"name\":\"H\u00fcbsch\",\"description\":\"Danish Home Interior and Design\",\"publisher\":{\"@id\":\"https:\/\/hubsch-interior.com\/da\/#organization\"},\"potentialAction\":[{\"@type\":\"SearchAction\",\"target\":{\"@type\":\"EntryPoint\",\"urlTemplate\":\"https:\/\/hubsch-interior.com\/da\/?s={search_term_string}\"},\"query-input\":{\"@type\":\"PropertyValueSpecification\",\"valueRequired\":true,\"valueName\":\"search_term_string\"}}],\"inLanguage\":\"da-DK\"},{\"@type\":\"Organization\",\"@id\":\"https:\/\/hubsch-interior.com\/da\/#organization\",\"name\":\"H\u00fcbsch\",\"url\":\"https:\/\/hubsch-interior.com\/da\/\",\"logo\":{\"@type\":\"ImageObject\",\"inLanguage\":\"da-DK\",\"@id\":\"https:\/\/hubsch-interior.com\/da\/#\/schema\/logo\/image\/\",\"url\":\"https:\/\/hubsch-interior.com\/wp-content\/uploads\/2022\/12\/Hubsch_logo_black_one_line.svg\",\"contentUrl\":\"https:\/\/hubsch-interior.com\/wp-content\/uploads\/2022\/12\/Hubsch_logo_black_one_line.svg\",\"caption\":\"H\u00fcbsch\"},\"image\":{\"@id\":\"https:\/\/hubsch-interior.com\/da\/#\/schema\/logo\/image\/\"}}]}<\/script>\n<!-- \/ Yoast SEO plugin. -->","yoast_head_json":{"title":"Aki Senget\u00f8j 80\/220 Bl\u00e5\/Gul - H\u00fcbsch","description":"Dette vendbare senges\u00e6t vil f\u00e5 dig til at sove som en sten. S\u00e6ttet best\u00e5r af to farver, som g\u00f8r, at du selv kan bestemme, hvordan din seng styles. Den ene","robots":{"index":"index","follow":"follow","max-snippet":"max-snippet:-1","max-image-preview":"max-image-preview:large","max-video-preview":"max-video-preview:-1"},"canonical":"https:\/\/hubsch-interior.com\/da\/wp-json\/wp\/v2\/product\/398383","og_locale":"da_DK","og_type":"article","og_title":"Aki Senget\u00f8j 80\/220 Bl\u00e5\/Gul - H\u00fcbsch","og_description":"Dette vendbare senges\u00e6t vil f\u00e5 dig til at sove som en sten. S\u00e6ttet best\u00e5r af to farver, som g\u00f8r, at du selv kan bestemme, hvordan din seng styles. Den ene","og_url":"https:\/\/hubsch-interior.com\/da\/vare\/aki-sengetoj-80-220-bla-gul\/","og_site_name":"H\u00fcbsch","article_modified_time":"2026-04-09T02:22:27+00:00","og_image":[{"width":1200,"height":1200,"url":"https:\/\/hubsch-interior.com\/wp-content\/uploads\/2023\/08\/aki-bed-linen-80220-blueyellow-56dbb4d23e9af52bcdcff00c5ac34b20.jpg","type":"image\/jpeg"}],"twitter_card":"summary_large_image","twitter_misc":{"Estimeret l\u00e6setid":"1 minut"},"schema":{"@context":"https:\/\/schema.org","@graph":[{"@type":"WebPage","@id":"https:\/\/hubsch-interior.com\/da\/vare\/aki-sengetoj-80-220-bla-gul\/","url":"https:\/\/hubsch-interior.com\/da\/vare\/aki-sengetoj-80-220-bla-gul\/","name":"Aki Senget\u00f8j 80\/220 Bl\u00e5\/Gul - H\u00fcbsch","isPartOf":{"@id":"https:\/\/hubsch-interior.com\/da\/#website"},"primaryImageOfPage":{"@id":"https:\/\/hubsch-interior.com\/da\/vare\/aki-sengetoj-80-220-bla-gul\/#primaryimage"},"image":{"@id":"https:\/\/hubsch-interior.com\/da\/vare\/aki-sengetoj-80-220-bla-gul\/#primaryimage"},"thumbnailUrl":"https:\/\/hubsch-interior.com\/wp-content\/uploads\/2026\/02\/aki-bed-linen-80220-blueyellow-5a20b2f4a01ff8b1996bb707b637711b.jpg","datePublished":"2021-06-13T20:34:59+00:00","dateModified":"2026-04-09T02:22:27+00:00","description":"Dette vendbare senges\u00e6t vil f\u00e5 dig til at sove som en sten. S\u00e6ttet best\u00e5r af to farver, som g\u00f8r, at du selv kan bestemme, hvordan din seng styles. Den ene","breadcrumb":{"@id":"https:\/\/hubsch-interior.com\/da\/vare\/aki-sengetoj-80-220-bla-gul\/#breadcrumb"},"inLanguage":"da-DK","potentialAction":[{"@type":"ReadAction","target":["https:\/\/hubsch-interior.com\/da\/vare\/aki-sengetoj-80-220-bla-gul\/"]}]},{"@type":"ImageObject","inLanguage":"da-DK","@id":"https:\/\/hubsch-interior.com\/da\/vare\/aki-sengetoj-80-220-bla-gul\/#primaryimage","url":"https:\/\/hubsch-interior.com\/wp-content\/uploads\/2026\/02\/aki-bed-linen-80220-blueyellow-5a20b2f4a01ff8b1996bb707b637711b.jpg","contentUrl":"https:\/\/hubsch-interior.com\/wp-content\/uploads\/2026\/02\/aki-bed-linen-80220-blueyellow-5a20b2f4a01ff8b1996bb707b637711b.jpg","width":1024,"height":1024},{"@type":"BreadcrumbList","@id":"https:\/\/hubsch-interior.com\/da\/vare\/aki-sengetoj-80-220-bla-gul\/#breadcrumb","itemListElement":[{"@type":"ListItem","position":1,"name":"Forside","item":"https:\/\/hubsch-interior.com\/da\/"},{"@type":"ListItem","position":2,"name":"Produkter","item":"https:\/\/hubsch-interior.com\/da\/produkter\/"},{"@type":"ListItem","position":3,"name":"Tekstiler","item":"https:\/\/hubsch-interior.com\/da\/vare-kategori\/tekstiler\/"},{"@type":"ListItem","position":4,"name":"Senget&oslash;j","item":"https:\/\/hubsch-interior.com\/da\/vare-kategori\/tekstiler\/sengetoej-da\/"},{"@type":"ListItem","position":5,"name":"Aki Senget\u00f8j 80\/220 Bl\u00e5\/Gul"}]},{"@type":"WebSite","@id":"https:\/\/hubsch-interior.com\/da\/#website","url":"https:\/\/hubsch-interior.com\/da\/","name":"H\u00fcbsch","description":"Danish Home Interior and Design","publisher":{"@id":"https:\/\/hubsch-interior.com\/da\/#organization"},"potentialAction":[{"@type":"SearchAction","target":{"@type":"EntryPoint","urlTemplate":"https:\/\/hubsch-interior.com\/da\/?s={search_term_string}"},"query-input":{"@type":"PropertyValueSpecification","valueRequired":true,"valueName":"search_term_string"}}],"inLanguage":"da-DK"},{"@type":"Organization","@id":"https:\/\/hubsch-interior.com\/da\/#organization","name":"H\u00fcbsch","url":"https:\/\/hubsch-interior.com\/da\/","logo":{"@type":"ImageObject","inLanguage":"da-DK","@id":"https:\/\/hubsch-interior.com\/da\/#\/schema\/logo\/image\/","url":"https:\/\/hubsch-interior.com\/wp-content\/uploads\/2022\/12\/Hubsch_logo_black_one_line.svg","contentUrl":"https:\/\/hubsch-interior.com\/wp-content\/uploads\/2022\/12\/Hubsch_logo_black_one_line.svg","caption":"H\u00fcbsch"},"image":{"@id":"https:\/\/hubsch-interior.com\/da\/#\/schema\/logo\/image\/"}}]}},"_links":{"self":[{"href":"https:\/\/hubsch-interior.com\/da\/wp-json\/wp\/v2\/product\/398383","targetHints":{"allow":["GET"]}}],"collection":[{"href":"https:\/\/hubsch-interior.com\/da\/wp-json\/wp\/v2\/product"}],"about":[{"href":"https:\/\/hubsch-interior.com\/da\/wp-json\/wp\/v2\/types\/product"}],"wp:featuredmedia":[{"embeddable":true,"href":"https:\/\/hubsch-interior.com\/da\/wp-json\/wp\/v2\/media\/1094907"}],"wp:attachment":[{"href":"https:\/\/hubsch-interior.com\/da\/wp-json\/wp\/v2\/media?parent=398383"}],"wp:term":[{"taxonomy":"product_brand","embeddable":true,"href":"https:\/\/hubsch-interior.com\/da\/wp-json\/wp\/v2\/product_brand?post=398383"},{"taxonomy":"product_cat","embeddable":true,"href":"https:\/\/hubsch-interior.com\/da\/wp-json\/wp\/v2\/product_cat?post=398383"},{"taxonomy":"product_tag","embeddable":true,"href":"https:\/\/hubsch-interior.com\/da\/wp-json\/wp\/v2\/product_tag?post=398383"}],"curies":[{"name":"wp","href":"https:\/\/api.w.org\/{rel}","templated":true}]}}