{"id":398387,"date":"2021-06-13T22:35:02","date_gmt":"2021-06-13T20:35:02","guid":{"rendered":"https:\/\/hubsch-interior.com\/shop-b2c\/product\/product\/"},"modified":"2026-04-05T04:22:33","modified_gmt":"2026-04-05T02:22:33","slug":"promenade-handklaede-small-lilla-bla","status":"publish","type":"product","link":"https:\/\/hubsch-interior.com\/da\/vare\/promenade-handklaede-small-lilla-bla\/","title":{"rendered":"Promenade H\u00e5ndkl\u00e6de Small Lilla\/Bl\u00e5"},"content":{"rendered":"<p>Badev\u00e6relset. Tit fors\u00f8mt n\u00e5r det kommer til styling. Dit badev\u00e6relse vil elske vores nye, bl\u00f8de og farverige OEKO-TEX\u00ae STANDARD 100\u00ae certificerede h\u00e5ndkl\u00e6der. Der er ikke noget bedre end at sl\u00e5 et bl\u00f8dt h\u00e5ndkl\u00e6de omkring sig efter et dejligt langt bad. Denne sk\u00f8nhed har en fin lilla og bl\u00e5meleret farve, som b\u00e5de du og dit badev\u00e6relse f\u00e5r gl\u00e6de af. <\/p>\n<p>F\u00e5s i to st\u00f8rrelser.<\/p>\n","protected":false},"excerpt":{"rendered":"<p>Badev\u00e6relset. Tit fors\u00f8mt n\u00e5r det kommer til styling. Dit badev\u00e6relse vil elske vores nye, bl\u00f8de og farverige OEKO-TEX\u00ae STANDARD 100\u00ae certificerede h\u00e5ndkl\u00e6der. Der er ikke noget bedre end at sl\u00e5 et bl\u00f8dt h\u00e5ndkl\u00e6de omkring sig efter et dejligt langt bad. Denne sk\u00f8nhed har en fin lilla og bl\u00e5meleret farve, som b\u00e5de du og dit badev\u00e6relse [&hellip;]<\/p>\n","protected":false},"featured_media":1094945,"template":"","meta":{"_acf_changed":false,"inline_featured_image":false},"product_brand":[],"product_cat":[3948,6517,3000],"product_tag":[],"class_list":{"0":"post-398387","1":"product","2":"type-product","3":"status-publish","4":"has-post-thumbnail","6":"product_cat-haandklaeder-da","7":"product_cat-outlet-da","8":"product_cat-tekstiler","9":"product_shipping_class-pk","11":"pa_color-bl","12":"pa_color-lilla","13":"pa_material-cotton-100-da","15":"first","16":"instock","17":"sale","18":"taxable","19":"shipping-taxable","20":"purchasable","21":"product-type-simple"},"exclude_global_add_ons":[],"addons":[],"acf":[],"yoast_head":"<!-- This site is optimized with the Yoast SEO plugin v26.4 - https:\/\/yoast.com\/wordpress\/plugins\/seo\/ -->\n<title>Promenade H\u00e5ndkl\u00e6de Small Lilla\/Bl\u00e5 - H\u00fcbsch<\/title>\n<meta name=\"description\" content=\"Badev\u00e6relset. Tit fors\u00f8mt n\u00e5r det kommer til styling. Dit badev\u00e6relse vil elske vores nye, bl\u00f8de og farverige OEKO-TEX\u00ae STANDARD 100\u00ae certificerede\" \/>\n<meta name=\"robots\" content=\"index, follow, max-snippet:-1, max-image-preview:large, max-video-preview:-1\" \/>\n<link rel=\"canonical\" href=\"https:\/\/hubsch-interior.com\/da\/wp-json\/wp\/v2\/product\/398387\" \/>\n<meta property=\"og:locale\" content=\"da_DK\" \/>\n<meta property=\"og:type\" content=\"article\" \/>\n<meta property=\"og:title\" content=\"Promenade H\u00e5ndkl\u00e6de Small Lilla\/Bl\u00e5 - H\u00fcbsch\" \/>\n<meta property=\"og:description\" content=\"Badev\u00e6relset. Tit fors\u00f8mt n\u00e5r det kommer til styling. Dit badev\u00e6relse vil elske vores nye, bl\u00f8de og farverige OEKO-TEX\u00ae STANDARD 100\u00ae certificerede\" \/>\n<meta property=\"og:url\" content=\"https:\/\/hubsch-interior.com\/da\/vare\/promenade-handklaede-small-lilla-bla\/\" \/>\n<meta property=\"og:site_name\" content=\"H\u00fcbsch\" \/>\n<meta property=\"article:modified_time\" content=\"2026-04-05T02:22:33+00:00\" \/>\n<meta property=\"og:image\" content=\"https:\/\/hubsch-interior.com\/wp-content\/uploads\/2025\/05\/promenade-towel-small-purpleblue-51376a25d918d6aecf991ea939cea6ca.jpg\" \/>\n\t<meta property=\"og:image:width\" content=\"1200\" \/>\n\t<meta property=\"og:image:height\" content=\"1200\" \/>\n\t<meta property=\"og:image:type\" content=\"image\/jpeg\" \/>\n<meta name=\"twitter:card\" content=\"summary_large_image\" \/>\n<script type=\"application\/ld+json\" class=\"yoast-schema-graph\">{\"@context\":\"https:\/\/schema.org\",\"@graph\":[{\"@type\":\"WebPage\",\"@id\":\"https:\/\/hubsch-interior.com\/da\/vare\/promenade-handklaede-small-lilla-bla\/\",\"url\":\"https:\/\/hubsch-interior.com\/da\/vare\/promenade-handklaede-small-lilla-bla\/\",\"name\":\"Promenade H\u00e5ndkl\u00e6de Small Lilla\/Bl\u00e5 - H\u00fcbsch\",\"isPartOf\":{\"@id\":\"https:\/\/hubsch-interior.com\/da\/#website\"},\"primaryImageOfPage\":{\"@id\":\"https:\/\/hubsch-interior.com\/da\/vare\/promenade-handklaede-small-lilla-bla\/#primaryimage\"},\"image\":{\"@id\":\"https:\/\/hubsch-interior.com\/da\/vare\/promenade-handklaede-small-lilla-bla\/#primaryimage\"},\"thumbnailUrl\":\"https:\/\/hubsch-interior.com\/wp-content\/uploads\/2026\/02\/promenade-towel-small-purpleblue-aa5e2b8c1d75e023f67a7c904ad16956.jpg\",\"datePublished\":\"2021-06-13T20:35:02+00:00\",\"dateModified\":\"2026-04-05T02:22:33+00:00\",\"description\":\"Badev\u00e6relset. Tit fors\u00f8mt n\u00e5r det kommer til styling. Dit badev\u00e6relse vil elske vores nye, bl\u00f8de og farverige OEKO-TEX\u00ae STANDARD 100\u00ae certificerede\",\"breadcrumb\":{\"@id\":\"https:\/\/hubsch-interior.com\/da\/vare\/promenade-handklaede-small-lilla-bla\/#breadcrumb\"},\"inLanguage\":\"da-DK\",\"potentialAction\":[{\"@type\":\"ReadAction\",\"target\":[\"https:\/\/hubsch-interior.com\/da\/vare\/promenade-handklaede-small-lilla-bla\/\"]}]},{\"@type\":\"ImageObject\",\"inLanguage\":\"da-DK\",\"@id\":\"https:\/\/hubsch-interior.com\/da\/vare\/promenade-handklaede-small-lilla-bla\/#primaryimage\",\"url\":\"https:\/\/hubsch-interior.com\/wp-content\/uploads\/2026\/02\/promenade-towel-small-purpleblue-aa5e2b8c1d75e023f67a7c904ad16956.jpg\",\"contentUrl\":\"https:\/\/hubsch-interior.com\/wp-content\/uploads\/2026\/02\/promenade-towel-small-purpleblue-aa5e2b8c1d75e023f67a7c904ad16956.jpg\",\"width\":1024,\"height\":1024},{\"@type\":\"BreadcrumbList\",\"@id\":\"https:\/\/hubsch-interior.com\/da\/vare\/promenade-handklaede-small-lilla-bla\/#breadcrumb\",\"itemListElement\":[{\"@type\":\"ListItem\",\"position\":1,\"name\":\"Forside\",\"item\":\"https:\/\/hubsch-interior.com\/da\/\"},{\"@type\":\"ListItem\",\"position\":2,\"name\":\"Produkter\",\"item\":\"https:\/\/hubsch-interior.com\/da\/produkter\/\"},{\"@type\":\"ListItem\",\"position\":3,\"name\":\"Tekstiler\",\"item\":\"https:\/\/hubsch-interior.com\/da\/vare-kategori\/tekstiler\/\"},{\"@type\":\"ListItem\",\"position\":4,\"name\":\"H&aring;ndkl&aelig;der\",\"item\":\"https:\/\/hubsch-interior.com\/da\/vare-kategori\/tekstiler\/haandklaeder-da\/\"},{\"@type\":\"ListItem\",\"position\":5,\"name\":\"Promenade H\u00e5ndkl\u00e6de Small Lilla\/Bl\u00e5\"}]},{\"@type\":\"WebSite\",\"@id\":\"https:\/\/hubsch-interior.com\/da\/#website\",\"url\":\"https:\/\/hubsch-interior.com\/da\/\",\"name\":\"H\u00fcbsch\",\"description\":\"Danish Home Interior and Design\",\"publisher\":{\"@id\":\"https:\/\/hubsch-interior.com\/da\/#organization\"},\"potentialAction\":[{\"@type\":\"SearchAction\",\"target\":{\"@type\":\"EntryPoint\",\"urlTemplate\":\"https:\/\/hubsch-interior.com\/da\/?s={search_term_string}\"},\"query-input\":{\"@type\":\"PropertyValueSpecification\",\"valueRequired\":true,\"valueName\":\"search_term_string\"}}],\"inLanguage\":\"da-DK\"},{\"@type\":\"Organization\",\"@id\":\"https:\/\/hubsch-interior.com\/da\/#organization\",\"name\":\"H\u00fcbsch\",\"url\":\"https:\/\/hubsch-interior.com\/da\/\",\"logo\":{\"@type\":\"ImageObject\",\"inLanguage\":\"da-DK\",\"@id\":\"https:\/\/hubsch-interior.com\/da\/#\/schema\/logo\/image\/\",\"url\":\"https:\/\/hubsch-interior.com\/wp-content\/uploads\/2022\/12\/Hubsch_logo_black_one_line.svg\",\"contentUrl\":\"https:\/\/hubsch-interior.com\/wp-content\/uploads\/2022\/12\/Hubsch_logo_black_one_line.svg\",\"caption\":\"H\u00fcbsch\"},\"image\":{\"@id\":\"https:\/\/hubsch-interior.com\/da\/#\/schema\/logo\/image\/\"}}]}<\/script>\n<!-- \/ Yoast SEO plugin. -->","yoast_head_json":{"title":"Promenade H\u00e5ndkl\u00e6de Small Lilla\/Bl\u00e5 - H\u00fcbsch","description":"Badev\u00e6relset. Tit fors\u00f8mt n\u00e5r det kommer til styling. Dit badev\u00e6relse vil elske vores nye, bl\u00f8de og farverige OEKO-TEX\u00ae STANDARD 100\u00ae certificerede","robots":{"index":"index","follow":"follow","max-snippet":"max-snippet:-1","max-image-preview":"max-image-preview:large","max-video-preview":"max-video-preview:-1"},"canonical":"https:\/\/hubsch-interior.com\/da\/wp-json\/wp\/v2\/product\/398387","og_locale":"da_DK","og_type":"article","og_title":"Promenade H\u00e5ndkl\u00e6de Small Lilla\/Bl\u00e5 - H\u00fcbsch","og_description":"Badev\u00e6relset. Tit fors\u00f8mt n\u00e5r det kommer til styling. Dit badev\u00e6relse vil elske vores nye, bl\u00f8de og farverige OEKO-TEX\u00ae STANDARD 100\u00ae certificerede","og_url":"https:\/\/hubsch-interior.com\/da\/vare\/promenade-handklaede-small-lilla-bla\/","og_site_name":"H\u00fcbsch","article_modified_time":"2026-04-05T02:22:33+00:00","og_image":[{"width":1200,"height":1200,"url":"https:\/\/hubsch-interior.com\/wp-content\/uploads\/2025\/05\/promenade-towel-small-purpleblue-51376a25d918d6aecf991ea939cea6ca.jpg","type":"image\/jpeg"}],"twitter_card":"summary_large_image","schema":{"@context":"https:\/\/schema.org","@graph":[{"@type":"WebPage","@id":"https:\/\/hubsch-interior.com\/da\/vare\/promenade-handklaede-small-lilla-bla\/","url":"https:\/\/hubsch-interior.com\/da\/vare\/promenade-handklaede-small-lilla-bla\/","name":"Promenade H\u00e5ndkl\u00e6de Small Lilla\/Bl\u00e5 - H\u00fcbsch","isPartOf":{"@id":"https:\/\/hubsch-interior.com\/da\/#website"},"primaryImageOfPage":{"@id":"https:\/\/hubsch-interior.com\/da\/vare\/promenade-handklaede-small-lilla-bla\/#primaryimage"},"image":{"@id":"https:\/\/hubsch-interior.com\/da\/vare\/promenade-handklaede-small-lilla-bla\/#primaryimage"},"thumbnailUrl":"https:\/\/hubsch-interior.com\/wp-content\/uploads\/2026\/02\/promenade-towel-small-purpleblue-aa5e2b8c1d75e023f67a7c904ad16956.jpg","datePublished":"2021-06-13T20:35:02+00:00","dateModified":"2026-04-05T02:22:33+00:00","description":"Badev\u00e6relset. Tit fors\u00f8mt n\u00e5r det kommer til styling. Dit badev\u00e6relse vil elske vores nye, bl\u00f8de og farverige OEKO-TEX\u00ae STANDARD 100\u00ae certificerede","breadcrumb":{"@id":"https:\/\/hubsch-interior.com\/da\/vare\/promenade-handklaede-small-lilla-bla\/#breadcrumb"},"inLanguage":"da-DK","potentialAction":[{"@type":"ReadAction","target":["https:\/\/hubsch-interior.com\/da\/vare\/promenade-handklaede-small-lilla-bla\/"]}]},{"@type":"ImageObject","inLanguage":"da-DK","@id":"https:\/\/hubsch-interior.com\/da\/vare\/promenade-handklaede-small-lilla-bla\/#primaryimage","url":"https:\/\/hubsch-interior.com\/wp-content\/uploads\/2026\/02\/promenade-towel-small-purpleblue-aa5e2b8c1d75e023f67a7c904ad16956.jpg","contentUrl":"https:\/\/hubsch-interior.com\/wp-content\/uploads\/2026\/02\/promenade-towel-small-purpleblue-aa5e2b8c1d75e023f67a7c904ad16956.jpg","width":1024,"height":1024},{"@type":"BreadcrumbList","@id":"https:\/\/hubsch-interior.com\/da\/vare\/promenade-handklaede-small-lilla-bla\/#breadcrumb","itemListElement":[{"@type":"ListItem","position":1,"name":"Forside","item":"https:\/\/hubsch-interior.com\/da\/"},{"@type":"ListItem","position":2,"name":"Produkter","item":"https:\/\/hubsch-interior.com\/da\/produkter\/"},{"@type":"ListItem","position":3,"name":"Tekstiler","item":"https:\/\/hubsch-interior.com\/da\/vare-kategori\/tekstiler\/"},{"@type":"ListItem","position":4,"name":"H&aring;ndkl&aelig;der","item":"https:\/\/hubsch-interior.com\/da\/vare-kategori\/tekstiler\/haandklaeder-da\/"},{"@type":"ListItem","position":5,"name":"Promenade H\u00e5ndkl\u00e6de Small Lilla\/Bl\u00e5"}]},{"@type":"WebSite","@id":"https:\/\/hubsch-interior.com\/da\/#website","url":"https:\/\/hubsch-interior.com\/da\/","name":"H\u00fcbsch","description":"Danish Home Interior and Design","publisher":{"@id":"https:\/\/hubsch-interior.com\/da\/#organization"},"potentialAction":[{"@type":"SearchAction","target":{"@type":"EntryPoint","urlTemplate":"https:\/\/hubsch-interior.com\/da\/?s={search_term_string}"},"query-input":{"@type":"PropertyValueSpecification","valueRequired":true,"valueName":"search_term_string"}}],"inLanguage":"da-DK"},{"@type":"Organization","@id":"https:\/\/hubsch-interior.com\/da\/#organization","name":"H\u00fcbsch","url":"https:\/\/hubsch-interior.com\/da\/","logo":{"@type":"ImageObject","inLanguage":"da-DK","@id":"https:\/\/hubsch-interior.com\/da\/#\/schema\/logo\/image\/","url":"https:\/\/hubsch-interior.com\/wp-content\/uploads\/2022\/12\/Hubsch_logo_black_one_line.svg","contentUrl":"https:\/\/hubsch-interior.com\/wp-content\/uploads\/2022\/12\/Hubsch_logo_black_one_line.svg","caption":"H\u00fcbsch"},"image":{"@id":"https:\/\/hubsch-interior.com\/da\/#\/schema\/logo\/image\/"}}]}},"_links":{"self":[{"href":"https:\/\/hubsch-interior.com\/da\/wp-json\/wp\/v2\/product\/398387","targetHints":{"allow":["GET"]}}],"collection":[{"href":"https:\/\/hubsch-interior.com\/da\/wp-json\/wp\/v2\/product"}],"about":[{"href":"https:\/\/hubsch-interior.com\/da\/wp-json\/wp\/v2\/types\/product"}],"wp:featuredmedia":[{"embeddable":true,"href":"https:\/\/hubsch-interior.com\/da\/wp-json\/wp\/v2\/media\/1094945"}],"wp:attachment":[{"href":"https:\/\/hubsch-interior.com\/da\/wp-json\/wp\/v2\/media?parent=398387"}],"wp:term":[{"taxonomy":"product_brand","embeddable":true,"href":"https:\/\/hubsch-interior.com\/da\/wp-json\/wp\/v2\/product_brand?post=398387"},{"taxonomy":"product_cat","embeddable":true,"href":"https:\/\/hubsch-interior.com\/da\/wp-json\/wp\/v2\/product_cat?post=398387"},{"taxonomy":"product_tag","embeddable":true,"href":"https:\/\/hubsch-interior.com\/da\/wp-json\/wp\/v2\/product_tag?post=398387"}],"curies":[{"name":"wp","href":"https:\/\/api.w.org\/{rel}","templated":true}]}}