{"id":398415,"date":"2021-06-13T22:38:50","date_gmt":"2021-06-13T20:38:50","guid":{"rendered":"https:\/\/hubsch-interior.com\/shop-b2c\/product\/product\/"},"modified":"2026-04-09T04:25:16","modified_gmt":"2026-04-09T02:25:16","slug":"fuyu-skal-large-tekstureret","status":"publish","type":"product","link":"https:\/\/hubsch-interior.com\/da\/vare\/fuyu-skal-large-tekstureret\/","title":{"rendered":"Fuyu Sk\u00e5l Large Tekstureret"},"content":{"rendered":"<p>Kan du huske, n\u00e5r din bedstemor tog det fine stel frem fra skabet? S\u00e5 var det en s\u00e6rlig middag. Med denne fine dybe tallerken i tekstureret glas, er ethvert m\u00e5ltid en s\u00e6rlig middag. Den smukke tallerken komplimenterer enhver salat, eller suppe. Den dybe tallerken er en del af en serie med snacksk\u00e5l, stor tallerken, frokosttallerken og drikkeglas. Og det bedste af det hele, glasstellet m\u00e5 komme i opvaskeren.<\/p>\n","protected":false},"excerpt":{"rendered":"<p>Kan du huske, n\u00e5r din bedstemor tog det fine stel frem fra skabet? S\u00e5 var det en s\u00e6rlig middag. Med denne fine dybe tallerken i tekstureret glas, er ethvert m\u00e5ltid en s\u00e6rlig middag. Den smukke tallerken komplimenterer enhver salat, eller suppe. Den dybe tallerken er en del af en serie med snacksk\u00e5l, stor tallerken, frokosttallerken [&hellip;]<\/p>\n","protected":false},"featured_media":1095731,"template":"","meta":{"_acf_changed":false,"inline_featured_image":false},"product_brand":[],"product_cat":[7025,6970,7042,6347,4051,4094,6517],"product_tag":[],"class_list":{"0":"post-398415","1":"product","2":"type-product","3":"status-publish","4":"has-post-thumbnail","6":"product_cat-bordservice-da-2","7":"product_cat-paaskeudsalg","8":"product_cat-serveringsskaale-da","9":"product_cat-garden-selection-da","10":"product_cat-koekkentilbehoer-da","11":"product_cat-bordservice-da","12":"product_cat-outlet-da","13":"product_shipping_class-pk","15":"pa_color-tekstureret","16":"pa_material-glas-da","18":"first","19":"instock","20":"sale","21":"taxable","22":"shipping-taxable","23":"purchasable","24":"product-type-simple"},"exclude_global_add_ons":[],"addons":[],"acf":[],"yoast_head":"<!-- This site is optimized with the Yoast SEO plugin v26.4 - https:\/\/yoast.com\/wordpress\/plugins\/seo\/ -->\n<title>Fuyu Sk\u00e5l Large Tekstureret - H\u00fcbsch<\/title>\n<meta name=\"description\" content=\"Kan du huske, n\u00e5r din bedstemor tog det fine stel frem fra skabet? S\u00e5 var det en s\u00e6rlig middag. Med denne fine dybe tallerken i tekstureret glas, er\" \/>\n<meta name=\"robots\" content=\"index, follow, max-snippet:-1, max-image-preview:large, max-video-preview:-1\" \/>\n<link rel=\"canonical\" href=\"https:\/\/hubsch-interior.com\/da\/wp-json\/wp\/v2\/product\/398415\" \/>\n<meta property=\"og:locale\" content=\"da_DK\" \/>\n<meta property=\"og:type\" content=\"article\" \/>\n<meta property=\"og:title\" content=\"Fuyu Sk\u00e5l Large Tekstureret - H\u00fcbsch\" \/>\n<meta property=\"og:description\" content=\"Kan du huske, n\u00e5r din bedstemor tog det fine stel frem fra skabet? S\u00e5 var det en s\u00e6rlig middag. Med denne fine dybe tallerken i tekstureret glas, er\" \/>\n<meta property=\"og:url\" content=\"https:\/\/hubsch-interior.com\/da\/vare\/fuyu-skal-large-tekstureret\/\" \/>\n<meta property=\"og:site_name\" content=\"H\u00fcbsch\" \/>\n<meta property=\"article:modified_time\" content=\"2026-04-09T02:25:16+00:00\" \/>\n<meta property=\"og:image\" content=\"https:\/\/hubsch-interior.com\/wp-content\/uploads\/2025\/04\/fuyu-bowl-large-textured-cdce73df8514ccba26ba746f5ac7563e.jpg\" \/>\n\t<meta property=\"og:image:width\" content=\"1200\" \/>\n\t<meta property=\"og:image:height\" content=\"1200\" \/>\n\t<meta property=\"og:image:type\" content=\"image\/jpeg\" \/>\n<meta name=\"twitter:card\" content=\"summary_large_image\" \/>\n<script type=\"application\/ld+json\" class=\"yoast-schema-graph\">{\"@context\":\"https:\/\/schema.org\",\"@graph\":[{\"@type\":\"WebPage\",\"@id\":\"https:\/\/hubsch-interior.com\/da\/vare\/fuyu-skal-large-tekstureret\/\",\"url\":\"https:\/\/hubsch-interior.com\/da\/vare\/fuyu-skal-large-tekstureret\/\",\"name\":\"Fuyu Sk\u00e5l Large Tekstureret - H\u00fcbsch\",\"isPartOf\":{\"@id\":\"https:\/\/hubsch-interior.com\/da\/#website\"},\"primaryImageOfPage\":{\"@id\":\"https:\/\/hubsch-interior.com\/da\/vare\/fuyu-skal-large-tekstureret\/#primaryimage\"},\"image\":{\"@id\":\"https:\/\/hubsch-interior.com\/da\/vare\/fuyu-skal-large-tekstureret\/#primaryimage\"},\"thumbnailUrl\":\"https:\/\/hubsch-interior.com\/wp-content\/uploads\/2026\/02\/fuyu-bowl-large-textured-ecf5d24954d62940ae106193890b7e1f.jpg\",\"datePublished\":\"2021-06-13T20:38:50+00:00\",\"dateModified\":\"2026-04-09T02:25:16+00:00\",\"description\":\"Kan du huske, n\u00e5r din bedstemor tog det fine stel frem fra skabet? S\u00e5 var det en s\u00e6rlig middag. Med denne fine dybe tallerken i tekstureret glas, er\",\"breadcrumb\":{\"@id\":\"https:\/\/hubsch-interior.com\/da\/vare\/fuyu-skal-large-tekstureret\/#breadcrumb\"},\"inLanguage\":\"da-DK\",\"potentialAction\":[{\"@type\":\"ReadAction\",\"target\":[\"https:\/\/hubsch-interior.com\/da\/vare\/fuyu-skal-large-tekstureret\/\"]}]},{\"@type\":\"ImageObject\",\"inLanguage\":\"da-DK\",\"@id\":\"https:\/\/hubsch-interior.com\/da\/vare\/fuyu-skal-large-tekstureret\/#primaryimage\",\"url\":\"https:\/\/hubsch-interior.com\/wp-content\/uploads\/2026\/02\/fuyu-bowl-large-textured-ecf5d24954d62940ae106193890b7e1f.jpg\",\"contentUrl\":\"https:\/\/hubsch-interior.com\/wp-content\/uploads\/2026\/02\/fuyu-bowl-large-textured-ecf5d24954d62940ae106193890b7e1f.jpg\",\"width\":1024,\"height\":1024},{\"@type\":\"BreadcrumbList\",\"@id\":\"https:\/\/hubsch-interior.com\/da\/vare\/fuyu-skal-large-tekstureret\/#breadcrumb\",\"itemListElement\":[{\"@type\":\"ListItem\",\"position\":1,\"name\":\"Forside\",\"item\":\"https:\/\/hubsch-interior.com\/da\/\"},{\"@type\":\"ListItem\",\"position\":2,\"name\":\"Produkter\",\"item\":\"https:\/\/hubsch-interior.com\/da\/produkter\/\"},{\"@type\":\"ListItem\",\"position\":3,\"name\":\"K\u00f8kken\",\"item\":\"https:\/\/hubsch-interior.com\/da\/vare-kategori\/koekken\/\"},{\"@type\":\"ListItem\",\"position\":4,\"name\":\"Bordservice\",\"item\":\"https:\/\/hubsch-interior.com\/da\/vare-kategori\/koekken\/bordservice-da-2\/\"},{\"@type\":\"ListItem\",\"position\":5,\"name\":\"Serveringssk&aring;le\",\"item\":\"https:\/\/hubsch-interior.com\/da\/vare-kategori\/koekken\/bordservice-da-2\/serveringsskaale-da\/\"},{\"@type\":\"ListItem\",\"position\":6,\"name\":\"Fuyu Sk\u00e5l Large Tekstureret\"}]},{\"@type\":\"WebSite\",\"@id\":\"https:\/\/hubsch-interior.com\/da\/#website\",\"url\":\"https:\/\/hubsch-interior.com\/da\/\",\"name\":\"H\u00fcbsch\",\"description\":\"Danish Home Interior and Design\",\"publisher\":{\"@id\":\"https:\/\/hubsch-interior.com\/da\/#organization\"},\"potentialAction\":[{\"@type\":\"SearchAction\",\"target\":{\"@type\":\"EntryPoint\",\"urlTemplate\":\"https:\/\/hubsch-interior.com\/da\/?s={search_term_string}\"},\"query-input\":{\"@type\":\"PropertyValueSpecification\",\"valueRequired\":true,\"valueName\":\"search_term_string\"}}],\"inLanguage\":\"da-DK\"},{\"@type\":\"Organization\",\"@id\":\"https:\/\/hubsch-interior.com\/da\/#organization\",\"name\":\"H\u00fcbsch\",\"url\":\"https:\/\/hubsch-interior.com\/da\/\",\"logo\":{\"@type\":\"ImageObject\",\"inLanguage\":\"da-DK\",\"@id\":\"https:\/\/hubsch-interior.com\/da\/#\/schema\/logo\/image\/\",\"url\":\"https:\/\/hubsch-interior.com\/wp-content\/uploads\/2022\/12\/Hubsch_logo_black_one_line.svg\",\"contentUrl\":\"https:\/\/hubsch-interior.com\/wp-content\/uploads\/2022\/12\/Hubsch_logo_black_one_line.svg\",\"caption\":\"H\u00fcbsch\"},\"image\":{\"@id\":\"https:\/\/hubsch-interior.com\/da\/#\/schema\/logo\/image\/\"}}]}<\/script>\n<!-- \/ Yoast SEO plugin. -->","yoast_head_json":{"title":"Fuyu Sk\u00e5l Large Tekstureret - H\u00fcbsch","description":"Kan du huske, n\u00e5r din bedstemor tog det fine stel frem fra skabet? S\u00e5 var det en s\u00e6rlig middag. Med denne fine dybe tallerken i tekstureret glas, er","robots":{"index":"index","follow":"follow","max-snippet":"max-snippet:-1","max-image-preview":"max-image-preview:large","max-video-preview":"max-video-preview:-1"},"canonical":"https:\/\/hubsch-interior.com\/da\/wp-json\/wp\/v2\/product\/398415","og_locale":"da_DK","og_type":"article","og_title":"Fuyu Sk\u00e5l Large Tekstureret - H\u00fcbsch","og_description":"Kan du huske, n\u00e5r din bedstemor tog det fine stel frem fra skabet? S\u00e5 var det en s\u00e6rlig middag. Med denne fine dybe tallerken i tekstureret glas, er","og_url":"https:\/\/hubsch-interior.com\/da\/vare\/fuyu-skal-large-tekstureret\/","og_site_name":"H\u00fcbsch","article_modified_time":"2026-04-09T02:25:16+00:00","og_image":[{"width":1200,"height":1200,"url":"https:\/\/hubsch-interior.com\/wp-content\/uploads\/2025\/04\/fuyu-bowl-large-textured-cdce73df8514ccba26ba746f5ac7563e.jpg","type":"image\/jpeg"}],"twitter_card":"summary_large_image","schema":{"@context":"https:\/\/schema.org","@graph":[{"@type":"WebPage","@id":"https:\/\/hubsch-interior.com\/da\/vare\/fuyu-skal-large-tekstureret\/","url":"https:\/\/hubsch-interior.com\/da\/vare\/fuyu-skal-large-tekstureret\/","name":"Fuyu Sk\u00e5l Large Tekstureret - H\u00fcbsch","isPartOf":{"@id":"https:\/\/hubsch-interior.com\/da\/#website"},"primaryImageOfPage":{"@id":"https:\/\/hubsch-interior.com\/da\/vare\/fuyu-skal-large-tekstureret\/#primaryimage"},"image":{"@id":"https:\/\/hubsch-interior.com\/da\/vare\/fuyu-skal-large-tekstureret\/#primaryimage"},"thumbnailUrl":"https:\/\/hubsch-interior.com\/wp-content\/uploads\/2026\/02\/fuyu-bowl-large-textured-ecf5d24954d62940ae106193890b7e1f.jpg","datePublished":"2021-06-13T20:38:50+00:00","dateModified":"2026-04-09T02:25:16+00:00","description":"Kan du huske, n\u00e5r din bedstemor tog det fine stel frem fra skabet? S\u00e5 var det en s\u00e6rlig middag. Med denne fine dybe tallerken i tekstureret glas, er","breadcrumb":{"@id":"https:\/\/hubsch-interior.com\/da\/vare\/fuyu-skal-large-tekstureret\/#breadcrumb"},"inLanguage":"da-DK","potentialAction":[{"@type":"ReadAction","target":["https:\/\/hubsch-interior.com\/da\/vare\/fuyu-skal-large-tekstureret\/"]}]},{"@type":"ImageObject","inLanguage":"da-DK","@id":"https:\/\/hubsch-interior.com\/da\/vare\/fuyu-skal-large-tekstureret\/#primaryimage","url":"https:\/\/hubsch-interior.com\/wp-content\/uploads\/2026\/02\/fuyu-bowl-large-textured-ecf5d24954d62940ae106193890b7e1f.jpg","contentUrl":"https:\/\/hubsch-interior.com\/wp-content\/uploads\/2026\/02\/fuyu-bowl-large-textured-ecf5d24954d62940ae106193890b7e1f.jpg","width":1024,"height":1024},{"@type":"BreadcrumbList","@id":"https:\/\/hubsch-interior.com\/da\/vare\/fuyu-skal-large-tekstureret\/#breadcrumb","itemListElement":[{"@type":"ListItem","position":1,"name":"Forside","item":"https:\/\/hubsch-interior.com\/da\/"},{"@type":"ListItem","position":2,"name":"Produkter","item":"https:\/\/hubsch-interior.com\/da\/produkter\/"},{"@type":"ListItem","position":3,"name":"K\u00f8kken","item":"https:\/\/hubsch-interior.com\/da\/vare-kategori\/koekken\/"},{"@type":"ListItem","position":4,"name":"Bordservice","item":"https:\/\/hubsch-interior.com\/da\/vare-kategori\/koekken\/bordservice-da-2\/"},{"@type":"ListItem","position":5,"name":"Serveringssk&aring;le","item":"https:\/\/hubsch-interior.com\/da\/vare-kategori\/koekken\/bordservice-da-2\/serveringsskaale-da\/"},{"@type":"ListItem","position":6,"name":"Fuyu Sk\u00e5l Large Tekstureret"}]},{"@type":"WebSite","@id":"https:\/\/hubsch-interior.com\/da\/#website","url":"https:\/\/hubsch-interior.com\/da\/","name":"H\u00fcbsch","description":"Danish Home Interior and Design","publisher":{"@id":"https:\/\/hubsch-interior.com\/da\/#organization"},"potentialAction":[{"@type":"SearchAction","target":{"@type":"EntryPoint","urlTemplate":"https:\/\/hubsch-interior.com\/da\/?s={search_term_string}"},"query-input":{"@type":"PropertyValueSpecification","valueRequired":true,"valueName":"search_term_string"}}],"inLanguage":"da-DK"},{"@type":"Organization","@id":"https:\/\/hubsch-interior.com\/da\/#organization","name":"H\u00fcbsch","url":"https:\/\/hubsch-interior.com\/da\/","logo":{"@type":"ImageObject","inLanguage":"da-DK","@id":"https:\/\/hubsch-interior.com\/da\/#\/schema\/logo\/image\/","url":"https:\/\/hubsch-interior.com\/wp-content\/uploads\/2022\/12\/Hubsch_logo_black_one_line.svg","contentUrl":"https:\/\/hubsch-interior.com\/wp-content\/uploads\/2022\/12\/Hubsch_logo_black_one_line.svg","caption":"H\u00fcbsch"},"image":{"@id":"https:\/\/hubsch-interior.com\/da\/#\/schema\/logo\/image\/"}}]}},"_links":{"self":[{"href":"https:\/\/hubsch-interior.com\/da\/wp-json\/wp\/v2\/product\/398415","targetHints":{"allow":["GET"]}}],"collection":[{"href":"https:\/\/hubsch-interior.com\/da\/wp-json\/wp\/v2\/product"}],"about":[{"href":"https:\/\/hubsch-interior.com\/da\/wp-json\/wp\/v2\/types\/product"}],"wp:featuredmedia":[{"embeddable":true,"href":"https:\/\/hubsch-interior.com\/da\/wp-json\/wp\/v2\/media\/1095731"}],"wp:attachment":[{"href":"https:\/\/hubsch-interior.com\/da\/wp-json\/wp\/v2\/media?parent=398415"}],"wp:term":[{"taxonomy":"product_brand","embeddable":true,"href":"https:\/\/hubsch-interior.com\/da\/wp-json\/wp\/v2\/product_brand?post=398415"},{"taxonomy":"product_cat","embeddable":true,"href":"https:\/\/hubsch-interior.com\/da\/wp-json\/wp\/v2\/product_cat?post=398415"},{"taxonomy":"product_tag","embeddable":true,"href":"https:\/\/hubsch-interior.com\/da\/wp-json\/wp\/v2\/product_tag?post=398415"}],"curies":[{"name":"wp","href":"https:\/\/api.w.org\/{rel}","templated":true}]}}