{"id":398443,"date":"2021-06-13T22:40:08","date_gmt":"2021-06-13T20:40:08","guid":{"rendered":"https:\/\/hubsch-interior.com\/shop-b2c\/product\/product\/"},"modified":"2026-04-09T04:29:16","modified_gmt":"2026-04-09T02:29:16","slug":"cuddle-plaid-petrol-burgundy","status":"publish","type":"product","link":"https:\/\/hubsch-interior.com\/da\/vare\/cuddle-plaid-petrol-burgundy\/","title":{"rendered":"Cuddle Plaid Petrol\/Burgundy"},"content":{"rendered":"<p>Bl\u00f8d og behagelig. Vores super bl\u00f8de plaid, i bl\u00e5 og bordeaux, er lavet af OEKO-TEX\u00ae STANDARD 100\u00ae bomuld og et absolut &#8216;sofa-must-have&#8217; item. Om det er til at sl\u00e5 omkring dig p\u00e5 en kold efter\u00e5rsdag eller som et ekstra lag p\u00e5 din seng, s\u00e5 er denne bomuldsplaid bl\u00f8d, dejlig og helt perfekt. Du skal bare lige vide, at t\u00e6ppet er s\u00e5 bl\u00f8dt, at du m\u00e5ske kommer til at have det omkring dig. Altid.  <\/p>\n","protected":false},"excerpt":{"rendered":"<p>Bl\u00f8d og behagelig. Vores super bl\u00f8de plaid, i bl\u00e5 og bordeaux, er lavet af OEKO-TEX\u00ae STANDARD 100\u00ae bomuld og et absolut &#8216;sofa-must-have&#8217; item. Om det er til at sl\u00e5 omkring dig p\u00e5 en kold efter\u00e5rsdag eller som et ekstra lag p\u00e5 din seng, s\u00e5 er denne bomuldsplaid bl\u00f8d, dejlig og helt perfekt. Du skal bare [&hellip;]<\/p>\n","protected":false},"featured_media":1096698,"template":"","meta":{"_acf_changed":false,"inline_featured_image":false},"product_brand":[],"product_cat":[3000,4941,5025],"product_tag":[],"class_list":{"0":"post-398443","1":"product","2":"type-product","3":"status-publish","4":"has-post-thumbnail","6":"product_cat-tekstiler","7":"product_cat-plaider-da","8":"product_cat-bestsellers-da","9":"product_shipping_class-pk","11":"pa_color-burgundy-da","12":"pa_color-petrol-2","13":"pa_material-cotton-100-da","15":"first","16":"instock","17":"featured","18":"taxable","19":"shipping-taxable","20":"purchasable","21":"product-type-simple"},"exclude_global_add_ons":[],"addons":[],"acf":[],"yoast_head":"<!-- This site is optimized with the Yoast SEO plugin v26.4 - https:\/\/yoast.com\/wordpress\/plugins\/seo\/ -->\n<title>Cuddle Plaid Petrol\/Burgundy - H\u00fcbsch<\/title>\n<meta name=\"description\" content=\"Bl\u00f8d og behagelig. Vores super bl\u00f8de plaid, i bl\u00e5 og bordeaux, er lavet af OEKO-TEX\u00ae STANDARD 100\u00ae bomuld og et absolut &#039;sofa-must-have&#039; item. Om det er\" \/>\n<meta name=\"robots\" content=\"index, follow, max-snippet:-1, max-image-preview:large, max-video-preview:-1\" \/>\n<link rel=\"canonical\" href=\"https:\/\/hubsch-interior.com\/da\/wp-json\/wp\/v2\/product\/398443\" \/>\n<meta property=\"og:locale\" content=\"da_DK\" \/>\n<meta property=\"og:type\" content=\"article\" \/>\n<meta property=\"og:title\" content=\"Cuddle Plaid Petrol\/Burgundy - H\u00fcbsch\" \/>\n<meta property=\"og:description\" content=\"Bl\u00f8d og behagelig. Vores super bl\u00f8de plaid, i bl\u00e5 og bordeaux, er lavet af OEKO-TEX\u00ae STANDARD 100\u00ae bomuld og et absolut &#039;sofa-must-have&#039; item. Om det er\" \/>\n<meta property=\"og:url\" content=\"https:\/\/hubsch-interior.com\/da\/vare\/cuddle-plaid-petrol-burgundy\/\" \/>\n<meta property=\"og:site_name\" content=\"H\u00fcbsch\" \/>\n<meta property=\"article:modified_time\" content=\"2026-04-09T02:29:16+00:00\" \/>\n<meta property=\"og:image\" content=\"https:\/\/hubsch-interior.com\/wp-content\/uploads\/2026\/02\/cuddle-plaid-petrolburgundy-40b692e0ae3c1aa7fcadb20c1d1ef102.jpg\" \/>\n\t<meta property=\"og:image:width\" content=\"1024\" \/>\n\t<meta property=\"og:image:height\" content=\"1024\" \/>\n\t<meta property=\"og:image:type\" content=\"image\/jpeg\" \/>\n<meta name=\"twitter:card\" content=\"summary_large_image\" \/>\n<script type=\"application\/ld+json\" class=\"yoast-schema-graph\">{\"@context\":\"https:\/\/schema.org\",\"@graph\":[{\"@type\":\"WebPage\",\"@id\":\"https:\/\/hubsch-interior.com\/da\/vare\/cuddle-plaid-petrol-burgundy\/\",\"url\":\"https:\/\/hubsch-interior.com\/da\/vare\/cuddle-plaid-petrol-burgundy\/\",\"name\":\"Cuddle Plaid Petrol\/Burgundy - H\u00fcbsch\",\"isPartOf\":{\"@id\":\"https:\/\/hubsch-interior.com\/da\/#website\"},\"primaryImageOfPage\":{\"@id\":\"https:\/\/hubsch-interior.com\/da\/vare\/cuddle-plaid-petrol-burgundy\/#primaryimage\"},\"image\":{\"@id\":\"https:\/\/hubsch-interior.com\/da\/vare\/cuddle-plaid-petrol-burgundy\/#primaryimage\"},\"thumbnailUrl\":\"https:\/\/hubsch-interior.com\/wp-content\/uploads\/2026\/02\/cuddle-plaid-petrolburgundy-40b692e0ae3c1aa7fcadb20c1d1ef102.jpg\",\"datePublished\":\"2021-06-13T20:40:08+00:00\",\"dateModified\":\"2026-04-09T02:29:16+00:00\",\"description\":\"Bl\u00f8d og behagelig. Vores super bl\u00f8de plaid, i bl\u00e5 og bordeaux, er lavet af OEKO-TEX\u00ae STANDARD 100\u00ae bomuld og et absolut 'sofa-must-have' item. Om det er\",\"breadcrumb\":{\"@id\":\"https:\/\/hubsch-interior.com\/da\/vare\/cuddle-plaid-petrol-burgundy\/#breadcrumb\"},\"inLanguage\":\"da-DK\",\"potentialAction\":[{\"@type\":\"ReadAction\",\"target\":[\"https:\/\/hubsch-interior.com\/da\/vare\/cuddle-plaid-petrol-burgundy\/\"]}]},{\"@type\":\"ImageObject\",\"inLanguage\":\"da-DK\",\"@id\":\"https:\/\/hubsch-interior.com\/da\/vare\/cuddle-plaid-petrol-burgundy\/#primaryimage\",\"url\":\"https:\/\/hubsch-interior.com\/wp-content\/uploads\/2026\/02\/cuddle-plaid-petrolburgundy-40b692e0ae3c1aa7fcadb20c1d1ef102.jpg\",\"contentUrl\":\"https:\/\/hubsch-interior.com\/wp-content\/uploads\/2026\/02\/cuddle-plaid-petrolburgundy-40b692e0ae3c1aa7fcadb20c1d1ef102.jpg\",\"width\":1024,\"height\":1024},{\"@type\":\"BreadcrumbList\",\"@id\":\"https:\/\/hubsch-interior.com\/da\/vare\/cuddle-plaid-petrol-burgundy\/#breadcrumb\",\"itemListElement\":[{\"@type\":\"ListItem\",\"position\":1,\"name\":\"Forside\",\"item\":\"https:\/\/hubsch-interior.com\/da\/\"},{\"@type\":\"ListItem\",\"position\":2,\"name\":\"Produkter\",\"item\":\"https:\/\/hubsch-interior.com\/da\/produkter\/\"},{\"@type\":\"ListItem\",\"position\":3,\"name\":\"Tekstiler\",\"item\":\"https:\/\/hubsch-interior.com\/da\/vare-kategori\/tekstiler\/\"},{\"@type\":\"ListItem\",\"position\":4,\"name\":\"Plaider\",\"item\":\"https:\/\/hubsch-interior.com\/da\/vare-kategori\/tekstiler\/plaider-da\/\"},{\"@type\":\"ListItem\",\"position\":5,\"name\":\"Cuddle Plaid Petrol\/Burgundy\"}]},{\"@type\":\"WebSite\",\"@id\":\"https:\/\/hubsch-interior.com\/da\/#website\",\"url\":\"https:\/\/hubsch-interior.com\/da\/\",\"name\":\"H\u00fcbsch\",\"description\":\"Danish Home Interior and Design\",\"publisher\":{\"@id\":\"https:\/\/hubsch-interior.com\/da\/#organization\"},\"potentialAction\":[{\"@type\":\"SearchAction\",\"target\":{\"@type\":\"EntryPoint\",\"urlTemplate\":\"https:\/\/hubsch-interior.com\/da\/?s={search_term_string}\"},\"query-input\":{\"@type\":\"PropertyValueSpecification\",\"valueRequired\":true,\"valueName\":\"search_term_string\"}}],\"inLanguage\":\"da-DK\"},{\"@type\":\"Organization\",\"@id\":\"https:\/\/hubsch-interior.com\/da\/#organization\",\"name\":\"H\u00fcbsch\",\"url\":\"https:\/\/hubsch-interior.com\/da\/\",\"logo\":{\"@type\":\"ImageObject\",\"inLanguage\":\"da-DK\",\"@id\":\"https:\/\/hubsch-interior.com\/da\/#\/schema\/logo\/image\/\",\"url\":\"https:\/\/hubsch-interior.com\/wp-content\/uploads\/2022\/12\/Hubsch_logo_black_one_line.svg\",\"contentUrl\":\"https:\/\/hubsch-interior.com\/wp-content\/uploads\/2022\/12\/Hubsch_logo_black_one_line.svg\",\"caption\":\"H\u00fcbsch\"},\"image\":{\"@id\":\"https:\/\/hubsch-interior.com\/da\/#\/schema\/logo\/image\/\"}}]}<\/script>\n<!-- \/ Yoast SEO plugin. -->","yoast_head_json":{"title":"Cuddle Plaid Petrol\/Burgundy - H\u00fcbsch","description":"Bl\u00f8d og behagelig. Vores super bl\u00f8de plaid, i bl\u00e5 og bordeaux, er lavet af OEKO-TEX\u00ae STANDARD 100\u00ae bomuld og et absolut 'sofa-must-have' item. Om det er","robots":{"index":"index","follow":"follow","max-snippet":"max-snippet:-1","max-image-preview":"max-image-preview:large","max-video-preview":"max-video-preview:-1"},"canonical":"https:\/\/hubsch-interior.com\/da\/wp-json\/wp\/v2\/product\/398443","og_locale":"da_DK","og_type":"article","og_title":"Cuddle Plaid Petrol\/Burgundy - H\u00fcbsch","og_description":"Bl\u00f8d og behagelig. Vores super bl\u00f8de plaid, i bl\u00e5 og bordeaux, er lavet af OEKO-TEX\u00ae STANDARD 100\u00ae bomuld og et absolut 'sofa-must-have' item. Om det er","og_url":"https:\/\/hubsch-interior.com\/da\/vare\/cuddle-plaid-petrol-burgundy\/","og_site_name":"H\u00fcbsch","article_modified_time":"2026-04-09T02:29:16+00:00","og_image":[{"width":1024,"height":1024,"url":"https:\/\/hubsch-interior.com\/wp-content\/uploads\/2026\/02\/cuddle-plaid-petrolburgundy-40b692e0ae3c1aa7fcadb20c1d1ef102.jpg","type":"image\/jpeg"}],"twitter_card":"summary_large_image","schema":{"@context":"https:\/\/schema.org","@graph":[{"@type":"WebPage","@id":"https:\/\/hubsch-interior.com\/da\/vare\/cuddle-plaid-petrol-burgundy\/","url":"https:\/\/hubsch-interior.com\/da\/vare\/cuddle-plaid-petrol-burgundy\/","name":"Cuddle Plaid Petrol\/Burgundy - H\u00fcbsch","isPartOf":{"@id":"https:\/\/hubsch-interior.com\/da\/#website"},"primaryImageOfPage":{"@id":"https:\/\/hubsch-interior.com\/da\/vare\/cuddle-plaid-petrol-burgundy\/#primaryimage"},"image":{"@id":"https:\/\/hubsch-interior.com\/da\/vare\/cuddle-plaid-petrol-burgundy\/#primaryimage"},"thumbnailUrl":"https:\/\/hubsch-interior.com\/wp-content\/uploads\/2026\/02\/cuddle-plaid-petrolburgundy-40b692e0ae3c1aa7fcadb20c1d1ef102.jpg","datePublished":"2021-06-13T20:40:08+00:00","dateModified":"2026-04-09T02:29:16+00:00","description":"Bl\u00f8d og behagelig. Vores super bl\u00f8de plaid, i bl\u00e5 og bordeaux, er lavet af OEKO-TEX\u00ae STANDARD 100\u00ae bomuld og et absolut 'sofa-must-have' item. Om det er","breadcrumb":{"@id":"https:\/\/hubsch-interior.com\/da\/vare\/cuddle-plaid-petrol-burgundy\/#breadcrumb"},"inLanguage":"da-DK","potentialAction":[{"@type":"ReadAction","target":["https:\/\/hubsch-interior.com\/da\/vare\/cuddle-plaid-petrol-burgundy\/"]}]},{"@type":"ImageObject","inLanguage":"da-DK","@id":"https:\/\/hubsch-interior.com\/da\/vare\/cuddle-plaid-petrol-burgundy\/#primaryimage","url":"https:\/\/hubsch-interior.com\/wp-content\/uploads\/2026\/02\/cuddle-plaid-petrolburgundy-40b692e0ae3c1aa7fcadb20c1d1ef102.jpg","contentUrl":"https:\/\/hubsch-interior.com\/wp-content\/uploads\/2026\/02\/cuddle-plaid-petrolburgundy-40b692e0ae3c1aa7fcadb20c1d1ef102.jpg","width":1024,"height":1024},{"@type":"BreadcrumbList","@id":"https:\/\/hubsch-interior.com\/da\/vare\/cuddle-plaid-petrol-burgundy\/#breadcrumb","itemListElement":[{"@type":"ListItem","position":1,"name":"Forside","item":"https:\/\/hubsch-interior.com\/da\/"},{"@type":"ListItem","position":2,"name":"Produkter","item":"https:\/\/hubsch-interior.com\/da\/produkter\/"},{"@type":"ListItem","position":3,"name":"Tekstiler","item":"https:\/\/hubsch-interior.com\/da\/vare-kategori\/tekstiler\/"},{"@type":"ListItem","position":4,"name":"Plaider","item":"https:\/\/hubsch-interior.com\/da\/vare-kategori\/tekstiler\/plaider-da\/"},{"@type":"ListItem","position":5,"name":"Cuddle Plaid Petrol\/Burgundy"}]},{"@type":"WebSite","@id":"https:\/\/hubsch-interior.com\/da\/#website","url":"https:\/\/hubsch-interior.com\/da\/","name":"H\u00fcbsch","description":"Danish Home Interior and Design","publisher":{"@id":"https:\/\/hubsch-interior.com\/da\/#organization"},"potentialAction":[{"@type":"SearchAction","target":{"@type":"EntryPoint","urlTemplate":"https:\/\/hubsch-interior.com\/da\/?s={search_term_string}"},"query-input":{"@type":"PropertyValueSpecification","valueRequired":true,"valueName":"search_term_string"}}],"inLanguage":"da-DK"},{"@type":"Organization","@id":"https:\/\/hubsch-interior.com\/da\/#organization","name":"H\u00fcbsch","url":"https:\/\/hubsch-interior.com\/da\/","logo":{"@type":"ImageObject","inLanguage":"da-DK","@id":"https:\/\/hubsch-interior.com\/da\/#\/schema\/logo\/image\/","url":"https:\/\/hubsch-interior.com\/wp-content\/uploads\/2022\/12\/Hubsch_logo_black_one_line.svg","contentUrl":"https:\/\/hubsch-interior.com\/wp-content\/uploads\/2022\/12\/Hubsch_logo_black_one_line.svg","caption":"H\u00fcbsch"},"image":{"@id":"https:\/\/hubsch-interior.com\/da\/#\/schema\/logo\/image\/"}}]}},"_links":{"self":[{"href":"https:\/\/hubsch-interior.com\/da\/wp-json\/wp\/v2\/product\/398443","targetHints":{"allow":["GET"]}}],"collection":[{"href":"https:\/\/hubsch-interior.com\/da\/wp-json\/wp\/v2\/product"}],"about":[{"href":"https:\/\/hubsch-interior.com\/da\/wp-json\/wp\/v2\/types\/product"}],"wp:featuredmedia":[{"embeddable":true,"href":"https:\/\/hubsch-interior.com\/da\/wp-json\/wp\/v2\/media\/1096698"}],"wp:attachment":[{"href":"https:\/\/hubsch-interior.com\/da\/wp-json\/wp\/v2\/media?parent=398443"}],"wp:term":[{"taxonomy":"product_brand","embeddable":true,"href":"https:\/\/hubsch-interior.com\/da\/wp-json\/wp\/v2\/product_brand?post=398443"},{"taxonomy":"product_cat","embeddable":true,"href":"https:\/\/hubsch-interior.com\/da\/wp-json\/wp\/v2\/product_cat?post=398443"},{"taxonomy":"product_tag","embeddable":true,"href":"https:\/\/hubsch-interior.com\/da\/wp-json\/wp\/v2\/product_tag?post=398443"}],"curies":[{"name":"wp","href":"https:\/\/api.w.org\/{rel}","templated":true}]}}