{"id":398499,"date":"2021-06-13T22:49:39","date_gmt":"2021-06-13T20:49:39","guid":{"rendered":"https:\/\/hubsch-interior.com\/shop-b2c\/product\/product\/"},"modified":"2026-04-09T04:41:32","modified_gmt":"2026-04-09T02:41:32","slug":"fluffy-taeppe-beige-flerfarvet","status":"publish","type":"product","link":"https:\/\/hubsch-interior.com\/da\/vare\/fluffy-taeppe-beige-flerfarvet\/","title":{"rendered":"Fluffy T\u00e6ppe Beige\/\u00a0Flerfarvet"},"content":{"rendered":"<p>Det er ingen hemmelighed, at vi er vilde med striber. Og dette stribede t\u00e6ppe er ingen undtagelse. Et tuftet t\u00e6ppe er altid en forn\u00f8jelse, for b\u00e5de dine f\u00f8dder og dit sofabord. De vil elske dette fine t\u00e6ppe som i \u00f8vrigt er OEKO-TEX\u00ae STANDARD 100\u00ae certificeret. S\u00e5 er du p\u00e5 udkig efter et nyt t\u00e6ppe, beh\u00f8ver du ikke lede l\u00e6ngere, vi har d\u00e6kket dig ind. <\/p>\n","protected":false},"excerpt":{"rendered":"<p>Det er ingen hemmelighed, at vi er vilde med striber. Og dette stribede t\u00e6ppe er ingen undtagelse. Et tuftet t\u00e6ppe er altid en forn\u00f8jelse, for b\u00e5de dine f\u00f8dder og dit sofabord. De vil elske dette fine t\u00e6ppe som i \u00f8vrigt er OEKO-TEX\u00ae STANDARD 100\u00ae certificeret. S\u00e5 er du p\u00e5 udkig efter et nyt t\u00e6ppe, beh\u00f8ver [&hellip;]<\/p>\n","protected":false},"featured_media":1100059,"template":"","meta":{"_acf_changed":false,"inline_featured_image":false},"product_brand":[],"product_cat":[5025,3323,3000,5029],"product_tag":[],"class_list":{"0":"post-398499","1":"product","2":"type-product","3":"status-publish","4":"has-post-thumbnail","6":"product_cat-bestsellers-da","7":"product_cat-taepper-da","8":"product_cat-tekstiler","9":"product_cat-tilbage-paa-lager-da","10":"product_shipping_class-pk","12":"pa_color-flerfarvet-2","13":"pa_color-beige-2","14":"pa_material-cotton-20-da","15":"pa_material-viscose-80-da","17":"first","18":"instock","19":"featured","20":"taxable","21":"shipping-taxable","22":"purchasable","23":"product-type-simple"},"exclude_global_add_ons":[],"addons":[],"acf":[],"yoast_head":"<!-- This site is optimized with the Yoast SEO plugin v26.4 - https:\/\/yoast.com\/wordpress\/plugins\/seo\/ -->\n<title>Fluffy T\u00e6ppe Beige\/\u00a0Flerfarvet - H\u00fcbsch<\/title>\n<meta name=\"description\" content=\"Det er ingen hemmelighed, at vi er vilde med striber. Og dette stribede t\u00e6ppe er ingen undtagelse. Et tuftet t\u00e6ppe er altid en forn\u00f8jelse, for b\u00e5de dine\" \/>\n<meta name=\"robots\" content=\"index, follow, max-snippet:-1, max-image-preview:large, max-video-preview:-1\" \/>\n<link rel=\"canonical\" href=\"https:\/\/hubsch-interior.com\/da\/wp-json\/wp\/v2\/product\/398499\" \/>\n<meta property=\"og:locale\" content=\"da_DK\" \/>\n<meta property=\"og:type\" content=\"article\" \/>\n<meta property=\"og:title\" content=\"Fluffy T\u00e6ppe Beige\/\u00a0Flerfarvet - H\u00fcbsch\" \/>\n<meta property=\"og:description\" content=\"Det er ingen hemmelighed, at vi er vilde med striber. Og dette stribede t\u00e6ppe er ingen undtagelse. Et tuftet t\u00e6ppe er altid en forn\u00f8jelse, for b\u00e5de dine\" \/>\n<meta property=\"og:url\" content=\"https:\/\/hubsch-interior.com\/da\/vare\/fluffy-taeppe-beige-flerfarvet\/\" \/>\n<meta property=\"og:site_name\" content=\"H\u00fcbsch\" \/>\n<meta property=\"article:modified_time\" content=\"2026-04-09T02:41:32+00:00\" \/>\n<meta property=\"og:image\" content=\"https:\/\/hubsch-interior.com\/wp-content\/uploads\/2024\/01\/fluffy-rug-beigemulticolour-4cb9520e32af96f52a6a5d2d7f8e7aeb.jpg\" \/>\n\t<meta property=\"og:image:width\" content=\"1200\" \/>\n\t<meta property=\"og:image:height\" content=\"1200\" \/>\n\t<meta property=\"og:image:type\" content=\"image\/jpeg\" \/>\n<meta name=\"twitter:card\" content=\"summary_large_image\" \/>\n<script type=\"application\/ld+json\" class=\"yoast-schema-graph\">{\"@context\":\"https:\/\/schema.org\",\"@graph\":[{\"@type\":\"WebPage\",\"@id\":\"https:\/\/hubsch-interior.com\/da\/vare\/fluffy-taeppe-beige-flerfarvet\/\",\"url\":\"https:\/\/hubsch-interior.com\/da\/vare\/fluffy-taeppe-beige-flerfarvet\/\",\"name\":\"Fluffy T\u00e6ppe Beige\/\u00a0Flerfarvet - H\u00fcbsch\",\"isPartOf\":{\"@id\":\"https:\/\/hubsch-interior.com\/da\/#website\"},\"primaryImageOfPage\":{\"@id\":\"https:\/\/hubsch-interior.com\/da\/vare\/fluffy-taeppe-beige-flerfarvet\/#primaryimage\"},\"image\":{\"@id\":\"https:\/\/hubsch-interior.com\/da\/vare\/fluffy-taeppe-beige-flerfarvet\/#primaryimage\"},\"thumbnailUrl\":\"https:\/\/hubsch-interior.com\/wp-content\/uploads\/2026\/02\/fluffy-rug-beigemulticolour-e4d529e8fb4baa65d3b817546f4f01a1.jpg\",\"datePublished\":\"2021-06-13T20:49:39+00:00\",\"dateModified\":\"2026-04-09T02:41:32+00:00\",\"description\":\"Det er ingen hemmelighed, at vi er vilde med striber. Og dette stribede t\u00e6ppe er ingen undtagelse. Et tuftet t\u00e6ppe er altid en forn\u00f8jelse, for b\u00e5de dine\",\"breadcrumb\":{\"@id\":\"https:\/\/hubsch-interior.com\/da\/vare\/fluffy-taeppe-beige-flerfarvet\/#breadcrumb\"},\"inLanguage\":\"da-DK\",\"potentialAction\":[{\"@type\":\"ReadAction\",\"target\":[\"https:\/\/hubsch-interior.com\/da\/vare\/fluffy-taeppe-beige-flerfarvet\/\"]}]},{\"@type\":\"ImageObject\",\"inLanguage\":\"da-DK\",\"@id\":\"https:\/\/hubsch-interior.com\/da\/vare\/fluffy-taeppe-beige-flerfarvet\/#primaryimage\",\"url\":\"https:\/\/hubsch-interior.com\/wp-content\/uploads\/2026\/02\/fluffy-rug-beigemulticolour-e4d529e8fb4baa65d3b817546f4f01a1.jpg\",\"contentUrl\":\"https:\/\/hubsch-interior.com\/wp-content\/uploads\/2026\/02\/fluffy-rug-beigemulticolour-e4d529e8fb4baa65d3b817546f4f01a1.jpg\",\"width\":1024,\"height\":1024},{\"@type\":\"BreadcrumbList\",\"@id\":\"https:\/\/hubsch-interior.com\/da\/vare\/fluffy-taeppe-beige-flerfarvet\/#breadcrumb\",\"itemListElement\":[{\"@type\":\"ListItem\",\"position\":1,\"name\":\"Forside\",\"item\":\"https:\/\/hubsch-interior.com\/da\/\"},{\"@type\":\"ListItem\",\"position\":2,\"name\":\"Produkter\",\"item\":\"https:\/\/hubsch-interior.com\/da\/produkter\/\"},{\"@type\":\"ListItem\",\"position\":3,\"name\":\"Tekstiler\",\"item\":\"https:\/\/hubsch-interior.com\/da\/vare-kategori\/tekstiler\/\"},{\"@type\":\"ListItem\",\"position\":4,\"name\":\"T&aelig;pper\",\"item\":\"https:\/\/hubsch-interior.com\/da\/vare-kategori\/tekstiler\/taepper-da\/\"},{\"@type\":\"ListItem\",\"position\":5,\"name\":\"Fluffy T\u00e6ppe Beige\/\u00a0Flerfarvet\"}]},{\"@type\":\"WebSite\",\"@id\":\"https:\/\/hubsch-interior.com\/da\/#website\",\"url\":\"https:\/\/hubsch-interior.com\/da\/\",\"name\":\"H\u00fcbsch\",\"description\":\"Danish Home Interior and Design\",\"publisher\":{\"@id\":\"https:\/\/hubsch-interior.com\/da\/#organization\"},\"potentialAction\":[{\"@type\":\"SearchAction\",\"target\":{\"@type\":\"EntryPoint\",\"urlTemplate\":\"https:\/\/hubsch-interior.com\/da\/?s={search_term_string}\"},\"query-input\":{\"@type\":\"PropertyValueSpecification\",\"valueRequired\":true,\"valueName\":\"search_term_string\"}}],\"inLanguage\":\"da-DK\"},{\"@type\":\"Organization\",\"@id\":\"https:\/\/hubsch-interior.com\/da\/#organization\",\"name\":\"H\u00fcbsch\",\"url\":\"https:\/\/hubsch-interior.com\/da\/\",\"logo\":{\"@type\":\"ImageObject\",\"inLanguage\":\"da-DK\",\"@id\":\"https:\/\/hubsch-interior.com\/da\/#\/schema\/logo\/image\/\",\"url\":\"https:\/\/hubsch-interior.com\/wp-content\/uploads\/2022\/12\/Hubsch_logo_black_one_line.svg\",\"contentUrl\":\"https:\/\/hubsch-interior.com\/wp-content\/uploads\/2022\/12\/Hubsch_logo_black_one_line.svg\",\"caption\":\"H\u00fcbsch\"},\"image\":{\"@id\":\"https:\/\/hubsch-interior.com\/da\/#\/schema\/logo\/image\/\"}}]}<\/script>\n<!-- \/ Yoast SEO plugin. -->","yoast_head_json":{"title":"Fluffy T\u00e6ppe Beige\/\u00a0Flerfarvet - H\u00fcbsch","description":"Det er ingen hemmelighed, at vi er vilde med striber. Og dette stribede t\u00e6ppe er ingen undtagelse. Et tuftet t\u00e6ppe er altid en forn\u00f8jelse, for b\u00e5de dine","robots":{"index":"index","follow":"follow","max-snippet":"max-snippet:-1","max-image-preview":"max-image-preview:large","max-video-preview":"max-video-preview:-1"},"canonical":"https:\/\/hubsch-interior.com\/da\/wp-json\/wp\/v2\/product\/398499","og_locale":"da_DK","og_type":"article","og_title":"Fluffy T\u00e6ppe Beige\/\u00a0Flerfarvet - H\u00fcbsch","og_description":"Det er ingen hemmelighed, at vi er vilde med striber. Og dette stribede t\u00e6ppe er ingen undtagelse. Et tuftet t\u00e6ppe er altid en forn\u00f8jelse, for b\u00e5de dine","og_url":"https:\/\/hubsch-interior.com\/da\/vare\/fluffy-taeppe-beige-flerfarvet\/","og_site_name":"H\u00fcbsch","article_modified_time":"2026-04-09T02:41:32+00:00","og_image":[{"width":1200,"height":1200,"url":"https:\/\/hubsch-interior.com\/wp-content\/uploads\/2024\/01\/fluffy-rug-beigemulticolour-4cb9520e32af96f52a6a5d2d7f8e7aeb.jpg","type":"image\/jpeg"}],"twitter_card":"summary_large_image","schema":{"@context":"https:\/\/schema.org","@graph":[{"@type":"WebPage","@id":"https:\/\/hubsch-interior.com\/da\/vare\/fluffy-taeppe-beige-flerfarvet\/","url":"https:\/\/hubsch-interior.com\/da\/vare\/fluffy-taeppe-beige-flerfarvet\/","name":"Fluffy T\u00e6ppe Beige\/\u00a0Flerfarvet - H\u00fcbsch","isPartOf":{"@id":"https:\/\/hubsch-interior.com\/da\/#website"},"primaryImageOfPage":{"@id":"https:\/\/hubsch-interior.com\/da\/vare\/fluffy-taeppe-beige-flerfarvet\/#primaryimage"},"image":{"@id":"https:\/\/hubsch-interior.com\/da\/vare\/fluffy-taeppe-beige-flerfarvet\/#primaryimage"},"thumbnailUrl":"https:\/\/hubsch-interior.com\/wp-content\/uploads\/2026\/02\/fluffy-rug-beigemulticolour-e4d529e8fb4baa65d3b817546f4f01a1.jpg","datePublished":"2021-06-13T20:49:39+00:00","dateModified":"2026-04-09T02:41:32+00:00","description":"Det er ingen hemmelighed, at vi er vilde med striber. Og dette stribede t\u00e6ppe er ingen undtagelse. Et tuftet t\u00e6ppe er altid en forn\u00f8jelse, for b\u00e5de dine","breadcrumb":{"@id":"https:\/\/hubsch-interior.com\/da\/vare\/fluffy-taeppe-beige-flerfarvet\/#breadcrumb"},"inLanguage":"da-DK","potentialAction":[{"@type":"ReadAction","target":["https:\/\/hubsch-interior.com\/da\/vare\/fluffy-taeppe-beige-flerfarvet\/"]}]},{"@type":"ImageObject","inLanguage":"da-DK","@id":"https:\/\/hubsch-interior.com\/da\/vare\/fluffy-taeppe-beige-flerfarvet\/#primaryimage","url":"https:\/\/hubsch-interior.com\/wp-content\/uploads\/2026\/02\/fluffy-rug-beigemulticolour-e4d529e8fb4baa65d3b817546f4f01a1.jpg","contentUrl":"https:\/\/hubsch-interior.com\/wp-content\/uploads\/2026\/02\/fluffy-rug-beigemulticolour-e4d529e8fb4baa65d3b817546f4f01a1.jpg","width":1024,"height":1024},{"@type":"BreadcrumbList","@id":"https:\/\/hubsch-interior.com\/da\/vare\/fluffy-taeppe-beige-flerfarvet\/#breadcrumb","itemListElement":[{"@type":"ListItem","position":1,"name":"Forside","item":"https:\/\/hubsch-interior.com\/da\/"},{"@type":"ListItem","position":2,"name":"Produkter","item":"https:\/\/hubsch-interior.com\/da\/produkter\/"},{"@type":"ListItem","position":3,"name":"Tekstiler","item":"https:\/\/hubsch-interior.com\/da\/vare-kategori\/tekstiler\/"},{"@type":"ListItem","position":4,"name":"T&aelig;pper","item":"https:\/\/hubsch-interior.com\/da\/vare-kategori\/tekstiler\/taepper-da\/"},{"@type":"ListItem","position":5,"name":"Fluffy T\u00e6ppe Beige\/\u00a0Flerfarvet"}]},{"@type":"WebSite","@id":"https:\/\/hubsch-interior.com\/da\/#website","url":"https:\/\/hubsch-interior.com\/da\/","name":"H\u00fcbsch","description":"Danish Home Interior and Design","publisher":{"@id":"https:\/\/hubsch-interior.com\/da\/#organization"},"potentialAction":[{"@type":"SearchAction","target":{"@type":"EntryPoint","urlTemplate":"https:\/\/hubsch-interior.com\/da\/?s={search_term_string}"},"query-input":{"@type":"PropertyValueSpecification","valueRequired":true,"valueName":"search_term_string"}}],"inLanguage":"da-DK"},{"@type":"Organization","@id":"https:\/\/hubsch-interior.com\/da\/#organization","name":"H\u00fcbsch","url":"https:\/\/hubsch-interior.com\/da\/","logo":{"@type":"ImageObject","inLanguage":"da-DK","@id":"https:\/\/hubsch-interior.com\/da\/#\/schema\/logo\/image\/","url":"https:\/\/hubsch-interior.com\/wp-content\/uploads\/2022\/12\/Hubsch_logo_black_one_line.svg","contentUrl":"https:\/\/hubsch-interior.com\/wp-content\/uploads\/2022\/12\/Hubsch_logo_black_one_line.svg","caption":"H\u00fcbsch"},"image":{"@id":"https:\/\/hubsch-interior.com\/da\/#\/schema\/logo\/image\/"}}]}},"_links":{"self":[{"href":"https:\/\/hubsch-interior.com\/da\/wp-json\/wp\/v2\/product\/398499","targetHints":{"allow":["GET"]}}],"collection":[{"href":"https:\/\/hubsch-interior.com\/da\/wp-json\/wp\/v2\/product"}],"about":[{"href":"https:\/\/hubsch-interior.com\/da\/wp-json\/wp\/v2\/types\/product"}],"wp:featuredmedia":[{"embeddable":true,"href":"https:\/\/hubsch-interior.com\/da\/wp-json\/wp\/v2\/media\/1100059"}],"wp:attachment":[{"href":"https:\/\/hubsch-interior.com\/da\/wp-json\/wp\/v2\/media?parent=398499"}],"wp:term":[{"taxonomy":"product_brand","embeddable":true,"href":"https:\/\/hubsch-interior.com\/da\/wp-json\/wp\/v2\/product_brand?post=398499"},{"taxonomy":"product_cat","embeddable":true,"href":"https:\/\/hubsch-interior.com\/da\/wp-json\/wp\/v2\/product_cat?post=398499"},{"taxonomy":"product_tag","embeddable":true,"href":"https:\/\/hubsch-interior.com\/da\/wp-json\/wp\/v2\/product_tag?post=398499"}],"curies":[{"name":"wp","href":"https:\/\/api.w.org\/{rel}","templated":true}]}}