{"id":398571,"date":"2021-06-13T22:57:27","date_gmt":"2021-06-13T20:57:27","guid":{"rendered":"https:\/\/hubsch-interior.com\/shop-b2c\/product\/product\/"},"modified":"2026-04-08T04:49:57","modified_gmt":"2026-04-08T02:49:57","slug":"alp-skammel-natur","status":"publish","type":"product","link":"https:\/\/hubsch-interior.com\/da\/vare\/alp-skammel-natur\/","title":{"rendered":"Alp Skammel Natur"},"content":{"rendered":"<p>Vi elsker en smuk, gedigen og funktionel skammel. Tr\u00e6skamlen er helt perfekt til den lille hj\u00e6lper i k\u00f8kkenet. N\u00e5r h\u00e5ndvasken skal n\u00e5s, n\u00e5r der skal bages eller blot kigges p\u00e5. Den er ogs\u00e5 god p\u00e5 badev\u00e6relset, n\u00e5r der skal b\u00f8rstes t\u00e6nder. Eller blot som et udstillingsm\u00f8bel til dine fine hudplejeserier. Vi h\u00e5ber ogs\u00e5, at du bliver vild med denne skammel, som er skabt af FSC\u00ae-certificeret egetr\u00e6sfiner<\/p>\n","protected":false},"excerpt":{"rendered":"<p>Vi elsker en smuk, gedigen og funktionel skammel. Tr\u00e6skamlen er helt perfekt til den lille hj\u00e6lper i k\u00f8kkenet. N\u00e5r h\u00e5ndvasken skal n\u00e5s, n\u00e5r der skal bages eller blot kigges p\u00e5. Den er ogs\u00e5 god p\u00e5 badev\u00e6relset, n\u00e5r der skal b\u00f8rstes t\u00e6nder. Eller blot som et udstillingsm\u00f8bel til dine fine hudplejeserier. Vi h\u00e5ber ogs\u00e5, at du [&hellip;]<\/p>\n","protected":false},"featured_media":1102566,"template":"","meta":{"_acf_changed":false,"inline_featured_image":false},"product_brand":[],"product_cat":[2841,3040,5025],"product_tag":[],"class_list":{"0":"post-398571","1":"product","2":"type-product","3":"status-publish","4":"has-post-thumbnail","6":"product_cat-siddemoebler-da","7":"product_cat-skamler-da","8":"product_cat-bestsellers-da","9":"product_shipping_class-pk","10":"pa_color-natur-2","11":"pa_material-mdf-da","12":"pa_material-egetr","13":"pa_material-egetrsfiner","15":"first","16":"outofstock","17":"featured","18":"taxable","19":"shipping-taxable","20":"purchasable","21":"product-type-simple"},"exclude_global_add_ons":[],"addons":[],"acf":[],"yoast_head":"<!-- This site is optimized with the Yoast SEO plugin v26.4 - https:\/\/yoast.com\/wordpress\/plugins\/seo\/ -->\n<title>Alp Skammel Natur - H\u00fcbsch<\/title>\n<meta name=\"description\" content=\"Vi elsker en smuk, gedigen og funktionel skammel. Tr\u00e6skamlen er helt perfekt til den lille hj\u00e6lper i k\u00f8kkenet. N\u00e5r h\u00e5ndvasken skal n\u00e5s, n\u00e5r der skal bages\" \/>\n<meta name=\"robots\" content=\"index, follow, max-snippet:-1, max-image-preview:large, max-video-preview:-1\" \/>\n<link rel=\"canonical\" href=\"https:\/\/hubsch-interior.com\/da\/wp-json\/wp\/v2\/product\/398571\" \/>\n<meta property=\"og:locale\" content=\"da_DK\" \/>\n<meta property=\"og:type\" content=\"article\" \/>\n<meta property=\"og:title\" content=\"Alp Skammel Natur - H\u00fcbsch\" \/>\n<meta property=\"og:description\" content=\"Vi elsker en smuk, gedigen og funktionel skammel. Tr\u00e6skamlen er helt perfekt til den lille hj\u00e6lper i k\u00f8kkenet. N\u00e5r h\u00e5ndvasken skal n\u00e5s, n\u00e5r der skal bages\" \/>\n<meta property=\"og:url\" content=\"https:\/\/hubsch-interior.com\/da\/vare\/alp-skammel-natur\/\" \/>\n<meta property=\"og:site_name\" content=\"H\u00fcbsch\" \/>\n<meta property=\"article:modified_time\" content=\"2026-04-08T02:49:57+00:00\" \/>\n<meta property=\"og:image\" content=\"https:\/\/hubsch-interior.com\/wp-content\/uploads\/2026\/02\/alp-stool-natural-3a5c60af5a120289ddf7f52cefef9f87.jpg\" \/>\n\t<meta property=\"og:image:width\" content=\"1024\" \/>\n\t<meta property=\"og:image:height\" content=\"1024\" \/>\n\t<meta property=\"og:image:type\" content=\"image\/jpeg\" \/>\n<meta name=\"twitter:card\" content=\"summary_large_image\" \/>\n<script type=\"application\/ld+json\" class=\"yoast-schema-graph\">{\"@context\":\"https:\/\/schema.org\",\"@graph\":[{\"@type\":\"WebPage\",\"@id\":\"https:\/\/hubsch-interior.com\/da\/vare\/alp-skammel-natur\/\",\"url\":\"https:\/\/hubsch-interior.com\/da\/vare\/alp-skammel-natur\/\",\"name\":\"Alp Skammel Natur - H\u00fcbsch\",\"isPartOf\":{\"@id\":\"https:\/\/hubsch-interior.com\/da\/#website\"},\"primaryImageOfPage\":{\"@id\":\"https:\/\/hubsch-interior.com\/da\/vare\/alp-skammel-natur\/#primaryimage\"},\"image\":{\"@id\":\"https:\/\/hubsch-interior.com\/da\/vare\/alp-skammel-natur\/#primaryimage\"},\"thumbnailUrl\":\"https:\/\/hubsch-interior.com\/wp-content\/uploads\/2026\/02\/alp-stool-natural-3a5c60af5a120289ddf7f52cefef9f87.jpg\",\"datePublished\":\"2021-06-13T20:57:27+00:00\",\"dateModified\":\"2026-04-08T02:49:57+00:00\",\"description\":\"Vi elsker en smuk, gedigen og funktionel skammel. Tr\u00e6skamlen er helt perfekt til den lille hj\u00e6lper i k\u00f8kkenet. N\u00e5r h\u00e5ndvasken skal n\u00e5s, n\u00e5r der skal bages\",\"breadcrumb\":{\"@id\":\"https:\/\/hubsch-interior.com\/da\/vare\/alp-skammel-natur\/#breadcrumb\"},\"inLanguage\":\"da-DK\",\"potentialAction\":[{\"@type\":\"ReadAction\",\"target\":[\"https:\/\/hubsch-interior.com\/da\/vare\/alp-skammel-natur\/\"]}]},{\"@type\":\"ImageObject\",\"inLanguage\":\"da-DK\",\"@id\":\"https:\/\/hubsch-interior.com\/da\/vare\/alp-skammel-natur\/#primaryimage\",\"url\":\"https:\/\/hubsch-interior.com\/wp-content\/uploads\/2026\/02\/alp-stool-natural-3a5c60af5a120289ddf7f52cefef9f87.jpg\",\"contentUrl\":\"https:\/\/hubsch-interior.com\/wp-content\/uploads\/2026\/02\/alp-stool-natural-3a5c60af5a120289ddf7f52cefef9f87.jpg\",\"width\":1024,\"height\":1024},{\"@type\":\"BreadcrumbList\",\"@id\":\"https:\/\/hubsch-interior.com\/da\/vare\/alp-skammel-natur\/#breadcrumb\",\"itemListElement\":[{\"@type\":\"ListItem\",\"position\":1,\"name\":\"Forside\",\"item\":\"https:\/\/hubsch-interior.com\/da\/\"},{\"@type\":\"ListItem\",\"position\":2,\"name\":\"Produkter\",\"item\":\"https:\/\/hubsch-interior.com\/da\/produkter\/\"},{\"@type\":\"ListItem\",\"position\":3,\"name\":\"M\u00f8bler\",\"item\":\"https:\/\/hubsch-interior.com\/da\/vare-kategori\/mobler\/\"},{\"@type\":\"ListItem\",\"position\":4,\"name\":\"Siddem&oslash;bler\",\"item\":\"https:\/\/hubsch-interior.com\/da\/vare-kategori\/mobler\/siddemoebler-da\/\"},{\"@type\":\"ListItem\",\"position\":5,\"name\":\"Skamler\",\"item\":\"https:\/\/hubsch-interior.com\/da\/vare-kategori\/mobler\/siddemoebler-da\/skamler-da\/\"},{\"@type\":\"ListItem\",\"position\":6,\"name\":\"Alp Skammel Natur\"}]},{\"@type\":\"WebSite\",\"@id\":\"https:\/\/hubsch-interior.com\/da\/#website\",\"url\":\"https:\/\/hubsch-interior.com\/da\/\",\"name\":\"H\u00fcbsch\",\"description\":\"Danish Home Interior and Design\",\"publisher\":{\"@id\":\"https:\/\/hubsch-interior.com\/da\/#organization\"},\"potentialAction\":[{\"@type\":\"SearchAction\",\"target\":{\"@type\":\"EntryPoint\",\"urlTemplate\":\"https:\/\/hubsch-interior.com\/da\/?s={search_term_string}\"},\"query-input\":{\"@type\":\"PropertyValueSpecification\",\"valueRequired\":true,\"valueName\":\"search_term_string\"}}],\"inLanguage\":\"da-DK\"},{\"@type\":\"Organization\",\"@id\":\"https:\/\/hubsch-interior.com\/da\/#organization\",\"name\":\"H\u00fcbsch\",\"url\":\"https:\/\/hubsch-interior.com\/da\/\",\"logo\":{\"@type\":\"ImageObject\",\"inLanguage\":\"da-DK\",\"@id\":\"https:\/\/hubsch-interior.com\/da\/#\/schema\/logo\/image\/\",\"url\":\"https:\/\/hubsch-interior.com\/wp-content\/uploads\/2022\/12\/Hubsch_logo_black_one_line.svg\",\"contentUrl\":\"https:\/\/hubsch-interior.com\/wp-content\/uploads\/2022\/12\/Hubsch_logo_black_one_line.svg\",\"caption\":\"H\u00fcbsch\"},\"image\":{\"@id\":\"https:\/\/hubsch-interior.com\/da\/#\/schema\/logo\/image\/\"}}]}<\/script>\n<!-- \/ Yoast SEO plugin. -->","yoast_head_json":{"title":"Alp Skammel Natur - H\u00fcbsch","description":"Vi elsker en smuk, gedigen og funktionel skammel. Tr\u00e6skamlen er helt perfekt til den lille hj\u00e6lper i k\u00f8kkenet. N\u00e5r h\u00e5ndvasken skal n\u00e5s, n\u00e5r der skal bages","robots":{"index":"index","follow":"follow","max-snippet":"max-snippet:-1","max-image-preview":"max-image-preview:large","max-video-preview":"max-video-preview:-1"},"canonical":"https:\/\/hubsch-interior.com\/da\/wp-json\/wp\/v2\/product\/398571","og_locale":"da_DK","og_type":"article","og_title":"Alp Skammel Natur - H\u00fcbsch","og_description":"Vi elsker en smuk, gedigen og funktionel skammel. Tr\u00e6skamlen er helt perfekt til den lille hj\u00e6lper i k\u00f8kkenet. N\u00e5r h\u00e5ndvasken skal n\u00e5s, n\u00e5r der skal bages","og_url":"https:\/\/hubsch-interior.com\/da\/vare\/alp-skammel-natur\/","og_site_name":"H\u00fcbsch","article_modified_time":"2026-04-08T02:49:57+00:00","og_image":[{"width":1024,"height":1024,"url":"https:\/\/hubsch-interior.com\/wp-content\/uploads\/2026\/02\/alp-stool-natural-3a5c60af5a120289ddf7f52cefef9f87.jpg","type":"image\/jpeg"}],"twitter_card":"summary_large_image","schema":{"@context":"https:\/\/schema.org","@graph":[{"@type":"WebPage","@id":"https:\/\/hubsch-interior.com\/da\/vare\/alp-skammel-natur\/","url":"https:\/\/hubsch-interior.com\/da\/vare\/alp-skammel-natur\/","name":"Alp Skammel Natur - H\u00fcbsch","isPartOf":{"@id":"https:\/\/hubsch-interior.com\/da\/#website"},"primaryImageOfPage":{"@id":"https:\/\/hubsch-interior.com\/da\/vare\/alp-skammel-natur\/#primaryimage"},"image":{"@id":"https:\/\/hubsch-interior.com\/da\/vare\/alp-skammel-natur\/#primaryimage"},"thumbnailUrl":"https:\/\/hubsch-interior.com\/wp-content\/uploads\/2026\/02\/alp-stool-natural-3a5c60af5a120289ddf7f52cefef9f87.jpg","datePublished":"2021-06-13T20:57:27+00:00","dateModified":"2026-04-08T02:49:57+00:00","description":"Vi elsker en smuk, gedigen og funktionel skammel. Tr\u00e6skamlen er helt perfekt til den lille hj\u00e6lper i k\u00f8kkenet. N\u00e5r h\u00e5ndvasken skal n\u00e5s, n\u00e5r der skal bages","breadcrumb":{"@id":"https:\/\/hubsch-interior.com\/da\/vare\/alp-skammel-natur\/#breadcrumb"},"inLanguage":"da-DK","potentialAction":[{"@type":"ReadAction","target":["https:\/\/hubsch-interior.com\/da\/vare\/alp-skammel-natur\/"]}]},{"@type":"ImageObject","inLanguage":"da-DK","@id":"https:\/\/hubsch-interior.com\/da\/vare\/alp-skammel-natur\/#primaryimage","url":"https:\/\/hubsch-interior.com\/wp-content\/uploads\/2026\/02\/alp-stool-natural-3a5c60af5a120289ddf7f52cefef9f87.jpg","contentUrl":"https:\/\/hubsch-interior.com\/wp-content\/uploads\/2026\/02\/alp-stool-natural-3a5c60af5a120289ddf7f52cefef9f87.jpg","width":1024,"height":1024},{"@type":"BreadcrumbList","@id":"https:\/\/hubsch-interior.com\/da\/vare\/alp-skammel-natur\/#breadcrumb","itemListElement":[{"@type":"ListItem","position":1,"name":"Forside","item":"https:\/\/hubsch-interior.com\/da\/"},{"@type":"ListItem","position":2,"name":"Produkter","item":"https:\/\/hubsch-interior.com\/da\/produkter\/"},{"@type":"ListItem","position":3,"name":"M\u00f8bler","item":"https:\/\/hubsch-interior.com\/da\/vare-kategori\/mobler\/"},{"@type":"ListItem","position":4,"name":"Siddem&oslash;bler","item":"https:\/\/hubsch-interior.com\/da\/vare-kategori\/mobler\/siddemoebler-da\/"},{"@type":"ListItem","position":5,"name":"Skamler","item":"https:\/\/hubsch-interior.com\/da\/vare-kategori\/mobler\/siddemoebler-da\/skamler-da\/"},{"@type":"ListItem","position":6,"name":"Alp Skammel Natur"}]},{"@type":"WebSite","@id":"https:\/\/hubsch-interior.com\/da\/#website","url":"https:\/\/hubsch-interior.com\/da\/","name":"H\u00fcbsch","description":"Danish Home Interior and Design","publisher":{"@id":"https:\/\/hubsch-interior.com\/da\/#organization"},"potentialAction":[{"@type":"SearchAction","target":{"@type":"EntryPoint","urlTemplate":"https:\/\/hubsch-interior.com\/da\/?s={search_term_string}"},"query-input":{"@type":"PropertyValueSpecification","valueRequired":true,"valueName":"search_term_string"}}],"inLanguage":"da-DK"},{"@type":"Organization","@id":"https:\/\/hubsch-interior.com\/da\/#organization","name":"H\u00fcbsch","url":"https:\/\/hubsch-interior.com\/da\/","logo":{"@type":"ImageObject","inLanguage":"da-DK","@id":"https:\/\/hubsch-interior.com\/da\/#\/schema\/logo\/image\/","url":"https:\/\/hubsch-interior.com\/wp-content\/uploads\/2022\/12\/Hubsch_logo_black_one_line.svg","contentUrl":"https:\/\/hubsch-interior.com\/wp-content\/uploads\/2022\/12\/Hubsch_logo_black_one_line.svg","caption":"H\u00fcbsch"},"image":{"@id":"https:\/\/hubsch-interior.com\/da\/#\/schema\/logo\/image\/"}}]}},"_links":{"self":[{"href":"https:\/\/hubsch-interior.com\/da\/wp-json\/wp\/v2\/product\/398571","targetHints":{"allow":["GET"]}}],"collection":[{"href":"https:\/\/hubsch-interior.com\/da\/wp-json\/wp\/v2\/product"}],"about":[{"href":"https:\/\/hubsch-interior.com\/da\/wp-json\/wp\/v2\/types\/product"}],"wp:featuredmedia":[{"embeddable":true,"href":"https:\/\/hubsch-interior.com\/da\/wp-json\/wp\/v2\/media\/1102566"}],"wp:attachment":[{"href":"https:\/\/hubsch-interior.com\/da\/wp-json\/wp\/v2\/media?parent=398571"}],"wp:term":[{"taxonomy":"product_brand","embeddable":true,"href":"https:\/\/hubsch-interior.com\/da\/wp-json\/wp\/v2\/product_brand?post=398571"},{"taxonomy":"product_cat","embeddable":true,"href":"https:\/\/hubsch-interior.com\/da\/wp-json\/wp\/v2\/product_cat?post=398571"},{"taxonomy":"product_tag","embeddable":true,"href":"https:\/\/hubsch-interior.com\/da\/wp-json\/wp\/v2\/product_tag?post=398571"}],"curies":[{"name":"wp","href":"https:\/\/api.w.org\/{rel}","templated":true}]}}