{"id":398575,"date":"2021-06-13T22:57:29","date_gmt":"2021-06-13T20:57:29","guid":{"rendered":"https:\/\/hubsch-interior.com\/shop-b2c\/product\/product\/"},"modified":"2026-04-18T04:49:22","modified_gmt":"2026-04-18T02:49:22","slug":"puzzle-sidebord-natur-saet-af-2","status":"publish","type":"product","link":"https:\/\/hubsch-interior.com\/da\/vare\/puzzle-sidebord-natur-saet-af-2\/","title":{"rendered":"Puzzle Sidebord Natur (s\u00e6t af 2)"},"content":{"rendered":"<p>Disse indskudsborde i tr\u00e6 fungerer s\u00e5 fint sammen. Eller hver for sig. Et egetr\u00e6sbord matcher stort set alle slags sofaer og fungerer perfekt som enten et sidebord eller et sofabord. Disse smukke tr\u00e6borde er skabt af FSC\u00ae-certificeret egetr\u00e6sfiner, og vi knuselsker de fine detaljer i tr\u00e6ets struktur. <\/p>\n","protected":false},"excerpt":{"rendered":"<p>Disse indskudsborde i tr\u00e6 fungerer s\u00e5 fint sammen. Eller hver for sig. Et egetr\u00e6sbord matcher stort set alle slags sofaer og fungerer perfekt som enten et sidebord eller et sofabord. Disse smukke tr\u00e6borde er skabt af FSC\u00ae-certificeret egetr\u00e6sfiner, og vi knuselsker de fine detaljer i tr\u00e6ets struktur.<\/p>\n","protected":false},"featured_media":1102590,"template":"","meta":{"_acf_changed":false,"inline_featured_image":false},"product_brand":[],"product_cat":[6942,6321,2857,4026,2872,5025],"product_tag":[],"class_list":{"0":"post-398575","1":"product","2":"type-product","3":"status-publish","4":"has-post-thumbnail","6":"product_cat-bestseller-2025-da","7":"product_cat-fsc-da","8":"product_cat-borde-da","9":"product_cat-sideborde-da","10":"product_cat-sofaborde-da","11":"product_cat-bestsellers-da","12":"product_shipping_class-pk","14":"pa_color-natur-2","15":"pa_material-mdf-da","16":"pa_material-egetrsfiner","18":"first","19":"instock","20":"featured","21":"taxable","22":"shipping-taxable","23":"purchasable","24":"product-type-simple"},"exclude_global_add_ons":[],"addons":[],"acf":[],"yoast_head":"<!-- This site is optimized with the Yoast SEO plugin v26.4 - https:\/\/yoast.com\/wordpress\/plugins\/seo\/ -->\n<title>Puzzle Sidebord Natur (s\u00e6t af 2) - H\u00fcbsch<\/title>\n<meta name=\"description\" content=\"Disse indskudsborde i tr\u00e6 fungerer s\u00e5 fint sammen. Eller hver for sig. Et egetr\u00e6sbord matcher stort set alle slags sofaer og fungerer perfekt som enten et\" \/>\n<meta name=\"robots\" content=\"index, follow, max-snippet:-1, max-image-preview:large, max-video-preview:-1\" \/>\n<link rel=\"canonical\" href=\"https:\/\/hubsch-interior.com\/da\/wp-json\/wp\/v2\/product\/398575\" \/>\n<meta property=\"og:locale\" content=\"da_DK\" \/>\n<meta property=\"og:type\" content=\"article\" \/>\n<meta property=\"og:title\" content=\"Puzzle Sidebord Natur (s\u00e6t af 2) - H\u00fcbsch\" \/>\n<meta property=\"og:description\" content=\"Disse indskudsborde i tr\u00e6 fungerer s\u00e5 fint sammen. Eller hver for sig. Et egetr\u00e6sbord matcher stort set alle slags sofaer og fungerer perfekt som enten et\" \/>\n<meta property=\"og:url\" content=\"https:\/\/hubsch-interior.com\/da\/vare\/puzzle-sidebord-natur-saet-af-2\/\" \/>\n<meta property=\"og:site_name\" content=\"H\u00fcbsch\" \/>\n<meta property=\"article:modified_time\" content=\"2026-04-18T02:49:22+00:00\" \/>\n<meta property=\"og:image\" content=\"https:\/\/hubsch-interior.com\/wp-content\/uploads\/2023\/08\/puzzle-tables-natural-set-of-2-b3d1aba706eab0add55e9102c6f6a84d.jpg\" \/>\n\t<meta property=\"og:image:width\" content=\"1200\" \/>\n\t<meta property=\"og:image:height\" content=\"1200\" \/>\n\t<meta property=\"og:image:type\" content=\"image\/jpeg\" \/>\n<meta name=\"twitter:card\" content=\"summary_large_image\" \/>\n<script type=\"application\/ld+json\" class=\"yoast-schema-graph\">{\"@context\":\"https:\/\/schema.org\",\"@graph\":[{\"@type\":\"WebPage\",\"@id\":\"https:\/\/hubsch-interior.com\/da\/vare\/puzzle-sidebord-natur-saet-af-2\/\",\"url\":\"https:\/\/hubsch-interior.com\/da\/vare\/puzzle-sidebord-natur-saet-af-2\/\",\"name\":\"Puzzle Sidebord Natur (s\u00e6t af 2) - H\u00fcbsch\",\"isPartOf\":{\"@id\":\"https:\/\/hubsch-interior.com\/da\/#website\"},\"primaryImageOfPage\":{\"@id\":\"https:\/\/hubsch-interior.com\/da\/vare\/puzzle-sidebord-natur-saet-af-2\/#primaryimage\"},\"image\":{\"@id\":\"https:\/\/hubsch-interior.com\/da\/vare\/puzzle-sidebord-natur-saet-af-2\/#primaryimage\"},\"thumbnailUrl\":\"https:\/\/hubsch-interior.com\/wp-content\/uploads\/2026\/02\/puzzle-side-table-natural-set-of-2-c076ddad23f4e726f109a20e7624e79c.jpg\",\"datePublished\":\"2021-06-13T20:57:29+00:00\",\"dateModified\":\"2026-04-18T02:49:22+00:00\",\"description\":\"Disse indskudsborde i tr\u00e6 fungerer s\u00e5 fint sammen. Eller hver for sig. Et egetr\u00e6sbord matcher stort set alle slags sofaer og fungerer perfekt som enten et\",\"breadcrumb\":{\"@id\":\"https:\/\/hubsch-interior.com\/da\/vare\/puzzle-sidebord-natur-saet-af-2\/#breadcrumb\"},\"inLanguage\":\"da-DK\",\"potentialAction\":[{\"@type\":\"ReadAction\",\"target\":[\"https:\/\/hubsch-interior.com\/da\/vare\/puzzle-sidebord-natur-saet-af-2\/\"]}]},{\"@type\":\"ImageObject\",\"inLanguage\":\"da-DK\",\"@id\":\"https:\/\/hubsch-interior.com\/da\/vare\/puzzle-sidebord-natur-saet-af-2\/#primaryimage\",\"url\":\"https:\/\/hubsch-interior.com\/wp-content\/uploads\/2026\/02\/puzzle-side-table-natural-set-of-2-c076ddad23f4e726f109a20e7624e79c.jpg\",\"contentUrl\":\"https:\/\/hubsch-interior.com\/wp-content\/uploads\/2026\/02\/puzzle-side-table-natural-set-of-2-c076ddad23f4e726f109a20e7624e79c.jpg\",\"width\":1024,\"height\":1024},{\"@type\":\"BreadcrumbList\",\"@id\":\"https:\/\/hubsch-interior.com\/da\/vare\/puzzle-sidebord-natur-saet-af-2\/#breadcrumb\",\"itemListElement\":[{\"@type\":\"ListItem\",\"position\":1,\"name\":\"Forside\",\"item\":\"https:\/\/hubsch-interior.com\/da\/\"},{\"@type\":\"ListItem\",\"position\":2,\"name\":\"Produkter\",\"item\":\"https:\/\/hubsch-interior.com\/da\/produkter\/\"},{\"@type\":\"ListItem\",\"position\":3,\"name\":\"M\u00f8bler\",\"item\":\"https:\/\/hubsch-interior.com\/da\/vare-kategori\/mobler\/\"},{\"@type\":\"ListItem\",\"position\":4,\"name\":\"Borde\",\"item\":\"https:\/\/hubsch-interior.com\/da\/vare-kategori\/mobler\/borde-da\/\"},{\"@type\":\"ListItem\",\"position\":5,\"name\":\"Sideborde\",\"item\":\"https:\/\/hubsch-interior.com\/da\/vare-kategori\/mobler\/borde-da\/sideborde-da\/\"},{\"@type\":\"ListItem\",\"position\":6,\"name\":\"Puzzle Sidebord Natur (s\u00e6t af 2)\"}]},{\"@type\":\"WebSite\",\"@id\":\"https:\/\/hubsch-interior.com\/da\/#website\",\"url\":\"https:\/\/hubsch-interior.com\/da\/\",\"name\":\"H\u00fcbsch\",\"description\":\"Danish Home Interior and Design\",\"publisher\":{\"@id\":\"https:\/\/hubsch-interior.com\/da\/#organization\"},\"potentialAction\":[{\"@type\":\"SearchAction\",\"target\":{\"@type\":\"EntryPoint\",\"urlTemplate\":\"https:\/\/hubsch-interior.com\/da\/?s={search_term_string}\"},\"query-input\":{\"@type\":\"PropertyValueSpecification\",\"valueRequired\":true,\"valueName\":\"search_term_string\"}}],\"inLanguage\":\"da-DK\"},{\"@type\":\"Organization\",\"@id\":\"https:\/\/hubsch-interior.com\/da\/#organization\",\"name\":\"H\u00fcbsch\",\"url\":\"https:\/\/hubsch-interior.com\/da\/\",\"logo\":{\"@type\":\"ImageObject\",\"inLanguage\":\"da-DK\",\"@id\":\"https:\/\/hubsch-interior.com\/da\/#\/schema\/logo\/image\/\",\"url\":\"https:\/\/hubsch-interior.com\/wp-content\/uploads\/2022\/12\/Hubsch_logo_black_one_line.svg\",\"contentUrl\":\"https:\/\/hubsch-interior.com\/wp-content\/uploads\/2022\/12\/Hubsch_logo_black_one_line.svg\",\"caption\":\"H\u00fcbsch\"},\"image\":{\"@id\":\"https:\/\/hubsch-interior.com\/da\/#\/schema\/logo\/image\/\"}}]}<\/script>\n<!-- \/ Yoast SEO plugin. -->","yoast_head_json":{"title":"Puzzle Sidebord Natur (s\u00e6t af 2) - H\u00fcbsch","description":"Disse indskudsborde i tr\u00e6 fungerer s\u00e5 fint sammen. Eller hver for sig. Et egetr\u00e6sbord matcher stort set alle slags sofaer og fungerer perfekt som enten et","robots":{"index":"index","follow":"follow","max-snippet":"max-snippet:-1","max-image-preview":"max-image-preview:large","max-video-preview":"max-video-preview:-1"},"canonical":"https:\/\/hubsch-interior.com\/da\/wp-json\/wp\/v2\/product\/398575","og_locale":"da_DK","og_type":"article","og_title":"Puzzle Sidebord Natur (s\u00e6t af 2) - H\u00fcbsch","og_description":"Disse indskudsborde i tr\u00e6 fungerer s\u00e5 fint sammen. Eller hver for sig. Et egetr\u00e6sbord matcher stort set alle slags sofaer og fungerer perfekt som enten et","og_url":"https:\/\/hubsch-interior.com\/da\/vare\/puzzle-sidebord-natur-saet-af-2\/","og_site_name":"H\u00fcbsch","article_modified_time":"2026-04-18T02:49:22+00:00","og_image":[{"width":1200,"height":1200,"url":"https:\/\/hubsch-interior.com\/wp-content\/uploads\/2023\/08\/puzzle-tables-natural-set-of-2-b3d1aba706eab0add55e9102c6f6a84d.jpg","type":"image\/jpeg"}],"twitter_card":"summary_large_image","schema":{"@context":"https:\/\/schema.org","@graph":[{"@type":"WebPage","@id":"https:\/\/hubsch-interior.com\/da\/vare\/puzzle-sidebord-natur-saet-af-2\/","url":"https:\/\/hubsch-interior.com\/da\/vare\/puzzle-sidebord-natur-saet-af-2\/","name":"Puzzle Sidebord Natur (s\u00e6t af 2) - H\u00fcbsch","isPartOf":{"@id":"https:\/\/hubsch-interior.com\/da\/#website"},"primaryImageOfPage":{"@id":"https:\/\/hubsch-interior.com\/da\/vare\/puzzle-sidebord-natur-saet-af-2\/#primaryimage"},"image":{"@id":"https:\/\/hubsch-interior.com\/da\/vare\/puzzle-sidebord-natur-saet-af-2\/#primaryimage"},"thumbnailUrl":"https:\/\/hubsch-interior.com\/wp-content\/uploads\/2026\/02\/puzzle-side-table-natural-set-of-2-c076ddad23f4e726f109a20e7624e79c.jpg","datePublished":"2021-06-13T20:57:29+00:00","dateModified":"2026-04-18T02:49:22+00:00","description":"Disse indskudsborde i tr\u00e6 fungerer s\u00e5 fint sammen. Eller hver for sig. Et egetr\u00e6sbord matcher stort set alle slags sofaer og fungerer perfekt som enten et","breadcrumb":{"@id":"https:\/\/hubsch-interior.com\/da\/vare\/puzzle-sidebord-natur-saet-af-2\/#breadcrumb"},"inLanguage":"da-DK","potentialAction":[{"@type":"ReadAction","target":["https:\/\/hubsch-interior.com\/da\/vare\/puzzle-sidebord-natur-saet-af-2\/"]}]},{"@type":"ImageObject","inLanguage":"da-DK","@id":"https:\/\/hubsch-interior.com\/da\/vare\/puzzle-sidebord-natur-saet-af-2\/#primaryimage","url":"https:\/\/hubsch-interior.com\/wp-content\/uploads\/2026\/02\/puzzle-side-table-natural-set-of-2-c076ddad23f4e726f109a20e7624e79c.jpg","contentUrl":"https:\/\/hubsch-interior.com\/wp-content\/uploads\/2026\/02\/puzzle-side-table-natural-set-of-2-c076ddad23f4e726f109a20e7624e79c.jpg","width":1024,"height":1024},{"@type":"BreadcrumbList","@id":"https:\/\/hubsch-interior.com\/da\/vare\/puzzle-sidebord-natur-saet-af-2\/#breadcrumb","itemListElement":[{"@type":"ListItem","position":1,"name":"Forside","item":"https:\/\/hubsch-interior.com\/da\/"},{"@type":"ListItem","position":2,"name":"Produkter","item":"https:\/\/hubsch-interior.com\/da\/produkter\/"},{"@type":"ListItem","position":3,"name":"M\u00f8bler","item":"https:\/\/hubsch-interior.com\/da\/vare-kategori\/mobler\/"},{"@type":"ListItem","position":4,"name":"Borde","item":"https:\/\/hubsch-interior.com\/da\/vare-kategori\/mobler\/borde-da\/"},{"@type":"ListItem","position":5,"name":"Sideborde","item":"https:\/\/hubsch-interior.com\/da\/vare-kategori\/mobler\/borde-da\/sideborde-da\/"},{"@type":"ListItem","position":6,"name":"Puzzle Sidebord Natur (s\u00e6t af 2)"}]},{"@type":"WebSite","@id":"https:\/\/hubsch-interior.com\/da\/#website","url":"https:\/\/hubsch-interior.com\/da\/","name":"H\u00fcbsch","description":"Danish Home Interior and Design","publisher":{"@id":"https:\/\/hubsch-interior.com\/da\/#organization"},"potentialAction":[{"@type":"SearchAction","target":{"@type":"EntryPoint","urlTemplate":"https:\/\/hubsch-interior.com\/da\/?s={search_term_string}"},"query-input":{"@type":"PropertyValueSpecification","valueRequired":true,"valueName":"search_term_string"}}],"inLanguage":"da-DK"},{"@type":"Organization","@id":"https:\/\/hubsch-interior.com\/da\/#organization","name":"H\u00fcbsch","url":"https:\/\/hubsch-interior.com\/da\/","logo":{"@type":"ImageObject","inLanguage":"da-DK","@id":"https:\/\/hubsch-interior.com\/da\/#\/schema\/logo\/image\/","url":"https:\/\/hubsch-interior.com\/wp-content\/uploads\/2022\/12\/Hubsch_logo_black_one_line.svg","contentUrl":"https:\/\/hubsch-interior.com\/wp-content\/uploads\/2022\/12\/Hubsch_logo_black_one_line.svg","caption":"H\u00fcbsch"},"image":{"@id":"https:\/\/hubsch-interior.com\/da\/#\/schema\/logo\/image\/"}}]}},"_links":{"self":[{"href":"https:\/\/hubsch-interior.com\/da\/wp-json\/wp\/v2\/product\/398575","targetHints":{"allow":["GET"]}}],"collection":[{"href":"https:\/\/hubsch-interior.com\/da\/wp-json\/wp\/v2\/product"}],"about":[{"href":"https:\/\/hubsch-interior.com\/da\/wp-json\/wp\/v2\/types\/product"}],"wp:featuredmedia":[{"embeddable":true,"href":"https:\/\/hubsch-interior.com\/da\/wp-json\/wp\/v2\/media\/1102590"}],"wp:attachment":[{"href":"https:\/\/hubsch-interior.com\/da\/wp-json\/wp\/v2\/media?parent=398575"}],"wp:term":[{"taxonomy":"product_brand","embeddable":true,"href":"https:\/\/hubsch-interior.com\/da\/wp-json\/wp\/v2\/product_brand?post=398575"},{"taxonomy":"product_cat","embeddable":true,"href":"https:\/\/hubsch-interior.com\/da\/wp-json\/wp\/v2\/product_cat?post=398575"},{"taxonomy":"product_tag","embeddable":true,"href":"https:\/\/hubsch-interior.com\/da\/wp-json\/wp\/v2\/product_tag?post=398575"}],"curies":[{"name":"wp","href":"https:\/\/api.w.org\/{rel}","templated":true}]}}