{"id":398583,"date":"2021-06-13T22:57:35","date_gmt":"2021-06-13T20:57:35","guid":{"rendered":"https:\/\/hubsch-interior.com\/shop-b2c\/product\/product\/"},"modified":"2026-04-09T04:49:51","modified_gmt":"2026-04-09T02:49:51","slug":"museum-konsolbord-sort","status":"publish","type":"product","link":"https:\/\/hubsch-interior.com\/da\/vare\/museum-konsolbord-sort\/","title":{"rendered":"Museum Konsolbord Sort"},"content":{"rendered":"<p>Bold, black and beautiful. S\u00e5dan vil vi beskrive dette fine konsolbord med to glasl\u00e5ger. Og det siges bedst p\u00e5 engelsk. Det sorte konsolbord er lavet af FSC\u00ae-certificeret egetr\u00e6sfiner, og fungerer som det perfekte m\u00f8bel til at fremvise det fine stel, som du samler p\u00e5. Placer konsolbordet der, hvor det giver mening, uanset, s\u00e5 f\u00e5r din indretning en \u00f8jeblikkelig opgradering. <\/p>\n","protected":false},"excerpt":{"rendered":"<p>Bold, black and beautiful. S\u00e5dan vil vi beskrive dette fine konsolbord med to glasl\u00e5ger. Og det siges bedst p\u00e5 engelsk. Det sorte konsolbord er lavet af FSC\u00ae-certificeret egetr\u00e6sfiner, og fungerer som det perfekte m\u00f8bel til at fremvise det fine stel, som du samler p\u00e5. Placer konsolbordet der, hvor det giver mening, uanset, s\u00e5 f\u00e5r din [&hellip;]<\/p>\n","protected":false},"featured_media":1102602,"template":"","meta":{"_acf_changed":false,"inline_featured_image":false},"product_brand":[],"product_cat":[6321,3999,4919],"product_tag":[],"class_list":{"0":"post-398583","1":"product","2":"type-product","3":"status-publish","4":"has-post-thumbnail","6":"product_cat-fsc-da","7":"product_cat-reoler-opbevaring-da","8":"product_cat-kommoder-skaenke-da","9":"product_shipping_class-p05","11":"pa_color-sort","12":"pa_material-glas-da","13":"pa_material-mdf-da","14":"pa_material-egetr","15":"pa_material-egetrsfiner","17":"first","18":"instock","19":"taxable","20":"shipping-taxable","21":"purchasable","22":"product-type-simple"},"exclude_global_add_ons":[],"addons":[],"acf":[],"yoast_head":"<!-- This site is optimized with the Yoast SEO plugin v26.4 - https:\/\/yoast.com\/wordpress\/plugins\/seo\/ -->\n<title>Museum Konsolbord Sort - H\u00fcbsch<\/title>\n<meta name=\"description\" content=\"Bold, black and beautiful. S\u00e5dan vil vi beskrive dette fine konsolbord med to glasl\u00e5ger. Og det siges bedst p\u00e5 engelsk. Det sorte konsolbord er lavet af\" \/>\n<meta name=\"robots\" content=\"index, follow, max-snippet:-1, max-image-preview:large, max-video-preview:-1\" \/>\n<link rel=\"canonical\" href=\"https:\/\/hubsch-interior.com\/da\/wp-json\/wp\/v2\/product\/398583\" \/>\n<meta property=\"og:locale\" content=\"da_DK\" \/>\n<meta property=\"og:type\" content=\"article\" \/>\n<meta property=\"og:title\" content=\"Museum Konsolbord Sort - H\u00fcbsch\" \/>\n<meta property=\"og:description\" content=\"Bold, black and beautiful. S\u00e5dan vil vi beskrive dette fine konsolbord med to glasl\u00e5ger. Og det siges bedst p\u00e5 engelsk. Det sorte konsolbord er lavet af\" \/>\n<meta property=\"og:url\" content=\"https:\/\/hubsch-interior.com\/da\/vare\/museum-konsolbord-sort\/\" \/>\n<meta property=\"og:site_name\" content=\"H\u00fcbsch\" \/>\n<meta property=\"article:modified_time\" content=\"2026-04-09T02:49:51+00:00\" \/>\n<meta property=\"og:image\" content=\"https:\/\/hubsch-interior.com\/wp-content\/uploads\/2023\/10\/museum-console-table-black-f4d1ee683b09f9781a58c5b8b6a75060.jpg\" \/>\n\t<meta property=\"og:image:width\" content=\"1200\" \/>\n\t<meta property=\"og:image:height\" content=\"1200\" \/>\n\t<meta property=\"og:image:type\" content=\"image\/jpeg\" \/>\n<meta name=\"twitter:card\" content=\"summary_large_image\" \/>\n<script type=\"application\/ld+json\" class=\"yoast-schema-graph\">{\"@context\":\"https:\/\/schema.org\",\"@graph\":[{\"@type\":\"WebPage\",\"@id\":\"https:\/\/hubsch-interior.com\/da\/vare\/museum-konsolbord-sort\/\",\"url\":\"https:\/\/hubsch-interior.com\/da\/vare\/museum-konsolbord-sort\/\",\"name\":\"Museum Konsolbord Sort - H\u00fcbsch\",\"isPartOf\":{\"@id\":\"https:\/\/hubsch-interior.com\/da\/#website\"},\"primaryImageOfPage\":{\"@id\":\"https:\/\/hubsch-interior.com\/da\/vare\/museum-konsolbord-sort\/#primaryimage\"},\"image\":{\"@id\":\"https:\/\/hubsch-interior.com\/da\/vare\/museum-konsolbord-sort\/#primaryimage\"},\"thumbnailUrl\":\"https:\/\/hubsch-interior.com\/wp-content\/uploads\/2026\/02\/museum-console-table-black-f6cc974875015d72f5849a5aaecd735d.jpg\",\"datePublished\":\"2021-06-13T20:57:35+00:00\",\"dateModified\":\"2026-04-09T02:49:51+00:00\",\"description\":\"Bold, black and beautiful. S\u00e5dan vil vi beskrive dette fine konsolbord med to glasl\u00e5ger. Og det siges bedst p\u00e5 engelsk. Det sorte konsolbord er lavet af\",\"breadcrumb\":{\"@id\":\"https:\/\/hubsch-interior.com\/da\/vare\/museum-konsolbord-sort\/#breadcrumb\"},\"inLanguage\":\"da-DK\",\"potentialAction\":[{\"@type\":\"ReadAction\",\"target\":[\"https:\/\/hubsch-interior.com\/da\/vare\/museum-konsolbord-sort\/\"]}]},{\"@type\":\"ImageObject\",\"inLanguage\":\"da-DK\",\"@id\":\"https:\/\/hubsch-interior.com\/da\/vare\/museum-konsolbord-sort\/#primaryimage\",\"url\":\"https:\/\/hubsch-interior.com\/wp-content\/uploads\/2026\/02\/museum-console-table-black-f6cc974875015d72f5849a5aaecd735d.jpg\",\"contentUrl\":\"https:\/\/hubsch-interior.com\/wp-content\/uploads\/2026\/02\/museum-console-table-black-f6cc974875015d72f5849a5aaecd735d.jpg\",\"width\":1024,\"height\":1024},{\"@type\":\"BreadcrumbList\",\"@id\":\"https:\/\/hubsch-interior.com\/da\/vare\/museum-konsolbord-sort\/#breadcrumb\",\"itemListElement\":[{\"@type\":\"ListItem\",\"position\":1,\"name\":\"Forside\",\"item\":\"https:\/\/hubsch-interior.com\/da\/\"},{\"@type\":\"ListItem\",\"position\":2,\"name\":\"Produkter\",\"item\":\"https:\/\/hubsch-interior.com\/da\/produkter\/\"},{\"@type\":\"ListItem\",\"position\":3,\"name\":\"M\u00f8bler\",\"item\":\"https:\/\/hubsch-interior.com\/da\/vare-kategori\/mobler\/\"},{\"@type\":\"ListItem\",\"position\":4,\"name\":\"Reoler &amp; opbevaring\",\"item\":\"https:\/\/hubsch-interior.com\/da\/vare-kategori\/mobler\/reoler-opbevaring-da\/\"},{\"@type\":\"ListItem\",\"position\":5,\"name\":\"Kommoder &amp; sk&aelig;nke\",\"item\":\"https:\/\/hubsch-interior.com\/da\/vare-kategori\/mobler\/reoler-opbevaring-da\/kommoder-skaenke-da\/\"},{\"@type\":\"ListItem\",\"position\":6,\"name\":\"Museum Konsolbord Sort\"}]},{\"@type\":\"WebSite\",\"@id\":\"https:\/\/hubsch-interior.com\/da\/#website\",\"url\":\"https:\/\/hubsch-interior.com\/da\/\",\"name\":\"H\u00fcbsch\",\"description\":\"Danish Home Interior and Design\",\"publisher\":{\"@id\":\"https:\/\/hubsch-interior.com\/da\/#organization\"},\"potentialAction\":[{\"@type\":\"SearchAction\",\"target\":{\"@type\":\"EntryPoint\",\"urlTemplate\":\"https:\/\/hubsch-interior.com\/da\/?s={search_term_string}\"},\"query-input\":{\"@type\":\"PropertyValueSpecification\",\"valueRequired\":true,\"valueName\":\"search_term_string\"}}],\"inLanguage\":\"da-DK\"},{\"@type\":\"Organization\",\"@id\":\"https:\/\/hubsch-interior.com\/da\/#organization\",\"name\":\"H\u00fcbsch\",\"url\":\"https:\/\/hubsch-interior.com\/da\/\",\"logo\":{\"@type\":\"ImageObject\",\"inLanguage\":\"da-DK\",\"@id\":\"https:\/\/hubsch-interior.com\/da\/#\/schema\/logo\/image\/\",\"url\":\"https:\/\/hubsch-interior.com\/wp-content\/uploads\/2022\/12\/Hubsch_logo_black_one_line.svg\",\"contentUrl\":\"https:\/\/hubsch-interior.com\/wp-content\/uploads\/2022\/12\/Hubsch_logo_black_one_line.svg\",\"caption\":\"H\u00fcbsch\"},\"image\":{\"@id\":\"https:\/\/hubsch-interior.com\/da\/#\/schema\/logo\/image\/\"}}]}<\/script>\n<!-- \/ Yoast SEO plugin. -->","yoast_head_json":{"title":"Museum Konsolbord Sort - H\u00fcbsch","description":"Bold, black and beautiful. S\u00e5dan vil vi beskrive dette fine konsolbord med to glasl\u00e5ger. Og det siges bedst p\u00e5 engelsk. Det sorte konsolbord er lavet af","robots":{"index":"index","follow":"follow","max-snippet":"max-snippet:-1","max-image-preview":"max-image-preview:large","max-video-preview":"max-video-preview:-1"},"canonical":"https:\/\/hubsch-interior.com\/da\/wp-json\/wp\/v2\/product\/398583","og_locale":"da_DK","og_type":"article","og_title":"Museum Konsolbord Sort - H\u00fcbsch","og_description":"Bold, black and beautiful. S\u00e5dan vil vi beskrive dette fine konsolbord med to glasl\u00e5ger. Og det siges bedst p\u00e5 engelsk. Det sorte konsolbord er lavet af","og_url":"https:\/\/hubsch-interior.com\/da\/vare\/museum-konsolbord-sort\/","og_site_name":"H\u00fcbsch","article_modified_time":"2026-04-09T02:49:51+00:00","og_image":[{"width":1200,"height":1200,"url":"https:\/\/hubsch-interior.com\/wp-content\/uploads\/2023\/10\/museum-console-table-black-f4d1ee683b09f9781a58c5b8b6a75060.jpg","type":"image\/jpeg"}],"twitter_card":"summary_large_image","schema":{"@context":"https:\/\/schema.org","@graph":[{"@type":"WebPage","@id":"https:\/\/hubsch-interior.com\/da\/vare\/museum-konsolbord-sort\/","url":"https:\/\/hubsch-interior.com\/da\/vare\/museum-konsolbord-sort\/","name":"Museum Konsolbord Sort - H\u00fcbsch","isPartOf":{"@id":"https:\/\/hubsch-interior.com\/da\/#website"},"primaryImageOfPage":{"@id":"https:\/\/hubsch-interior.com\/da\/vare\/museum-konsolbord-sort\/#primaryimage"},"image":{"@id":"https:\/\/hubsch-interior.com\/da\/vare\/museum-konsolbord-sort\/#primaryimage"},"thumbnailUrl":"https:\/\/hubsch-interior.com\/wp-content\/uploads\/2026\/02\/museum-console-table-black-f6cc974875015d72f5849a5aaecd735d.jpg","datePublished":"2021-06-13T20:57:35+00:00","dateModified":"2026-04-09T02:49:51+00:00","description":"Bold, black and beautiful. S\u00e5dan vil vi beskrive dette fine konsolbord med to glasl\u00e5ger. Og det siges bedst p\u00e5 engelsk. Det sorte konsolbord er lavet af","breadcrumb":{"@id":"https:\/\/hubsch-interior.com\/da\/vare\/museum-konsolbord-sort\/#breadcrumb"},"inLanguage":"da-DK","potentialAction":[{"@type":"ReadAction","target":["https:\/\/hubsch-interior.com\/da\/vare\/museum-konsolbord-sort\/"]}]},{"@type":"ImageObject","inLanguage":"da-DK","@id":"https:\/\/hubsch-interior.com\/da\/vare\/museum-konsolbord-sort\/#primaryimage","url":"https:\/\/hubsch-interior.com\/wp-content\/uploads\/2026\/02\/museum-console-table-black-f6cc974875015d72f5849a5aaecd735d.jpg","contentUrl":"https:\/\/hubsch-interior.com\/wp-content\/uploads\/2026\/02\/museum-console-table-black-f6cc974875015d72f5849a5aaecd735d.jpg","width":1024,"height":1024},{"@type":"BreadcrumbList","@id":"https:\/\/hubsch-interior.com\/da\/vare\/museum-konsolbord-sort\/#breadcrumb","itemListElement":[{"@type":"ListItem","position":1,"name":"Forside","item":"https:\/\/hubsch-interior.com\/da\/"},{"@type":"ListItem","position":2,"name":"Produkter","item":"https:\/\/hubsch-interior.com\/da\/produkter\/"},{"@type":"ListItem","position":3,"name":"M\u00f8bler","item":"https:\/\/hubsch-interior.com\/da\/vare-kategori\/mobler\/"},{"@type":"ListItem","position":4,"name":"Reoler &amp; opbevaring","item":"https:\/\/hubsch-interior.com\/da\/vare-kategori\/mobler\/reoler-opbevaring-da\/"},{"@type":"ListItem","position":5,"name":"Kommoder &amp; sk&aelig;nke","item":"https:\/\/hubsch-interior.com\/da\/vare-kategori\/mobler\/reoler-opbevaring-da\/kommoder-skaenke-da\/"},{"@type":"ListItem","position":6,"name":"Museum Konsolbord Sort"}]},{"@type":"WebSite","@id":"https:\/\/hubsch-interior.com\/da\/#website","url":"https:\/\/hubsch-interior.com\/da\/","name":"H\u00fcbsch","description":"Danish Home Interior and Design","publisher":{"@id":"https:\/\/hubsch-interior.com\/da\/#organization"},"potentialAction":[{"@type":"SearchAction","target":{"@type":"EntryPoint","urlTemplate":"https:\/\/hubsch-interior.com\/da\/?s={search_term_string}"},"query-input":{"@type":"PropertyValueSpecification","valueRequired":true,"valueName":"search_term_string"}}],"inLanguage":"da-DK"},{"@type":"Organization","@id":"https:\/\/hubsch-interior.com\/da\/#organization","name":"H\u00fcbsch","url":"https:\/\/hubsch-interior.com\/da\/","logo":{"@type":"ImageObject","inLanguage":"da-DK","@id":"https:\/\/hubsch-interior.com\/da\/#\/schema\/logo\/image\/","url":"https:\/\/hubsch-interior.com\/wp-content\/uploads\/2022\/12\/Hubsch_logo_black_one_line.svg","contentUrl":"https:\/\/hubsch-interior.com\/wp-content\/uploads\/2022\/12\/Hubsch_logo_black_one_line.svg","caption":"H\u00fcbsch"},"image":{"@id":"https:\/\/hubsch-interior.com\/da\/#\/schema\/logo\/image\/"}}]}},"_links":{"self":[{"href":"https:\/\/hubsch-interior.com\/da\/wp-json\/wp\/v2\/product\/398583","targetHints":{"allow":["GET"]}}],"collection":[{"href":"https:\/\/hubsch-interior.com\/da\/wp-json\/wp\/v2\/product"}],"about":[{"href":"https:\/\/hubsch-interior.com\/da\/wp-json\/wp\/v2\/types\/product"}],"wp:featuredmedia":[{"embeddable":true,"href":"https:\/\/hubsch-interior.com\/da\/wp-json\/wp\/v2\/media\/1102602"}],"wp:attachment":[{"href":"https:\/\/hubsch-interior.com\/da\/wp-json\/wp\/v2\/media?parent=398583"}],"wp:term":[{"taxonomy":"product_brand","embeddable":true,"href":"https:\/\/hubsch-interior.com\/da\/wp-json\/wp\/v2\/product_brand?post=398583"},{"taxonomy":"product_cat","embeddable":true,"href":"https:\/\/hubsch-interior.com\/da\/wp-json\/wp\/v2\/product_cat?post=398583"},{"taxonomy":"product_tag","embeddable":true,"href":"https:\/\/hubsch-interior.com\/da\/wp-json\/wp\/v2\/product_tag?post=398583"}],"curies":[{"name":"wp","href":"https:\/\/api.w.org\/{rel}","templated":true}]}}