{"id":398591,"date":"2021-06-13T22:57:40","date_gmt":"2021-06-13T20:57:40","guid":{"rendered":"https:\/\/hubsch-interior.com\/shop-b2c\/product\/product\/"},"modified":"2026-04-12T04:51:04","modified_gmt":"2026-04-12T02:51:04","slug":"herringbone-konsolbord-skuffer-natur","status":"publish","type":"product","link":"https:\/\/hubsch-interior.com\/da\/vare\/herringbone-konsolbord-skuffer-natur\/","title":{"rendered":"Herringbone Konsolbord Skuffer Natur"},"content":{"rendered":"<p>Et varmt velkommen hjem. Det er, hvad dette smukke konsolbord med sildebensm\u00f8nster vil give dig. M\u00f8blet er perfekt til at samle og holde styr p\u00e5 alle de sm\u00e5 ting, som altid lander i entreen: n\u00f8gler, huer og handsker. Og solbriller. Tre rummelige skuffer hj\u00e6lper dig med at holde orden p\u00e5 din ting, s\u00e5 du altid ved, hvor du kan finde din ting. Konsolbordet er lavet af FSC\u00ae-certificeret tr\u00e6, og er en sikker entr\u00e9-klassiker.<\/p>\n","protected":false},"excerpt":{"rendered":"<p>Et varmt velkommen hjem. Det er, hvad dette smukke konsolbord med sildebensm\u00f8nster vil give dig. M\u00f8blet er perfekt til at samle og holde styr p\u00e5 alle de sm\u00e5 ting, som altid lander i entreen: n\u00f8gler, huer og handsker. Og solbriller. Tre rummelige skuffer hj\u00e6lper dig med at holde orden p\u00e5 din ting, s\u00e5 du altid [&hellip;]<\/p>\n","protected":false},"featured_media":1102642,"template":"","meta":{"_acf_changed":false,"inline_featured_image":false},"product_brand":[],"product_cat":[2855,2856,5024],"product_tag":[],"class_list":{"0":"post-398591","1":"product","2":"type-product","3":"status-publish","4":"has-post-thumbnail","6":"product_cat-tables","7":"product_cat-console-tables","8":"product_cat-bestsellers","9":"product_shipping_class-p05","11":"pa_color-natural","12":"pa_material-mdf","13":"pa_material-oak-wood","14":"pa_material-oak-veneer","16":"first","17":"outofstock","18":"featured","19":"taxable","20":"shipping-taxable","21":"purchasable","22":"product-type-simple"},"exclude_global_add_ons":[],"addons":[],"acf":[],"yoast_head":"<!-- This site is optimized with the Yoast SEO plugin v26.4 - https:\/\/yoast.com\/wordpress\/plugins\/seo\/ -->\n<title>Herringbone Konsolbord Skuffer Natur - H\u00fcbsch<\/title>\n<meta name=\"description\" content=\"Et varmt velkommen hjem. Det er, hvad dette smukke konsolbord med sildebensm\u00f8nster vil give dig. M\u00f8blet er perfekt til at samle og holde styr p\u00e5 alle de\" \/>\n<meta name=\"robots\" content=\"index, follow, max-snippet:-1, max-image-preview:large, max-video-preview:-1\" \/>\n<link rel=\"canonical\" href=\"https:\/\/hubsch-interior.com\/da\/wp-json\/wp\/v2\/product\/398591\" \/>\n<meta property=\"og:locale\" content=\"da_DK\" \/>\n<meta property=\"og:type\" content=\"article\" \/>\n<meta property=\"og:title\" content=\"Herringbone Konsolbord Skuffer Natur - H\u00fcbsch\" \/>\n<meta property=\"og:description\" content=\"Et varmt velkommen hjem. Det er, hvad dette smukke konsolbord med sildebensm\u00f8nster vil give dig. M\u00f8blet er perfekt til at samle og holde styr p\u00e5 alle de\" \/>\n<meta property=\"og:url\" content=\"https:\/\/hubsch-interior.com\/da\/vare\/herringbone-konsolbord-skuffer-natur\/\" \/>\n<meta property=\"og:site_name\" content=\"H\u00fcbsch\" \/>\n<meta property=\"article:modified_time\" content=\"2026-04-12T02:51:04+00:00\" \/>\n<meta property=\"og:image\" content=\"https:\/\/hubsch-interior.com\/wp-content\/uploads\/2023\/08\/herringbone-console-table-drawers-natural-27d66a7b453e8b345513a3b468ca6d3c.jpg\" \/>\n\t<meta property=\"og:image:width\" content=\"1200\" \/>\n\t<meta property=\"og:image:height\" content=\"1200\" \/>\n\t<meta property=\"og:image:type\" content=\"image\/jpeg\" \/>\n<meta name=\"twitter:card\" content=\"summary_large_image\" \/>\n<script type=\"application\/ld+json\" class=\"yoast-schema-graph\">{\"@context\":\"https:\/\/schema.org\",\"@graph\":[{\"@type\":\"WebPage\",\"@id\":\"https:\/\/hubsch-interior.com\/da\/vare\/herringbone-konsolbord-skuffer-natur\/\",\"url\":\"https:\/\/hubsch-interior.com\/da\/vare\/herringbone-konsolbord-skuffer-natur\/\",\"name\":\"Herringbone Konsolbord Skuffer Natur - H\u00fcbsch\",\"isPartOf\":{\"@id\":\"https:\/\/hubsch-interior.com\/da\/#website\"},\"primaryImageOfPage\":{\"@id\":\"https:\/\/hubsch-interior.com\/da\/vare\/herringbone-konsolbord-skuffer-natur\/#primaryimage\"},\"image\":{\"@id\":\"https:\/\/hubsch-interior.com\/da\/vare\/herringbone-konsolbord-skuffer-natur\/#primaryimage\"},\"thumbnailUrl\":\"https:\/\/hubsch-interior.com\/wp-content\/uploads\/2026\/02\/herringbone-console-table-drawers-natural-dcdadf260930d322feb83ef585cacc9b.jpg\",\"datePublished\":\"2021-06-13T20:57:40+00:00\",\"dateModified\":\"2026-04-12T02:51:04+00:00\",\"description\":\"Et varmt velkommen hjem. Det er, hvad dette smukke konsolbord med sildebensm\u00f8nster vil give dig. M\u00f8blet er perfekt til at samle og holde styr p\u00e5 alle de\",\"breadcrumb\":{\"@id\":\"https:\/\/hubsch-interior.com\/da\/vare\/herringbone-konsolbord-skuffer-natur\/#breadcrumb\"},\"inLanguage\":\"da-DK\",\"potentialAction\":[{\"@type\":\"ReadAction\",\"target\":[\"https:\/\/hubsch-interior.com\/da\/vare\/herringbone-konsolbord-skuffer-natur\/\"]}]},{\"@type\":\"ImageObject\",\"inLanguage\":\"da-DK\",\"@id\":\"https:\/\/hubsch-interior.com\/da\/vare\/herringbone-konsolbord-skuffer-natur\/#primaryimage\",\"url\":\"https:\/\/hubsch-interior.com\/wp-content\/uploads\/2026\/02\/herringbone-console-table-drawers-natural-dcdadf260930d322feb83ef585cacc9b.jpg\",\"contentUrl\":\"https:\/\/hubsch-interior.com\/wp-content\/uploads\/2026\/02\/herringbone-console-table-drawers-natural-dcdadf260930d322feb83ef585cacc9b.jpg\",\"width\":1024,\"height\":1024},{\"@type\":\"BreadcrumbList\",\"@id\":\"https:\/\/hubsch-interior.com\/da\/vare\/herringbone-konsolbord-skuffer-natur\/#breadcrumb\",\"itemListElement\":[{\"@type\":\"ListItem\",\"position\":1,\"name\":\"Forside\",\"item\":\"https:\/\/hubsch-interior.com\/da\/\"},{\"@type\":\"ListItem\",\"position\":2,\"name\":\"Produkter\",\"item\":\"https:\/\/hubsch-interior.com\/da\/produkter\/\"},{\"@type\":\"ListItem\",\"position\":3,\"name\":\"M\u00f8bler\",\"item\":\"https:\/\/hubsch-interior.com\/da\/vare-kategori\/mobler\/\"},{\"@type\":\"ListItem\",\"position\":4,\"name\":\"Borde\",\"item\":\"https:\/\/hubsch-interior.com\/da\/vare-kategori\/mobler\/borde-da\/\"},{\"@type\":\"ListItem\",\"position\":5,\"name\":\"Konsolborde\",\"item\":\"https:\/\/hubsch-interior.com\/da\/vare-kategori\/mobler\/borde-da\/konsolborde-da\/\"},{\"@type\":\"ListItem\",\"position\":6,\"name\":\"Herringbone Konsolbord Skuffer Natur\"}]},{\"@type\":\"WebSite\",\"@id\":\"https:\/\/hubsch-interior.com\/da\/#website\",\"url\":\"https:\/\/hubsch-interior.com\/da\/\",\"name\":\"H\u00fcbsch\",\"description\":\"Danish Home Interior and Design\",\"publisher\":{\"@id\":\"https:\/\/hubsch-interior.com\/da\/#organization\"},\"potentialAction\":[{\"@type\":\"SearchAction\",\"target\":{\"@type\":\"EntryPoint\",\"urlTemplate\":\"https:\/\/hubsch-interior.com\/da\/?s={search_term_string}\"},\"query-input\":{\"@type\":\"PropertyValueSpecification\",\"valueRequired\":true,\"valueName\":\"search_term_string\"}}],\"inLanguage\":\"da-DK\"},{\"@type\":\"Organization\",\"@id\":\"https:\/\/hubsch-interior.com\/da\/#organization\",\"name\":\"H\u00fcbsch\",\"url\":\"https:\/\/hubsch-interior.com\/da\/\",\"logo\":{\"@type\":\"ImageObject\",\"inLanguage\":\"da-DK\",\"@id\":\"https:\/\/hubsch-interior.com\/da\/#\/schema\/logo\/image\/\",\"url\":\"https:\/\/hubsch-interior.com\/wp-content\/uploads\/2022\/12\/Hubsch_logo_black_one_line.svg\",\"contentUrl\":\"https:\/\/hubsch-interior.com\/wp-content\/uploads\/2022\/12\/Hubsch_logo_black_one_line.svg\",\"caption\":\"H\u00fcbsch\"},\"image\":{\"@id\":\"https:\/\/hubsch-interior.com\/da\/#\/schema\/logo\/image\/\"}}]}<\/script>\n<!-- \/ Yoast SEO plugin. -->","yoast_head_json":{"title":"Herringbone Konsolbord Skuffer Natur - H\u00fcbsch","description":"Et varmt velkommen hjem. Det er, hvad dette smukke konsolbord med sildebensm\u00f8nster vil give dig. M\u00f8blet er perfekt til at samle og holde styr p\u00e5 alle de","robots":{"index":"index","follow":"follow","max-snippet":"max-snippet:-1","max-image-preview":"max-image-preview:large","max-video-preview":"max-video-preview:-1"},"canonical":"https:\/\/hubsch-interior.com\/da\/wp-json\/wp\/v2\/product\/398591","og_locale":"da_DK","og_type":"article","og_title":"Herringbone Konsolbord Skuffer Natur - H\u00fcbsch","og_description":"Et varmt velkommen hjem. Det er, hvad dette smukke konsolbord med sildebensm\u00f8nster vil give dig. M\u00f8blet er perfekt til at samle og holde styr p\u00e5 alle de","og_url":"https:\/\/hubsch-interior.com\/da\/vare\/herringbone-konsolbord-skuffer-natur\/","og_site_name":"H\u00fcbsch","article_modified_time":"2026-04-12T02:51:04+00:00","og_image":[{"width":1200,"height":1200,"url":"https:\/\/hubsch-interior.com\/wp-content\/uploads\/2023\/08\/herringbone-console-table-drawers-natural-27d66a7b453e8b345513a3b468ca6d3c.jpg","type":"image\/jpeg"}],"twitter_card":"summary_large_image","schema":{"@context":"https:\/\/schema.org","@graph":[{"@type":"WebPage","@id":"https:\/\/hubsch-interior.com\/da\/vare\/herringbone-konsolbord-skuffer-natur\/","url":"https:\/\/hubsch-interior.com\/da\/vare\/herringbone-konsolbord-skuffer-natur\/","name":"Herringbone Konsolbord Skuffer Natur - H\u00fcbsch","isPartOf":{"@id":"https:\/\/hubsch-interior.com\/da\/#website"},"primaryImageOfPage":{"@id":"https:\/\/hubsch-interior.com\/da\/vare\/herringbone-konsolbord-skuffer-natur\/#primaryimage"},"image":{"@id":"https:\/\/hubsch-interior.com\/da\/vare\/herringbone-konsolbord-skuffer-natur\/#primaryimage"},"thumbnailUrl":"https:\/\/hubsch-interior.com\/wp-content\/uploads\/2026\/02\/herringbone-console-table-drawers-natural-dcdadf260930d322feb83ef585cacc9b.jpg","datePublished":"2021-06-13T20:57:40+00:00","dateModified":"2026-04-12T02:51:04+00:00","description":"Et varmt velkommen hjem. Det er, hvad dette smukke konsolbord med sildebensm\u00f8nster vil give dig. M\u00f8blet er perfekt til at samle og holde styr p\u00e5 alle de","breadcrumb":{"@id":"https:\/\/hubsch-interior.com\/da\/vare\/herringbone-konsolbord-skuffer-natur\/#breadcrumb"},"inLanguage":"da-DK","potentialAction":[{"@type":"ReadAction","target":["https:\/\/hubsch-interior.com\/da\/vare\/herringbone-konsolbord-skuffer-natur\/"]}]},{"@type":"ImageObject","inLanguage":"da-DK","@id":"https:\/\/hubsch-interior.com\/da\/vare\/herringbone-konsolbord-skuffer-natur\/#primaryimage","url":"https:\/\/hubsch-interior.com\/wp-content\/uploads\/2026\/02\/herringbone-console-table-drawers-natural-dcdadf260930d322feb83ef585cacc9b.jpg","contentUrl":"https:\/\/hubsch-interior.com\/wp-content\/uploads\/2026\/02\/herringbone-console-table-drawers-natural-dcdadf260930d322feb83ef585cacc9b.jpg","width":1024,"height":1024},{"@type":"BreadcrumbList","@id":"https:\/\/hubsch-interior.com\/da\/vare\/herringbone-konsolbord-skuffer-natur\/#breadcrumb","itemListElement":[{"@type":"ListItem","position":1,"name":"Forside","item":"https:\/\/hubsch-interior.com\/da\/"},{"@type":"ListItem","position":2,"name":"Produkter","item":"https:\/\/hubsch-interior.com\/da\/produkter\/"},{"@type":"ListItem","position":3,"name":"M\u00f8bler","item":"https:\/\/hubsch-interior.com\/da\/vare-kategori\/mobler\/"},{"@type":"ListItem","position":4,"name":"Borde","item":"https:\/\/hubsch-interior.com\/da\/vare-kategori\/mobler\/borde-da\/"},{"@type":"ListItem","position":5,"name":"Konsolborde","item":"https:\/\/hubsch-interior.com\/da\/vare-kategori\/mobler\/borde-da\/konsolborde-da\/"},{"@type":"ListItem","position":6,"name":"Herringbone Konsolbord Skuffer Natur"}]},{"@type":"WebSite","@id":"https:\/\/hubsch-interior.com\/da\/#website","url":"https:\/\/hubsch-interior.com\/da\/","name":"H\u00fcbsch","description":"Danish Home Interior and Design","publisher":{"@id":"https:\/\/hubsch-interior.com\/da\/#organization"},"potentialAction":[{"@type":"SearchAction","target":{"@type":"EntryPoint","urlTemplate":"https:\/\/hubsch-interior.com\/da\/?s={search_term_string}"},"query-input":{"@type":"PropertyValueSpecification","valueRequired":true,"valueName":"search_term_string"}}],"inLanguage":"da-DK"},{"@type":"Organization","@id":"https:\/\/hubsch-interior.com\/da\/#organization","name":"H\u00fcbsch","url":"https:\/\/hubsch-interior.com\/da\/","logo":{"@type":"ImageObject","inLanguage":"da-DK","@id":"https:\/\/hubsch-interior.com\/da\/#\/schema\/logo\/image\/","url":"https:\/\/hubsch-interior.com\/wp-content\/uploads\/2022\/12\/Hubsch_logo_black_one_line.svg","contentUrl":"https:\/\/hubsch-interior.com\/wp-content\/uploads\/2022\/12\/Hubsch_logo_black_one_line.svg","caption":"H\u00fcbsch"},"image":{"@id":"https:\/\/hubsch-interior.com\/da\/#\/schema\/logo\/image\/"}}]}},"_links":{"self":[{"href":"https:\/\/hubsch-interior.com\/da\/wp-json\/wp\/v2\/product\/398591","targetHints":{"allow":["GET"]}}],"collection":[{"href":"https:\/\/hubsch-interior.com\/da\/wp-json\/wp\/v2\/product"}],"about":[{"href":"https:\/\/hubsch-interior.com\/da\/wp-json\/wp\/v2\/types\/product"}],"wp:featuredmedia":[{"embeddable":true,"href":"https:\/\/hubsch-interior.com\/da\/wp-json\/wp\/v2\/media\/1102642"}],"wp:attachment":[{"href":"https:\/\/hubsch-interior.com\/da\/wp-json\/wp\/v2\/media?parent=398591"}],"wp:term":[{"taxonomy":"product_brand","embeddable":true,"href":"https:\/\/hubsch-interior.com\/da\/wp-json\/wp\/v2\/product_brand?post=398591"},{"taxonomy":"product_cat","embeddable":true,"href":"https:\/\/hubsch-interior.com\/da\/wp-json\/wp\/v2\/product_cat?post=398591"},{"taxonomy":"product_tag","embeddable":true,"href":"https:\/\/hubsch-interior.com\/da\/wp-json\/wp\/v2\/product_tag?post=398591"}],"curies":[{"name":"wp","href":"https:\/\/api.w.org\/{rel}","templated":true}]}}