{"id":398631,"date":"2021-06-13T22:58:07","date_gmt":"2021-06-13T20:58:07","guid":{"rendered":"https:\/\/hubsch-interior.com\/shop-b2c\/product\/product\/"},"modified":"2026-04-09T04:49:56","modified_gmt":"2026-04-09T02:49:56","slug":"heritage-baenk-small-natur","status":"publish","type":"product","link":"https:\/\/hubsch-interior.com\/da\/vare\/heritage-baenk-small-natur\/","title":{"rendered":"Heritage B\u00e6nk Small Natur"},"content":{"rendered":"<p>Denne smukke b\u00e6nk i naturfarvet egetr\u00e6 indkapsler skandinavisk design, med sine fine linjer og minimalistiske udtryk. Og vi elsker den. Egetr\u00e6 har det med at bringe varme og bl\u00f8dhed til det formelle rum. Brug b\u00e6nken i entr\u00e9en, for enden af din seng eller p\u00e5 dit kontor. Uanset, hvor du placerer denne smukke egetr\u00e6sb\u00e6nk, s\u00e5 har du et m\u00f8bel uden deadline. Denne b\u00e6nk har du til evig tid. <\/p>\n","protected":false},"excerpt":{"rendered":"<p>Denne smukke b\u00e6nk i naturfarvet egetr\u00e6 indkapsler skandinavisk design, med sine fine linjer og minimalistiske udtryk. Og vi elsker den. Egetr\u00e6 har det med at bringe varme og bl\u00f8dhed til det formelle rum. Brug b\u00e6nken i entr\u00e9en, for enden af din seng eller p\u00e5 dit kontor. Uanset, hvor du placerer denne smukke egetr\u00e6sb\u00e6nk, s\u00e5 har [&hellip;]<\/p>\n","protected":false},"featured_media":1114479,"template":"","meta":{"_acf_changed":false,"inline_featured_image":false},"product_brand":[],"product_cat":[2876,6942,5025,6321,2841],"product_tag":[],"class_list":{"0":"post-398631","1":"product","2":"type-product","3":"status-publish","4":"has-post-thumbnail","6":"product_cat-baenke-da","7":"product_cat-bestseller-2025-da","8":"product_cat-bestsellers-da","9":"product_cat-fsc-da","10":"product_cat-siddemoebler-da","11":"product_shipping_class-pk","13":"pa_color-natur-2","14":"pa_material-egetr","15":"pa_material-paper-string","17":"first","18":"instock","19":"featured","20":"taxable","21":"shipping-taxable","22":"purchasable","23":"product-type-simple"},"exclude_global_add_ons":[],"addons":[],"acf":[],"yoast_head":"<!-- This site is optimized with the Yoast SEO plugin v26.4 - https:\/\/yoast.com\/wordpress\/plugins\/seo\/ -->\n<title>Heritage B\u00e6nk Small Natur - H\u00fcbsch<\/title>\n<meta name=\"description\" content=\"Denne smukke b\u00e6nk i naturfarvet egetr\u00e6 indkapsler skandinavisk design, med sine fine linjer og minimalistiske udtryk. Og vi elsker den. Egetr\u00e6 har det med\" \/>\n<meta name=\"robots\" content=\"index, follow, max-snippet:-1, max-image-preview:large, max-video-preview:-1\" \/>\n<link rel=\"canonical\" href=\"https:\/\/hubsch-interior.com\/da\/wp-json\/wp\/v2\/product\/398631\" \/>\n<meta property=\"og:locale\" content=\"da_DK\" \/>\n<meta property=\"og:type\" content=\"article\" \/>\n<meta property=\"og:title\" content=\"Heritage B\u00e6nk Small Natur - H\u00fcbsch\" \/>\n<meta property=\"og:description\" content=\"Denne smukke b\u00e6nk i naturfarvet egetr\u00e6 indkapsler skandinavisk design, med sine fine linjer og minimalistiske udtryk. Og vi elsker den. Egetr\u00e6 har det med\" \/>\n<meta property=\"og:url\" content=\"https:\/\/hubsch-interior.com\/da\/vare\/heritage-baenk-small-natur\/\" \/>\n<meta property=\"og:site_name\" content=\"H\u00fcbsch\" \/>\n<meta property=\"article:modified_time\" content=\"2026-04-09T02:49:56+00:00\" \/>\n<meta property=\"og:image\" content=\"https:\/\/hubsch-interior.com\/wp-content\/uploads\/2026\/02\/heritage-bench-small-natural-42e8986dcd87f5b65851ccfa3b190812.jpg\" \/>\n\t<meta property=\"og:image:width\" content=\"1024\" \/>\n\t<meta property=\"og:image:height\" content=\"1024\" \/>\n\t<meta property=\"og:image:type\" content=\"image\/jpeg\" \/>\n<meta name=\"twitter:card\" content=\"summary_large_image\" \/>\n<script type=\"application\/ld+json\" class=\"yoast-schema-graph\">{\"@context\":\"https:\/\/schema.org\",\"@graph\":[{\"@type\":\"WebPage\",\"@id\":\"https:\/\/hubsch-interior.com\/da\/vare\/heritage-baenk-small-natur\/\",\"url\":\"https:\/\/hubsch-interior.com\/da\/vare\/heritage-baenk-small-natur\/\",\"name\":\"Heritage B\u00e6nk Small Natur - H\u00fcbsch\",\"isPartOf\":{\"@id\":\"https:\/\/hubsch-interior.com\/da\/#website\"},\"primaryImageOfPage\":{\"@id\":\"https:\/\/hubsch-interior.com\/da\/vare\/heritage-baenk-small-natur\/#primaryimage\"},\"image\":{\"@id\":\"https:\/\/hubsch-interior.com\/da\/vare\/heritage-baenk-small-natur\/#primaryimage\"},\"thumbnailUrl\":\"https:\/\/hubsch-interior.com\/wp-content\/uploads\/2026\/02\/heritage-bench-small-natural-42e8986dcd87f5b65851ccfa3b190812.jpg\",\"datePublished\":\"2021-06-13T20:58:07+00:00\",\"dateModified\":\"2026-04-09T02:49:56+00:00\",\"description\":\"Denne smukke b\u00e6nk i naturfarvet egetr\u00e6 indkapsler skandinavisk design, med sine fine linjer og minimalistiske udtryk. Og vi elsker den. Egetr\u00e6 har det med\",\"breadcrumb\":{\"@id\":\"https:\/\/hubsch-interior.com\/da\/vare\/heritage-baenk-small-natur\/#breadcrumb\"},\"inLanguage\":\"da-DK\",\"potentialAction\":[{\"@type\":\"ReadAction\",\"target\":[\"https:\/\/hubsch-interior.com\/da\/vare\/heritage-baenk-small-natur\/\"]}]},{\"@type\":\"ImageObject\",\"inLanguage\":\"da-DK\",\"@id\":\"https:\/\/hubsch-interior.com\/da\/vare\/heritage-baenk-small-natur\/#primaryimage\",\"url\":\"https:\/\/hubsch-interior.com\/wp-content\/uploads\/2026\/02\/heritage-bench-small-natural-42e8986dcd87f5b65851ccfa3b190812.jpg\",\"contentUrl\":\"https:\/\/hubsch-interior.com\/wp-content\/uploads\/2026\/02\/heritage-bench-small-natural-42e8986dcd87f5b65851ccfa3b190812.jpg\",\"width\":1024,\"height\":1024},{\"@type\":\"BreadcrumbList\",\"@id\":\"https:\/\/hubsch-interior.com\/da\/vare\/heritage-baenk-small-natur\/#breadcrumb\",\"itemListElement\":[{\"@type\":\"ListItem\",\"position\":1,\"name\":\"Forside\",\"item\":\"https:\/\/hubsch-interior.com\/da\/\"},{\"@type\":\"ListItem\",\"position\":2,\"name\":\"Produkter\",\"item\":\"https:\/\/hubsch-interior.com\/da\/produkter\/\"},{\"@type\":\"ListItem\",\"position\":3,\"name\":\"M\u00f8bler\",\"item\":\"https:\/\/hubsch-interior.com\/da\/vare-kategori\/mobler\/\"},{\"@type\":\"ListItem\",\"position\":4,\"name\":\"Siddem&oslash;bler\",\"item\":\"https:\/\/hubsch-interior.com\/da\/vare-kategori\/mobler\/siddemoebler-da\/\"},{\"@type\":\"ListItem\",\"position\":5,\"name\":\"B&aelig;nke\",\"item\":\"https:\/\/hubsch-interior.com\/da\/vare-kategori\/mobler\/siddemoebler-da\/baenke-da\/\"},{\"@type\":\"ListItem\",\"position\":6,\"name\":\"Heritage B\u00e6nk Small Natur\"}]},{\"@type\":\"WebSite\",\"@id\":\"https:\/\/hubsch-interior.com\/da\/#website\",\"url\":\"https:\/\/hubsch-interior.com\/da\/\",\"name\":\"H\u00fcbsch\",\"description\":\"Danish Home Interior and Design\",\"publisher\":{\"@id\":\"https:\/\/hubsch-interior.com\/da\/#organization\"},\"potentialAction\":[{\"@type\":\"SearchAction\",\"target\":{\"@type\":\"EntryPoint\",\"urlTemplate\":\"https:\/\/hubsch-interior.com\/da\/?s={search_term_string}\"},\"query-input\":{\"@type\":\"PropertyValueSpecification\",\"valueRequired\":true,\"valueName\":\"search_term_string\"}}],\"inLanguage\":\"da-DK\"},{\"@type\":\"Organization\",\"@id\":\"https:\/\/hubsch-interior.com\/da\/#organization\",\"name\":\"H\u00fcbsch\",\"url\":\"https:\/\/hubsch-interior.com\/da\/\",\"logo\":{\"@type\":\"ImageObject\",\"inLanguage\":\"da-DK\",\"@id\":\"https:\/\/hubsch-interior.com\/da\/#\/schema\/logo\/image\/\",\"url\":\"https:\/\/hubsch-interior.com\/wp-content\/uploads\/2022\/12\/Hubsch_logo_black_one_line.svg\",\"contentUrl\":\"https:\/\/hubsch-interior.com\/wp-content\/uploads\/2022\/12\/Hubsch_logo_black_one_line.svg\",\"caption\":\"H\u00fcbsch\"},\"image\":{\"@id\":\"https:\/\/hubsch-interior.com\/da\/#\/schema\/logo\/image\/\"}}]}<\/script>\n<!-- \/ Yoast SEO plugin. -->","yoast_head_json":{"title":"Heritage B\u00e6nk Small Natur - H\u00fcbsch","description":"Denne smukke b\u00e6nk i naturfarvet egetr\u00e6 indkapsler skandinavisk design, med sine fine linjer og minimalistiske udtryk. Og vi elsker den. Egetr\u00e6 har det med","robots":{"index":"index","follow":"follow","max-snippet":"max-snippet:-1","max-image-preview":"max-image-preview:large","max-video-preview":"max-video-preview:-1"},"canonical":"https:\/\/hubsch-interior.com\/da\/wp-json\/wp\/v2\/product\/398631","og_locale":"da_DK","og_type":"article","og_title":"Heritage B\u00e6nk Small Natur - H\u00fcbsch","og_description":"Denne smukke b\u00e6nk i naturfarvet egetr\u00e6 indkapsler skandinavisk design, med sine fine linjer og minimalistiske udtryk. Og vi elsker den. Egetr\u00e6 har det med","og_url":"https:\/\/hubsch-interior.com\/da\/vare\/heritage-baenk-small-natur\/","og_site_name":"H\u00fcbsch","article_modified_time":"2026-04-09T02:49:56+00:00","og_image":[{"width":1024,"height":1024,"url":"https:\/\/hubsch-interior.com\/wp-content\/uploads\/2026\/02\/heritage-bench-small-natural-42e8986dcd87f5b65851ccfa3b190812.jpg","type":"image\/jpeg"}],"twitter_card":"summary_large_image","schema":{"@context":"https:\/\/schema.org","@graph":[{"@type":"WebPage","@id":"https:\/\/hubsch-interior.com\/da\/vare\/heritage-baenk-small-natur\/","url":"https:\/\/hubsch-interior.com\/da\/vare\/heritage-baenk-small-natur\/","name":"Heritage B\u00e6nk Small Natur - H\u00fcbsch","isPartOf":{"@id":"https:\/\/hubsch-interior.com\/da\/#website"},"primaryImageOfPage":{"@id":"https:\/\/hubsch-interior.com\/da\/vare\/heritage-baenk-small-natur\/#primaryimage"},"image":{"@id":"https:\/\/hubsch-interior.com\/da\/vare\/heritage-baenk-small-natur\/#primaryimage"},"thumbnailUrl":"https:\/\/hubsch-interior.com\/wp-content\/uploads\/2026\/02\/heritage-bench-small-natural-42e8986dcd87f5b65851ccfa3b190812.jpg","datePublished":"2021-06-13T20:58:07+00:00","dateModified":"2026-04-09T02:49:56+00:00","description":"Denne smukke b\u00e6nk i naturfarvet egetr\u00e6 indkapsler skandinavisk design, med sine fine linjer og minimalistiske udtryk. Og vi elsker den. Egetr\u00e6 har det med","breadcrumb":{"@id":"https:\/\/hubsch-interior.com\/da\/vare\/heritage-baenk-small-natur\/#breadcrumb"},"inLanguage":"da-DK","potentialAction":[{"@type":"ReadAction","target":["https:\/\/hubsch-interior.com\/da\/vare\/heritage-baenk-small-natur\/"]}]},{"@type":"ImageObject","inLanguage":"da-DK","@id":"https:\/\/hubsch-interior.com\/da\/vare\/heritage-baenk-small-natur\/#primaryimage","url":"https:\/\/hubsch-interior.com\/wp-content\/uploads\/2026\/02\/heritage-bench-small-natural-42e8986dcd87f5b65851ccfa3b190812.jpg","contentUrl":"https:\/\/hubsch-interior.com\/wp-content\/uploads\/2026\/02\/heritage-bench-small-natural-42e8986dcd87f5b65851ccfa3b190812.jpg","width":1024,"height":1024},{"@type":"BreadcrumbList","@id":"https:\/\/hubsch-interior.com\/da\/vare\/heritage-baenk-small-natur\/#breadcrumb","itemListElement":[{"@type":"ListItem","position":1,"name":"Forside","item":"https:\/\/hubsch-interior.com\/da\/"},{"@type":"ListItem","position":2,"name":"Produkter","item":"https:\/\/hubsch-interior.com\/da\/produkter\/"},{"@type":"ListItem","position":3,"name":"M\u00f8bler","item":"https:\/\/hubsch-interior.com\/da\/vare-kategori\/mobler\/"},{"@type":"ListItem","position":4,"name":"Siddem&oslash;bler","item":"https:\/\/hubsch-interior.com\/da\/vare-kategori\/mobler\/siddemoebler-da\/"},{"@type":"ListItem","position":5,"name":"B&aelig;nke","item":"https:\/\/hubsch-interior.com\/da\/vare-kategori\/mobler\/siddemoebler-da\/baenke-da\/"},{"@type":"ListItem","position":6,"name":"Heritage B\u00e6nk Small Natur"}]},{"@type":"WebSite","@id":"https:\/\/hubsch-interior.com\/da\/#website","url":"https:\/\/hubsch-interior.com\/da\/","name":"H\u00fcbsch","description":"Danish Home Interior and Design","publisher":{"@id":"https:\/\/hubsch-interior.com\/da\/#organization"},"potentialAction":[{"@type":"SearchAction","target":{"@type":"EntryPoint","urlTemplate":"https:\/\/hubsch-interior.com\/da\/?s={search_term_string}"},"query-input":{"@type":"PropertyValueSpecification","valueRequired":true,"valueName":"search_term_string"}}],"inLanguage":"da-DK"},{"@type":"Organization","@id":"https:\/\/hubsch-interior.com\/da\/#organization","name":"H\u00fcbsch","url":"https:\/\/hubsch-interior.com\/da\/","logo":{"@type":"ImageObject","inLanguage":"da-DK","@id":"https:\/\/hubsch-interior.com\/da\/#\/schema\/logo\/image\/","url":"https:\/\/hubsch-interior.com\/wp-content\/uploads\/2022\/12\/Hubsch_logo_black_one_line.svg","contentUrl":"https:\/\/hubsch-interior.com\/wp-content\/uploads\/2022\/12\/Hubsch_logo_black_one_line.svg","caption":"H\u00fcbsch"},"image":{"@id":"https:\/\/hubsch-interior.com\/da\/#\/schema\/logo\/image\/"}}]}},"_links":{"self":[{"href":"https:\/\/hubsch-interior.com\/da\/wp-json\/wp\/v2\/product\/398631","targetHints":{"allow":["GET"]}}],"collection":[{"href":"https:\/\/hubsch-interior.com\/da\/wp-json\/wp\/v2\/product"}],"about":[{"href":"https:\/\/hubsch-interior.com\/da\/wp-json\/wp\/v2\/types\/product"}],"wp:featuredmedia":[{"embeddable":true,"href":"https:\/\/hubsch-interior.com\/da\/wp-json\/wp\/v2\/media\/1114479"}],"wp:attachment":[{"href":"https:\/\/hubsch-interior.com\/da\/wp-json\/wp\/v2\/media?parent=398631"}],"wp:term":[{"taxonomy":"product_brand","embeddable":true,"href":"https:\/\/hubsch-interior.com\/da\/wp-json\/wp\/v2\/product_brand?post=398631"},{"taxonomy":"product_cat","embeddable":true,"href":"https:\/\/hubsch-interior.com\/da\/wp-json\/wp\/v2\/product_cat?post=398631"},{"taxonomy":"product_tag","embeddable":true,"href":"https:\/\/hubsch-interior.com\/da\/wp-json\/wp\/v2\/product_tag?post=398631"}],"curies":[{"name":"wp","href":"https:\/\/api.w.org\/{rel}","templated":true}]}}