{"id":398679,"date":"2021-06-13T23:08:15","date_gmt":"2021-06-13T21:08:15","guid":{"rendered":"https:\/\/hubsch-interior.com\/shop-b2c\/product\/product\/"},"modified":"2026-04-09T05:15:40","modified_gmt":"2026-04-09T03:15:40","slug":"camp-bordlampe-beige","status":"publish","type":"product","link":"https:\/\/hubsch-interior.com\/da\/vare\/camp-bordlampe-beige\/","title":{"rendered":"Camp Bordlampe Beige"},"content":{"rendered":"<p>Hvad skal man bruge bordlamper til, sp\u00f8rger du m\u00e5ske. Svaret er: Du kan aldrig f\u00e5 nok bordlamper. Derfor. Vi kan alle bruge lidt ekstra lys i hverdagen. Husk altid bordlamper, n\u00e5r du indretter. Bordlamper er lig med hyggelig stemning. Denne lille bordlampe i glas og afd\u00e6mpede toner, vil lyse op i din reol, p\u00e5 dit sidebord eller som fin skrivebordslampe. En ting er sikkert. Du g\u00e5r aldrig galt i byen med denne bordlampe. Den opf\u00f8rer sig altid ordentligt og skaber lys og gl\u00e6de hvor som helst.<\/p>\n","protected":false},"excerpt":{"rendered":"<p>Hvad skal man bruge bordlamper til, sp\u00f8rger du m\u00e5ske. Svaret er: Du kan aldrig f\u00e5 nok bordlamper. Derfor. Vi kan alle bruge lidt ekstra lys i hverdagen. Husk altid bordlamper, n\u00e5r du indretter. Bordlamper er lig med hyggelig stemning. Denne lille bordlampe i glas og afd\u00e6mpede toner, vil lyse op i din reol, p\u00e5 dit [&hellip;]<\/p>\n","protected":false},"featured_media":1109841,"template":"","meta":{"_acf_changed":false,"inline_featured_image":false},"product_brand":[],"product_cat":[3808,5025,3499],"product_tag":[],"class_list":{"0":"post-398679","1":"product","2":"type-product","3":"status-publish","4":"has-post-thumbnail","6":"product_cat-belysning","7":"product_cat-bestsellers-da","8":"product_cat-bordlamper-da","9":"product_shipping_class-pk","11":"pa_color-beige-2","12":"pa_material-glas-da","13":"pa_material-jern-da","15":"first","16":"instock","17":"featured","18":"taxable","19":"shipping-taxable","20":"purchasable","21":"product-type-simple"},"exclude_global_add_ons":[],"addons":[],"acf":[],"yoast_head":"<!-- This site is optimized with the Yoast SEO plugin v26.4 - https:\/\/yoast.com\/wordpress\/plugins\/seo\/ -->\n<title>Camp Bordlampe Beige - H\u00fcbsch<\/title>\n<meta name=\"description\" content=\"Hvad skal man bruge bordlamper til, sp\u00f8rger du m\u00e5ske. Svaret er: Du kan aldrig f\u00e5 nok bordlamper. Derfor. Vi kan alle bruge lidt ekstra lys i hverdagen.\" \/>\n<meta name=\"robots\" content=\"index, follow, max-snippet:-1, max-image-preview:large, max-video-preview:-1\" \/>\n<link rel=\"canonical\" href=\"https:\/\/hubsch-interior.com\/da\/wp-json\/wp\/v2\/product\/398679\" \/>\n<meta property=\"og:locale\" content=\"da_DK\" \/>\n<meta property=\"og:type\" content=\"article\" \/>\n<meta property=\"og:title\" content=\"Camp Bordlampe Beige - H\u00fcbsch\" \/>\n<meta property=\"og:description\" content=\"Hvad skal man bruge bordlamper til, sp\u00f8rger du m\u00e5ske. Svaret er: Du kan aldrig f\u00e5 nok bordlamper. Derfor. Vi kan alle bruge lidt ekstra lys i hverdagen.\" \/>\n<meta property=\"og:url\" content=\"https:\/\/hubsch-interior.com\/da\/vare\/camp-bordlampe-beige\/\" \/>\n<meta property=\"og:site_name\" content=\"H\u00fcbsch\" \/>\n<meta property=\"article:modified_time\" content=\"2026-04-09T03:15:40+00:00\" \/>\n<meta property=\"og:image\" content=\"https:\/\/hubsch-interior.com\/wp-content\/uploads\/2024\/01\/camp-table-lamp-beige-965e1c9d19ec551d3117ac2fbe26fd64.jpg\" \/>\n\t<meta property=\"og:image:width\" content=\"1200\" \/>\n\t<meta property=\"og:image:height\" content=\"1200\" \/>\n\t<meta property=\"og:image:type\" content=\"image\/jpeg\" \/>\n<meta name=\"twitter:card\" content=\"summary_large_image\" \/>\n<script type=\"application\/ld+json\" class=\"yoast-schema-graph\">{\"@context\":\"https:\/\/schema.org\",\"@graph\":[{\"@type\":\"WebPage\",\"@id\":\"https:\/\/hubsch-interior.com\/da\/vare\/camp-bordlampe-beige\/\",\"url\":\"https:\/\/hubsch-interior.com\/da\/vare\/camp-bordlampe-beige\/\",\"name\":\"Camp Bordlampe Beige - H\u00fcbsch\",\"isPartOf\":{\"@id\":\"https:\/\/hubsch-interior.com\/da\/#website\"},\"primaryImageOfPage\":{\"@id\":\"https:\/\/hubsch-interior.com\/da\/vare\/camp-bordlampe-beige\/#primaryimage\"},\"image\":{\"@id\":\"https:\/\/hubsch-interior.com\/da\/vare\/camp-bordlampe-beige\/#primaryimage\"},\"thumbnailUrl\":\"https:\/\/hubsch-interior.com\/wp-content\/uploads\/2026\/02\/camp-table-lamp-beige-ea2a4085b4a50418779c7d0acf261428.jpg\",\"datePublished\":\"2021-06-13T21:08:15+00:00\",\"dateModified\":\"2026-04-09T03:15:40+00:00\",\"description\":\"Hvad skal man bruge bordlamper til, sp\u00f8rger du m\u00e5ske. Svaret er: Du kan aldrig f\u00e5 nok bordlamper. Derfor. Vi kan alle bruge lidt ekstra lys i hverdagen.\",\"breadcrumb\":{\"@id\":\"https:\/\/hubsch-interior.com\/da\/vare\/camp-bordlampe-beige\/#breadcrumb\"},\"inLanguage\":\"da-DK\",\"potentialAction\":[{\"@type\":\"ReadAction\",\"target\":[\"https:\/\/hubsch-interior.com\/da\/vare\/camp-bordlampe-beige\/\"]}]},{\"@type\":\"ImageObject\",\"inLanguage\":\"da-DK\",\"@id\":\"https:\/\/hubsch-interior.com\/da\/vare\/camp-bordlampe-beige\/#primaryimage\",\"url\":\"https:\/\/hubsch-interior.com\/wp-content\/uploads\/2026\/02\/camp-table-lamp-beige-ea2a4085b4a50418779c7d0acf261428.jpg\",\"contentUrl\":\"https:\/\/hubsch-interior.com\/wp-content\/uploads\/2026\/02\/camp-table-lamp-beige-ea2a4085b4a50418779c7d0acf261428.jpg\",\"width\":1024,\"height\":1024},{\"@type\":\"BreadcrumbList\",\"@id\":\"https:\/\/hubsch-interior.com\/da\/vare\/camp-bordlampe-beige\/#breadcrumb\",\"itemListElement\":[{\"@type\":\"ListItem\",\"position\":1,\"name\":\"Forside\",\"item\":\"https:\/\/hubsch-interior.com\/da\/\"},{\"@type\":\"ListItem\",\"position\":2,\"name\":\"Produkter\",\"item\":\"https:\/\/hubsch-interior.com\/da\/produkter\/\"},{\"@type\":\"ListItem\",\"position\":3,\"name\":\"Belysning\",\"item\":\"https:\/\/hubsch-interior.com\/da\/vare-kategori\/belysning\/\"},{\"@type\":\"ListItem\",\"position\":4,\"name\":\"Bordlamper\",\"item\":\"https:\/\/hubsch-interior.com\/da\/vare-kategori\/belysning\/bordlamper-da\/\"},{\"@type\":\"ListItem\",\"position\":5,\"name\":\"Camp Bordlampe Beige\"}]},{\"@type\":\"WebSite\",\"@id\":\"https:\/\/hubsch-interior.com\/da\/#website\",\"url\":\"https:\/\/hubsch-interior.com\/da\/\",\"name\":\"H\u00fcbsch\",\"description\":\"Danish Home Interior and Design\",\"publisher\":{\"@id\":\"https:\/\/hubsch-interior.com\/da\/#organization\"},\"potentialAction\":[{\"@type\":\"SearchAction\",\"target\":{\"@type\":\"EntryPoint\",\"urlTemplate\":\"https:\/\/hubsch-interior.com\/da\/?s={search_term_string}\"},\"query-input\":{\"@type\":\"PropertyValueSpecification\",\"valueRequired\":true,\"valueName\":\"search_term_string\"}}],\"inLanguage\":\"da-DK\"},{\"@type\":\"Organization\",\"@id\":\"https:\/\/hubsch-interior.com\/da\/#organization\",\"name\":\"H\u00fcbsch\",\"url\":\"https:\/\/hubsch-interior.com\/da\/\",\"logo\":{\"@type\":\"ImageObject\",\"inLanguage\":\"da-DK\",\"@id\":\"https:\/\/hubsch-interior.com\/da\/#\/schema\/logo\/image\/\",\"url\":\"https:\/\/hubsch-interior.com\/wp-content\/uploads\/2022\/12\/Hubsch_logo_black_one_line.svg\",\"contentUrl\":\"https:\/\/hubsch-interior.com\/wp-content\/uploads\/2022\/12\/Hubsch_logo_black_one_line.svg\",\"caption\":\"H\u00fcbsch\"},\"image\":{\"@id\":\"https:\/\/hubsch-interior.com\/da\/#\/schema\/logo\/image\/\"}}]}<\/script>\n<!-- \/ Yoast SEO plugin. -->","yoast_head_json":{"title":"Camp Bordlampe Beige - H\u00fcbsch","description":"Hvad skal man bruge bordlamper til, sp\u00f8rger du m\u00e5ske. Svaret er: Du kan aldrig f\u00e5 nok bordlamper. Derfor. Vi kan alle bruge lidt ekstra lys i hverdagen.","robots":{"index":"index","follow":"follow","max-snippet":"max-snippet:-1","max-image-preview":"max-image-preview:large","max-video-preview":"max-video-preview:-1"},"canonical":"https:\/\/hubsch-interior.com\/da\/wp-json\/wp\/v2\/product\/398679","og_locale":"da_DK","og_type":"article","og_title":"Camp Bordlampe Beige - H\u00fcbsch","og_description":"Hvad skal man bruge bordlamper til, sp\u00f8rger du m\u00e5ske. Svaret er: Du kan aldrig f\u00e5 nok bordlamper. Derfor. Vi kan alle bruge lidt ekstra lys i hverdagen.","og_url":"https:\/\/hubsch-interior.com\/da\/vare\/camp-bordlampe-beige\/","og_site_name":"H\u00fcbsch","article_modified_time":"2026-04-09T03:15:40+00:00","og_image":[{"width":1200,"height":1200,"url":"https:\/\/hubsch-interior.com\/wp-content\/uploads\/2024\/01\/camp-table-lamp-beige-965e1c9d19ec551d3117ac2fbe26fd64.jpg","type":"image\/jpeg"}],"twitter_card":"summary_large_image","schema":{"@context":"https:\/\/schema.org","@graph":[{"@type":"WebPage","@id":"https:\/\/hubsch-interior.com\/da\/vare\/camp-bordlampe-beige\/","url":"https:\/\/hubsch-interior.com\/da\/vare\/camp-bordlampe-beige\/","name":"Camp Bordlampe Beige - H\u00fcbsch","isPartOf":{"@id":"https:\/\/hubsch-interior.com\/da\/#website"},"primaryImageOfPage":{"@id":"https:\/\/hubsch-interior.com\/da\/vare\/camp-bordlampe-beige\/#primaryimage"},"image":{"@id":"https:\/\/hubsch-interior.com\/da\/vare\/camp-bordlampe-beige\/#primaryimage"},"thumbnailUrl":"https:\/\/hubsch-interior.com\/wp-content\/uploads\/2026\/02\/camp-table-lamp-beige-ea2a4085b4a50418779c7d0acf261428.jpg","datePublished":"2021-06-13T21:08:15+00:00","dateModified":"2026-04-09T03:15:40+00:00","description":"Hvad skal man bruge bordlamper til, sp\u00f8rger du m\u00e5ske. Svaret er: Du kan aldrig f\u00e5 nok bordlamper. Derfor. Vi kan alle bruge lidt ekstra lys i hverdagen.","breadcrumb":{"@id":"https:\/\/hubsch-interior.com\/da\/vare\/camp-bordlampe-beige\/#breadcrumb"},"inLanguage":"da-DK","potentialAction":[{"@type":"ReadAction","target":["https:\/\/hubsch-interior.com\/da\/vare\/camp-bordlampe-beige\/"]}]},{"@type":"ImageObject","inLanguage":"da-DK","@id":"https:\/\/hubsch-interior.com\/da\/vare\/camp-bordlampe-beige\/#primaryimage","url":"https:\/\/hubsch-interior.com\/wp-content\/uploads\/2026\/02\/camp-table-lamp-beige-ea2a4085b4a50418779c7d0acf261428.jpg","contentUrl":"https:\/\/hubsch-interior.com\/wp-content\/uploads\/2026\/02\/camp-table-lamp-beige-ea2a4085b4a50418779c7d0acf261428.jpg","width":1024,"height":1024},{"@type":"BreadcrumbList","@id":"https:\/\/hubsch-interior.com\/da\/vare\/camp-bordlampe-beige\/#breadcrumb","itemListElement":[{"@type":"ListItem","position":1,"name":"Forside","item":"https:\/\/hubsch-interior.com\/da\/"},{"@type":"ListItem","position":2,"name":"Produkter","item":"https:\/\/hubsch-interior.com\/da\/produkter\/"},{"@type":"ListItem","position":3,"name":"Belysning","item":"https:\/\/hubsch-interior.com\/da\/vare-kategori\/belysning\/"},{"@type":"ListItem","position":4,"name":"Bordlamper","item":"https:\/\/hubsch-interior.com\/da\/vare-kategori\/belysning\/bordlamper-da\/"},{"@type":"ListItem","position":5,"name":"Camp Bordlampe Beige"}]},{"@type":"WebSite","@id":"https:\/\/hubsch-interior.com\/da\/#website","url":"https:\/\/hubsch-interior.com\/da\/","name":"H\u00fcbsch","description":"Danish Home Interior and Design","publisher":{"@id":"https:\/\/hubsch-interior.com\/da\/#organization"},"potentialAction":[{"@type":"SearchAction","target":{"@type":"EntryPoint","urlTemplate":"https:\/\/hubsch-interior.com\/da\/?s={search_term_string}"},"query-input":{"@type":"PropertyValueSpecification","valueRequired":true,"valueName":"search_term_string"}}],"inLanguage":"da-DK"},{"@type":"Organization","@id":"https:\/\/hubsch-interior.com\/da\/#organization","name":"H\u00fcbsch","url":"https:\/\/hubsch-interior.com\/da\/","logo":{"@type":"ImageObject","inLanguage":"da-DK","@id":"https:\/\/hubsch-interior.com\/da\/#\/schema\/logo\/image\/","url":"https:\/\/hubsch-interior.com\/wp-content\/uploads\/2022\/12\/Hubsch_logo_black_one_line.svg","contentUrl":"https:\/\/hubsch-interior.com\/wp-content\/uploads\/2022\/12\/Hubsch_logo_black_one_line.svg","caption":"H\u00fcbsch"},"image":{"@id":"https:\/\/hubsch-interior.com\/da\/#\/schema\/logo\/image\/"}}]}},"_links":{"self":[{"href":"https:\/\/hubsch-interior.com\/da\/wp-json\/wp\/v2\/product\/398679","targetHints":{"allow":["GET"]}}],"collection":[{"href":"https:\/\/hubsch-interior.com\/da\/wp-json\/wp\/v2\/product"}],"about":[{"href":"https:\/\/hubsch-interior.com\/da\/wp-json\/wp\/v2\/types\/product"}],"wp:featuredmedia":[{"embeddable":true,"href":"https:\/\/hubsch-interior.com\/da\/wp-json\/wp\/v2\/media\/1109841"}],"wp:attachment":[{"href":"https:\/\/hubsch-interior.com\/da\/wp-json\/wp\/v2\/media?parent=398679"}],"wp:term":[{"taxonomy":"product_brand","embeddable":true,"href":"https:\/\/hubsch-interior.com\/da\/wp-json\/wp\/v2\/product_brand?post=398679"},{"taxonomy":"product_cat","embeddable":true,"href":"https:\/\/hubsch-interior.com\/da\/wp-json\/wp\/v2\/product_cat?post=398679"},{"taxonomy":"product_tag","embeddable":true,"href":"https:\/\/hubsch-interior.com\/da\/wp-json\/wp\/v2\/product_tag?post=398679"}],"curies":[{"name":"wp","href":"https:\/\/api.w.org\/{rel}","templated":true}]}}