{"id":398803,"date":"2021-06-13T22:54:50","date_gmt":"2021-06-13T20:54:50","guid":{"rendered":"https:\/\/hubsch-interior.com\/shop-b2c\/product\/product\/"},"modified":"2026-04-04T04:47:14","modified_gmt":"2026-04-04T02:47:14","slug":"archive-reol-natur-2","status":"publish","type":"product","link":"https:\/\/hubsch-interior.com\/da\/vare\/archive-reol-natur-2\/","title":{"rendered":"Archive Reol Natur"},"content":{"rendered":"<p>Archive Reol Natur er lavet af FSC-certificeret eg og egveneer. Reolen best\u00e5r af fire rum, hvor der er plads til at opbevare dine dokumenter, b\u00f8ger og andet. Det robuste design g\u00f8r det nemt at justere rummene, efter dine behov. Reolen er et smukt og praktisk element til dit kontor, som vil se godt ud i alle milj\u00f8er. Archive Reol Natur er ideel til opbevaring af din kontorartikler og sparer plads ved at kunne stables.<\/p>\n","protected":false},"excerpt":{"rendered":"<p>Archive Reol Natur er lavet af FSC-certificeret eg og egveneer. Reolen best\u00e5r af fire rum, hvor der er plads til at opbevare dine dokumenter, b\u00f8ger og andet. Det robuste design g\u00f8r det nemt at justere rummene, efter dine behov. Reolen er et smukt og praktisk element til dit kontor, som vil se godt ud i [&hellip;]<\/p>\n","protected":false},"featured_media":1101784,"template":"","meta":{"_acf_changed":false,"inline_featured_image":false},"product_brand":[],"product_cat":[3999,4919],"product_tag":[],"class_list":{"0":"post-398803","1":"product","2":"type-product","3":"status-publish","4":"has-post-thumbnail","6":"product_cat-reoler-opbevaring-da","7":"product_cat-kommoder-skaenke-da","8":"product_shipping_class-p10","9":"pa_color-natur-2","10":"pa_material-mdf-da","11":"pa_material-egetr","12":"pa_material-egetrsfiner","14":"first","15":"outofstock","16":"taxable","17":"shipping-taxable","18":"purchasable","19":"product-type-simple"},"exclude_global_add_ons":[],"addons":[],"acf":[],"yoast_head":"<!-- This site is optimized with the Yoast SEO plugin v26.4 - https:\/\/yoast.com\/wordpress\/plugins\/seo\/ -->\n<title>Archive Reol Natur - H\u00fcbsch<\/title>\n<meta name=\"description\" content=\"Archive Reol Natur er lavet af FSC-certificeret eg og egveneer. Reolen best\u00e5r af fire rum, hvor der er plads til at opbevare dine dokumenter, b\u00f8ger og\" \/>\n<meta name=\"robots\" content=\"index, follow, max-snippet:-1, max-image-preview:large, max-video-preview:-1\" \/>\n<link rel=\"canonical\" href=\"https:\/\/hubsch-interior.com\/da\/wp-json\/wp\/v2\/product\/398803\" \/>\n<meta property=\"og:locale\" content=\"da_DK\" \/>\n<meta property=\"og:type\" content=\"article\" \/>\n<meta property=\"og:title\" content=\"Archive Reol Natur - H\u00fcbsch\" \/>\n<meta property=\"og:description\" content=\"Archive Reol Natur er lavet af FSC-certificeret eg og egveneer. Reolen best\u00e5r af fire rum, hvor der er plads til at opbevare dine dokumenter, b\u00f8ger og\" \/>\n<meta property=\"og:url\" content=\"https:\/\/hubsch-interior.com\/da\/vare\/archive-reol-natur-2\/\" \/>\n<meta property=\"og:site_name\" content=\"H\u00fcbsch\" \/>\n<meta property=\"article:modified_time\" content=\"2026-04-04T02:47:14+00:00\" \/>\n<meta property=\"og:image\" content=\"https:\/\/hubsch-interior.com\/wp-content\/uploads\/2026\/02\/archive-shelf-unit-natural-a39a92bd7ba4327784b7c82af49e4b7c.jpg\" \/>\n\t<meta property=\"og:image:width\" content=\"1024\" \/>\n\t<meta property=\"og:image:height\" content=\"1024\" \/>\n\t<meta property=\"og:image:type\" content=\"image\/jpeg\" \/>\n<meta name=\"twitter:card\" content=\"summary_large_image\" \/>\n<script type=\"application\/ld+json\" class=\"yoast-schema-graph\">{\"@context\":\"https:\/\/schema.org\",\"@graph\":[{\"@type\":\"WebPage\",\"@id\":\"https:\/\/hubsch-interior.com\/da\/vare\/archive-reol-natur-2\/\",\"url\":\"https:\/\/hubsch-interior.com\/da\/vare\/archive-reol-natur-2\/\",\"name\":\"Archive Reol Natur - H\u00fcbsch\",\"isPartOf\":{\"@id\":\"https:\/\/hubsch-interior.com\/da\/#website\"},\"primaryImageOfPage\":{\"@id\":\"https:\/\/hubsch-interior.com\/da\/vare\/archive-reol-natur-2\/#primaryimage\"},\"image\":{\"@id\":\"https:\/\/hubsch-interior.com\/da\/vare\/archive-reol-natur-2\/#primaryimage\"},\"thumbnailUrl\":\"https:\/\/hubsch-interior.com\/wp-content\/uploads\/2026\/02\/archive-shelf-unit-natural-a39a92bd7ba4327784b7c82af49e4b7c.jpg\",\"datePublished\":\"2021-06-13T20:54:50+00:00\",\"dateModified\":\"2026-04-04T02:47:14+00:00\",\"description\":\"Archive Reol Natur er lavet af FSC-certificeret eg og egveneer. Reolen best\u00e5r af fire rum, hvor der er plads til at opbevare dine dokumenter, b\u00f8ger og\",\"breadcrumb\":{\"@id\":\"https:\/\/hubsch-interior.com\/da\/vare\/archive-reol-natur-2\/#breadcrumb\"},\"inLanguage\":\"da-DK\",\"potentialAction\":[{\"@type\":\"ReadAction\",\"target\":[\"https:\/\/hubsch-interior.com\/da\/vare\/archive-reol-natur-2\/\"]}]},{\"@type\":\"ImageObject\",\"inLanguage\":\"da-DK\",\"@id\":\"https:\/\/hubsch-interior.com\/da\/vare\/archive-reol-natur-2\/#primaryimage\",\"url\":\"https:\/\/hubsch-interior.com\/wp-content\/uploads\/2026\/02\/archive-shelf-unit-natural-a39a92bd7ba4327784b7c82af49e4b7c.jpg\",\"contentUrl\":\"https:\/\/hubsch-interior.com\/wp-content\/uploads\/2026\/02\/archive-shelf-unit-natural-a39a92bd7ba4327784b7c82af49e4b7c.jpg\",\"width\":1024,\"height\":1024},{\"@type\":\"BreadcrumbList\",\"@id\":\"https:\/\/hubsch-interior.com\/da\/vare\/archive-reol-natur-2\/#breadcrumb\",\"itemListElement\":[{\"@type\":\"ListItem\",\"position\":1,\"name\":\"Forside\",\"item\":\"https:\/\/hubsch-interior.com\/da\/\"},{\"@type\":\"ListItem\",\"position\":2,\"name\":\"Produkter\",\"item\":\"https:\/\/hubsch-interior.com\/da\/produkter\/\"},{\"@type\":\"ListItem\",\"position\":3,\"name\":\"M\u00f8bler\",\"item\":\"https:\/\/hubsch-interior.com\/da\/vare-kategori\/mobler\/\"},{\"@type\":\"ListItem\",\"position\":4,\"name\":\"Reoler &amp; opbevaring\",\"item\":\"https:\/\/hubsch-interior.com\/da\/vare-kategori\/mobler\/reoler-opbevaring-da\/\"},{\"@type\":\"ListItem\",\"position\":5,\"name\":\"Kommoder &amp; sk&aelig;nke\",\"item\":\"https:\/\/hubsch-interior.com\/da\/vare-kategori\/mobler\/reoler-opbevaring-da\/kommoder-skaenke-da\/\"},{\"@type\":\"ListItem\",\"position\":6,\"name\":\"Archive Reol Natur\"}]},{\"@type\":\"WebSite\",\"@id\":\"https:\/\/hubsch-interior.com\/da\/#website\",\"url\":\"https:\/\/hubsch-interior.com\/da\/\",\"name\":\"H\u00fcbsch\",\"description\":\"Danish Home Interior and Design\",\"publisher\":{\"@id\":\"https:\/\/hubsch-interior.com\/da\/#organization\"},\"potentialAction\":[{\"@type\":\"SearchAction\",\"target\":{\"@type\":\"EntryPoint\",\"urlTemplate\":\"https:\/\/hubsch-interior.com\/da\/?s={search_term_string}\"},\"query-input\":{\"@type\":\"PropertyValueSpecification\",\"valueRequired\":true,\"valueName\":\"search_term_string\"}}],\"inLanguage\":\"da-DK\"},{\"@type\":\"Organization\",\"@id\":\"https:\/\/hubsch-interior.com\/da\/#organization\",\"name\":\"H\u00fcbsch\",\"url\":\"https:\/\/hubsch-interior.com\/da\/\",\"logo\":{\"@type\":\"ImageObject\",\"inLanguage\":\"da-DK\",\"@id\":\"https:\/\/hubsch-interior.com\/da\/#\/schema\/logo\/image\/\",\"url\":\"https:\/\/hubsch-interior.com\/wp-content\/uploads\/2022\/12\/Hubsch_logo_black_one_line.svg\",\"contentUrl\":\"https:\/\/hubsch-interior.com\/wp-content\/uploads\/2022\/12\/Hubsch_logo_black_one_line.svg\",\"caption\":\"H\u00fcbsch\"},\"image\":{\"@id\":\"https:\/\/hubsch-interior.com\/da\/#\/schema\/logo\/image\/\"}}]}<\/script>\n<!-- \/ Yoast SEO plugin. -->","yoast_head_json":{"title":"Archive Reol Natur - H\u00fcbsch","description":"Archive Reol Natur er lavet af FSC-certificeret eg og egveneer. Reolen best\u00e5r af fire rum, hvor der er plads til at opbevare dine dokumenter, b\u00f8ger og","robots":{"index":"index","follow":"follow","max-snippet":"max-snippet:-1","max-image-preview":"max-image-preview:large","max-video-preview":"max-video-preview:-1"},"canonical":"https:\/\/hubsch-interior.com\/da\/wp-json\/wp\/v2\/product\/398803","og_locale":"da_DK","og_type":"article","og_title":"Archive Reol Natur - H\u00fcbsch","og_description":"Archive Reol Natur er lavet af FSC-certificeret eg og egveneer. Reolen best\u00e5r af fire rum, hvor der er plads til at opbevare dine dokumenter, b\u00f8ger og","og_url":"https:\/\/hubsch-interior.com\/da\/vare\/archive-reol-natur-2\/","og_site_name":"H\u00fcbsch","article_modified_time":"2026-04-04T02:47:14+00:00","og_image":[{"width":1024,"height":1024,"url":"https:\/\/hubsch-interior.com\/wp-content\/uploads\/2026\/02\/archive-shelf-unit-natural-a39a92bd7ba4327784b7c82af49e4b7c.jpg","type":"image\/jpeg"}],"twitter_card":"summary_large_image","schema":{"@context":"https:\/\/schema.org","@graph":[{"@type":"WebPage","@id":"https:\/\/hubsch-interior.com\/da\/vare\/archive-reol-natur-2\/","url":"https:\/\/hubsch-interior.com\/da\/vare\/archive-reol-natur-2\/","name":"Archive Reol Natur - H\u00fcbsch","isPartOf":{"@id":"https:\/\/hubsch-interior.com\/da\/#website"},"primaryImageOfPage":{"@id":"https:\/\/hubsch-interior.com\/da\/vare\/archive-reol-natur-2\/#primaryimage"},"image":{"@id":"https:\/\/hubsch-interior.com\/da\/vare\/archive-reol-natur-2\/#primaryimage"},"thumbnailUrl":"https:\/\/hubsch-interior.com\/wp-content\/uploads\/2026\/02\/archive-shelf-unit-natural-a39a92bd7ba4327784b7c82af49e4b7c.jpg","datePublished":"2021-06-13T20:54:50+00:00","dateModified":"2026-04-04T02:47:14+00:00","description":"Archive Reol Natur er lavet af FSC-certificeret eg og egveneer. Reolen best\u00e5r af fire rum, hvor der er plads til at opbevare dine dokumenter, b\u00f8ger og","breadcrumb":{"@id":"https:\/\/hubsch-interior.com\/da\/vare\/archive-reol-natur-2\/#breadcrumb"},"inLanguage":"da-DK","potentialAction":[{"@type":"ReadAction","target":["https:\/\/hubsch-interior.com\/da\/vare\/archive-reol-natur-2\/"]}]},{"@type":"ImageObject","inLanguage":"da-DK","@id":"https:\/\/hubsch-interior.com\/da\/vare\/archive-reol-natur-2\/#primaryimage","url":"https:\/\/hubsch-interior.com\/wp-content\/uploads\/2026\/02\/archive-shelf-unit-natural-a39a92bd7ba4327784b7c82af49e4b7c.jpg","contentUrl":"https:\/\/hubsch-interior.com\/wp-content\/uploads\/2026\/02\/archive-shelf-unit-natural-a39a92bd7ba4327784b7c82af49e4b7c.jpg","width":1024,"height":1024},{"@type":"BreadcrumbList","@id":"https:\/\/hubsch-interior.com\/da\/vare\/archive-reol-natur-2\/#breadcrumb","itemListElement":[{"@type":"ListItem","position":1,"name":"Forside","item":"https:\/\/hubsch-interior.com\/da\/"},{"@type":"ListItem","position":2,"name":"Produkter","item":"https:\/\/hubsch-interior.com\/da\/produkter\/"},{"@type":"ListItem","position":3,"name":"M\u00f8bler","item":"https:\/\/hubsch-interior.com\/da\/vare-kategori\/mobler\/"},{"@type":"ListItem","position":4,"name":"Reoler &amp; opbevaring","item":"https:\/\/hubsch-interior.com\/da\/vare-kategori\/mobler\/reoler-opbevaring-da\/"},{"@type":"ListItem","position":5,"name":"Kommoder &amp; sk&aelig;nke","item":"https:\/\/hubsch-interior.com\/da\/vare-kategori\/mobler\/reoler-opbevaring-da\/kommoder-skaenke-da\/"},{"@type":"ListItem","position":6,"name":"Archive Reol Natur"}]},{"@type":"WebSite","@id":"https:\/\/hubsch-interior.com\/da\/#website","url":"https:\/\/hubsch-interior.com\/da\/","name":"H\u00fcbsch","description":"Danish Home Interior and Design","publisher":{"@id":"https:\/\/hubsch-interior.com\/da\/#organization"},"potentialAction":[{"@type":"SearchAction","target":{"@type":"EntryPoint","urlTemplate":"https:\/\/hubsch-interior.com\/da\/?s={search_term_string}"},"query-input":{"@type":"PropertyValueSpecification","valueRequired":true,"valueName":"search_term_string"}}],"inLanguage":"da-DK"},{"@type":"Organization","@id":"https:\/\/hubsch-interior.com\/da\/#organization","name":"H\u00fcbsch","url":"https:\/\/hubsch-interior.com\/da\/","logo":{"@type":"ImageObject","inLanguage":"da-DK","@id":"https:\/\/hubsch-interior.com\/da\/#\/schema\/logo\/image\/","url":"https:\/\/hubsch-interior.com\/wp-content\/uploads\/2022\/12\/Hubsch_logo_black_one_line.svg","contentUrl":"https:\/\/hubsch-interior.com\/wp-content\/uploads\/2022\/12\/Hubsch_logo_black_one_line.svg","caption":"H\u00fcbsch"},"image":{"@id":"https:\/\/hubsch-interior.com\/da\/#\/schema\/logo\/image\/"}}]}},"_links":{"self":[{"href":"https:\/\/hubsch-interior.com\/da\/wp-json\/wp\/v2\/product\/398803","targetHints":{"allow":["GET"]}}],"collection":[{"href":"https:\/\/hubsch-interior.com\/da\/wp-json\/wp\/v2\/product"}],"about":[{"href":"https:\/\/hubsch-interior.com\/da\/wp-json\/wp\/v2\/types\/product"}],"wp:featuredmedia":[{"embeddable":true,"href":"https:\/\/hubsch-interior.com\/da\/wp-json\/wp\/v2\/media\/1101784"}],"wp:attachment":[{"href":"https:\/\/hubsch-interior.com\/da\/wp-json\/wp\/v2\/media?parent=398803"}],"wp:term":[{"taxonomy":"product_brand","embeddable":true,"href":"https:\/\/hubsch-interior.com\/da\/wp-json\/wp\/v2\/product_brand?post=398803"},{"taxonomy":"product_cat","embeddable":true,"href":"https:\/\/hubsch-interior.com\/da\/wp-json\/wp\/v2\/product_cat?post=398803"},{"taxonomy":"product_tag","embeddable":true,"href":"https:\/\/hubsch-interior.com\/da\/wp-json\/wp\/v2\/product_tag?post=398803"}],"curies":[{"name":"wp","href":"https:\/\/api.w.org\/{rel}","templated":true}]}}