{"id":399131,"date":"2021-06-14T13:46:20","date_gmt":"2021-06-14T11:46:20","guid":{"rendered":"https:\/\/hubsch-interior.com\/shop-b2c\/product\/product\/"},"modified":"2026-04-05T04:37:11","modified_gmt":"2026-04-05T02:37:11","slug":"kiosk-glas-lyserod","status":"publish","type":"product","link":"https:\/\/hubsch-interior.com\/da\/vare\/kiosk-glas-lyserod\/","title":{"rendered":"Kiosk Glas Lyser\u00f8d"},"content":{"rendered":"<p>Dette smukke drikkeglas, i klart glas med lyser\u00f8d bund, g\u00f8r noget godt for enhver bordopd\u00e6kning. Et strejf af farve er altid godt, n\u00e5r du d\u00e6kker bordet til din kommende fest, n\u00e5r du f\u00e5r venner p\u00e5 bes\u00f8g eller til helt almindelig hverdagsbrug. Vi er jo &#8216;glasset halvt fyldt&#8217; typer og gl\u00e6des over dette vandglas. H\u00e5ber vi, at du har det p\u00e5 samme m\u00e5de? Det g\u00f8r vi helt sikkert.<br \/>\nF\u00e5s i fire farver.<\/p>\n","protected":false},"excerpt":{"rendered":"<p>Dette smukke drikkeglas, i klart glas med lyser\u00f8d bund, g\u00f8r noget godt for enhver bordopd\u00e6kning. Et strejf af farve er altid godt, n\u00e5r du d\u00e6kker bordet til din kommende fest, n\u00e5r du f\u00e5r venner p\u00e5 bes\u00f8g eller til helt almindelig hverdagsbrug. Vi er jo &#8216;glasset halvt fyldt&#8217; typer og gl\u00e6des over dette vandglas. H\u00e5ber vi, [&hellip;]<\/p>\n","protected":false},"featured_media":1098888,"template":"","meta":{"_acf_changed":false,"inline_featured_image":false},"product_brand":[],"product_cat":[6942,7025,7032,6970,6347,4051,4094,5025,6517],"product_tag":[],"class_list":{"0":"post-399131","1":"product","2":"type-product","3":"status-publish","4":"has-post-thumbnail","6":"product_cat-bestseller-2025-da","7":"product_cat-bordservice-da-2","8":"product_cat-glas-kander-da","9":"product_cat-paaskeudsalg","10":"product_cat-garden-selection-da","11":"product_cat-koekkentilbehoer-da","12":"product_cat-bordservice-da","13":"product_cat-bestsellers-da","14":"product_cat-outlet-da","15":"product_shipping_class-pk","17":"pa_color-lyserd","18":"pa_material-glas-da","20":"first","21":"instock","22":"sale","23":"featured","24":"taxable","25":"shipping-taxable","26":"purchasable","27":"product-type-simple"},"exclude_global_add_ons":[],"addons":[],"acf":[],"yoast_head":"<!-- This site is optimized with the Yoast SEO plugin v26.4 - https:\/\/yoast.com\/wordpress\/plugins\/seo\/ -->\n<title>Kiosk Glas Lyser\u00f8d - H\u00fcbsch<\/title>\n<meta name=\"description\" content=\"Dette smukke drikkeglas, i klart glas med lyser\u00f8d bund, g\u00f8r noget godt for enhver bordopd\u00e6kning. Et strejf af farve er altid godt, n\u00e5r du d\u00e6kker bordet\" \/>\n<meta name=\"robots\" content=\"index, follow, max-snippet:-1, max-image-preview:large, max-video-preview:-1\" \/>\n<link rel=\"canonical\" href=\"https:\/\/hubsch-interior.com\/da\/wp-json\/wp\/v2\/product\/399131\" \/>\n<meta property=\"og:locale\" content=\"da_DK\" \/>\n<meta property=\"og:type\" content=\"article\" \/>\n<meta property=\"og:title\" content=\"Kiosk Glas Lyser\u00f8d - H\u00fcbsch\" \/>\n<meta property=\"og:description\" content=\"Dette smukke drikkeglas, i klart glas med lyser\u00f8d bund, g\u00f8r noget godt for enhver bordopd\u00e6kning. Et strejf af farve er altid godt, n\u00e5r du d\u00e6kker bordet\" \/>\n<meta property=\"og:url\" content=\"https:\/\/hubsch-interior.com\/da\/vare\/kiosk-glas-lyserod\/\" \/>\n<meta property=\"og:site_name\" content=\"H\u00fcbsch\" \/>\n<meta property=\"article:modified_time\" content=\"2026-04-05T02:37:11+00:00\" \/>\n<meta property=\"og:image\" content=\"https:\/\/hubsch-interior.com\/wp-content\/uploads\/2025\/04\/kiosk-glass-pink-fd09b5c22530ced4b15ff39083600384.jpg\" \/>\n\t<meta property=\"og:image:width\" content=\"1200\" \/>\n\t<meta property=\"og:image:height\" content=\"1200\" \/>\n\t<meta property=\"og:image:type\" content=\"image\/jpeg\" \/>\n<meta name=\"twitter:card\" content=\"summary_large_image\" \/>\n<script type=\"application\/ld+json\" class=\"yoast-schema-graph\">{\"@context\":\"https:\/\/schema.org\",\"@graph\":[{\"@type\":\"WebPage\",\"@id\":\"https:\/\/hubsch-interior.com\/da\/vare\/kiosk-glas-lyserod\/\",\"url\":\"https:\/\/hubsch-interior.com\/da\/vare\/kiosk-glas-lyserod\/\",\"name\":\"Kiosk Glas Lyser\u00f8d - H\u00fcbsch\",\"isPartOf\":{\"@id\":\"https:\/\/hubsch-interior.com\/da\/#website\"},\"primaryImageOfPage\":{\"@id\":\"https:\/\/hubsch-interior.com\/da\/vare\/kiosk-glas-lyserod\/#primaryimage\"},\"image\":{\"@id\":\"https:\/\/hubsch-interior.com\/da\/vare\/kiosk-glas-lyserod\/#primaryimage\"},\"thumbnailUrl\":\"https:\/\/hubsch-interior.com\/wp-content\/uploads\/2026\/02\/kiosk-glass-pink-5c871300dabcc1b3756ace4992b76d10.jpg\",\"datePublished\":\"2021-06-14T11:46:20+00:00\",\"dateModified\":\"2026-04-05T02:37:11+00:00\",\"description\":\"Dette smukke drikkeglas, i klart glas med lyser\u00f8d bund, g\u00f8r noget godt for enhver bordopd\u00e6kning. Et strejf af farve er altid godt, n\u00e5r du d\u00e6kker bordet\",\"breadcrumb\":{\"@id\":\"https:\/\/hubsch-interior.com\/da\/vare\/kiosk-glas-lyserod\/#breadcrumb\"},\"inLanguage\":\"da-DK\",\"potentialAction\":[{\"@type\":\"ReadAction\",\"target\":[\"https:\/\/hubsch-interior.com\/da\/vare\/kiosk-glas-lyserod\/\"]}]},{\"@type\":\"ImageObject\",\"inLanguage\":\"da-DK\",\"@id\":\"https:\/\/hubsch-interior.com\/da\/vare\/kiosk-glas-lyserod\/#primaryimage\",\"url\":\"https:\/\/hubsch-interior.com\/wp-content\/uploads\/2026\/02\/kiosk-glass-pink-5c871300dabcc1b3756ace4992b76d10.jpg\",\"contentUrl\":\"https:\/\/hubsch-interior.com\/wp-content\/uploads\/2026\/02\/kiosk-glass-pink-5c871300dabcc1b3756ace4992b76d10.jpg\",\"width\":1024,\"height\":1024},{\"@type\":\"BreadcrumbList\",\"@id\":\"https:\/\/hubsch-interior.com\/da\/vare\/kiosk-glas-lyserod\/#breadcrumb\",\"itemListElement\":[{\"@type\":\"ListItem\",\"position\":1,\"name\":\"Forside\",\"item\":\"https:\/\/hubsch-interior.com\/da\/\"},{\"@type\":\"ListItem\",\"position\":2,\"name\":\"Produkter\",\"item\":\"https:\/\/hubsch-interior.com\/da\/produkter\/\"},{\"@type\":\"ListItem\",\"position\":3,\"name\":\"K\u00f8kken\",\"item\":\"https:\/\/hubsch-interior.com\/da\/vare-kategori\/koekken\/\"},{\"@type\":\"ListItem\",\"position\":4,\"name\":\"Bordservice\",\"item\":\"https:\/\/hubsch-interior.com\/da\/vare-kategori\/koekken\/bordservice-da-2\/\"},{\"@type\":\"ListItem\",\"position\":5,\"name\":\"Glas &amp; kander\",\"item\":\"https:\/\/hubsch-interior.com\/da\/vare-kategori\/koekken\/bordservice-da-2\/glas-kander-da\/\"},{\"@type\":\"ListItem\",\"position\":6,\"name\":\"Kiosk Glas Lyser\u00f8d\"}]},{\"@type\":\"WebSite\",\"@id\":\"https:\/\/hubsch-interior.com\/da\/#website\",\"url\":\"https:\/\/hubsch-interior.com\/da\/\",\"name\":\"H\u00fcbsch\",\"description\":\"Danish Home Interior and Design\",\"publisher\":{\"@id\":\"https:\/\/hubsch-interior.com\/da\/#organization\"},\"potentialAction\":[{\"@type\":\"SearchAction\",\"target\":{\"@type\":\"EntryPoint\",\"urlTemplate\":\"https:\/\/hubsch-interior.com\/da\/?s={search_term_string}\"},\"query-input\":{\"@type\":\"PropertyValueSpecification\",\"valueRequired\":true,\"valueName\":\"search_term_string\"}}],\"inLanguage\":\"da-DK\"},{\"@type\":\"Organization\",\"@id\":\"https:\/\/hubsch-interior.com\/da\/#organization\",\"name\":\"H\u00fcbsch\",\"url\":\"https:\/\/hubsch-interior.com\/da\/\",\"logo\":{\"@type\":\"ImageObject\",\"inLanguage\":\"da-DK\",\"@id\":\"https:\/\/hubsch-interior.com\/da\/#\/schema\/logo\/image\/\",\"url\":\"https:\/\/hubsch-interior.com\/wp-content\/uploads\/2022\/12\/Hubsch_logo_black_one_line.svg\",\"contentUrl\":\"https:\/\/hubsch-interior.com\/wp-content\/uploads\/2022\/12\/Hubsch_logo_black_one_line.svg\",\"caption\":\"H\u00fcbsch\"},\"image\":{\"@id\":\"https:\/\/hubsch-interior.com\/da\/#\/schema\/logo\/image\/\"}}]}<\/script>\n<!-- \/ Yoast SEO plugin. -->","yoast_head_json":{"title":"Kiosk Glas Lyser\u00f8d - H\u00fcbsch","description":"Dette smukke drikkeglas, i klart glas med lyser\u00f8d bund, g\u00f8r noget godt for enhver bordopd\u00e6kning. Et strejf af farve er altid godt, n\u00e5r du d\u00e6kker bordet","robots":{"index":"index","follow":"follow","max-snippet":"max-snippet:-1","max-image-preview":"max-image-preview:large","max-video-preview":"max-video-preview:-1"},"canonical":"https:\/\/hubsch-interior.com\/da\/wp-json\/wp\/v2\/product\/399131","og_locale":"da_DK","og_type":"article","og_title":"Kiosk Glas Lyser\u00f8d - H\u00fcbsch","og_description":"Dette smukke drikkeglas, i klart glas med lyser\u00f8d bund, g\u00f8r noget godt for enhver bordopd\u00e6kning. Et strejf af farve er altid godt, n\u00e5r du d\u00e6kker bordet","og_url":"https:\/\/hubsch-interior.com\/da\/vare\/kiosk-glas-lyserod\/","og_site_name":"H\u00fcbsch","article_modified_time":"2026-04-05T02:37:11+00:00","og_image":[{"width":1200,"height":1200,"url":"https:\/\/hubsch-interior.com\/wp-content\/uploads\/2025\/04\/kiosk-glass-pink-fd09b5c22530ced4b15ff39083600384.jpg","type":"image\/jpeg"}],"twitter_card":"summary_large_image","schema":{"@context":"https:\/\/schema.org","@graph":[{"@type":"WebPage","@id":"https:\/\/hubsch-interior.com\/da\/vare\/kiosk-glas-lyserod\/","url":"https:\/\/hubsch-interior.com\/da\/vare\/kiosk-glas-lyserod\/","name":"Kiosk Glas Lyser\u00f8d - H\u00fcbsch","isPartOf":{"@id":"https:\/\/hubsch-interior.com\/da\/#website"},"primaryImageOfPage":{"@id":"https:\/\/hubsch-interior.com\/da\/vare\/kiosk-glas-lyserod\/#primaryimage"},"image":{"@id":"https:\/\/hubsch-interior.com\/da\/vare\/kiosk-glas-lyserod\/#primaryimage"},"thumbnailUrl":"https:\/\/hubsch-interior.com\/wp-content\/uploads\/2026\/02\/kiosk-glass-pink-5c871300dabcc1b3756ace4992b76d10.jpg","datePublished":"2021-06-14T11:46:20+00:00","dateModified":"2026-04-05T02:37:11+00:00","description":"Dette smukke drikkeglas, i klart glas med lyser\u00f8d bund, g\u00f8r noget godt for enhver bordopd\u00e6kning. Et strejf af farve er altid godt, n\u00e5r du d\u00e6kker bordet","breadcrumb":{"@id":"https:\/\/hubsch-interior.com\/da\/vare\/kiosk-glas-lyserod\/#breadcrumb"},"inLanguage":"da-DK","potentialAction":[{"@type":"ReadAction","target":["https:\/\/hubsch-interior.com\/da\/vare\/kiosk-glas-lyserod\/"]}]},{"@type":"ImageObject","inLanguage":"da-DK","@id":"https:\/\/hubsch-interior.com\/da\/vare\/kiosk-glas-lyserod\/#primaryimage","url":"https:\/\/hubsch-interior.com\/wp-content\/uploads\/2026\/02\/kiosk-glass-pink-5c871300dabcc1b3756ace4992b76d10.jpg","contentUrl":"https:\/\/hubsch-interior.com\/wp-content\/uploads\/2026\/02\/kiosk-glass-pink-5c871300dabcc1b3756ace4992b76d10.jpg","width":1024,"height":1024},{"@type":"BreadcrumbList","@id":"https:\/\/hubsch-interior.com\/da\/vare\/kiosk-glas-lyserod\/#breadcrumb","itemListElement":[{"@type":"ListItem","position":1,"name":"Forside","item":"https:\/\/hubsch-interior.com\/da\/"},{"@type":"ListItem","position":2,"name":"Produkter","item":"https:\/\/hubsch-interior.com\/da\/produkter\/"},{"@type":"ListItem","position":3,"name":"K\u00f8kken","item":"https:\/\/hubsch-interior.com\/da\/vare-kategori\/koekken\/"},{"@type":"ListItem","position":4,"name":"Bordservice","item":"https:\/\/hubsch-interior.com\/da\/vare-kategori\/koekken\/bordservice-da-2\/"},{"@type":"ListItem","position":5,"name":"Glas &amp; kander","item":"https:\/\/hubsch-interior.com\/da\/vare-kategori\/koekken\/bordservice-da-2\/glas-kander-da\/"},{"@type":"ListItem","position":6,"name":"Kiosk Glas Lyser\u00f8d"}]},{"@type":"WebSite","@id":"https:\/\/hubsch-interior.com\/da\/#website","url":"https:\/\/hubsch-interior.com\/da\/","name":"H\u00fcbsch","description":"Danish Home Interior and Design","publisher":{"@id":"https:\/\/hubsch-interior.com\/da\/#organization"},"potentialAction":[{"@type":"SearchAction","target":{"@type":"EntryPoint","urlTemplate":"https:\/\/hubsch-interior.com\/da\/?s={search_term_string}"},"query-input":{"@type":"PropertyValueSpecification","valueRequired":true,"valueName":"search_term_string"}}],"inLanguage":"da-DK"},{"@type":"Organization","@id":"https:\/\/hubsch-interior.com\/da\/#organization","name":"H\u00fcbsch","url":"https:\/\/hubsch-interior.com\/da\/","logo":{"@type":"ImageObject","inLanguage":"da-DK","@id":"https:\/\/hubsch-interior.com\/da\/#\/schema\/logo\/image\/","url":"https:\/\/hubsch-interior.com\/wp-content\/uploads\/2022\/12\/Hubsch_logo_black_one_line.svg","contentUrl":"https:\/\/hubsch-interior.com\/wp-content\/uploads\/2022\/12\/Hubsch_logo_black_one_line.svg","caption":"H\u00fcbsch"},"image":{"@id":"https:\/\/hubsch-interior.com\/da\/#\/schema\/logo\/image\/"}}]}},"_links":{"self":[{"href":"https:\/\/hubsch-interior.com\/da\/wp-json\/wp\/v2\/product\/399131","targetHints":{"allow":["GET"]}}],"collection":[{"href":"https:\/\/hubsch-interior.com\/da\/wp-json\/wp\/v2\/product"}],"about":[{"href":"https:\/\/hubsch-interior.com\/da\/wp-json\/wp\/v2\/types\/product"}],"wp:featuredmedia":[{"embeddable":true,"href":"https:\/\/hubsch-interior.com\/da\/wp-json\/wp\/v2\/media\/1098888"}],"wp:attachment":[{"href":"https:\/\/hubsch-interior.com\/da\/wp-json\/wp\/v2\/media?parent=399131"}],"wp:term":[{"taxonomy":"product_brand","embeddable":true,"href":"https:\/\/hubsch-interior.com\/da\/wp-json\/wp\/v2\/product_brand?post=399131"},{"taxonomy":"product_cat","embeddable":true,"href":"https:\/\/hubsch-interior.com\/da\/wp-json\/wp\/v2\/product_cat?post=399131"},{"taxonomy":"product_tag","embeddable":true,"href":"https:\/\/hubsch-interior.com\/da\/wp-json\/wp\/v2\/product_tag?post=399131"}],"curies":[{"name":"wp","href":"https:\/\/api.w.org\/{rel}","templated":true}]}}