{"id":399268,"date":"2021-06-13T22:57:22","date_gmt":"2021-06-13T20:57:22","guid":{"rendered":"https:\/\/hubsch-interior.com\/shop-b2c\/product\/product\/"},"modified":"2026-04-08T04:49:52","modified_gmt":"2026-04-08T02:49:52","slug":"space-knageraekke-large-natur","status":"publish","type":"product","link":"https:\/\/hubsch-interior.com\/da\/vare\/space-knageraekke-large-natur\/","title":{"rendered":"Space Knager\u00e6kke Large Natur"},"content":{"rendered":"<p>Vi har en svaghed for egetr\u00e6sm\u00f8bler. Det har du garanteret opdaget. Tr\u00e6 bringer varme og im\u00f8dekommenhed ind i din indretning uden at tage al opm\u00e6rksomhed.<br \/>\nSelv sm\u00e5m\u00f8bler, som denne sk\u00f8nne knager\u00e6kke med syv knager og hylde, tilf\u00f8jer en s\u00e6rlig stemning til rummet. Hylden er perfekt til dine yndlingskopper eller favoritkasketter i entr\u00e9en. Det minder os lidt om sangen &#8220;Home is Where you lay your Hat&#8221;.<\/p>\n","protected":false},"excerpt":{"rendered":"<p>Vi har en svaghed for egetr\u00e6sm\u00f8bler. Det har du garanteret opdaget. Tr\u00e6 bringer varme og im\u00f8dekommenhed ind i din indretning uden at tage al opm\u00e6rksomhed. Selv sm\u00e5m\u00f8bler, som denne sk\u00f8nne knager\u00e6kke med syv knager og hylde, tilf\u00f8jer en s\u00e6rlig stemning til rummet. Hylden er perfekt til dine yndlingskopper eller favoritkasketter i entr\u00e9en. Det minder os [&hellip;]<\/p>\n","protected":false},"featured_media":1102550,"template":"","meta":{"_acf_changed":false,"inline_featured_image":false},"product_brand":[],"product_cat":[7065,7069,7070,3999,4022,4039,4040,5025],"product_tag":[],"class_list":{"0":"post-399268","1":"product","2":"type-product","3":"status-publish","4":"has-post-thumbnail","6":"product_cat-koekken-reoler-da","7":"product_cat-knager-reoler-da","8":"product_cat-reoler-da-knager-reoler-da","9":"product_cat-reoler-opbevaring-da","10":"product_cat-hylder-da","11":"product_cat-knager-knageraekker-da","12":"product_cat-knageraekker-da","13":"product_cat-bestsellers-da","14":"product_shipping_class-pk","15":"pa_color-natur-2","16":"pa_material-mdf-da","17":"pa_material-egetrsfiner","19":"first","20":"outofstock","21":"featured","22":"taxable","23":"shipping-taxable","24":"purchasable","25":"product-type-simple"},"exclude_global_add_ons":[],"addons":[],"acf":[],"yoast_head":"<!-- This site is optimized with the Yoast SEO plugin v26.4 - https:\/\/yoast.com\/wordpress\/plugins\/seo\/ -->\n<title>Space Knager\u00e6kke Large Natur - H\u00fcbsch<\/title>\n<meta name=\"description\" content=\"Vi har en svaghed for egetr\u00e6sm\u00f8bler. Det har du garanteret opdaget. Tr\u00e6 bringer varme og im\u00f8dekommenhed ind i din indretning uden at tage al opm\u00e6rksomhed.\" \/>\n<meta name=\"robots\" content=\"index, follow, max-snippet:-1, max-image-preview:large, max-video-preview:-1\" \/>\n<link rel=\"canonical\" href=\"https:\/\/hubsch-interior.com\/da\/wp-json\/wp\/v2\/product\/399268\" \/>\n<meta property=\"og:locale\" content=\"da_DK\" \/>\n<meta property=\"og:type\" content=\"article\" \/>\n<meta property=\"og:title\" content=\"Space Knager\u00e6kke Large Natur - H\u00fcbsch\" \/>\n<meta property=\"og:description\" content=\"Vi har en svaghed for egetr\u00e6sm\u00f8bler. Det har du garanteret opdaget. Tr\u00e6 bringer varme og im\u00f8dekommenhed ind i din indretning uden at tage al opm\u00e6rksomhed.\" \/>\n<meta property=\"og:url\" content=\"https:\/\/hubsch-interior.com\/da\/vare\/space-knageraekke-large-natur\/\" \/>\n<meta property=\"og:site_name\" content=\"H\u00fcbsch\" \/>\n<meta property=\"article:modified_time\" content=\"2026-04-08T02:49:52+00:00\" \/>\n<meta property=\"og:image\" content=\"https:\/\/hubsch-interior.com\/wp-content\/uploads\/2026\/02\/space-coatrack-large-natural-030fc5fd3b4737abd9527eb43ceab4b7.jpg\" \/>\n\t<meta property=\"og:image:width\" content=\"1024\" \/>\n\t<meta property=\"og:image:height\" content=\"1024\" \/>\n\t<meta property=\"og:image:type\" content=\"image\/jpeg\" \/>\n<meta name=\"twitter:card\" content=\"summary_large_image\" \/>\n<script type=\"application\/ld+json\" class=\"yoast-schema-graph\">{\"@context\":\"https:\/\/schema.org\",\"@graph\":[{\"@type\":\"WebPage\",\"@id\":\"https:\/\/hubsch-interior.com\/da\/vare\/space-knageraekke-large-natur\/\",\"url\":\"https:\/\/hubsch-interior.com\/da\/vare\/space-knageraekke-large-natur\/\",\"name\":\"Space Knager\u00e6kke Large Natur - H\u00fcbsch\",\"isPartOf\":{\"@id\":\"https:\/\/hubsch-interior.com\/da\/#website\"},\"primaryImageOfPage\":{\"@id\":\"https:\/\/hubsch-interior.com\/da\/vare\/space-knageraekke-large-natur\/#primaryimage\"},\"image\":{\"@id\":\"https:\/\/hubsch-interior.com\/da\/vare\/space-knageraekke-large-natur\/#primaryimage\"},\"thumbnailUrl\":\"https:\/\/hubsch-interior.com\/wp-content\/uploads\/2026\/02\/space-coatrack-large-natural-030fc5fd3b4737abd9527eb43ceab4b7.jpg\",\"datePublished\":\"2021-06-13T20:57:22+00:00\",\"dateModified\":\"2026-04-08T02:49:52+00:00\",\"description\":\"Vi har en svaghed for egetr\u00e6sm\u00f8bler. Det har du garanteret opdaget. Tr\u00e6 bringer varme og im\u00f8dekommenhed ind i din indretning uden at tage al opm\u00e6rksomhed.\",\"breadcrumb\":{\"@id\":\"https:\/\/hubsch-interior.com\/da\/vare\/space-knageraekke-large-natur\/#breadcrumb\"},\"inLanguage\":\"da-DK\",\"potentialAction\":[{\"@type\":\"ReadAction\",\"target\":[\"https:\/\/hubsch-interior.com\/da\/vare\/space-knageraekke-large-natur\/\"]}]},{\"@type\":\"ImageObject\",\"inLanguage\":\"da-DK\",\"@id\":\"https:\/\/hubsch-interior.com\/da\/vare\/space-knageraekke-large-natur\/#primaryimage\",\"url\":\"https:\/\/hubsch-interior.com\/wp-content\/uploads\/2026\/02\/space-coatrack-large-natural-030fc5fd3b4737abd9527eb43ceab4b7.jpg\",\"contentUrl\":\"https:\/\/hubsch-interior.com\/wp-content\/uploads\/2026\/02\/space-coatrack-large-natural-030fc5fd3b4737abd9527eb43ceab4b7.jpg\",\"width\":1024,\"height\":1024},{\"@type\":\"BreadcrumbList\",\"@id\":\"https:\/\/hubsch-interior.com\/da\/vare\/space-knageraekke-large-natur\/#breadcrumb\",\"itemListElement\":[{\"@type\":\"ListItem\",\"position\":1,\"name\":\"Forside\",\"item\":\"https:\/\/hubsch-interior.com\/da\/\"},{\"@type\":\"ListItem\",\"position\":2,\"name\":\"Produkter\",\"item\":\"https:\/\/hubsch-interior.com\/da\/produkter\/\"},{\"@type\":\"ListItem\",\"position\":3,\"name\":\"M\u00f8bler\",\"item\":\"https:\/\/hubsch-interior.com\/da\/vare-kategori\/mobler\/\"},{\"@type\":\"ListItem\",\"position\":4,\"name\":\"Reoler &amp; opbevaring\",\"item\":\"https:\/\/hubsch-interior.com\/da\/vare-kategori\/mobler\/reoler-opbevaring-da\/\"},{\"@type\":\"ListItem\",\"position\":5,\"name\":\"Hylder\",\"item\":\"https:\/\/hubsch-interior.com\/da\/vare-kategori\/mobler\/reoler-opbevaring-da\/hylder-da\/\"},{\"@type\":\"ListItem\",\"position\":6,\"name\":\"Space Knager\u00e6kke Large Natur\"}]},{\"@type\":\"WebSite\",\"@id\":\"https:\/\/hubsch-interior.com\/da\/#website\",\"url\":\"https:\/\/hubsch-interior.com\/da\/\",\"name\":\"H\u00fcbsch\",\"description\":\"Danish Home Interior and Design\",\"publisher\":{\"@id\":\"https:\/\/hubsch-interior.com\/da\/#organization\"},\"potentialAction\":[{\"@type\":\"SearchAction\",\"target\":{\"@type\":\"EntryPoint\",\"urlTemplate\":\"https:\/\/hubsch-interior.com\/da\/?s={search_term_string}\"},\"query-input\":{\"@type\":\"PropertyValueSpecification\",\"valueRequired\":true,\"valueName\":\"search_term_string\"}}],\"inLanguage\":\"da-DK\"},{\"@type\":\"Organization\",\"@id\":\"https:\/\/hubsch-interior.com\/da\/#organization\",\"name\":\"H\u00fcbsch\",\"url\":\"https:\/\/hubsch-interior.com\/da\/\",\"logo\":{\"@type\":\"ImageObject\",\"inLanguage\":\"da-DK\",\"@id\":\"https:\/\/hubsch-interior.com\/da\/#\/schema\/logo\/image\/\",\"url\":\"https:\/\/hubsch-interior.com\/wp-content\/uploads\/2022\/12\/Hubsch_logo_black_one_line.svg\",\"contentUrl\":\"https:\/\/hubsch-interior.com\/wp-content\/uploads\/2022\/12\/Hubsch_logo_black_one_line.svg\",\"caption\":\"H\u00fcbsch\"},\"image\":{\"@id\":\"https:\/\/hubsch-interior.com\/da\/#\/schema\/logo\/image\/\"}}]}<\/script>\n<!-- \/ Yoast SEO plugin. -->","yoast_head_json":{"title":"Space Knager\u00e6kke Large Natur - H\u00fcbsch","description":"Vi har en svaghed for egetr\u00e6sm\u00f8bler. Det har du garanteret opdaget. Tr\u00e6 bringer varme og im\u00f8dekommenhed ind i din indretning uden at tage al opm\u00e6rksomhed.","robots":{"index":"index","follow":"follow","max-snippet":"max-snippet:-1","max-image-preview":"max-image-preview:large","max-video-preview":"max-video-preview:-1"},"canonical":"https:\/\/hubsch-interior.com\/da\/wp-json\/wp\/v2\/product\/399268","og_locale":"da_DK","og_type":"article","og_title":"Space Knager\u00e6kke Large Natur - H\u00fcbsch","og_description":"Vi har en svaghed for egetr\u00e6sm\u00f8bler. Det har du garanteret opdaget. Tr\u00e6 bringer varme og im\u00f8dekommenhed ind i din indretning uden at tage al opm\u00e6rksomhed.","og_url":"https:\/\/hubsch-interior.com\/da\/vare\/space-knageraekke-large-natur\/","og_site_name":"H\u00fcbsch","article_modified_time":"2026-04-08T02:49:52+00:00","og_image":[{"width":1024,"height":1024,"url":"https:\/\/hubsch-interior.com\/wp-content\/uploads\/2026\/02\/space-coatrack-large-natural-030fc5fd3b4737abd9527eb43ceab4b7.jpg","type":"image\/jpeg"}],"twitter_card":"summary_large_image","schema":{"@context":"https:\/\/schema.org","@graph":[{"@type":"WebPage","@id":"https:\/\/hubsch-interior.com\/da\/vare\/space-knageraekke-large-natur\/","url":"https:\/\/hubsch-interior.com\/da\/vare\/space-knageraekke-large-natur\/","name":"Space Knager\u00e6kke Large Natur - H\u00fcbsch","isPartOf":{"@id":"https:\/\/hubsch-interior.com\/da\/#website"},"primaryImageOfPage":{"@id":"https:\/\/hubsch-interior.com\/da\/vare\/space-knageraekke-large-natur\/#primaryimage"},"image":{"@id":"https:\/\/hubsch-interior.com\/da\/vare\/space-knageraekke-large-natur\/#primaryimage"},"thumbnailUrl":"https:\/\/hubsch-interior.com\/wp-content\/uploads\/2026\/02\/space-coatrack-large-natural-030fc5fd3b4737abd9527eb43ceab4b7.jpg","datePublished":"2021-06-13T20:57:22+00:00","dateModified":"2026-04-08T02:49:52+00:00","description":"Vi har en svaghed for egetr\u00e6sm\u00f8bler. Det har du garanteret opdaget. Tr\u00e6 bringer varme og im\u00f8dekommenhed ind i din indretning uden at tage al opm\u00e6rksomhed.","breadcrumb":{"@id":"https:\/\/hubsch-interior.com\/da\/vare\/space-knageraekke-large-natur\/#breadcrumb"},"inLanguage":"da-DK","potentialAction":[{"@type":"ReadAction","target":["https:\/\/hubsch-interior.com\/da\/vare\/space-knageraekke-large-natur\/"]}]},{"@type":"ImageObject","inLanguage":"da-DK","@id":"https:\/\/hubsch-interior.com\/da\/vare\/space-knageraekke-large-natur\/#primaryimage","url":"https:\/\/hubsch-interior.com\/wp-content\/uploads\/2026\/02\/space-coatrack-large-natural-030fc5fd3b4737abd9527eb43ceab4b7.jpg","contentUrl":"https:\/\/hubsch-interior.com\/wp-content\/uploads\/2026\/02\/space-coatrack-large-natural-030fc5fd3b4737abd9527eb43ceab4b7.jpg","width":1024,"height":1024},{"@type":"BreadcrumbList","@id":"https:\/\/hubsch-interior.com\/da\/vare\/space-knageraekke-large-natur\/#breadcrumb","itemListElement":[{"@type":"ListItem","position":1,"name":"Forside","item":"https:\/\/hubsch-interior.com\/da\/"},{"@type":"ListItem","position":2,"name":"Produkter","item":"https:\/\/hubsch-interior.com\/da\/produkter\/"},{"@type":"ListItem","position":3,"name":"M\u00f8bler","item":"https:\/\/hubsch-interior.com\/da\/vare-kategori\/mobler\/"},{"@type":"ListItem","position":4,"name":"Reoler &amp; opbevaring","item":"https:\/\/hubsch-interior.com\/da\/vare-kategori\/mobler\/reoler-opbevaring-da\/"},{"@type":"ListItem","position":5,"name":"Hylder","item":"https:\/\/hubsch-interior.com\/da\/vare-kategori\/mobler\/reoler-opbevaring-da\/hylder-da\/"},{"@type":"ListItem","position":6,"name":"Space Knager\u00e6kke Large Natur"}]},{"@type":"WebSite","@id":"https:\/\/hubsch-interior.com\/da\/#website","url":"https:\/\/hubsch-interior.com\/da\/","name":"H\u00fcbsch","description":"Danish Home Interior and Design","publisher":{"@id":"https:\/\/hubsch-interior.com\/da\/#organization"},"potentialAction":[{"@type":"SearchAction","target":{"@type":"EntryPoint","urlTemplate":"https:\/\/hubsch-interior.com\/da\/?s={search_term_string}"},"query-input":{"@type":"PropertyValueSpecification","valueRequired":true,"valueName":"search_term_string"}}],"inLanguage":"da-DK"},{"@type":"Organization","@id":"https:\/\/hubsch-interior.com\/da\/#organization","name":"H\u00fcbsch","url":"https:\/\/hubsch-interior.com\/da\/","logo":{"@type":"ImageObject","inLanguage":"da-DK","@id":"https:\/\/hubsch-interior.com\/da\/#\/schema\/logo\/image\/","url":"https:\/\/hubsch-interior.com\/wp-content\/uploads\/2022\/12\/Hubsch_logo_black_one_line.svg","contentUrl":"https:\/\/hubsch-interior.com\/wp-content\/uploads\/2022\/12\/Hubsch_logo_black_one_line.svg","caption":"H\u00fcbsch"},"image":{"@id":"https:\/\/hubsch-interior.com\/da\/#\/schema\/logo\/image\/"}}]}},"_links":{"self":[{"href":"https:\/\/hubsch-interior.com\/da\/wp-json\/wp\/v2\/product\/399268","targetHints":{"allow":["GET"]}}],"collection":[{"href":"https:\/\/hubsch-interior.com\/da\/wp-json\/wp\/v2\/product"}],"about":[{"href":"https:\/\/hubsch-interior.com\/da\/wp-json\/wp\/v2\/types\/product"}],"wp:featuredmedia":[{"embeddable":true,"href":"https:\/\/hubsch-interior.com\/da\/wp-json\/wp\/v2\/media\/1102550"}],"wp:attachment":[{"href":"https:\/\/hubsch-interior.com\/da\/wp-json\/wp\/v2\/media?parent=399268"}],"wp:term":[{"taxonomy":"product_brand","embeddable":true,"href":"https:\/\/hubsch-interior.com\/da\/wp-json\/wp\/v2\/product_brand?post=399268"},{"taxonomy":"product_cat","embeddable":true,"href":"https:\/\/hubsch-interior.com\/da\/wp-json\/wp\/v2\/product_cat?post=399268"},{"taxonomy":"product_tag","embeddable":true,"href":"https:\/\/hubsch-interior.com\/da\/wp-json\/wp\/v2\/product_tag?post=399268"}],"curies":[{"name":"wp","href":"https:\/\/api.w.org\/{rel}","templated":true}]}}