{"id":399450,"date":"2021-06-13T23:08:23","date_gmt":"2021-06-13T21:08:23","guid":{"rendered":"https:\/\/hubsch-interior.com\/shop-b2c\/product\/product\/"},"modified":"2026-04-09T05:15:47","modified_gmt":"2026-04-09T03:15:47","slug":"kiosk-kokkenrulleholder-bla-lyserod","status":"publish","type":"product","link":"https:\/\/hubsch-interior.com\/da\/vare\/kiosk-kokkenrulleholder-bla-lyserod\/","title":{"rendered":"Kiosk K\u00f8kkenrulleholder Bl\u00e5\/Lyser\u00f8d"},"content":{"rendered":"<p>Hvis du nogensinde f\u00e5r brug for en helt fantastisk k\u00f8kkenrulleholder (og det g\u00f8r du), s\u00e5 beh\u00f8ver du ikke s\u00f8ge l\u00e6ngere. Ja, vi ved det godt. Det er meningen, at k\u00f8kkenrullen skal v\u00e6re p\u00e5 selve holderen, men denne k\u00f8kkenrulleholder er bare ret fin, ogs\u00e5 uden k\u00f8kkenrulle. Kombinationen af pink og bl\u00e5t krystalglas er bare s\u00e5 sk\u00f8n &#8211; synes du ik?<\/p>\n","protected":false},"excerpt":{"rendered":"<p>Hvis du nogensinde f\u00e5r brug for en helt fantastisk k\u00f8kkenrulleholder (og det g\u00f8r du), s\u00e5 beh\u00f8ver du ikke s\u00f8ge l\u00e6ngere. Ja, vi ved det godt. Det er meningen, at k\u00f8kkenrullen skal v\u00e6re p\u00e5 selve holderen, men denne k\u00f8kkenrulleholder er bare ret fin, ogs\u00e5 uden k\u00f8kkenrulle. Kombinationen af pink og bl\u00e5t krystalglas er bare s\u00e5 sk\u00f8n [&hellip;]<\/p>\n","protected":false},"featured_media":1109877,"template":"","meta":{"_acf_changed":false,"inline_featured_image":false},"product_brand":[],"product_cat":[5025,7025,4094,6347,7058,4051,6517,6970],"product_tag":[],"class_list":{"0":"post-399450","1":"product","2":"type-product","3":"status-publish","4":"has-post-thumbnail","6":"product_cat-bestsellers-da","7":"product_cat-bordservice-da-2","8":"product_cat-bordservice-da","9":"product_cat-garden-selection-da","10":"product_cat-koekkenrulleholder-da","11":"product_cat-koekkentilbehoer-da","12":"product_cat-outlet-da","13":"product_cat-paaskeudsalg","14":"product_shipping_class-pk","16":"pa_color-bl","17":"pa_color-lyserd","18":"pa_material-krystal-da","20":"first","21":"instock","22":"sale","23":"featured","24":"taxable","25":"shipping-taxable","26":"purchasable","27":"product-type-simple"},"exclude_global_add_ons":[],"addons":[],"acf":[],"yoast_head":"<!-- This site is optimized with the Yoast SEO plugin v26.4 - https:\/\/yoast.com\/wordpress\/plugins\/seo\/ -->\n<title>Kiosk K\u00f8kkenrulleholder Bl\u00e5\/Lyser\u00f8d - H\u00fcbsch<\/title>\n<meta name=\"description\" content=\"Hvis du nogensinde f\u00e5r brug for en helt fantastisk k\u00f8kkenrulleholder (og det g\u00f8r du), s\u00e5 beh\u00f8ver du ikke s\u00f8ge l\u00e6ngere. Ja, vi ved det godt. Det er\" \/>\n<meta name=\"robots\" content=\"index, follow, max-snippet:-1, max-image-preview:large, max-video-preview:-1\" \/>\n<link rel=\"canonical\" href=\"https:\/\/hubsch-interior.com\/da\/wp-json\/wp\/v2\/product\/399450\" \/>\n<meta property=\"og:locale\" content=\"da_DK\" \/>\n<meta property=\"og:type\" content=\"article\" \/>\n<meta property=\"og:title\" content=\"Kiosk K\u00f8kkenrulleholder Bl\u00e5\/Lyser\u00f8d - H\u00fcbsch\" \/>\n<meta property=\"og:description\" content=\"Hvis du nogensinde f\u00e5r brug for en helt fantastisk k\u00f8kkenrulleholder (og det g\u00f8r du), s\u00e5 beh\u00f8ver du ikke s\u00f8ge l\u00e6ngere. Ja, vi ved det godt. Det er\" \/>\n<meta property=\"og:url\" content=\"https:\/\/hubsch-interior.com\/da\/vare\/kiosk-kokkenrulleholder-bla-lyserod\/\" \/>\n<meta property=\"og:site_name\" content=\"H\u00fcbsch\" \/>\n<meta property=\"article:modified_time\" content=\"2026-04-09T03:15:47+00:00\" \/>\n<meta property=\"og:image\" content=\"https:\/\/hubsch-interior.com\/wp-content\/uploads\/2025\/05\/kiosk-kitchen-roll-holder-bluepink-59f2a3bcaa024e84eba5c6a7da94ac8d.jpg\" \/>\n\t<meta property=\"og:image:width\" content=\"1200\" \/>\n\t<meta property=\"og:image:height\" content=\"1200\" \/>\n\t<meta property=\"og:image:type\" content=\"image\/jpeg\" \/>\n<meta name=\"twitter:card\" content=\"summary_large_image\" \/>\n<script type=\"application\/ld+json\" class=\"yoast-schema-graph\">{\"@context\":\"https:\/\/schema.org\",\"@graph\":[{\"@type\":\"WebPage\",\"@id\":\"https:\/\/hubsch-interior.com\/da\/vare\/kiosk-kokkenrulleholder-bla-lyserod\/\",\"url\":\"https:\/\/hubsch-interior.com\/da\/vare\/kiosk-kokkenrulleholder-bla-lyserod\/\",\"name\":\"Kiosk K\u00f8kkenrulleholder Bl\u00e5\/Lyser\u00f8d - H\u00fcbsch\",\"isPartOf\":{\"@id\":\"https:\/\/hubsch-interior.com\/da\/#website\"},\"primaryImageOfPage\":{\"@id\":\"https:\/\/hubsch-interior.com\/da\/vare\/kiosk-kokkenrulleholder-bla-lyserod\/#primaryimage\"},\"image\":{\"@id\":\"https:\/\/hubsch-interior.com\/da\/vare\/kiosk-kokkenrulleholder-bla-lyserod\/#primaryimage\"},\"thumbnailUrl\":\"https:\/\/hubsch-interior.com\/wp-content\/uploads\/2026\/02\/kiosk-kitchen-roll-holder-bluepink-ef773fa7d92364ef0481fd994170a344.jpg\",\"datePublished\":\"2021-06-13T21:08:23+00:00\",\"dateModified\":\"2026-04-09T03:15:47+00:00\",\"description\":\"Hvis du nogensinde f\u00e5r brug for en helt fantastisk k\u00f8kkenrulleholder (og det g\u00f8r du), s\u00e5 beh\u00f8ver du ikke s\u00f8ge l\u00e6ngere. Ja, vi ved det godt. Det er\",\"breadcrumb\":{\"@id\":\"https:\/\/hubsch-interior.com\/da\/vare\/kiosk-kokkenrulleholder-bla-lyserod\/#breadcrumb\"},\"inLanguage\":\"da-DK\",\"potentialAction\":[{\"@type\":\"ReadAction\",\"target\":[\"https:\/\/hubsch-interior.com\/da\/vare\/kiosk-kokkenrulleholder-bla-lyserod\/\"]}]},{\"@type\":\"ImageObject\",\"inLanguage\":\"da-DK\",\"@id\":\"https:\/\/hubsch-interior.com\/da\/vare\/kiosk-kokkenrulleholder-bla-lyserod\/#primaryimage\",\"url\":\"https:\/\/hubsch-interior.com\/wp-content\/uploads\/2026\/02\/kiosk-kitchen-roll-holder-bluepink-ef773fa7d92364ef0481fd994170a344.jpg\",\"contentUrl\":\"https:\/\/hubsch-interior.com\/wp-content\/uploads\/2026\/02\/kiosk-kitchen-roll-holder-bluepink-ef773fa7d92364ef0481fd994170a344.jpg\",\"width\":1024,\"height\":1024},{\"@type\":\"BreadcrumbList\",\"@id\":\"https:\/\/hubsch-interior.com\/da\/vare\/kiosk-kokkenrulleholder-bla-lyserod\/#breadcrumb\",\"itemListElement\":[{\"@type\":\"ListItem\",\"position\":1,\"name\":\"Forside\",\"item\":\"https:\/\/hubsch-interior.com\/da\/\"},{\"@type\":\"ListItem\",\"position\":2,\"name\":\"Produkter\",\"item\":\"https:\/\/hubsch-interior.com\/da\/produkter\/\"},{\"@type\":\"ListItem\",\"position\":3,\"name\":\"K\u00f8kken\",\"item\":\"https:\/\/hubsch-interior.com\/da\/vare-kategori\/koekken\/\"},{\"@type\":\"ListItem\",\"position\":4,\"name\":\"Bordservice\",\"item\":\"https:\/\/hubsch-interior.com\/da\/vare-kategori\/koekken\/bordservice-da-2\/\"},{\"@type\":\"ListItem\",\"position\":5,\"name\":\"K&oslash;kkenrulleholder\",\"item\":\"https:\/\/hubsch-interior.com\/da\/vare-kategori\/koekken\/bordservice-da-2\/koekkenrulleholder-da\/\"},{\"@type\":\"ListItem\",\"position\":6,\"name\":\"Kiosk K\u00f8kkenrulleholder Bl\u00e5\/Lyser\u00f8d\"}]},{\"@type\":\"WebSite\",\"@id\":\"https:\/\/hubsch-interior.com\/da\/#website\",\"url\":\"https:\/\/hubsch-interior.com\/da\/\",\"name\":\"H\u00fcbsch\",\"description\":\"Danish Home Interior and Design\",\"publisher\":{\"@id\":\"https:\/\/hubsch-interior.com\/da\/#organization\"},\"potentialAction\":[{\"@type\":\"SearchAction\",\"target\":{\"@type\":\"EntryPoint\",\"urlTemplate\":\"https:\/\/hubsch-interior.com\/da\/?s={search_term_string}\"},\"query-input\":{\"@type\":\"PropertyValueSpecification\",\"valueRequired\":true,\"valueName\":\"search_term_string\"}}],\"inLanguage\":\"da-DK\"},{\"@type\":\"Organization\",\"@id\":\"https:\/\/hubsch-interior.com\/da\/#organization\",\"name\":\"H\u00fcbsch\",\"url\":\"https:\/\/hubsch-interior.com\/da\/\",\"logo\":{\"@type\":\"ImageObject\",\"inLanguage\":\"da-DK\",\"@id\":\"https:\/\/hubsch-interior.com\/da\/#\/schema\/logo\/image\/\",\"url\":\"https:\/\/hubsch-interior.com\/wp-content\/uploads\/2022\/12\/Hubsch_logo_black_one_line.svg\",\"contentUrl\":\"https:\/\/hubsch-interior.com\/wp-content\/uploads\/2022\/12\/Hubsch_logo_black_one_line.svg\",\"caption\":\"H\u00fcbsch\"},\"image\":{\"@id\":\"https:\/\/hubsch-interior.com\/da\/#\/schema\/logo\/image\/\"}}]}<\/script>\n<!-- \/ Yoast SEO plugin. -->","yoast_head_json":{"title":"Kiosk K\u00f8kkenrulleholder Bl\u00e5\/Lyser\u00f8d - H\u00fcbsch","description":"Hvis du nogensinde f\u00e5r brug for en helt fantastisk k\u00f8kkenrulleholder (og det g\u00f8r du), s\u00e5 beh\u00f8ver du ikke s\u00f8ge l\u00e6ngere. Ja, vi ved det godt. Det er","robots":{"index":"index","follow":"follow","max-snippet":"max-snippet:-1","max-image-preview":"max-image-preview:large","max-video-preview":"max-video-preview:-1"},"canonical":"https:\/\/hubsch-interior.com\/da\/wp-json\/wp\/v2\/product\/399450","og_locale":"da_DK","og_type":"article","og_title":"Kiosk K\u00f8kkenrulleholder Bl\u00e5\/Lyser\u00f8d - H\u00fcbsch","og_description":"Hvis du nogensinde f\u00e5r brug for en helt fantastisk k\u00f8kkenrulleholder (og det g\u00f8r du), s\u00e5 beh\u00f8ver du ikke s\u00f8ge l\u00e6ngere. Ja, vi ved det godt. Det er","og_url":"https:\/\/hubsch-interior.com\/da\/vare\/kiosk-kokkenrulleholder-bla-lyserod\/","og_site_name":"H\u00fcbsch","article_modified_time":"2026-04-09T03:15:47+00:00","og_image":[{"width":1200,"height":1200,"url":"https:\/\/hubsch-interior.com\/wp-content\/uploads\/2025\/05\/kiosk-kitchen-roll-holder-bluepink-59f2a3bcaa024e84eba5c6a7da94ac8d.jpg","type":"image\/jpeg"}],"twitter_card":"summary_large_image","schema":{"@context":"https:\/\/schema.org","@graph":[{"@type":"WebPage","@id":"https:\/\/hubsch-interior.com\/da\/vare\/kiosk-kokkenrulleholder-bla-lyserod\/","url":"https:\/\/hubsch-interior.com\/da\/vare\/kiosk-kokkenrulleholder-bla-lyserod\/","name":"Kiosk K\u00f8kkenrulleholder Bl\u00e5\/Lyser\u00f8d - H\u00fcbsch","isPartOf":{"@id":"https:\/\/hubsch-interior.com\/da\/#website"},"primaryImageOfPage":{"@id":"https:\/\/hubsch-interior.com\/da\/vare\/kiosk-kokkenrulleholder-bla-lyserod\/#primaryimage"},"image":{"@id":"https:\/\/hubsch-interior.com\/da\/vare\/kiosk-kokkenrulleholder-bla-lyserod\/#primaryimage"},"thumbnailUrl":"https:\/\/hubsch-interior.com\/wp-content\/uploads\/2026\/02\/kiosk-kitchen-roll-holder-bluepink-ef773fa7d92364ef0481fd994170a344.jpg","datePublished":"2021-06-13T21:08:23+00:00","dateModified":"2026-04-09T03:15:47+00:00","description":"Hvis du nogensinde f\u00e5r brug for en helt fantastisk k\u00f8kkenrulleholder (og det g\u00f8r du), s\u00e5 beh\u00f8ver du ikke s\u00f8ge l\u00e6ngere. Ja, vi ved det godt. Det er","breadcrumb":{"@id":"https:\/\/hubsch-interior.com\/da\/vare\/kiosk-kokkenrulleholder-bla-lyserod\/#breadcrumb"},"inLanguage":"da-DK","potentialAction":[{"@type":"ReadAction","target":["https:\/\/hubsch-interior.com\/da\/vare\/kiosk-kokkenrulleholder-bla-lyserod\/"]}]},{"@type":"ImageObject","inLanguage":"da-DK","@id":"https:\/\/hubsch-interior.com\/da\/vare\/kiosk-kokkenrulleholder-bla-lyserod\/#primaryimage","url":"https:\/\/hubsch-interior.com\/wp-content\/uploads\/2026\/02\/kiosk-kitchen-roll-holder-bluepink-ef773fa7d92364ef0481fd994170a344.jpg","contentUrl":"https:\/\/hubsch-interior.com\/wp-content\/uploads\/2026\/02\/kiosk-kitchen-roll-holder-bluepink-ef773fa7d92364ef0481fd994170a344.jpg","width":1024,"height":1024},{"@type":"BreadcrumbList","@id":"https:\/\/hubsch-interior.com\/da\/vare\/kiosk-kokkenrulleholder-bla-lyserod\/#breadcrumb","itemListElement":[{"@type":"ListItem","position":1,"name":"Forside","item":"https:\/\/hubsch-interior.com\/da\/"},{"@type":"ListItem","position":2,"name":"Produkter","item":"https:\/\/hubsch-interior.com\/da\/produkter\/"},{"@type":"ListItem","position":3,"name":"K\u00f8kken","item":"https:\/\/hubsch-interior.com\/da\/vare-kategori\/koekken\/"},{"@type":"ListItem","position":4,"name":"Bordservice","item":"https:\/\/hubsch-interior.com\/da\/vare-kategori\/koekken\/bordservice-da-2\/"},{"@type":"ListItem","position":5,"name":"K&oslash;kkenrulleholder","item":"https:\/\/hubsch-interior.com\/da\/vare-kategori\/koekken\/bordservice-da-2\/koekkenrulleholder-da\/"},{"@type":"ListItem","position":6,"name":"Kiosk K\u00f8kkenrulleholder Bl\u00e5\/Lyser\u00f8d"}]},{"@type":"WebSite","@id":"https:\/\/hubsch-interior.com\/da\/#website","url":"https:\/\/hubsch-interior.com\/da\/","name":"H\u00fcbsch","description":"Danish Home Interior and Design","publisher":{"@id":"https:\/\/hubsch-interior.com\/da\/#organization"},"potentialAction":[{"@type":"SearchAction","target":{"@type":"EntryPoint","urlTemplate":"https:\/\/hubsch-interior.com\/da\/?s={search_term_string}"},"query-input":{"@type":"PropertyValueSpecification","valueRequired":true,"valueName":"search_term_string"}}],"inLanguage":"da-DK"},{"@type":"Organization","@id":"https:\/\/hubsch-interior.com\/da\/#organization","name":"H\u00fcbsch","url":"https:\/\/hubsch-interior.com\/da\/","logo":{"@type":"ImageObject","inLanguage":"da-DK","@id":"https:\/\/hubsch-interior.com\/da\/#\/schema\/logo\/image\/","url":"https:\/\/hubsch-interior.com\/wp-content\/uploads\/2022\/12\/Hubsch_logo_black_one_line.svg","contentUrl":"https:\/\/hubsch-interior.com\/wp-content\/uploads\/2022\/12\/Hubsch_logo_black_one_line.svg","caption":"H\u00fcbsch"},"image":{"@id":"https:\/\/hubsch-interior.com\/da\/#\/schema\/logo\/image\/"}}]}},"_links":{"self":[{"href":"https:\/\/hubsch-interior.com\/da\/wp-json\/wp\/v2\/product\/399450","targetHints":{"allow":["GET"]}}],"collection":[{"href":"https:\/\/hubsch-interior.com\/da\/wp-json\/wp\/v2\/product"}],"about":[{"href":"https:\/\/hubsch-interior.com\/da\/wp-json\/wp\/v2\/types\/product"}],"wp:featuredmedia":[{"embeddable":true,"href":"https:\/\/hubsch-interior.com\/da\/wp-json\/wp\/v2\/media\/1109877"}],"wp:attachment":[{"href":"https:\/\/hubsch-interior.com\/da\/wp-json\/wp\/v2\/media?parent=399450"}],"wp:term":[{"taxonomy":"product_brand","embeddable":true,"href":"https:\/\/hubsch-interior.com\/da\/wp-json\/wp\/v2\/product_brand?post=399450"},{"taxonomy":"product_cat","embeddable":true,"href":"https:\/\/hubsch-interior.com\/da\/wp-json\/wp\/v2\/product_cat?post=399450"},{"taxonomy":"product_tag","embeddable":true,"href":"https:\/\/hubsch-interior.com\/da\/wp-json\/wp\/v2\/product_tag?post=399450"}],"curies":[{"name":"wp","href":"https:\/\/api.w.org\/{rel}","templated":true}]}}