{"id":399452,"date":"2021-06-14T14:09:34","date_gmt":"2021-06-14T12:09:34","guid":{"rendered":"https:\/\/hubsch-interior.com\/shop-b2c\/product\/product\/"},"modified":"2026-04-05T05:19:18","modified_gmt":"2026-04-05T03:19:18","slug":"astro-fyrfadsstage-brun-gul","status":"publish","type":"product","link":"https:\/\/hubsch-interior.com\/da\/vare\/astro-fyrfadsstage-brun-gul\/","title":{"rendered":"Astro Fyrfadsstage Brun\/Gul"},"content":{"rendered":"<p>Denne fyrfadsstage og blomstervase &#8216;all in one&#8217; har n\u00e6sten gjort os helt mundlamme. Det brune og gule krystalfarvede glas st\u00e5r s\u00e5 flot sammen. Det var k\u00e6rlighed ved f\u00f8rste blik. Vasen i den ene ende vil uden tvivl g\u00f8re dine blomster endnu smukkere, mens lysestagen i den anden ende vil lyse op p\u00e5 en kedelig hylde, et sengebord eller p\u00e5 din yndlingsk\u00e6nk. Fra tid til anden st\u00f8der man p\u00e5 helt unikke lysestager, som er uforglemmelige. Og det er nu. <\/p>\n","protected":false},"excerpt":{"rendered":"<p>Denne fyrfadsstage og blomstervase &#8216;all in one&#8217; har n\u00e6sten gjort os helt mundlamme. Det brune og gule krystalfarvede glas st\u00e5r s\u00e5 flot sammen. Det var k\u00e6rlighed ved f\u00f8rste blik. Vasen i den ene ende vil uden tvivl g\u00f8re dine blomster endnu smukkere, mens lysestagen i den anden ende vil lyse op p\u00e5 en kedelig hylde, [&hellip;]<\/p>\n","protected":false},"featured_media":1109961,"template":"","meta":{"_acf_changed":false,"inline_featured_image":false},"product_brand":[],"product_cat":[5025,6347,4064,4063,6517,6970],"product_tag":[],"class_list":{"0":"post-399452","1":"product","2":"type-product","3":"status-publish","4":"has-post-thumbnail","6":"product_cat-bestsellers-da","7":"product_cat-garden-selection-da","8":"product_cat-lysestager-da","9":"product_cat-lysestager-lanterner-da","10":"product_cat-outlet-da","11":"product_cat-paaskeudsalg","12":"product_shipping_class-pk","14":"pa_color-brun","15":"pa_color-gul","16":"pa_material-krystal-da","18":"first","19":"instock","20":"sale","21":"featured","22":"taxable","23":"shipping-taxable","24":"purchasable","25":"product-type-simple"},"exclude_global_add_ons":[],"addons":[],"acf":[],"yoast_head":"<!-- This site is optimized with the Yoast SEO plugin v26.4 - https:\/\/yoast.com\/wordpress\/plugins\/seo\/ -->\n<title>Astro Fyrfadsstage Brun\/Gul - H\u00fcbsch<\/title>\n<meta name=\"description\" content=\"Denne fyrfadsstage og blomstervase &#039;all in one&#039; har n\u00e6sten gjort os helt mundlamme. Det brune og gule krystalfarvede glas st\u00e5r s\u00e5 flot sammen. Det var\" \/>\n<meta name=\"robots\" content=\"index, follow, max-snippet:-1, max-image-preview:large, max-video-preview:-1\" \/>\n<link rel=\"canonical\" href=\"https:\/\/hubsch-interior.com\/da\/wp-json\/wp\/v2\/product\/399452\" \/>\n<meta property=\"og:locale\" content=\"da_DK\" \/>\n<meta property=\"og:type\" content=\"article\" \/>\n<meta property=\"og:title\" content=\"Astro Fyrfadsstage Brun\/Gul - H\u00fcbsch\" \/>\n<meta property=\"og:description\" content=\"Denne fyrfadsstage og blomstervase &#039;all in one&#039; har n\u00e6sten gjort os helt mundlamme. Det brune og gule krystalfarvede glas st\u00e5r s\u00e5 flot sammen. Det var\" \/>\n<meta property=\"og:url\" content=\"https:\/\/hubsch-interior.com\/da\/vare\/astro-fyrfadsstage-brun-gul\/\" \/>\n<meta property=\"og:site_name\" content=\"H\u00fcbsch\" \/>\n<meta property=\"article:modified_time\" content=\"2026-04-05T03:19:18+00:00\" \/>\n<meta property=\"og:image\" content=\"https:\/\/hubsch-interior.com\/wp-content\/uploads\/2024\/05\/astro-tealight-holder-brownyellow-867fe9762b9051117ab0af134ab7fd51.jpg\" \/>\n\t<meta property=\"og:image:width\" content=\"1200\" \/>\n\t<meta property=\"og:image:height\" content=\"1200\" \/>\n\t<meta property=\"og:image:type\" content=\"image\/jpeg\" \/>\n<meta name=\"twitter:card\" content=\"summary_large_image\" \/>\n<script type=\"application\/ld+json\" class=\"yoast-schema-graph\">{\"@context\":\"https:\/\/schema.org\",\"@graph\":[{\"@type\":\"WebPage\",\"@id\":\"https:\/\/hubsch-interior.com\/da\/vare\/astro-fyrfadsstage-brun-gul\/\",\"url\":\"https:\/\/hubsch-interior.com\/da\/vare\/astro-fyrfadsstage-brun-gul\/\",\"name\":\"Astro Fyrfadsstage Brun\/Gul - H\u00fcbsch\",\"isPartOf\":{\"@id\":\"https:\/\/hubsch-interior.com\/da\/#website\"},\"primaryImageOfPage\":{\"@id\":\"https:\/\/hubsch-interior.com\/da\/vare\/astro-fyrfadsstage-brun-gul\/#primaryimage\"},\"image\":{\"@id\":\"https:\/\/hubsch-interior.com\/da\/vare\/astro-fyrfadsstage-brun-gul\/#primaryimage\"},\"thumbnailUrl\":\"https:\/\/hubsch-interior.com\/wp-content\/uploads\/2026\/02\/astro-tealight-holder-brownyellow-f2eab1f493df2993fa05adb98787f1d7.jpg\",\"datePublished\":\"2021-06-14T12:09:34+00:00\",\"dateModified\":\"2026-04-05T03:19:18+00:00\",\"description\":\"Denne fyrfadsstage og blomstervase 'all in one' har n\u00e6sten gjort os helt mundlamme. Det brune og gule krystalfarvede glas st\u00e5r s\u00e5 flot sammen. Det var\",\"breadcrumb\":{\"@id\":\"https:\/\/hubsch-interior.com\/da\/vare\/astro-fyrfadsstage-brun-gul\/#breadcrumb\"},\"inLanguage\":\"da-DK\",\"potentialAction\":[{\"@type\":\"ReadAction\",\"target\":[\"https:\/\/hubsch-interior.com\/da\/vare\/astro-fyrfadsstage-brun-gul\/\"]}]},{\"@type\":\"ImageObject\",\"inLanguage\":\"da-DK\",\"@id\":\"https:\/\/hubsch-interior.com\/da\/vare\/astro-fyrfadsstage-brun-gul\/#primaryimage\",\"url\":\"https:\/\/hubsch-interior.com\/wp-content\/uploads\/2026\/02\/astro-tealight-holder-brownyellow-f2eab1f493df2993fa05adb98787f1d7.jpg\",\"contentUrl\":\"https:\/\/hubsch-interior.com\/wp-content\/uploads\/2026\/02\/astro-tealight-holder-brownyellow-f2eab1f493df2993fa05adb98787f1d7.jpg\",\"width\":1024,\"height\":1024},{\"@type\":\"BreadcrumbList\",\"@id\":\"https:\/\/hubsch-interior.com\/da\/vare\/astro-fyrfadsstage-brun-gul\/#breadcrumb\",\"itemListElement\":[{\"@type\":\"ListItem\",\"position\":1,\"name\":\"Forside\",\"item\":\"https:\/\/hubsch-interior.com\/da\/\"},{\"@type\":\"ListItem\",\"position\":2,\"name\":\"Produkter\",\"item\":\"https:\/\/hubsch-interior.com\/da\/produkter\/\"},{\"@type\":\"ListItem\",\"position\":3,\"name\":\"Boligtilbeh\u00f8r\",\"item\":\"https:\/\/hubsch-interior.com\/da\/vare-kategori\/boligtilbehor\/\"},{\"@type\":\"ListItem\",\"position\":4,\"name\":\"Lysestager &amp; Lanterner\",\"item\":\"https:\/\/hubsch-interior.com\/da\/vare-kategori\/boligtilbehor\/lysestager-lanterner-da\/\"},{\"@type\":\"ListItem\",\"position\":5,\"name\":\"Lysestager\",\"item\":\"https:\/\/hubsch-interior.com\/da\/vare-kategori\/boligtilbehor\/lysestager-lanterner-da\/lysestager-da\/\"},{\"@type\":\"ListItem\",\"position\":6,\"name\":\"Astro Fyrfadsstage Brun\/Gul\"}]},{\"@type\":\"WebSite\",\"@id\":\"https:\/\/hubsch-interior.com\/da\/#website\",\"url\":\"https:\/\/hubsch-interior.com\/da\/\",\"name\":\"H\u00fcbsch\",\"description\":\"Danish Home Interior and Design\",\"publisher\":{\"@id\":\"https:\/\/hubsch-interior.com\/da\/#organization\"},\"potentialAction\":[{\"@type\":\"SearchAction\",\"target\":{\"@type\":\"EntryPoint\",\"urlTemplate\":\"https:\/\/hubsch-interior.com\/da\/?s={search_term_string}\"},\"query-input\":{\"@type\":\"PropertyValueSpecification\",\"valueRequired\":true,\"valueName\":\"search_term_string\"}}],\"inLanguage\":\"da-DK\"},{\"@type\":\"Organization\",\"@id\":\"https:\/\/hubsch-interior.com\/da\/#organization\",\"name\":\"H\u00fcbsch\",\"url\":\"https:\/\/hubsch-interior.com\/da\/\",\"logo\":{\"@type\":\"ImageObject\",\"inLanguage\":\"da-DK\",\"@id\":\"https:\/\/hubsch-interior.com\/da\/#\/schema\/logo\/image\/\",\"url\":\"https:\/\/hubsch-interior.com\/wp-content\/uploads\/2022\/12\/Hubsch_logo_black_one_line.svg\",\"contentUrl\":\"https:\/\/hubsch-interior.com\/wp-content\/uploads\/2022\/12\/Hubsch_logo_black_one_line.svg\",\"caption\":\"H\u00fcbsch\"},\"image\":{\"@id\":\"https:\/\/hubsch-interior.com\/da\/#\/schema\/logo\/image\/\"}}]}<\/script>\n<!-- \/ Yoast SEO plugin. -->","yoast_head_json":{"title":"Astro Fyrfadsstage Brun\/Gul - H\u00fcbsch","description":"Denne fyrfadsstage og blomstervase 'all in one' har n\u00e6sten gjort os helt mundlamme. Det brune og gule krystalfarvede glas st\u00e5r s\u00e5 flot sammen. Det var","robots":{"index":"index","follow":"follow","max-snippet":"max-snippet:-1","max-image-preview":"max-image-preview:large","max-video-preview":"max-video-preview:-1"},"canonical":"https:\/\/hubsch-interior.com\/da\/wp-json\/wp\/v2\/product\/399452","og_locale":"da_DK","og_type":"article","og_title":"Astro Fyrfadsstage Brun\/Gul - H\u00fcbsch","og_description":"Denne fyrfadsstage og blomstervase 'all in one' har n\u00e6sten gjort os helt mundlamme. Det brune og gule krystalfarvede glas st\u00e5r s\u00e5 flot sammen. Det var","og_url":"https:\/\/hubsch-interior.com\/da\/vare\/astro-fyrfadsstage-brun-gul\/","og_site_name":"H\u00fcbsch","article_modified_time":"2026-04-05T03:19:18+00:00","og_image":[{"width":1200,"height":1200,"url":"https:\/\/hubsch-interior.com\/wp-content\/uploads\/2024\/05\/astro-tealight-holder-brownyellow-867fe9762b9051117ab0af134ab7fd51.jpg","type":"image\/jpeg"}],"twitter_card":"summary_large_image","schema":{"@context":"https:\/\/schema.org","@graph":[{"@type":"WebPage","@id":"https:\/\/hubsch-interior.com\/da\/vare\/astro-fyrfadsstage-brun-gul\/","url":"https:\/\/hubsch-interior.com\/da\/vare\/astro-fyrfadsstage-brun-gul\/","name":"Astro Fyrfadsstage Brun\/Gul - H\u00fcbsch","isPartOf":{"@id":"https:\/\/hubsch-interior.com\/da\/#website"},"primaryImageOfPage":{"@id":"https:\/\/hubsch-interior.com\/da\/vare\/astro-fyrfadsstage-brun-gul\/#primaryimage"},"image":{"@id":"https:\/\/hubsch-interior.com\/da\/vare\/astro-fyrfadsstage-brun-gul\/#primaryimage"},"thumbnailUrl":"https:\/\/hubsch-interior.com\/wp-content\/uploads\/2026\/02\/astro-tealight-holder-brownyellow-f2eab1f493df2993fa05adb98787f1d7.jpg","datePublished":"2021-06-14T12:09:34+00:00","dateModified":"2026-04-05T03:19:18+00:00","description":"Denne fyrfadsstage og blomstervase 'all in one' har n\u00e6sten gjort os helt mundlamme. Det brune og gule krystalfarvede glas st\u00e5r s\u00e5 flot sammen. Det var","breadcrumb":{"@id":"https:\/\/hubsch-interior.com\/da\/vare\/astro-fyrfadsstage-brun-gul\/#breadcrumb"},"inLanguage":"da-DK","potentialAction":[{"@type":"ReadAction","target":["https:\/\/hubsch-interior.com\/da\/vare\/astro-fyrfadsstage-brun-gul\/"]}]},{"@type":"ImageObject","inLanguage":"da-DK","@id":"https:\/\/hubsch-interior.com\/da\/vare\/astro-fyrfadsstage-brun-gul\/#primaryimage","url":"https:\/\/hubsch-interior.com\/wp-content\/uploads\/2026\/02\/astro-tealight-holder-brownyellow-f2eab1f493df2993fa05adb98787f1d7.jpg","contentUrl":"https:\/\/hubsch-interior.com\/wp-content\/uploads\/2026\/02\/astro-tealight-holder-brownyellow-f2eab1f493df2993fa05adb98787f1d7.jpg","width":1024,"height":1024},{"@type":"BreadcrumbList","@id":"https:\/\/hubsch-interior.com\/da\/vare\/astro-fyrfadsstage-brun-gul\/#breadcrumb","itemListElement":[{"@type":"ListItem","position":1,"name":"Forside","item":"https:\/\/hubsch-interior.com\/da\/"},{"@type":"ListItem","position":2,"name":"Produkter","item":"https:\/\/hubsch-interior.com\/da\/produkter\/"},{"@type":"ListItem","position":3,"name":"Boligtilbeh\u00f8r","item":"https:\/\/hubsch-interior.com\/da\/vare-kategori\/boligtilbehor\/"},{"@type":"ListItem","position":4,"name":"Lysestager &amp; Lanterner","item":"https:\/\/hubsch-interior.com\/da\/vare-kategori\/boligtilbehor\/lysestager-lanterner-da\/"},{"@type":"ListItem","position":5,"name":"Lysestager","item":"https:\/\/hubsch-interior.com\/da\/vare-kategori\/boligtilbehor\/lysestager-lanterner-da\/lysestager-da\/"},{"@type":"ListItem","position":6,"name":"Astro Fyrfadsstage Brun\/Gul"}]},{"@type":"WebSite","@id":"https:\/\/hubsch-interior.com\/da\/#website","url":"https:\/\/hubsch-interior.com\/da\/","name":"H\u00fcbsch","description":"Danish Home Interior and Design","publisher":{"@id":"https:\/\/hubsch-interior.com\/da\/#organization"},"potentialAction":[{"@type":"SearchAction","target":{"@type":"EntryPoint","urlTemplate":"https:\/\/hubsch-interior.com\/da\/?s={search_term_string}"},"query-input":{"@type":"PropertyValueSpecification","valueRequired":true,"valueName":"search_term_string"}}],"inLanguage":"da-DK"},{"@type":"Organization","@id":"https:\/\/hubsch-interior.com\/da\/#organization","name":"H\u00fcbsch","url":"https:\/\/hubsch-interior.com\/da\/","logo":{"@type":"ImageObject","inLanguage":"da-DK","@id":"https:\/\/hubsch-interior.com\/da\/#\/schema\/logo\/image\/","url":"https:\/\/hubsch-interior.com\/wp-content\/uploads\/2022\/12\/Hubsch_logo_black_one_line.svg","contentUrl":"https:\/\/hubsch-interior.com\/wp-content\/uploads\/2022\/12\/Hubsch_logo_black_one_line.svg","caption":"H\u00fcbsch"},"image":{"@id":"https:\/\/hubsch-interior.com\/da\/#\/schema\/logo\/image\/"}}]}},"_links":{"self":[{"href":"https:\/\/hubsch-interior.com\/da\/wp-json\/wp\/v2\/product\/399452","targetHints":{"allow":["GET"]}}],"collection":[{"href":"https:\/\/hubsch-interior.com\/da\/wp-json\/wp\/v2\/product"}],"about":[{"href":"https:\/\/hubsch-interior.com\/da\/wp-json\/wp\/v2\/types\/product"}],"wp:featuredmedia":[{"embeddable":true,"href":"https:\/\/hubsch-interior.com\/da\/wp-json\/wp\/v2\/media\/1109961"}],"wp:attachment":[{"href":"https:\/\/hubsch-interior.com\/da\/wp-json\/wp\/v2\/media?parent=399452"}],"wp:term":[{"taxonomy":"product_brand","embeddable":true,"href":"https:\/\/hubsch-interior.com\/da\/wp-json\/wp\/v2\/product_brand?post=399452"},{"taxonomy":"product_cat","embeddable":true,"href":"https:\/\/hubsch-interior.com\/da\/wp-json\/wp\/v2\/product_cat?post=399452"},{"taxonomy":"product_tag","embeddable":true,"href":"https:\/\/hubsch-interior.com\/da\/wp-json\/wp\/v2\/product_tag?post=399452"}],"curies":[{"name":"wp","href":"https:\/\/api.w.org\/{rel}","templated":true}]}}