{"id":39953,"date":"2020-12-15T09:50:55","date_gmt":"2020-12-15T08:50:55","guid":{"rendered":"https:\/\/hubsch-interior.com\/product\/product-27\/"},"modified":"2026-04-05T04:51:20","modified_gmt":"2026-04-05T02:51:20","slug":"nomad-plantestander-small-natur","status":"publish","type":"product","link":"https:\/\/hubsch-interior.com\/da\/vare\/nomad-plantestander-small-natur\/","title":{"rendered":"Nomad Plantestander Small Natur"},"content":{"rendered":"<p>Nomad Plantestander Natur er lavet af FSC-certificeret eg. Stativet har et minimalistisk design, der g\u00f8r det let at passe ind i ethvert milj\u00f8. Det lette tr\u00e6 g\u00f8r det nemt at flytte, s\u00e5 du kan \u00e6ndre dit milj\u00f8, n\u00e5r du har lyst. Stativet er enkel, elegant og oser af kvalitet &#8211; perfekt til ethvert hjem. Det er klar til brug uden samlinger, og det er enkel at vedligeholde. Nomad Plantestander Natur er det perfekte valg til ethvert hjem.<\/p>\n","protected":false},"excerpt":{"rendered":"<p>Nomad Plantestander Natur er lavet af FSC-certificeret eg. Stativet har et minimalistisk design, der g\u00f8r det let at passe ind i ethvert milj\u00f8. Det lette tr\u00e6 g\u00f8r det nemt at flytte, s\u00e5 du kan \u00e6ndre dit milj\u00f8, n\u00e5r du har lyst. Stativet er enkel, elegant og oser af kvalitet &#8211; perfekt til ethvert hjem. Det [&hellip;]<\/p>\n","protected":false},"featured_media":1102462,"template":"","meta":{"_acf_changed":false,"inline_featured_image":false},"product_brand":[],"product_cat":[6942,4912,4913,5025],"product_tag":[],"class_list":{"0":"post-39953","1":"product","2":"type-product","3":"status-publish","4":"has-post-thumbnail","6":"product_cat-bestseller-2025-da","7":"product_cat-potter-vandkander-da","8":"product_cat-plantekasser-da","9":"product_cat-bestsellers-da","10":"product_shipping_class-pk","11":"pa_color-natur-2","12":"pa_material-mdf-da","13":"pa_material-egetr","14":"pa_material-egetrsfiner","16":"first","17":"outofstock","18":"featured","19":"taxable","20":"shipping-taxable","21":"purchasable","22":"product-type-simple"},"exclude_global_add_ons":[],"addons":[],"acf":[],"yoast_head":"<!-- This site is optimized with the Yoast SEO plugin v26.4 - https:\/\/yoast.com\/wordpress\/plugins\/seo\/ -->\n<title>Nomad Plantestander Small Natur - H\u00fcbsch<\/title>\n<meta name=\"description\" content=\"Nomad Plantestander Natur er lavet af FSC-certificeret eg. Stativet har et minimalistisk design, der g\u00f8r det let at passe ind i ethvert milj\u00f8. Det lette\" \/>\n<meta name=\"robots\" content=\"index, follow, max-snippet:-1, max-image-preview:large, max-video-preview:-1\" \/>\n<link rel=\"canonical\" href=\"https:\/\/hubsch-interior.com\/da\/wp-json\/wp\/v2\/product\/39953\" \/>\n<meta property=\"og:locale\" content=\"da_DK\" \/>\n<meta property=\"og:type\" content=\"article\" \/>\n<meta property=\"og:title\" content=\"Nomad Plantestander Small Natur - H\u00fcbsch\" \/>\n<meta property=\"og:description\" content=\"Nomad Plantestander Natur er lavet af FSC-certificeret eg. Stativet har et minimalistisk design, der g\u00f8r det let at passe ind i ethvert milj\u00f8. Det lette\" \/>\n<meta property=\"og:url\" content=\"https:\/\/hubsch-interior.com\/da\/vare\/nomad-plantestander-small-natur\/\" \/>\n<meta property=\"og:site_name\" content=\"H\u00fcbsch\" \/>\n<meta property=\"article:modified_time\" content=\"2026-04-05T02:51:20+00:00\" \/>\n<meta property=\"og:image\" content=\"https:\/\/hubsch-interior.com\/wp-content\/uploads\/2023\/08\/nomad-plant-stand-natural-af87462b3efdde19b97a1d5af07c5e14.jpg\" \/>\n\t<meta property=\"og:image:width\" content=\"1200\" \/>\n\t<meta property=\"og:image:height\" content=\"1200\" \/>\n\t<meta property=\"og:image:type\" content=\"image\/jpeg\" \/>\n<meta name=\"twitter:card\" content=\"summary_large_image\" \/>\n<script type=\"application\/ld+json\" class=\"yoast-schema-graph\">{\"@context\":\"https:\/\/schema.org\",\"@graph\":[{\"@type\":\"WebPage\",\"@id\":\"https:\/\/hubsch-interior.com\/da\/vare\/nomad-plantestander-small-natur\/\",\"url\":\"https:\/\/hubsch-interior.com\/da\/vare\/nomad-plantestander-small-natur\/\",\"name\":\"Nomad Plantestander Small Natur - H\u00fcbsch\",\"isPartOf\":{\"@id\":\"https:\/\/hubsch-interior.com\/da\/#website\"},\"primaryImageOfPage\":{\"@id\":\"https:\/\/hubsch-interior.com\/da\/vare\/nomad-plantestander-small-natur\/#primaryimage\"},\"image\":{\"@id\":\"https:\/\/hubsch-interior.com\/da\/vare\/nomad-plantestander-small-natur\/#primaryimage\"},\"thumbnailUrl\":\"https:\/\/hubsch-interior.com\/wp-content\/uploads\/2026\/02\/nomad-plant-stand-small-natural-27a19fac00400f6e3f1950ca8efc9e9e.jpg\",\"datePublished\":\"2020-12-15T08:50:55+00:00\",\"dateModified\":\"2026-04-05T02:51:20+00:00\",\"description\":\"Nomad Plantestander Natur er lavet af FSC-certificeret eg. Stativet har et minimalistisk design, der g\u00f8r det let at passe ind i ethvert milj\u00f8. Det lette\",\"breadcrumb\":{\"@id\":\"https:\/\/hubsch-interior.com\/da\/vare\/nomad-plantestander-small-natur\/#breadcrumb\"},\"inLanguage\":\"da-DK\",\"potentialAction\":[{\"@type\":\"ReadAction\",\"target\":[\"https:\/\/hubsch-interior.com\/da\/vare\/nomad-plantestander-small-natur\/\"]}]},{\"@type\":\"ImageObject\",\"inLanguage\":\"da-DK\",\"@id\":\"https:\/\/hubsch-interior.com\/da\/vare\/nomad-plantestander-small-natur\/#primaryimage\",\"url\":\"https:\/\/hubsch-interior.com\/wp-content\/uploads\/2026\/02\/nomad-plant-stand-small-natural-27a19fac00400f6e3f1950ca8efc9e9e.jpg\",\"contentUrl\":\"https:\/\/hubsch-interior.com\/wp-content\/uploads\/2026\/02\/nomad-plant-stand-small-natural-27a19fac00400f6e3f1950ca8efc9e9e.jpg\",\"width\":1024,\"height\":1024},{\"@type\":\"BreadcrumbList\",\"@id\":\"https:\/\/hubsch-interior.com\/da\/vare\/nomad-plantestander-small-natur\/#breadcrumb\",\"itemListElement\":[{\"@type\":\"ListItem\",\"position\":1,\"name\":\"Forside\",\"item\":\"https:\/\/hubsch-interior.com\/da\/\"},{\"@type\":\"ListItem\",\"position\":2,\"name\":\"Produkter\",\"item\":\"https:\/\/hubsch-interior.com\/da\/produkter\/\"},{\"@type\":\"ListItem\",\"position\":3,\"name\":\"Boligtilbeh\u00f8r\",\"item\":\"https:\/\/hubsch-interior.com\/da\/vare-kategori\/boligtilbehor\/\"},{\"@type\":\"ListItem\",\"position\":4,\"name\":\"Potter &amp; vandkander\",\"item\":\"https:\/\/hubsch-interior.com\/da\/vare-kategori\/boligtilbehor\/potter-vandkander-da\/\"},{\"@type\":\"ListItem\",\"position\":5,\"name\":\"Plantekasser\",\"item\":\"https:\/\/hubsch-interior.com\/da\/vare-kategori\/boligtilbehor\/potter-vandkander-da\/plantekasser-da\/\"},{\"@type\":\"ListItem\",\"position\":6,\"name\":\"Nomad Plantestander Small Natur\"}]},{\"@type\":\"WebSite\",\"@id\":\"https:\/\/hubsch-interior.com\/da\/#website\",\"url\":\"https:\/\/hubsch-interior.com\/da\/\",\"name\":\"H\u00fcbsch\",\"description\":\"Danish Home Interior and Design\",\"publisher\":{\"@id\":\"https:\/\/hubsch-interior.com\/da\/#organization\"},\"potentialAction\":[{\"@type\":\"SearchAction\",\"target\":{\"@type\":\"EntryPoint\",\"urlTemplate\":\"https:\/\/hubsch-interior.com\/da\/?s={search_term_string}\"},\"query-input\":{\"@type\":\"PropertyValueSpecification\",\"valueRequired\":true,\"valueName\":\"search_term_string\"}}],\"inLanguage\":\"da-DK\"},{\"@type\":\"Organization\",\"@id\":\"https:\/\/hubsch-interior.com\/da\/#organization\",\"name\":\"H\u00fcbsch\",\"url\":\"https:\/\/hubsch-interior.com\/da\/\",\"logo\":{\"@type\":\"ImageObject\",\"inLanguage\":\"da-DK\",\"@id\":\"https:\/\/hubsch-interior.com\/da\/#\/schema\/logo\/image\/\",\"url\":\"https:\/\/hubsch-interior.com\/wp-content\/uploads\/2022\/12\/Hubsch_logo_black_one_line.svg\",\"contentUrl\":\"https:\/\/hubsch-interior.com\/wp-content\/uploads\/2022\/12\/Hubsch_logo_black_one_line.svg\",\"caption\":\"H\u00fcbsch\"},\"image\":{\"@id\":\"https:\/\/hubsch-interior.com\/da\/#\/schema\/logo\/image\/\"}}]}<\/script>\n<!-- \/ Yoast SEO plugin. -->","yoast_head_json":{"title":"Nomad Plantestander Small Natur - H\u00fcbsch","description":"Nomad Plantestander Natur er lavet af FSC-certificeret eg. Stativet har et minimalistisk design, der g\u00f8r det let at passe ind i ethvert milj\u00f8. Det lette","robots":{"index":"index","follow":"follow","max-snippet":"max-snippet:-1","max-image-preview":"max-image-preview:large","max-video-preview":"max-video-preview:-1"},"canonical":"https:\/\/hubsch-interior.com\/da\/wp-json\/wp\/v2\/product\/39953","og_locale":"da_DK","og_type":"article","og_title":"Nomad Plantestander Small Natur - H\u00fcbsch","og_description":"Nomad Plantestander Natur er lavet af FSC-certificeret eg. Stativet har et minimalistisk design, der g\u00f8r det let at passe ind i ethvert milj\u00f8. Det lette","og_url":"https:\/\/hubsch-interior.com\/da\/vare\/nomad-plantestander-small-natur\/","og_site_name":"H\u00fcbsch","article_modified_time":"2026-04-05T02:51:20+00:00","og_image":[{"width":1200,"height":1200,"url":"https:\/\/hubsch-interior.com\/wp-content\/uploads\/2023\/08\/nomad-plant-stand-natural-af87462b3efdde19b97a1d5af07c5e14.jpg","type":"image\/jpeg"}],"twitter_card":"summary_large_image","schema":{"@context":"https:\/\/schema.org","@graph":[{"@type":"WebPage","@id":"https:\/\/hubsch-interior.com\/da\/vare\/nomad-plantestander-small-natur\/","url":"https:\/\/hubsch-interior.com\/da\/vare\/nomad-plantestander-small-natur\/","name":"Nomad Plantestander Small Natur - H\u00fcbsch","isPartOf":{"@id":"https:\/\/hubsch-interior.com\/da\/#website"},"primaryImageOfPage":{"@id":"https:\/\/hubsch-interior.com\/da\/vare\/nomad-plantestander-small-natur\/#primaryimage"},"image":{"@id":"https:\/\/hubsch-interior.com\/da\/vare\/nomad-plantestander-small-natur\/#primaryimage"},"thumbnailUrl":"https:\/\/hubsch-interior.com\/wp-content\/uploads\/2026\/02\/nomad-plant-stand-small-natural-27a19fac00400f6e3f1950ca8efc9e9e.jpg","datePublished":"2020-12-15T08:50:55+00:00","dateModified":"2026-04-05T02:51:20+00:00","description":"Nomad Plantestander Natur er lavet af FSC-certificeret eg. Stativet har et minimalistisk design, der g\u00f8r det let at passe ind i ethvert milj\u00f8. Det lette","breadcrumb":{"@id":"https:\/\/hubsch-interior.com\/da\/vare\/nomad-plantestander-small-natur\/#breadcrumb"},"inLanguage":"da-DK","potentialAction":[{"@type":"ReadAction","target":["https:\/\/hubsch-interior.com\/da\/vare\/nomad-plantestander-small-natur\/"]}]},{"@type":"ImageObject","inLanguage":"da-DK","@id":"https:\/\/hubsch-interior.com\/da\/vare\/nomad-plantestander-small-natur\/#primaryimage","url":"https:\/\/hubsch-interior.com\/wp-content\/uploads\/2026\/02\/nomad-plant-stand-small-natural-27a19fac00400f6e3f1950ca8efc9e9e.jpg","contentUrl":"https:\/\/hubsch-interior.com\/wp-content\/uploads\/2026\/02\/nomad-plant-stand-small-natural-27a19fac00400f6e3f1950ca8efc9e9e.jpg","width":1024,"height":1024},{"@type":"BreadcrumbList","@id":"https:\/\/hubsch-interior.com\/da\/vare\/nomad-plantestander-small-natur\/#breadcrumb","itemListElement":[{"@type":"ListItem","position":1,"name":"Forside","item":"https:\/\/hubsch-interior.com\/da\/"},{"@type":"ListItem","position":2,"name":"Produkter","item":"https:\/\/hubsch-interior.com\/da\/produkter\/"},{"@type":"ListItem","position":3,"name":"Boligtilbeh\u00f8r","item":"https:\/\/hubsch-interior.com\/da\/vare-kategori\/boligtilbehor\/"},{"@type":"ListItem","position":4,"name":"Potter &amp; vandkander","item":"https:\/\/hubsch-interior.com\/da\/vare-kategori\/boligtilbehor\/potter-vandkander-da\/"},{"@type":"ListItem","position":5,"name":"Plantekasser","item":"https:\/\/hubsch-interior.com\/da\/vare-kategori\/boligtilbehor\/potter-vandkander-da\/plantekasser-da\/"},{"@type":"ListItem","position":6,"name":"Nomad Plantestander Small Natur"}]},{"@type":"WebSite","@id":"https:\/\/hubsch-interior.com\/da\/#website","url":"https:\/\/hubsch-interior.com\/da\/","name":"H\u00fcbsch","description":"Danish Home Interior and Design","publisher":{"@id":"https:\/\/hubsch-interior.com\/da\/#organization"},"potentialAction":[{"@type":"SearchAction","target":{"@type":"EntryPoint","urlTemplate":"https:\/\/hubsch-interior.com\/da\/?s={search_term_string}"},"query-input":{"@type":"PropertyValueSpecification","valueRequired":true,"valueName":"search_term_string"}}],"inLanguage":"da-DK"},{"@type":"Organization","@id":"https:\/\/hubsch-interior.com\/da\/#organization","name":"H\u00fcbsch","url":"https:\/\/hubsch-interior.com\/da\/","logo":{"@type":"ImageObject","inLanguage":"da-DK","@id":"https:\/\/hubsch-interior.com\/da\/#\/schema\/logo\/image\/","url":"https:\/\/hubsch-interior.com\/wp-content\/uploads\/2022\/12\/Hubsch_logo_black_one_line.svg","contentUrl":"https:\/\/hubsch-interior.com\/wp-content\/uploads\/2022\/12\/Hubsch_logo_black_one_line.svg","caption":"H\u00fcbsch"},"image":{"@id":"https:\/\/hubsch-interior.com\/da\/#\/schema\/logo\/image\/"}}]}},"_links":{"self":[{"href":"https:\/\/hubsch-interior.com\/da\/wp-json\/wp\/v2\/product\/39953","targetHints":{"allow":["GET"]}}],"collection":[{"href":"https:\/\/hubsch-interior.com\/da\/wp-json\/wp\/v2\/product"}],"about":[{"href":"https:\/\/hubsch-interior.com\/da\/wp-json\/wp\/v2\/types\/product"}],"wp:featuredmedia":[{"embeddable":true,"href":"https:\/\/hubsch-interior.com\/da\/wp-json\/wp\/v2\/media\/1102462"}],"wp:attachment":[{"href":"https:\/\/hubsch-interior.com\/da\/wp-json\/wp\/v2\/media?parent=39953"}],"wp:term":[{"taxonomy":"product_brand","embeddable":true,"href":"https:\/\/hubsch-interior.com\/da\/wp-json\/wp\/v2\/product_brand?post=39953"},{"taxonomy":"product_cat","embeddable":true,"href":"https:\/\/hubsch-interior.com\/da\/wp-json\/wp\/v2\/product_cat?post=39953"},{"taxonomy":"product_tag","embeddable":true,"href":"https:\/\/hubsch-interior.com\/da\/wp-json\/wp\/v2\/product_tag?post=39953"}],"curies":[{"name":"wp","href":"https:\/\/api.w.org\/{rel}","templated":true}]}}