{"id":39977,"date":"2020-12-15T09:51:03","date_gmt":"2020-12-15T08:51:03","guid":{"rendered":"https:\/\/hubsch-interior.com\/product\/product-28\/"},"modified":"2026-04-05T04:51:24","modified_gmt":"2026-04-05T02:51:24","slug":"folk-vaeghaengt-skrivebord-natur","status":"publish","type":"product","link":"https:\/\/hubsch-interior.com\/da\/vare\/folk-vaeghaengt-skrivebord-natur\/","title":{"rendered":"Folk V\u00e6gh\u00e6ngt skrivebord Natur"},"content":{"rendered":"<p>Folk V\u00e6gh\u00e6ngt skrivebord Natur er lavet af 100% FSC certificeret eg. Det h\u00e5ndlavede, v\u00e6gh\u00e6ngte skrivebord er en luksuri\u00f8s m\u00f8bel, der vil se fantastisk ud i ethvert rum. Bordets design er minimalistisk og har en naturlig, rustik finish. Det holdbare skrivebord er perfekt til b\u00e5de arbejds- og hobbyrum. Det er let at montere og det fylder minimalt. Folk v\u00e6gh\u00e6ngt skrivebord Natur er det perfekte valg til at skabe et stilfuldt og funktionelt rum.<\/p>\n","protected":false},"excerpt":{"rendered":"<p>Folk V\u00e6gh\u00e6ngt skrivebord Natur er lavet af 100% FSC certificeret eg. Det h\u00e5ndlavede, v\u00e6gh\u00e6ngte skrivebord er en luksuri\u00f8s m\u00f8bel, der vil se fantastisk ud i ethvert rum. Bordets design er minimalistisk og har en naturlig, rustik finish. Det holdbare skrivebord er perfekt til b\u00e5de arbejds- og hobbyrum. Det er let at montere og det fylder [&hellip;]<\/p>\n","protected":false},"featured_media":1102474,"template":"","meta":{"_acf_changed":false,"inline_featured_image":false},"product_brand":[],"product_cat":[2857,2904,3999,4022,5025],"product_tag":[],"class_list":{"0":"post-39977","1":"product","2":"type-product","3":"status-publish","4":"has-post-thumbnail","6":"product_cat-borde-da","7":"product_cat-skriveborde-da","8":"product_cat-reoler-opbevaring-da","9":"product_cat-hylder-da","10":"product_cat-bestsellers-da","11":"product_shipping_class-pk","13":"pa_color-natur-2","14":"pa_material-mdf-da","15":"pa_material-egetr","16":"pa_material-egetrsfiner","18":"first","19":"outofstock","20":"featured","21":"taxable","22":"shipping-taxable","23":"purchasable","24":"product-type-simple"},"exclude_global_add_ons":[],"addons":[],"acf":[],"yoast_head":"<!-- This site is optimized with the Yoast SEO plugin v26.4 - https:\/\/yoast.com\/wordpress\/plugins\/seo\/ -->\n<title>Folk V\u00e6gh\u00e6ngt skrivebord Natur - H\u00fcbsch<\/title>\n<meta name=\"description\" content=\"Folk V\u00e6gh\u00e6ngt skrivebord Natur er lavet af 100% FSC certificeret eg. Det h\u00e5ndlavede, v\u00e6gh\u00e6ngte skrivebord er en luksuri\u00f8s m\u00f8bel, der vil se fantastisk ud\" \/>\n<meta name=\"robots\" content=\"index, follow, max-snippet:-1, max-image-preview:large, max-video-preview:-1\" \/>\n<link rel=\"canonical\" href=\"https:\/\/hubsch-interior.com\/da\/wp-json\/wp\/v2\/product\/39977\" \/>\n<meta property=\"og:locale\" content=\"da_DK\" \/>\n<meta property=\"og:type\" content=\"article\" \/>\n<meta property=\"og:title\" content=\"Folk V\u00e6gh\u00e6ngt skrivebord Natur - H\u00fcbsch\" \/>\n<meta property=\"og:description\" content=\"Folk V\u00e6gh\u00e6ngt skrivebord Natur er lavet af 100% FSC certificeret eg. Det h\u00e5ndlavede, v\u00e6gh\u00e6ngte skrivebord er en luksuri\u00f8s m\u00f8bel, der vil se fantastisk ud\" \/>\n<meta property=\"og:url\" content=\"https:\/\/hubsch-interior.com\/da\/vare\/folk-vaeghaengt-skrivebord-natur\/\" \/>\n<meta property=\"og:site_name\" content=\"H\u00fcbsch\" \/>\n<meta property=\"article:modified_time\" content=\"2026-04-05T02:51:24+00:00\" \/>\n<meta property=\"og:image\" content=\"https:\/\/hubsch-interior.com\/wp-content\/uploads\/2023\/08\/folk-wall-mounted-desk-natural-d444852c6ac16705347e7b5379fea79e.jpg\" \/>\n\t<meta property=\"og:image:width\" content=\"1200\" \/>\n\t<meta property=\"og:image:height\" content=\"1200\" \/>\n\t<meta property=\"og:image:type\" content=\"image\/jpeg\" \/>\n<meta name=\"twitter:card\" content=\"summary_large_image\" \/>\n<script type=\"application\/ld+json\" class=\"yoast-schema-graph\">{\"@context\":\"https:\/\/schema.org\",\"@graph\":[{\"@type\":\"WebPage\",\"@id\":\"https:\/\/hubsch-interior.com\/da\/vare\/folk-vaeghaengt-skrivebord-natur\/\",\"url\":\"https:\/\/hubsch-interior.com\/da\/vare\/folk-vaeghaengt-skrivebord-natur\/\",\"name\":\"Folk V\u00e6gh\u00e6ngt skrivebord Natur - H\u00fcbsch\",\"isPartOf\":{\"@id\":\"https:\/\/hubsch-interior.com\/da\/#website\"},\"primaryImageOfPage\":{\"@id\":\"https:\/\/hubsch-interior.com\/da\/vare\/folk-vaeghaengt-skrivebord-natur\/#primaryimage\"},\"image\":{\"@id\":\"https:\/\/hubsch-interior.com\/da\/vare\/folk-vaeghaengt-skrivebord-natur\/#primaryimage\"},\"thumbnailUrl\":\"https:\/\/hubsch-interior.com\/wp-content\/uploads\/2026\/02\/folk-wall-mounted-desk-natural-e5c1cee4c1da36a91aea3e12df951443.jpg\",\"datePublished\":\"2020-12-15T08:51:03+00:00\",\"dateModified\":\"2026-04-05T02:51:24+00:00\",\"description\":\"Folk V\u00e6gh\u00e6ngt skrivebord Natur er lavet af 100% FSC certificeret eg. Det h\u00e5ndlavede, v\u00e6gh\u00e6ngte skrivebord er en luksuri\u00f8s m\u00f8bel, der vil se fantastisk ud\",\"breadcrumb\":{\"@id\":\"https:\/\/hubsch-interior.com\/da\/vare\/folk-vaeghaengt-skrivebord-natur\/#breadcrumb\"},\"inLanguage\":\"da-DK\",\"potentialAction\":[{\"@type\":\"ReadAction\",\"target\":[\"https:\/\/hubsch-interior.com\/da\/vare\/folk-vaeghaengt-skrivebord-natur\/\"]}]},{\"@type\":\"ImageObject\",\"inLanguage\":\"da-DK\",\"@id\":\"https:\/\/hubsch-interior.com\/da\/vare\/folk-vaeghaengt-skrivebord-natur\/#primaryimage\",\"url\":\"https:\/\/hubsch-interior.com\/wp-content\/uploads\/2026\/02\/folk-wall-mounted-desk-natural-e5c1cee4c1da36a91aea3e12df951443.jpg\",\"contentUrl\":\"https:\/\/hubsch-interior.com\/wp-content\/uploads\/2026\/02\/folk-wall-mounted-desk-natural-e5c1cee4c1da36a91aea3e12df951443.jpg\",\"width\":1024,\"height\":1024},{\"@type\":\"BreadcrumbList\",\"@id\":\"https:\/\/hubsch-interior.com\/da\/vare\/folk-vaeghaengt-skrivebord-natur\/#breadcrumb\",\"itemListElement\":[{\"@type\":\"ListItem\",\"position\":1,\"name\":\"Forside\",\"item\":\"https:\/\/hubsch-interior.com\/da\/\"},{\"@type\":\"ListItem\",\"position\":2,\"name\":\"Produkter\",\"item\":\"https:\/\/hubsch-interior.com\/da\/produkter\/\"},{\"@type\":\"ListItem\",\"position\":3,\"name\":\"M\u00f8bler\",\"item\":\"https:\/\/hubsch-interior.com\/da\/vare-kategori\/mobler\/\"},{\"@type\":\"ListItem\",\"position\":4,\"name\":\"Borde\",\"item\":\"https:\/\/hubsch-interior.com\/da\/vare-kategori\/mobler\/borde-da\/\"},{\"@type\":\"ListItem\",\"position\":5,\"name\":\"Skriveborde\",\"item\":\"https:\/\/hubsch-interior.com\/da\/vare-kategori\/mobler\/borde-da\/skriveborde-da\/\"},{\"@type\":\"ListItem\",\"position\":6,\"name\":\"Folk V\u00e6gh\u00e6ngt skrivebord Natur\"}]},{\"@type\":\"WebSite\",\"@id\":\"https:\/\/hubsch-interior.com\/da\/#website\",\"url\":\"https:\/\/hubsch-interior.com\/da\/\",\"name\":\"H\u00fcbsch\",\"description\":\"Danish Home Interior and Design\",\"publisher\":{\"@id\":\"https:\/\/hubsch-interior.com\/da\/#organization\"},\"potentialAction\":[{\"@type\":\"SearchAction\",\"target\":{\"@type\":\"EntryPoint\",\"urlTemplate\":\"https:\/\/hubsch-interior.com\/da\/?s={search_term_string}\"},\"query-input\":{\"@type\":\"PropertyValueSpecification\",\"valueRequired\":true,\"valueName\":\"search_term_string\"}}],\"inLanguage\":\"da-DK\"},{\"@type\":\"Organization\",\"@id\":\"https:\/\/hubsch-interior.com\/da\/#organization\",\"name\":\"H\u00fcbsch\",\"url\":\"https:\/\/hubsch-interior.com\/da\/\",\"logo\":{\"@type\":\"ImageObject\",\"inLanguage\":\"da-DK\",\"@id\":\"https:\/\/hubsch-interior.com\/da\/#\/schema\/logo\/image\/\",\"url\":\"https:\/\/hubsch-interior.com\/wp-content\/uploads\/2022\/12\/Hubsch_logo_black_one_line.svg\",\"contentUrl\":\"https:\/\/hubsch-interior.com\/wp-content\/uploads\/2022\/12\/Hubsch_logo_black_one_line.svg\",\"caption\":\"H\u00fcbsch\"},\"image\":{\"@id\":\"https:\/\/hubsch-interior.com\/da\/#\/schema\/logo\/image\/\"}}]}<\/script>\n<!-- \/ Yoast SEO plugin. -->","yoast_head_json":{"title":"Folk V\u00e6gh\u00e6ngt skrivebord Natur - H\u00fcbsch","description":"Folk V\u00e6gh\u00e6ngt skrivebord Natur er lavet af 100% FSC certificeret eg. Det h\u00e5ndlavede, v\u00e6gh\u00e6ngte skrivebord er en luksuri\u00f8s m\u00f8bel, der vil se fantastisk ud","robots":{"index":"index","follow":"follow","max-snippet":"max-snippet:-1","max-image-preview":"max-image-preview:large","max-video-preview":"max-video-preview:-1"},"canonical":"https:\/\/hubsch-interior.com\/da\/wp-json\/wp\/v2\/product\/39977","og_locale":"da_DK","og_type":"article","og_title":"Folk V\u00e6gh\u00e6ngt skrivebord Natur - H\u00fcbsch","og_description":"Folk V\u00e6gh\u00e6ngt skrivebord Natur er lavet af 100% FSC certificeret eg. Det h\u00e5ndlavede, v\u00e6gh\u00e6ngte skrivebord er en luksuri\u00f8s m\u00f8bel, der vil se fantastisk ud","og_url":"https:\/\/hubsch-interior.com\/da\/vare\/folk-vaeghaengt-skrivebord-natur\/","og_site_name":"H\u00fcbsch","article_modified_time":"2026-04-05T02:51:24+00:00","og_image":[{"width":1200,"height":1200,"url":"https:\/\/hubsch-interior.com\/wp-content\/uploads\/2023\/08\/folk-wall-mounted-desk-natural-d444852c6ac16705347e7b5379fea79e.jpg","type":"image\/jpeg"}],"twitter_card":"summary_large_image","schema":{"@context":"https:\/\/schema.org","@graph":[{"@type":"WebPage","@id":"https:\/\/hubsch-interior.com\/da\/vare\/folk-vaeghaengt-skrivebord-natur\/","url":"https:\/\/hubsch-interior.com\/da\/vare\/folk-vaeghaengt-skrivebord-natur\/","name":"Folk V\u00e6gh\u00e6ngt skrivebord Natur - H\u00fcbsch","isPartOf":{"@id":"https:\/\/hubsch-interior.com\/da\/#website"},"primaryImageOfPage":{"@id":"https:\/\/hubsch-interior.com\/da\/vare\/folk-vaeghaengt-skrivebord-natur\/#primaryimage"},"image":{"@id":"https:\/\/hubsch-interior.com\/da\/vare\/folk-vaeghaengt-skrivebord-natur\/#primaryimage"},"thumbnailUrl":"https:\/\/hubsch-interior.com\/wp-content\/uploads\/2026\/02\/folk-wall-mounted-desk-natural-e5c1cee4c1da36a91aea3e12df951443.jpg","datePublished":"2020-12-15T08:51:03+00:00","dateModified":"2026-04-05T02:51:24+00:00","description":"Folk V\u00e6gh\u00e6ngt skrivebord Natur er lavet af 100% FSC certificeret eg. Det h\u00e5ndlavede, v\u00e6gh\u00e6ngte skrivebord er en luksuri\u00f8s m\u00f8bel, der vil se fantastisk ud","breadcrumb":{"@id":"https:\/\/hubsch-interior.com\/da\/vare\/folk-vaeghaengt-skrivebord-natur\/#breadcrumb"},"inLanguage":"da-DK","potentialAction":[{"@type":"ReadAction","target":["https:\/\/hubsch-interior.com\/da\/vare\/folk-vaeghaengt-skrivebord-natur\/"]}]},{"@type":"ImageObject","inLanguage":"da-DK","@id":"https:\/\/hubsch-interior.com\/da\/vare\/folk-vaeghaengt-skrivebord-natur\/#primaryimage","url":"https:\/\/hubsch-interior.com\/wp-content\/uploads\/2026\/02\/folk-wall-mounted-desk-natural-e5c1cee4c1da36a91aea3e12df951443.jpg","contentUrl":"https:\/\/hubsch-interior.com\/wp-content\/uploads\/2026\/02\/folk-wall-mounted-desk-natural-e5c1cee4c1da36a91aea3e12df951443.jpg","width":1024,"height":1024},{"@type":"BreadcrumbList","@id":"https:\/\/hubsch-interior.com\/da\/vare\/folk-vaeghaengt-skrivebord-natur\/#breadcrumb","itemListElement":[{"@type":"ListItem","position":1,"name":"Forside","item":"https:\/\/hubsch-interior.com\/da\/"},{"@type":"ListItem","position":2,"name":"Produkter","item":"https:\/\/hubsch-interior.com\/da\/produkter\/"},{"@type":"ListItem","position":3,"name":"M\u00f8bler","item":"https:\/\/hubsch-interior.com\/da\/vare-kategori\/mobler\/"},{"@type":"ListItem","position":4,"name":"Borde","item":"https:\/\/hubsch-interior.com\/da\/vare-kategori\/mobler\/borde-da\/"},{"@type":"ListItem","position":5,"name":"Skriveborde","item":"https:\/\/hubsch-interior.com\/da\/vare-kategori\/mobler\/borde-da\/skriveborde-da\/"},{"@type":"ListItem","position":6,"name":"Folk V\u00e6gh\u00e6ngt skrivebord Natur"}]},{"@type":"WebSite","@id":"https:\/\/hubsch-interior.com\/da\/#website","url":"https:\/\/hubsch-interior.com\/da\/","name":"H\u00fcbsch","description":"Danish Home Interior and Design","publisher":{"@id":"https:\/\/hubsch-interior.com\/da\/#organization"},"potentialAction":[{"@type":"SearchAction","target":{"@type":"EntryPoint","urlTemplate":"https:\/\/hubsch-interior.com\/da\/?s={search_term_string}"},"query-input":{"@type":"PropertyValueSpecification","valueRequired":true,"valueName":"search_term_string"}}],"inLanguage":"da-DK"},{"@type":"Organization","@id":"https:\/\/hubsch-interior.com\/da\/#organization","name":"H\u00fcbsch","url":"https:\/\/hubsch-interior.com\/da\/","logo":{"@type":"ImageObject","inLanguage":"da-DK","@id":"https:\/\/hubsch-interior.com\/da\/#\/schema\/logo\/image\/","url":"https:\/\/hubsch-interior.com\/wp-content\/uploads\/2022\/12\/Hubsch_logo_black_one_line.svg","contentUrl":"https:\/\/hubsch-interior.com\/wp-content\/uploads\/2022\/12\/Hubsch_logo_black_one_line.svg","caption":"H\u00fcbsch"},"image":{"@id":"https:\/\/hubsch-interior.com\/da\/#\/schema\/logo\/image\/"}}]}},"_links":{"self":[{"href":"https:\/\/hubsch-interior.com\/da\/wp-json\/wp\/v2\/product\/39977","targetHints":{"allow":["GET"]}}],"collection":[{"href":"https:\/\/hubsch-interior.com\/da\/wp-json\/wp\/v2\/product"}],"about":[{"href":"https:\/\/hubsch-interior.com\/da\/wp-json\/wp\/v2\/types\/product"}],"wp:featuredmedia":[{"embeddable":true,"href":"https:\/\/hubsch-interior.com\/da\/wp-json\/wp\/v2\/media\/1102474"}],"wp:attachment":[{"href":"https:\/\/hubsch-interior.com\/da\/wp-json\/wp\/v2\/media?parent=39977"}],"wp:term":[{"taxonomy":"product_brand","embeddable":true,"href":"https:\/\/hubsch-interior.com\/da\/wp-json\/wp\/v2\/product_brand?post=39977"},{"taxonomy":"product_cat","embeddable":true,"href":"https:\/\/hubsch-interior.com\/da\/wp-json\/wp\/v2\/product_cat?post=39977"},{"taxonomy":"product_tag","embeddable":true,"href":"https:\/\/hubsch-interior.com\/da\/wp-json\/wp\/v2\/product_tag?post=39977"}],"curies":[{"name":"wp","href":"https:\/\/api.w.org\/{rel}","templated":true}]}}