{"id":40133,"date":"2020-12-15T09:51:40","date_gmt":"2020-12-15T08:51:40","guid":{"rendered":"https:\/\/hubsch-interior.com\/product\/product-35\/"},"modified":"2026-04-09T04:58:45","modified_gmt":"2026-04-09T02:58:45","slug":"nomad-spisebord-skrivebord-natur","status":"publish","type":"product","link":"https:\/\/hubsch-interior.com\/da\/vare\/nomad-spisebord-skrivebord-natur\/","title":{"rendered":"Nomad Spisebord\/Skrivebord Natur"},"content":{"rendered":"<p>Nomad Spisebord Natur er det perfekte bord til at skabe en moderne, stilfuld og hyggelig atmosf\u00e6re i dit hjem. Bordet er lavet af FSC-certificeret asketr\u00e6 og askerveneer, som giver et smukt og solidt look. Bordpladen er robust og slidst\u00e6rk, s\u00e5 det kan holde til dine m\u00e5ltider og samtaler i mange \u00e5r fremover. Bordet har en let og elegant form, som g\u00f8r det let at flytte og placere. Dette bord vil helt sikkert give dit hjem et touch af moderne stil.<\/p>\n","protected":false},"excerpt":{"rendered":"<p>Nomad Spisebord Natur er det perfekte bord til at skabe en moderne, stilfuld og hyggelig atmosf\u00e6re i dit hjem. Bordet er lavet af FSC-certificeret asketr\u00e6 og askerveneer, som giver et smukt og solidt look. Bordpladen er robust og slidst\u00e6rk, s\u00e5 det kan holde til dine m\u00e5ltider og samtaler i mange \u00e5r fremover. Bordet har en [&hellip;]<\/p>\n","protected":false},"featured_media":1105631,"template":"","meta":{"_acf_changed":false,"inline_featured_image":false},"product_brand":[],"product_cat":[2857,6321,2904,4214],"product_tag":[],"class_list":{"0":"post-40133","1":"product","2":"type-product","3":"status-publish","4":"has-post-thumbnail","6":"product_cat-borde-da","7":"product_cat-fsc-da","8":"product_cat-skriveborde-da","9":"product_cat-spiseborde-da","10":"product_shipping_class-p05","12":"pa_color-natur-2","13":"pa_material-egetr","14":"pa_material-egetrsfiner","15":"pa_material-mdf-da","17":"first","18":"instock","19":"taxable","20":"shipping-taxable","21":"purchasable","22":"product-type-simple"},"exclude_global_add_ons":[],"addons":[],"acf":[],"yoast_head":"<!-- This site is optimized with the Yoast SEO plugin v26.4 - https:\/\/yoast.com\/wordpress\/plugins\/seo\/ -->\n<title>Nomad Spisebord\/Skrivebord Natur - H\u00fcbsch<\/title>\n<meta name=\"description\" content=\"Nomad Spisebord Natur er det perfekte bord til at skabe en moderne, stilfuld og hyggelig atmosf\u00e6re i dit hjem. Bordet er lavet af FSC-certificeret asketr\u00e6\" \/>\n<meta name=\"robots\" content=\"index, follow, max-snippet:-1, max-image-preview:large, max-video-preview:-1\" \/>\n<link rel=\"canonical\" href=\"https:\/\/hubsch-interior.com\/da\/wp-json\/wp\/v2\/product\/40133\" \/>\n<meta property=\"og:locale\" content=\"da_DK\" \/>\n<meta property=\"og:type\" content=\"article\" \/>\n<meta property=\"og:title\" content=\"Nomad Spisebord\/Skrivebord Natur - H\u00fcbsch\" \/>\n<meta property=\"og:description\" content=\"Nomad Spisebord Natur er det perfekte bord til at skabe en moderne, stilfuld og hyggelig atmosf\u00e6re i dit hjem. Bordet er lavet af FSC-certificeret asketr\u00e6\" \/>\n<meta property=\"og:url\" content=\"https:\/\/hubsch-interior.com\/da\/vare\/nomad-spisebord-skrivebord-natur\/\" \/>\n<meta property=\"og:site_name\" content=\"H\u00fcbsch\" \/>\n<meta property=\"article:modified_time\" content=\"2026-04-09T02:58:45+00:00\" \/>\n<meta property=\"og:image\" content=\"https:\/\/hubsch-interior.com\/wp-content\/uploads\/2024\/12\/nomad-dining-tabledesk-natural-deb9466eda01c011b5e0e37c9a86d90b.jpg\" \/>\n\t<meta property=\"og:image:width\" content=\"1200\" \/>\n\t<meta property=\"og:image:height\" content=\"1200\" \/>\n\t<meta property=\"og:image:type\" content=\"image\/jpeg\" \/>\n<meta name=\"twitter:card\" content=\"summary_large_image\" \/>\n<script type=\"application\/ld+json\" class=\"yoast-schema-graph\">{\"@context\":\"https:\/\/schema.org\",\"@graph\":[{\"@type\":\"WebPage\",\"@id\":\"https:\/\/hubsch-interior.com\/da\/vare\/nomad-spisebord-skrivebord-natur\/\",\"url\":\"https:\/\/hubsch-interior.com\/da\/vare\/nomad-spisebord-skrivebord-natur\/\",\"name\":\"Nomad Spisebord\/Skrivebord Natur - H\u00fcbsch\",\"isPartOf\":{\"@id\":\"https:\/\/hubsch-interior.com\/da\/#website\"},\"primaryImageOfPage\":{\"@id\":\"https:\/\/hubsch-interior.com\/da\/vare\/nomad-spisebord-skrivebord-natur\/#primaryimage\"},\"image\":{\"@id\":\"https:\/\/hubsch-interior.com\/da\/vare\/nomad-spisebord-skrivebord-natur\/#primaryimage\"},\"thumbnailUrl\":\"https:\/\/hubsch-interior.com\/wp-content\/uploads\/2026\/02\/nomad-dining-tabledesk-natural-c4831176cf9bf3bc0d8b39007db5c32a.jpg\",\"datePublished\":\"2020-12-15T08:51:40+00:00\",\"dateModified\":\"2026-04-09T02:58:45+00:00\",\"description\":\"Nomad Spisebord Natur er det perfekte bord til at skabe en moderne, stilfuld og hyggelig atmosf\u00e6re i dit hjem. Bordet er lavet af FSC-certificeret asketr\u00e6\",\"breadcrumb\":{\"@id\":\"https:\/\/hubsch-interior.com\/da\/vare\/nomad-spisebord-skrivebord-natur\/#breadcrumb\"},\"inLanguage\":\"da-DK\",\"potentialAction\":[{\"@type\":\"ReadAction\",\"target\":[\"https:\/\/hubsch-interior.com\/da\/vare\/nomad-spisebord-skrivebord-natur\/\"]}]},{\"@type\":\"ImageObject\",\"inLanguage\":\"da-DK\",\"@id\":\"https:\/\/hubsch-interior.com\/da\/vare\/nomad-spisebord-skrivebord-natur\/#primaryimage\",\"url\":\"https:\/\/hubsch-interior.com\/wp-content\/uploads\/2026\/02\/nomad-dining-tabledesk-natural-c4831176cf9bf3bc0d8b39007db5c32a.jpg\",\"contentUrl\":\"https:\/\/hubsch-interior.com\/wp-content\/uploads\/2026\/02\/nomad-dining-tabledesk-natural-c4831176cf9bf3bc0d8b39007db5c32a.jpg\",\"width\":1024,\"height\":1024},{\"@type\":\"BreadcrumbList\",\"@id\":\"https:\/\/hubsch-interior.com\/da\/vare\/nomad-spisebord-skrivebord-natur\/#breadcrumb\",\"itemListElement\":[{\"@type\":\"ListItem\",\"position\":1,\"name\":\"Forside\",\"item\":\"https:\/\/hubsch-interior.com\/da\/\"},{\"@type\":\"ListItem\",\"position\":2,\"name\":\"Produkter\",\"item\":\"https:\/\/hubsch-interior.com\/da\/produkter\/\"},{\"@type\":\"ListItem\",\"position\":3,\"name\":\"M\u00f8bler\",\"item\":\"https:\/\/hubsch-interior.com\/da\/vare-kategori\/mobler\/\"},{\"@type\":\"ListItem\",\"position\":4,\"name\":\"Borde\",\"item\":\"https:\/\/hubsch-interior.com\/da\/vare-kategori\/mobler\/borde-da\/\"},{\"@type\":\"ListItem\",\"position\":5,\"name\":\"Spiseborde\",\"item\":\"https:\/\/hubsch-interior.com\/da\/vare-kategori\/mobler\/borde-da\/spiseborde-da\/\"},{\"@type\":\"ListItem\",\"position\":6,\"name\":\"Nomad Spisebord\/Skrivebord Natur\"}]},{\"@type\":\"WebSite\",\"@id\":\"https:\/\/hubsch-interior.com\/da\/#website\",\"url\":\"https:\/\/hubsch-interior.com\/da\/\",\"name\":\"H\u00fcbsch\",\"description\":\"Danish Home Interior and Design\",\"publisher\":{\"@id\":\"https:\/\/hubsch-interior.com\/da\/#organization\"},\"potentialAction\":[{\"@type\":\"SearchAction\",\"target\":{\"@type\":\"EntryPoint\",\"urlTemplate\":\"https:\/\/hubsch-interior.com\/da\/?s={search_term_string}\"},\"query-input\":{\"@type\":\"PropertyValueSpecification\",\"valueRequired\":true,\"valueName\":\"search_term_string\"}}],\"inLanguage\":\"da-DK\"},{\"@type\":\"Organization\",\"@id\":\"https:\/\/hubsch-interior.com\/da\/#organization\",\"name\":\"H\u00fcbsch\",\"url\":\"https:\/\/hubsch-interior.com\/da\/\",\"logo\":{\"@type\":\"ImageObject\",\"inLanguage\":\"da-DK\",\"@id\":\"https:\/\/hubsch-interior.com\/da\/#\/schema\/logo\/image\/\",\"url\":\"https:\/\/hubsch-interior.com\/wp-content\/uploads\/2022\/12\/Hubsch_logo_black_one_line.svg\",\"contentUrl\":\"https:\/\/hubsch-interior.com\/wp-content\/uploads\/2022\/12\/Hubsch_logo_black_one_line.svg\",\"caption\":\"H\u00fcbsch\"},\"image\":{\"@id\":\"https:\/\/hubsch-interior.com\/da\/#\/schema\/logo\/image\/\"}}]}<\/script>\n<!-- \/ Yoast SEO plugin. -->","yoast_head_json":{"title":"Nomad Spisebord\/Skrivebord Natur - H\u00fcbsch","description":"Nomad Spisebord Natur er det perfekte bord til at skabe en moderne, stilfuld og hyggelig atmosf\u00e6re i dit hjem. Bordet er lavet af FSC-certificeret asketr\u00e6","robots":{"index":"index","follow":"follow","max-snippet":"max-snippet:-1","max-image-preview":"max-image-preview:large","max-video-preview":"max-video-preview:-1"},"canonical":"https:\/\/hubsch-interior.com\/da\/wp-json\/wp\/v2\/product\/40133","og_locale":"da_DK","og_type":"article","og_title":"Nomad Spisebord\/Skrivebord Natur - H\u00fcbsch","og_description":"Nomad Spisebord Natur er det perfekte bord til at skabe en moderne, stilfuld og hyggelig atmosf\u00e6re i dit hjem. Bordet er lavet af FSC-certificeret asketr\u00e6","og_url":"https:\/\/hubsch-interior.com\/da\/vare\/nomad-spisebord-skrivebord-natur\/","og_site_name":"H\u00fcbsch","article_modified_time":"2026-04-09T02:58:45+00:00","og_image":[{"width":1200,"height":1200,"url":"https:\/\/hubsch-interior.com\/wp-content\/uploads\/2024\/12\/nomad-dining-tabledesk-natural-deb9466eda01c011b5e0e37c9a86d90b.jpg","type":"image\/jpeg"}],"twitter_card":"summary_large_image","schema":{"@context":"https:\/\/schema.org","@graph":[{"@type":"WebPage","@id":"https:\/\/hubsch-interior.com\/da\/vare\/nomad-spisebord-skrivebord-natur\/","url":"https:\/\/hubsch-interior.com\/da\/vare\/nomad-spisebord-skrivebord-natur\/","name":"Nomad Spisebord\/Skrivebord Natur - H\u00fcbsch","isPartOf":{"@id":"https:\/\/hubsch-interior.com\/da\/#website"},"primaryImageOfPage":{"@id":"https:\/\/hubsch-interior.com\/da\/vare\/nomad-spisebord-skrivebord-natur\/#primaryimage"},"image":{"@id":"https:\/\/hubsch-interior.com\/da\/vare\/nomad-spisebord-skrivebord-natur\/#primaryimage"},"thumbnailUrl":"https:\/\/hubsch-interior.com\/wp-content\/uploads\/2026\/02\/nomad-dining-tabledesk-natural-c4831176cf9bf3bc0d8b39007db5c32a.jpg","datePublished":"2020-12-15T08:51:40+00:00","dateModified":"2026-04-09T02:58:45+00:00","description":"Nomad Spisebord Natur er det perfekte bord til at skabe en moderne, stilfuld og hyggelig atmosf\u00e6re i dit hjem. Bordet er lavet af FSC-certificeret asketr\u00e6","breadcrumb":{"@id":"https:\/\/hubsch-interior.com\/da\/vare\/nomad-spisebord-skrivebord-natur\/#breadcrumb"},"inLanguage":"da-DK","potentialAction":[{"@type":"ReadAction","target":["https:\/\/hubsch-interior.com\/da\/vare\/nomad-spisebord-skrivebord-natur\/"]}]},{"@type":"ImageObject","inLanguage":"da-DK","@id":"https:\/\/hubsch-interior.com\/da\/vare\/nomad-spisebord-skrivebord-natur\/#primaryimage","url":"https:\/\/hubsch-interior.com\/wp-content\/uploads\/2026\/02\/nomad-dining-tabledesk-natural-c4831176cf9bf3bc0d8b39007db5c32a.jpg","contentUrl":"https:\/\/hubsch-interior.com\/wp-content\/uploads\/2026\/02\/nomad-dining-tabledesk-natural-c4831176cf9bf3bc0d8b39007db5c32a.jpg","width":1024,"height":1024},{"@type":"BreadcrumbList","@id":"https:\/\/hubsch-interior.com\/da\/vare\/nomad-spisebord-skrivebord-natur\/#breadcrumb","itemListElement":[{"@type":"ListItem","position":1,"name":"Forside","item":"https:\/\/hubsch-interior.com\/da\/"},{"@type":"ListItem","position":2,"name":"Produkter","item":"https:\/\/hubsch-interior.com\/da\/produkter\/"},{"@type":"ListItem","position":3,"name":"M\u00f8bler","item":"https:\/\/hubsch-interior.com\/da\/vare-kategori\/mobler\/"},{"@type":"ListItem","position":4,"name":"Borde","item":"https:\/\/hubsch-interior.com\/da\/vare-kategori\/mobler\/borde-da\/"},{"@type":"ListItem","position":5,"name":"Spiseborde","item":"https:\/\/hubsch-interior.com\/da\/vare-kategori\/mobler\/borde-da\/spiseborde-da\/"},{"@type":"ListItem","position":6,"name":"Nomad Spisebord\/Skrivebord Natur"}]},{"@type":"WebSite","@id":"https:\/\/hubsch-interior.com\/da\/#website","url":"https:\/\/hubsch-interior.com\/da\/","name":"H\u00fcbsch","description":"Danish Home Interior and Design","publisher":{"@id":"https:\/\/hubsch-interior.com\/da\/#organization"},"potentialAction":[{"@type":"SearchAction","target":{"@type":"EntryPoint","urlTemplate":"https:\/\/hubsch-interior.com\/da\/?s={search_term_string}"},"query-input":{"@type":"PropertyValueSpecification","valueRequired":true,"valueName":"search_term_string"}}],"inLanguage":"da-DK"},{"@type":"Organization","@id":"https:\/\/hubsch-interior.com\/da\/#organization","name":"H\u00fcbsch","url":"https:\/\/hubsch-interior.com\/da\/","logo":{"@type":"ImageObject","inLanguage":"da-DK","@id":"https:\/\/hubsch-interior.com\/da\/#\/schema\/logo\/image\/","url":"https:\/\/hubsch-interior.com\/wp-content\/uploads\/2022\/12\/Hubsch_logo_black_one_line.svg","contentUrl":"https:\/\/hubsch-interior.com\/wp-content\/uploads\/2022\/12\/Hubsch_logo_black_one_line.svg","caption":"H\u00fcbsch"},"image":{"@id":"https:\/\/hubsch-interior.com\/da\/#\/schema\/logo\/image\/"}}]}},"_links":{"self":[{"href":"https:\/\/hubsch-interior.com\/da\/wp-json\/wp\/v2\/product\/40133","targetHints":{"allow":["GET"]}}],"collection":[{"href":"https:\/\/hubsch-interior.com\/da\/wp-json\/wp\/v2\/product"}],"about":[{"href":"https:\/\/hubsch-interior.com\/da\/wp-json\/wp\/v2\/types\/product"}],"wp:featuredmedia":[{"embeddable":true,"href":"https:\/\/hubsch-interior.com\/da\/wp-json\/wp\/v2\/media\/1105631"}],"wp:attachment":[{"href":"https:\/\/hubsch-interior.com\/da\/wp-json\/wp\/v2\/media?parent=40133"}],"wp:term":[{"taxonomy":"product_brand","embeddable":true,"href":"https:\/\/hubsch-interior.com\/da\/wp-json\/wp\/v2\/product_brand?post=40133"},{"taxonomy":"product_cat","embeddable":true,"href":"https:\/\/hubsch-interior.com\/da\/wp-json\/wp\/v2\/product_cat?post=40133"},{"taxonomy":"product_tag","embeddable":true,"href":"https:\/\/hubsch-interior.com\/da\/wp-json\/wp\/v2\/product_tag?post=40133"}],"curies":[{"name":"wp","href":"https:\/\/api.w.org\/{rel}","templated":true}]}}