{"id":40857,"date":"2020-12-15T09:57:45","date_gmt":"2020-12-15T08:57:45","guid":{"rendered":"https:\/\/hubsch-interior.com\/product\/product-44\/"},"modified":"2026-04-09T05:14:47","modified_gmt":"2026-04-09T03:14:47","slug":"kumu-lampe-o25-hvid","status":"publish","type":"product","link":"https:\/\/hubsch-interior.com\/da\/vare\/kumu-lampe-o25-hvid\/","title":{"rendered":"Kumu Lampe \u00d825 Hvid"},"content":{"rendered":"<p>Kumu V\u00e6glampe \u00d825 Hvid er den perfekte m\u00e5de at tilf\u00f8re stil og elegance til hjemmet. Denne v\u00e6glampe er lavet af et perfekt blend af glas og metal, der giver et moderne udtryk. Lampen er designet med en diskret og stilren \u00d825 cm diameter, og den har et hvidt finish, der passer godt til enhver indretning. Lampen er nem at montere, og det flotte design g\u00f8r det til et diskret og stilfuldt valg. Kumu V\u00e6glampe \u00d825 Hvid skaber et hyggeligt og indbydende lys, der er perfekt til stue, k\u00f8kken, entre eller badev\u00e6relse.<\/p>\n","protected":false},"excerpt":{"rendered":"<p>Kumu V\u00e6glampe \u00d825 Hvid er den perfekte m\u00e5de at tilf\u00f8re stil og elegance til hjemmet. Denne v\u00e6glampe er lavet af et perfekt blend af glas og metal, der giver et moderne udtryk. Lampen er designet med en diskret og stilren \u00d825 cm diameter, og den har et hvidt finish, der passer godt til enhver indretning. [&hellip;]<\/p>\n","protected":false},"featured_media":1109510,"template":"","meta":{"_acf_changed":false,"inline_featured_image":false},"product_brand":[],"product_cat":[3808,3405,4146,5025],"product_tag":[],"class_list":{"0":"post-40857","1":"product","2":"type-product","3":"status-publish","4":"has-post-thumbnail","6":"product_cat-belysning","7":"product_cat-vaeglamper-da","8":"product_cat-loftslamper-da","9":"product_cat-bestsellers-da","10":"product_shipping_class-pk","12":"pa_color-hvid","13":"pa_material-glas-da","14":"pa_material-jern-da","16":"first","17":"instock","18":"featured","19":"taxable","20":"shipping-taxable","21":"purchasable","22":"product-type-simple"},"exclude_global_add_ons":[],"addons":[],"acf":[],"yoast_head":"<!-- This site is optimized with the Yoast SEO plugin v26.4 - https:\/\/yoast.com\/wordpress\/plugins\/seo\/ -->\n<title>Kumu Lampe \u00d825 Hvid - H\u00fcbsch<\/title>\n<meta name=\"description\" content=\"Kumu V\u00e6glampe \u00d825 Hvid er den perfekte m\u00e5de at tilf\u00f8re stil og elegance til hjemmet. Denne v\u00e6glampe er lavet af et perfekt blend af glas og metal, der\" \/>\n<meta name=\"robots\" content=\"index, follow, max-snippet:-1, max-image-preview:large, max-video-preview:-1\" \/>\n<link rel=\"canonical\" href=\"https:\/\/hubsch-interior.com\/da\/wp-json\/wp\/v2\/product\/40857\" \/>\n<meta property=\"og:locale\" content=\"da_DK\" \/>\n<meta property=\"og:type\" content=\"article\" \/>\n<meta property=\"og:title\" content=\"Kumu Lampe \u00d825 Hvid - H\u00fcbsch\" \/>\n<meta property=\"og:description\" content=\"Kumu V\u00e6glampe \u00d825 Hvid er den perfekte m\u00e5de at tilf\u00f8re stil og elegance til hjemmet. Denne v\u00e6glampe er lavet af et perfekt blend af glas og metal, der\" \/>\n<meta property=\"og:url\" content=\"https:\/\/hubsch-interior.com\/da\/vare\/kumu-lampe-o25-hvid\/\" \/>\n<meta property=\"og:site_name\" content=\"H\u00fcbsch\" \/>\n<meta property=\"article:modified_time\" content=\"2026-04-09T03:14:47+00:00\" \/>\n<meta property=\"og:image\" content=\"https:\/\/hubsch-interior.com\/wp-content\/uploads\/2024\/01\/kumu-wall-lamp-O25-white-d6249724044b0d4d4fab1fc4e5ed6050.jpg\" \/>\n\t<meta property=\"og:image:width\" content=\"1200\" \/>\n\t<meta property=\"og:image:height\" content=\"1200\" \/>\n\t<meta property=\"og:image:type\" content=\"image\/jpeg\" \/>\n<meta name=\"twitter:card\" content=\"summary_large_image\" \/>\n<script type=\"application\/ld+json\" class=\"yoast-schema-graph\">{\"@context\":\"https:\/\/schema.org\",\"@graph\":[{\"@type\":\"WebPage\",\"@id\":\"https:\/\/hubsch-interior.com\/da\/vare\/kumu-lampe-o25-hvid\/\",\"url\":\"https:\/\/hubsch-interior.com\/da\/vare\/kumu-lampe-o25-hvid\/\",\"name\":\"Kumu Lampe \u00d825 Hvid - H\u00fcbsch\",\"isPartOf\":{\"@id\":\"https:\/\/hubsch-interior.com\/da\/#website\"},\"primaryImageOfPage\":{\"@id\":\"https:\/\/hubsch-interior.com\/da\/vare\/kumu-lampe-o25-hvid\/#primaryimage\"},\"image\":{\"@id\":\"https:\/\/hubsch-interior.com\/da\/vare\/kumu-lampe-o25-hvid\/#primaryimage\"},\"thumbnailUrl\":\"https:\/\/hubsch-interior.com\/wp-content\/uploads\/2026\/02\/kumu-lamp-O25-white-c452559c87b5c830e62007761da1e630.jpg\",\"datePublished\":\"2020-12-15T08:57:45+00:00\",\"dateModified\":\"2026-04-09T03:14:47+00:00\",\"description\":\"Kumu V\u00e6glampe \u00d825 Hvid er den perfekte m\u00e5de at tilf\u00f8re stil og elegance til hjemmet. Denne v\u00e6glampe er lavet af et perfekt blend af glas og metal, der\",\"breadcrumb\":{\"@id\":\"https:\/\/hubsch-interior.com\/da\/vare\/kumu-lampe-o25-hvid\/#breadcrumb\"},\"inLanguage\":\"da-DK\",\"potentialAction\":[{\"@type\":\"ReadAction\",\"target\":[\"https:\/\/hubsch-interior.com\/da\/vare\/kumu-lampe-o25-hvid\/\"]}]},{\"@type\":\"ImageObject\",\"inLanguage\":\"da-DK\",\"@id\":\"https:\/\/hubsch-interior.com\/da\/vare\/kumu-lampe-o25-hvid\/#primaryimage\",\"url\":\"https:\/\/hubsch-interior.com\/wp-content\/uploads\/2026\/02\/kumu-lamp-O25-white-c452559c87b5c830e62007761da1e630.jpg\",\"contentUrl\":\"https:\/\/hubsch-interior.com\/wp-content\/uploads\/2026\/02\/kumu-lamp-O25-white-c452559c87b5c830e62007761da1e630.jpg\",\"width\":1024,\"height\":1024},{\"@type\":\"BreadcrumbList\",\"@id\":\"https:\/\/hubsch-interior.com\/da\/vare\/kumu-lampe-o25-hvid\/#breadcrumb\",\"itemListElement\":[{\"@type\":\"ListItem\",\"position\":1,\"name\":\"Forside\",\"item\":\"https:\/\/hubsch-interior.com\/da\/\"},{\"@type\":\"ListItem\",\"position\":2,\"name\":\"Produkter\",\"item\":\"https:\/\/hubsch-interior.com\/da\/produkter\/\"},{\"@type\":\"ListItem\",\"position\":3,\"name\":\"Belysning\",\"item\":\"https:\/\/hubsch-interior.com\/da\/vare-kategori\/belysning\/\"},{\"@type\":\"ListItem\",\"position\":4,\"name\":\"V&aelig;glamper\",\"item\":\"https:\/\/hubsch-interior.com\/da\/vare-kategori\/belysning\/vaeglamper-da\/\"},{\"@type\":\"ListItem\",\"position\":5,\"name\":\"Kumu Lampe \u00d825 Hvid\"}]},{\"@type\":\"WebSite\",\"@id\":\"https:\/\/hubsch-interior.com\/da\/#website\",\"url\":\"https:\/\/hubsch-interior.com\/da\/\",\"name\":\"H\u00fcbsch\",\"description\":\"Danish Home Interior and Design\",\"publisher\":{\"@id\":\"https:\/\/hubsch-interior.com\/da\/#organization\"},\"potentialAction\":[{\"@type\":\"SearchAction\",\"target\":{\"@type\":\"EntryPoint\",\"urlTemplate\":\"https:\/\/hubsch-interior.com\/da\/?s={search_term_string}\"},\"query-input\":{\"@type\":\"PropertyValueSpecification\",\"valueRequired\":true,\"valueName\":\"search_term_string\"}}],\"inLanguage\":\"da-DK\"},{\"@type\":\"Organization\",\"@id\":\"https:\/\/hubsch-interior.com\/da\/#organization\",\"name\":\"H\u00fcbsch\",\"url\":\"https:\/\/hubsch-interior.com\/da\/\",\"logo\":{\"@type\":\"ImageObject\",\"inLanguage\":\"da-DK\",\"@id\":\"https:\/\/hubsch-interior.com\/da\/#\/schema\/logo\/image\/\",\"url\":\"https:\/\/hubsch-interior.com\/wp-content\/uploads\/2022\/12\/Hubsch_logo_black_one_line.svg\",\"contentUrl\":\"https:\/\/hubsch-interior.com\/wp-content\/uploads\/2022\/12\/Hubsch_logo_black_one_line.svg\",\"caption\":\"H\u00fcbsch\"},\"image\":{\"@id\":\"https:\/\/hubsch-interior.com\/da\/#\/schema\/logo\/image\/\"}}]}<\/script>\n<!-- \/ Yoast SEO plugin. -->","yoast_head_json":{"title":"Kumu Lampe \u00d825 Hvid - H\u00fcbsch","description":"Kumu V\u00e6glampe \u00d825 Hvid er den perfekte m\u00e5de at tilf\u00f8re stil og elegance til hjemmet. Denne v\u00e6glampe er lavet af et perfekt blend af glas og metal, der","robots":{"index":"index","follow":"follow","max-snippet":"max-snippet:-1","max-image-preview":"max-image-preview:large","max-video-preview":"max-video-preview:-1"},"canonical":"https:\/\/hubsch-interior.com\/da\/wp-json\/wp\/v2\/product\/40857","og_locale":"da_DK","og_type":"article","og_title":"Kumu Lampe \u00d825 Hvid - H\u00fcbsch","og_description":"Kumu V\u00e6glampe \u00d825 Hvid er den perfekte m\u00e5de at tilf\u00f8re stil og elegance til hjemmet. Denne v\u00e6glampe er lavet af et perfekt blend af glas og metal, der","og_url":"https:\/\/hubsch-interior.com\/da\/vare\/kumu-lampe-o25-hvid\/","og_site_name":"H\u00fcbsch","article_modified_time":"2026-04-09T03:14:47+00:00","og_image":[{"width":1200,"height":1200,"url":"https:\/\/hubsch-interior.com\/wp-content\/uploads\/2024\/01\/kumu-wall-lamp-O25-white-d6249724044b0d4d4fab1fc4e5ed6050.jpg","type":"image\/jpeg"}],"twitter_card":"summary_large_image","schema":{"@context":"https:\/\/schema.org","@graph":[{"@type":"WebPage","@id":"https:\/\/hubsch-interior.com\/da\/vare\/kumu-lampe-o25-hvid\/","url":"https:\/\/hubsch-interior.com\/da\/vare\/kumu-lampe-o25-hvid\/","name":"Kumu Lampe \u00d825 Hvid - H\u00fcbsch","isPartOf":{"@id":"https:\/\/hubsch-interior.com\/da\/#website"},"primaryImageOfPage":{"@id":"https:\/\/hubsch-interior.com\/da\/vare\/kumu-lampe-o25-hvid\/#primaryimage"},"image":{"@id":"https:\/\/hubsch-interior.com\/da\/vare\/kumu-lampe-o25-hvid\/#primaryimage"},"thumbnailUrl":"https:\/\/hubsch-interior.com\/wp-content\/uploads\/2026\/02\/kumu-lamp-O25-white-c452559c87b5c830e62007761da1e630.jpg","datePublished":"2020-12-15T08:57:45+00:00","dateModified":"2026-04-09T03:14:47+00:00","description":"Kumu V\u00e6glampe \u00d825 Hvid er den perfekte m\u00e5de at tilf\u00f8re stil og elegance til hjemmet. Denne v\u00e6glampe er lavet af et perfekt blend af glas og metal, der","breadcrumb":{"@id":"https:\/\/hubsch-interior.com\/da\/vare\/kumu-lampe-o25-hvid\/#breadcrumb"},"inLanguage":"da-DK","potentialAction":[{"@type":"ReadAction","target":["https:\/\/hubsch-interior.com\/da\/vare\/kumu-lampe-o25-hvid\/"]}]},{"@type":"ImageObject","inLanguage":"da-DK","@id":"https:\/\/hubsch-interior.com\/da\/vare\/kumu-lampe-o25-hvid\/#primaryimage","url":"https:\/\/hubsch-interior.com\/wp-content\/uploads\/2026\/02\/kumu-lamp-O25-white-c452559c87b5c830e62007761da1e630.jpg","contentUrl":"https:\/\/hubsch-interior.com\/wp-content\/uploads\/2026\/02\/kumu-lamp-O25-white-c452559c87b5c830e62007761da1e630.jpg","width":1024,"height":1024},{"@type":"BreadcrumbList","@id":"https:\/\/hubsch-interior.com\/da\/vare\/kumu-lampe-o25-hvid\/#breadcrumb","itemListElement":[{"@type":"ListItem","position":1,"name":"Forside","item":"https:\/\/hubsch-interior.com\/da\/"},{"@type":"ListItem","position":2,"name":"Produkter","item":"https:\/\/hubsch-interior.com\/da\/produkter\/"},{"@type":"ListItem","position":3,"name":"Belysning","item":"https:\/\/hubsch-interior.com\/da\/vare-kategori\/belysning\/"},{"@type":"ListItem","position":4,"name":"V&aelig;glamper","item":"https:\/\/hubsch-interior.com\/da\/vare-kategori\/belysning\/vaeglamper-da\/"},{"@type":"ListItem","position":5,"name":"Kumu Lampe \u00d825 Hvid"}]},{"@type":"WebSite","@id":"https:\/\/hubsch-interior.com\/da\/#website","url":"https:\/\/hubsch-interior.com\/da\/","name":"H\u00fcbsch","description":"Danish Home Interior and Design","publisher":{"@id":"https:\/\/hubsch-interior.com\/da\/#organization"},"potentialAction":[{"@type":"SearchAction","target":{"@type":"EntryPoint","urlTemplate":"https:\/\/hubsch-interior.com\/da\/?s={search_term_string}"},"query-input":{"@type":"PropertyValueSpecification","valueRequired":true,"valueName":"search_term_string"}}],"inLanguage":"da-DK"},{"@type":"Organization","@id":"https:\/\/hubsch-interior.com\/da\/#organization","name":"H\u00fcbsch","url":"https:\/\/hubsch-interior.com\/da\/","logo":{"@type":"ImageObject","inLanguage":"da-DK","@id":"https:\/\/hubsch-interior.com\/da\/#\/schema\/logo\/image\/","url":"https:\/\/hubsch-interior.com\/wp-content\/uploads\/2022\/12\/Hubsch_logo_black_one_line.svg","contentUrl":"https:\/\/hubsch-interior.com\/wp-content\/uploads\/2022\/12\/Hubsch_logo_black_one_line.svg","caption":"H\u00fcbsch"},"image":{"@id":"https:\/\/hubsch-interior.com\/da\/#\/schema\/logo\/image\/"}}]}},"_links":{"self":[{"href":"https:\/\/hubsch-interior.com\/da\/wp-json\/wp\/v2\/product\/40857","targetHints":{"allow":["GET"]}}],"collection":[{"href":"https:\/\/hubsch-interior.com\/da\/wp-json\/wp\/v2\/product"}],"about":[{"href":"https:\/\/hubsch-interior.com\/da\/wp-json\/wp\/v2\/types\/product"}],"wp:featuredmedia":[{"embeddable":true,"href":"https:\/\/hubsch-interior.com\/da\/wp-json\/wp\/v2\/media\/1109510"}],"wp:attachment":[{"href":"https:\/\/hubsch-interior.com\/da\/wp-json\/wp\/v2\/media?parent=40857"}],"wp:term":[{"taxonomy":"product_brand","embeddable":true,"href":"https:\/\/hubsch-interior.com\/da\/wp-json\/wp\/v2\/product_brand?post=40857"},{"taxonomy":"product_cat","embeddable":true,"href":"https:\/\/hubsch-interior.com\/da\/wp-json\/wp\/v2\/product_cat?post=40857"},{"taxonomy":"product_tag","embeddable":true,"href":"https:\/\/hubsch-interior.com\/da\/wp-json\/wp\/v2\/product_tag?post=40857"}],"curies":[{"name":"wp","href":"https:\/\/api.w.org\/{rel}","templated":true}]}}