{"id":40945,"date":"2020-12-15T09:58:04","date_gmt":"2020-12-15T08:58:04","guid":{"rendered":"https:\/\/hubsch-interior.com\/product\/product-49\/"},"modified":"2026-04-09T05:15:03","modified_gmt":"2026-04-09T03:15:03","slug":"roll-fyrfadsstage-messingfarve","status":"publish","type":"product","link":"https:\/\/hubsch-interior.com\/da\/vare\/roll-fyrfadsstage-messingfarve\/","title":{"rendered":"Roll Fyrfadsstage Messingfarve"},"content":{"rendered":"<p>Roll Fyrfadsstage Messingfarve er et smukt og klassisk produkt, som er fremstillet af metal. Den har en glat og blank overflade, som giver et eksklusivt look til ethvert rum. Den kan bruges i stuen, p\u00e5 kontoret, sovev\u00e6relset og alle andre rum. Den er let at montere og kr\u00e6ver minimal vedligeholdelse. Den er den perfekte m\u00e5de at tilf\u00f8je et strejf af elegance og klasse til ethvert rum.<\/p>\n","protected":false},"excerpt":{"rendered":"<p>Roll Fyrfadsstage Messingfarve er et smukt og klassisk produkt, som er fremstillet af metal. Den har en glat og blank overflade, som giver et eksklusivt look til ethvert rum. Den kan bruges i stuen, p\u00e5 kontoret, sovev\u00e6relset og alle andre rum. Den er let at montere og kr\u00e6ver minimal vedligeholdelse. Den er den perfekte m\u00e5de [&hellip;]<\/p>\n","protected":false},"featured_media":1109586,"template":"","meta":{"_acf_changed":false,"inline_featured_image":false},"product_brand":[],"product_cat":[6970,4063,4064,6517],"product_tag":[],"class_list":{"0":"post-40945","1":"product","2":"type-product","3":"status-publish","4":"has-post-thumbnail","6":"product_cat-paaskeudsalg","7":"product_cat-lysestager-lanterner-da","8":"product_cat-lysestager-da","9":"product_cat-outlet-da","10":"product_shipping_class-pk","12":"pa_color-messingfarve","13":"pa_material-jern-da","15":"first","16":"instock","17":"sale","18":"taxable","19":"shipping-taxable","20":"purchasable","21":"product-type-simple"},"exclude_global_add_ons":[],"addons":[],"acf":[],"yoast_head":"<!-- This site is optimized with the Yoast SEO plugin v26.4 - https:\/\/yoast.com\/wordpress\/plugins\/seo\/ -->\n<title>Roll Fyrfadsstage Messingfarve - H\u00fcbsch<\/title>\n<meta name=\"description\" content=\"Roll Fyrfadsstage Messingfarve er et smukt og klassisk produkt, som er fremstillet af metal. Den har en glat og blank overflade, som giver et eksklusivt\" \/>\n<meta name=\"robots\" content=\"index, follow, max-snippet:-1, max-image-preview:large, max-video-preview:-1\" \/>\n<link rel=\"canonical\" href=\"https:\/\/hubsch-interior.com\/da\/wp-json\/wp\/v2\/product\/40945\" \/>\n<meta property=\"og:locale\" content=\"da_DK\" \/>\n<meta property=\"og:type\" content=\"article\" \/>\n<meta property=\"og:title\" content=\"Roll Fyrfadsstage Messingfarve - H\u00fcbsch\" \/>\n<meta property=\"og:description\" content=\"Roll Fyrfadsstage Messingfarve er et smukt og klassisk produkt, som er fremstillet af metal. Den har en glat og blank overflade, som giver et eksklusivt\" \/>\n<meta property=\"og:url\" content=\"https:\/\/hubsch-interior.com\/da\/vare\/roll-fyrfadsstage-messingfarve\/\" \/>\n<meta property=\"og:site_name\" content=\"H\u00fcbsch\" \/>\n<meta property=\"article:modified_time\" content=\"2026-04-09T03:15:03+00:00\" \/>\n<meta property=\"og:image\" content=\"https:\/\/hubsch-interior.com\/wp-content\/uploads\/2024\/01\/roll-tealight-holder-brass-4960f869336d3cfafa4a82eacf4fa503.jpg\" \/>\n\t<meta property=\"og:image:width\" content=\"1200\" \/>\n\t<meta property=\"og:image:height\" content=\"1200\" \/>\n\t<meta property=\"og:image:type\" content=\"image\/jpeg\" \/>\n<meta name=\"twitter:card\" content=\"summary_large_image\" \/>\n<script type=\"application\/ld+json\" class=\"yoast-schema-graph\">{\"@context\":\"https:\/\/schema.org\",\"@graph\":[{\"@type\":\"WebPage\",\"@id\":\"https:\/\/hubsch-interior.com\/da\/vare\/roll-fyrfadsstage-messingfarve\/\",\"url\":\"https:\/\/hubsch-interior.com\/da\/vare\/roll-fyrfadsstage-messingfarve\/\",\"name\":\"Roll Fyrfadsstage Messingfarve - H\u00fcbsch\",\"isPartOf\":{\"@id\":\"https:\/\/hubsch-interior.com\/da\/#website\"},\"primaryImageOfPage\":{\"@id\":\"https:\/\/hubsch-interior.com\/da\/vare\/roll-fyrfadsstage-messingfarve\/#primaryimage\"},\"image\":{\"@id\":\"https:\/\/hubsch-interior.com\/da\/vare\/roll-fyrfadsstage-messingfarve\/#primaryimage\"},\"thumbnailUrl\":\"https:\/\/hubsch-interior.com\/wp-content\/uploads\/2026\/02\/roll-tealight-holder-brass-e73cfac375cc496b0801bacfff27bc14.jpg\",\"datePublished\":\"2020-12-15T08:58:04+00:00\",\"dateModified\":\"2026-04-09T03:15:03+00:00\",\"description\":\"Roll Fyrfadsstage Messingfarve er et smukt og klassisk produkt, som er fremstillet af metal. Den har en glat og blank overflade, som giver et eksklusivt\",\"breadcrumb\":{\"@id\":\"https:\/\/hubsch-interior.com\/da\/vare\/roll-fyrfadsstage-messingfarve\/#breadcrumb\"},\"inLanguage\":\"da-DK\",\"potentialAction\":[{\"@type\":\"ReadAction\",\"target\":[\"https:\/\/hubsch-interior.com\/da\/vare\/roll-fyrfadsstage-messingfarve\/\"]}]},{\"@type\":\"ImageObject\",\"inLanguage\":\"da-DK\",\"@id\":\"https:\/\/hubsch-interior.com\/da\/vare\/roll-fyrfadsstage-messingfarve\/#primaryimage\",\"url\":\"https:\/\/hubsch-interior.com\/wp-content\/uploads\/2026\/02\/roll-tealight-holder-brass-e73cfac375cc496b0801bacfff27bc14.jpg\",\"contentUrl\":\"https:\/\/hubsch-interior.com\/wp-content\/uploads\/2026\/02\/roll-tealight-holder-brass-e73cfac375cc496b0801bacfff27bc14.jpg\",\"width\":1024,\"height\":1024},{\"@type\":\"BreadcrumbList\",\"@id\":\"https:\/\/hubsch-interior.com\/da\/vare\/roll-fyrfadsstage-messingfarve\/#breadcrumb\",\"itemListElement\":[{\"@type\":\"ListItem\",\"position\":1,\"name\":\"Forside\",\"item\":\"https:\/\/hubsch-interior.com\/da\/\"},{\"@type\":\"ListItem\",\"position\":2,\"name\":\"Produkter\",\"item\":\"https:\/\/hubsch-interior.com\/da\/produkter\/\"},{\"@type\":\"ListItem\",\"position\":3,\"name\":\"Boligtilbeh\u00f8r\",\"item\":\"https:\/\/hubsch-interior.com\/da\/vare-kategori\/boligtilbehor\/\"},{\"@type\":\"ListItem\",\"position\":4,\"name\":\"Lysestager &amp; Lanterner\",\"item\":\"https:\/\/hubsch-interior.com\/da\/vare-kategori\/boligtilbehor\/lysestager-lanterner-da\/\"},{\"@type\":\"ListItem\",\"position\":5,\"name\":\"Lysestager\",\"item\":\"https:\/\/hubsch-interior.com\/da\/vare-kategori\/boligtilbehor\/lysestager-lanterner-da\/lysestager-da\/\"},{\"@type\":\"ListItem\",\"position\":6,\"name\":\"Roll Fyrfadsstage Messingfarve\"}]},{\"@type\":\"WebSite\",\"@id\":\"https:\/\/hubsch-interior.com\/da\/#website\",\"url\":\"https:\/\/hubsch-interior.com\/da\/\",\"name\":\"H\u00fcbsch\",\"description\":\"Danish Home Interior and Design\",\"publisher\":{\"@id\":\"https:\/\/hubsch-interior.com\/da\/#organization\"},\"potentialAction\":[{\"@type\":\"SearchAction\",\"target\":{\"@type\":\"EntryPoint\",\"urlTemplate\":\"https:\/\/hubsch-interior.com\/da\/?s={search_term_string}\"},\"query-input\":{\"@type\":\"PropertyValueSpecification\",\"valueRequired\":true,\"valueName\":\"search_term_string\"}}],\"inLanguage\":\"da-DK\"},{\"@type\":\"Organization\",\"@id\":\"https:\/\/hubsch-interior.com\/da\/#organization\",\"name\":\"H\u00fcbsch\",\"url\":\"https:\/\/hubsch-interior.com\/da\/\",\"logo\":{\"@type\":\"ImageObject\",\"inLanguage\":\"da-DK\",\"@id\":\"https:\/\/hubsch-interior.com\/da\/#\/schema\/logo\/image\/\",\"url\":\"https:\/\/hubsch-interior.com\/wp-content\/uploads\/2022\/12\/Hubsch_logo_black_one_line.svg\",\"contentUrl\":\"https:\/\/hubsch-interior.com\/wp-content\/uploads\/2022\/12\/Hubsch_logo_black_one_line.svg\",\"caption\":\"H\u00fcbsch\"},\"image\":{\"@id\":\"https:\/\/hubsch-interior.com\/da\/#\/schema\/logo\/image\/\"}}]}<\/script>\n<!-- \/ Yoast SEO plugin. -->","yoast_head_json":{"title":"Roll Fyrfadsstage Messingfarve - H\u00fcbsch","description":"Roll Fyrfadsstage Messingfarve er et smukt og klassisk produkt, som er fremstillet af metal. Den har en glat og blank overflade, som giver et eksklusivt","robots":{"index":"index","follow":"follow","max-snippet":"max-snippet:-1","max-image-preview":"max-image-preview:large","max-video-preview":"max-video-preview:-1"},"canonical":"https:\/\/hubsch-interior.com\/da\/wp-json\/wp\/v2\/product\/40945","og_locale":"da_DK","og_type":"article","og_title":"Roll Fyrfadsstage Messingfarve - H\u00fcbsch","og_description":"Roll Fyrfadsstage Messingfarve er et smukt og klassisk produkt, som er fremstillet af metal. Den har en glat og blank overflade, som giver et eksklusivt","og_url":"https:\/\/hubsch-interior.com\/da\/vare\/roll-fyrfadsstage-messingfarve\/","og_site_name":"H\u00fcbsch","article_modified_time":"2026-04-09T03:15:03+00:00","og_image":[{"width":1200,"height":1200,"url":"https:\/\/hubsch-interior.com\/wp-content\/uploads\/2024\/01\/roll-tealight-holder-brass-4960f869336d3cfafa4a82eacf4fa503.jpg","type":"image\/jpeg"}],"twitter_card":"summary_large_image","schema":{"@context":"https:\/\/schema.org","@graph":[{"@type":"WebPage","@id":"https:\/\/hubsch-interior.com\/da\/vare\/roll-fyrfadsstage-messingfarve\/","url":"https:\/\/hubsch-interior.com\/da\/vare\/roll-fyrfadsstage-messingfarve\/","name":"Roll Fyrfadsstage Messingfarve - H\u00fcbsch","isPartOf":{"@id":"https:\/\/hubsch-interior.com\/da\/#website"},"primaryImageOfPage":{"@id":"https:\/\/hubsch-interior.com\/da\/vare\/roll-fyrfadsstage-messingfarve\/#primaryimage"},"image":{"@id":"https:\/\/hubsch-interior.com\/da\/vare\/roll-fyrfadsstage-messingfarve\/#primaryimage"},"thumbnailUrl":"https:\/\/hubsch-interior.com\/wp-content\/uploads\/2026\/02\/roll-tealight-holder-brass-e73cfac375cc496b0801bacfff27bc14.jpg","datePublished":"2020-12-15T08:58:04+00:00","dateModified":"2026-04-09T03:15:03+00:00","description":"Roll Fyrfadsstage Messingfarve er et smukt og klassisk produkt, som er fremstillet af metal. Den har en glat og blank overflade, som giver et eksklusivt","breadcrumb":{"@id":"https:\/\/hubsch-interior.com\/da\/vare\/roll-fyrfadsstage-messingfarve\/#breadcrumb"},"inLanguage":"da-DK","potentialAction":[{"@type":"ReadAction","target":["https:\/\/hubsch-interior.com\/da\/vare\/roll-fyrfadsstage-messingfarve\/"]}]},{"@type":"ImageObject","inLanguage":"da-DK","@id":"https:\/\/hubsch-interior.com\/da\/vare\/roll-fyrfadsstage-messingfarve\/#primaryimage","url":"https:\/\/hubsch-interior.com\/wp-content\/uploads\/2026\/02\/roll-tealight-holder-brass-e73cfac375cc496b0801bacfff27bc14.jpg","contentUrl":"https:\/\/hubsch-interior.com\/wp-content\/uploads\/2026\/02\/roll-tealight-holder-brass-e73cfac375cc496b0801bacfff27bc14.jpg","width":1024,"height":1024},{"@type":"BreadcrumbList","@id":"https:\/\/hubsch-interior.com\/da\/vare\/roll-fyrfadsstage-messingfarve\/#breadcrumb","itemListElement":[{"@type":"ListItem","position":1,"name":"Forside","item":"https:\/\/hubsch-interior.com\/da\/"},{"@type":"ListItem","position":2,"name":"Produkter","item":"https:\/\/hubsch-interior.com\/da\/produkter\/"},{"@type":"ListItem","position":3,"name":"Boligtilbeh\u00f8r","item":"https:\/\/hubsch-interior.com\/da\/vare-kategori\/boligtilbehor\/"},{"@type":"ListItem","position":4,"name":"Lysestager &amp; Lanterner","item":"https:\/\/hubsch-interior.com\/da\/vare-kategori\/boligtilbehor\/lysestager-lanterner-da\/"},{"@type":"ListItem","position":5,"name":"Lysestager","item":"https:\/\/hubsch-interior.com\/da\/vare-kategori\/boligtilbehor\/lysestager-lanterner-da\/lysestager-da\/"},{"@type":"ListItem","position":6,"name":"Roll Fyrfadsstage Messingfarve"}]},{"@type":"WebSite","@id":"https:\/\/hubsch-interior.com\/da\/#website","url":"https:\/\/hubsch-interior.com\/da\/","name":"H\u00fcbsch","description":"Danish Home Interior and Design","publisher":{"@id":"https:\/\/hubsch-interior.com\/da\/#organization"},"potentialAction":[{"@type":"SearchAction","target":{"@type":"EntryPoint","urlTemplate":"https:\/\/hubsch-interior.com\/da\/?s={search_term_string}"},"query-input":{"@type":"PropertyValueSpecification","valueRequired":true,"valueName":"search_term_string"}}],"inLanguage":"da-DK"},{"@type":"Organization","@id":"https:\/\/hubsch-interior.com\/da\/#organization","name":"H\u00fcbsch","url":"https:\/\/hubsch-interior.com\/da\/","logo":{"@type":"ImageObject","inLanguage":"da-DK","@id":"https:\/\/hubsch-interior.com\/da\/#\/schema\/logo\/image\/","url":"https:\/\/hubsch-interior.com\/wp-content\/uploads\/2022\/12\/Hubsch_logo_black_one_line.svg","contentUrl":"https:\/\/hubsch-interior.com\/wp-content\/uploads\/2022\/12\/Hubsch_logo_black_one_line.svg","caption":"H\u00fcbsch"},"image":{"@id":"https:\/\/hubsch-interior.com\/da\/#\/schema\/logo\/image\/"}}]}},"_links":{"self":[{"href":"https:\/\/hubsch-interior.com\/da\/wp-json\/wp\/v2\/product\/40945","targetHints":{"allow":["GET"]}}],"collection":[{"href":"https:\/\/hubsch-interior.com\/da\/wp-json\/wp\/v2\/product"}],"about":[{"href":"https:\/\/hubsch-interior.com\/da\/wp-json\/wp\/v2\/types\/product"}],"wp:featuredmedia":[{"embeddable":true,"href":"https:\/\/hubsch-interior.com\/da\/wp-json\/wp\/v2\/media\/1109586"}],"wp:attachment":[{"href":"https:\/\/hubsch-interior.com\/da\/wp-json\/wp\/v2\/media?parent=40945"}],"wp:term":[{"taxonomy":"product_brand","embeddable":true,"href":"https:\/\/hubsch-interior.com\/da\/wp-json\/wp\/v2\/product_brand?post=40945"},{"taxonomy":"product_cat","embeddable":true,"href":"https:\/\/hubsch-interior.com\/da\/wp-json\/wp\/v2\/product_cat?post=40945"},{"taxonomy":"product_tag","embeddable":true,"href":"https:\/\/hubsch-interior.com\/da\/wp-json\/wp\/v2\/product_tag?post=40945"}],"curies":[{"name":"wp","href":"https:\/\/api.w.org\/{rel}","templated":true}]}}