{"id":41101,"date":"2020-12-15T09:58:39","date_gmt":"2020-12-15T08:58:39","guid":{"rendered":"https:\/\/hubsch-interior.com\/product\/product-51\/"},"modified":"2026-04-09T05:15:14","modified_gmt":"2026-04-09T03:15:14","slug":"fuse-vaeglampe-nikkel","status":"publish","type":"product","link":"https:\/\/hubsch-interior.com\/da\/vare\/fuse-vaeglampe-nikkel\/","title":{"rendered":"Fuse V\u00e6glampe Nikkel"},"content":{"rendered":"<p>Fuse V\u00e6glampe Nikkel er en smuk og stilfuld lampe, som vil give et moderne touch til ethvert hjem. Den er lavet af metal, som g\u00f8r den b\u00e5de holdbar og st\u00e6rk. Den har en diskret og enkel design, som vil tilf\u00f8je et luksuri\u00f8st strejf til enhver v\u00e6g. Den har en cool nikkel finish, der vil se godt ud. Den kommer ogs\u00e5 med en E27 fatning, som g\u00f8r det let at skifte p\u00e6re. Fuse V\u00e6glampe Nikkel er den perfekte l\u00f8sning til at skabe et hyggeligt milj\u00f8 i dit hjem.<\/p>\n","protected":false},"excerpt":{"rendered":"<p>Fuse V\u00e6glampe Nikkel er en smuk og stilfuld lampe, som vil give et moderne touch til ethvert hjem. Den er lavet af metal, som g\u00f8r den b\u00e5de holdbar og st\u00e6rk. Den har en diskret og enkel design, som vil tilf\u00f8je et luksuri\u00f8st strejf til enhver v\u00e6g. Den har en cool nikkel finish, der vil se [&hellip;]<\/p>\n","protected":false},"featured_media":1109638,"template":"","meta":{"_acf_changed":false,"inline_featured_image":false},"product_brand":[],"product_cat":[3808,3405],"product_tag":[],"class_list":{"0":"post-41101","1":"product","2":"type-product","3":"status-publish","4":"has-post-thumbnail","6":"product_cat-belysning","7":"product_cat-vaeglamper-da","8":"product_shipping_class-pk","10":"pa_color-nikkel","11":"pa_material-jern-da","13":"first","14":"instock","15":"taxable","16":"shipping-taxable","17":"purchasable","18":"product-type-simple"},"exclude_global_add_ons":[],"addons":[],"acf":[],"yoast_head":"<!-- This site is optimized with the Yoast SEO plugin v26.4 - https:\/\/yoast.com\/wordpress\/plugins\/seo\/ -->\n<title>Fuse V\u00e6glampe Nikkel - H\u00fcbsch<\/title>\n<meta name=\"description\" content=\"Fuse V\u00e6glampe Nikkel er en smuk og stilfuld lampe, som vil give et moderne touch til ethvert hjem. Den er lavet af metal, som g\u00f8r den b\u00e5de holdbar og\" \/>\n<meta name=\"robots\" content=\"index, follow, max-snippet:-1, max-image-preview:large, max-video-preview:-1\" \/>\n<link rel=\"canonical\" href=\"https:\/\/hubsch-interior.com\/da\/wp-json\/wp\/v2\/product\/41101\" \/>\n<meta property=\"og:locale\" content=\"da_DK\" \/>\n<meta property=\"og:type\" content=\"article\" \/>\n<meta property=\"og:title\" content=\"Fuse V\u00e6glampe Nikkel - H\u00fcbsch\" \/>\n<meta property=\"og:description\" content=\"Fuse V\u00e6glampe Nikkel er en smuk og stilfuld lampe, som vil give et moderne touch til ethvert hjem. Den er lavet af metal, som g\u00f8r den b\u00e5de holdbar og\" \/>\n<meta property=\"og:url\" content=\"https:\/\/hubsch-interior.com\/da\/vare\/fuse-vaeglampe-nikkel\/\" \/>\n<meta property=\"og:site_name\" content=\"H\u00fcbsch\" \/>\n<meta property=\"article:modified_time\" content=\"2026-04-09T03:15:14+00:00\" \/>\n<meta property=\"og:image\" content=\"https:\/\/hubsch-interior.com\/wp-content\/uploads\/2024\/01\/fuse-wall-lamp-nickel-9ba2e0f5b220e351fff0ab34d9e7ad8e.jpg\" \/>\n\t<meta property=\"og:image:width\" content=\"1200\" \/>\n\t<meta property=\"og:image:height\" content=\"1200\" \/>\n\t<meta property=\"og:image:type\" content=\"image\/jpeg\" \/>\n<meta name=\"twitter:card\" content=\"summary_large_image\" \/>\n<script type=\"application\/ld+json\" class=\"yoast-schema-graph\">{\"@context\":\"https:\/\/schema.org\",\"@graph\":[{\"@type\":\"WebPage\",\"@id\":\"https:\/\/hubsch-interior.com\/da\/vare\/fuse-vaeglampe-nikkel\/\",\"url\":\"https:\/\/hubsch-interior.com\/da\/vare\/fuse-vaeglampe-nikkel\/\",\"name\":\"Fuse V\u00e6glampe Nikkel - H\u00fcbsch\",\"isPartOf\":{\"@id\":\"https:\/\/hubsch-interior.com\/da\/#website\"},\"primaryImageOfPage\":{\"@id\":\"https:\/\/hubsch-interior.com\/da\/vare\/fuse-vaeglampe-nikkel\/#primaryimage\"},\"image\":{\"@id\":\"https:\/\/hubsch-interior.com\/da\/vare\/fuse-vaeglampe-nikkel\/#primaryimage\"},\"thumbnailUrl\":\"https:\/\/hubsch-interior.com\/wp-content\/uploads\/2026\/02\/fuse-wall-light-nickel-b4aeb6ef0c0614f195c986fd29d5a1e3.jpg\",\"datePublished\":\"2020-12-15T08:58:39+00:00\",\"dateModified\":\"2026-04-09T03:15:14+00:00\",\"description\":\"Fuse V\u00e6glampe Nikkel er en smuk og stilfuld lampe, som vil give et moderne touch til ethvert hjem. Den er lavet af metal, som g\u00f8r den b\u00e5de holdbar og\",\"breadcrumb\":{\"@id\":\"https:\/\/hubsch-interior.com\/da\/vare\/fuse-vaeglampe-nikkel\/#breadcrumb\"},\"inLanguage\":\"da-DK\",\"potentialAction\":[{\"@type\":\"ReadAction\",\"target\":[\"https:\/\/hubsch-interior.com\/da\/vare\/fuse-vaeglampe-nikkel\/\"]}]},{\"@type\":\"ImageObject\",\"inLanguage\":\"da-DK\",\"@id\":\"https:\/\/hubsch-interior.com\/da\/vare\/fuse-vaeglampe-nikkel\/#primaryimage\",\"url\":\"https:\/\/hubsch-interior.com\/wp-content\/uploads\/2026\/02\/fuse-wall-light-nickel-b4aeb6ef0c0614f195c986fd29d5a1e3.jpg\",\"contentUrl\":\"https:\/\/hubsch-interior.com\/wp-content\/uploads\/2026\/02\/fuse-wall-light-nickel-b4aeb6ef0c0614f195c986fd29d5a1e3.jpg\",\"width\":1024,\"height\":1024},{\"@type\":\"BreadcrumbList\",\"@id\":\"https:\/\/hubsch-interior.com\/da\/vare\/fuse-vaeglampe-nikkel\/#breadcrumb\",\"itemListElement\":[{\"@type\":\"ListItem\",\"position\":1,\"name\":\"Forside\",\"item\":\"https:\/\/hubsch-interior.com\/da\/\"},{\"@type\":\"ListItem\",\"position\":2,\"name\":\"Produkter\",\"item\":\"https:\/\/hubsch-interior.com\/da\/produkter\/\"},{\"@type\":\"ListItem\",\"position\":3,\"name\":\"Belysning\",\"item\":\"https:\/\/hubsch-interior.com\/da\/vare-kategori\/belysning\/\"},{\"@type\":\"ListItem\",\"position\":4,\"name\":\"V&aelig;glamper\",\"item\":\"https:\/\/hubsch-interior.com\/da\/vare-kategori\/belysning\/vaeglamper-da\/\"},{\"@type\":\"ListItem\",\"position\":5,\"name\":\"Fuse V\u00e6glampe Nikkel\"}]},{\"@type\":\"WebSite\",\"@id\":\"https:\/\/hubsch-interior.com\/da\/#website\",\"url\":\"https:\/\/hubsch-interior.com\/da\/\",\"name\":\"H\u00fcbsch\",\"description\":\"Danish Home Interior and Design\",\"publisher\":{\"@id\":\"https:\/\/hubsch-interior.com\/da\/#organization\"},\"potentialAction\":[{\"@type\":\"SearchAction\",\"target\":{\"@type\":\"EntryPoint\",\"urlTemplate\":\"https:\/\/hubsch-interior.com\/da\/?s={search_term_string}\"},\"query-input\":{\"@type\":\"PropertyValueSpecification\",\"valueRequired\":true,\"valueName\":\"search_term_string\"}}],\"inLanguage\":\"da-DK\"},{\"@type\":\"Organization\",\"@id\":\"https:\/\/hubsch-interior.com\/da\/#organization\",\"name\":\"H\u00fcbsch\",\"url\":\"https:\/\/hubsch-interior.com\/da\/\",\"logo\":{\"@type\":\"ImageObject\",\"inLanguage\":\"da-DK\",\"@id\":\"https:\/\/hubsch-interior.com\/da\/#\/schema\/logo\/image\/\",\"url\":\"https:\/\/hubsch-interior.com\/wp-content\/uploads\/2022\/12\/Hubsch_logo_black_one_line.svg\",\"contentUrl\":\"https:\/\/hubsch-interior.com\/wp-content\/uploads\/2022\/12\/Hubsch_logo_black_one_line.svg\",\"caption\":\"H\u00fcbsch\"},\"image\":{\"@id\":\"https:\/\/hubsch-interior.com\/da\/#\/schema\/logo\/image\/\"}}]}<\/script>\n<!-- \/ Yoast SEO plugin. -->","yoast_head_json":{"title":"Fuse V\u00e6glampe Nikkel - H\u00fcbsch","description":"Fuse V\u00e6glampe Nikkel er en smuk og stilfuld lampe, som vil give et moderne touch til ethvert hjem. Den er lavet af metal, som g\u00f8r den b\u00e5de holdbar og","robots":{"index":"index","follow":"follow","max-snippet":"max-snippet:-1","max-image-preview":"max-image-preview:large","max-video-preview":"max-video-preview:-1"},"canonical":"https:\/\/hubsch-interior.com\/da\/wp-json\/wp\/v2\/product\/41101","og_locale":"da_DK","og_type":"article","og_title":"Fuse V\u00e6glampe Nikkel - H\u00fcbsch","og_description":"Fuse V\u00e6glampe Nikkel er en smuk og stilfuld lampe, som vil give et moderne touch til ethvert hjem. Den er lavet af metal, som g\u00f8r den b\u00e5de holdbar og","og_url":"https:\/\/hubsch-interior.com\/da\/vare\/fuse-vaeglampe-nikkel\/","og_site_name":"H\u00fcbsch","article_modified_time":"2026-04-09T03:15:14+00:00","og_image":[{"width":1200,"height":1200,"url":"https:\/\/hubsch-interior.com\/wp-content\/uploads\/2024\/01\/fuse-wall-lamp-nickel-9ba2e0f5b220e351fff0ab34d9e7ad8e.jpg","type":"image\/jpeg"}],"twitter_card":"summary_large_image","schema":{"@context":"https:\/\/schema.org","@graph":[{"@type":"WebPage","@id":"https:\/\/hubsch-interior.com\/da\/vare\/fuse-vaeglampe-nikkel\/","url":"https:\/\/hubsch-interior.com\/da\/vare\/fuse-vaeglampe-nikkel\/","name":"Fuse V\u00e6glampe Nikkel - H\u00fcbsch","isPartOf":{"@id":"https:\/\/hubsch-interior.com\/da\/#website"},"primaryImageOfPage":{"@id":"https:\/\/hubsch-interior.com\/da\/vare\/fuse-vaeglampe-nikkel\/#primaryimage"},"image":{"@id":"https:\/\/hubsch-interior.com\/da\/vare\/fuse-vaeglampe-nikkel\/#primaryimage"},"thumbnailUrl":"https:\/\/hubsch-interior.com\/wp-content\/uploads\/2026\/02\/fuse-wall-light-nickel-b4aeb6ef0c0614f195c986fd29d5a1e3.jpg","datePublished":"2020-12-15T08:58:39+00:00","dateModified":"2026-04-09T03:15:14+00:00","description":"Fuse V\u00e6glampe Nikkel er en smuk og stilfuld lampe, som vil give et moderne touch til ethvert hjem. Den er lavet af metal, som g\u00f8r den b\u00e5de holdbar og","breadcrumb":{"@id":"https:\/\/hubsch-interior.com\/da\/vare\/fuse-vaeglampe-nikkel\/#breadcrumb"},"inLanguage":"da-DK","potentialAction":[{"@type":"ReadAction","target":["https:\/\/hubsch-interior.com\/da\/vare\/fuse-vaeglampe-nikkel\/"]}]},{"@type":"ImageObject","inLanguage":"da-DK","@id":"https:\/\/hubsch-interior.com\/da\/vare\/fuse-vaeglampe-nikkel\/#primaryimage","url":"https:\/\/hubsch-interior.com\/wp-content\/uploads\/2026\/02\/fuse-wall-light-nickel-b4aeb6ef0c0614f195c986fd29d5a1e3.jpg","contentUrl":"https:\/\/hubsch-interior.com\/wp-content\/uploads\/2026\/02\/fuse-wall-light-nickel-b4aeb6ef0c0614f195c986fd29d5a1e3.jpg","width":1024,"height":1024},{"@type":"BreadcrumbList","@id":"https:\/\/hubsch-interior.com\/da\/vare\/fuse-vaeglampe-nikkel\/#breadcrumb","itemListElement":[{"@type":"ListItem","position":1,"name":"Forside","item":"https:\/\/hubsch-interior.com\/da\/"},{"@type":"ListItem","position":2,"name":"Produkter","item":"https:\/\/hubsch-interior.com\/da\/produkter\/"},{"@type":"ListItem","position":3,"name":"Belysning","item":"https:\/\/hubsch-interior.com\/da\/vare-kategori\/belysning\/"},{"@type":"ListItem","position":4,"name":"V&aelig;glamper","item":"https:\/\/hubsch-interior.com\/da\/vare-kategori\/belysning\/vaeglamper-da\/"},{"@type":"ListItem","position":5,"name":"Fuse V\u00e6glampe Nikkel"}]},{"@type":"WebSite","@id":"https:\/\/hubsch-interior.com\/da\/#website","url":"https:\/\/hubsch-interior.com\/da\/","name":"H\u00fcbsch","description":"Danish Home Interior and Design","publisher":{"@id":"https:\/\/hubsch-interior.com\/da\/#organization"},"potentialAction":[{"@type":"SearchAction","target":{"@type":"EntryPoint","urlTemplate":"https:\/\/hubsch-interior.com\/da\/?s={search_term_string}"},"query-input":{"@type":"PropertyValueSpecification","valueRequired":true,"valueName":"search_term_string"}}],"inLanguage":"da-DK"},{"@type":"Organization","@id":"https:\/\/hubsch-interior.com\/da\/#organization","name":"H\u00fcbsch","url":"https:\/\/hubsch-interior.com\/da\/","logo":{"@type":"ImageObject","inLanguage":"da-DK","@id":"https:\/\/hubsch-interior.com\/da\/#\/schema\/logo\/image\/","url":"https:\/\/hubsch-interior.com\/wp-content\/uploads\/2022\/12\/Hubsch_logo_black_one_line.svg","contentUrl":"https:\/\/hubsch-interior.com\/wp-content\/uploads\/2022\/12\/Hubsch_logo_black_one_line.svg","caption":"H\u00fcbsch"},"image":{"@id":"https:\/\/hubsch-interior.com\/da\/#\/schema\/logo\/image\/"}}]}},"_links":{"self":[{"href":"https:\/\/hubsch-interior.com\/da\/wp-json\/wp\/v2\/product\/41101","targetHints":{"allow":["GET"]}}],"collection":[{"href":"https:\/\/hubsch-interior.com\/da\/wp-json\/wp\/v2\/product"}],"about":[{"href":"https:\/\/hubsch-interior.com\/da\/wp-json\/wp\/v2\/types\/product"}],"wp:featuredmedia":[{"embeddable":true,"href":"https:\/\/hubsch-interior.com\/da\/wp-json\/wp\/v2\/media\/1109638"}],"wp:attachment":[{"href":"https:\/\/hubsch-interior.com\/da\/wp-json\/wp\/v2\/media?parent=41101"}],"wp:term":[{"taxonomy":"product_brand","embeddable":true,"href":"https:\/\/hubsch-interior.com\/da\/wp-json\/wp\/v2\/product_brand?post=41101"},{"taxonomy":"product_cat","embeddable":true,"href":"https:\/\/hubsch-interior.com\/da\/wp-json\/wp\/v2\/product_cat?post=41101"},{"taxonomy":"product_tag","embeddable":true,"href":"https:\/\/hubsch-interior.com\/da\/wp-json\/wp\/v2\/product_tag?post=41101"}],"curies":[{"name":"wp","href":"https:\/\/api.w.org\/{rel}","templated":true}]}}