{"id":41133,"date":"2020-12-15T09:58:45","date_gmt":"2020-12-15T08:58:45","guid":{"rendered":"https:\/\/hubsch-interior.com\/product\/product-52\/"},"modified":"2026-04-05T05:18:26","modified_gmt":"2026-04-05T03:18:26","slug":"origami-bogstotte-orange","status":"publish","type":"product","link":"https:\/\/hubsch-interior.com\/da\/vare\/origami-bogstotte-orange\/","title":{"rendered":"Origami Bogst\u00f8tte Orange"},"content":{"rendered":"<p>Origami Bogst\u00f8tte Orange er en stilren, metalbogst\u00f8tte, der giver en moderne og funktionel l\u00f8sning til at holde b\u00f8gerne i orden. Den orange farve giver et smukt touch til dit hjem og er et interessant designvalg. Den er let og kompakt, s\u00e5 du kan flytte den rundt efter behov. Samtidig er den robust og slidst\u00e6rk, s\u00e5 den kan holde i mange \u00e5r. Det er den perfekte l\u00f8sning til at holde dine b\u00f8ger i perfekt kondition.<\/p>\n","protected":false},"excerpt":{"rendered":"<p>Origami Bogst\u00f8tte Orange er en stilren, metalbogst\u00f8tte, der giver en moderne og funktionel l\u00f8sning til at holde b\u00f8gerne i orden. Den orange farve giver et smukt touch til dit hjem og er et interessant designvalg. Den er let og kompakt, s\u00e5 du kan flytte den rundt efter behov. Samtidig er den robust og slidst\u00e6rk, s\u00e5 [&hellip;]<\/p>\n","protected":false},"featured_media":1113054,"template":"","meta":{"_acf_changed":false,"inline_featured_image":false},"product_brand":[],"product_cat":[4151,4158,5025],"product_tag":[],"class_list":{"0":"post-41133","1":"product","2":"type-product","3":"status-publish","4":"has-post-thumbnail","6":"product_cat-kontor-da","7":"product_cat-brevpresser-da","8":"product_cat-bestsellers-da","9":"product_shipping_class-pk","11":"pa_color-orange-da","12":"pa_material-jern-da","14":"first","15":"instock","16":"featured","17":"taxable","18":"shipping-taxable","19":"purchasable","20":"product-type-simple"},"exclude_global_add_ons":[],"addons":[],"acf":[],"yoast_head":"<!-- This site is optimized with the Yoast SEO plugin v26.4 - https:\/\/yoast.com\/wordpress\/plugins\/seo\/ -->\n<title>Origami Bogst\u00f8tte Orange - H\u00fcbsch<\/title>\n<meta name=\"description\" content=\"Origami Bogst\u00f8tte Orange er en stilren, metalbogst\u00f8tte, der giver en moderne og funktionel l\u00f8sning til at holde b\u00f8gerne i orden. Den orange farve giver et\" \/>\n<meta name=\"robots\" content=\"index, follow, max-snippet:-1, max-image-preview:large, max-video-preview:-1\" \/>\n<link rel=\"canonical\" href=\"https:\/\/hubsch-interior.com\/da\/wp-json\/wp\/v2\/product\/41133\" \/>\n<meta property=\"og:locale\" content=\"da_DK\" \/>\n<meta property=\"og:type\" content=\"article\" \/>\n<meta property=\"og:title\" content=\"Origami Bogst\u00f8tte Orange - H\u00fcbsch\" \/>\n<meta property=\"og:description\" content=\"Origami Bogst\u00f8tte Orange er en stilren, metalbogst\u00f8tte, der giver en moderne og funktionel l\u00f8sning til at holde b\u00f8gerne i orden. Den orange farve giver et\" \/>\n<meta property=\"og:url\" content=\"https:\/\/hubsch-interior.com\/da\/vare\/origami-bogstotte-orange\/\" \/>\n<meta property=\"og:site_name\" content=\"H\u00fcbsch\" \/>\n<meta property=\"article:modified_time\" content=\"2026-04-05T03:18:26+00:00\" \/>\n<meta property=\"og:image\" content=\"https:\/\/hubsch-interior.com\/wp-content\/uploads\/2025\/05\/origami-bookend-orange-c28551e38689f676567d321384561789.jpg\" \/>\n\t<meta property=\"og:image:width\" content=\"1200\" \/>\n\t<meta property=\"og:image:height\" content=\"1200\" \/>\n\t<meta property=\"og:image:type\" content=\"image\/jpeg\" \/>\n<meta name=\"twitter:card\" content=\"summary_large_image\" \/>\n<script type=\"application\/ld+json\" class=\"yoast-schema-graph\">{\"@context\":\"https:\/\/schema.org\",\"@graph\":[{\"@type\":\"WebPage\",\"@id\":\"https:\/\/hubsch-interior.com\/da\/vare\/origami-bogstotte-orange\/\",\"url\":\"https:\/\/hubsch-interior.com\/da\/vare\/origami-bogstotte-orange\/\",\"name\":\"Origami Bogst\u00f8tte Orange - H\u00fcbsch\",\"isPartOf\":{\"@id\":\"https:\/\/hubsch-interior.com\/da\/#website\"},\"primaryImageOfPage\":{\"@id\":\"https:\/\/hubsch-interior.com\/da\/vare\/origami-bogstotte-orange\/#primaryimage\"},\"image\":{\"@id\":\"https:\/\/hubsch-interior.com\/da\/vare\/origami-bogstotte-orange\/#primaryimage\"},\"thumbnailUrl\":\"https:\/\/hubsch-interior.com\/wp-content\/uploads\/2026\/02\/origami-bookend-orange-8ceaeb7a2e77fd7570d1466d79731699.jpg\",\"datePublished\":\"2020-12-15T08:58:45+00:00\",\"dateModified\":\"2026-04-05T03:18:26+00:00\",\"description\":\"Origami Bogst\u00f8tte Orange er en stilren, metalbogst\u00f8tte, der giver en moderne og funktionel l\u00f8sning til at holde b\u00f8gerne i orden. Den orange farve giver et\",\"breadcrumb\":{\"@id\":\"https:\/\/hubsch-interior.com\/da\/vare\/origami-bogstotte-orange\/#breadcrumb\"},\"inLanguage\":\"da-DK\",\"potentialAction\":[{\"@type\":\"ReadAction\",\"target\":[\"https:\/\/hubsch-interior.com\/da\/vare\/origami-bogstotte-orange\/\"]}]},{\"@type\":\"ImageObject\",\"inLanguage\":\"da-DK\",\"@id\":\"https:\/\/hubsch-interior.com\/da\/vare\/origami-bogstotte-orange\/#primaryimage\",\"url\":\"https:\/\/hubsch-interior.com\/wp-content\/uploads\/2026\/02\/origami-bookend-orange-8ceaeb7a2e77fd7570d1466d79731699.jpg\",\"contentUrl\":\"https:\/\/hubsch-interior.com\/wp-content\/uploads\/2026\/02\/origami-bookend-orange-8ceaeb7a2e77fd7570d1466d79731699.jpg\",\"width\":1024,\"height\":1024},{\"@type\":\"BreadcrumbList\",\"@id\":\"https:\/\/hubsch-interior.com\/da\/vare\/origami-bogstotte-orange\/#breadcrumb\",\"itemListElement\":[{\"@type\":\"ListItem\",\"position\":1,\"name\":\"Forside\",\"item\":\"https:\/\/hubsch-interior.com\/da\/\"},{\"@type\":\"ListItem\",\"position\":2,\"name\":\"Produkter\",\"item\":\"https:\/\/hubsch-interior.com\/da\/produkter\/\"},{\"@type\":\"ListItem\",\"position\":3,\"name\":\"Boligtilbeh\u00f8r\",\"item\":\"https:\/\/hubsch-interior.com\/da\/vare-kategori\/boligtilbehor\/\"},{\"@type\":\"ListItem\",\"position\":4,\"name\":\"Kontor\",\"item\":\"https:\/\/hubsch-interior.com\/da\/vare-kategori\/boligtilbehor\/kontor-da\/\"},{\"@type\":\"ListItem\",\"position\":5,\"name\":\"Brevpresser\",\"item\":\"https:\/\/hubsch-interior.com\/da\/vare-kategori\/boligtilbehor\/kontor-da\/brevpresser-da\/\"},{\"@type\":\"ListItem\",\"position\":6,\"name\":\"Origami Bogst\u00f8tte Orange\"}]},{\"@type\":\"WebSite\",\"@id\":\"https:\/\/hubsch-interior.com\/da\/#website\",\"url\":\"https:\/\/hubsch-interior.com\/da\/\",\"name\":\"H\u00fcbsch\",\"description\":\"Danish Home Interior and Design\",\"publisher\":{\"@id\":\"https:\/\/hubsch-interior.com\/da\/#organization\"},\"potentialAction\":[{\"@type\":\"SearchAction\",\"target\":{\"@type\":\"EntryPoint\",\"urlTemplate\":\"https:\/\/hubsch-interior.com\/da\/?s={search_term_string}\"},\"query-input\":{\"@type\":\"PropertyValueSpecification\",\"valueRequired\":true,\"valueName\":\"search_term_string\"}}],\"inLanguage\":\"da-DK\"},{\"@type\":\"Organization\",\"@id\":\"https:\/\/hubsch-interior.com\/da\/#organization\",\"name\":\"H\u00fcbsch\",\"url\":\"https:\/\/hubsch-interior.com\/da\/\",\"logo\":{\"@type\":\"ImageObject\",\"inLanguage\":\"da-DK\",\"@id\":\"https:\/\/hubsch-interior.com\/da\/#\/schema\/logo\/image\/\",\"url\":\"https:\/\/hubsch-interior.com\/wp-content\/uploads\/2022\/12\/Hubsch_logo_black_one_line.svg\",\"contentUrl\":\"https:\/\/hubsch-interior.com\/wp-content\/uploads\/2022\/12\/Hubsch_logo_black_one_line.svg\",\"caption\":\"H\u00fcbsch\"},\"image\":{\"@id\":\"https:\/\/hubsch-interior.com\/da\/#\/schema\/logo\/image\/\"}}]}<\/script>\n<!-- \/ Yoast SEO plugin. -->","yoast_head_json":{"title":"Origami Bogst\u00f8tte Orange - H\u00fcbsch","description":"Origami Bogst\u00f8tte Orange er en stilren, metalbogst\u00f8tte, der giver en moderne og funktionel l\u00f8sning til at holde b\u00f8gerne i orden. Den orange farve giver et","robots":{"index":"index","follow":"follow","max-snippet":"max-snippet:-1","max-image-preview":"max-image-preview:large","max-video-preview":"max-video-preview:-1"},"canonical":"https:\/\/hubsch-interior.com\/da\/wp-json\/wp\/v2\/product\/41133","og_locale":"da_DK","og_type":"article","og_title":"Origami Bogst\u00f8tte Orange - H\u00fcbsch","og_description":"Origami Bogst\u00f8tte Orange er en stilren, metalbogst\u00f8tte, der giver en moderne og funktionel l\u00f8sning til at holde b\u00f8gerne i orden. Den orange farve giver et","og_url":"https:\/\/hubsch-interior.com\/da\/vare\/origami-bogstotte-orange\/","og_site_name":"H\u00fcbsch","article_modified_time":"2026-04-05T03:18:26+00:00","og_image":[{"width":1200,"height":1200,"url":"https:\/\/hubsch-interior.com\/wp-content\/uploads\/2025\/05\/origami-bookend-orange-c28551e38689f676567d321384561789.jpg","type":"image\/jpeg"}],"twitter_card":"summary_large_image","schema":{"@context":"https:\/\/schema.org","@graph":[{"@type":"WebPage","@id":"https:\/\/hubsch-interior.com\/da\/vare\/origami-bogstotte-orange\/","url":"https:\/\/hubsch-interior.com\/da\/vare\/origami-bogstotte-orange\/","name":"Origami Bogst\u00f8tte Orange - H\u00fcbsch","isPartOf":{"@id":"https:\/\/hubsch-interior.com\/da\/#website"},"primaryImageOfPage":{"@id":"https:\/\/hubsch-interior.com\/da\/vare\/origami-bogstotte-orange\/#primaryimage"},"image":{"@id":"https:\/\/hubsch-interior.com\/da\/vare\/origami-bogstotte-orange\/#primaryimage"},"thumbnailUrl":"https:\/\/hubsch-interior.com\/wp-content\/uploads\/2026\/02\/origami-bookend-orange-8ceaeb7a2e77fd7570d1466d79731699.jpg","datePublished":"2020-12-15T08:58:45+00:00","dateModified":"2026-04-05T03:18:26+00:00","description":"Origami Bogst\u00f8tte Orange er en stilren, metalbogst\u00f8tte, der giver en moderne og funktionel l\u00f8sning til at holde b\u00f8gerne i orden. Den orange farve giver et","breadcrumb":{"@id":"https:\/\/hubsch-interior.com\/da\/vare\/origami-bogstotte-orange\/#breadcrumb"},"inLanguage":"da-DK","potentialAction":[{"@type":"ReadAction","target":["https:\/\/hubsch-interior.com\/da\/vare\/origami-bogstotte-orange\/"]}]},{"@type":"ImageObject","inLanguage":"da-DK","@id":"https:\/\/hubsch-interior.com\/da\/vare\/origami-bogstotte-orange\/#primaryimage","url":"https:\/\/hubsch-interior.com\/wp-content\/uploads\/2026\/02\/origami-bookend-orange-8ceaeb7a2e77fd7570d1466d79731699.jpg","contentUrl":"https:\/\/hubsch-interior.com\/wp-content\/uploads\/2026\/02\/origami-bookend-orange-8ceaeb7a2e77fd7570d1466d79731699.jpg","width":1024,"height":1024},{"@type":"BreadcrumbList","@id":"https:\/\/hubsch-interior.com\/da\/vare\/origami-bogstotte-orange\/#breadcrumb","itemListElement":[{"@type":"ListItem","position":1,"name":"Forside","item":"https:\/\/hubsch-interior.com\/da\/"},{"@type":"ListItem","position":2,"name":"Produkter","item":"https:\/\/hubsch-interior.com\/da\/produkter\/"},{"@type":"ListItem","position":3,"name":"Boligtilbeh\u00f8r","item":"https:\/\/hubsch-interior.com\/da\/vare-kategori\/boligtilbehor\/"},{"@type":"ListItem","position":4,"name":"Kontor","item":"https:\/\/hubsch-interior.com\/da\/vare-kategori\/boligtilbehor\/kontor-da\/"},{"@type":"ListItem","position":5,"name":"Brevpresser","item":"https:\/\/hubsch-interior.com\/da\/vare-kategori\/boligtilbehor\/kontor-da\/brevpresser-da\/"},{"@type":"ListItem","position":6,"name":"Origami Bogst\u00f8tte Orange"}]},{"@type":"WebSite","@id":"https:\/\/hubsch-interior.com\/da\/#website","url":"https:\/\/hubsch-interior.com\/da\/","name":"H\u00fcbsch","description":"Danish Home Interior and Design","publisher":{"@id":"https:\/\/hubsch-interior.com\/da\/#organization"},"potentialAction":[{"@type":"SearchAction","target":{"@type":"EntryPoint","urlTemplate":"https:\/\/hubsch-interior.com\/da\/?s={search_term_string}"},"query-input":{"@type":"PropertyValueSpecification","valueRequired":true,"valueName":"search_term_string"}}],"inLanguage":"da-DK"},{"@type":"Organization","@id":"https:\/\/hubsch-interior.com\/da\/#organization","name":"H\u00fcbsch","url":"https:\/\/hubsch-interior.com\/da\/","logo":{"@type":"ImageObject","inLanguage":"da-DK","@id":"https:\/\/hubsch-interior.com\/da\/#\/schema\/logo\/image\/","url":"https:\/\/hubsch-interior.com\/wp-content\/uploads\/2022\/12\/Hubsch_logo_black_one_line.svg","contentUrl":"https:\/\/hubsch-interior.com\/wp-content\/uploads\/2022\/12\/Hubsch_logo_black_one_line.svg","caption":"H\u00fcbsch"},"image":{"@id":"https:\/\/hubsch-interior.com\/da\/#\/schema\/logo\/image\/"}}]}},"_links":{"self":[{"href":"https:\/\/hubsch-interior.com\/da\/wp-json\/wp\/v2\/product\/41133","targetHints":{"allow":["GET"]}}],"collection":[{"href":"https:\/\/hubsch-interior.com\/da\/wp-json\/wp\/v2\/product"}],"about":[{"href":"https:\/\/hubsch-interior.com\/da\/wp-json\/wp\/v2\/types\/product"}],"wp:featuredmedia":[{"embeddable":true,"href":"https:\/\/hubsch-interior.com\/da\/wp-json\/wp\/v2\/media\/1113054"}],"wp:attachment":[{"href":"https:\/\/hubsch-interior.com\/da\/wp-json\/wp\/v2\/media?parent=41133"}],"wp:term":[{"taxonomy":"product_brand","embeddable":true,"href":"https:\/\/hubsch-interior.com\/da\/wp-json\/wp\/v2\/product_brand?post=41133"},{"taxonomy":"product_cat","embeddable":true,"href":"https:\/\/hubsch-interior.com\/da\/wp-json\/wp\/v2\/product_cat?post=41133"},{"taxonomy":"product_tag","embeddable":true,"href":"https:\/\/hubsch-interior.com\/da\/wp-json\/wp\/v2\/product_tag?post=41133"}],"curies":[{"name":"wp","href":"https:\/\/api.w.org\/{rel}","templated":true}]}}