{"id":41205,"date":"2020-12-15T09:58:58","date_gmt":"2020-12-15T08:58:58","guid":{"rendered":"https:\/\/hubsch-interior.com\/product\/product-55\/"},"modified":"2026-04-09T05:15:22","modified_gmt":"2026-04-09T03:15:22","slug":"piccolo-knage-nikkel","status":"publish","type":"product","link":"https:\/\/hubsch-interior.com\/da\/vare\/piccolo-knage-nikkel\/","title":{"rendered":"Piccolo Knage Nikkel"},"content":{"rendered":"<p>Piccolo Knage Nikkel er lavet af metal og er et elegant og tidl\u00f8st design, der passer ind i ethvert hjem. Den har en smuk, let tilg\u00e6ngelig nikkeloverflade, der er nem at reng\u00f8re. Den har en moderne udformning, der giver et stilfuldt og moderne touch til dit hjem. Denne knage er lille, men alligevel st\u00e6rk og holdbar. Med sin smukke finish, er det det perfekte valg til at give dit hjem et elegant, moderne look. Den Piccolo Knage Nikkel vil v\u00e6re et v\u00e6rdifuldt supplement til ethvert hjem.<\/p>\n","protected":false},"excerpt":{"rendered":"<p>Piccolo Knage Nikkel er lavet af metal og er et elegant og tidl\u00f8st design, der passer ind i ethvert hjem. Den har en smuk, let tilg\u00e6ngelig nikkeloverflade, der er nem at reng\u00f8re. Den har en moderne udformning, der giver et stilfuldt og moderne touch til dit hjem. Denne knage er lille, men alligevel st\u00e6rk og [&hellip;]<\/p>\n","protected":false},"featured_media":1113082,"template":"","meta":{"_acf_changed":false,"inline_featured_image":false},"product_brand":[],"product_cat":[5025,4106,7065,4039,7069],"product_tag":[],"class_list":{"0":"post-41205","1":"product","2":"type-product","3":"status-publish","4":"has-post-thumbnail","6":"product_cat-bestsellers-da","7":"product_cat-knager-da","8":"product_cat-koekken-reoler-da","9":"product_cat-knager-knageraekker-da","10":"product_cat-knager-reoler-da","11":"product_shipping_class-pk","13":"pa_color-nikkel","14":"pa_material-jern-da","16":"first","17":"instock","18":"featured","19":"taxable","20":"shipping-taxable","21":"purchasable","22":"product-type-simple"},"exclude_global_add_ons":[],"addons":[],"acf":[],"yoast_head":"<!-- This site is optimized with the Yoast SEO plugin v26.4 - https:\/\/yoast.com\/wordpress\/plugins\/seo\/ -->\n<title>Piccolo Knage Nikkel - H\u00fcbsch<\/title>\n<meta name=\"description\" content=\"Piccolo Knage Nikkel er lavet af metal og er et elegant og tidl\u00f8st design, der passer ind i ethvert hjem. Den har en smuk, let tilg\u00e6ngelig\" \/>\n<meta name=\"robots\" content=\"index, follow, max-snippet:-1, max-image-preview:large, max-video-preview:-1\" \/>\n<link rel=\"canonical\" href=\"https:\/\/hubsch-interior.com\/da\/wp-json\/wp\/v2\/product\/41205\" \/>\n<meta property=\"og:locale\" content=\"da_DK\" \/>\n<meta property=\"og:type\" content=\"article\" \/>\n<meta property=\"og:title\" content=\"Piccolo Knage Nikkel - H\u00fcbsch\" \/>\n<meta property=\"og:description\" content=\"Piccolo Knage Nikkel er lavet af metal og er et elegant og tidl\u00f8st design, der passer ind i ethvert hjem. Den har en smuk, let tilg\u00e6ngelig\" \/>\n<meta property=\"og:url\" content=\"https:\/\/hubsch-interior.com\/da\/vare\/piccolo-knage-nikkel\/\" \/>\n<meta property=\"og:site_name\" content=\"H\u00fcbsch\" \/>\n<meta property=\"article:modified_time\" content=\"2026-04-09T03:15:22+00:00\" \/>\n<meta property=\"og:image\" content=\"https:\/\/hubsch-interior.com\/wp-content\/uploads\/2024\/01\/piccolo-hook-nickel-6271f0a287d9872ebf2bf609a48e64fd.jpg\" \/>\n\t<meta property=\"og:image:width\" content=\"1200\" \/>\n\t<meta property=\"og:image:height\" content=\"1200\" \/>\n\t<meta property=\"og:image:type\" content=\"image\/jpeg\" \/>\n<meta name=\"twitter:card\" content=\"summary_large_image\" \/>\n<script type=\"application\/ld+json\" class=\"yoast-schema-graph\">{\"@context\":\"https:\/\/schema.org\",\"@graph\":[{\"@type\":\"WebPage\",\"@id\":\"https:\/\/hubsch-interior.com\/da\/vare\/piccolo-knage-nikkel\/\",\"url\":\"https:\/\/hubsch-interior.com\/da\/vare\/piccolo-knage-nikkel\/\",\"name\":\"Piccolo Knage Nikkel - H\u00fcbsch\",\"isPartOf\":{\"@id\":\"https:\/\/hubsch-interior.com\/da\/#website\"},\"primaryImageOfPage\":{\"@id\":\"https:\/\/hubsch-interior.com\/da\/vare\/piccolo-knage-nikkel\/#primaryimage\"},\"image\":{\"@id\":\"https:\/\/hubsch-interior.com\/da\/vare\/piccolo-knage-nikkel\/#primaryimage\"},\"thumbnailUrl\":\"https:\/\/hubsch-interior.com\/wp-content\/uploads\/2026\/02\/piccolo-hook-nickel-ab3b0ee7c4675ab716a35a0a8643e68c.jpg\",\"datePublished\":\"2020-12-15T08:58:58+00:00\",\"dateModified\":\"2026-04-09T03:15:22+00:00\",\"description\":\"Piccolo Knage Nikkel er lavet af metal og er et elegant og tidl\u00f8st design, der passer ind i ethvert hjem. Den har en smuk, let tilg\u00e6ngelig\",\"breadcrumb\":{\"@id\":\"https:\/\/hubsch-interior.com\/da\/vare\/piccolo-knage-nikkel\/#breadcrumb\"},\"inLanguage\":\"da-DK\",\"potentialAction\":[{\"@type\":\"ReadAction\",\"target\":[\"https:\/\/hubsch-interior.com\/da\/vare\/piccolo-knage-nikkel\/\"]}]},{\"@type\":\"ImageObject\",\"inLanguage\":\"da-DK\",\"@id\":\"https:\/\/hubsch-interior.com\/da\/vare\/piccolo-knage-nikkel\/#primaryimage\",\"url\":\"https:\/\/hubsch-interior.com\/wp-content\/uploads\/2026\/02\/piccolo-hook-nickel-ab3b0ee7c4675ab716a35a0a8643e68c.jpg\",\"contentUrl\":\"https:\/\/hubsch-interior.com\/wp-content\/uploads\/2026\/02\/piccolo-hook-nickel-ab3b0ee7c4675ab716a35a0a8643e68c.jpg\",\"width\":1024,\"height\":1024},{\"@type\":\"BreadcrumbList\",\"@id\":\"https:\/\/hubsch-interior.com\/da\/vare\/piccolo-knage-nikkel\/#breadcrumb\",\"itemListElement\":[{\"@type\":\"ListItem\",\"position\":1,\"name\":\"Forside\",\"item\":\"https:\/\/hubsch-interior.com\/da\/\"},{\"@type\":\"ListItem\",\"position\":2,\"name\":\"Produkter\",\"item\":\"https:\/\/hubsch-interior.com\/da\/produkter\/\"},{\"@type\":\"ListItem\",\"position\":3,\"name\":\"Boligtilbeh\u00f8r\",\"item\":\"https:\/\/hubsch-interior.com\/da\/vare-kategori\/boligtilbehor\/\"},{\"@type\":\"ListItem\",\"position\":4,\"name\":\"Knager &amp; knager&aelig;kker\",\"item\":\"https:\/\/hubsch-interior.com\/da\/vare-kategori\/boligtilbehor\/knager-knageraekker-da\/\"},{\"@type\":\"ListItem\",\"position\":5,\"name\":\"Knager\",\"item\":\"https:\/\/hubsch-interior.com\/da\/vare-kategori\/boligtilbehor\/knager-knageraekker-da\/knager-da\/\"},{\"@type\":\"ListItem\",\"position\":6,\"name\":\"Piccolo Knage Nikkel\"}]},{\"@type\":\"WebSite\",\"@id\":\"https:\/\/hubsch-interior.com\/da\/#website\",\"url\":\"https:\/\/hubsch-interior.com\/da\/\",\"name\":\"H\u00fcbsch\",\"description\":\"Danish Home Interior and Design\",\"publisher\":{\"@id\":\"https:\/\/hubsch-interior.com\/da\/#organization\"},\"potentialAction\":[{\"@type\":\"SearchAction\",\"target\":{\"@type\":\"EntryPoint\",\"urlTemplate\":\"https:\/\/hubsch-interior.com\/da\/?s={search_term_string}\"},\"query-input\":{\"@type\":\"PropertyValueSpecification\",\"valueRequired\":true,\"valueName\":\"search_term_string\"}}],\"inLanguage\":\"da-DK\"},{\"@type\":\"Organization\",\"@id\":\"https:\/\/hubsch-interior.com\/da\/#organization\",\"name\":\"H\u00fcbsch\",\"url\":\"https:\/\/hubsch-interior.com\/da\/\",\"logo\":{\"@type\":\"ImageObject\",\"inLanguage\":\"da-DK\",\"@id\":\"https:\/\/hubsch-interior.com\/da\/#\/schema\/logo\/image\/\",\"url\":\"https:\/\/hubsch-interior.com\/wp-content\/uploads\/2022\/12\/Hubsch_logo_black_one_line.svg\",\"contentUrl\":\"https:\/\/hubsch-interior.com\/wp-content\/uploads\/2022\/12\/Hubsch_logo_black_one_line.svg\",\"caption\":\"H\u00fcbsch\"},\"image\":{\"@id\":\"https:\/\/hubsch-interior.com\/da\/#\/schema\/logo\/image\/\"}}]}<\/script>\n<!-- \/ Yoast SEO plugin. -->","yoast_head_json":{"title":"Piccolo Knage Nikkel - H\u00fcbsch","description":"Piccolo Knage Nikkel er lavet af metal og er et elegant og tidl\u00f8st design, der passer ind i ethvert hjem. Den har en smuk, let tilg\u00e6ngelig","robots":{"index":"index","follow":"follow","max-snippet":"max-snippet:-1","max-image-preview":"max-image-preview:large","max-video-preview":"max-video-preview:-1"},"canonical":"https:\/\/hubsch-interior.com\/da\/wp-json\/wp\/v2\/product\/41205","og_locale":"da_DK","og_type":"article","og_title":"Piccolo Knage Nikkel - H\u00fcbsch","og_description":"Piccolo Knage Nikkel er lavet af metal og er et elegant og tidl\u00f8st design, der passer ind i ethvert hjem. Den har en smuk, let tilg\u00e6ngelig","og_url":"https:\/\/hubsch-interior.com\/da\/vare\/piccolo-knage-nikkel\/","og_site_name":"H\u00fcbsch","article_modified_time":"2026-04-09T03:15:22+00:00","og_image":[{"width":1200,"height":1200,"url":"https:\/\/hubsch-interior.com\/wp-content\/uploads\/2024\/01\/piccolo-hook-nickel-6271f0a287d9872ebf2bf609a48e64fd.jpg","type":"image\/jpeg"}],"twitter_card":"summary_large_image","schema":{"@context":"https:\/\/schema.org","@graph":[{"@type":"WebPage","@id":"https:\/\/hubsch-interior.com\/da\/vare\/piccolo-knage-nikkel\/","url":"https:\/\/hubsch-interior.com\/da\/vare\/piccolo-knage-nikkel\/","name":"Piccolo Knage Nikkel - H\u00fcbsch","isPartOf":{"@id":"https:\/\/hubsch-interior.com\/da\/#website"},"primaryImageOfPage":{"@id":"https:\/\/hubsch-interior.com\/da\/vare\/piccolo-knage-nikkel\/#primaryimage"},"image":{"@id":"https:\/\/hubsch-interior.com\/da\/vare\/piccolo-knage-nikkel\/#primaryimage"},"thumbnailUrl":"https:\/\/hubsch-interior.com\/wp-content\/uploads\/2026\/02\/piccolo-hook-nickel-ab3b0ee7c4675ab716a35a0a8643e68c.jpg","datePublished":"2020-12-15T08:58:58+00:00","dateModified":"2026-04-09T03:15:22+00:00","description":"Piccolo Knage Nikkel er lavet af metal og er et elegant og tidl\u00f8st design, der passer ind i ethvert hjem. Den har en smuk, let tilg\u00e6ngelig","breadcrumb":{"@id":"https:\/\/hubsch-interior.com\/da\/vare\/piccolo-knage-nikkel\/#breadcrumb"},"inLanguage":"da-DK","potentialAction":[{"@type":"ReadAction","target":["https:\/\/hubsch-interior.com\/da\/vare\/piccolo-knage-nikkel\/"]}]},{"@type":"ImageObject","inLanguage":"da-DK","@id":"https:\/\/hubsch-interior.com\/da\/vare\/piccolo-knage-nikkel\/#primaryimage","url":"https:\/\/hubsch-interior.com\/wp-content\/uploads\/2026\/02\/piccolo-hook-nickel-ab3b0ee7c4675ab716a35a0a8643e68c.jpg","contentUrl":"https:\/\/hubsch-interior.com\/wp-content\/uploads\/2026\/02\/piccolo-hook-nickel-ab3b0ee7c4675ab716a35a0a8643e68c.jpg","width":1024,"height":1024},{"@type":"BreadcrumbList","@id":"https:\/\/hubsch-interior.com\/da\/vare\/piccolo-knage-nikkel\/#breadcrumb","itemListElement":[{"@type":"ListItem","position":1,"name":"Forside","item":"https:\/\/hubsch-interior.com\/da\/"},{"@type":"ListItem","position":2,"name":"Produkter","item":"https:\/\/hubsch-interior.com\/da\/produkter\/"},{"@type":"ListItem","position":3,"name":"Boligtilbeh\u00f8r","item":"https:\/\/hubsch-interior.com\/da\/vare-kategori\/boligtilbehor\/"},{"@type":"ListItem","position":4,"name":"Knager &amp; knager&aelig;kker","item":"https:\/\/hubsch-interior.com\/da\/vare-kategori\/boligtilbehor\/knager-knageraekker-da\/"},{"@type":"ListItem","position":5,"name":"Knager","item":"https:\/\/hubsch-interior.com\/da\/vare-kategori\/boligtilbehor\/knager-knageraekker-da\/knager-da\/"},{"@type":"ListItem","position":6,"name":"Piccolo Knage Nikkel"}]},{"@type":"WebSite","@id":"https:\/\/hubsch-interior.com\/da\/#website","url":"https:\/\/hubsch-interior.com\/da\/","name":"H\u00fcbsch","description":"Danish Home Interior and Design","publisher":{"@id":"https:\/\/hubsch-interior.com\/da\/#organization"},"potentialAction":[{"@type":"SearchAction","target":{"@type":"EntryPoint","urlTemplate":"https:\/\/hubsch-interior.com\/da\/?s={search_term_string}"},"query-input":{"@type":"PropertyValueSpecification","valueRequired":true,"valueName":"search_term_string"}}],"inLanguage":"da-DK"},{"@type":"Organization","@id":"https:\/\/hubsch-interior.com\/da\/#organization","name":"H\u00fcbsch","url":"https:\/\/hubsch-interior.com\/da\/","logo":{"@type":"ImageObject","inLanguage":"da-DK","@id":"https:\/\/hubsch-interior.com\/da\/#\/schema\/logo\/image\/","url":"https:\/\/hubsch-interior.com\/wp-content\/uploads\/2022\/12\/Hubsch_logo_black_one_line.svg","contentUrl":"https:\/\/hubsch-interior.com\/wp-content\/uploads\/2022\/12\/Hubsch_logo_black_one_line.svg","caption":"H\u00fcbsch"},"image":{"@id":"https:\/\/hubsch-interior.com\/da\/#\/schema\/logo\/image\/"}}]}},"_links":{"self":[{"href":"https:\/\/hubsch-interior.com\/da\/wp-json\/wp\/v2\/product\/41205","targetHints":{"allow":["GET"]}}],"collection":[{"href":"https:\/\/hubsch-interior.com\/da\/wp-json\/wp\/v2\/product"}],"about":[{"href":"https:\/\/hubsch-interior.com\/da\/wp-json\/wp\/v2\/types\/product"}],"wp:featuredmedia":[{"embeddable":true,"href":"https:\/\/hubsch-interior.com\/da\/wp-json\/wp\/v2\/media\/1113082"}],"wp:attachment":[{"href":"https:\/\/hubsch-interior.com\/da\/wp-json\/wp\/v2\/media?parent=41205"}],"wp:term":[{"taxonomy":"product_brand","embeddable":true,"href":"https:\/\/hubsch-interior.com\/da\/wp-json\/wp\/v2\/product_brand?post=41205"},{"taxonomy":"product_cat","embeddable":true,"href":"https:\/\/hubsch-interior.com\/da\/wp-json\/wp\/v2\/product_cat?post=41205"},{"taxonomy":"product_tag","embeddable":true,"href":"https:\/\/hubsch-interior.com\/da\/wp-json\/wp\/v2\/product_tag?post=41205"}],"curies":[{"name":"wp","href":"https:\/\/api.w.org\/{rel}","templated":true}]}}