{"id":694035,"date":"2021-08-31T09:29:23","date_gmt":"2021-08-31T07:29:23","guid":{"rendered":"https:\/\/hubsch-interior.com\/shop-b2c\/product\/product\/"},"modified":"2026-04-09T04:23:21","modified_gmt":"2026-04-09T02:23:21","slug":"ontop-haengepotte-hvid","status":"publish","type":"product","link":"https:\/\/hubsch-interior.com\/da\/vare\/ontop-haengepotte-hvid\/","title":{"rendered":"Ontop H\u00e6ngepotte Hvid"},"content":{"rendered":"<p>Ontop H\u00e6ngepotte Hvid\/Natur er den perfekte tilf\u00f8jelse til dit hjem. Den er lavet af en kombination af keramik, kobber og l\u00e6der, som giver den en stilfuld og unik look. Denne potte har et smart h\u00e5ndtag, s\u00e5 du nemt kan h\u00e6nge den op og flytte rundt. Den er ideel til at bruge til indend\u00f8rs brug, s\u00e5 du kan skabe et personligt og stilfuldt milj\u00f8. Ontop H\u00e6ngepotte Hvid\/Natur giver et elegant og tidsl\u00f8st look og er et must-have til enhver bolig.<\/p>\n","protected":false},"excerpt":{"rendered":"<p>Ontop H\u00e6ngepotte Hvid\/Natur er den perfekte tilf\u00f8jelse til dit hjem. Den er lavet af en kombination af keramik, kobber og l\u00e6der, som giver den en stilfuld og unik look. Denne potte har et smart h\u00e5ndtag, s\u00e5 du nemt kan h\u00e6nge den op og flytte rundt. Den er ideel til at bruge til indend\u00f8rs brug, s\u00e5 [&hellip;]<\/p>\n","protected":false},"featured_media":1095284,"template":"","meta":{"_acf_changed":false,"inline_featured_image":false},"product_brand":[],"product_cat":[4912,4927],"product_tag":[],"class_list":{"0":"post-694035","1":"product","2":"type-product","3":"status-publish","4":"has-post-thumbnail","6":"product_cat-potter-vandkander-da","7":"product_cat-haengepotter-da","8":"product_shipping_class-pk","10":"pa_color-hvid","11":"pa_material-keramik-da","12":"pa_material-kobber-da","13":"pa_material-lder","15":"first","16":"instock","17":"taxable","18":"shipping-taxable","19":"purchasable","20":"product-type-simple"},"exclude_global_add_ons":[],"addons":[],"acf":[],"yoast_head":"<!-- This site is optimized with the Yoast SEO plugin v26.4 - https:\/\/yoast.com\/wordpress\/plugins\/seo\/ -->\n<title>Ontop H\u00e6ngepotte Hvid - H\u00fcbsch<\/title>\n<meta name=\"description\" content=\"Ontop H\u00e6ngepotte Hvid\/Natur er den perfekte tilf\u00f8jelse til dit hjem. Den er lavet af en kombination af keramik, kobber og l\u00e6der, som giver den en stilfuld\" \/>\n<meta name=\"robots\" content=\"index, follow, max-snippet:-1, max-image-preview:large, max-video-preview:-1\" \/>\n<link rel=\"canonical\" href=\"https:\/\/hubsch-interior.com\/da\/wp-json\/wp\/v2\/product\/694035\" \/>\n<meta property=\"og:locale\" content=\"da_DK\" \/>\n<meta property=\"og:type\" content=\"article\" \/>\n<meta property=\"og:title\" content=\"Ontop H\u00e6ngepotte Hvid - H\u00fcbsch\" \/>\n<meta property=\"og:description\" content=\"Ontop H\u00e6ngepotte Hvid\/Natur er den perfekte tilf\u00f8jelse til dit hjem. Den er lavet af en kombination af keramik, kobber og l\u00e6der, som giver den en stilfuld\" \/>\n<meta property=\"og:url\" content=\"https:\/\/hubsch-interior.com\/da\/vare\/ontop-haengepotte-hvid\/\" \/>\n<meta property=\"og:site_name\" content=\"H\u00fcbsch\" \/>\n<meta property=\"article:modified_time\" content=\"2026-04-09T02:23:21+00:00\" \/>\n<meta property=\"og:image\" content=\"https:\/\/hubsch-interior.com\/wp-content\/uploads\/2023\/08\/ontop-hanging-pots-whitenatural-7c12d0e508f93f30d3734e48c34e4a9c.jpg\" \/>\n\t<meta property=\"og:image:width\" content=\"1200\" \/>\n\t<meta property=\"og:image:height\" content=\"1200\" \/>\n\t<meta property=\"og:image:type\" content=\"image\/jpeg\" \/>\n<meta name=\"twitter:card\" content=\"summary_large_image\" \/>\n<script type=\"application\/ld+json\" class=\"yoast-schema-graph\">{\"@context\":\"https:\/\/schema.org\",\"@graph\":[{\"@type\":\"WebPage\",\"@id\":\"https:\/\/hubsch-interior.com\/da\/vare\/ontop-haengepotte-hvid\/\",\"url\":\"https:\/\/hubsch-interior.com\/da\/vare\/ontop-haengepotte-hvid\/\",\"name\":\"Ontop H\u00e6ngepotte Hvid - H\u00fcbsch\",\"isPartOf\":{\"@id\":\"https:\/\/hubsch-interior.com\/da\/#website\"},\"primaryImageOfPage\":{\"@id\":\"https:\/\/hubsch-interior.com\/da\/vare\/ontop-haengepotte-hvid\/#primaryimage\"},\"image\":{\"@id\":\"https:\/\/hubsch-interior.com\/da\/vare\/ontop-haengepotte-hvid\/#primaryimage\"},\"thumbnailUrl\":\"https:\/\/hubsch-interior.com\/wp-content\/uploads\/2026\/02\/ontop-hanging-pots-white-3f7dcc5f3a046aacd39bc7f41c62859e.jpg\",\"datePublished\":\"2021-08-31T07:29:23+00:00\",\"dateModified\":\"2026-04-09T02:23:21+00:00\",\"description\":\"Ontop H\u00e6ngepotte Hvid\/Natur er den perfekte tilf\u00f8jelse til dit hjem. Den er lavet af en kombination af keramik, kobber og l\u00e6der, som giver den en stilfuld\",\"breadcrumb\":{\"@id\":\"https:\/\/hubsch-interior.com\/da\/vare\/ontop-haengepotte-hvid\/#breadcrumb\"},\"inLanguage\":\"da-DK\",\"potentialAction\":[{\"@type\":\"ReadAction\",\"target\":[\"https:\/\/hubsch-interior.com\/da\/vare\/ontop-haengepotte-hvid\/\"]}]},{\"@type\":\"ImageObject\",\"inLanguage\":\"da-DK\",\"@id\":\"https:\/\/hubsch-interior.com\/da\/vare\/ontop-haengepotte-hvid\/#primaryimage\",\"url\":\"https:\/\/hubsch-interior.com\/wp-content\/uploads\/2026\/02\/ontop-hanging-pots-white-3f7dcc5f3a046aacd39bc7f41c62859e.jpg\",\"contentUrl\":\"https:\/\/hubsch-interior.com\/wp-content\/uploads\/2026\/02\/ontop-hanging-pots-white-3f7dcc5f3a046aacd39bc7f41c62859e.jpg\",\"width\":1024,\"height\":1024},{\"@type\":\"BreadcrumbList\",\"@id\":\"https:\/\/hubsch-interior.com\/da\/vare\/ontop-haengepotte-hvid\/#breadcrumb\",\"itemListElement\":[{\"@type\":\"ListItem\",\"position\":1,\"name\":\"Forside\",\"item\":\"https:\/\/hubsch-interior.com\/da\/\"},{\"@type\":\"ListItem\",\"position\":2,\"name\":\"Produkter\",\"item\":\"https:\/\/hubsch-interior.com\/da\/produkter\/\"},{\"@type\":\"ListItem\",\"position\":3,\"name\":\"Boligtilbeh\u00f8r\",\"item\":\"https:\/\/hubsch-interior.com\/da\/vare-kategori\/boligtilbehor\/\"},{\"@type\":\"ListItem\",\"position\":4,\"name\":\"Potter &amp; vandkander\",\"item\":\"https:\/\/hubsch-interior.com\/da\/vare-kategori\/boligtilbehor\/potter-vandkander-da\/\"},{\"@type\":\"ListItem\",\"position\":5,\"name\":\"H&aelig;ngepotter\",\"item\":\"https:\/\/hubsch-interior.com\/da\/vare-kategori\/boligtilbehor\/potter-vandkander-da\/haengepotter-da\/\"},{\"@type\":\"ListItem\",\"position\":6,\"name\":\"Ontop H\u00e6ngepotte Hvid\"}]},{\"@type\":\"WebSite\",\"@id\":\"https:\/\/hubsch-interior.com\/da\/#website\",\"url\":\"https:\/\/hubsch-interior.com\/da\/\",\"name\":\"H\u00fcbsch\",\"description\":\"Danish Home Interior and Design\",\"publisher\":{\"@id\":\"https:\/\/hubsch-interior.com\/da\/#organization\"},\"potentialAction\":[{\"@type\":\"SearchAction\",\"target\":{\"@type\":\"EntryPoint\",\"urlTemplate\":\"https:\/\/hubsch-interior.com\/da\/?s={search_term_string}\"},\"query-input\":{\"@type\":\"PropertyValueSpecification\",\"valueRequired\":true,\"valueName\":\"search_term_string\"}}],\"inLanguage\":\"da-DK\"},{\"@type\":\"Organization\",\"@id\":\"https:\/\/hubsch-interior.com\/da\/#organization\",\"name\":\"H\u00fcbsch\",\"url\":\"https:\/\/hubsch-interior.com\/da\/\",\"logo\":{\"@type\":\"ImageObject\",\"inLanguage\":\"da-DK\",\"@id\":\"https:\/\/hubsch-interior.com\/da\/#\/schema\/logo\/image\/\",\"url\":\"https:\/\/hubsch-interior.com\/wp-content\/uploads\/2022\/12\/Hubsch_logo_black_one_line.svg\",\"contentUrl\":\"https:\/\/hubsch-interior.com\/wp-content\/uploads\/2022\/12\/Hubsch_logo_black_one_line.svg\",\"caption\":\"H\u00fcbsch\"},\"image\":{\"@id\":\"https:\/\/hubsch-interior.com\/da\/#\/schema\/logo\/image\/\"}}]}<\/script>\n<!-- \/ Yoast SEO plugin. -->","yoast_head_json":{"title":"Ontop H\u00e6ngepotte Hvid - H\u00fcbsch","description":"Ontop H\u00e6ngepotte Hvid\/Natur er den perfekte tilf\u00f8jelse til dit hjem. Den er lavet af en kombination af keramik, kobber og l\u00e6der, som giver den en stilfuld","robots":{"index":"index","follow":"follow","max-snippet":"max-snippet:-1","max-image-preview":"max-image-preview:large","max-video-preview":"max-video-preview:-1"},"canonical":"https:\/\/hubsch-interior.com\/da\/wp-json\/wp\/v2\/product\/694035","og_locale":"da_DK","og_type":"article","og_title":"Ontop H\u00e6ngepotte Hvid - H\u00fcbsch","og_description":"Ontop H\u00e6ngepotte Hvid\/Natur er den perfekte tilf\u00f8jelse til dit hjem. Den er lavet af en kombination af keramik, kobber og l\u00e6der, som giver den en stilfuld","og_url":"https:\/\/hubsch-interior.com\/da\/vare\/ontop-haengepotte-hvid\/","og_site_name":"H\u00fcbsch","article_modified_time":"2026-04-09T02:23:21+00:00","og_image":[{"width":1200,"height":1200,"url":"https:\/\/hubsch-interior.com\/wp-content\/uploads\/2023\/08\/ontop-hanging-pots-whitenatural-7c12d0e508f93f30d3734e48c34e4a9c.jpg","type":"image\/jpeg"}],"twitter_card":"summary_large_image","schema":{"@context":"https:\/\/schema.org","@graph":[{"@type":"WebPage","@id":"https:\/\/hubsch-interior.com\/da\/vare\/ontop-haengepotte-hvid\/","url":"https:\/\/hubsch-interior.com\/da\/vare\/ontop-haengepotte-hvid\/","name":"Ontop H\u00e6ngepotte Hvid - H\u00fcbsch","isPartOf":{"@id":"https:\/\/hubsch-interior.com\/da\/#website"},"primaryImageOfPage":{"@id":"https:\/\/hubsch-interior.com\/da\/vare\/ontop-haengepotte-hvid\/#primaryimage"},"image":{"@id":"https:\/\/hubsch-interior.com\/da\/vare\/ontop-haengepotte-hvid\/#primaryimage"},"thumbnailUrl":"https:\/\/hubsch-interior.com\/wp-content\/uploads\/2026\/02\/ontop-hanging-pots-white-3f7dcc5f3a046aacd39bc7f41c62859e.jpg","datePublished":"2021-08-31T07:29:23+00:00","dateModified":"2026-04-09T02:23:21+00:00","description":"Ontop H\u00e6ngepotte Hvid\/Natur er den perfekte tilf\u00f8jelse til dit hjem. Den er lavet af en kombination af keramik, kobber og l\u00e6der, som giver den en stilfuld","breadcrumb":{"@id":"https:\/\/hubsch-interior.com\/da\/vare\/ontop-haengepotte-hvid\/#breadcrumb"},"inLanguage":"da-DK","potentialAction":[{"@type":"ReadAction","target":["https:\/\/hubsch-interior.com\/da\/vare\/ontop-haengepotte-hvid\/"]}]},{"@type":"ImageObject","inLanguage":"da-DK","@id":"https:\/\/hubsch-interior.com\/da\/vare\/ontop-haengepotte-hvid\/#primaryimage","url":"https:\/\/hubsch-interior.com\/wp-content\/uploads\/2026\/02\/ontop-hanging-pots-white-3f7dcc5f3a046aacd39bc7f41c62859e.jpg","contentUrl":"https:\/\/hubsch-interior.com\/wp-content\/uploads\/2026\/02\/ontop-hanging-pots-white-3f7dcc5f3a046aacd39bc7f41c62859e.jpg","width":1024,"height":1024},{"@type":"BreadcrumbList","@id":"https:\/\/hubsch-interior.com\/da\/vare\/ontop-haengepotte-hvid\/#breadcrumb","itemListElement":[{"@type":"ListItem","position":1,"name":"Forside","item":"https:\/\/hubsch-interior.com\/da\/"},{"@type":"ListItem","position":2,"name":"Produkter","item":"https:\/\/hubsch-interior.com\/da\/produkter\/"},{"@type":"ListItem","position":3,"name":"Boligtilbeh\u00f8r","item":"https:\/\/hubsch-interior.com\/da\/vare-kategori\/boligtilbehor\/"},{"@type":"ListItem","position":4,"name":"Potter &amp; vandkander","item":"https:\/\/hubsch-interior.com\/da\/vare-kategori\/boligtilbehor\/potter-vandkander-da\/"},{"@type":"ListItem","position":5,"name":"H&aelig;ngepotter","item":"https:\/\/hubsch-interior.com\/da\/vare-kategori\/boligtilbehor\/potter-vandkander-da\/haengepotter-da\/"},{"@type":"ListItem","position":6,"name":"Ontop H\u00e6ngepotte Hvid"}]},{"@type":"WebSite","@id":"https:\/\/hubsch-interior.com\/da\/#website","url":"https:\/\/hubsch-interior.com\/da\/","name":"H\u00fcbsch","description":"Danish Home Interior and Design","publisher":{"@id":"https:\/\/hubsch-interior.com\/da\/#organization"},"potentialAction":[{"@type":"SearchAction","target":{"@type":"EntryPoint","urlTemplate":"https:\/\/hubsch-interior.com\/da\/?s={search_term_string}"},"query-input":{"@type":"PropertyValueSpecification","valueRequired":true,"valueName":"search_term_string"}}],"inLanguage":"da-DK"},{"@type":"Organization","@id":"https:\/\/hubsch-interior.com\/da\/#organization","name":"H\u00fcbsch","url":"https:\/\/hubsch-interior.com\/da\/","logo":{"@type":"ImageObject","inLanguage":"da-DK","@id":"https:\/\/hubsch-interior.com\/da\/#\/schema\/logo\/image\/","url":"https:\/\/hubsch-interior.com\/wp-content\/uploads\/2022\/12\/Hubsch_logo_black_one_line.svg","contentUrl":"https:\/\/hubsch-interior.com\/wp-content\/uploads\/2022\/12\/Hubsch_logo_black_one_line.svg","caption":"H\u00fcbsch"},"image":{"@id":"https:\/\/hubsch-interior.com\/da\/#\/schema\/logo\/image\/"}}]}},"_links":{"self":[{"href":"https:\/\/hubsch-interior.com\/da\/wp-json\/wp\/v2\/product\/694035","targetHints":{"allow":["GET"]}}],"collection":[{"href":"https:\/\/hubsch-interior.com\/da\/wp-json\/wp\/v2\/product"}],"about":[{"href":"https:\/\/hubsch-interior.com\/da\/wp-json\/wp\/v2\/types\/product"}],"wp:featuredmedia":[{"embeddable":true,"href":"https:\/\/hubsch-interior.com\/da\/wp-json\/wp\/v2\/media\/1095284"}],"wp:attachment":[{"href":"https:\/\/hubsch-interior.com\/da\/wp-json\/wp\/v2\/media?parent=694035"}],"wp:term":[{"taxonomy":"product_brand","embeddable":true,"href":"https:\/\/hubsch-interior.com\/da\/wp-json\/wp\/v2\/product_brand?post=694035"},{"taxonomy":"product_cat","embeddable":true,"href":"https:\/\/hubsch-interior.com\/da\/wp-json\/wp\/v2\/product_cat?post=694035"},{"taxonomy":"product_tag","embeddable":true,"href":"https:\/\/hubsch-interior.com\/da\/wp-json\/wp\/v2\/product_tag?post=694035"}],"curies":[{"name":"wp","href":"https:\/\/api.w.org\/{rel}","templated":true}]}}