{"id":694180,"date":"2021-08-31T09:33:19","date_gmt":"2021-08-31T07:33:19","guid":{"rendered":"https:\/\/hubsch-interior.com\/shop-b2c\/product\/product\/"},"modified":"2026-04-09T04:29:39","modified_gmt":"2026-04-09T02:29:39","slug":"gleaming-vase-gra-saet-af-3","status":"publish","type":"product","link":"https:\/\/hubsch-interior.com\/da\/vare\/gleaming-vase-gra-saet-af-3\/","title":{"rendered":"Gleaming Vase Gr\u00e5 (s\u00e6t af 3)"},"content":{"rendered":"<p>Gleaming Vase Gr\u00e5 er et smukt s\u00e6t af 3 vaser lavet af metal. Disse elegante vaser er perfekte til at skabe et moderne look i dit hjem. Deres stilfulde design er komplementeret af det gr\u00e5 finish, der giver dem et raffineret udseende. De er solide nok til at holde dine blomster eller andre dekorative elementer. De er perfekte til at give dit hjem et sofistikeret look. Dette s\u00e6t af Gleaming Vase Gr\u00e5 vil v\u00e6re en ideel tilf\u00f8jelse til enhver moderne boligindretning.<\/p>\n","protected":false},"excerpt":{"rendered":"<p>Gleaming Vase Gr\u00e5 er et smukt s\u00e6t af 3 vaser lavet af metal. Disse elegante vaser er perfekte til at skabe et moderne look i dit hjem. Deres stilfulde design er komplementeret af det gr\u00e5 finish, der giver dem et raffineret udseende. De er solide nok til at holde dine blomster eller andre dekorative elementer. [&hellip;]<\/p>\n","protected":false},"featured_media":1096758,"template":"","meta":{"_acf_changed":false,"inline_featured_image":false},"product_brand":[],"product_cat":[3152,6517],"product_tag":[],"class_list":{"0":"post-694180","1":"product","2":"type-product","3":"status-publish","4":"has-post-thumbnail","6":"product_cat-vaser-da","7":"product_cat-outlet-da","8":"product_shipping_class-pk","10":"pa_color-gr","11":"pa_material-jern-da","13":"first","14":"instock","15":"sale","16":"taxable","17":"shipping-taxable","18":"purchasable","19":"product-type-simple"},"exclude_global_add_ons":[],"addons":[],"acf":[],"yoast_head":"<!-- This site is optimized with the Yoast SEO plugin v26.4 - https:\/\/yoast.com\/wordpress\/plugins\/seo\/ -->\n<title>Gleaming Vase Gr\u00e5 (s\u00e6t af 3) - H\u00fcbsch<\/title>\n<meta name=\"description\" content=\"Gleaming Vase Gr\u00e5 er et smukt s\u00e6t af 3 vaser lavet af metal. Disse elegante vaser er perfekte til at skabe et moderne look i dit hjem. Deres stilfulde\" \/>\n<meta name=\"robots\" content=\"index, follow, max-snippet:-1, max-image-preview:large, max-video-preview:-1\" \/>\n<link rel=\"canonical\" href=\"https:\/\/hubsch-interior.com\/da\/wp-json\/wp\/v2\/product\/694180\" \/>\n<meta property=\"og:locale\" content=\"da_DK\" \/>\n<meta property=\"og:type\" content=\"article\" \/>\n<meta property=\"og:title\" content=\"Gleaming Vase Gr\u00e5 (s\u00e6t af 3) - H\u00fcbsch\" \/>\n<meta property=\"og:description\" content=\"Gleaming Vase Gr\u00e5 er et smukt s\u00e6t af 3 vaser lavet af metal. Disse elegante vaser er perfekte til at skabe et moderne look i dit hjem. Deres stilfulde\" \/>\n<meta property=\"og:url\" content=\"https:\/\/hubsch-interior.com\/da\/vare\/gleaming-vase-gra-saet-af-3\/\" \/>\n<meta property=\"og:site_name\" content=\"H\u00fcbsch\" \/>\n<meta property=\"article:modified_time\" content=\"2026-04-09T02:29:39+00:00\" \/>\n<meta property=\"og:image\" content=\"https:\/\/hubsch-interior.com\/wp-content\/uploads\/2025\/04\/gleaming-vase-grey-set-of-3-ee917a8bc10e74c974eaad139e4bf0e8.jpg\" \/>\n\t<meta property=\"og:image:width\" content=\"1200\" \/>\n\t<meta property=\"og:image:height\" content=\"1200\" \/>\n\t<meta property=\"og:image:type\" content=\"image\/jpeg\" \/>\n<meta name=\"twitter:card\" content=\"summary_large_image\" \/>\n<script type=\"application\/ld+json\" class=\"yoast-schema-graph\">{\"@context\":\"https:\/\/schema.org\",\"@graph\":[{\"@type\":\"WebPage\",\"@id\":\"https:\/\/hubsch-interior.com\/da\/vare\/gleaming-vase-gra-saet-af-3\/\",\"url\":\"https:\/\/hubsch-interior.com\/da\/vare\/gleaming-vase-gra-saet-af-3\/\",\"name\":\"Gleaming Vase Gr\u00e5 (s\u00e6t af 3) - H\u00fcbsch\",\"isPartOf\":{\"@id\":\"https:\/\/hubsch-interior.com\/da\/#website\"},\"primaryImageOfPage\":{\"@id\":\"https:\/\/hubsch-interior.com\/da\/vare\/gleaming-vase-gra-saet-af-3\/#primaryimage\"},\"image\":{\"@id\":\"https:\/\/hubsch-interior.com\/da\/vare\/gleaming-vase-gra-saet-af-3\/#primaryimage\"},\"thumbnailUrl\":\"https:\/\/hubsch-interior.com\/wp-content\/uploads\/2026\/02\/gleaming-vase-grey-set-of-3-7f2d8511651d0975cc907608cc0e59bc.jpg\",\"datePublished\":\"2021-08-31T07:33:19+00:00\",\"dateModified\":\"2026-04-09T02:29:39+00:00\",\"description\":\"Gleaming Vase Gr\u00e5 er et smukt s\u00e6t af 3 vaser lavet af metal. Disse elegante vaser er perfekte til at skabe et moderne look i dit hjem. Deres stilfulde\",\"breadcrumb\":{\"@id\":\"https:\/\/hubsch-interior.com\/da\/vare\/gleaming-vase-gra-saet-af-3\/#breadcrumb\"},\"inLanguage\":\"da-DK\",\"potentialAction\":[{\"@type\":\"ReadAction\",\"target\":[\"https:\/\/hubsch-interior.com\/da\/vare\/gleaming-vase-gra-saet-af-3\/\"]}]},{\"@type\":\"ImageObject\",\"inLanguage\":\"da-DK\",\"@id\":\"https:\/\/hubsch-interior.com\/da\/vare\/gleaming-vase-gra-saet-af-3\/#primaryimage\",\"url\":\"https:\/\/hubsch-interior.com\/wp-content\/uploads\/2026\/02\/gleaming-vase-grey-set-of-3-7f2d8511651d0975cc907608cc0e59bc.jpg\",\"contentUrl\":\"https:\/\/hubsch-interior.com\/wp-content\/uploads\/2026\/02\/gleaming-vase-grey-set-of-3-7f2d8511651d0975cc907608cc0e59bc.jpg\",\"width\":1024,\"height\":1024},{\"@type\":\"BreadcrumbList\",\"@id\":\"https:\/\/hubsch-interior.com\/da\/vare\/gleaming-vase-gra-saet-af-3\/#breadcrumb\",\"itemListElement\":[{\"@type\":\"ListItem\",\"position\":1,\"name\":\"Forside\",\"item\":\"https:\/\/hubsch-interior.com\/da\/\"},{\"@type\":\"ListItem\",\"position\":2,\"name\":\"Produkter\",\"item\":\"https:\/\/hubsch-interior.com\/da\/produkter\/\"},{\"@type\":\"ListItem\",\"position\":3,\"name\":\"Boligtilbeh\u00f8r\",\"item\":\"https:\/\/hubsch-interior.com\/da\/vare-kategori\/boligtilbehor\/\"},{\"@type\":\"ListItem\",\"position\":4,\"name\":\"Vaser\",\"item\":\"https:\/\/hubsch-interior.com\/da\/vare-kategori\/boligtilbehor\/vaser-da\/\"},{\"@type\":\"ListItem\",\"position\":5,\"name\":\"Gleaming Vase Gr\u00e5 (s\u00e6t af 3)\"}]},{\"@type\":\"WebSite\",\"@id\":\"https:\/\/hubsch-interior.com\/da\/#website\",\"url\":\"https:\/\/hubsch-interior.com\/da\/\",\"name\":\"H\u00fcbsch\",\"description\":\"Danish Home Interior and Design\",\"publisher\":{\"@id\":\"https:\/\/hubsch-interior.com\/da\/#organization\"},\"potentialAction\":[{\"@type\":\"SearchAction\",\"target\":{\"@type\":\"EntryPoint\",\"urlTemplate\":\"https:\/\/hubsch-interior.com\/da\/?s={search_term_string}\"},\"query-input\":{\"@type\":\"PropertyValueSpecification\",\"valueRequired\":true,\"valueName\":\"search_term_string\"}}],\"inLanguage\":\"da-DK\"},{\"@type\":\"Organization\",\"@id\":\"https:\/\/hubsch-interior.com\/da\/#organization\",\"name\":\"H\u00fcbsch\",\"url\":\"https:\/\/hubsch-interior.com\/da\/\",\"logo\":{\"@type\":\"ImageObject\",\"inLanguage\":\"da-DK\",\"@id\":\"https:\/\/hubsch-interior.com\/da\/#\/schema\/logo\/image\/\",\"url\":\"https:\/\/hubsch-interior.com\/wp-content\/uploads\/2022\/12\/Hubsch_logo_black_one_line.svg\",\"contentUrl\":\"https:\/\/hubsch-interior.com\/wp-content\/uploads\/2022\/12\/Hubsch_logo_black_one_line.svg\",\"caption\":\"H\u00fcbsch\"},\"image\":{\"@id\":\"https:\/\/hubsch-interior.com\/da\/#\/schema\/logo\/image\/\"}}]}<\/script>\n<!-- \/ Yoast SEO plugin. -->","yoast_head_json":{"title":"Gleaming Vase Gr\u00e5 (s\u00e6t af 3) - H\u00fcbsch","description":"Gleaming Vase Gr\u00e5 er et smukt s\u00e6t af 3 vaser lavet af metal. Disse elegante vaser er perfekte til at skabe et moderne look i dit hjem. Deres stilfulde","robots":{"index":"index","follow":"follow","max-snippet":"max-snippet:-1","max-image-preview":"max-image-preview:large","max-video-preview":"max-video-preview:-1"},"canonical":"https:\/\/hubsch-interior.com\/da\/wp-json\/wp\/v2\/product\/694180","og_locale":"da_DK","og_type":"article","og_title":"Gleaming Vase Gr\u00e5 (s\u00e6t af 3) - H\u00fcbsch","og_description":"Gleaming Vase Gr\u00e5 er et smukt s\u00e6t af 3 vaser lavet af metal. Disse elegante vaser er perfekte til at skabe et moderne look i dit hjem. Deres stilfulde","og_url":"https:\/\/hubsch-interior.com\/da\/vare\/gleaming-vase-gra-saet-af-3\/","og_site_name":"H\u00fcbsch","article_modified_time":"2026-04-09T02:29:39+00:00","og_image":[{"width":1200,"height":1200,"url":"https:\/\/hubsch-interior.com\/wp-content\/uploads\/2025\/04\/gleaming-vase-grey-set-of-3-ee917a8bc10e74c974eaad139e4bf0e8.jpg","type":"image\/jpeg"}],"twitter_card":"summary_large_image","schema":{"@context":"https:\/\/schema.org","@graph":[{"@type":"WebPage","@id":"https:\/\/hubsch-interior.com\/da\/vare\/gleaming-vase-gra-saet-af-3\/","url":"https:\/\/hubsch-interior.com\/da\/vare\/gleaming-vase-gra-saet-af-3\/","name":"Gleaming Vase Gr\u00e5 (s\u00e6t af 3) - H\u00fcbsch","isPartOf":{"@id":"https:\/\/hubsch-interior.com\/da\/#website"},"primaryImageOfPage":{"@id":"https:\/\/hubsch-interior.com\/da\/vare\/gleaming-vase-gra-saet-af-3\/#primaryimage"},"image":{"@id":"https:\/\/hubsch-interior.com\/da\/vare\/gleaming-vase-gra-saet-af-3\/#primaryimage"},"thumbnailUrl":"https:\/\/hubsch-interior.com\/wp-content\/uploads\/2026\/02\/gleaming-vase-grey-set-of-3-7f2d8511651d0975cc907608cc0e59bc.jpg","datePublished":"2021-08-31T07:33:19+00:00","dateModified":"2026-04-09T02:29:39+00:00","description":"Gleaming Vase Gr\u00e5 er et smukt s\u00e6t af 3 vaser lavet af metal. Disse elegante vaser er perfekte til at skabe et moderne look i dit hjem. Deres stilfulde","breadcrumb":{"@id":"https:\/\/hubsch-interior.com\/da\/vare\/gleaming-vase-gra-saet-af-3\/#breadcrumb"},"inLanguage":"da-DK","potentialAction":[{"@type":"ReadAction","target":["https:\/\/hubsch-interior.com\/da\/vare\/gleaming-vase-gra-saet-af-3\/"]}]},{"@type":"ImageObject","inLanguage":"da-DK","@id":"https:\/\/hubsch-interior.com\/da\/vare\/gleaming-vase-gra-saet-af-3\/#primaryimage","url":"https:\/\/hubsch-interior.com\/wp-content\/uploads\/2026\/02\/gleaming-vase-grey-set-of-3-7f2d8511651d0975cc907608cc0e59bc.jpg","contentUrl":"https:\/\/hubsch-interior.com\/wp-content\/uploads\/2026\/02\/gleaming-vase-grey-set-of-3-7f2d8511651d0975cc907608cc0e59bc.jpg","width":1024,"height":1024},{"@type":"BreadcrumbList","@id":"https:\/\/hubsch-interior.com\/da\/vare\/gleaming-vase-gra-saet-af-3\/#breadcrumb","itemListElement":[{"@type":"ListItem","position":1,"name":"Forside","item":"https:\/\/hubsch-interior.com\/da\/"},{"@type":"ListItem","position":2,"name":"Produkter","item":"https:\/\/hubsch-interior.com\/da\/produkter\/"},{"@type":"ListItem","position":3,"name":"Boligtilbeh\u00f8r","item":"https:\/\/hubsch-interior.com\/da\/vare-kategori\/boligtilbehor\/"},{"@type":"ListItem","position":4,"name":"Vaser","item":"https:\/\/hubsch-interior.com\/da\/vare-kategori\/boligtilbehor\/vaser-da\/"},{"@type":"ListItem","position":5,"name":"Gleaming Vase Gr\u00e5 (s\u00e6t af 3)"}]},{"@type":"WebSite","@id":"https:\/\/hubsch-interior.com\/da\/#website","url":"https:\/\/hubsch-interior.com\/da\/","name":"H\u00fcbsch","description":"Danish Home Interior and Design","publisher":{"@id":"https:\/\/hubsch-interior.com\/da\/#organization"},"potentialAction":[{"@type":"SearchAction","target":{"@type":"EntryPoint","urlTemplate":"https:\/\/hubsch-interior.com\/da\/?s={search_term_string}"},"query-input":{"@type":"PropertyValueSpecification","valueRequired":true,"valueName":"search_term_string"}}],"inLanguage":"da-DK"},{"@type":"Organization","@id":"https:\/\/hubsch-interior.com\/da\/#organization","name":"H\u00fcbsch","url":"https:\/\/hubsch-interior.com\/da\/","logo":{"@type":"ImageObject","inLanguage":"da-DK","@id":"https:\/\/hubsch-interior.com\/da\/#\/schema\/logo\/image\/","url":"https:\/\/hubsch-interior.com\/wp-content\/uploads\/2022\/12\/Hubsch_logo_black_one_line.svg","contentUrl":"https:\/\/hubsch-interior.com\/wp-content\/uploads\/2022\/12\/Hubsch_logo_black_one_line.svg","caption":"H\u00fcbsch"},"image":{"@id":"https:\/\/hubsch-interior.com\/da\/#\/schema\/logo\/image\/"}}]}},"_links":{"self":[{"href":"https:\/\/hubsch-interior.com\/da\/wp-json\/wp\/v2\/product\/694180","targetHints":{"allow":["GET"]}}],"collection":[{"href":"https:\/\/hubsch-interior.com\/da\/wp-json\/wp\/v2\/product"}],"about":[{"href":"https:\/\/hubsch-interior.com\/da\/wp-json\/wp\/v2\/types\/product"}],"wp:featuredmedia":[{"embeddable":true,"href":"https:\/\/hubsch-interior.com\/da\/wp-json\/wp\/v2\/media\/1096758"}],"wp:attachment":[{"href":"https:\/\/hubsch-interior.com\/da\/wp-json\/wp\/v2\/media?parent=694180"}],"wp:term":[{"taxonomy":"product_brand","embeddable":true,"href":"https:\/\/hubsch-interior.com\/da\/wp-json\/wp\/v2\/product_brand?post=694180"},{"taxonomy":"product_cat","embeddable":true,"href":"https:\/\/hubsch-interior.com\/da\/wp-json\/wp\/v2\/product_cat?post=694180"},{"taxonomy":"product_tag","embeddable":true,"href":"https:\/\/hubsch-interior.com\/da\/wp-json\/wp\/v2\/product_tag?post=694180"}],"curies":[{"name":"wp","href":"https:\/\/api.w.org\/{rel}","templated":true}]}}