{"id":694208,"date":"2021-08-31T09:34:40","date_gmt":"2021-08-31T07:34:40","guid":{"rendered":"https:\/\/hubsch-interior.com\/shop-b2c\/product\/product\/"},"modified":"2026-04-11T04:29:33","modified_gmt":"2026-04-11T02:29:33","slug":"moving-pendel-nikkel","status":"publish","type":"product","link":"https:\/\/hubsch-interior.com\/da\/vare\/moving-pendel-nikkel\/","title":{"rendered":"Moving Pendel Nikkel"},"content":{"rendered":"<p>Moving Loftslampe Nikkel er konstrueret med et stilrent design og af h\u00f8j kvalitet. Den er lavet af nikkelbelagt st\u00e5l, som g\u00f8r den robust og modstandsdygtig over for rust. Lampen har en indbygget bev\u00e6gelsesf\u00f8ler, som g\u00f8r det muligt at t\u00e6nde og slukke den med et enkelt tryk. Lampen er yderst effektiv, og dens langsigtede levetid giver dig mulighed for at spare energi. Den er nem at installere og kommer med en brugervenlig guide, som g\u00f8r det let at montere og betjene. Moving Loftslampe Nikkel er den perfekte tilf\u00f8jelse til et moderne hjem.<\/p>\n","protected":false},"excerpt":{"rendered":"<p>Moving Loftslampe Nikkel er konstrueret med et stilrent design og af h\u00f8j kvalitet. Den er lavet af nikkelbelagt st\u00e5l, som g\u00f8r den robust og modstandsdygtig over for rust. Lampen har en indbygget bev\u00e6gelsesf\u00f8ler, som g\u00f8r det muligt at t\u00e6nde og slukke den med et enkelt tryk. Lampen er yderst effektiv, og dens langsigtede levetid giver [&hellip;]<\/p>\n","protected":false},"featured_media":1097051,"template":"","meta":{"_acf_changed":false,"inline_featured_image":false},"product_brand":[],"product_cat":[3808,4146],"product_tag":[],"class_list":{"0":"post-694208","1":"product","2":"type-product","3":"status-publish","4":"has-post-thumbnail","6":"product_cat-belysning","7":"product_cat-loftslamper-da","8":"product_shipping_class-pk","10":"pa_color-nikkel","12":"first","13":"instock","14":"taxable","15":"shipping-taxable","16":"purchasable","17":"product-type-simple"},"exclude_global_add_ons":[],"addons":[],"acf":[],"yoast_head":"<!-- This site is optimized with the Yoast SEO plugin v26.4 - https:\/\/yoast.com\/wordpress\/plugins\/seo\/ -->\n<title>Moving Pendel Nikkel - H\u00fcbsch<\/title>\n<meta name=\"description\" content=\"Moving Loftslampe Nikkel er konstrueret med et stilrent design og af h\u00f8j kvalitet. Den er lavet af nikkelbelagt st\u00e5l, som g\u00f8r den robust og\" \/>\n<meta name=\"robots\" content=\"index, follow, max-snippet:-1, max-image-preview:large, max-video-preview:-1\" \/>\n<link rel=\"canonical\" href=\"https:\/\/hubsch-interior.com\/da\/wp-json\/wp\/v2\/product\/694208\" \/>\n<meta property=\"og:locale\" content=\"da_DK\" \/>\n<meta property=\"og:type\" content=\"article\" \/>\n<meta property=\"og:title\" content=\"Moving Pendel Nikkel - H\u00fcbsch\" \/>\n<meta property=\"og:description\" content=\"Moving Loftslampe Nikkel er konstrueret med et stilrent design og af h\u00f8j kvalitet. Den er lavet af nikkelbelagt st\u00e5l, som g\u00f8r den robust og\" \/>\n<meta property=\"og:url\" content=\"https:\/\/hubsch-interior.com\/da\/vare\/moving-pendel-nikkel\/\" \/>\n<meta property=\"og:site_name\" content=\"H\u00fcbsch\" \/>\n<meta property=\"article:modified_time\" content=\"2026-04-11T02:29:33+00:00\" \/>\n<meta property=\"og:image\" content=\"https:\/\/hubsch-interior.com\/wp-content\/uploads\/2026\/02\/moving-pendant-nickel-a7c8c354747438373584d705002dd50f.jpg\" \/>\n\t<meta property=\"og:image:width\" content=\"1024\" \/>\n\t<meta property=\"og:image:height\" content=\"1024\" \/>\n\t<meta property=\"og:image:type\" content=\"image\/jpeg\" \/>\n<meta name=\"twitter:card\" content=\"summary_large_image\" \/>\n<meta name=\"twitter:label1\" content=\"Estimeret l\u00e6setid\" \/>\n\t<meta name=\"twitter:data1\" content=\"1 minut\" \/>\n<script type=\"application\/ld+json\" class=\"yoast-schema-graph\">{\"@context\":\"https:\/\/schema.org\",\"@graph\":[{\"@type\":\"WebPage\",\"@id\":\"https:\/\/hubsch-interior.com\/da\/vare\/moving-pendel-nikkel\/\",\"url\":\"https:\/\/hubsch-interior.com\/da\/vare\/moving-pendel-nikkel\/\",\"name\":\"Moving Pendel Nikkel - H\u00fcbsch\",\"isPartOf\":{\"@id\":\"https:\/\/hubsch-interior.com\/da\/#website\"},\"primaryImageOfPage\":{\"@id\":\"https:\/\/hubsch-interior.com\/da\/vare\/moving-pendel-nikkel\/#primaryimage\"},\"image\":{\"@id\":\"https:\/\/hubsch-interior.com\/da\/vare\/moving-pendel-nikkel\/#primaryimage\"},\"thumbnailUrl\":\"https:\/\/hubsch-interior.com\/wp-content\/uploads\/2026\/02\/moving-pendant-nickel-a7c8c354747438373584d705002dd50f.jpg\",\"datePublished\":\"2021-08-31T07:34:40+00:00\",\"dateModified\":\"2026-04-11T02:29:33+00:00\",\"description\":\"Moving Loftslampe Nikkel er konstrueret med et stilrent design og af h\u00f8j kvalitet. Den er lavet af nikkelbelagt st\u00e5l, som g\u00f8r den robust og\",\"breadcrumb\":{\"@id\":\"https:\/\/hubsch-interior.com\/da\/vare\/moving-pendel-nikkel\/#breadcrumb\"},\"inLanguage\":\"da-DK\",\"potentialAction\":[{\"@type\":\"ReadAction\",\"target\":[\"https:\/\/hubsch-interior.com\/da\/vare\/moving-pendel-nikkel\/\"]}]},{\"@type\":\"ImageObject\",\"inLanguage\":\"da-DK\",\"@id\":\"https:\/\/hubsch-interior.com\/da\/vare\/moving-pendel-nikkel\/#primaryimage\",\"url\":\"https:\/\/hubsch-interior.com\/wp-content\/uploads\/2026\/02\/moving-pendant-nickel-a7c8c354747438373584d705002dd50f.jpg\",\"contentUrl\":\"https:\/\/hubsch-interior.com\/wp-content\/uploads\/2026\/02\/moving-pendant-nickel-a7c8c354747438373584d705002dd50f.jpg\",\"width\":1024,\"height\":1024},{\"@type\":\"BreadcrumbList\",\"@id\":\"https:\/\/hubsch-interior.com\/da\/vare\/moving-pendel-nikkel\/#breadcrumb\",\"itemListElement\":[{\"@type\":\"ListItem\",\"position\":1,\"name\":\"Forside\",\"item\":\"https:\/\/hubsch-interior.com\/da\/\"},{\"@type\":\"ListItem\",\"position\":2,\"name\":\"Produkter\",\"item\":\"https:\/\/hubsch-interior.com\/da\/produkter\/\"},{\"@type\":\"ListItem\",\"position\":3,\"name\":\"Belysning\",\"item\":\"https:\/\/hubsch-interior.com\/da\/vare-kategori\/belysning\/\"},{\"@type\":\"ListItem\",\"position\":4,\"name\":\"Loftslamper\",\"item\":\"https:\/\/hubsch-interior.com\/da\/vare-kategori\/belysning\/loftslamper-da\/\"},{\"@type\":\"ListItem\",\"position\":5,\"name\":\"Moving Pendel Nikkel\"}]},{\"@type\":\"WebSite\",\"@id\":\"https:\/\/hubsch-interior.com\/da\/#website\",\"url\":\"https:\/\/hubsch-interior.com\/da\/\",\"name\":\"H\u00fcbsch\",\"description\":\"Danish Home Interior and Design\",\"publisher\":{\"@id\":\"https:\/\/hubsch-interior.com\/da\/#organization\"},\"potentialAction\":[{\"@type\":\"SearchAction\",\"target\":{\"@type\":\"EntryPoint\",\"urlTemplate\":\"https:\/\/hubsch-interior.com\/da\/?s={search_term_string}\"},\"query-input\":{\"@type\":\"PropertyValueSpecification\",\"valueRequired\":true,\"valueName\":\"search_term_string\"}}],\"inLanguage\":\"da-DK\"},{\"@type\":\"Organization\",\"@id\":\"https:\/\/hubsch-interior.com\/da\/#organization\",\"name\":\"H\u00fcbsch\",\"url\":\"https:\/\/hubsch-interior.com\/da\/\",\"logo\":{\"@type\":\"ImageObject\",\"inLanguage\":\"da-DK\",\"@id\":\"https:\/\/hubsch-interior.com\/da\/#\/schema\/logo\/image\/\",\"url\":\"https:\/\/hubsch-interior.com\/wp-content\/uploads\/2022\/12\/Hubsch_logo_black_one_line.svg\",\"contentUrl\":\"https:\/\/hubsch-interior.com\/wp-content\/uploads\/2022\/12\/Hubsch_logo_black_one_line.svg\",\"caption\":\"H\u00fcbsch\"},\"image\":{\"@id\":\"https:\/\/hubsch-interior.com\/da\/#\/schema\/logo\/image\/\"}}]}<\/script>\n<!-- \/ Yoast SEO plugin. -->","yoast_head_json":{"title":"Moving Pendel Nikkel - H\u00fcbsch","description":"Moving Loftslampe Nikkel er konstrueret med et stilrent design og af h\u00f8j kvalitet. Den er lavet af nikkelbelagt st\u00e5l, som g\u00f8r den robust og","robots":{"index":"index","follow":"follow","max-snippet":"max-snippet:-1","max-image-preview":"max-image-preview:large","max-video-preview":"max-video-preview:-1"},"canonical":"https:\/\/hubsch-interior.com\/da\/wp-json\/wp\/v2\/product\/694208","og_locale":"da_DK","og_type":"article","og_title":"Moving Pendel Nikkel - H\u00fcbsch","og_description":"Moving Loftslampe Nikkel er konstrueret med et stilrent design og af h\u00f8j kvalitet. Den er lavet af nikkelbelagt st\u00e5l, som g\u00f8r den robust og","og_url":"https:\/\/hubsch-interior.com\/da\/vare\/moving-pendel-nikkel\/","og_site_name":"H\u00fcbsch","article_modified_time":"2026-04-11T02:29:33+00:00","og_image":[{"width":1024,"height":1024,"url":"https:\/\/hubsch-interior.com\/wp-content\/uploads\/2026\/02\/moving-pendant-nickel-a7c8c354747438373584d705002dd50f.jpg","type":"image\/jpeg"}],"twitter_card":"summary_large_image","twitter_misc":{"Estimeret l\u00e6setid":"1 minut"},"schema":{"@context":"https:\/\/schema.org","@graph":[{"@type":"WebPage","@id":"https:\/\/hubsch-interior.com\/da\/vare\/moving-pendel-nikkel\/","url":"https:\/\/hubsch-interior.com\/da\/vare\/moving-pendel-nikkel\/","name":"Moving Pendel Nikkel - H\u00fcbsch","isPartOf":{"@id":"https:\/\/hubsch-interior.com\/da\/#website"},"primaryImageOfPage":{"@id":"https:\/\/hubsch-interior.com\/da\/vare\/moving-pendel-nikkel\/#primaryimage"},"image":{"@id":"https:\/\/hubsch-interior.com\/da\/vare\/moving-pendel-nikkel\/#primaryimage"},"thumbnailUrl":"https:\/\/hubsch-interior.com\/wp-content\/uploads\/2026\/02\/moving-pendant-nickel-a7c8c354747438373584d705002dd50f.jpg","datePublished":"2021-08-31T07:34:40+00:00","dateModified":"2026-04-11T02:29:33+00:00","description":"Moving Loftslampe Nikkel er konstrueret med et stilrent design og af h\u00f8j kvalitet. Den er lavet af nikkelbelagt st\u00e5l, som g\u00f8r den robust og","breadcrumb":{"@id":"https:\/\/hubsch-interior.com\/da\/vare\/moving-pendel-nikkel\/#breadcrumb"},"inLanguage":"da-DK","potentialAction":[{"@type":"ReadAction","target":["https:\/\/hubsch-interior.com\/da\/vare\/moving-pendel-nikkel\/"]}]},{"@type":"ImageObject","inLanguage":"da-DK","@id":"https:\/\/hubsch-interior.com\/da\/vare\/moving-pendel-nikkel\/#primaryimage","url":"https:\/\/hubsch-interior.com\/wp-content\/uploads\/2026\/02\/moving-pendant-nickel-a7c8c354747438373584d705002dd50f.jpg","contentUrl":"https:\/\/hubsch-interior.com\/wp-content\/uploads\/2026\/02\/moving-pendant-nickel-a7c8c354747438373584d705002dd50f.jpg","width":1024,"height":1024},{"@type":"BreadcrumbList","@id":"https:\/\/hubsch-interior.com\/da\/vare\/moving-pendel-nikkel\/#breadcrumb","itemListElement":[{"@type":"ListItem","position":1,"name":"Forside","item":"https:\/\/hubsch-interior.com\/da\/"},{"@type":"ListItem","position":2,"name":"Produkter","item":"https:\/\/hubsch-interior.com\/da\/produkter\/"},{"@type":"ListItem","position":3,"name":"Belysning","item":"https:\/\/hubsch-interior.com\/da\/vare-kategori\/belysning\/"},{"@type":"ListItem","position":4,"name":"Loftslamper","item":"https:\/\/hubsch-interior.com\/da\/vare-kategori\/belysning\/loftslamper-da\/"},{"@type":"ListItem","position":5,"name":"Moving Pendel Nikkel"}]},{"@type":"WebSite","@id":"https:\/\/hubsch-interior.com\/da\/#website","url":"https:\/\/hubsch-interior.com\/da\/","name":"H\u00fcbsch","description":"Danish Home Interior and Design","publisher":{"@id":"https:\/\/hubsch-interior.com\/da\/#organization"},"potentialAction":[{"@type":"SearchAction","target":{"@type":"EntryPoint","urlTemplate":"https:\/\/hubsch-interior.com\/da\/?s={search_term_string}"},"query-input":{"@type":"PropertyValueSpecification","valueRequired":true,"valueName":"search_term_string"}}],"inLanguage":"da-DK"},{"@type":"Organization","@id":"https:\/\/hubsch-interior.com\/da\/#organization","name":"H\u00fcbsch","url":"https:\/\/hubsch-interior.com\/da\/","logo":{"@type":"ImageObject","inLanguage":"da-DK","@id":"https:\/\/hubsch-interior.com\/da\/#\/schema\/logo\/image\/","url":"https:\/\/hubsch-interior.com\/wp-content\/uploads\/2022\/12\/Hubsch_logo_black_one_line.svg","contentUrl":"https:\/\/hubsch-interior.com\/wp-content\/uploads\/2022\/12\/Hubsch_logo_black_one_line.svg","caption":"H\u00fcbsch"},"image":{"@id":"https:\/\/hubsch-interior.com\/da\/#\/schema\/logo\/image\/"}}]}},"_links":{"self":[{"href":"https:\/\/hubsch-interior.com\/da\/wp-json\/wp\/v2\/product\/694208","targetHints":{"allow":["GET"]}}],"collection":[{"href":"https:\/\/hubsch-interior.com\/da\/wp-json\/wp\/v2\/product"}],"about":[{"href":"https:\/\/hubsch-interior.com\/da\/wp-json\/wp\/v2\/types\/product"}],"wp:featuredmedia":[{"embeddable":true,"href":"https:\/\/hubsch-interior.com\/da\/wp-json\/wp\/v2\/media\/1097051"}],"wp:attachment":[{"href":"https:\/\/hubsch-interior.com\/da\/wp-json\/wp\/v2\/media?parent=694208"}],"wp:term":[{"taxonomy":"product_brand","embeddable":true,"href":"https:\/\/hubsch-interior.com\/da\/wp-json\/wp\/v2\/product_brand?post=694208"},{"taxonomy":"product_cat","embeddable":true,"href":"https:\/\/hubsch-interior.com\/da\/wp-json\/wp\/v2\/product_cat?post=694208"},{"taxonomy":"product_tag","embeddable":true,"href":"https:\/\/hubsch-interior.com\/da\/wp-json\/wp\/v2\/product_tag?post=694208"}],"curies":[{"name":"wp","href":"https:\/\/api.w.org\/{rel}","templated":true}]}}