{"id":694224,"date":"2021-08-31T09:34:51","date_gmt":"2021-08-31T07:34:51","guid":{"rendered":"https:\/\/hubsch-interior.com\/shop-b2c\/product\/product\/"},"modified":"2026-04-09T04:31:28","modified_gmt":"2026-04-09T02:31:28","slug":"retro-vaegspejl-rund-borstet-stal","status":"publish","type":"product","link":"https:\/\/hubsch-interior.com\/da\/vare\/retro-vaegspejl-rund-borstet-stal\/","title":{"rendered":"Retro V\u00e6gspejl Rund B\u00f8rstet st\u00e5l"},"content":{"rendered":"<p>Retro V\u00e6gspejl Rund Nikkel er det perfekte valg, hvis du \u00f8nsker et klassisk og elegant look. Det er fremstillet af robust metal og spejlglas, der giver en flot glans og farve. Spejlet er udstyret med en rund ramme med en bl\u00f8d og glat afslutning. Dette betyder, at det er nemt at h\u00e6nge op og reng\u00f8re. Det kan bruges b\u00e5de indend\u00f8rs og udend\u00f8rs og vil se smukt ud i ethvert rum. Det er en luksuri\u00f8s og stilfuld tilf\u00f8jelse til ethvert hjem.<\/p>\n","protected":false},"excerpt":{"rendered":"<p>Retro V\u00e6gspejl Rund Nikkel er det perfekte valg, hvis du \u00f8nsker et klassisk og elegant look. Det er fremstillet af robust metal og spejlglas, der giver en flot glans og farve. Spejlet er udstyret med en rund ramme med en bl\u00f8d og glat afslutning. Dette betyder, at det er nemt at h\u00e6nge op og reng\u00f8re. [&hellip;]<\/p>\n","protected":false},"featured_media":1097249,"template":"","meta":{"_acf_changed":false,"inline_featured_image":false},"product_brand":[],"product_cat":[2921,2922],"product_tag":[],"class_list":{"0":"post-694224","1":"product","2":"type-product","3":"status-publish","4":"has-post-thumbnail","6":"product_cat-spejle-da","7":"product_cat-vaegspejle-da","8":"product_shipping_class-pk","10":"pa_color-boerstet-staal","11":"pa_material-jern-da","12":"pa_material-spejlglas","14":"first","15":"instock","16":"taxable","17":"shipping-taxable","18":"purchasable","19":"product-type-simple"},"exclude_global_add_ons":[],"addons":[],"acf":[],"yoast_head":"<!-- This site is optimized with the Yoast SEO plugin v26.4 - https:\/\/yoast.com\/wordpress\/plugins\/seo\/ -->\n<title>Retro V\u00e6gspejl Rund B\u00f8rstet st\u00e5l - H\u00fcbsch<\/title>\n<meta name=\"description\" content=\"Retro V\u00e6gspejl Rund Nikkel er det perfekte valg, hvis du \u00f8nsker et klassisk og elegant look. Det er fremstillet af robust metal og spejlglas, der giver en\" \/>\n<meta name=\"robots\" content=\"index, follow, max-snippet:-1, max-image-preview:large, max-video-preview:-1\" \/>\n<link rel=\"canonical\" href=\"https:\/\/hubsch-interior.com\/da\/wp-json\/wp\/v2\/product\/694224\" \/>\n<meta property=\"og:locale\" content=\"da_DK\" \/>\n<meta property=\"og:type\" content=\"article\" \/>\n<meta property=\"og:title\" content=\"Retro V\u00e6gspejl Rund B\u00f8rstet st\u00e5l - H\u00fcbsch\" \/>\n<meta property=\"og:description\" content=\"Retro V\u00e6gspejl Rund Nikkel er det perfekte valg, hvis du \u00f8nsker et klassisk og elegant look. Det er fremstillet af robust metal og spejlglas, der giver en\" \/>\n<meta property=\"og:url\" content=\"https:\/\/hubsch-interior.com\/da\/vare\/retro-vaegspejl-rund-borstet-stal\/\" \/>\n<meta property=\"og:site_name\" content=\"H\u00fcbsch\" \/>\n<meta property=\"article:modified_time\" content=\"2026-04-09T02:31:28+00:00\" \/>\n<meta property=\"og:image\" content=\"https:\/\/hubsch-interior.com\/wp-content\/uploads\/2025\/04\/retro-wall-mirror-round-brushed-nickel-4942d402dedb227e10849f08486b1f77.jpg\" \/>\n\t<meta property=\"og:image:width\" content=\"1200\" \/>\n\t<meta property=\"og:image:height\" content=\"1200\" \/>\n\t<meta property=\"og:image:type\" content=\"image\/jpeg\" \/>\n<meta name=\"twitter:card\" content=\"summary_large_image\" \/>\n<script type=\"application\/ld+json\" class=\"yoast-schema-graph\">{\"@context\":\"https:\/\/schema.org\",\"@graph\":[{\"@type\":\"WebPage\",\"@id\":\"https:\/\/hubsch-interior.com\/da\/vare\/retro-vaegspejl-rund-borstet-stal\/\",\"url\":\"https:\/\/hubsch-interior.com\/da\/vare\/retro-vaegspejl-rund-borstet-stal\/\",\"name\":\"Retro V\u00e6gspejl Rund B\u00f8rstet st\u00e5l - H\u00fcbsch\",\"isPartOf\":{\"@id\":\"https:\/\/hubsch-interior.com\/da\/#website\"},\"primaryImageOfPage\":{\"@id\":\"https:\/\/hubsch-interior.com\/da\/vare\/retro-vaegspejl-rund-borstet-stal\/#primaryimage\"},\"image\":{\"@id\":\"https:\/\/hubsch-interior.com\/da\/vare\/retro-vaegspejl-rund-borstet-stal\/#primaryimage\"},\"thumbnailUrl\":\"https:\/\/hubsch-interior.com\/wp-content\/uploads\/2026\/02\/retro-wall-mirror-round-brushed-nickel-e5cd293cd64a75b00b321ec99682d169.jpg\",\"datePublished\":\"2021-08-31T07:34:51+00:00\",\"dateModified\":\"2026-04-09T02:31:28+00:00\",\"description\":\"Retro V\u00e6gspejl Rund Nikkel er det perfekte valg, hvis du \u00f8nsker et klassisk og elegant look. Det er fremstillet af robust metal og spejlglas, der giver en\",\"breadcrumb\":{\"@id\":\"https:\/\/hubsch-interior.com\/da\/vare\/retro-vaegspejl-rund-borstet-stal\/#breadcrumb\"},\"inLanguage\":\"da-DK\",\"potentialAction\":[{\"@type\":\"ReadAction\",\"target\":[\"https:\/\/hubsch-interior.com\/da\/vare\/retro-vaegspejl-rund-borstet-stal\/\"]}]},{\"@type\":\"ImageObject\",\"inLanguage\":\"da-DK\",\"@id\":\"https:\/\/hubsch-interior.com\/da\/vare\/retro-vaegspejl-rund-borstet-stal\/#primaryimage\",\"url\":\"https:\/\/hubsch-interior.com\/wp-content\/uploads\/2026\/02\/retro-wall-mirror-round-brushed-nickel-e5cd293cd64a75b00b321ec99682d169.jpg\",\"contentUrl\":\"https:\/\/hubsch-interior.com\/wp-content\/uploads\/2026\/02\/retro-wall-mirror-round-brushed-nickel-e5cd293cd64a75b00b321ec99682d169.jpg\",\"width\":1024,\"height\":1024},{\"@type\":\"BreadcrumbList\",\"@id\":\"https:\/\/hubsch-interior.com\/da\/vare\/retro-vaegspejl-rund-borstet-stal\/#breadcrumb\",\"itemListElement\":[{\"@type\":\"ListItem\",\"position\":1,\"name\":\"Forside\",\"item\":\"https:\/\/hubsch-interior.com\/da\/\"},{\"@type\":\"ListItem\",\"position\":2,\"name\":\"Produkter\",\"item\":\"https:\/\/hubsch-interior.com\/da\/produkter\/\"},{\"@type\":\"ListItem\",\"position\":3,\"name\":\"Boligtilbeh\u00f8r\",\"item\":\"https:\/\/hubsch-interior.com\/da\/vare-kategori\/boligtilbehor\/\"},{\"@type\":\"ListItem\",\"position\":4,\"name\":\"Spejle\",\"item\":\"https:\/\/hubsch-interior.com\/da\/vare-kategori\/boligtilbehor\/spejle-da\/\"},{\"@type\":\"ListItem\",\"position\":5,\"name\":\"V&aelig;gspejle\",\"item\":\"https:\/\/hubsch-interior.com\/da\/vare-kategori\/boligtilbehor\/spejle-da\/vaegspejle-da\/\"},{\"@type\":\"ListItem\",\"position\":6,\"name\":\"Retro V\u00e6gspejl Rund B\u00f8rstet st\u00e5l\"}]},{\"@type\":\"WebSite\",\"@id\":\"https:\/\/hubsch-interior.com\/da\/#website\",\"url\":\"https:\/\/hubsch-interior.com\/da\/\",\"name\":\"H\u00fcbsch\",\"description\":\"Danish Home Interior and Design\",\"publisher\":{\"@id\":\"https:\/\/hubsch-interior.com\/da\/#organization\"},\"potentialAction\":[{\"@type\":\"SearchAction\",\"target\":{\"@type\":\"EntryPoint\",\"urlTemplate\":\"https:\/\/hubsch-interior.com\/da\/?s={search_term_string}\"},\"query-input\":{\"@type\":\"PropertyValueSpecification\",\"valueRequired\":true,\"valueName\":\"search_term_string\"}}],\"inLanguage\":\"da-DK\"},{\"@type\":\"Organization\",\"@id\":\"https:\/\/hubsch-interior.com\/da\/#organization\",\"name\":\"H\u00fcbsch\",\"url\":\"https:\/\/hubsch-interior.com\/da\/\",\"logo\":{\"@type\":\"ImageObject\",\"inLanguage\":\"da-DK\",\"@id\":\"https:\/\/hubsch-interior.com\/da\/#\/schema\/logo\/image\/\",\"url\":\"https:\/\/hubsch-interior.com\/wp-content\/uploads\/2022\/12\/Hubsch_logo_black_one_line.svg\",\"contentUrl\":\"https:\/\/hubsch-interior.com\/wp-content\/uploads\/2022\/12\/Hubsch_logo_black_one_line.svg\",\"caption\":\"H\u00fcbsch\"},\"image\":{\"@id\":\"https:\/\/hubsch-interior.com\/da\/#\/schema\/logo\/image\/\"}}]}<\/script>\n<!-- \/ Yoast SEO plugin. -->","yoast_head_json":{"title":"Retro V\u00e6gspejl Rund B\u00f8rstet st\u00e5l - H\u00fcbsch","description":"Retro V\u00e6gspejl Rund Nikkel er det perfekte valg, hvis du \u00f8nsker et klassisk og elegant look. Det er fremstillet af robust metal og spejlglas, der giver en","robots":{"index":"index","follow":"follow","max-snippet":"max-snippet:-1","max-image-preview":"max-image-preview:large","max-video-preview":"max-video-preview:-1"},"canonical":"https:\/\/hubsch-interior.com\/da\/wp-json\/wp\/v2\/product\/694224","og_locale":"da_DK","og_type":"article","og_title":"Retro V\u00e6gspejl Rund B\u00f8rstet st\u00e5l - H\u00fcbsch","og_description":"Retro V\u00e6gspejl Rund Nikkel er det perfekte valg, hvis du \u00f8nsker et klassisk og elegant look. Det er fremstillet af robust metal og spejlglas, der giver en","og_url":"https:\/\/hubsch-interior.com\/da\/vare\/retro-vaegspejl-rund-borstet-stal\/","og_site_name":"H\u00fcbsch","article_modified_time":"2026-04-09T02:31:28+00:00","og_image":[{"width":1200,"height":1200,"url":"https:\/\/hubsch-interior.com\/wp-content\/uploads\/2025\/04\/retro-wall-mirror-round-brushed-nickel-4942d402dedb227e10849f08486b1f77.jpg","type":"image\/jpeg"}],"twitter_card":"summary_large_image","schema":{"@context":"https:\/\/schema.org","@graph":[{"@type":"WebPage","@id":"https:\/\/hubsch-interior.com\/da\/vare\/retro-vaegspejl-rund-borstet-stal\/","url":"https:\/\/hubsch-interior.com\/da\/vare\/retro-vaegspejl-rund-borstet-stal\/","name":"Retro V\u00e6gspejl Rund B\u00f8rstet st\u00e5l - H\u00fcbsch","isPartOf":{"@id":"https:\/\/hubsch-interior.com\/da\/#website"},"primaryImageOfPage":{"@id":"https:\/\/hubsch-interior.com\/da\/vare\/retro-vaegspejl-rund-borstet-stal\/#primaryimage"},"image":{"@id":"https:\/\/hubsch-interior.com\/da\/vare\/retro-vaegspejl-rund-borstet-stal\/#primaryimage"},"thumbnailUrl":"https:\/\/hubsch-interior.com\/wp-content\/uploads\/2026\/02\/retro-wall-mirror-round-brushed-nickel-e5cd293cd64a75b00b321ec99682d169.jpg","datePublished":"2021-08-31T07:34:51+00:00","dateModified":"2026-04-09T02:31:28+00:00","description":"Retro V\u00e6gspejl Rund Nikkel er det perfekte valg, hvis du \u00f8nsker et klassisk og elegant look. Det er fremstillet af robust metal og spejlglas, der giver en","breadcrumb":{"@id":"https:\/\/hubsch-interior.com\/da\/vare\/retro-vaegspejl-rund-borstet-stal\/#breadcrumb"},"inLanguage":"da-DK","potentialAction":[{"@type":"ReadAction","target":["https:\/\/hubsch-interior.com\/da\/vare\/retro-vaegspejl-rund-borstet-stal\/"]}]},{"@type":"ImageObject","inLanguage":"da-DK","@id":"https:\/\/hubsch-interior.com\/da\/vare\/retro-vaegspejl-rund-borstet-stal\/#primaryimage","url":"https:\/\/hubsch-interior.com\/wp-content\/uploads\/2026\/02\/retro-wall-mirror-round-brushed-nickel-e5cd293cd64a75b00b321ec99682d169.jpg","contentUrl":"https:\/\/hubsch-interior.com\/wp-content\/uploads\/2026\/02\/retro-wall-mirror-round-brushed-nickel-e5cd293cd64a75b00b321ec99682d169.jpg","width":1024,"height":1024},{"@type":"BreadcrumbList","@id":"https:\/\/hubsch-interior.com\/da\/vare\/retro-vaegspejl-rund-borstet-stal\/#breadcrumb","itemListElement":[{"@type":"ListItem","position":1,"name":"Forside","item":"https:\/\/hubsch-interior.com\/da\/"},{"@type":"ListItem","position":2,"name":"Produkter","item":"https:\/\/hubsch-interior.com\/da\/produkter\/"},{"@type":"ListItem","position":3,"name":"Boligtilbeh\u00f8r","item":"https:\/\/hubsch-interior.com\/da\/vare-kategori\/boligtilbehor\/"},{"@type":"ListItem","position":4,"name":"Spejle","item":"https:\/\/hubsch-interior.com\/da\/vare-kategori\/boligtilbehor\/spejle-da\/"},{"@type":"ListItem","position":5,"name":"V&aelig;gspejle","item":"https:\/\/hubsch-interior.com\/da\/vare-kategori\/boligtilbehor\/spejle-da\/vaegspejle-da\/"},{"@type":"ListItem","position":6,"name":"Retro V\u00e6gspejl Rund B\u00f8rstet st\u00e5l"}]},{"@type":"WebSite","@id":"https:\/\/hubsch-interior.com\/da\/#website","url":"https:\/\/hubsch-interior.com\/da\/","name":"H\u00fcbsch","description":"Danish Home Interior and Design","publisher":{"@id":"https:\/\/hubsch-interior.com\/da\/#organization"},"potentialAction":[{"@type":"SearchAction","target":{"@type":"EntryPoint","urlTemplate":"https:\/\/hubsch-interior.com\/da\/?s={search_term_string}"},"query-input":{"@type":"PropertyValueSpecification","valueRequired":true,"valueName":"search_term_string"}}],"inLanguage":"da-DK"},{"@type":"Organization","@id":"https:\/\/hubsch-interior.com\/da\/#organization","name":"H\u00fcbsch","url":"https:\/\/hubsch-interior.com\/da\/","logo":{"@type":"ImageObject","inLanguage":"da-DK","@id":"https:\/\/hubsch-interior.com\/da\/#\/schema\/logo\/image\/","url":"https:\/\/hubsch-interior.com\/wp-content\/uploads\/2022\/12\/Hubsch_logo_black_one_line.svg","contentUrl":"https:\/\/hubsch-interior.com\/wp-content\/uploads\/2022\/12\/Hubsch_logo_black_one_line.svg","caption":"H\u00fcbsch"},"image":{"@id":"https:\/\/hubsch-interior.com\/da\/#\/schema\/logo\/image\/"}}]}},"_links":{"self":[{"href":"https:\/\/hubsch-interior.com\/da\/wp-json\/wp\/v2\/product\/694224","targetHints":{"allow":["GET"]}}],"collection":[{"href":"https:\/\/hubsch-interior.com\/da\/wp-json\/wp\/v2\/product"}],"about":[{"href":"https:\/\/hubsch-interior.com\/da\/wp-json\/wp\/v2\/types\/product"}],"wp:featuredmedia":[{"embeddable":true,"href":"https:\/\/hubsch-interior.com\/da\/wp-json\/wp\/v2\/media\/1097249"}],"wp:attachment":[{"href":"https:\/\/hubsch-interior.com\/da\/wp-json\/wp\/v2\/media?parent=694224"}],"wp:term":[{"taxonomy":"product_brand","embeddable":true,"href":"https:\/\/hubsch-interior.com\/da\/wp-json\/wp\/v2\/product_brand?post=694224"},{"taxonomy":"product_cat","embeddable":true,"href":"https:\/\/hubsch-interior.com\/da\/wp-json\/wp\/v2\/product_cat?post=694224"},{"taxonomy":"product_tag","embeddable":true,"href":"https:\/\/hubsch-interior.com\/da\/wp-json\/wp\/v2\/product_tag?post=694224"}],"curies":[{"name":"wp","href":"https:\/\/api.w.org\/{rel}","templated":true}]}}