{"id":694376,"date":"2021-08-31T09:37:02","date_gmt":"2021-08-31T07:37:02","guid":{"rendered":"https:\/\/hubsch-interior.com\/shop-b2c\/product\/product\/"},"modified":"2026-04-05T04:34:17","modified_gmt":"2026-04-05T02:34:17","slug":"flicker-fyrfadsstage-gron","status":"publish","type":"product","link":"https:\/\/hubsch-interior.com\/da\/vare\/flicker-fyrfadsstage-gron\/","title":{"rendered":"Flicker Fyrfadsstage Gr\u00f8n"},"content":{"rendered":"<p>Flicker Fyrfadsstage Gr\u00f8n er den perfekte l\u00f8sning til alle lyse \u00f8jeblikke. Den er lavet af glas og har et unikt, farverigt design. Lyset reflekteres smukt gennem glaset og skaber en stemningsfuld atmosf\u00e6re. Den er let at reng\u00f8re og kan bruges i alle rum. Det er det perfekte valg til hygge og afslapning. Flicker Fyrfadsstage Gr\u00f8n er ideel til at skabe et personligt og hyggeligt milj\u00f8 i dit hjem.<\/p>\n","protected":false},"excerpt":{"rendered":"<p>Flicker Fyrfadsstage Gr\u00f8n er den perfekte l\u00f8sning til alle lyse \u00f8jeblikke. Den er lavet af glas og har et unikt, farverigt design. Lyset reflekteres smukt gennem glaset og skaber en stemningsfuld atmosf\u00e6re. Den er let at reng\u00f8re og kan bruges i alle rum. Det er det perfekte valg til hygge og afslapning. Flicker Fyrfadsstage Gr\u00f8n [&hellip;]<\/p>\n","protected":false},"featured_media":1098101,"template":"","meta":{"_acf_changed":false,"inline_featured_image":false},"product_brand":[],"product_cat":[4064,4063],"product_tag":[],"class_list":{"0":"post-694376","1":"product","2":"type-product","3":"status-publish","4":"has-post-thumbnail","6":"product_cat-lysestager-da","7":"product_cat-lysestager-lanterner-da","8":"product_shipping_class-pk","10":"pa_color-grn","11":"pa_material-glas-da","13":"first","14":"instock","15":"taxable","16":"shipping-taxable","17":"purchasable","18":"product-type-simple"},"exclude_global_add_ons":[],"addons":[],"acf":[],"yoast_head":"<!-- This site is optimized with the Yoast SEO plugin v26.4 - https:\/\/yoast.com\/wordpress\/plugins\/seo\/ -->\n<title>Flicker Fyrfadsstage Gr\u00f8n - H\u00fcbsch<\/title>\n<meta name=\"description\" content=\"Flicker Fyrfadsstage Gr\u00f8n er den perfekte l\u00f8sning til alle lyse \u00f8jeblikke. Den er lavet af glas og har et unikt, farverigt design. Lyset reflekteres smukt\" \/>\n<meta name=\"robots\" content=\"index, follow, max-snippet:-1, max-image-preview:large, max-video-preview:-1\" \/>\n<link rel=\"canonical\" href=\"https:\/\/hubsch-interior.com\/da\/wp-json\/wp\/v2\/product\/694376\" \/>\n<meta property=\"og:locale\" content=\"da_DK\" \/>\n<meta property=\"og:type\" content=\"article\" \/>\n<meta property=\"og:title\" content=\"Flicker Fyrfadsstage Gr\u00f8n - H\u00fcbsch\" \/>\n<meta property=\"og:description\" content=\"Flicker Fyrfadsstage Gr\u00f8n er den perfekte l\u00f8sning til alle lyse \u00f8jeblikke. Den er lavet af glas og har et unikt, farverigt design. Lyset reflekteres smukt\" \/>\n<meta property=\"og:url\" content=\"https:\/\/hubsch-interior.com\/da\/vare\/flicker-fyrfadsstage-gron\/\" \/>\n<meta property=\"og:site_name\" content=\"H\u00fcbsch\" \/>\n<meta property=\"article:modified_time\" content=\"2026-04-05T02:34:17+00:00\" \/>\n<meta property=\"og:image\" content=\"https:\/\/hubsch-interior.com\/wp-content\/uploads\/2025\/04\/flicker-tealight-holder-green-a2295472506955e052a33f6a6566d751.jpg\" \/>\n\t<meta property=\"og:image:width\" content=\"1200\" \/>\n\t<meta property=\"og:image:height\" content=\"1200\" \/>\n\t<meta property=\"og:image:type\" content=\"image\/jpeg\" \/>\n<meta name=\"twitter:card\" content=\"summary_large_image\" \/>\n<script type=\"application\/ld+json\" class=\"yoast-schema-graph\">{\"@context\":\"https:\/\/schema.org\",\"@graph\":[{\"@type\":\"WebPage\",\"@id\":\"https:\/\/hubsch-interior.com\/da\/vare\/flicker-fyrfadsstage-gron\/\",\"url\":\"https:\/\/hubsch-interior.com\/da\/vare\/flicker-fyrfadsstage-gron\/\",\"name\":\"Flicker Fyrfadsstage Gr\u00f8n - H\u00fcbsch\",\"isPartOf\":{\"@id\":\"https:\/\/hubsch-interior.com\/da\/#website\"},\"primaryImageOfPage\":{\"@id\":\"https:\/\/hubsch-interior.com\/da\/vare\/flicker-fyrfadsstage-gron\/#primaryimage\"},\"image\":{\"@id\":\"https:\/\/hubsch-interior.com\/da\/vare\/flicker-fyrfadsstage-gron\/#primaryimage\"},\"thumbnailUrl\":\"https:\/\/hubsch-interior.com\/wp-content\/uploads\/2026\/02\/flicker-tealight-holder-green-b9a3452451da46bad6e131aa45404c0a.jpg\",\"datePublished\":\"2021-08-31T07:37:02+00:00\",\"dateModified\":\"2026-04-05T02:34:17+00:00\",\"description\":\"Flicker Fyrfadsstage Gr\u00f8n er den perfekte l\u00f8sning til alle lyse \u00f8jeblikke. Den er lavet af glas og har et unikt, farverigt design. Lyset reflekteres smukt\",\"breadcrumb\":{\"@id\":\"https:\/\/hubsch-interior.com\/da\/vare\/flicker-fyrfadsstage-gron\/#breadcrumb\"},\"inLanguage\":\"da-DK\",\"potentialAction\":[{\"@type\":\"ReadAction\",\"target\":[\"https:\/\/hubsch-interior.com\/da\/vare\/flicker-fyrfadsstage-gron\/\"]}]},{\"@type\":\"ImageObject\",\"inLanguage\":\"da-DK\",\"@id\":\"https:\/\/hubsch-interior.com\/da\/vare\/flicker-fyrfadsstage-gron\/#primaryimage\",\"url\":\"https:\/\/hubsch-interior.com\/wp-content\/uploads\/2026\/02\/flicker-tealight-holder-green-b9a3452451da46bad6e131aa45404c0a.jpg\",\"contentUrl\":\"https:\/\/hubsch-interior.com\/wp-content\/uploads\/2026\/02\/flicker-tealight-holder-green-b9a3452451da46bad6e131aa45404c0a.jpg\",\"width\":1024,\"height\":1024},{\"@type\":\"BreadcrumbList\",\"@id\":\"https:\/\/hubsch-interior.com\/da\/vare\/flicker-fyrfadsstage-gron\/#breadcrumb\",\"itemListElement\":[{\"@type\":\"ListItem\",\"position\":1,\"name\":\"Forside\",\"item\":\"https:\/\/hubsch-interior.com\/da\/\"},{\"@type\":\"ListItem\",\"position\":2,\"name\":\"Produkter\",\"item\":\"https:\/\/hubsch-interior.com\/da\/produkter\/\"},{\"@type\":\"ListItem\",\"position\":3,\"name\":\"Boligtilbeh\u00f8r\",\"item\":\"https:\/\/hubsch-interior.com\/da\/vare-kategori\/boligtilbehor\/\"},{\"@type\":\"ListItem\",\"position\":4,\"name\":\"Lysestager &amp; Lanterner\",\"item\":\"https:\/\/hubsch-interior.com\/da\/vare-kategori\/boligtilbehor\/lysestager-lanterner-da\/\"},{\"@type\":\"ListItem\",\"position\":5,\"name\":\"Lysestager\",\"item\":\"https:\/\/hubsch-interior.com\/da\/vare-kategori\/boligtilbehor\/lysestager-lanterner-da\/lysestager-da\/\"},{\"@type\":\"ListItem\",\"position\":6,\"name\":\"Flicker Fyrfadsstage Gr\u00f8n\"}]},{\"@type\":\"WebSite\",\"@id\":\"https:\/\/hubsch-interior.com\/da\/#website\",\"url\":\"https:\/\/hubsch-interior.com\/da\/\",\"name\":\"H\u00fcbsch\",\"description\":\"Danish Home Interior and Design\",\"publisher\":{\"@id\":\"https:\/\/hubsch-interior.com\/da\/#organization\"},\"potentialAction\":[{\"@type\":\"SearchAction\",\"target\":{\"@type\":\"EntryPoint\",\"urlTemplate\":\"https:\/\/hubsch-interior.com\/da\/?s={search_term_string}\"},\"query-input\":{\"@type\":\"PropertyValueSpecification\",\"valueRequired\":true,\"valueName\":\"search_term_string\"}}],\"inLanguage\":\"da-DK\"},{\"@type\":\"Organization\",\"@id\":\"https:\/\/hubsch-interior.com\/da\/#organization\",\"name\":\"H\u00fcbsch\",\"url\":\"https:\/\/hubsch-interior.com\/da\/\",\"logo\":{\"@type\":\"ImageObject\",\"inLanguage\":\"da-DK\",\"@id\":\"https:\/\/hubsch-interior.com\/da\/#\/schema\/logo\/image\/\",\"url\":\"https:\/\/hubsch-interior.com\/wp-content\/uploads\/2022\/12\/Hubsch_logo_black_one_line.svg\",\"contentUrl\":\"https:\/\/hubsch-interior.com\/wp-content\/uploads\/2022\/12\/Hubsch_logo_black_one_line.svg\",\"caption\":\"H\u00fcbsch\"},\"image\":{\"@id\":\"https:\/\/hubsch-interior.com\/da\/#\/schema\/logo\/image\/\"}}]}<\/script>\n<!-- \/ Yoast SEO plugin. -->","yoast_head_json":{"title":"Flicker Fyrfadsstage Gr\u00f8n - H\u00fcbsch","description":"Flicker Fyrfadsstage Gr\u00f8n er den perfekte l\u00f8sning til alle lyse \u00f8jeblikke. Den er lavet af glas og har et unikt, farverigt design. Lyset reflekteres smukt","robots":{"index":"index","follow":"follow","max-snippet":"max-snippet:-1","max-image-preview":"max-image-preview:large","max-video-preview":"max-video-preview:-1"},"canonical":"https:\/\/hubsch-interior.com\/da\/wp-json\/wp\/v2\/product\/694376","og_locale":"da_DK","og_type":"article","og_title":"Flicker Fyrfadsstage Gr\u00f8n - H\u00fcbsch","og_description":"Flicker Fyrfadsstage Gr\u00f8n er den perfekte l\u00f8sning til alle lyse \u00f8jeblikke. Den er lavet af glas og har et unikt, farverigt design. Lyset reflekteres smukt","og_url":"https:\/\/hubsch-interior.com\/da\/vare\/flicker-fyrfadsstage-gron\/","og_site_name":"H\u00fcbsch","article_modified_time":"2026-04-05T02:34:17+00:00","og_image":[{"width":1200,"height":1200,"url":"https:\/\/hubsch-interior.com\/wp-content\/uploads\/2025\/04\/flicker-tealight-holder-green-a2295472506955e052a33f6a6566d751.jpg","type":"image\/jpeg"}],"twitter_card":"summary_large_image","schema":{"@context":"https:\/\/schema.org","@graph":[{"@type":"WebPage","@id":"https:\/\/hubsch-interior.com\/da\/vare\/flicker-fyrfadsstage-gron\/","url":"https:\/\/hubsch-interior.com\/da\/vare\/flicker-fyrfadsstage-gron\/","name":"Flicker Fyrfadsstage Gr\u00f8n - H\u00fcbsch","isPartOf":{"@id":"https:\/\/hubsch-interior.com\/da\/#website"},"primaryImageOfPage":{"@id":"https:\/\/hubsch-interior.com\/da\/vare\/flicker-fyrfadsstage-gron\/#primaryimage"},"image":{"@id":"https:\/\/hubsch-interior.com\/da\/vare\/flicker-fyrfadsstage-gron\/#primaryimage"},"thumbnailUrl":"https:\/\/hubsch-interior.com\/wp-content\/uploads\/2026\/02\/flicker-tealight-holder-green-b9a3452451da46bad6e131aa45404c0a.jpg","datePublished":"2021-08-31T07:37:02+00:00","dateModified":"2026-04-05T02:34:17+00:00","description":"Flicker Fyrfadsstage Gr\u00f8n er den perfekte l\u00f8sning til alle lyse \u00f8jeblikke. Den er lavet af glas og har et unikt, farverigt design. Lyset reflekteres smukt","breadcrumb":{"@id":"https:\/\/hubsch-interior.com\/da\/vare\/flicker-fyrfadsstage-gron\/#breadcrumb"},"inLanguage":"da-DK","potentialAction":[{"@type":"ReadAction","target":["https:\/\/hubsch-interior.com\/da\/vare\/flicker-fyrfadsstage-gron\/"]}]},{"@type":"ImageObject","inLanguage":"da-DK","@id":"https:\/\/hubsch-interior.com\/da\/vare\/flicker-fyrfadsstage-gron\/#primaryimage","url":"https:\/\/hubsch-interior.com\/wp-content\/uploads\/2026\/02\/flicker-tealight-holder-green-b9a3452451da46bad6e131aa45404c0a.jpg","contentUrl":"https:\/\/hubsch-interior.com\/wp-content\/uploads\/2026\/02\/flicker-tealight-holder-green-b9a3452451da46bad6e131aa45404c0a.jpg","width":1024,"height":1024},{"@type":"BreadcrumbList","@id":"https:\/\/hubsch-interior.com\/da\/vare\/flicker-fyrfadsstage-gron\/#breadcrumb","itemListElement":[{"@type":"ListItem","position":1,"name":"Forside","item":"https:\/\/hubsch-interior.com\/da\/"},{"@type":"ListItem","position":2,"name":"Produkter","item":"https:\/\/hubsch-interior.com\/da\/produkter\/"},{"@type":"ListItem","position":3,"name":"Boligtilbeh\u00f8r","item":"https:\/\/hubsch-interior.com\/da\/vare-kategori\/boligtilbehor\/"},{"@type":"ListItem","position":4,"name":"Lysestager &amp; Lanterner","item":"https:\/\/hubsch-interior.com\/da\/vare-kategori\/boligtilbehor\/lysestager-lanterner-da\/"},{"@type":"ListItem","position":5,"name":"Lysestager","item":"https:\/\/hubsch-interior.com\/da\/vare-kategori\/boligtilbehor\/lysestager-lanterner-da\/lysestager-da\/"},{"@type":"ListItem","position":6,"name":"Flicker Fyrfadsstage Gr\u00f8n"}]},{"@type":"WebSite","@id":"https:\/\/hubsch-interior.com\/da\/#website","url":"https:\/\/hubsch-interior.com\/da\/","name":"H\u00fcbsch","description":"Danish Home Interior and Design","publisher":{"@id":"https:\/\/hubsch-interior.com\/da\/#organization"},"potentialAction":[{"@type":"SearchAction","target":{"@type":"EntryPoint","urlTemplate":"https:\/\/hubsch-interior.com\/da\/?s={search_term_string}"},"query-input":{"@type":"PropertyValueSpecification","valueRequired":true,"valueName":"search_term_string"}}],"inLanguage":"da-DK"},{"@type":"Organization","@id":"https:\/\/hubsch-interior.com\/da\/#organization","name":"H\u00fcbsch","url":"https:\/\/hubsch-interior.com\/da\/","logo":{"@type":"ImageObject","inLanguage":"da-DK","@id":"https:\/\/hubsch-interior.com\/da\/#\/schema\/logo\/image\/","url":"https:\/\/hubsch-interior.com\/wp-content\/uploads\/2022\/12\/Hubsch_logo_black_one_line.svg","contentUrl":"https:\/\/hubsch-interior.com\/wp-content\/uploads\/2022\/12\/Hubsch_logo_black_one_line.svg","caption":"H\u00fcbsch"},"image":{"@id":"https:\/\/hubsch-interior.com\/da\/#\/schema\/logo\/image\/"}}]}},"_links":{"self":[{"href":"https:\/\/hubsch-interior.com\/da\/wp-json\/wp\/v2\/product\/694376","targetHints":{"allow":["GET"]}}],"collection":[{"href":"https:\/\/hubsch-interior.com\/da\/wp-json\/wp\/v2\/product"}],"about":[{"href":"https:\/\/hubsch-interior.com\/da\/wp-json\/wp\/v2\/types\/product"}],"wp:featuredmedia":[{"embeddable":true,"href":"https:\/\/hubsch-interior.com\/da\/wp-json\/wp\/v2\/media\/1098101"}],"wp:attachment":[{"href":"https:\/\/hubsch-interior.com\/da\/wp-json\/wp\/v2\/media?parent=694376"}],"wp:term":[{"taxonomy":"product_brand","embeddable":true,"href":"https:\/\/hubsch-interior.com\/da\/wp-json\/wp\/v2\/product_brand?post=694376"},{"taxonomy":"product_cat","embeddable":true,"href":"https:\/\/hubsch-interior.com\/da\/wp-json\/wp\/v2\/product_cat?post=694376"},{"taxonomy":"product_tag","embeddable":true,"href":"https:\/\/hubsch-interior.com\/da\/wp-json\/wp\/v2\/product_tag?post=694376"}],"curies":[{"name":"wp","href":"https:\/\/api.w.org\/{rel}","templated":true}]}}