{"id":694384,"date":"2021-08-31T09:37:05","date_gmt":"2021-08-31T07:37:05","guid":{"rendered":"https:\/\/hubsch-interior.com\/shop-b2c\/product\/product\/"},"modified":"2026-04-09T04:34:27","modified_gmt":"2026-04-09T02:34:27","slug":"flicker-fyrfadsstage-burgundy","status":"publish","type":"product","link":"https:\/\/hubsch-interior.com\/da\/vare\/flicker-fyrfadsstage-burgundy\/","title":{"rendered":"Flicker Fyrfadsstage Burgundy"},"content":{"rendered":"<p>Flicker Fyrfadsstage Lilla er lavet af glas og er en smuk og stilren m\u00e5de at pynte og opdatere dit hjem. Den lilla farve giver en unik og elegant kontrast til dit interi\u00f8r og er ideel til at skabe en smuk stemning. Den er nem at reng\u00f8re og har et moderne design. Det er den perfekte m\u00e5de at introducere lidt farve til dit hjem. Flicker Fyrfadsstage Lilla vil uden tvivl bringe kvalitet og stil til ethvert rum.<\/p>\n","protected":false},"excerpt":{"rendered":"<p>Flicker Fyrfadsstage Lilla er lavet af glas og er en smuk og stilren m\u00e5de at pynte og opdatere dit hjem. Den lilla farve giver en unik og elegant kontrast til dit interi\u00f8r og er ideel til at skabe en smuk stemning. Den er nem at reng\u00f8re og har et moderne design. Det er den perfekte [&hellip;]<\/p>\n","protected":false},"featured_media":1098105,"template":"","meta":{"_acf_changed":false,"inline_featured_image":false},"product_brand":[],"product_cat":[4064,4063,6517],"product_tag":[],"class_list":{"0":"post-694384","1":"product","2":"type-product","3":"status-publish","4":"has-post-thumbnail","6":"product_cat-lysestager-da","7":"product_cat-lysestager-lanterner-da","8":"product_cat-outlet-da","9":"product_shipping_class-pk","11":"pa_color-burgundy-da","12":"pa_material-glas-da","14":"first","15":"instock","16":"sale","17":"taxable","18":"shipping-taxable","19":"purchasable","20":"product-type-simple"},"exclude_global_add_ons":[],"addons":[],"acf":[],"yoast_head":"<!-- This site is optimized with the Yoast SEO plugin v26.4 - https:\/\/yoast.com\/wordpress\/plugins\/seo\/ -->\n<title>Flicker Fyrfadsstage Burgundy - H\u00fcbsch<\/title>\n<meta name=\"description\" content=\"Flicker Fyrfadsstage Lilla er lavet af glas og er en smuk og stilren m\u00e5de at pynte og opdatere dit hjem. Den lilla farve giver en unik og elegant kontrast\" \/>\n<meta name=\"robots\" content=\"index, follow, max-snippet:-1, max-image-preview:large, max-video-preview:-1\" \/>\n<link rel=\"canonical\" href=\"https:\/\/hubsch-interior.com\/da\/wp-json\/wp\/v2\/product\/694384\" \/>\n<meta property=\"og:locale\" content=\"da_DK\" \/>\n<meta property=\"og:type\" content=\"article\" \/>\n<meta property=\"og:title\" content=\"Flicker Fyrfadsstage Burgundy - H\u00fcbsch\" \/>\n<meta property=\"og:description\" content=\"Flicker Fyrfadsstage Lilla er lavet af glas og er en smuk og stilren m\u00e5de at pynte og opdatere dit hjem. Den lilla farve giver en unik og elegant kontrast\" \/>\n<meta property=\"og:url\" content=\"https:\/\/hubsch-interior.com\/da\/vare\/flicker-fyrfadsstage-burgundy\/\" \/>\n<meta property=\"og:site_name\" content=\"H\u00fcbsch\" \/>\n<meta property=\"article:modified_time\" content=\"2026-04-09T02:34:27+00:00\" \/>\n<meta property=\"og:image\" content=\"https:\/\/hubsch-interior.com\/wp-content\/uploads\/2023\/08\/flicker-tealight-holder-purple-a23b9714e5b93c7274aa451d108bac78.jpg\" \/>\n\t<meta property=\"og:image:width\" content=\"1200\" \/>\n\t<meta property=\"og:image:height\" content=\"1200\" \/>\n\t<meta property=\"og:image:type\" content=\"image\/jpeg\" \/>\n<meta name=\"twitter:card\" content=\"summary_large_image\" \/>\n<script type=\"application\/ld+json\" class=\"yoast-schema-graph\">{\"@context\":\"https:\/\/schema.org\",\"@graph\":[{\"@type\":\"WebPage\",\"@id\":\"https:\/\/hubsch-interior.com\/da\/vare\/flicker-fyrfadsstage-burgundy\/\",\"url\":\"https:\/\/hubsch-interior.com\/da\/vare\/flicker-fyrfadsstage-burgundy\/\",\"name\":\"Flicker Fyrfadsstage Burgundy - H\u00fcbsch\",\"isPartOf\":{\"@id\":\"https:\/\/hubsch-interior.com\/da\/#website\"},\"primaryImageOfPage\":{\"@id\":\"https:\/\/hubsch-interior.com\/da\/vare\/flicker-fyrfadsstage-burgundy\/#primaryimage\"},\"image\":{\"@id\":\"https:\/\/hubsch-interior.com\/da\/vare\/flicker-fyrfadsstage-burgundy\/#primaryimage\"},\"thumbnailUrl\":\"https:\/\/hubsch-interior.com\/wp-content\/uploads\/2026\/02\/flicker-tealight-holder-burgundy-2621662619433235ec9a22aeb9f34e94.jpg\",\"datePublished\":\"2021-08-31T07:37:05+00:00\",\"dateModified\":\"2026-04-09T02:34:27+00:00\",\"description\":\"Flicker Fyrfadsstage Lilla er lavet af glas og er en smuk og stilren m\u00e5de at pynte og opdatere dit hjem. Den lilla farve giver en unik og elegant kontrast\",\"breadcrumb\":{\"@id\":\"https:\/\/hubsch-interior.com\/da\/vare\/flicker-fyrfadsstage-burgundy\/#breadcrumb\"},\"inLanguage\":\"da-DK\",\"potentialAction\":[{\"@type\":\"ReadAction\",\"target\":[\"https:\/\/hubsch-interior.com\/da\/vare\/flicker-fyrfadsstage-burgundy\/\"]}]},{\"@type\":\"ImageObject\",\"inLanguage\":\"da-DK\",\"@id\":\"https:\/\/hubsch-interior.com\/da\/vare\/flicker-fyrfadsstage-burgundy\/#primaryimage\",\"url\":\"https:\/\/hubsch-interior.com\/wp-content\/uploads\/2026\/02\/flicker-tealight-holder-burgundy-2621662619433235ec9a22aeb9f34e94.jpg\",\"contentUrl\":\"https:\/\/hubsch-interior.com\/wp-content\/uploads\/2026\/02\/flicker-tealight-holder-burgundy-2621662619433235ec9a22aeb9f34e94.jpg\",\"width\":1024,\"height\":1024},{\"@type\":\"BreadcrumbList\",\"@id\":\"https:\/\/hubsch-interior.com\/da\/vare\/flicker-fyrfadsstage-burgundy\/#breadcrumb\",\"itemListElement\":[{\"@type\":\"ListItem\",\"position\":1,\"name\":\"Forside\",\"item\":\"https:\/\/hubsch-interior.com\/da\/\"},{\"@type\":\"ListItem\",\"position\":2,\"name\":\"Produkter\",\"item\":\"https:\/\/hubsch-interior.com\/da\/produkter\/\"},{\"@type\":\"ListItem\",\"position\":3,\"name\":\"Boligtilbeh\u00f8r\",\"item\":\"https:\/\/hubsch-interior.com\/da\/vare-kategori\/boligtilbehor\/\"},{\"@type\":\"ListItem\",\"position\":4,\"name\":\"Lysestager &amp; Lanterner\",\"item\":\"https:\/\/hubsch-interior.com\/da\/vare-kategori\/boligtilbehor\/lysestager-lanterner-da\/\"},{\"@type\":\"ListItem\",\"position\":5,\"name\":\"Lysestager\",\"item\":\"https:\/\/hubsch-interior.com\/da\/vare-kategori\/boligtilbehor\/lysestager-lanterner-da\/lysestager-da\/\"},{\"@type\":\"ListItem\",\"position\":6,\"name\":\"Flicker Fyrfadsstage Burgundy\"}]},{\"@type\":\"WebSite\",\"@id\":\"https:\/\/hubsch-interior.com\/da\/#website\",\"url\":\"https:\/\/hubsch-interior.com\/da\/\",\"name\":\"H\u00fcbsch\",\"description\":\"Danish Home Interior and Design\",\"publisher\":{\"@id\":\"https:\/\/hubsch-interior.com\/da\/#organization\"},\"potentialAction\":[{\"@type\":\"SearchAction\",\"target\":{\"@type\":\"EntryPoint\",\"urlTemplate\":\"https:\/\/hubsch-interior.com\/da\/?s={search_term_string}\"},\"query-input\":{\"@type\":\"PropertyValueSpecification\",\"valueRequired\":true,\"valueName\":\"search_term_string\"}}],\"inLanguage\":\"da-DK\"},{\"@type\":\"Organization\",\"@id\":\"https:\/\/hubsch-interior.com\/da\/#organization\",\"name\":\"H\u00fcbsch\",\"url\":\"https:\/\/hubsch-interior.com\/da\/\",\"logo\":{\"@type\":\"ImageObject\",\"inLanguage\":\"da-DK\",\"@id\":\"https:\/\/hubsch-interior.com\/da\/#\/schema\/logo\/image\/\",\"url\":\"https:\/\/hubsch-interior.com\/wp-content\/uploads\/2022\/12\/Hubsch_logo_black_one_line.svg\",\"contentUrl\":\"https:\/\/hubsch-interior.com\/wp-content\/uploads\/2022\/12\/Hubsch_logo_black_one_line.svg\",\"caption\":\"H\u00fcbsch\"},\"image\":{\"@id\":\"https:\/\/hubsch-interior.com\/da\/#\/schema\/logo\/image\/\"}}]}<\/script>\n<!-- \/ Yoast SEO plugin. -->","yoast_head_json":{"title":"Flicker Fyrfadsstage Burgundy - H\u00fcbsch","description":"Flicker Fyrfadsstage Lilla er lavet af glas og er en smuk og stilren m\u00e5de at pynte og opdatere dit hjem. Den lilla farve giver en unik og elegant kontrast","robots":{"index":"index","follow":"follow","max-snippet":"max-snippet:-1","max-image-preview":"max-image-preview:large","max-video-preview":"max-video-preview:-1"},"canonical":"https:\/\/hubsch-interior.com\/da\/wp-json\/wp\/v2\/product\/694384","og_locale":"da_DK","og_type":"article","og_title":"Flicker Fyrfadsstage Burgundy - H\u00fcbsch","og_description":"Flicker Fyrfadsstage Lilla er lavet af glas og er en smuk og stilren m\u00e5de at pynte og opdatere dit hjem. Den lilla farve giver en unik og elegant kontrast","og_url":"https:\/\/hubsch-interior.com\/da\/vare\/flicker-fyrfadsstage-burgundy\/","og_site_name":"H\u00fcbsch","article_modified_time":"2026-04-09T02:34:27+00:00","og_image":[{"width":1200,"height":1200,"url":"https:\/\/hubsch-interior.com\/wp-content\/uploads\/2023\/08\/flicker-tealight-holder-purple-a23b9714e5b93c7274aa451d108bac78.jpg","type":"image\/jpeg"}],"twitter_card":"summary_large_image","schema":{"@context":"https:\/\/schema.org","@graph":[{"@type":"WebPage","@id":"https:\/\/hubsch-interior.com\/da\/vare\/flicker-fyrfadsstage-burgundy\/","url":"https:\/\/hubsch-interior.com\/da\/vare\/flicker-fyrfadsstage-burgundy\/","name":"Flicker Fyrfadsstage Burgundy - H\u00fcbsch","isPartOf":{"@id":"https:\/\/hubsch-interior.com\/da\/#website"},"primaryImageOfPage":{"@id":"https:\/\/hubsch-interior.com\/da\/vare\/flicker-fyrfadsstage-burgundy\/#primaryimage"},"image":{"@id":"https:\/\/hubsch-interior.com\/da\/vare\/flicker-fyrfadsstage-burgundy\/#primaryimage"},"thumbnailUrl":"https:\/\/hubsch-interior.com\/wp-content\/uploads\/2026\/02\/flicker-tealight-holder-burgundy-2621662619433235ec9a22aeb9f34e94.jpg","datePublished":"2021-08-31T07:37:05+00:00","dateModified":"2026-04-09T02:34:27+00:00","description":"Flicker Fyrfadsstage Lilla er lavet af glas og er en smuk og stilren m\u00e5de at pynte og opdatere dit hjem. Den lilla farve giver en unik og elegant kontrast","breadcrumb":{"@id":"https:\/\/hubsch-interior.com\/da\/vare\/flicker-fyrfadsstage-burgundy\/#breadcrumb"},"inLanguage":"da-DK","potentialAction":[{"@type":"ReadAction","target":["https:\/\/hubsch-interior.com\/da\/vare\/flicker-fyrfadsstage-burgundy\/"]}]},{"@type":"ImageObject","inLanguage":"da-DK","@id":"https:\/\/hubsch-interior.com\/da\/vare\/flicker-fyrfadsstage-burgundy\/#primaryimage","url":"https:\/\/hubsch-interior.com\/wp-content\/uploads\/2026\/02\/flicker-tealight-holder-burgundy-2621662619433235ec9a22aeb9f34e94.jpg","contentUrl":"https:\/\/hubsch-interior.com\/wp-content\/uploads\/2026\/02\/flicker-tealight-holder-burgundy-2621662619433235ec9a22aeb9f34e94.jpg","width":1024,"height":1024},{"@type":"BreadcrumbList","@id":"https:\/\/hubsch-interior.com\/da\/vare\/flicker-fyrfadsstage-burgundy\/#breadcrumb","itemListElement":[{"@type":"ListItem","position":1,"name":"Forside","item":"https:\/\/hubsch-interior.com\/da\/"},{"@type":"ListItem","position":2,"name":"Produkter","item":"https:\/\/hubsch-interior.com\/da\/produkter\/"},{"@type":"ListItem","position":3,"name":"Boligtilbeh\u00f8r","item":"https:\/\/hubsch-interior.com\/da\/vare-kategori\/boligtilbehor\/"},{"@type":"ListItem","position":4,"name":"Lysestager &amp; Lanterner","item":"https:\/\/hubsch-interior.com\/da\/vare-kategori\/boligtilbehor\/lysestager-lanterner-da\/"},{"@type":"ListItem","position":5,"name":"Lysestager","item":"https:\/\/hubsch-interior.com\/da\/vare-kategori\/boligtilbehor\/lysestager-lanterner-da\/lysestager-da\/"},{"@type":"ListItem","position":6,"name":"Flicker Fyrfadsstage Burgundy"}]},{"@type":"WebSite","@id":"https:\/\/hubsch-interior.com\/da\/#website","url":"https:\/\/hubsch-interior.com\/da\/","name":"H\u00fcbsch","description":"Danish Home Interior and Design","publisher":{"@id":"https:\/\/hubsch-interior.com\/da\/#organization"},"potentialAction":[{"@type":"SearchAction","target":{"@type":"EntryPoint","urlTemplate":"https:\/\/hubsch-interior.com\/da\/?s={search_term_string}"},"query-input":{"@type":"PropertyValueSpecification","valueRequired":true,"valueName":"search_term_string"}}],"inLanguage":"da-DK"},{"@type":"Organization","@id":"https:\/\/hubsch-interior.com\/da\/#organization","name":"H\u00fcbsch","url":"https:\/\/hubsch-interior.com\/da\/","logo":{"@type":"ImageObject","inLanguage":"da-DK","@id":"https:\/\/hubsch-interior.com\/da\/#\/schema\/logo\/image\/","url":"https:\/\/hubsch-interior.com\/wp-content\/uploads\/2022\/12\/Hubsch_logo_black_one_line.svg","contentUrl":"https:\/\/hubsch-interior.com\/wp-content\/uploads\/2022\/12\/Hubsch_logo_black_one_line.svg","caption":"H\u00fcbsch"},"image":{"@id":"https:\/\/hubsch-interior.com\/da\/#\/schema\/logo\/image\/"}}]}},"_links":{"self":[{"href":"https:\/\/hubsch-interior.com\/da\/wp-json\/wp\/v2\/product\/694384","targetHints":{"allow":["GET"]}}],"collection":[{"href":"https:\/\/hubsch-interior.com\/da\/wp-json\/wp\/v2\/product"}],"about":[{"href":"https:\/\/hubsch-interior.com\/da\/wp-json\/wp\/v2\/types\/product"}],"wp:featuredmedia":[{"embeddable":true,"href":"https:\/\/hubsch-interior.com\/da\/wp-json\/wp\/v2\/media\/1098105"}],"wp:attachment":[{"href":"https:\/\/hubsch-interior.com\/da\/wp-json\/wp\/v2\/media?parent=694384"}],"wp:term":[{"taxonomy":"product_brand","embeddable":true,"href":"https:\/\/hubsch-interior.com\/da\/wp-json\/wp\/v2\/product_brand?post=694384"},{"taxonomy":"product_cat","embeddable":true,"href":"https:\/\/hubsch-interior.com\/da\/wp-json\/wp\/v2\/product_cat?post=694384"},{"taxonomy":"product_tag","embeddable":true,"href":"https:\/\/hubsch-interior.com\/da\/wp-json\/wp\/v2\/product_tag?post=694384"}],"curies":[{"name":"wp","href":"https:\/\/api.w.org\/{rel}","templated":true}]}}