{"id":694392,"date":"2021-08-31T09:37:08","date_gmt":"2021-08-31T07:37:08","guid":{"rendered":"https:\/\/hubsch-interior.com\/shop-b2c\/product\/product\/"},"modified":"2026-04-09T04:34:31","modified_gmt":"2026-04-09T02:34:31","slug":"lunar-drikkeglas-gra","status":"publish","type":"product","link":"https:\/\/hubsch-interior.com\/da\/vare\/lunar-drikkeglas-gra\/","title":{"rendered":"Lunar Drikkeglas Gr\u00e5"},"content":{"rendered":"<p>Lunar Drikkeglas R\u00f8gfarve er det perfekte valg til ethvert hjem. Det er lavet af klart glas, s\u00e5 du kan nyde dine drikke lidt mere. Glaset er i en smuk r\u00f8gfarve, der vil passe til ethvert interi\u00f8r. Det er let at vedligeholde og kan nemt reng\u00f8res. Lunar Drikkeglas R\u00f8gfarve er det perfekte til ethvert arrangement eller fest. Nyde dine drikkevarer, s\u00e5 du kan nyde sommeren.<\/p>\n","protected":false},"excerpt":{"rendered":"<p>Lunar Drikkeglas R\u00f8gfarve er det perfekte valg til ethvert hjem. Det er lavet af klart glas, s\u00e5 du kan nyde dine drikke lidt mere. Glaset er i en smuk r\u00f8gfarve, der vil passe til ethvert interi\u00f8r. Det er let at vedligeholde og kan nemt reng\u00f8res. Lunar Drikkeglas R\u00f8gfarve er det perfekte til ethvert arrangement eller [&hellip;]<\/p>\n","protected":false},"featured_media":1098113,"template":"","meta":{"_acf_changed":false,"inline_featured_image":false},"product_brand":[],"product_cat":[7025,7032,4051,4094],"product_tag":[],"class_list":{"0":"post-694392","1":"product","2":"type-product","3":"status-publish","4":"has-post-thumbnail","6":"product_cat-bordservice-da-2","7":"product_cat-glas-kander-da","8":"product_cat-koekkentilbehoer-da","9":"product_cat-bordservice-da","10":"product_shipping_class-pk","12":"pa_color-gr","13":"pa_material-glas-da","15":"first","16":"instock","17":"taxable","18":"shipping-taxable","19":"purchasable","20":"product-type-simple"},"exclude_global_add_ons":[],"addons":[],"acf":[],"yoast_head":"<!-- This site is optimized with the Yoast SEO plugin v26.4 - https:\/\/yoast.com\/wordpress\/plugins\/seo\/ -->\n<title>Lunar Drikkeglas Gr\u00e5 - H\u00fcbsch<\/title>\n<meta name=\"description\" content=\"Lunar Drikkeglas R\u00f8gfarve er det perfekte valg til ethvert hjem. Det er lavet af klart glas, s\u00e5 du kan nyde dine drikke lidt mere. Glaset er i en smuk\" \/>\n<meta name=\"robots\" content=\"index, follow, max-snippet:-1, max-image-preview:large, max-video-preview:-1\" \/>\n<link rel=\"canonical\" href=\"https:\/\/hubsch-interior.com\/da\/wp-json\/wp\/v2\/product\/694392\" \/>\n<meta property=\"og:locale\" content=\"da_DK\" \/>\n<meta property=\"og:type\" content=\"article\" \/>\n<meta property=\"og:title\" content=\"Lunar Drikkeglas Gr\u00e5 - H\u00fcbsch\" \/>\n<meta property=\"og:description\" content=\"Lunar Drikkeglas R\u00f8gfarve er det perfekte valg til ethvert hjem. Det er lavet af klart glas, s\u00e5 du kan nyde dine drikke lidt mere. Glaset er i en smuk\" \/>\n<meta property=\"og:url\" content=\"https:\/\/hubsch-interior.com\/da\/vare\/lunar-drikkeglas-gra\/\" \/>\n<meta property=\"og:site_name\" content=\"H\u00fcbsch\" \/>\n<meta property=\"article:modified_time\" content=\"2026-04-09T02:34:31+00:00\" \/>\n<meta property=\"og:image\" content=\"https:\/\/hubsch-interior.com\/wp-content\/uploads\/2025\/04\/lunar-drinking-glass-grey-c189b86539d5cdc31d7ba011ebc2ec79.jpg\" \/>\n\t<meta property=\"og:image:width\" content=\"1200\" \/>\n\t<meta property=\"og:image:height\" content=\"1200\" \/>\n\t<meta property=\"og:image:type\" content=\"image\/jpeg\" \/>\n<meta name=\"twitter:card\" content=\"summary_large_image\" \/>\n<script type=\"application\/ld+json\" class=\"yoast-schema-graph\">{\"@context\":\"https:\/\/schema.org\",\"@graph\":[{\"@type\":\"WebPage\",\"@id\":\"https:\/\/hubsch-interior.com\/da\/vare\/lunar-drikkeglas-gra\/\",\"url\":\"https:\/\/hubsch-interior.com\/da\/vare\/lunar-drikkeglas-gra\/\",\"name\":\"Lunar Drikkeglas Gr\u00e5 - H\u00fcbsch\",\"isPartOf\":{\"@id\":\"https:\/\/hubsch-interior.com\/da\/#website\"},\"primaryImageOfPage\":{\"@id\":\"https:\/\/hubsch-interior.com\/da\/vare\/lunar-drikkeglas-gra\/#primaryimage\"},\"image\":{\"@id\":\"https:\/\/hubsch-interior.com\/da\/vare\/lunar-drikkeglas-gra\/#primaryimage\"},\"thumbnailUrl\":\"https:\/\/hubsch-interior.com\/wp-content\/uploads\/2026\/02\/lunar-drinking-glass-grey-d43831eb7560e7e6d2c4be925cee0765.jpg\",\"datePublished\":\"2021-08-31T07:37:08+00:00\",\"dateModified\":\"2026-04-09T02:34:31+00:00\",\"description\":\"Lunar Drikkeglas R\u00f8gfarve er det perfekte valg til ethvert hjem. Det er lavet af klart glas, s\u00e5 du kan nyde dine drikke lidt mere. Glaset er i en smuk\",\"breadcrumb\":{\"@id\":\"https:\/\/hubsch-interior.com\/da\/vare\/lunar-drikkeglas-gra\/#breadcrumb\"},\"inLanguage\":\"da-DK\",\"potentialAction\":[{\"@type\":\"ReadAction\",\"target\":[\"https:\/\/hubsch-interior.com\/da\/vare\/lunar-drikkeglas-gra\/\"]}]},{\"@type\":\"ImageObject\",\"inLanguage\":\"da-DK\",\"@id\":\"https:\/\/hubsch-interior.com\/da\/vare\/lunar-drikkeglas-gra\/#primaryimage\",\"url\":\"https:\/\/hubsch-interior.com\/wp-content\/uploads\/2026\/02\/lunar-drinking-glass-grey-d43831eb7560e7e6d2c4be925cee0765.jpg\",\"contentUrl\":\"https:\/\/hubsch-interior.com\/wp-content\/uploads\/2026\/02\/lunar-drinking-glass-grey-d43831eb7560e7e6d2c4be925cee0765.jpg\",\"width\":1024,\"height\":1024},{\"@type\":\"BreadcrumbList\",\"@id\":\"https:\/\/hubsch-interior.com\/da\/vare\/lunar-drikkeglas-gra\/#breadcrumb\",\"itemListElement\":[{\"@type\":\"ListItem\",\"position\":1,\"name\":\"Forside\",\"item\":\"https:\/\/hubsch-interior.com\/da\/\"},{\"@type\":\"ListItem\",\"position\":2,\"name\":\"Produkter\",\"item\":\"https:\/\/hubsch-interior.com\/da\/produkter\/\"},{\"@type\":\"ListItem\",\"position\":3,\"name\":\"K\u00f8kken\",\"item\":\"https:\/\/hubsch-interior.com\/da\/vare-kategori\/koekken\/\"},{\"@type\":\"ListItem\",\"position\":4,\"name\":\"Bordservice\",\"item\":\"https:\/\/hubsch-interior.com\/da\/vare-kategori\/koekken\/bordservice-da-2\/\"},{\"@type\":\"ListItem\",\"position\":5,\"name\":\"Glas &amp; kander\",\"item\":\"https:\/\/hubsch-interior.com\/da\/vare-kategori\/koekken\/bordservice-da-2\/glas-kander-da\/\"},{\"@type\":\"ListItem\",\"position\":6,\"name\":\"Lunar Drikkeglas Gr\u00e5\"}]},{\"@type\":\"WebSite\",\"@id\":\"https:\/\/hubsch-interior.com\/da\/#website\",\"url\":\"https:\/\/hubsch-interior.com\/da\/\",\"name\":\"H\u00fcbsch\",\"description\":\"Danish Home Interior and Design\",\"publisher\":{\"@id\":\"https:\/\/hubsch-interior.com\/da\/#organization\"},\"potentialAction\":[{\"@type\":\"SearchAction\",\"target\":{\"@type\":\"EntryPoint\",\"urlTemplate\":\"https:\/\/hubsch-interior.com\/da\/?s={search_term_string}\"},\"query-input\":{\"@type\":\"PropertyValueSpecification\",\"valueRequired\":true,\"valueName\":\"search_term_string\"}}],\"inLanguage\":\"da-DK\"},{\"@type\":\"Organization\",\"@id\":\"https:\/\/hubsch-interior.com\/da\/#organization\",\"name\":\"H\u00fcbsch\",\"url\":\"https:\/\/hubsch-interior.com\/da\/\",\"logo\":{\"@type\":\"ImageObject\",\"inLanguage\":\"da-DK\",\"@id\":\"https:\/\/hubsch-interior.com\/da\/#\/schema\/logo\/image\/\",\"url\":\"https:\/\/hubsch-interior.com\/wp-content\/uploads\/2022\/12\/Hubsch_logo_black_one_line.svg\",\"contentUrl\":\"https:\/\/hubsch-interior.com\/wp-content\/uploads\/2022\/12\/Hubsch_logo_black_one_line.svg\",\"caption\":\"H\u00fcbsch\"},\"image\":{\"@id\":\"https:\/\/hubsch-interior.com\/da\/#\/schema\/logo\/image\/\"}}]}<\/script>\n<!-- \/ Yoast SEO plugin. -->","yoast_head_json":{"title":"Lunar Drikkeglas Gr\u00e5 - H\u00fcbsch","description":"Lunar Drikkeglas R\u00f8gfarve er det perfekte valg til ethvert hjem. Det er lavet af klart glas, s\u00e5 du kan nyde dine drikke lidt mere. Glaset er i en smuk","robots":{"index":"index","follow":"follow","max-snippet":"max-snippet:-1","max-image-preview":"max-image-preview:large","max-video-preview":"max-video-preview:-1"},"canonical":"https:\/\/hubsch-interior.com\/da\/wp-json\/wp\/v2\/product\/694392","og_locale":"da_DK","og_type":"article","og_title":"Lunar Drikkeglas Gr\u00e5 - H\u00fcbsch","og_description":"Lunar Drikkeglas R\u00f8gfarve er det perfekte valg til ethvert hjem. Det er lavet af klart glas, s\u00e5 du kan nyde dine drikke lidt mere. Glaset er i en smuk","og_url":"https:\/\/hubsch-interior.com\/da\/vare\/lunar-drikkeglas-gra\/","og_site_name":"H\u00fcbsch","article_modified_time":"2026-04-09T02:34:31+00:00","og_image":[{"width":1200,"height":1200,"url":"https:\/\/hubsch-interior.com\/wp-content\/uploads\/2025\/04\/lunar-drinking-glass-grey-c189b86539d5cdc31d7ba011ebc2ec79.jpg","type":"image\/jpeg"}],"twitter_card":"summary_large_image","schema":{"@context":"https:\/\/schema.org","@graph":[{"@type":"WebPage","@id":"https:\/\/hubsch-interior.com\/da\/vare\/lunar-drikkeglas-gra\/","url":"https:\/\/hubsch-interior.com\/da\/vare\/lunar-drikkeglas-gra\/","name":"Lunar Drikkeglas Gr\u00e5 - H\u00fcbsch","isPartOf":{"@id":"https:\/\/hubsch-interior.com\/da\/#website"},"primaryImageOfPage":{"@id":"https:\/\/hubsch-interior.com\/da\/vare\/lunar-drikkeglas-gra\/#primaryimage"},"image":{"@id":"https:\/\/hubsch-interior.com\/da\/vare\/lunar-drikkeglas-gra\/#primaryimage"},"thumbnailUrl":"https:\/\/hubsch-interior.com\/wp-content\/uploads\/2026\/02\/lunar-drinking-glass-grey-d43831eb7560e7e6d2c4be925cee0765.jpg","datePublished":"2021-08-31T07:37:08+00:00","dateModified":"2026-04-09T02:34:31+00:00","description":"Lunar Drikkeglas R\u00f8gfarve er det perfekte valg til ethvert hjem. Det er lavet af klart glas, s\u00e5 du kan nyde dine drikke lidt mere. Glaset er i en smuk","breadcrumb":{"@id":"https:\/\/hubsch-interior.com\/da\/vare\/lunar-drikkeglas-gra\/#breadcrumb"},"inLanguage":"da-DK","potentialAction":[{"@type":"ReadAction","target":["https:\/\/hubsch-interior.com\/da\/vare\/lunar-drikkeglas-gra\/"]}]},{"@type":"ImageObject","inLanguage":"da-DK","@id":"https:\/\/hubsch-interior.com\/da\/vare\/lunar-drikkeglas-gra\/#primaryimage","url":"https:\/\/hubsch-interior.com\/wp-content\/uploads\/2026\/02\/lunar-drinking-glass-grey-d43831eb7560e7e6d2c4be925cee0765.jpg","contentUrl":"https:\/\/hubsch-interior.com\/wp-content\/uploads\/2026\/02\/lunar-drinking-glass-grey-d43831eb7560e7e6d2c4be925cee0765.jpg","width":1024,"height":1024},{"@type":"BreadcrumbList","@id":"https:\/\/hubsch-interior.com\/da\/vare\/lunar-drikkeglas-gra\/#breadcrumb","itemListElement":[{"@type":"ListItem","position":1,"name":"Forside","item":"https:\/\/hubsch-interior.com\/da\/"},{"@type":"ListItem","position":2,"name":"Produkter","item":"https:\/\/hubsch-interior.com\/da\/produkter\/"},{"@type":"ListItem","position":3,"name":"K\u00f8kken","item":"https:\/\/hubsch-interior.com\/da\/vare-kategori\/koekken\/"},{"@type":"ListItem","position":4,"name":"Bordservice","item":"https:\/\/hubsch-interior.com\/da\/vare-kategori\/koekken\/bordservice-da-2\/"},{"@type":"ListItem","position":5,"name":"Glas &amp; kander","item":"https:\/\/hubsch-interior.com\/da\/vare-kategori\/koekken\/bordservice-da-2\/glas-kander-da\/"},{"@type":"ListItem","position":6,"name":"Lunar Drikkeglas Gr\u00e5"}]},{"@type":"WebSite","@id":"https:\/\/hubsch-interior.com\/da\/#website","url":"https:\/\/hubsch-interior.com\/da\/","name":"H\u00fcbsch","description":"Danish Home Interior and Design","publisher":{"@id":"https:\/\/hubsch-interior.com\/da\/#organization"},"potentialAction":[{"@type":"SearchAction","target":{"@type":"EntryPoint","urlTemplate":"https:\/\/hubsch-interior.com\/da\/?s={search_term_string}"},"query-input":{"@type":"PropertyValueSpecification","valueRequired":true,"valueName":"search_term_string"}}],"inLanguage":"da-DK"},{"@type":"Organization","@id":"https:\/\/hubsch-interior.com\/da\/#organization","name":"H\u00fcbsch","url":"https:\/\/hubsch-interior.com\/da\/","logo":{"@type":"ImageObject","inLanguage":"da-DK","@id":"https:\/\/hubsch-interior.com\/da\/#\/schema\/logo\/image\/","url":"https:\/\/hubsch-interior.com\/wp-content\/uploads\/2022\/12\/Hubsch_logo_black_one_line.svg","contentUrl":"https:\/\/hubsch-interior.com\/wp-content\/uploads\/2022\/12\/Hubsch_logo_black_one_line.svg","caption":"H\u00fcbsch"},"image":{"@id":"https:\/\/hubsch-interior.com\/da\/#\/schema\/logo\/image\/"}}]}},"_links":{"self":[{"href":"https:\/\/hubsch-interior.com\/da\/wp-json\/wp\/v2\/product\/694392","targetHints":{"allow":["GET"]}}],"collection":[{"href":"https:\/\/hubsch-interior.com\/da\/wp-json\/wp\/v2\/product"}],"about":[{"href":"https:\/\/hubsch-interior.com\/da\/wp-json\/wp\/v2\/types\/product"}],"wp:featuredmedia":[{"embeddable":true,"href":"https:\/\/hubsch-interior.com\/da\/wp-json\/wp\/v2\/media\/1098113"}],"wp:attachment":[{"href":"https:\/\/hubsch-interior.com\/da\/wp-json\/wp\/v2\/media?parent=694392"}],"wp:term":[{"taxonomy":"product_brand","embeddable":true,"href":"https:\/\/hubsch-interior.com\/da\/wp-json\/wp\/v2\/product_brand?post=694392"},{"taxonomy":"product_cat","embeddable":true,"href":"https:\/\/hubsch-interior.com\/da\/wp-json\/wp\/v2\/product_cat?post=694392"},{"taxonomy":"product_tag","embeddable":true,"href":"https:\/\/hubsch-interior.com\/da\/wp-json\/wp\/v2\/product_tag?post=694392"}],"curies":[{"name":"wp","href":"https:\/\/api.w.org\/{rel}","templated":true}]}}