{"id":694400,"date":"2021-08-31T09:37:12","date_gmt":"2021-08-31T07:37:12","guid":{"rendered":"https:\/\/hubsch-interior.com\/shop-b2c\/product\/product\/"},"modified":"2026-04-09T04:34:35","modified_gmt":"2026-04-09T02:34:35","slug":"lunar-drikkeglas-klar","status":"publish","type":"product","link":"https:\/\/hubsch-interior.com\/da\/vare\/lunar-drikkeglas-klar\/","title":{"rendered":"Lunar Drikkeglas Klar"},"content":{"rendered":"<p>Lunar Drikkeglas Klar fra vores producent er et smukt glas, der er lavet af h\u00f8j kvalitet glas. Det er en perfekt m\u00e5de at nyde din yndlingsdrik p\u00e5. Glaset har et flot, klart design, der g\u00f8r det let at se, hvad der er i glasset. Glaset har ogs\u00e5 et unikt, moderne udseende, der g\u00f8r det en \u00e6stetisk tilf\u00f8jelse til ethvert k\u00f8kken eller spisebord. Lunar Drikkeglas Klar er det perfekte glas til at nyde alle slags drikke.<\/p>\n","protected":false},"excerpt":{"rendered":"<p>Lunar Drikkeglas Klar fra vores producent er et smukt glas, der er lavet af h\u00f8j kvalitet glas. Det er en perfekt m\u00e5de at nyde din yndlingsdrik p\u00e5. Glaset har et flot, klart design, der g\u00f8r det let at se, hvad der er i glasset. Glaset har ogs\u00e5 et unikt, moderne udseende, der g\u00f8r det en [&hellip;]<\/p>\n","protected":false},"featured_media":1098117,"template":"","meta":{"_acf_changed":false,"inline_featured_image":false},"product_brand":[],"product_cat":[7025,7032,4051,4094,5025],"product_tag":[],"class_list":{"0":"post-694400","1":"product","2":"type-product","3":"status-publish","4":"has-post-thumbnail","6":"product_cat-bordservice-da-2","7":"product_cat-glas-kander-da","8":"product_cat-koekkentilbehoer-da","9":"product_cat-bordservice-da","10":"product_cat-bestsellers-da","11":"product_shipping_class-pk","13":"pa_color-klar","14":"pa_material-glas-da","16":"first","17":"instock","18":"featured","19":"taxable","20":"shipping-taxable","21":"purchasable","22":"product-type-simple"},"exclude_global_add_ons":[],"addons":[],"acf":[],"yoast_head":"<!-- This site is optimized with the Yoast SEO plugin v26.4 - https:\/\/yoast.com\/wordpress\/plugins\/seo\/ -->\n<title>Lunar Drikkeglas Klar - H\u00fcbsch<\/title>\n<meta name=\"description\" content=\"Lunar Drikkeglas Klar fra vores producent er et smukt glas, der er lavet af h\u00f8j kvalitet glas. Det er en perfekt m\u00e5de at nyde din yndlingsdrik p\u00e5. Glaset\" \/>\n<meta name=\"robots\" content=\"index, follow, max-snippet:-1, max-image-preview:large, max-video-preview:-1\" \/>\n<link rel=\"canonical\" href=\"https:\/\/hubsch-interior.com\/da\/wp-json\/wp\/v2\/product\/694400\" \/>\n<meta property=\"og:locale\" content=\"da_DK\" \/>\n<meta property=\"og:type\" content=\"article\" \/>\n<meta property=\"og:title\" content=\"Lunar Drikkeglas Klar - H\u00fcbsch\" \/>\n<meta property=\"og:description\" content=\"Lunar Drikkeglas Klar fra vores producent er et smukt glas, der er lavet af h\u00f8j kvalitet glas. Det er en perfekt m\u00e5de at nyde din yndlingsdrik p\u00e5. Glaset\" \/>\n<meta property=\"og:url\" content=\"https:\/\/hubsch-interior.com\/da\/vare\/lunar-drikkeglas-klar\/\" \/>\n<meta property=\"og:site_name\" content=\"H\u00fcbsch\" \/>\n<meta property=\"article:modified_time\" content=\"2026-04-09T02:34:35+00:00\" \/>\n<meta property=\"og:image\" content=\"https:\/\/hubsch-interior.com\/wp-content\/uploads\/2023\/08\/lunar-drinking-glass-clear-47684947806d5df421f1c8126f686ab3.jpg\" \/>\n\t<meta property=\"og:image:width\" content=\"1200\" \/>\n\t<meta property=\"og:image:height\" content=\"1200\" \/>\n\t<meta property=\"og:image:type\" content=\"image\/jpeg\" \/>\n<meta name=\"twitter:card\" content=\"summary_large_image\" \/>\n<script type=\"application\/ld+json\" class=\"yoast-schema-graph\">{\"@context\":\"https:\/\/schema.org\",\"@graph\":[{\"@type\":\"WebPage\",\"@id\":\"https:\/\/hubsch-interior.com\/da\/vare\/lunar-drikkeglas-klar\/\",\"url\":\"https:\/\/hubsch-interior.com\/da\/vare\/lunar-drikkeglas-klar\/\",\"name\":\"Lunar Drikkeglas Klar - H\u00fcbsch\",\"isPartOf\":{\"@id\":\"https:\/\/hubsch-interior.com\/da\/#website\"},\"primaryImageOfPage\":{\"@id\":\"https:\/\/hubsch-interior.com\/da\/vare\/lunar-drikkeglas-klar\/#primaryimage\"},\"image\":{\"@id\":\"https:\/\/hubsch-interior.com\/da\/vare\/lunar-drikkeglas-klar\/#primaryimage\"},\"thumbnailUrl\":\"https:\/\/hubsch-interior.com\/wp-content\/uploads\/2026\/02\/lunar-drinking-glass-clear-7fdf7b8961475b36147bce95b76f84f5.jpg\",\"datePublished\":\"2021-08-31T07:37:12+00:00\",\"dateModified\":\"2026-04-09T02:34:35+00:00\",\"description\":\"Lunar Drikkeglas Klar fra vores producent er et smukt glas, der er lavet af h\u00f8j kvalitet glas. Det er en perfekt m\u00e5de at nyde din yndlingsdrik p\u00e5. Glaset\",\"breadcrumb\":{\"@id\":\"https:\/\/hubsch-interior.com\/da\/vare\/lunar-drikkeglas-klar\/#breadcrumb\"},\"inLanguage\":\"da-DK\",\"potentialAction\":[{\"@type\":\"ReadAction\",\"target\":[\"https:\/\/hubsch-interior.com\/da\/vare\/lunar-drikkeglas-klar\/\"]}]},{\"@type\":\"ImageObject\",\"inLanguage\":\"da-DK\",\"@id\":\"https:\/\/hubsch-interior.com\/da\/vare\/lunar-drikkeglas-klar\/#primaryimage\",\"url\":\"https:\/\/hubsch-interior.com\/wp-content\/uploads\/2026\/02\/lunar-drinking-glass-clear-7fdf7b8961475b36147bce95b76f84f5.jpg\",\"contentUrl\":\"https:\/\/hubsch-interior.com\/wp-content\/uploads\/2026\/02\/lunar-drinking-glass-clear-7fdf7b8961475b36147bce95b76f84f5.jpg\",\"width\":1024,\"height\":1024},{\"@type\":\"BreadcrumbList\",\"@id\":\"https:\/\/hubsch-interior.com\/da\/vare\/lunar-drikkeglas-klar\/#breadcrumb\",\"itemListElement\":[{\"@type\":\"ListItem\",\"position\":1,\"name\":\"Forside\",\"item\":\"https:\/\/hubsch-interior.com\/da\/\"},{\"@type\":\"ListItem\",\"position\":2,\"name\":\"Produkter\",\"item\":\"https:\/\/hubsch-interior.com\/da\/produkter\/\"},{\"@type\":\"ListItem\",\"position\":3,\"name\":\"K\u00f8kken\",\"item\":\"https:\/\/hubsch-interior.com\/da\/vare-kategori\/koekken\/\"},{\"@type\":\"ListItem\",\"position\":4,\"name\":\"Bordservice\",\"item\":\"https:\/\/hubsch-interior.com\/da\/vare-kategori\/koekken\/bordservice-da-2\/\"},{\"@type\":\"ListItem\",\"position\":5,\"name\":\"Glas &amp; kander\",\"item\":\"https:\/\/hubsch-interior.com\/da\/vare-kategori\/koekken\/bordservice-da-2\/glas-kander-da\/\"},{\"@type\":\"ListItem\",\"position\":6,\"name\":\"Lunar Drikkeglas Klar\"}]},{\"@type\":\"WebSite\",\"@id\":\"https:\/\/hubsch-interior.com\/da\/#website\",\"url\":\"https:\/\/hubsch-interior.com\/da\/\",\"name\":\"H\u00fcbsch\",\"description\":\"Danish Home Interior and Design\",\"publisher\":{\"@id\":\"https:\/\/hubsch-interior.com\/da\/#organization\"},\"potentialAction\":[{\"@type\":\"SearchAction\",\"target\":{\"@type\":\"EntryPoint\",\"urlTemplate\":\"https:\/\/hubsch-interior.com\/da\/?s={search_term_string}\"},\"query-input\":{\"@type\":\"PropertyValueSpecification\",\"valueRequired\":true,\"valueName\":\"search_term_string\"}}],\"inLanguage\":\"da-DK\"},{\"@type\":\"Organization\",\"@id\":\"https:\/\/hubsch-interior.com\/da\/#organization\",\"name\":\"H\u00fcbsch\",\"url\":\"https:\/\/hubsch-interior.com\/da\/\",\"logo\":{\"@type\":\"ImageObject\",\"inLanguage\":\"da-DK\",\"@id\":\"https:\/\/hubsch-interior.com\/da\/#\/schema\/logo\/image\/\",\"url\":\"https:\/\/hubsch-interior.com\/wp-content\/uploads\/2022\/12\/Hubsch_logo_black_one_line.svg\",\"contentUrl\":\"https:\/\/hubsch-interior.com\/wp-content\/uploads\/2022\/12\/Hubsch_logo_black_one_line.svg\",\"caption\":\"H\u00fcbsch\"},\"image\":{\"@id\":\"https:\/\/hubsch-interior.com\/da\/#\/schema\/logo\/image\/\"}}]}<\/script>\n<!-- \/ Yoast SEO plugin. -->","yoast_head_json":{"title":"Lunar Drikkeglas Klar - H\u00fcbsch","description":"Lunar Drikkeglas Klar fra vores producent er et smukt glas, der er lavet af h\u00f8j kvalitet glas. Det er en perfekt m\u00e5de at nyde din yndlingsdrik p\u00e5. Glaset","robots":{"index":"index","follow":"follow","max-snippet":"max-snippet:-1","max-image-preview":"max-image-preview:large","max-video-preview":"max-video-preview:-1"},"canonical":"https:\/\/hubsch-interior.com\/da\/wp-json\/wp\/v2\/product\/694400","og_locale":"da_DK","og_type":"article","og_title":"Lunar Drikkeglas Klar - H\u00fcbsch","og_description":"Lunar Drikkeglas Klar fra vores producent er et smukt glas, der er lavet af h\u00f8j kvalitet glas. Det er en perfekt m\u00e5de at nyde din yndlingsdrik p\u00e5. Glaset","og_url":"https:\/\/hubsch-interior.com\/da\/vare\/lunar-drikkeglas-klar\/","og_site_name":"H\u00fcbsch","article_modified_time":"2026-04-09T02:34:35+00:00","og_image":[{"width":1200,"height":1200,"url":"https:\/\/hubsch-interior.com\/wp-content\/uploads\/2023\/08\/lunar-drinking-glass-clear-47684947806d5df421f1c8126f686ab3.jpg","type":"image\/jpeg"}],"twitter_card":"summary_large_image","schema":{"@context":"https:\/\/schema.org","@graph":[{"@type":"WebPage","@id":"https:\/\/hubsch-interior.com\/da\/vare\/lunar-drikkeglas-klar\/","url":"https:\/\/hubsch-interior.com\/da\/vare\/lunar-drikkeglas-klar\/","name":"Lunar Drikkeglas Klar - H\u00fcbsch","isPartOf":{"@id":"https:\/\/hubsch-interior.com\/da\/#website"},"primaryImageOfPage":{"@id":"https:\/\/hubsch-interior.com\/da\/vare\/lunar-drikkeglas-klar\/#primaryimage"},"image":{"@id":"https:\/\/hubsch-interior.com\/da\/vare\/lunar-drikkeglas-klar\/#primaryimage"},"thumbnailUrl":"https:\/\/hubsch-interior.com\/wp-content\/uploads\/2026\/02\/lunar-drinking-glass-clear-7fdf7b8961475b36147bce95b76f84f5.jpg","datePublished":"2021-08-31T07:37:12+00:00","dateModified":"2026-04-09T02:34:35+00:00","description":"Lunar Drikkeglas Klar fra vores producent er et smukt glas, der er lavet af h\u00f8j kvalitet glas. Det er en perfekt m\u00e5de at nyde din yndlingsdrik p\u00e5. Glaset","breadcrumb":{"@id":"https:\/\/hubsch-interior.com\/da\/vare\/lunar-drikkeglas-klar\/#breadcrumb"},"inLanguage":"da-DK","potentialAction":[{"@type":"ReadAction","target":["https:\/\/hubsch-interior.com\/da\/vare\/lunar-drikkeglas-klar\/"]}]},{"@type":"ImageObject","inLanguage":"da-DK","@id":"https:\/\/hubsch-interior.com\/da\/vare\/lunar-drikkeglas-klar\/#primaryimage","url":"https:\/\/hubsch-interior.com\/wp-content\/uploads\/2026\/02\/lunar-drinking-glass-clear-7fdf7b8961475b36147bce95b76f84f5.jpg","contentUrl":"https:\/\/hubsch-interior.com\/wp-content\/uploads\/2026\/02\/lunar-drinking-glass-clear-7fdf7b8961475b36147bce95b76f84f5.jpg","width":1024,"height":1024},{"@type":"BreadcrumbList","@id":"https:\/\/hubsch-interior.com\/da\/vare\/lunar-drikkeglas-klar\/#breadcrumb","itemListElement":[{"@type":"ListItem","position":1,"name":"Forside","item":"https:\/\/hubsch-interior.com\/da\/"},{"@type":"ListItem","position":2,"name":"Produkter","item":"https:\/\/hubsch-interior.com\/da\/produkter\/"},{"@type":"ListItem","position":3,"name":"K\u00f8kken","item":"https:\/\/hubsch-interior.com\/da\/vare-kategori\/koekken\/"},{"@type":"ListItem","position":4,"name":"Bordservice","item":"https:\/\/hubsch-interior.com\/da\/vare-kategori\/koekken\/bordservice-da-2\/"},{"@type":"ListItem","position":5,"name":"Glas &amp; kander","item":"https:\/\/hubsch-interior.com\/da\/vare-kategori\/koekken\/bordservice-da-2\/glas-kander-da\/"},{"@type":"ListItem","position":6,"name":"Lunar Drikkeglas Klar"}]},{"@type":"WebSite","@id":"https:\/\/hubsch-interior.com\/da\/#website","url":"https:\/\/hubsch-interior.com\/da\/","name":"H\u00fcbsch","description":"Danish Home Interior and Design","publisher":{"@id":"https:\/\/hubsch-interior.com\/da\/#organization"},"potentialAction":[{"@type":"SearchAction","target":{"@type":"EntryPoint","urlTemplate":"https:\/\/hubsch-interior.com\/da\/?s={search_term_string}"},"query-input":{"@type":"PropertyValueSpecification","valueRequired":true,"valueName":"search_term_string"}}],"inLanguage":"da-DK"},{"@type":"Organization","@id":"https:\/\/hubsch-interior.com\/da\/#organization","name":"H\u00fcbsch","url":"https:\/\/hubsch-interior.com\/da\/","logo":{"@type":"ImageObject","inLanguage":"da-DK","@id":"https:\/\/hubsch-interior.com\/da\/#\/schema\/logo\/image\/","url":"https:\/\/hubsch-interior.com\/wp-content\/uploads\/2022\/12\/Hubsch_logo_black_one_line.svg","contentUrl":"https:\/\/hubsch-interior.com\/wp-content\/uploads\/2022\/12\/Hubsch_logo_black_one_line.svg","caption":"H\u00fcbsch"},"image":{"@id":"https:\/\/hubsch-interior.com\/da\/#\/schema\/logo\/image\/"}}]}},"_links":{"self":[{"href":"https:\/\/hubsch-interior.com\/da\/wp-json\/wp\/v2\/product\/694400","targetHints":{"allow":["GET"]}}],"collection":[{"href":"https:\/\/hubsch-interior.com\/da\/wp-json\/wp\/v2\/product"}],"about":[{"href":"https:\/\/hubsch-interior.com\/da\/wp-json\/wp\/v2\/types\/product"}],"wp:featuredmedia":[{"embeddable":true,"href":"https:\/\/hubsch-interior.com\/da\/wp-json\/wp\/v2\/media\/1098117"}],"wp:attachment":[{"href":"https:\/\/hubsch-interior.com\/da\/wp-json\/wp\/v2\/media?parent=694400"}],"wp:term":[{"taxonomy":"product_brand","embeddable":true,"href":"https:\/\/hubsch-interior.com\/da\/wp-json\/wp\/v2\/product_brand?post=694400"},{"taxonomy":"product_cat","embeddable":true,"href":"https:\/\/hubsch-interior.com\/da\/wp-json\/wp\/v2\/product_cat?post=694400"},{"taxonomy":"product_tag","embeddable":true,"href":"https:\/\/hubsch-interior.com\/da\/wp-json\/wp\/v2\/product_tag?post=694400"}],"curies":[{"name":"wp","href":"https:\/\/api.w.org\/{rel}","templated":true}]}}