{"id":694588,"date":"2021-08-31T09:41:26","date_gmt":"2021-08-31T07:41:26","guid":{"rendered":"https:\/\/hubsch-interior.com\/shop-b2c\/product\/product\/"},"modified":"2026-04-10T04:40:26","modified_gmt":"2026-04-10T02:40:26","slug":"loft-ramme-kaede-large-sort","status":"publish","type":"product","link":"https:\/\/hubsch-interior.com\/da\/vare\/loft-ramme-kaede-large-sort\/","title":{"rendered":"Loft Ramme K\u00e6de Large Sort"},"content":{"rendered":"<p>Loft Ramme K\u00e6de Large Sort fra [Brand] giver en moderne og stilfuld look til ethvert hjem. Det er lavet af holdbare materialer, herunder glas og metal, der giver det et elegant finish. Det har en stor st\u00f8rrelse, der g\u00f8r det ideelt til at h\u00e6nge p\u00e5 v\u00e6ggen. Dette produkt er perfekt til at skabe en kunstnerisk og moderne atmosf\u00e6re indend\u00f8rs. Tilf\u00f8j det til dit hjem og skab en smuk og stilfuld plads.<\/p>\n","protected":false},"excerpt":{"rendered":"<p>Loft Ramme K\u00e6de Large Sort fra [Brand] giver en moderne og stilfuld look til ethvert hjem. Det er lavet af holdbare materialer, herunder glas og metal, der giver det et elegant finish. Det har en stor st\u00f8rrelse, der g\u00f8r det ideelt til at h\u00e6nge p\u00e5 v\u00e6ggen. Dette produkt er perfekt til at skabe en kunstnerisk [&hellip;]<\/p>\n","protected":false},"featured_media":1099759,"template":"","meta":{"_acf_changed":false,"inline_featured_image":false},"product_brand":[],"product_cat":[5025,4935,3114],"product_tag":[],"class_list":{"0":"post-694588","1":"product","2":"type-product","3":"status-publish","4":"has-post-thumbnail","6":"product_cat-bestsellers-da","7":"product_cat-rammer-da","8":"product_cat-vaegdekoration-da","9":"product_shipping_class-pk","11":"pa_color-sort","12":"pa_material-glas-da","13":"pa_material-jern-da","15":"first","16":"instock","17":"featured","18":"taxable","19":"shipping-taxable","20":"purchasable","21":"product-type-simple"},"exclude_global_add_ons":[],"addons":[],"acf":[],"yoast_head":"<!-- This site is optimized with the Yoast SEO plugin v26.4 - https:\/\/yoast.com\/wordpress\/plugins\/seo\/ -->\n<title>Loft Ramme K\u00e6de Large Sort - H\u00fcbsch<\/title>\n<meta name=\"description\" content=\"Loft Ramme K\u00e6de Large Sort fra giver en moderne og stilfuld look til ethvert hjem. Det er lavet af holdbare materialer, herunder glas og metal, der giver\" \/>\n<meta name=\"robots\" content=\"index, follow, max-snippet:-1, max-image-preview:large, max-video-preview:-1\" \/>\n<link rel=\"canonical\" href=\"https:\/\/hubsch-interior.com\/da\/wp-json\/wp\/v2\/product\/694588\" \/>\n<meta property=\"og:locale\" content=\"da_DK\" \/>\n<meta property=\"og:type\" content=\"article\" \/>\n<meta property=\"og:title\" content=\"Loft Ramme K\u00e6de Large Sort - H\u00fcbsch\" \/>\n<meta property=\"og:description\" content=\"Loft Ramme K\u00e6de Large Sort fra giver en moderne og stilfuld look til ethvert hjem. Det er lavet af holdbare materialer, herunder glas og metal, der giver\" \/>\n<meta property=\"og:url\" content=\"https:\/\/hubsch-interior.com\/da\/vare\/loft-ramme-kaede-large-sort\/\" \/>\n<meta property=\"og:site_name\" content=\"H\u00fcbsch\" \/>\n<meta property=\"article:modified_time\" content=\"2026-04-10T02:40:26+00:00\" \/>\n<meta property=\"og:image\" content=\"https:\/\/hubsch-interior.com\/wp-content\/uploads\/2024\/01\/loft-frame-chained-large-black-5b196f9dd3ea1d3645a1071d9b6be85f.jpg\" \/>\n\t<meta property=\"og:image:width\" content=\"1200\" \/>\n\t<meta property=\"og:image:height\" content=\"1200\" \/>\n\t<meta property=\"og:image:type\" content=\"image\/jpeg\" \/>\n<meta name=\"twitter:card\" content=\"summary_large_image\" \/>\n<script type=\"application\/ld+json\" class=\"yoast-schema-graph\">{\"@context\":\"https:\/\/schema.org\",\"@graph\":[{\"@type\":\"WebPage\",\"@id\":\"https:\/\/hubsch-interior.com\/da\/vare\/loft-ramme-kaede-large-sort\/\",\"url\":\"https:\/\/hubsch-interior.com\/da\/vare\/loft-ramme-kaede-large-sort\/\",\"name\":\"Loft Ramme K\u00e6de Large Sort - H\u00fcbsch\",\"isPartOf\":{\"@id\":\"https:\/\/hubsch-interior.com\/da\/#website\"},\"primaryImageOfPage\":{\"@id\":\"https:\/\/hubsch-interior.com\/da\/vare\/loft-ramme-kaede-large-sort\/#primaryimage\"},\"image\":{\"@id\":\"https:\/\/hubsch-interior.com\/da\/vare\/loft-ramme-kaede-large-sort\/#primaryimage\"},\"thumbnailUrl\":\"https:\/\/hubsch-interior.com\/wp-content\/uploads\/2026\/02\/loft-frame-chained-large-black-b4843a3d8efc774af6c57a9a5b61020a.jpg\",\"datePublished\":\"2021-08-31T07:41:26+00:00\",\"dateModified\":\"2026-04-10T02:40:26+00:00\",\"description\":\"Loft Ramme K\u00e6de Large Sort fra giver en moderne og stilfuld look til ethvert hjem. Det er lavet af holdbare materialer, herunder glas og metal, der giver\",\"breadcrumb\":{\"@id\":\"https:\/\/hubsch-interior.com\/da\/vare\/loft-ramme-kaede-large-sort\/#breadcrumb\"},\"inLanguage\":\"da-DK\",\"potentialAction\":[{\"@type\":\"ReadAction\",\"target\":[\"https:\/\/hubsch-interior.com\/da\/vare\/loft-ramme-kaede-large-sort\/\"]}]},{\"@type\":\"ImageObject\",\"inLanguage\":\"da-DK\",\"@id\":\"https:\/\/hubsch-interior.com\/da\/vare\/loft-ramme-kaede-large-sort\/#primaryimage\",\"url\":\"https:\/\/hubsch-interior.com\/wp-content\/uploads\/2026\/02\/loft-frame-chained-large-black-b4843a3d8efc774af6c57a9a5b61020a.jpg\",\"contentUrl\":\"https:\/\/hubsch-interior.com\/wp-content\/uploads\/2026\/02\/loft-frame-chained-large-black-b4843a3d8efc774af6c57a9a5b61020a.jpg\",\"width\":1024,\"height\":1024},{\"@type\":\"BreadcrumbList\",\"@id\":\"https:\/\/hubsch-interior.com\/da\/vare\/loft-ramme-kaede-large-sort\/#breadcrumb\",\"itemListElement\":[{\"@type\":\"ListItem\",\"position\":1,\"name\":\"Forside\",\"item\":\"https:\/\/hubsch-interior.com\/da\/\"},{\"@type\":\"ListItem\",\"position\":2,\"name\":\"Produkter\",\"item\":\"https:\/\/hubsch-interior.com\/da\/produkter\/\"},{\"@type\":\"ListItem\",\"position\":3,\"name\":\"Boligtilbeh\u00f8r\",\"item\":\"https:\/\/hubsch-interior.com\/da\/vare-kategori\/boligtilbehor\/\"},{\"@type\":\"ListItem\",\"position\":4,\"name\":\"V&aelig;gdekoration\",\"item\":\"https:\/\/hubsch-interior.com\/da\/vare-kategori\/boligtilbehor\/vaegdekoration-da\/\"},{\"@type\":\"ListItem\",\"position\":5,\"name\":\"Rammer\",\"item\":\"https:\/\/hubsch-interior.com\/da\/vare-kategori\/boligtilbehor\/vaegdekoration-da\/rammer-da\/\"},{\"@type\":\"ListItem\",\"position\":6,\"name\":\"Loft Ramme K\u00e6de Large Sort\"}]},{\"@type\":\"WebSite\",\"@id\":\"https:\/\/hubsch-interior.com\/da\/#website\",\"url\":\"https:\/\/hubsch-interior.com\/da\/\",\"name\":\"H\u00fcbsch\",\"description\":\"Danish Home Interior and Design\",\"publisher\":{\"@id\":\"https:\/\/hubsch-interior.com\/da\/#organization\"},\"potentialAction\":[{\"@type\":\"SearchAction\",\"target\":{\"@type\":\"EntryPoint\",\"urlTemplate\":\"https:\/\/hubsch-interior.com\/da\/?s={search_term_string}\"},\"query-input\":{\"@type\":\"PropertyValueSpecification\",\"valueRequired\":true,\"valueName\":\"search_term_string\"}}],\"inLanguage\":\"da-DK\"},{\"@type\":\"Organization\",\"@id\":\"https:\/\/hubsch-interior.com\/da\/#organization\",\"name\":\"H\u00fcbsch\",\"url\":\"https:\/\/hubsch-interior.com\/da\/\",\"logo\":{\"@type\":\"ImageObject\",\"inLanguage\":\"da-DK\",\"@id\":\"https:\/\/hubsch-interior.com\/da\/#\/schema\/logo\/image\/\",\"url\":\"https:\/\/hubsch-interior.com\/wp-content\/uploads\/2022\/12\/Hubsch_logo_black_one_line.svg\",\"contentUrl\":\"https:\/\/hubsch-interior.com\/wp-content\/uploads\/2022\/12\/Hubsch_logo_black_one_line.svg\",\"caption\":\"H\u00fcbsch\"},\"image\":{\"@id\":\"https:\/\/hubsch-interior.com\/da\/#\/schema\/logo\/image\/\"}}]}<\/script>\n<!-- \/ Yoast SEO plugin. -->","yoast_head_json":{"title":"Loft Ramme K\u00e6de Large Sort - H\u00fcbsch","description":"Loft Ramme K\u00e6de Large Sort fra giver en moderne og stilfuld look til ethvert hjem. Det er lavet af holdbare materialer, herunder glas og metal, der giver","robots":{"index":"index","follow":"follow","max-snippet":"max-snippet:-1","max-image-preview":"max-image-preview:large","max-video-preview":"max-video-preview:-1"},"canonical":"https:\/\/hubsch-interior.com\/da\/wp-json\/wp\/v2\/product\/694588","og_locale":"da_DK","og_type":"article","og_title":"Loft Ramme K\u00e6de Large Sort - H\u00fcbsch","og_description":"Loft Ramme K\u00e6de Large Sort fra giver en moderne og stilfuld look til ethvert hjem. Det er lavet af holdbare materialer, herunder glas og metal, der giver","og_url":"https:\/\/hubsch-interior.com\/da\/vare\/loft-ramme-kaede-large-sort\/","og_site_name":"H\u00fcbsch","article_modified_time":"2026-04-10T02:40:26+00:00","og_image":[{"width":1200,"height":1200,"url":"https:\/\/hubsch-interior.com\/wp-content\/uploads\/2024\/01\/loft-frame-chained-large-black-5b196f9dd3ea1d3645a1071d9b6be85f.jpg","type":"image\/jpeg"}],"twitter_card":"summary_large_image","schema":{"@context":"https:\/\/schema.org","@graph":[{"@type":"WebPage","@id":"https:\/\/hubsch-interior.com\/da\/vare\/loft-ramme-kaede-large-sort\/","url":"https:\/\/hubsch-interior.com\/da\/vare\/loft-ramme-kaede-large-sort\/","name":"Loft Ramme K\u00e6de Large Sort - H\u00fcbsch","isPartOf":{"@id":"https:\/\/hubsch-interior.com\/da\/#website"},"primaryImageOfPage":{"@id":"https:\/\/hubsch-interior.com\/da\/vare\/loft-ramme-kaede-large-sort\/#primaryimage"},"image":{"@id":"https:\/\/hubsch-interior.com\/da\/vare\/loft-ramme-kaede-large-sort\/#primaryimage"},"thumbnailUrl":"https:\/\/hubsch-interior.com\/wp-content\/uploads\/2026\/02\/loft-frame-chained-large-black-b4843a3d8efc774af6c57a9a5b61020a.jpg","datePublished":"2021-08-31T07:41:26+00:00","dateModified":"2026-04-10T02:40:26+00:00","description":"Loft Ramme K\u00e6de Large Sort fra giver en moderne og stilfuld look til ethvert hjem. Det er lavet af holdbare materialer, herunder glas og metal, der giver","breadcrumb":{"@id":"https:\/\/hubsch-interior.com\/da\/vare\/loft-ramme-kaede-large-sort\/#breadcrumb"},"inLanguage":"da-DK","potentialAction":[{"@type":"ReadAction","target":["https:\/\/hubsch-interior.com\/da\/vare\/loft-ramme-kaede-large-sort\/"]}]},{"@type":"ImageObject","inLanguage":"da-DK","@id":"https:\/\/hubsch-interior.com\/da\/vare\/loft-ramme-kaede-large-sort\/#primaryimage","url":"https:\/\/hubsch-interior.com\/wp-content\/uploads\/2026\/02\/loft-frame-chained-large-black-b4843a3d8efc774af6c57a9a5b61020a.jpg","contentUrl":"https:\/\/hubsch-interior.com\/wp-content\/uploads\/2026\/02\/loft-frame-chained-large-black-b4843a3d8efc774af6c57a9a5b61020a.jpg","width":1024,"height":1024},{"@type":"BreadcrumbList","@id":"https:\/\/hubsch-interior.com\/da\/vare\/loft-ramme-kaede-large-sort\/#breadcrumb","itemListElement":[{"@type":"ListItem","position":1,"name":"Forside","item":"https:\/\/hubsch-interior.com\/da\/"},{"@type":"ListItem","position":2,"name":"Produkter","item":"https:\/\/hubsch-interior.com\/da\/produkter\/"},{"@type":"ListItem","position":3,"name":"Boligtilbeh\u00f8r","item":"https:\/\/hubsch-interior.com\/da\/vare-kategori\/boligtilbehor\/"},{"@type":"ListItem","position":4,"name":"V&aelig;gdekoration","item":"https:\/\/hubsch-interior.com\/da\/vare-kategori\/boligtilbehor\/vaegdekoration-da\/"},{"@type":"ListItem","position":5,"name":"Rammer","item":"https:\/\/hubsch-interior.com\/da\/vare-kategori\/boligtilbehor\/vaegdekoration-da\/rammer-da\/"},{"@type":"ListItem","position":6,"name":"Loft Ramme K\u00e6de Large Sort"}]},{"@type":"WebSite","@id":"https:\/\/hubsch-interior.com\/da\/#website","url":"https:\/\/hubsch-interior.com\/da\/","name":"H\u00fcbsch","description":"Danish Home Interior and Design","publisher":{"@id":"https:\/\/hubsch-interior.com\/da\/#organization"},"potentialAction":[{"@type":"SearchAction","target":{"@type":"EntryPoint","urlTemplate":"https:\/\/hubsch-interior.com\/da\/?s={search_term_string}"},"query-input":{"@type":"PropertyValueSpecification","valueRequired":true,"valueName":"search_term_string"}}],"inLanguage":"da-DK"},{"@type":"Organization","@id":"https:\/\/hubsch-interior.com\/da\/#organization","name":"H\u00fcbsch","url":"https:\/\/hubsch-interior.com\/da\/","logo":{"@type":"ImageObject","inLanguage":"da-DK","@id":"https:\/\/hubsch-interior.com\/da\/#\/schema\/logo\/image\/","url":"https:\/\/hubsch-interior.com\/wp-content\/uploads\/2022\/12\/Hubsch_logo_black_one_line.svg","contentUrl":"https:\/\/hubsch-interior.com\/wp-content\/uploads\/2022\/12\/Hubsch_logo_black_one_line.svg","caption":"H\u00fcbsch"},"image":{"@id":"https:\/\/hubsch-interior.com\/da\/#\/schema\/logo\/image\/"}}]}},"_links":{"self":[{"href":"https:\/\/hubsch-interior.com\/da\/wp-json\/wp\/v2\/product\/694588","targetHints":{"allow":["GET"]}}],"collection":[{"href":"https:\/\/hubsch-interior.com\/da\/wp-json\/wp\/v2\/product"}],"about":[{"href":"https:\/\/hubsch-interior.com\/da\/wp-json\/wp\/v2\/types\/product"}],"wp:featuredmedia":[{"embeddable":true,"href":"https:\/\/hubsch-interior.com\/da\/wp-json\/wp\/v2\/media\/1099759"}],"wp:attachment":[{"href":"https:\/\/hubsch-interior.com\/da\/wp-json\/wp\/v2\/media?parent=694588"}],"wp:term":[{"taxonomy":"product_brand","embeddable":true,"href":"https:\/\/hubsch-interior.com\/da\/wp-json\/wp\/v2\/product_brand?post=694588"},{"taxonomy":"product_cat","embeddable":true,"href":"https:\/\/hubsch-interior.com\/da\/wp-json\/wp\/v2\/product_cat?post=694588"},{"taxonomy":"product_tag","embeddable":true,"href":"https:\/\/hubsch-interior.com\/da\/wp-json\/wp\/v2\/product_tag?post=694588"}],"curies":[{"name":"wp","href":"https:\/\/api.w.org\/{rel}","templated":true}]}}