{"id":694668,"date":"2021-08-31T09:42:49","date_gmt":"2021-08-31T07:42:49","guid":{"rendered":"https:\/\/hubsch-interior.com\/shop-b2c\/product\/product\/"},"modified":"2026-04-09T04:41:09","modified_gmt":"2026-04-09T02:41:09","slug":"rhomb-taeppe-hvid-burgundy","status":"publish","type":"product","link":"https:\/\/hubsch-interior.com\/da\/vare\/rhomb-taeppe-hvid-burgundy\/","title":{"rendered":"Rhomb T\u00e6ppe Hvid\/Burgundy"},"content":{"rendered":"<p>T\u00e6ppe, v\u00e6vet, genbrugsgarn, hvid\/gr\u00e5\/bordeaux<\/p>\n","protected":false},"excerpt":{"rendered":"<p>T\u00e6ppe, v\u00e6vet, genbrugsgarn, hvid\/gr\u00e5\/bordeaux<\/p>\n","protected":false},"featured_media":1099939,"template":"","meta":{"_acf_changed":false,"inline_featured_image":false},"product_brand":[],"product_cat":[3000,3323,5025],"product_tag":[],"class_list":{"0":"post-694668","1":"product","2":"type-product","3":"status-publish","4":"has-post-thumbnail","6":"product_cat-tekstiler","7":"product_cat-taepper-da","8":"product_cat-bestsellers-da","9":"product_shipping_class-pk","11":"pa_color-burgundy-da","12":"pa_color-hvid","13":"pa_material-polyester-100-da","15":"first","16":"instock","17":"featured","18":"taxable","19":"shipping-taxable","20":"purchasable","21":"product-type-simple"},"exclude_global_add_ons":[],"addons":[],"acf":[],"yoast_head":"<!-- This site is optimized with the Yoast SEO plugin v26.4 - https:\/\/yoast.com\/wordpress\/plugins\/seo\/ -->\n<title>Rhomb T\u00e6ppe Hvid\/Burgundy - H\u00fcbsch<\/title>\n<meta name=\"description\" content=\"T\u00e6ppe, v\u00e6vet, genbrugsgarn, hvid\/gr\u00e5\/bordeaux\" \/>\n<meta name=\"robots\" content=\"index, follow, max-snippet:-1, max-image-preview:large, max-video-preview:-1\" \/>\n<link rel=\"canonical\" href=\"https:\/\/hubsch-interior.com\/da\/wp-json\/wp\/v2\/product\/694668\" \/>\n<meta property=\"og:locale\" content=\"da_DK\" \/>\n<meta property=\"og:type\" content=\"article\" \/>\n<meta property=\"og:title\" content=\"Rhomb T\u00e6ppe Hvid\/Burgundy - H\u00fcbsch\" \/>\n<meta property=\"og:description\" content=\"T\u00e6ppe, v\u00e6vet, genbrugsgarn, hvid\/gr\u00e5\/bordeaux\" \/>\n<meta property=\"og:url\" content=\"https:\/\/hubsch-interior.com\/da\/vare\/rhomb-taeppe-hvid-burgundy\/\" \/>\n<meta property=\"og:site_name\" content=\"H\u00fcbsch\" \/>\n<meta property=\"article:modified_time\" content=\"2026-04-09T02:41:09+00:00\" \/>\n<meta property=\"og:image\" content=\"https:\/\/hubsch-interior.com\/wp-content\/uploads\/2024\/01\/rhomb-rug-whiteburgundy-bf7a9d18477466e1115396e9f3fde5c1.jpg\" \/>\n\t<meta property=\"og:image:width\" content=\"1200\" \/>\n\t<meta property=\"og:image:height\" content=\"1200\" \/>\n\t<meta property=\"og:image:type\" content=\"image\/jpeg\" \/>\n<meta name=\"twitter:card\" content=\"summary_large_image\" \/>\n<script type=\"application\/ld+json\" class=\"yoast-schema-graph\">{\"@context\":\"https:\/\/schema.org\",\"@graph\":[{\"@type\":\"WebPage\",\"@id\":\"https:\/\/hubsch-interior.com\/da\/vare\/rhomb-taeppe-hvid-burgundy\/\",\"url\":\"https:\/\/hubsch-interior.com\/da\/vare\/rhomb-taeppe-hvid-burgundy\/\",\"name\":\"Rhomb T\u00e6ppe Hvid\/Burgundy - H\u00fcbsch\",\"isPartOf\":{\"@id\":\"https:\/\/hubsch-interior.com\/da\/#website\"},\"primaryImageOfPage\":{\"@id\":\"https:\/\/hubsch-interior.com\/da\/vare\/rhomb-taeppe-hvid-burgundy\/#primaryimage\"},\"image\":{\"@id\":\"https:\/\/hubsch-interior.com\/da\/vare\/rhomb-taeppe-hvid-burgundy\/#primaryimage\"},\"thumbnailUrl\":\"https:\/\/hubsch-interior.com\/wp-content\/uploads\/2026\/02\/rhomb-rug-whiteburgundy-5498d76a9f065c5cbf2f94968f68baff.jpg\",\"datePublished\":\"2021-08-31T07:42:49+00:00\",\"dateModified\":\"2026-04-09T02:41:09+00:00\",\"description\":\"T\u00e6ppe, v\u00e6vet, genbrugsgarn, hvid\/gr\u00e5\/bordeaux\",\"breadcrumb\":{\"@id\":\"https:\/\/hubsch-interior.com\/da\/vare\/rhomb-taeppe-hvid-burgundy\/#breadcrumb\"},\"inLanguage\":\"da-DK\",\"potentialAction\":[{\"@type\":\"ReadAction\",\"target\":[\"https:\/\/hubsch-interior.com\/da\/vare\/rhomb-taeppe-hvid-burgundy\/\"]}]},{\"@type\":\"ImageObject\",\"inLanguage\":\"da-DK\",\"@id\":\"https:\/\/hubsch-interior.com\/da\/vare\/rhomb-taeppe-hvid-burgundy\/#primaryimage\",\"url\":\"https:\/\/hubsch-interior.com\/wp-content\/uploads\/2026\/02\/rhomb-rug-whiteburgundy-5498d76a9f065c5cbf2f94968f68baff.jpg\",\"contentUrl\":\"https:\/\/hubsch-interior.com\/wp-content\/uploads\/2026\/02\/rhomb-rug-whiteburgundy-5498d76a9f065c5cbf2f94968f68baff.jpg\",\"width\":1024,\"height\":1024},{\"@type\":\"BreadcrumbList\",\"@id\":\"https:\/\/hubsch-interior.com\/da\/vare\/rhomb-taeppe-hvid-burgundy\/#breadcrumb\",\"itemListElement\":[{\"@type\":\"ListItem\",\"position\":1,\"name\":\"Forside\",\"item\":\"https:\/\/hubsch-interior.com\/da\/\"},{\"@type\":\"ListItem\",\"position\":2,\"name\":\"Produkter\",\"item\":\"https:\/\/hubsch-interior.com\/da\/produkter\/\"},{\"@type\":\"ListItem\",\"position\":3,\"name\":\"Tekstiler\",\"item\":\"https:\/\/hubsch-interior.com\/da\/vare-kategori\/tekstiler\/\"},{\"@type\":\"ListItem\",\"position\":4,\"name\":\"T&aelig;pper\",\"item\":\"https:\/\/hubsch-interior.com\/da\/vare-kategori\/tekstiler\/taepper-da\/\"},{\"@type\":\"ListItem\",\"position\":5,\"name\":\"Rhomb T\u00e6ppe Hvid\/Burgundy\"}]},{\"@type\":\"WebSite\",\"@id\":\"https:\/\/hubsch-interior.com\/da\/#website\",\"url\":\"https:\/\/hubsch-interior.com\/da\/\",\"name\":\"H\u00fcbsch\",\"description\":\"Danish Home Interior and Design\",\"publisher\":{\"@id\":\"https:\/\/hubsch-interior.com\/da\/#organization\"},\"potentialAction\":[{\"@type\":\"SearchAction\",\"target\":{\"@type\":\"EntryPoint\",\"urlTemplate\":\"https:\/\/hubsch-interior.com\/da\/?s={search_term_string}\"},\"query-input\":{\"@type\":\"PropertyValueSpecification\",\"valueRequired\":true,\"valueName\":\"search_term_string\"}}],\"inLanguage\":\"da-DK\"},{\"@type\":\"Organization\",\"@id\":\"https:\/\/hubsch-interior.com\/da\/#organization\",\"name\":\"H\u00fcbsch\",\"url\":\"https:\/\/hubsch-interior.com\/da\/\",\"logo\":{\"@type\":\"ImageObject\",\"inLanguage\":\"da-DK\",\"@id\":\"https:\/\/hubsch-interior.com\/da\/#\/schema\/logo\/image\/\",\"url\":\"https:\/\/hubsch-interior.com\/wp-content\/uploads\/2022\/12\/Hubsch_logo_black_one_line.svg\",\"contentUrl\":\"https:\/\/hubsch-interior.com\/wp-content\/uploads\/2022\/12\/Hubsch_logo_black_one_line.svg\",\"caption\":\"H\u00fcbsch\"},\"image\":{\"@id\":\"https:\/\/hubsch-interior.com\/da\/#\/schema\/logo\/image\/\"}}]}<\/script>\n<!-- \/ Yoast SEO plugin. -->","yoast_head_json":{"title":"Rhomb T\u00e6ppe Hvid\/Burgundy - H\u00fcbsch","description":"T\u00e6ppe, v\u00e6vet, genbrugsgarn, hvid\/gr\u00e5\/bordeaux","robots":{"index":"index","follow":"follow","max-snippet":"max-snippet:-1","max-image-preview":"max-image-preview:large","max-video-preview":"max-video-preview:-1"},"canonical":"https:\/\/hubsch-interior.com\/da\/wp-json\/wp\/v2\/product\/694668","og_locale":"da_DK","og_type":"article","og_title":"Rhomb T\u00e6ppe Hvid\/Burgundy - H\u00fcbsch","og_description":"T\u00e6ppe, v\u00e6vet, genbrugsgarn, hvid\/gr\u00e5\/bordeaux","og_url":"https:\/\/hubsch-interior.com\/da\/vare\/rhomb-taeppe-hvid-burgundy\/","og_site_name":"H\u00fcbsch","article_modified_time":"2026-04-09T02:41:09+00:00","og_image":[{"width":1200,"height":1200,"url":"https:\/\/hubsch-interior.com\/wp-content\/uploads\/2024\/01\/rhomb-rug-whiteburgundy-bf7a9d18477466e1115396e9f3fde5c1.jpg","type":"image\/jpeg"}],"twitter_card":"summary_large_image","schema":{"@context":"https:\/\/schema.org","@graph":[{"@type":"WebPage","@id":"https:\/\/hubsch-interior.com\/da\/vare\/rhomb-taeppe-hvid-burgundy\/","url":"https:\/\/hubsch-interior.com\/da\/vare\/rhomb-taeppe-hvid-burgundy\/","name":"Rhomb T\u00e6ppe Hvid\/Burgundy - H\u00fcbsch","isPartOf":{"@id":"https:\/\/hubsch-interior.com\/da\/#website"},"primaryImageOfPage":{"@id":"https:\/\/hubsch-interior.com\/da\/vare\/rhomb-taeppe-hvid-burgundy\/#primaryimage"},"image":{"@id":"https:\/\/hubsch-interior.com\/da\/vare\/rhomb-taeppe-hvid-burgundy\/#primaryimage"},"thumbnailUrl":"https:\/\/hubsch-interior.com\/wp-content\/uploads\/2026\/02\/rhomb-rug-whiteburgundy-5498d76a9f065c5cbf2f94968f68baff.jpg","datePublished":"2021-08-31T07:42:49+00:00","dateModified":"2026-04-09T02:41:09+00:00","description":"T\u00e6ppe, v\u00e6vet, genbrugsgarn, hvid\/gr\u00e5\/bordeaux","breadcrumb":{"@id":"https:\/\/hubsch-interior.com\/da\/vare\/rhomb-taeppe-hvid-burgundy\/#breadcrumb"},"inLanguage":"da-DK","potentialAction":[{"@type":"ReadAction","target":["https:\/\/hubsch-interior.com\/da\/vare\/rhomb-taeppe-hvid-burgundy\/"]}]},{"@type":"ImageObject","inLanguage":"da-DK","@id":"https:\/\/hubsch-interior.com\/da\/vare\/rhomb-taeppe-hvid-burgundy\/#primaryimage","url":"https:\/\/hubsch-interior.com\/wp-content\/uploads\/2026\/02\/rhomb-rug-whiteburgundy-5498d76a9f065c5cbf2f94968f68baff.jpg","contentUrl":"https:\/\/hubsch-interior.com\/wp-content\/uploads\/2026\/02\/rhomb-rug-whiteburgundy-5498d76a9f065c5cbf2f94968f68baff.jpg","width":1024,"height":1024},{"@type":"BreadcrumbList","@id":"https:\/\/hubsch-interior.com\/da\/vare\/rhomb-taeppe-hvid-burgundy\/#breadcrumb","itemListElement":[{"@type":"ListItem","position":1,"name":"Forside","item":"https:\/\/hubsch-interior.com\/da\/"},{"@type":"ListItem","position":2,"name":"Produkter","item":"https:\/\/hubsch-interior.com\/da\/produkter\/"},{"@type":"ListItem","position":3,"name":"Tekstiler","item":"https:\/\/hubsch-interior.com\/da\/vare-kategori\/tekstiler\/"},{"@type":"ListItem","position":4,"name":"T&aelig;pper","item":"https:\/\/hubsch-interior.com\/da\/vare-kategori\/tekstiler\/taepper-da\/"},{"@type":"ListItem","position":5,"name":"Rhomb T\u00e6ppe Hvid\/Burgundy"}]},{"@type":"WebSite","@id":"https:\/\/hubsch-interior.com\/da\/#website","url":"https:\/\/hubsch-interior.com\/da\/","name":"H\u00fcbsch","description":"Danish Home Interior and Design","publisher":{"@id":"https:\/\/hubsch-interior.com\/da\/#organization"},"potentialAction":[{"@type":"SearchAction","target":{"@type":"EntryPoint","urlTemplate":"https:\/\/hubsch-interior.com\/da\/?s={search_term_string}"},"query-input":{"@type":"PropertyValueSpecification","valueRequired":true,"valueName":"search_term_string"}}],"inLanguage":"da-DK"},{"@type":"Organization","@id":"https:\/\/hubsch-interior.com\/da\/#organization","name":"H\u00fcbsch","url":"https:\/\/hubsch-interior.com\/da\/","logo":{"@type":"ImageObject","inLanguage":"da-DK","@id":"https:\/\/hubsch-interior.com\/da\/#\/schema\/logo\/image\/","url":"https:\/\/hubsch-interior.com\/wp-content\/uploads\/2022\/12\/Hubsch_logo_black_one_line.svg","contentUrl":"https:\/\/hubsch-interior.com\/wp-content\/uploads\/2022\/12\/Hubsch_logo_black_one_line.svg","caption":"H\u00fcbsch"},"image":{"@id":"https:\/\/hubsch-interior.com\/da\/#\/schema\/logo\/image\/"}}]}},"_links":{"self":[{"href":"https:\/\/hubsch-interior.com\/da\/wp-json\/wp\/v2\/product\/694668","targetHints":{"allow":["GET"]}}],"collection":[{"href":"https:\/\/hubsch-interior.com\/da\/wp-json\/wp\/v2\/product"}],"about":[{"href":"https:\/\/hubsch-interior.com\/da\/wp-json\/wp\/v2\/types\/product"}],"wp:featuredmedia":[{"embeddable":true,"href":"https:\/\/hubsch-interior.com\/da\/wp-json\/wp\/v2\/media\/1099939"}],"wp:attachment":[{"href":"https:\/\/hubsch-interior.com\/da\/wp-json\/wp\/v2\/media?parent=694668"}],"wp:term":[{"taxonomy":"product_brand","embeddable":true,"href":"https:\/\/hubsch-interior.com\/da\/wp-json\/wp\/v2\/product_brand?post=694668"},{"taxonomy":"product_cat","embeddable":true,"href":"https:\/\/hubsch-interior.com\/da\/wp-json\/wp\/v2\/product_cat?post=694668"},{"taxonomy":"product_tag","embeddable":true,"href":"https:\/\/hubsch-interior.com\/da\/wp-json\/wp\/v2\/product_tag?post=694668"}],"curies":[{"name":"wp","href":"https:\/\/api.w.org\/{rel}","templated":true}]}}