{"id":694820,"date":"2021-08-31T09:56:08","date_gmt":"2021-08-31T07:56:08","guid":{"rendered":"https:\/\/hubsch-interior.com\/shop-b2c\/product\/product\/"},"modified":"2026-04-09T05:00:37","modified_gmt":"2026-04-09T03:00:37","slug":"champ-bordlampe-sort-rogfarve","status":"publish","type":"product","link":"https:\/\/hubsch-interior.com\/da\/vare\/champ-bordlampe-sort-rogfarve\/","title":{"rendered":"Champ Bordlampe Sort\/R\u00f8gfarve"},"content":{"rendered":"<p>Champ Bordlampe Sort\/R\u00f8gfarve er en stilfuld og moderne lampe, der passer perfekt ind i ethvert rum. Den er lavet af glas, s\u00e5 den er let og venlig for \u00f8jet. Lampen har en sort og r\u00f8gfarvet finish, som giver et trendy look. Den har en smuk og diskret design, der passer godt ind i ethvert moderne hjem. Den har en simpel, men effektiv belysning, der er klar til at skabe et indbydende milj\u00f8. Champ Bordlampe Sort\/R\u00f8gfarve er en smuk og funktionel lampe, der er klar til at bringe karakter og stil til ethvert rum.<\/p>\n","protected":false},"excerpt":{"rendered":"<p>Champ Bordlampe Sort\/R\u00f8gfarve er en stilfuld og moderne lampe, der passer perfekt ind i ethvert rum. Den er lavet af glas, s\u00e5 den er let og venlig for \u00f8jet. Lampen har en sort og r\u00f8gfarvet finish, som giver et trendy look. Den har en smuk og diskret design, der passer godt ind i ethvert moderne [&hellip;]<\/p>\n","protected":false},"featured_media":1105932,"template":"","meta":{"_acf_changed":false,"inline_featured_image":false},"product_brand":[],"product_cat":[3808,3499],"product_tag":[],"class_list":{"0":"post-694820","1":"product","2":"type-product","3":"status-publish","4":"has-post-thumbnail","6":"product_cat-belysning","7":"product_cat-bordlamper-da","8":"product_shipping_class-pk","10":"pa_color-sort","11":"pa_color-rgfarve","12":"pa_material-glas-da","14":"first","15":"instock","16":"taxable","17":"shipping-taxable","18":"purchasable","19":"product-type-simple"},"exclude_global_add_ons":[],"addons":[],"acf":[],"yoast_head":"<!-- This site is optimized with the Yoast SEO plugin v26.4 - https:\/\/yoast.com\/wordpress\/plugins\/seo\/ -->\n<title>Champ Bordlampe Sort\/R\u00f8gfarve - H\u00fcbsch<\/title>\n<meta name=\"description\" content=\"Champ Bordlampe Sort\/R\u00f8gfarve er en stilfuld og moderne lampe, der passer perfekt ind i ethvert rum. Den er lavet af glas, s\u00e5 den er let og venlig for\" \/>\n<meta name=\"robots\" content=\"index, follow, max-snippet:-1, max-image-preview:large, max-video-preview:-1\" \/>\n<link rel=\"canonical\" href=\"https:\/\/hubsch-interior.com\/da\/wp-json\/wp\/v2\/product\/694820\" \/>\n<meta property=\"og:locale\" content=\"da_DK\" \/>\n<meta property=\"og:type\" content=\"article\" \/>\n<meta property=\"og:title\" content=\"Champ Bordlampe Sort\/R\u00f8gfarve - H\u00fcbsch\" \/>\n<meta property=\"og:description\" content=\"Champ Bordlampe Sort\/R\u00f8gfarve er en stilfuld og moderne lampe, der passer perfekt ind i ethvert rum. Den er lavet af glas, s\u00e5 den er let og venlig for\" \/>\n<meta property=\"og:url\" content=\"https:\/\/hubsch-interior.com\/da\/vare\/champ-bordlampe-sort-rogfarve\/\" \/>\n<meta property=\"og:site_name\" content=\"H\u00fcbsch\" \/>\n<meta property=\"article:modified_time\" content=\"2026-04-09T03:00:37+00:00\" \/>\n<meta property=\"og:image\" content=\"https:\/\/hubsch-interior.com\/wp-content\/uploads\/2023\/11\/champ-table-lamp-blacksmoked-3575dc86871f58943e5cb3ba3469cf1e.jpg\" \/>\n\t<meta property=\"og:image:width\" content=\"1200\" \/>\n\t<meta property=\"og:image:height\" content=\"1200\" \/>\n\t<meta property=\"og:image:type\" content=\"image\/jpeg\" \/>\n<meta name=\"twitter:card\" content=\"summary_large_image\" \/>\n<script type=\"application\/ld+json\" class=\"yoast-schema-graph\">{\"@context\":\"https:\/\/schema.org\",\"@graph\":[{\"@type\":\"WebPage\",\"@id\":\"https:\/\/hubsch-interior.com\/da\/vare\/champ-bordlampe-sort-rogfarve\/\",\"url\":\"https:\/\/hubsch-interior.com\/da\/vare\/champ-bordlampe-sort-rogfarve\/\",\"name\":\"Champ Bordlampe Sort\/R\u00f8gfarve - H\u00fcbsch\",\"isPartOf\":{\"@id\":\"https:\/\/hubsch-interior.com\/da\/#website\"},\"primaryImageOfPage\":{\"@id\":\"https:\/\/hubsch-interior.com\/da\/vare\/champ-bordlampe-sort-rogfarve\/#primaryimage\"},\"image\":{\"@id\":\"https:\/\/hubsch-interior.com\/da\/vare\/champ-bordlampe-sort-rogfarve\/#primaryimage\"},\"thumbnailUrl\":\"https:\/\/hubsch-interior.com\/wp-content\/uploads\/2026\/02\/champ-table-lamp-blacksmoked-49d4cc9e4fd2a2acbe22ca6d4955ff30.jpg\",\"datePublished\":\"2021-08-31T07:56:08+00:00\",\"dateModified\":\"2026-04-09T03:00:37+00:00\",\"description\":\"Champ Bordlampe Sort\/R\u00f8gfarve er en stilfuld og moderne lampe, der passer perfekt ind i ethvert rum. Den er lavet af glas, s\u00e5 den er let og venlig for\",\"breadcrumb\":{\"@id\":\"https:\/\/hubsch-interior.com\/da\/vare\/champ-bordlampe-sort-rogfarve\/#breadcrumb\"},\"inLanguage\":\"da-DK\",\"potentialAction\":[{\"@type\":\"ReadAction\",\"target\":[\"https:\/\/hubsch-interior.com\/da\/vare\/champ-bordlampe-sort-rogfarve\/\"]}]},{\"@type\":\"ImageObject\",\"inLanguage\":\"da-DK\",\"@id\":\"https:\/\/hubsch-interior.com\/da\/vare\/champ-bordlampe-sort-rogfarve\/#primaryimage\",\"url\":\"https:\/\/hubsch-interior.com\/wp-content\/uploads\/2026\/02\/champ-table-lamp-blacksmoked-49d4cc9e4fd2a2acbe22ca6d4955ff30.jpg\",\"contentUrl\":\"https:\/\/hubsch-interior.com\/wp-content\/uploads\/2026\/02\/champ-table-lamp-blacksmoked-49d4cc9e4fd2a2acbe22ca6d4955ff30.jpg\",\"width\":1024,\"height\":1024},{\"@type\":\"BreadcrumbList\",\"@id\":\"https:\/\/hubsch-interior.com\/da\/vare\/champ-bordlampe-sort-rogfarve\/#breadcrumb\",\"itemListElement\":[{\"@type\":\"ListItem\",\"position\":1,\"name\":\"Forside\",\"item\":\"https:\/\/hubsch-interior.com\/da\/\"},{\"@type\":\"ListItem\",\"position\":2,\"name\":\"Produkter\",\"item\":\"https:\/\/hubsch-interior.com\/da\/produkter\/\"},{\"@type\":\"ListItem\",\"position\":3,\"name\":\"Belysning\",\"item\":\"https:\/\/hubsch-interior.com\/da\/vare-kategori\/belysning\/\"},{\"@type\":\"ListItem\",\"position\":4,\"name\":\"Bordlamper\",\"item\":\"https:\/\/hubsch-interior.com\/da\/vare-kategori\/belysning\/bordlamper-da\/\"},{\"@type\":\"ListItem\",\"position\":5,\"name\":\"Champ Bordlampe Sort\/R\u00f8gfarve\"}]},{\"@type\":\"WebSite\",\"@id\":\"https:\/\/hubsch-interior.com\/da\/#website\",\"url\":\"https:\/\/hubsch-interior.com\/da\/\",\"name\":\"H\u00fcbsch\",\"description\":\"Danish Home Interior and Design\",\"publisher\":{\"@id\":\"https:\/\/hubsch-interior.com\/da\/#organization\"},\"potentialAction\":[{\"@type\":\"SearchAction\",\"target\":{\"@type\":\"EntryPoint\",\"urlTemplate\":\"https:\/\/hubsch-interior.com\/da\/?s={search_term_string}\"},\"query-input\":{\"@type\":\"PropertyValueSpecification\",\"valueRequired\":true,\"valueName\":\"search_term_string\"}}],\"inLanguage\":\"da-DK\"},{\"@type\":\"Organization\",\"@id\":\"https:\/\/hubsch-interior.com\/da\/#organization\",\"name\":\"H\u00fcbsch\",\"url\":\"https:\/\/hubsch-interior.com\/da\/\",\"logo\":{\"@type\":\"ImageObject\",\"inLanguage\":\"da-DK\",\"@id\":\"https:\/\/hubsch-interior.com\/da\/#\/schema\/logo\/image\/\",\"url\":\"https:\/\/hubsch-interior.com\/wp-content\/uploads\/2022\/12\/Hubsch_logo_black_one_line.svg\",\"contentUrl\":\"https:\/\/hubsch-interior.com\/wp-content\/uploads\/2022\/12\/Hubsch_logo_black_one_line.svg\",\"caption\":\"H\u00fcbsch\"},\"image\":{\"@id\":\"https:\/\/hubsch-interior.com\/da\/#\/schema\/logo\/image\/\"}}]}<\/script>\n<!-- \/ Yoast SEO plugin. -->","yoast_head_json":{"title":"Champ Bordlampe Sort\/R\u00f8gfarve - H\u00fcbsch","description":"Champ Bordlampe Sort\/R\u00f8gfarve er en stilfuld og moderne lampe, der passer perfekt ind i ethvert rum. Den er lavet af glas, s\u00e5 den er let og venlig for","robots":{"index":"index","follow":"follow","max-snippet":"max-snippet:-1","max-image-preview":"max-image-preview:large","max-video-preview":"max-video-preview:-1"},"canonical":"https:\/\/hubsch-interior.com\/da\/wp-json\/wp\/v2\/product\/694820","og_locale":"da_DK","og_type":"article","og_title":"Champ Bordlampe Sort\/R\u00f8gfarve - H\u00fcbsch","og_description":"Champ Bordlampe Sort\/R\u00f8gfarve er en stilfuld og moderne lampe, der passer perfekt ind i ethvert rum. Den er lavet af glas, s\u00e5 den er let og venlig for","og_url":"https:\/\/hubsch-interior.com\/da\/vare\/champ-bordlampe-sort-rogfarve\/","og_site_name":"H\u00fcbsch","article_modified_time":"2026-04-09T03:00:37+00:00","og_image":[{"width":1200,"height":1200,"url":"https:\/\/hubsch-interior.com\/wp-content\/uploads\/2023\/11\/champ-table-lamp-blacksmoked-3575dc86871f58943e5cb3ba3469cf1e.jpg","type":"image\/jpeg"}],"twitter_card":"summary_large_image","schema":{"@context":"https:\/\/schema.org","@graph":[{"@type":"WebPage","@id":"https:\/\/hubsch-interior.com\/da\/vare\/champ-bordlampe-sort-rogfarve\/","url":"https:\/\/hubsch-interior.com\/da\/vare\/champ-bordlampe-sort-rogfarve\/","name":"Champ Bordlampe Sort\/R\u00f8gfarve - H\u00fcbsch","isPartOf":{"@id":"https:\/\/hubsch-interior.com\/da\/#website"},"primaryImageOfPage":{"@id":"https:\/\/hubsch-interior.com\/da\/vare\/champ-bordlampe-sort-rogfarve\/#primaryimage"},"image":{"@id":"https:\/\/hubsch-interior.com\/da\/vare\/champ-bordlampe-sort-rogfarve\/#primaryimage"},"thumbnailUrl":"https:\/\/hubsch-interior.com\/wp-content\/uploads\/2026\/02\/champ-table-lamp-blacksmoked-49d4cc9e4fd2a2acbe22ca6d4955ff30.jpg","datePublished":"2021-08-31T07:56:08+00:00","dateModified":"2026-04-09T03:00:37+00:00","description":"Champ Bordlampe Sort\/R\u00f8gfarve er en stilfuld og moderne lampe, der passer perfekt ind i ethvert rum. Den er lavet af glas, s\u00e5 den er let og venlig for","breadcrumb":{"@id":"https:\/\/hubsch-interior.com\/da\/vare\/champ-bordlampe-sort-rogfarve\/#breadcrumb"},"inLanguage":"da-DK","potentialAction":[{"@type":"ReadAction","target":["https:\/\/hubsch-interior.com\/da\/vare\/champ-bordlampe-sort-rogfarve\/"]}]},{"@type":"ImageObject","inLanguage":"da-DK","@id":"https:\/\/hubsch-interior.com\/da\/vare\/champ-bordlampe-sort-rogfarve\/#primaryimage","url":"https:\/\/hubsch-interior.com\/wp-content\/uploads\/2026\/02\/champ-table-lamp-blacksmoked-49d4cc9e4fd2a2acbe22ca6d4955ff30.jpg","contentUrl":"https:\/\/hubsch-interior.com\/wp-content\/uploads\/2026\/02\/champ-table-lamp-blacksmoked-49d4cc9e4fd2a2acbe22ca6d4955ff30.jpg","width":1024,"height":1024},{"@type":"BreadcrumbList","@id":"https:\/\/hubsch-interior.com\/da\/vare\/champ-bordlampe-sort-rogfarve\/#breadcrumb","itemListElement":[{"@type":"ListItem","position":1,"name":"Forside","item":"https:\/\/hubsch-interior.com\/da\/"},{"@type":"ListItem","position":2,"name":"Produkter","item":"https:\/\/hubsch-interior.com\/da\/produkter\/"},{"@type":"ListItem","position":3,"name":"Belysning","item":"https:\/\/hubsch-interior.com\/da\/vare-kategori\/belysning\/"},{"@type":"ListItem","position":4,"name":"Bordlamper","item":"https:\/\/hubsch-interior.com\/da\/vare-kategori\/belysning\/bordlamper-da\/"},{"@type":"ListItem","position":5,"name":"Champ Bordlampe Sort\/R\u00f8gfarve"}]},{"@type":"WebSite","@id":"https:\/\/hubsch-interior.com\/da\/#website","url":"https:\/\/hubsch-interior.com\/da\/","name":"H\u00fcbsch","description":"Danish Home Interior and Design","publisher":{"@id":"https:\/\/hubsch-interior.com\/da\/#organization"},"potentialAction":[{"@type":"SearchAction","target":{"@type":"EntryPoint","urlTemplate":"https:\/\/hubsch-interior.com\/da\/?s={search_term_string}"},"query-input":{"@type":"PropertyValueSpecification","valueRequired":true,"valueName":"search_term_string"}}],"inLanguage":"da-DK"},{"@type":"Organization","@id":"https:\/\/hubsch-interior.com\/da\/#organization","name":"H\u00fcbsch","url":"https:\/\/hubsch-interior.com\/da\/","logo":{"@type":"ImageObject","inLanguage":"da-DK","@id":"https:\/\/hubsch-interior.com\/da\/#\/schema\/logo\/image\/","url":"https:\/\/hubsch-interior.com\/wp-content\/uploads\/2022\/12\/Hubsch_logo_black_one_line.svg","contentUrl":"https:\/\/hubsch-interior.com\/wp-content\/uploads\/2022\/12\/Hubsch_logo_black_one_line.svg","caption":"H\u00fcbsch"},"image":{"@id":"https:\/\/hubsch-interior.com\/da\/#\/schema\/logo\/image\/"}}]}},"_links":{"self":[{"href":"https:\/\/hubsch-interior.com\/da\/wp-json\/wp\/v2\/product\/694820","targetHints":{"allow":["GET"]}}],"collection":[{"href":"https:\/\/hubsch-interior.com\/da\/wp-json\/wp\/v2\/product"}],"about":[{"href":"https:\/\/hubsch-interior.com\/da\/wp-json\/wp\/v2\/types\/product"}],"wp:featuredmedia":[{"embeddable":true,"href":"https:\/\/hubsch-interior.com\/da\/wp-json\/wp\/v2\/media\/1105932"}],"wp:attachment":[{"href":"https:\/\/hubsch-interior.com\/da\/wp-json\/wp\/v2\/media?parent=694820"}],"wp:term":[{"taxonomy":"product_brand","embeddable":true,"href":"https:\/\/hubsch-interior.com\/da\/wp-json\/wp\/v2\/product_brand?post=694820"},{"taxonomy":"product_cat","embeddable":true,"href":"https:\/\/hubsch-interior.com\/da\/wp-json\/wp\/v2\/product_cat?post=694820"},{"taxonomy":"product_tag","embeddable":true,"href":"https:\/\/hubsch-interior.com\/da\/wp-json\/wp\/v2\/product_tag?post=694820"}],"curies":[{"name":"wp","href":"https:\/\/api.w.org\/{rel}","templated":true}]}}