{"id":716710,"date":"2021-11-22T15:25:14","date_gmt":"2021-11-22T14:25:14","guid":{"rendered":"https:\/\/hubsch-interior.com\/shop-b2c\/product\/product\/"},"modified":"2026-04-09T04:24:33","modified_gmt":"2026-04-09T02:24:33","slug":"daze-kurve-sort-natur-saet-af-2","status":"publish","type":"product","link":"https:\/\/hubsch-interior.com\/da\/vare\/daze-kurve-sort-natur-saet-af-2\/","title":{"rendered":"Daze Kurve Sort\/Natur (s\u00e6t af 2)"},"content":{"rendered":"<p>Dette s\u00e6t af 2 Daze Kurve fra Bamboo &amp; Rattan giver et moderne og stilfuldt look til dit hjem. De skaber et naturligt og rustikt milj\u00f8, der passer perfekt til dine m\u00f8bler og hjemmeindretning. Den sorte og naturfarvede kurv giver et kontrastfuldt udtryk, der st\u00e5r i flot kontrast til hinanden. De er lavet af bambus og rattan, der giver et holdbart og slidst\u00e6rkt materiale, som kan bruges til mange \u00e5r. Disse kurve vil v\u00e6re et unikt og moderne element til dit hjem.<\/p>\n","protected":false},"excerpt":{"rendered":"<p>Dette s\u00e6t af 2 Daze Kurve fra Bamboo &amp; Rattan giver et moderne og stilfuldt look til dit hjem. De skaber et naturligt og rustikt milj\u00f8, der passer perfekt til dine m\u00f8bler og hjemmeindretning. Den sorte og naturfarvede kurv giver et kontrastfuldt udtryk, der st\u00e5r i flot kontrast til hinanden. De er lavet af bambus [&hellip;]<\/p>\n","protected":false},"featured_media":1095547,"template":"","meta":{"_acf_changed":false,"inline_featured_image":false},"product_brand":[],"product_cat":[3109,4074],"product_tag":[],"class_list":{"0":"post-716710","1":"product","2":"type-product","3":"status-publish","4":"has-post-thumbnail","6":"product_cat-opbevaring-da","7":"product_cat-kurve-da","8":"product_shipping_class-pk","10":"pa_color-sort","11":"pa_color-natur-2","12":"pa_material-bambus-da","13":"pa_material-rattan-da","15":"first","16":"instock","17":"taxable","18":"shipping-taxable","19":"purchasable","20":"product-type-simple"},"exclude_global_add_ons":[],"addons":[],"acf":[],"yoast_head":"<!-- This site is optimized with the Yoast SEO plugin v26.4 - https:\/\/yoast.com\/wordpress\/plugins\/seo\/ -->\n<title>Daze Kurve Sort\/Natur (s\u00e6t af 2) - H\u00fcbsch<\/title>\n<meta name=\"description\" content=\"Dette s\u00e6t af 2 Daze Kurve fra Bamboo &amp; Rattan giver et moderne og stilfuldt look til dit hjem. De skaber et naturligt og rustikt milj\u00f8, der passer\" \/>\n<meta name=\"robots\" content=\"index, follow, max-snippet:-1, max-image-preview:large, max-video-preview:-1\" \/>\n<link rel=\"canonical\" href=\"https:\/\/hubsch-interior.com\/da\/wp-json\/wp\/v2\/product\/716710\" \/>\n<meta property=\"og:locale\" content=\"da_DK\" \/>\n<meta property=\"og:type\" content=\"article\" \/>\n<meta property=\"og:title\" content=\"Daze Kurve Sort\/Natur (s\u00e6t af 2) - H\u00fcbsch\" \/>\n<meta property=\"og:description\" content=\"Dette s\u00e6t af 2 Daze Kurve fra Bamboo &amp; Rattan giver et moderne og stilfuldt look til dit hjem. De skaber et naturligt og rustikt milj\u00f8, der passer\" \/>\n<meta property=\"og:url\" content=\"https:\/\/hubsch-interior.com\/da\/vare\/daze-kurve-sort-natur-saet-af-2\/\" \/>\n<meta property=\"og:site_name\" content=\"H\u00fcbsch\" \/>\n<meta property=\"article:modified_time\" content=\"2026-04-09T02:24:33+00:00\" \/>\n<meta property=\"og:image\" content=\"https:\/\/hubsch-interior.com\/wp-content\/uploads\/2026\/02\/daze-baskets-blacknatural-set-of-2-e357927918914ad529c171c990adf115.jpg\" \/>\n\t<meta property=\"og:image:width\" content=\"1024\" \/>\n\t<meta property=\"og:image:height\" content=\"1024\" \/>\n\t<meta property=\"og:image:type\" content=\"image\/jpeg\" \/>\n<meta name=\"twitter:card\" content=\"summary_large_image\" \/>\n<script type=\"application\/ld+json\" class=\"yoast-schema-graph\">{\"@context\":\"https:\/\/schema.org\",\"@graph\":[{\"@type\":\"WebPage\",\"@id\":\"https:\/\/hubsch-interior.com\/da\/vare\/daze-kurve-sort-natur-saet-af-2\/\",\"url\":\"https:\/\/hubsch-interior.com\/da\/vare\/daze-kurve-sort-natur-saet-af-2\/\",\"name\":\"Daze Kurve Sort\/Natur (s\u00e6t af 2) - H\u00fcbsch\",\"isPartOf\":{\"@id\":\"https:\/\/hubsch-interior.com\/da\/#website\"},\"primaryImageOfPage\":{\"@id\":\"https:\/\/hubsch-interior.com\/da\/vare\/daze-kurve-sort-natur-saet-af-2\/#primaryimage\"},\"image\":{\"@id\":\"https:\/\/hubsch-interior.com\/da\/vare\/daze-kurve-sort-natur-saet-af-2\/#primaryimage\"},\"thumbnailUrl\":\"https:\/\/hubsch-interior.com\/wp-content\/uploads\/2026\/02\/daze-baskets-blacknatural-set-of-2-e357927918914ad529c171c990adf115.jpg\",\"datePublished\":\"2021-11-22T14:25:14+00:00\",\"dateModified\":\"2026-04-09T02:24:33+00:00\",\"description\":\"Dette s\u00e6t af 2 Daze Kurve fra Bamboo &amp; Rattan giver et moderne og stilfuldt look til dit hjem. De skaber et naturligt og rustikt milj\u00f8, der passer\",\"breadcrumb\":{\"@id\":\"https:\/\/hubsch-interior.com\/da\/vare\/daze-kurve-sort-natur-saet-af-2\/#breadcrumb\"},\"inLanguage\":\"da-DK\",\"potentialAction\":[{\"@type\":\"ReadAction\",\"target\":[\"https:\/\/hubsch-interior.com\/da\/vare\/daze-kurve-sort-natur-saet-af-2\/\"]}]},{\"@type\":\"ImageObject\",\"inLanguage\":\"da-DK\",\"@id\":\"https:\/\/hubsch-interior.com\/da\/vare\/daze-kurve-sort-natur-saet-af-2\/#primaryimage\",\"url\":\"https:\/\/hubsch-interior.com\/wp-content\/uploads\/2026\/02\/daze-baskets-blacknatural-set-of-2-e357927918914ad529c171c990adf115.jpg\",\"contentUrl\":\"https:\/\/hubsch-interior.com\/wp-content\/uploads\/2026\/02\/daze-baskets-blacknatural-set-of-2-e357927918914ad529c171c990adf115.jpg\",\"width\":1024,\"height\":1024},{\"@type\":\"BreadcrumbList\",\"@id\":\"https:\/\/hubsch-interior.com\/da\/vare\/daze-kurve-sort-natur-saet-af-2\/#breadcrumb\",\"itemListElement\":[{\"@type\":\"ListItem\",\"position\":1,\"name\":\"Forside\",\"item\":\"https:\/\/hubsch-interior.com\/da\/\"},{\"@type\":\"ListItem\",\"position\":2,\"name\":\"Produkter\",\"item\":\"https:\/\/hubsch-interior.com\/da\/produkter\/\"},{\"@type\":\"ListItem\",\"position\":3,\"name\":\"Boligtilbeh\u00f8r\",\"item\":\"https:\/\/hubsch-interior.com\/da\/vare-kategori\/boligtilbehor\/\"},{\"@type\":\"ListItem\",\"position\":4,\"name\":\"Opbevaring\",\"item\":\"https:\/\/hubsch-interior.com\/da\/vare-kategori\/boligtilbehor\/opbevaring-da\/\"},{\"@type\":\"ListItem\",\"position\":5,\"name\":\"Kurve\",\"item\":\"https:\/\/hubsch-interior.com\/da\/vare-kategori\/boligtilbehor\/opbevaring-da\/kurve-da\/\"},{\"@type\":\"ListItem\",\"position\":6,\"name\":\"Daze Kurve Sort\/Natur (s\u00e6t af 2)\"}]},{\"@type\":\"WebSite\",\"@id\":\"https:\/\/hubsch-interior.com\/da\/#website\",\"url\":\"https:\/\/hubsch-interior.com\/da\/\",\"name\":\"H\u00fcbsch\",\"description\":\"Danish Home Interior and Design\",\"publisher\":{\"@id\":\"https:\/\/hubsch-interior.com\/da\/#organization\"},\"potentialAction\":[{\"@type\":\"SearchAction\",\"target\":{\"@type\":\"EntryPoint\",\"urlTemplate\":\"https:\/\/hubsch-interior.com\/da\/?s={search_term_string}\"},\"query-input\":{\"@type\":\"PropertyValueSpecification\",\"valueRequired\":true,\"valueName\":\"search_term_string\"}}],\"inLanguage\":\"da-DK\"},{\"@type\":\"Organization\",\"@id\":\"https:\/\/hubsch-interior.com\/da\/#organization\",\"name\":\"H\u00fcbsch\",\"url\":\"https:\/\/hubsch-interior.com\/da\/\",\"logo\":{\"@type\":\"ImageObject\",\"inLanguage\":\"da-DK\",\"@id\":\"https:\/\/hubsch-interior.com\/da\/#\/schema\/logo\/image\/\",\"url\":\"https:\/\/hubsch-interior.com\/wp-content\/uploads\/2022\/12\/Hubsch_logo_black_one_line.svg\",\"contentUrl\":\"https:\/\/hubsch-interior.com\/wp-content\/uploads\/2022\/12\/Hubsch_logo_black_one_line.svg\",\"caption\":\"H\u00fcbsch\"},\"image\":{\"@id\":\"https:\/\/hubsch-interior.com\/da\/#\/schema\/logo\/image\/\"}}]}<\/script>\n<!-- \/ Yoast SEO plugin. -->","yoast_head_json":{"title":"Daze Kurve Sort\/Natur (s\u00e6t af 2) - H\u00fcbsch","description":"Dette s\u00e6t af 2 Daze Kurve fra Bamboo &amp; Rattan giver et moderne og stilfuldt look til dit hjem. De skaber et naturligt og rustikt milj\u00f8, der passer","robots":{"index":"index","follow":"follow","max-snippet":"max-snippet:-1","max-image-preview":"max-image-preview:large","max-video-preview":"max-video-preview:-1"},"canonical":"https:\/\/hubsch-interior.com\/da\/wp-json\/wp\/v2\/product\/716710","og_locale":"da_DK","og_type":"article","og_title":"Daze Kurve Sort\/Natur (s\u00e6t af 2) - H\u00fcbsch","og_description":"Dette s\u00e6t af 2 Daze Kurve fra Bamboo &amp; Rattan giver et moderne og stilfuldt look til dit hjem. De skaber et naturligt og rustikt milj\u00f8, der passer","og_url":"https:\/\/hubsch-interior.com\/da\/vare\/daze-kurve-sort-natur-saet-af-2\/","og_site_name":"H\u00fcbsch","article_modified_time":"2026-04-09T02:24:33+00:00","og_image":[{"width":1024,"height":1024,"url":"https:\/\/hubsch-interior.com\/wp-content\/uploads\/2026\/02\/daze-baskets-blacknatural-set-of-2-e357927918914ad529c171c990adf115.jpg","type":"image\/jpeg"}],"twitter_card":"summary_large_image","schema":{"@context":"https:\/\/schema.org","@graph":[{"@type":"WebPage","@id":"https:\/\/hubsch-interior.com\/da\/vare\/daze-kurve-sort-natur-saet-af-2\/","url":"https:\/\/hubsch-interior.com\/da\/vare\/daze-kurve-sort-natur-saet-af-2\/","name":"Daze Kurve Sort\/Natur (s\u00e6t af 2) - H\u00fcbsch","isPartOf":{"@id":"https:\/\/hubsch-interior.com\/da\/#website"},"primaryImageOfPage":{"@id":"https:\/\/hubsch-interior.com\/da\/vare\/daze-kurve-sort-natur-saet-af-2\/#primaryimage"},"image":{"@id":"https:\/\/hubsch-interior.com\/da\/vare\/daze-kurve-sort-natur-saet-af-2\/#primaryimage"},"thumbnailUrl":"https:\/\/hubsch-interior.com\/wp-content\/uploads\/2026\/02\/daze-baskets-blacknatural-set-of-2-e357927918914ad529c171c990adf115.jpg","datePublished":"2021-11-22T14:25:14+00:00","dateModified":"2026-04-09T02:24:33+00:00","description":"Dette s\u00e6t af 2 Daze Kurve fra Bamboo &amp; Rattan giver et moderne og stilfuldt look til dit hjem. De skaber et naturligt og rustikt milj\u00f8, der passer","breadcrumb":{"@id":"https:\/\/hubsch-interior.com\/da\/vare\/daze-kurve-sort-natur-saet-af-2\/#breadcrumb"},"inLanguage":"da-DK","potentialAction":[{"@type":"ReadAction","target":["https:\/\/hubsch-interior.com\/da\/vare\/daze-kurve-sort-natur-saet-af-2\/"]}]},{"@type":"ImageObject","inLanguage":"da-DK","@id":"https:\/\/hubsch-interior.com\/da\/vare\/daze-kurve-sort-natur-saet-af-2\/#primaryimage","url":"https:\/\/hubsch-interior.com\/wp-content\/uploads\/2026\/02\/daze-baskets-blacknatural-set-of-2-e357927918914ad529c171c990adf115.jpg","contentUrl":"https:\/\/hubsch-interior.com\/wp-content\/uploads\/2026\/02\/daze-baskets-blacknatural-set-of-2-e357927918914ad529c171c990adf115.jpg","width":1024,"height":1024},{"@type":"BreadcrumbList","@id":"https:\/\/hubsch-interior.com\/da\/vare\/daze-kurve-sort-natur-saet-af-2\/#breadcrumb","itemListElement":[{"@type":"ListItem","position":1,"name":"Forside","item":"https:\/\/hubsch-interior.com\/da\/"},{"@type":"ListItem","position":2,"name":"Produkter","item":"https:\/\/hubsch-interior.com\/da\/produkter\/"},{"@type":"ListItem","position":3,"name":"Boligtilbeh\u00f8r","item":"https:\/\/hubsch-interior.com\/da\/vare-kategori\/boligtilbehor\/"},{"@type":"ListItem","position":4,"name":"Opbevaring","item":"https:\/\/hubsch-interior.com\/da\/vare-kategori\/boligtilbehor\/opbevaring-da\/"},{"@type":"ListItem","position":5,"name":"Kurve","item":"https:\/\/hubsch-interior.com\/da\/vare-kategori\/boligtilbehor\/opbevaring-da\/kurve-da\/"},{"@type":"ListItem","position":6,"name":"Daze Kurve Sort\/Natur (s\u00e6t af 2)"}]},{"@type":"WebSite","@id":"https:\/\/hubsch-interior.com\/da\/#website","url":"https:\/\/hubsch-interior.com\/da\/","name":"H\u00fcbsch","description":"Danish Home Interior and Design","publisher":{"@id":"https:\/\/hubsch-interior.com\/da\/#organization"},"potentialAction":[{"@type":"SearchAction","target":{"@type":"EntryPoint","urlTemplate":"https:\/\/hubsch-interior.com\/da\/?s={search_term_string}"},"query-input":{"@type":"PropertyValueSpecification","valueRequired":true,"valueName":"search_term_string"}}],"inLanguage":"da-DK"},{"@type":"Organization","@id":"https:\/\/hubsch-interior.com\/da\/#organization","name":"H\u00fcbsch","url":"https:\/\/hubsch-interior.com\/da\/","logo":{"@type":"ImageObject","inLanguage":"da-DK","@id":"https:\/\/hubsch-interior.com\/da\/#\/schema\/logo\/image\/","url":"https:\/\/hubsch-interior.com\/wp-content\/uploads\/2022\/12\/Hubsch_logo_black_one_line.svg","contentUrl":"https:\/\/hubsch-interior.com\/wp-content\/uploads\/2022\/12\/Hubsch_logo_black_one_line.svg","caption":"H\u00fcbsch"},"image":{"@id":"https:\/\/hubsch-interior.com\/da\/#\/schema\/logo\/image\/"}}]}},"_links":{"self":[{"href":"https:\/\/hubsch-interior.com\/da\/wp-json\/wp\/v2\/product\/716710","targetHints":{"allow":["GET"]}}],"collection":[{"href":"https:\/\/hubsch-interior.com\/da\/wp-json\/wp\/v2\/product"}],"about":[{"href":"https:\/\/hubsch-interior.com\/da\/wp-json\/wp\/v2\/types\/product"}],"wp:featuredmedia":[{"embeddable":true,"href":"https:\/\/hubsch-interior.com\/da\/wp-json\/wp\/v2\/media\/1095547"}],"wp:attachment":[{"href":"https:\/\/hubsch-interior.com\/da\/wp-json\/wp\/v2\/media?parent=716710"}],"wp:term":[{"taxonomy":"product_brand","embeddable":true,"href":"https:\/\/hubsch-interior.com\/da\/wp-json\/wp\/v2\/product_brand?post=716710"},{"taxonomy":"product_cat","embeddable":true,"href":"https:\/\/hubsch-interior.com\/da\/wp-json\/wp\/v2\/product_cat?post=716710"},{"taxonomy":"product_tag","embeddable":true,"href":"https:\/\/hubsch-interior.com\/da\/wp-json\/wp\/v2\/product_tag?post=716710"}],"curies":[{"name":"wp","href":"https:\/\/api.w.org\/{rel}","templated":true}]}}