{"id":716786,"date":"2021-11-22T15:25:38","date_gmt":"2021-11-22T14:25:38","guid":{"rendered":"https:\/\/hubsch-interior.com\/shop-b2c\/product\/product\/"},"modified":"2026-04-09T04:25:03","modified_gmt":"2026-04-09T02:25:03","slug":"elements-vaser-klar-saet-af-3","status":"publish","type":"product","link":"https:\/\/hubsch-interior.com\/da\/vare\/elements-vaser-klar-saet-af-3\/","title":{"rendered":"Elements Vaser Klar (s\u00e6t af 3)"},"content":{"rendered":"<p>Disse vaser er lavet af glas og kommer i et s\u00e6t af tre, i forskellige st\u00f8rrelser. Vasernes klarhed og form giver dem et naturligt og tidsl\u00f8st look, og giver masser af styling muligheder. Dette produkt er h\u00e5ndlavet og kan derfor variere.<\/p>\n","protected":false},"excerpt":{"rendered":"<p>Disse vaser er lavet af glas og kommer i et s\u00e6t af tre, i forskellige st\u00f8rrelser. Vasernes klarhed og form giver dem et naturligt og tidsl\u00f8st look, og giver masser af styling muligheder. Dette produkt er h\u00e5ndlavet og kan derfor variere.<\/p>\n","protected":false},"featured_media":1095669,"template":"","meta":{"_acf_changed":false,"inline_featured_image":false},"product_brand":[],"product_cat":[6970,3152,5025,6517],"product_tag":[],"class_list":{"0":"post-716786","1":"product","2":"type-product","3":"status-publish","4":"has-post-thumbnail","6":"product_cat-paaskeudsalg","7":"product_cat-vaser-da","8":"product_cat-bestsellers-da","9":"product_cat-outlet-da","10":"product_shipping_class-pk","12":"pa_color-klar","13":"pa_material-glas-da","15":"first","16":"instock","17":"sale","18":"featured","19":"taxable","20":"shipping-taxable","21":"purchasable","22":"product-type-simple"},"exclude_global_add_ons":[],"addons":[],"acf":[],"yoast_head":"<!-- This site is optimized with the Yoast SEO plugin v26.4 - https:\/\/yoast.com\/wordpress\/plugins\/seo\/ -->\n<title>Elements Vaser Klar (s\u00e6t af 3) - H\u00fcbsch<\/title>\n<meta name=\"description\" content=\"Disse vaser er lavet af glas og kommer i et s\u00e6t af tre, i forskellige st\u00f8rrelser. Vasernes klarhed og form giver dem et naturligt og tidsl\u00f8st look, og\" \/>\n<meta name=\"robots\" content=\"index, follow, max-snippet:-1, max-image-preview:large, max-video-preview:-1\" \/>\n<link rel=\"canonical\" href=\"https:\/\/hubsch-interior.com\/da\/wp-json\/wp\/v2\/product\/716786\" \/>\n<meta property=\"og:locale\" content=\"da_DK\" \/>\n<meta property=\"og:type\" content=\"article\" \/>\n<meta property=\"og:title\" content=\"Elements Vaser Klar (s\u00e6t af 3) - H\u00fcbsch\" \/>\n<meta property=\"og:description\" content=\"Disse vaser er lavet af glas og kommer i et s\u00e6t af tre, i forskellige st\u00f8rrelser. Vasernes klarhed og form giver dem et naturligt og tidsl\u00f8st look, og\" \/>\n<meta property=\"og:url\" content=\"https:\/\/hubsch-interior.com\/da\/vare\/elements-vaser-klar-saet-af-3\/\" \/>\n<meta property=\"og:site_name\" content=\"H\u00fcbsch\" \/>\n<meta property=\"article:modified_time\" content=\"2026-04-09T02:25:03+00:00\" \/>\n<meta property=\"og:image\" content=\"https:\/\/hubsch-interior.com\/wp-content\/uploads\/2023\/08\/elements-vases-clear-set-of-3-9a3367d983df67c8dfddf49aff7c946e.jpg\" \/>\n\t<meta property=\"og:image:width\" content=\"1200\" \/>\n\t<meta property=\"og:image:height\" content=\"1200\" \/>\n\t<meta property=\"og:image:type\" content=\"image\/jpeg\" \/>\n<meta name=\"twitter:card\" content=\"summary_large_image\" \/>\n<script type=\"application\/ld+json\" class=\"yoast-schema-graph\">{\"@context\":\"https:\/\/schema.org\",\"@graph\":[{\"@type\":\"WebPage\",\"@id\":\"https:\/\/hubsch-interior.com\/da\/vare\/elements-vaser-klar-saet-af-3\/\",\"url\":\"https:\/\/hubsch-interior.com\/da\/vare\/elements-vaser-klar-saet-af-3\/\",\"name\":\"Elements Vaser Klar (s\u00e6t af 3) - H\u00fcbsch\",\"isPartOf\":{\"@id\":\"https:\/\/hubsch-interior.com\/da\/#website\"},\"primaryImageOfPage\":{\"@id\":\"https:\/\/hubsch-interior.com\/da\/vare\/elements-vaser-klar-saet-af-3\/#primaryimage\"},\"image\":{\"@id\":\"https:\/\/hubsch-interior.com\/da\/vare\/elements-vaser-klar-saet-af-3\/#primaryimage\"},\"thumbnailUrl\":\"https:\/\/hubsch-interior.com\/wp-content\/uploads\/2026\/02\/elements-vases-clear-set-of-3-153f4c50b0fad991c4a3fd321d299739.jpg\",\"datePublished\":\"2021-11-22T14:25:38+00:00\",\"dateModified\":\"2026-04-09T02:25:03+00:00\",\"description\":\"Disse vaser er lavet af glas og kommer i et s\u00e6t af tre, i forskellige st\u00f8rrelser. Vasernes klarhed og form giver dem et naturligt og tidsl\u00f8st look, og\",\"breadcrumb\":{\"@id\":\"https:\/\/hubsch-interior.com\/da\/vare\/elements-vaser-klar-saet-af-3\/#breadcrumb\"},\"inLanguage\":\"da-DK\",\"potentialAction\":[{\"@type\":\"ReadAction\",\"target\":[\"https:\/\/hubsch-interior.com\/da\/vare\/elements-vaser-klar-saet-af-3\/\"]}]},{\"@type\":\"ImageObject\",\"inLanguage\":\"da-DK\",\"@id\":\"https:\/\/hubsch-interior.com\/da\/vare\/elements-vaser-klar-saet-af-3\/#primaryimage\",\"url\":\"https:\/\/hubsch-interior.com\/wp-content\/uploads\/2026\/02\/elements-vases-clear-set-of-3-153f4c50b0fad991c4a3fd321d299739.jpg\",\"contentUrl\":\"https:\/\/hubsch-interior.com\/wp-content\/uploads\/2026\/02\/elements-vases-clear-set-of-3-153f4c50b0fad991c4a3fd321d299739.jpg\",\"width\":1024,\"height\":1024},{\"@type\":\"BreadcrumbList\",\"@id\":\"https:\/\/hubsch-interior.com\/da\/vare\/elements-vaser-klar-saet-af-3\/#breadcrumb\",\"itemListElement\":[{\"@type\":\"ListItem\",\"position\":1,\"name\":\"Forside\",\"item\":\"https:\/\/hubsch-interior.com\/da\/\"},{\"@type\":\"ListItem\",\"position\":2,\"name\":\"Produkter\",\"item\":\"https:\/\/hubsch-interior.com\/da\/produkter\/\"},{\"@type\":\"ListItem\",\"position\":3,\"name\":\"Boligtilbeh\u00f8r\",\"item\":\"https:\/\/hubsch-interior.com\/da\/vare-kategori\/boligtilbehor\/\"},{\"@type\":\"ListItem\",\"position\":4,\"name\":\"Vaser\",\"item\":\"https:\/\/hubsch-interior.com\/da\/vare-kategori\/boligtilbehor\/vaser-da\/\"},{\"@type\":\"ListItem\",\"position\":5,\"name\":\"Elements Vaser Klar (s\u00e6t af 3)\"}]},{\"@type\":\"WebSite\",\"@id\":\"https:\/\/hubsch-interior.com\/da\/#website\",\"url\":\"https:\/\/hubsch-interior.com\/da\/\",\"name\":\"H\u00fcbsch\",\"description\":\"Danish Home Interior and Design\",\"publisher\":{\"@id\":\"https:\/\/hubsch-interior.com\/da\/#organization\"},\"potentialAction\":[{\"@type\":\"SearchAction\",\"target\":{\"@type\":\"EntryPoint\",\"urlTemplate\":\"https:\/\/hubsch-interior.com\/da\/?s={search_term_string}\"},\"query-input\":{\"@type\":\"PropertyValueSpecification\",\"valueRequired\":true,\"valueName\":\"search_term_string\"}}],\"inLanguage\":\"da-DK\"},{\"@type\":\"Organization\",\"@id\":\"https:\/\/hubsch-interior.com\/da\/#organization\",\"name\":\"H\u00fcbsch\",\"url\":\"https:\/\/hubsch-interior.com\/da\/\",\"logo\":{\"@type\":\"ImageObject\",\"inLanguage\":\"da-DK\",\"@id\":\"https:\/\/hubsch-interior.com\/da\/#\/schema\/logo\/image\/\",\"url\":\"https:\/\/hubsch-interior.com\/wp-content\/uploads\/2022\/12\/Hubsch_logo_black_one_line.svg\",\"contentUrl\":\"https:\/\/hubsch-interior.com\/wp-content\/uploads\/2022\/12\/Hubsch_logo_black_one_line.svg\",\"caption\":\"H\u00fcbsch\"},\"image\":{\"@id\":\"https:\/\/hubsch-interior.com\/da\/#\/schema\/logo\/image\/\"}}]}<\/script>\n<!-- \/ Yoast SEO plugin. -->","yoast_head_json":{"title":"Elements Vaser Klar (s\u00e6t af 3) - H\u00fcbsch","description":"Disse vaser er lavet af glas og kommer i et s\u00e6t af tre, i forskellige st\u00f8rrelser. Vasernes klarhed og form giver dem et naturligt og tidsl\u00f8st look, og","robots":{"index":"index","follow":"follow","max-snippet":"max-snippet:-1","max-image-preview":"max-image-preview:large","max-video-preview":"max-video-preview:-1"},"canonical":"https:\/\/hubsch-interior.com\/da\/wp-json\/wp\/v2\/product\/716786","og_locale":"da_DK","og_type":"article","og_title":"Elements Vaser Klar (s\u00e6t af 3) - H\u00fcbsch","og_description":"Disse vaser er lavet af glas og kommer i et s\u00e6t af tre, i forskellige st\u00f8rrelser. Vasernes klarhed og form giver dem et naturligt og tidsl\u00f8st look, og","og_url":"https:\/\/hubsch-interior.com\/da\/vare\/elements-vaser-klar-saet-af-3\/","og_site_name":"H\u00fcbsch","article_modified_time":"2026-04-09T02:25:03+00:00","og_image":[{"width":1200,"height":1200,"url":"https:\/\/hubsch-interior.com\/wp-content\/uploads\/2023\/08\/elements-vases-clear-set-of-3-9a3367d983df67c8dfddf49aff7c946e.jpg","type":"image\/jpeg"}],"twitter_card":"summary_large_image","schema":{"@context":"https:\/\/schema.org","@graph":[{"@type":"WebPage","@id":"https:\/\/hubsch-interior.com\/da\/vare\/elements-vaser-klar-saet-af-3\/","url":"https:\/\/hubsch-interior.com\/da\/vare\/elements-vaser-klar-saet-af-3\/","name":"Elements Vaser Klar (s\u00e6t af 3) - H\u00fcbsch","isPartOf":{"@id":"https:\/\/hubsch-interior.com\/da\/#website"},"primaryImageOfPage":{"@id":"https:\/\/hubsch-interior.com\/da\/vare\/elements-vaser-klar-saet-af-3\/#primaryimage"},"image":{"@id":"https:\/\/hubsch-interior.com\/da\/vare\/elements-vaser-klar-saet-af-3\/#primaryimage"},"thumbnailUrl":"https:\/\/hubsch-interior.com\/wp-content\/uploads\/2026\/02\/elements-vases-clear-set-of-3-153f4c50b0fad991c4a3fd321d299739.jpg","datePublished":"2021-11-22T14:25:38+00:00","dateModified":"2026-04-09T02:25:03+00:00","description":"Disse vaser er lavet af glas og kommer i et s\u00e6t af tre, i forskellige st\u00f8rrelser. Vasernes klarhed og form giver dem et naturligt og tidsl\u00f8st look, og","breadcrumb":{"@id":"https:\/\/hubsch-interior.com\/da\/vare\/elements-vaser-klar-saet-af-3\/#breadcrumb"},"inLanguage":"da-DK","potentialAction":[{"@type":"ReadAction","target":["https:\/\/hubsch-interior.com\/da\/vare\/elements-vaser-klar-saet-af-3\/"]}]},{"@type":"ImageObject","inLanguage":"da-DK","@id":"https:\/\/hubsch-interior.com\/da\/vare\/elements-vaser-klar-saet-af-3\/#primaryimage","url":"https:\/\/hubsch-interior.com\/wp-content\/uploads\/2026\/02\/elements-vases-clear-set-of-3-153f4c50b0fad991c4a3fd321d299739.jpg","contentUrl":"https:\/\/hubsch-interior.com\/wp-content\/uploads\/2026\/02\/elements-vases-clear-set-of-3-153f4c50b0fad991c4a3fd321d299739.jpg","width":1024,"height":1024},{"@type":"BreadcrumbList","@id":"https:\/\/hubsch-interior.com\/da\/vare\/elements-vaser-klar-saet-af-3\/#breadcrumb","itemListElement":[{"@type":"ListItem","position":1,"name":"Forside","item":"https:\/\/hubsch-interior.com\/da\/"},{"@type":"ListItem","position":2,"name":"Produkter","item":"https:\/\/hubsch-interior.com\/da\/produkter\/"},{"@type":"ListItem","position":3,"name":"Boligtilbeh\u00f8r","item":"https:\/\/hubsch-interior.com\/da\/vare-kategori\/boligtilbehor\/"},{"@type":"ListItem","position":4,"name":"Vaser","item":"https:\/\/hubsch-interior.com\/da\/vare-kategori\/boligtilbehor\/vaser-da\/"},{"@type":"ListItem","position":5,"name":"Elements Vaser Klar (s\u00e6t af 3)"}]},{"@type":"WebSite","@id":"https:\/\/hubsch-interior.com\/da\/#website","url":"https:\/\/hubsch-interior.com\/da\/","name":"H\u00fcbsch","description":"Danish Home Interior and Design","publisher":{"@id":"https:\/\/hubsch-interior.com\/da\/#organization"},"potentialAction":[{"@type":"SearchAction","target":{"@type":"EntryPoint","urlTemplate":"https:\/\/hubsch-interior.com\/da\/?s={search_term_string}"},"query-input":{"@type":"PropertyValueSpecification","valueRequired":true,"valueName":"search_term_string"}}],"inLanguage":"da-DK"},{"@type":"Organization","@id":"https:\/\/hubsch-interior.com\/da\/#organization","name":"H\u00fcbsch","url":"https:\/\/hubsch-interior.com\/da\/","logo":{"@type":"ImageObject","inLanguage":"da-DK","@id":"https:\/\/hubsch-interior.com\/da\/#\/schema\/logo\/image\/","url":"https:\/\/hubsch-interior.com\/wp-content\/uploads\/2022\/12\/Hubsch_logo_black_one_line.svg","contentUrl":"https:\/\/hubsch-interior.com\/wp-content\/uploads\/2022\/12\/Hubsch_logo_black_one_line.svg","caption":"H\u00fcbsch"},"image":{"@id":"https:\/\/hubsch-interior.com\/da\/#\/schema\/logo\/image\/"}}]}},"_links":{"self":[{"href":"https:\/\/hubsch-interior.com\/da\/wp-json\/wp\/v2\/product\/716786","targetHints":{"allow":["GET"]}}],"collection":[{"href":"https:\/\/hubsch-interior.com\/da\/wp-json\/wp\/v2\/product"}],"about":[{"href":"https:\/\/hubsch-interior.com\/da\/wp-json\/wp\/v2\/types\/product"}],"wp:featuredmedia":[{"embeddable":true,"href":"https:\/\/hubsch-interior.com\/da\/wp-json\/wp\/v2\/media\/1095669"}],"wp:attachment":[{"href":"https:\/\/hubsch-interior.com\/da\/wp-json\/wp\/v2\/media?parent=716786"}],"wp:term":[{"taxonomy":"product_brand","embeddable":true,"href":"https:\/\/hubsch-interior.com\/da\/wp-json\/wp\/v2\/product_brand?post=716786"},{"taxonomy":"product_cat","embeddable":true,"href":"https:\/\/hubsch-interior.com\/da\/wp-json\/wp\/v2\/product_cat?post=716786"},{"taxonomy":"product_tag","embeddable":true,"href":"https:\/\/hubsch-interior.com\/da\/wp-json\/wp\/v2\/product_tag?post=716786"}],"curies":[{"name":"wp","href":"https:\/\/api.w.org\/{rel}","templated":true}]}}