{"id":716846,"date":"2021-11-22T15:26:32","date_gmt":"2021-11-22T14:26:32","guid":{"rendered":"https:\/\/hubsch-interior.com\/shop-b2c\/product\/product\/"},"modified":"2026-04-09T04:40:52","modified_gmt":"2026-04-09T02:40:52","slug":"mochi-puf-o70-bla","status":"publish","type":"product","link":"https:\/\/hubsch-interior.com\/da\/vare\/mochi-puf-o70-bla\/","title":{"rendered":"Mochi Puf \u00d870 Bl\u00e5"},"content":{"rendered":"<p>Mochi Puf \u00d870 Lysebl\u00e5 er det perfekte valg til dig, der \u00f8nsker et eksklusivt og moderne touch til dit hjem. Denne puf er lavet af et bl\u00f8dt materiale, der best\u00e5r af akryl, l\u00e6der, nylon, polyester og uld, og er derfor et af de mest behagelige m\u00f8bler at sidde p\u00e5. Uanset om du bruger den som ekstra siddeplads eller som fodskammel, vil Mochi Puf \u00d870 Lysebl\u00e5 g\u00f8re det ekstra hyggeligt og komfortabelt. Med det lysebl\u00e5 stof er den et smukt og stilfuldt tilbeh\u00f8r til ethvert hjem.<\/p>\n","protected":false},"excerpt":{"rendered":"<p>Mochi Puf \u00d870 Lysebl\u00e5 er det perfekte valg til dig, der \u00f8nsker et eksklusivt og moderne touch til dit hjem. Denne puf er lavet af et bl\u00f8dt materiale, der best\u00e5r af akryl, l\u00e6der, nylon, polyester og uld, og er derfor et af de mest behagelige m\u00f8bler at sidde p\u00e5. Uanset om du bruger den som [&hellip;]<\/p>\n","protected":false},"featured_media":1099855,"template":"","meta":{"_acf_changed":false,"inline_featured_image":false},"product_brand":[],"product_cat":[5456,2841],"product_tag":[],"class_list":{"0":"post-716846","1":"product","2":"type-product","3":"status-publish","4":"has-post-thumbnail","6":"product_cat-puffer-da","7":"product_cat-siddemoebler-da","8":"product_shipping_class-p05","10":"pa_color-bl","11":"pa_material-acrylic-10-da","12":"pa_material-lder","13":"pa_material-nylon-10-da","14":"pa_material-polyester-15-da","15":"pa_material-wool-65-da","17":"first","18":"instock","19":"taxable","20":"shipping-taxable","21":"purchasable","22":"product-type-simple"},"exclude_global_add_ons":[],"addons":[],"acf":[],"yoast_head":"<!-- This site is optimized with the Yoast SEO plugin v26.4 - https:\/\/yoast.com\/wordpress\/plugins\/seo\/ -->\n<title>Mochi Puf \u00d870 Bl\u00e5 - H\u00fcbsch<\/title>\n<meta name=\"description\" content=\"Mochi Puf \u00d870 Lysebl\u00e5 er det perfekte valg til dig, der \u00f8nsker et eksklusivt og moderne touch til dit hjem. Denne puf er lavet af et bl\u00f8dt materiale, der\" \/>\n<meta name=\"robots\" content=\"index, follow, max-snippet:-1, max-image-preview:large, max-video-preview:-1\" \/>\n<link rel=\"canonical\" href=\"https:\/\/hubsch-interior.com\/da\/wp-json\/wp\/v2\/product\/716846\" \/>\n<meta property=\"og:locale\" content=\"da_DK\" \/>\n<meta property=\"og:type\" content=\"article\" \/>\n<meta property=\"og:title\" content=\"Mochi Puf \u00d870 Bl\u00e5 - H\u00fcbsch\" \/>\n<meta property=\"og:description\" content=\"Mochi Puf \u00d870 Lysebl\u00e5 er det perfekte valg til dig, der \u00f8nsker et eksklusivt og moderne touch til dit hjem. Denne puf er lavet af et bl\u00f8dt materiale, der\" \/>\n<meta property=\"og:url\" content=\"https:\/\/hubsch-interior.com\/da\/vare\/mochi-puf-o70-bla\/\" \/>\n<meta property=\"og:site_name\" content=\"H\u00fcbsch\" \/>\n<meta property=\"article:modified_time\" content=\"2026-04-09T02:40:52+00:00\" \/>\n<meta property=\"og:image\" content=\"https:\/\/hubsch-interior.com\/wp-content\/uploads\/2025\/04\/mochi-pouffe-O70-blue-64805723d441edda7245523a9b8cea6c.jpg\" \/>\n\t<meta property=\"og:image:width\" content=\"1200\" \/>\n\t<meta property=\"og:image:height\" content=\"1200\" \/>\n\t<meta property=\"og:image:type\" content=\"image\/jpeg\" \/>\n<meta name=\"twitter:card\" content=\"summary_large_image\" \/>\n<script type=\"application\/ld+json\" class=\"yoast-schema-graph\">{\"@context\":\"https:\/\/schema.org\",\"@graph\":[{\"@type\":\"WebPage\",\"@id\":\"https:\/\/hubsch-interior.com\/da\/vare\/mochi-puf-o70-bla\/\",\"url\":\"https:\/\/hubsch-interior.com\/da\/vare\/mochi-puf-o70-bla\/\",\"name\":\"Mochi Puf \u00d870 Bl\u00e5 - H\u00fcbsch\",\"isPartOf\":{\"@id\":\"https:\/\/hubsch-interior.com\/da\/#website\"},\"primaryImageOfPage\":{\"@id\":\"https:\/\/hubsch-interior.com\/da\/vare\/mochi-puf-o70-bla\/#primaryimage\"},\"image\":{\"@id\":\"https:\/\/hubsch-interior.com\/da\/vare\/mochi-puf-o70-bla\/#primaryimage\"},\"thumbnailUrl\":\"https:\/\/hubsch-interior.com\/wp-content\/uploads\/2026\/02\/mochi-pouffe-O70-blue-1a7468e6a34536e0c4efb5d49a7a7528.jpg\",\"datePublished\":\"2021-11-22T14:26:32+00:00\",\"dateModified\":\"2026-04-09T02:40:52+00:00\",\"description\":\"Mochi Puf \u00d870 Lysebl\u00e5 er det perfekte valg til dig, der \u00f8nsker et eksklusivt og moderne touch til dit hjem. Denne puf er lavet af et bl\u00f8dt materiale, der\",\"breadcrumb\":{\"@id\":\"https:\/\/hubsch-interior.com\/da\/vare\/mochi-puf-o70-bla\/#breadcrumb\"},\"inLanguage\":\"da-DK\",\"potentialAction\":[{\"@type\":\"ReadAction\",\"target\":[\"https:\/\/hubsch-interior.com\/da\/vare\/mochi-puf-o70-bla\/\"]}]},{\"@type\":\"ImageObject\",\"inLanguage\":\"da-DK\",\"@id\":\"https:\/\/hubsch-interior.com\/da\/vare\/mochi-puf-o70-bla\/#primaryimage\",\"url\":\"https:\/\/hubsch-interior.com\/wp-content\/uploads\/2026\/02\/mochi-pouffe-O70-blue-1a7468e6a34536e0c4efb5d49a7a7528.jpg\",\"contentUrl\":\"https:\/\/hubsch-interior.com\/wp-content\/uploads\/2026\/02\/mochi-pouffe-O70-blue-1a7468e6a34536e0c4efb5d49a7a7528.jpg\",\"width\":1024,\"height\":1024},{\"@type\":\"BreadcrumbList\",\"@id\":\"https:\/\/hubsch-interior.com\/da\/vare\/mochi-puf-o70-bla\/#breadcrumb\",\"itemListElement\":[{\"@type\":\"ListItem\",\"position\":1,\"name\":\"Forside\",\"item\":\"https:\/\/hubsch-interior.com\/da\/\"},{\"@type\":\"ListItem\",\"position\":2,\"name\":\"Produkter\",\"item\":\"https:\/\/hubsch-interior.com\/da\/produkter\/\"},{\"@type\":\"ListItem\",\"position\":3,\"name\":\"M\u00f8bler\",\"item\":\"https:\/\/hubsch-interior.com\/da\/vare-kategori\/mobler\/\"},{\"@type\":\"ListItem\",\"position\":4,\"name\":\"Siddem&oslash;bler\",\"item\":\"https:\/\/hubsch-interior.com\/da\/vare-kategori\/mobler\/siddemoebler-da\/\"},{\"@type\":\"ListItem\",\"position\":5,\"name\":\"Puffer\",\"item\":\"https:\/\/hubsch-interior.com\/da\/vare-kategori\/mobler\/siddemoebler-da\/puffer-da\/\"},{\"@type\":\"ListItem\",\"position\":6,\"name\":\"Mochi Puf \u00d870 Bl\u00e5\"}]},{\"@type\":\"WebSite\",\"@id\":\"https:\/\/hubsch-interior.com\/da\/#website\",\"url\":\"https:\/\/hubsch-interior.com\/da\/\",\"name\":\"H\u00fcbsch\",\"description\":\"Danish Home Interior and Design\",\"publisher\":{\"@id\":\"https:\/\/hubsch-interior.com\/da\/#organization\"},\"potentialAction\":[{\"@type\":\"SearchAction\",\"target\":{\"@type\":\"EntryPoint\",\"urlTemplate\":\"https:\/\/hubsch-interior.com\/da\/?s={search_term_string}\"},\"query-input\":{\"@type\":\"PropertyValueSpecification\",\"valueRequired\":true,\"valueName\":\"search_term_string\"}}],\"inLanguage\":\"da-DK\"},{\"@type\":\"Organization\",\"@id\":\"https:\/\/hubsch-interior.com\/da\/#organization\",\"name\":\"H\u00fcbsch\",\"url\":\"https:\/\/hubsch-interior.com\/da\/\",\"logo\":{\"@type\":\"ImageObject\",\"inLanguage\":\"da-DK\",\"@id\":\"https:\/\/hubsch-interior.com\/da\/#\/schema\/logo\/image\/\",\"url\":\"https:\/\/hubsch-interior.com\/wp-content\/uploads\/2022\/12\/Hubsch_logo_black_one_line.svg\",\"contentUrl\":\"https:\/\/hubsch-interior.com\/wp-content\/uploads\/2022\/12\/Hubsch_logo_black_one_line.svg\",\"caption\":\"H\u00fcbsch\"},\"image\":{\"@id\":\"https:\/\/hubsch-interior.com\/da\/#\/schema\/logo\/image\/\"}}]}<\/script>\n<!-- \/ Yoast SEO plugin. -->","yoast_head_json":{"title":"Mochi Puf \u00d870 Bl\u00e5 - H\u00fcbsch","description":"Mochi Puf \u00d870 Lysebl\u00e5 er det perfekte valg til dig, der \u00f8nsker et eksklusivt og moderne touch til dit hjem. Denne puf er lavet af et bl\u00f8dt materiale, der","robots":{"index":"index","follow":"follow","max-snippet":"max-snippet:-1","max-image-preview":"max-image-preview:large","max-video-preview":"max-video-preview:-1"},"canonical":"https:\/\/hubsch-interior.com\/da\/wp-json\/wp\/v2\/product\/716846","og_locale":"da_DK","og_type":"article","og_title":"Mochi Puf \u00d870 Bl\u00e5 - H\u00fcbsch","og_description":"Mochi Puf \u00d870 Lysebl\u00e5 er det perfekte valg til dig, der \u00f8nsker et eksklusivt og moderne touch til dit hjem. Denne puf er lavet af et bl\u00f8dt materiale, der","og_url":"https:\/\/hubsch-interior.com\/da\/vare\/mochi-puf-o70-bla\/","og_site_name":"H\u00fcbsch","article_modified_time":"2026-04-09T02:40:52+00:00","og_image":[{"width":1200,"height":1200,"url":"https:\/\/hubsch-interior.com\/wp-content\/uploads\/2025\/04\/mochi-pouffe-O70-blue-64805723d441edda7245523a9b8cea6c.jpg","type":"image\/jpeg"}],"twitter_card":"summary_large_image","schema":{"@context":"https:\/\/schema.org","@graph":[{"@type":"WebPage","@id":"https:\/\/hubsch-interior.com\/da\/vare\/mochi-puf-o70-bla\/","url":"https:\/\/hubsch-interior.com\/da\/vare\/mochi-puf-o70-bla\/","name":"Mochi Puf \u00d870 Bl\u00e5 - H\u00fcbsch","isPartOf":{"@id":"https:\/\/hubsch-interior.com\/da\/#website"},"primaryImageOfPage":{"@id":"https:\/\/hubsch-interior.com\/da\/vare\/mochi-puf-o70-bla\/#primaryimage"},"image":{"@id":"https:\/\/hubsch-interior.com\/da\/vare\/mochi-puf-o70-bla\/#primaryimage"},"thumbnailUrl":"https:\/\/hubsch-interior.com\/wp-content\/uploads\/2026\/02\/mochi-pouffe-O70-blue-1a7468e6a34536e0c4efb5d49a7a7528.jpg","datePublished":"2021-11-22T14:26:32+00:00","dateModified":"2026-04-09T02:40:52+00:00","description":"Mochi Puf \u00d870 Lysebl\u00e5 er det perfekte valg til dig, der \u00f8nsker et eksklusivt og moderne touch til dit hjem. Denne puf er lavet af et bl\u00f8dt materiale, der","breadcrumb":{"@id":"https:\/\/hubsch-interior.com\/da\/vare\/mochi-puf-o70-bla\/#breadcrumb"},"inLanguage":"da-DK","potentialAction":[{"@type":"ReadAction","target":["https:\/\/hubsch-interior.com\/da\/vare\/mochi-puf-o70-bla\/"]}]},{"@type":"ImageObject","inLanguage":"da-DK","@id":"https:\/\/hubsch-interior.com\/da\/vare\/mochi-puf-o70-bla\/#primaryimage","url":"https:\/\/hubsch-interior.com\/wp-content\/uploads\/2026\/02\/mochi-pouffe-O70-blue-1a7468e6a34536e0c4efb5d49a7a7528.jpg","contentUrl":"https:\/\/hubsch-interior.com\/wp-content\/uploads\/2026\/02\/mochi-pouffe-O70-blue-1a7468e6a34536e0c4efb5d49a7a7528.jpg","width":1024,"height":1024},{"@type":"BreadcrumbList","@id":"https:\/\/hubsch-interior.com\/da\/vare\/mochi-puf-o70-bla\/#breadcrumb","itemListElement":[{"@type":"ListItem","position":1,"name":"Forside","item":"https:\/\/hubsch-interior.com\/da\/"},{"@type":"ListItem","position":2,"name":"Produkter","item":"https:\/\/hubsch-interior.com\/da\/produkter\/"},{"@type":"ListItem","position":3,"name":"M\u00f8bler","item":"https:\/\/hubsch-interior.com\/da\/vare-kategori\/mobler\/"},{"@type":"ListItem","position":4,"name":"Siddem&oslash;bler","item":"https:\/\/hubsch-interior.com\/da\/vare-kategori\/mobler\/siddemoebler-da\/"},{"@type":"ListItem","position":5,"name":"Puffer","item":"https:\/\/hubsch-interior.com\/da\/vare-kategori\/mobler\/siddemoebler-da\/puffer-da\/"},{"@type":"ListItem","position":6,"name":"Mochi Puf \u00d870 Bl\u00e5"}]},{"@type":"WebSite","@id":"https:\/\/hubsch-interior.com\/da\/#website","url":"https:\/\/hubsch-interior.com\/da\/","name":"H\u00fcbsch","description":"Danish Home Interior and Design","publisher":{"@id":"https:\/\/hubsch-interior.com\/da\/#organization"},"potentialAction":[{"@type":"SearchAction","target":{"@type":"EntryPoint","urlTemplate":"https:\/\/hubsch-interior.com\/da\/?s={search_term_string}"},"query-input":{"@type":"PropertyValueSpecification","valueRequired":true,"valueName":"search_term_string"}}],"inLanguage":"da-DK"},{"@type":"Organization","@id":"https:\/\/hubsch-interior.com\/da\/#organization","name":"H\u00fcbsch","url":"https:\/\/hubsch-interior.com\/da\/","logo":{"@type":"ImageObject","inLanguage":"da-DK","@id":"https:\/\/hubsch-interior.com\/da\/#\/schema\/logo\/image\/","url":"https:\/\/hubsch-interior.com\/wp-content\/uploads\/2022\/12\/Hubsch_logo_black_one_line.svg","contentUrl":"https:\/\/hubsch-interior.com\/wp-content\/uploads\/2022\/12\/Hubsch_logo_black_one_line.svg","caption":"H\u00fcbsch"},"image":{"@id":"https:\/\/hubsch-interior.com\/da\/#\/schema\/logo\/image\/"}}]}},"_links":{"self":[{"href":"https:\/\/hubsch-interior.com\/da\/wp-json\/wp\/v2\/product\/716846","targetHints":{"allow":["GET"]}}],"collection":[{"href":"https:\/\/hubsch-interior.com\/da\/wp-json\/wp\/v2\/product"}],"about":[{"href":"https:\/\/hubsch-interior.com\/da\/wp-json\/wp\/v2\/types\/product"}],"wp:featuredmedia":[{"embeddable":true,"href":"https:\/\/hubsch-interior.com\/da\/wp-json\/wp\/v2\/media\/1099855"}],"wp:attachment":[{"href":"https:\/\/hubsch-interior.com\/da\/wp-json\/wp\/v2\/media?parent=716846"}],"wp:term":[{"taxonomy":"product_brand","embeddable":true,"href":"https:\/\/hubsch-interior.com\/da\/wp-json\/wp\/v2\/product_brand?post=716846"},{"taxonomy":"product_cat","embeddable":true,"href":"https:\/\/hubsch-interior.com\/da\/wp-json\/wp\/v2\/product_cat?post=716846"},{"taxonomy":"product_tag","embeddable":true,"href":"https:\/\/hubsch-interior.com\/da\/wp-json\/wp\/v2\/product_tag?post=716846"}],"curies":[{"name":"wp","href":"https:\/\/api.w.org\/{rel}","templated":true}]}}