{"id":739342,"date":"2022-02-08T14:33:00","date_gmt":"2022-02-08T13:33:00","guid":{"rendered":"https:\/\/hubsch-interior.com\/product\/product\/"},"modified":"2026-04-09T04:17:07","modified_gmt":"2026-04-09T02:17:07","slug":"shine-spejl-large-petrol","status":"publish","type":"product","link":"https:\/\/hubsch-interior.com\/da\/vare\/shine-spejl-large-petrol\/","title":{"rendered":"Shine Spejl Large Petrol"},"content":{"rendered":"<p>V\u00e5gn op, kig dig selv i spejlet og beslut dig for at v\u00e6re et lysende eksempel. Serien af Shine spejle best\u00e5r af fire forskellige st\u00f8rrelser og kan h\u00e6nges hver for sig eller sammen i en gruppe. Dette spejl med petrolfarvet ramme fungerer perfekt som en fin pyntegenstand l\u00e6net op ad en v\u00e6g eller oph\u00e6ngt p\u00e5 en v\u00e6g for sig selv. Alle Shine spejlene kan h\u00e6nges op vertikalt eller horisontalt. <\/p>\n","protected":false},"excerpt":{"rendered":"<p>V\u00e5gn op, kig dig selv i spejlet og beslut dig for at v\u00e6re et lysende eksempel. Serien af Shine spejle best\u00e5r af fire forskellige st\u00f8rrelser og kan h\u00e6nges hver for sig eller sammen i en gruppe. Dette spejl med petrolfarvet ramme fungerer perfekt som en fin pyntegenstand l\u00e6net op ad en v\u00e6g eller oph\u00e6ngt p\u00e5 [&hellip;]<\/p>\n","protected":false},"featured_media":1093208,"template":"","meta":{"_acf_changed":false,"inline_featured_image":false},"product_brand":[],"product_cat":[5025,2921,2922],"product_tag":[],"class_list":{"0":"post-739342","1":"product","2":"type-product","3":"status-publish","4":"has-post-thumbnail","6":"product_cat-bestsellers-da","7":"product_cat-spejle-da","8":"product_cat-vaegspejle-da","9":"product_shipping_class-pk","11":"pa_color-petrol-2","12":"pa_material-jern-da","13":"pa_material-spejlglas","15":"first","16":"instock","17":"featured","18":"taxable","19":"shipping-taxable","20":"purchasable","21":"product-type-simple"},"exclude_global_add_ons":[],"addons":[],"acf":[],"yoast_head":"<!-- This site is optimized with the Yoast SEO plugin v26.4 - https:\/\/yoast.com\/wordpress\/plugins\/seo\/ -->\n<title>Shine Spejl Large Petrol - H\u00fcbsch<\/title>\n<meta name=\"description\" content=\"V\u00e5gn op, kig dig selv i spejlet og beslut dig for at v\u00e6re et lysende eksempel. Serien af Shine spejle best\u00e5r af fire forskellige st\u00f8rrelser og kan h\u00e6nges\" \/>\n<meta name=\"robots\" content=\"index, follow, max-snippet:-1, max-image-preview:large, max-video-preview:-1\" \/>\n<link rel=\"canonical\" href=\"https:\/\/hubsch-interior.com\/da\/wp-json\/wp\/v2\/product\/739342\" \/>\n<meta property=\"og:locale\" content=\"da_DK\" \/>\n<meta property=\"og:type\" content=\"article\" \/>\n<meta property=\"og:title\" content=\"Shine Spejl Large Petrol - H\u00fcbsch\" \/>\n<meta property=\"og:description\" content=\"V\u00e5gn op, kig dig selv i spejlet og beslut dig for at v\u00e6re et lysende eksempel. Serien af Shine spejle best\u00e5r af fire forskellige st\u00f8rrelser og kan h\u00e6nges\" \/>\n<meta property=\"og:url\" content=\"https:\/\/hubsch-interior.com\/da\/vare\/shine-spejl-large-petrol\/\" \/>\n<meta property=\"og:site_name\" content=\"H\u00fcbsch\" \/>\n<meta property=\"article:modified_time\" content=\"2026-04-09T02:17:07+00:00\" \/>\n<meta property=\"og:image\" content=\"https:\/\/hubsch-interior.com\/wp-content\/uploads\/2023\/11\/shine-mirror-large-petrol-5733957a971c7a6a42b88af5cdeb3ce5.jpg\" \/>\n\t<meta property=\"og:image:width\" content=\"1200\" \/>\n\t<meta property=\"og:image:height\" content=\"1200\" \/>\n\t<meta property=\"og:image:type\" content=\"image\/jpeg\" \/>\n<meta name=\"twitter:card\" content=\"summary_large_image\" \/>\n<script type=\"application\/ld+json\" class=\"yoast-schema-graph\">{\"@context\":\"https:\/\/schema.org\",\"@graph\":[{\"@type\":\"WebPage\",\"@id\":\"https:\/\/hubsch-interior.com\/da\/vare\/shine-spejl-large-petrol\/\",\"url\":\"https:\/\/hubsch-interior.com\/da\/vare\/shine-spejl-large-petrol\/\",\"name\":\"Shine Spejl Large Petrol - H\u00fcbsch\",\"isPartOf\":{\"@id\":\"https:\/\/hubsch-interior.com\/da\/#website\"},\"primaryImageOfPage\":{\"@id\":\"https:\/\/hubsch-interior.com\/da\/vare\/shine-spejl-large-petrol\/#primaryimage\"},\"image\":{\"@id\":\"https:\/\/hubsch-interior.com\/da\/vare\/shine-spejl-large-petrol\/#primaryimage\"},\"thumbnailUrl\":\"https:\/\/hubsch-interior.com\/wp-content\/uploads\/2026\/02\/shine-mirror-large-petrol-1c814c2e2800a238013a112bff731258.jpg\",\"datePublished\":\"2022-02-08T13:33:00+00:00\",\"dateModified\":\"2026-04-09T02:17:07+00:00\",\"description\":\"V\u00e5gn op, kig dig selv i spejlet og beslut dig for at v\u00e6re et lysende eksempel. Serien af Shine spejle best\u00e5r af fire forskellige st\u00f8rrelser og kan h\u00e6nges\",\"breadcrumb\":{\"@id\":\"https:\/\/hubsch-interior.com\/da\/vare\/shine-spejl-large-petrol\/#breadcrumb\"},\"inLanguage\":\"da-DK\",\"potentialAction\":[{\"@type\":\"ReadAction\",\"target\":[\"https:\/\/hubsch-interior.com\/da\/vare\/shine-spejl-large-petrol\/\"]}]},{\"@type\":\"ImageObject\",\"inLanguage\":\"da-DK\",\"@id\":\"https:\/\/hubsch-interior.com\/da\/vare\/shine-spejl-large-petrol\/#primaryimage\",\"url\":\"https:\/\/hubsch-interior.com\/wp-content\/uploads\/2026\/02\/shine-mirror-large-petrol-1c814c2e2800a238013a112bff731258.jpg\",\"contentUrl\":\"https:\/\/hubsch-interior.com\/wp-content\/uploads\/2026\/02\/shine-mirror-large-petrol-1c814c2e2800a238013a112bff731258.jpg\",\"width\":1024,\"height\":1024},{\"@type\":\"BreadcrumbList\",\"@id\":\"https:\/\/hubsch-interior.com\/da\/vare\/shine-spejl-large-petrol\/#breadcrumb\",\"itemListElement\":[{\"@type\":\"ListItem\",\"position\":1,\"name\":\"Forside\",\"item\":\"https:\/\/hubsch-interior.com\/da\/\"},{\"@type\":\"ListItem\",\"position\":2,\"name\":\"Produkter\",\"item\":\"https:\/\/hubsch-interior.com\/da\/produkter\/\"},{\"@type\":\"ListItem\",\"position\":3,\"name\":\"Boligtilbeh\u00f8r\",\"item\":\"https:\/\/hubsch-interior.com\/da\/vare-kategori\/boligtilbehor\/\"},{\"@type\":\"ListItem\",\"position\":4,\"name\":\"Spejle\",\"item\":\"https:\/\/hubsch-interior.com\/da\/vare-kategori\/boligtilbehor\/spejle-da\/\"},{\"@type\":\"ListItem\",\"position\":5,\"name\":\"V&aelig;gspejle\",\"item\":\"https:\/\/hubsch-interior.com\/da\/vare-kategori\/boligtilbehor\/spejle-da\/vaegspejle-da\/\"},{\"@type\":\"ListItem\",\"position\":6,\"name\":\"Shine Spejl Large Petrol\"}]},{\"@type\":\"WebSite\",\"@id\":\"https:\/\/hubsch-interior.com\/da\/#website\",\"url\":\"https:\/\/hubsch-interior.com\/da\/\",\"name\":\"H\u00fcbsch\",\"description\":\"Danish Home Interior and Design\",\"publisher\":{\"@id\":\"https:\/\/hubsch-interior.com\/da\/#organization\"},\"potentialAction\":[{\"@type\":\"SearchAction\",\"target\":{\"@type\":\"EntryPoint\",\"urlTemplate\":\"https:\/\/hubsch-interior.com\/da\/?s={search_term_string}\"},\"query-input\":{\"@type\":\"PropertyValueSpecification\",\"valueRequired\":true,\"valueName\":\"search_term_string\"}}],\"inLanguage\":\"da-DK\"},{\"@type\":\"Organization\",\"@id\":\"https:\/\/hubsch-interior.com\/da\/#organization\",\"name\":\"H\u00fcbsch\",\"url\":\"https:\/\/hubsch-interior.com\/da\/\",\"logo\":{\"@type\":\"ImageObject\",\"inLanguage\":\"da-DK\",\"@id\":\"https:\/\/hubsch-interior.com\/da\/#\/schema\/logo\/image\/\",\"url\":\"https:\/\/hubsch-interior.com\/wp-content\/uploads\/2022\/12\/Hubsch_logo_black_one_line.svg\",\"contentUrl\":\"https:\/\/hubsch-interior.com\/wp-content\/uploads\/2022\/12\/Hubsch_logo_black_one_line.svg\",\"caption\":\"H\u00fcbsch\"},\"image\":{\"@id\":\"https:\/\/hubsch-interior.com\/da\/#\/schema\/logo\/image\/\"}}]}<\/script>\n<!-- \/ Yoast SEO plugin. -->","yoast_head_json":{"title":"Shine Spejl Large Petrol - H\u00fcbsch","description":"V\u00e5gn op, kig dig selv i spejlet og beslut dig for at v\u00e6re et lysende eksempel. Serien af Shine spejle best\u00e5r af fire forskellige st\u00f8rrelser og kan h\u00e6nges","robots":{"index":"index","follow":"follow","max-snippet":"max-snippet:-1","max-image-preview":"max-image-preview:large","max-video-preview":"max-video-preview:-1"},"canonical":"https:\/\/hubsch-interior.com\/da\/wp-json\/wp\/v2\/product\/739342","og_locale":"da_DK","og_type":"article","og_title":"Shine Spejl Large Petrol - H\u00fcbsch","og_description":"V\u00e5gn op, kig dig selv i spejlet og beslut dig for at v\u00e6re et lysende eksempel. Serien af Shine spejle best\u00e5r af fire forskellige st\u00f8rrelser og kan h\u00e6nges","og_url":"https:\/\/hubsch-interior.com\/da\/vare\/shine-spejl-large-petrol\/","og_site_name":"H\u00fcbsch","article_modified_time":"2026-04-09T02:17:07+00:00","og_image":[{"width":1200,"height":1200,"url":"https:\/\/hubsch-interior.com\/wp-content\/uploads\/2023\/11\/shine-mirror-large-petrol-5733957a971c7a6a42b88af5cdeb3ce5.jpg","type":"image\/jpeg"}],"twitter_card":"summary_large_image","schema":{"@context":"https:\/\/schema.org","@graph":[{"@type":"WebPage","@id":"https:\/\/hubsch-interior.com\/da\/vare\/shine-spejl-large-petrol\/","url":"https:\/\/hubsch-interior.com\/da\/vare\/shine-spejl-large-petrol\/","name":"Shine Spejl Large Petrol - H\u00fcbsch","isPartOf":{"@id":"https:\/\/hubsch-interior.com\/da\/#website"},"primaryImageOfPage":{"@id":"https:\/\/hubsch-interior.com\/da\/vare\/shine-spejl-large-petrol\/#primaryimage"},"image":{"@id":"https:\/\/hubsch-interior.com\/da\/vare\/shine-spejl-large-petrol\/#primaryimage"},"thumbnailUrl":"https:\/\/hubsch-interior.com\/wp-content\/uploads\/2026\/02\/shine-mirror-large-petrol-1c814c2e2800a238013a112bff731258.jpg","datePublished":"2022-02-08T13:33:00+00:00","dateModified":"2026-04-09T02:17:07+00:00","description":"V\u00e5gn op, kig dig selv i spejlet og beslut dig for at v\u00e6re et lysende eksempel. Serien af Shine spejle best\u00e5r af fire forskellige st\u00f8rrelser og kan h\u00e6nges","breadcrumb":{"@id":"https:\/\/hubsch-interior.com\/da\/vare\/shine-spejl-large-petrol\/#breadcrumb"},"inLanguage":"da-DK","potentialAction":[{"@type":"ReadAction","target":["https:\/\/hubsch-interior.com\/da\/vare\/shine-spejl-large-petrol\/"]}]},{"@type":"ImageObject","inLanguage":"da-DK","@id":"https:\/\/hubsch-interior.com\/da\/vare\/shine-spejl-large-petrol\/#primaryimage","url":"https:\/\/hubsch-interior.com\/wp-content\/uploads\/2026\/02\/shine-mirror-large-petrol-1c814c2e2800a238013a112bff731258.jpg","contentUrl":"https:\/\/hubsch-interior.com\/wp-content\/uploads\/2026\/02\/shine-mirror-large-petrol-1c814c2e2800a238013a112bff731258.jpg","width":1024,"height":1024},{"@type":"BreadcrumbList","@id":"https:\/\/hubsch-interior.com\/da\/vare\/shine-spejl-large-petrol\/#breadcrumb","itemListElement":[{"@type":"ListItem","position":1,"name":"Forside","item":"https:\/\/hubsch-interior.com\/da\/"},{"@type":"ListItem","position":2,"name":"Produkter","item":"https:\/\/hubsch-interior.com\/da\/produkter\/"},{"@type":"ListItem","position":3,"name":"Boligtilbeh\u00f8r","item":"https:\/\/hubsch-interior.com\/da\/vare-kategori\/boligtilbehor\/"},{"@type":"ListItem","position":4,"name":"Spejle","item":"https:\/\/hubsch-interior.com\/da\/vare-kategori\/boligtilbehor\/spejle-da\/"},{"@type":"ListItem","position":5,"name":"V&aelig;gspejle","item":"https:\/\/hubsch-interior.com\/da\/vare-kategori\/boligtilbehor\/spejle-da\/vaegspejle-da\/"},{"@type":"ListItem","position":6,"name":"Shine Spejl Large Petrol"}]},{"@type":"WebSite","@id":"https:\/\/hubsch-interior.com\/da\/#website","url":"https:\/\/hubsch-interior.com\/da\/","name":"H\u00fcbsch","description":"Danish Home Interior and Design","publisher":{"@id":"https:\/\/hubsch-interior.com\/da\/#organization"},"potentialAction":[{"@type":"SearchAction","target":{"@type":"EntryPoint","urlTemplate":"https:\/\/hubsch-interior.com\/da\/?s={search_term_string}"},"query-input":{"@type":"PropertyValueSpecification","valueRequired":true,"valueName":"search_term_string"}}],"inLanguage":"da-DK"},{"@type":"Organization","@id":"https:\/\/hubsch-interior.com\/da\/#organization","name":"H\u00fcbsch","url":"https:\/\/hubsch-interior.com\/da\/","logo":{"@type":"ImageObject","inLanguage":"da-DK","@id":"https:\/\/hubsch-interior.com\/da\/#\/schema\/logo\/image\/","url":"https:\/\/hubsch-interior.com\/wp-content\/uploads\/2022\/12\/Hubsch_logo_black_one_line.svg","contentUrl":"https:\/\/hubsch-interior.com\/wp-content\/uploads\/2022\/12\/Hubsch_logo_black_one_line.svg","caption":"H\u00fcbsch"},"image":{"@id":"https:\/\/hubsch-interior.com\/da\/#\/schema\/logo\/image\/"}}]}},"_links":{"self":[{"href":"https:\/\/hubsch-interior.com\/da\/wp-json\/wp\/v2\/product\/739342","targetHints":{"allow":["GET"]}}],"collection":[{"href":"https:\/\/hubsch-interior.com\/da\/wp-json\/wp\/v2\/product"}],"about":[{"href":"https:\/\/hubsch-interior.com\/da\/wp-json\/wp\/v2\/types\/product"}],"wp:featuredmedia":[{"embeddable":true,"href":"https:\/\/hubsch-interior.com\/da\/wp-json\/wp\/v2\/media\/1093208"}],"wp:attachment":[{"href":"https:\/\/hubsch-interior.com\/da\/wp-json\/wp\/v2\/media?parent=739342"}],"wp:term":[{"taxonomy":"product_brand","embeddable":true,"href":"https:\/\/hubsch-interior.com\/da\/wp-json\/wp\/v2\/product_brand?post=739342"},{"taxonomy":"product_cat","embeddable":true,"href":"https:\/\/hubsch-interior.com\/da\/wp-json\/wp\/v2\/product_cat?post=739342"},{"taxonomy":"product_tag","embeddable":true,"href":"https:\/\/hubsch-interior.com\/da\/wp-json\/wp\/v2\/product_tag?post=739342"}],"curies":[{"name":"wp","href":"https:\/\/api.w.org\/{rel}","templated":true}]}}