{"id":739518,"date":"2022-02-08T14:33:59","date_gmt":"2022-02-08T13:33:59","guid":{"rendered":"https:\/\/hubsch-interior.com\/product\/product\/"},"modified":"2026-04-09T04:17:14","modified_gmt":"2026-04-09T02:17:14","slug":"silo-skammel-beige","status":"publish","type":"product","link":"https:\/\/hubsch-interior.com\/da\/vare\/silo-skammel-beige\/","title":{"rendered":"Silo Skammel Beige"},"content":{"rendered":"<p>En praktisk, funktionel og behagelig skammel er altid en god id\u00e9. En skammel, som er nem at flytte rundt med, n\u00e5r der dukker uventede g\u00e6ste op. Eller hvis du blot har brug for at sidde p\u00e5 en anden m\u00e5de. Materialer, som giver et fint form\u00e6ssigt modspil til hinanden, g\u00f8r denne skammel anderledes. Dens lysegr\u00e5 ben mod det sandfarvede polster giver et sp\u00e6ndende udtryk og et finurligt twist  til en ellers helt almindelig stol. Og ved du hvad? Skamlen er stabelbar.<\/p>\n","protected":false},"excerpt":{"rendered":"<p>En praktisk, funktionel og behagelig skammel er altid en god id\u00e9. En skammel, som er nem at flytte rundt med, n\u00e5r der dukker uventede g\u00e6ste op. Eller hvis du blot har brug for at sidde p\u00e5 en anden m\u00e5de. Materialer, som giver et fint form\u00e6ssigt modspil til hinanden, g\u00f8r denne skammel anderledes. Dens lysegr\u00e5 ben [&hellip;]<\/p>\n","protected":false},"featured_media":1112775,"template":"","meta":{"_acf_changed":false,"inline_featured_image":false},"product_brand":[],"product_cat":[2841,3040,5029],"product_tag":[],"class_list":{"0":"post-739518","1":"product","2":"type-product","3":"status-publish","4":"has-post-thumbnail","6":"product_cat-siddemoebler-da","7":"product_cat-skamler-da","8":"product_cat-tilbage-paa-lager-da","9":"product_shipping_class-pk","11":"pa_color-beige-2","12":"pa_material-acrylic-10-da","13":"pa_material-polyester-90-da","14":"pa_material-stl","16":"first","17":"instock","18":"taxable","19":"shipping-taxable","20":"purchasable","21":"product-type-simple"},"exclude_global_add_ons":[],"addons":[],"acf":[],"yoast_head":"<!-- This site is optimized with the Yoast SEO plugin v26.4 - https:\/\/yoast.com\/wordpress\/plugins\/seo\/ -->\n<title>Silo Skammel Beige - H\u00fcbsch<\/title>\n<meta name=\"description\" content=\"En praktisk, funktionel og behagelig skammel er altid en god id\u00e9. En skammel, som er nem at flytte rundt med, n\u00e5r der dukker uventede g\u00e6ste op. Eller hvis\" \/>\n<meta name=\"robots\" content=\"index, follow, max-snippet:-1, max-image-preview:large, max-video-preview:-1\" \/>\n<link rel=\"canonical\" href=\"https:\/\/hubsch-interior.com\/da\/wp-json\/wp\/v2\/product\/739518\" \/>\n<meta property=\"og:locale\" content=\"da_DK\" \/>\n<meta property=\"og:type\" content=\"article\" \/>\n<meta property=\"og:title\" content=\"Silo Skammel Beige - H\u00fcbsch\" \/>\n<meta property=\"og:description\" content=\"En praktisk, funktionel og behagelig skammel er altid en god id\u00e9. En skammel, som er nem at flytte rundt med, n\u00e5r der dukker uventede g\u00e6ste op. Eller hvis\" \/>\n<meta property=\"og:url\" content=\"https:\/\/hubsch-interior.com\/da\/vare\/silo-skammel-beige\/\" \/>\n<meta property=\"og:site_name\" content=\"H\u00fcbsch\" \/>\n<meta property=\"article:modified_time\" content=\"2026-04-09T02:17:14+00:00\" \/>\n<meta property=\"og:image\" content=\"https:\/\/hubsch-interior.com\/wp-content\/uploads\/2026\/02\/silo-stool-beige-b5790138eeab731408de319c854ad7a1.jpg\" \/>\n\t<meta property=\"og:image:width\" content=\"1024\" \/>\n\t<meta property=\"og:image:height\" content=\"1024\" \/>\n\t<meta property=\"og:image:type\" content=\"image\/jpeg\" \/>\n<meta name=\"twitter:card\" content=\"summary_large_image\" \/>\n<script type=\"application\/ld+json\" class=\"yoast-schema-graph\">{\"@context\":\"https:\/\/schema.org\",\"@graph\":[{\"@type\":\"WebPage\",\"@id\":\"https:\/\/hubsch-interior.com\/da\/vare\/silo-skammel-beige\/\",\"url\":\"https:\/\/hubsch-interior.com\/da\/vare\/silo-skammel-beige\/\",\"name\":\"Silo Skammel Beige - H\u00fcbsch\",\"isPartOf\":{\"@id\":\"https:\/\/hubsch-interior.com\/da\/#website\"},\"primaryImageOfPage\":{\"@id\":\"https:\/\/hubsch-interior.com\/da\/vare\/silo-skammel-beige\/#primaryimage\"},\"image\":{\"@id\":\"https:\/\/hubsch-interior.com\/da\/vare\/silo-skammel-beige\/#primaryimage\"},\"thumbnailUrl\":\"https:\/\/hubsch-interior.com\/wp-content\/uploads\/2026\/02\/silo-stool-beige-b5790138eeab731408de319c854ad7a1.jpg\",\"datePublished\":\"2022-02-08T13:33:59+00:00\",\"dateModified\":\"2026-04-09T02:17:14+00:00\",\"description\":\"En praktisk, funktionel og behagelig skammel er altid en god id\u00e9. En skammel, som er nem at flytte rundt med, n\u00e5r der dukker uventede g\u00e6ste op. Eller hvis\",\"breadcrumb\":{\"@id\":\"https:\/\/hubsch-interior.com\/da\/vare\/silo-skammel-beige\/#breadcrumb\"},\"inLanguage\":\"da-DK\",\"potentialAction\":[{\"@type\":\"ReadAction\",\"target\":[\"https:\/\/hubsch-interior.com\/da\/vare\/silo-skammel-beige\/\"]}]},{\"@type\":\"ImageObject\",\"inLanguage\":\"da-DK\",\"@id\":\"https:\/\/hubsch-interior.com\/da\/vare\/silo-skammel-beige\/#primaryimage\",\"url\":\"https:\/\/hubsch-interior.com\/wp-content\/uploads\/2026\/02\/silo-stool-beige-b5790138eeab731408de319c854ad7a1.jpg\",\"contentUrl\":\"https:\/\/hubsch-interior.com\/wp-content\/uploads\/2026\/02\/silo-stool-beige-b5790138eeab731408de319c854ad7a1.jpg\",\"width\":1024,\"height\":1024},{\"@type\":\"BreadcrumbList\",\"@id\":\"https:\/\/hubsch-interior.com\/da\/vare\/silo-skammel-beige\/#breadcrumb\",\"itemListElement\":[{\"@type\":\"ListItem\",\"position\":1,\"name\":\"Forside\",\"item\":\"https:\/\/hubsch-interior.com\/da\/\"},{\"@type\":\"ListItem\",\"position\":2,\"name\":\"Produkter\",\"item\":\"https:\/\/hubsch-interior.com\/da\/produkter\/\"},{\"@type\":\"ListItem\",\"position\":3,\"name\":\"M\u00f8bler\",\"item\":\"https:\/\/hubsch-interior.com\/da\/vare-kategori\/mobler\/\"},{\"@type\":\"ListItem\",\"position\":4,\"name\":\"Siddem&oslash;bler\",\"item\":\"https:\/\/hubsch-interior.com\/da\/vare-kategori\/mobler\/siddemoebler-da\/\"},{\"@type\":\"ListItem\",\"position\":5,\"name\":\"Skamler\",\"item\":\"https:\/\/hubsch-interior.com\/da\/vare-kategori\/mobler\/siddemoebler-da\/skamler-da\/\"},{\"@type\":\"ListItem\",\"position\":6,\"name\":\"Silo Skammel Beige\"}]},{\"@type\":\"WebSite\",\"@id\":\"https:\/\/hubsch-interior.com\/da\/#website\",\"url\":\"https:\/\/hubsch-interior.com\/da\/\",\"name\":\"H\u00fcbsch\",\"description\":\"Danish Home Interior and Design\",\"publisher\":{\"@id\":\"https:\/\/hubsch-interior.com\/da\/#organization\"},\"potentialAction\":[{\"@type\":\"SearchAction\",\"target\":{\"@type\":\"EntryPoint\",\"urlTemplate\":\"https:\/\/hubsch-interior.com\/da\/?s={search_term_string}\"},\"query-input\":{\"@type\":\"PropertyValueSpecification\",\"valueRequired\":true,\"valueName\":\"search_term_string\"}}],\"inLanguage\":\"da-DK\"},{\"@type\":\"Organization\",\"@id\":\"https:\/\/hubsch-interior.com\/da\/#organization\",\"name\":\"H\u00fcbsch\",\"url\":\"https:\/\/hubsch-interior.com\/da\/\",\"logo\":{\"@type\":\"ImageObject\",\"inLanguage\":\"da-DK\",\"@id\":\"https:\/\/hubsch-interior.com\/da\/#\/schema\/logo\/image\/\",\"url\":\"https:\/\/hubsch-interior.com\/wp-content\/uploads\/2022\/12\/Hubsch_logo_black_one_line.svg\",\"contentUrl\":\"https:\/\/hubsch-interior.com\/wp-content\/uploads\/2022\/12\/Hubsch_logo_black_one_line.svg\",\"caption\":\"H\u00fcbsch\"},\"image\":{\"@id\":\"https:\/\/hubsch-interior.com\/da\/#\/schema\/logo\/image\/\"}}]}<\/script>\n<!-- \/ Yoast SEO plugin. -->","yoast_head_json":{"title":"Silo Skammel Beige - H\u00fcbsch","description":"En praktisk, funktionel og behagelig skammel er altid en god id\u00e9. En skammel, som er nem at flytte rundt med, n\u00e5r der dukker uventede g\u00e6ste op. Eller hvis","robots":{"index":"index","follow":"follow","max-snippet":"max-snippet:-1","max-image-preview":"max-image-preview:large","max-video-preview":"max-video-preview:-1"},"canonical":"https:\/\/hubsch-interior.com\/da\/wp-json\/wp\/v2\/product\/739518","og_locale":"da_DK","og_type":"article","og_title":"Silo Skammel Beige - H\u00fcbsch","og_description":"En praktisk, funktionel og behagelig skammel er altid en god id\u00e9. En skammel, som er nem at flytte rundt med, n\u00e5r der dukker uventede g\u00e6ste op. Eller hvis","og_url":"https:\/\/hubsch-interior.com\/da\/vare\/silo-skammel-beige\/","og_site_name":"H\u00fcbsch","article_modified_time":"2026-04-09T02:17:14+00:00","og_image":[{"width":1024,"height":1024,"url":"https:\/\/hubsch-interior.com\/wp-content\/uploads\/2026\/02\/silo-stool-beige-b5790138eeab731408de319c854ad7a1.jpg","type":"image\/jpeg"}],"twitter_card":"summary_large_image","schema":{"@context":"https:\/\/schema.org","@graph":[{"@type":"WebPage","@id":"https:\/\/hubsch-interior.com\/da\/vare\/silo-skammel-beige\/","url":"https:\/\/hubsch-interior.com\/da\/vare\/silo-skammel-beige\/","name":"Silo Skammel Beige - H\u00fcbsch","isPartOf":{"@id":"https:\/\/hubsch-interior.com\/da\/#website"},"primaryImageOfPage":{"@id":"https:\/\/hubsch-interior.com\/da\/vare\/silo-skammel-beige\/#primaryimage"},"image":{"@id":"https:\/\/hubsch-interior.com\/da\/vare\/silo-skammel-beige\/#primaryimage"},"thumbnailUrl":"https:\/\/hubsch-interior.com\/wp-content\/uploads\/2026\/02\/silo-stool-beige-b5790138eeab731408de319c854ad7a1.jpg","datePublished":"2022-02-08T13:33:59+00:00","dateModified":"2026-04-09T02:17:14+00:00","description":"En praktisk, funktionel og behagelig skammel er altid en god id\u00e9. En skammel, som er nem at flytte rundt med, n\u00e5r der dukker uventede g\u00e6ste op. Eller hvis","breadcrumb":{"@id":"https:\/\/hubsch-interior.com\/da\/vare\/silo-skammel-beige\/#breadcrumb"},"inLanguage":"da-DK","potentialAction":[{"@type":"ReadAction","target":["https:\/\/hubsch-interior.com\/da\/vare\/silo-skammel-beige\/"]}]},{"@type":"ImageObject","inLanguage":"da-DK","@id":"https:\/\/hubsch-interior.com\/da\/vare\/silo-skammel-beige\/#primaryimage","url":"https:\/\/hubsch-interior.com\/wp-content\/uploads\/2026\/02\/silo-stool-beige-b5790138eeab731408de319c854ad7a1.jpg","contentUrl":"https:\/\/hubsch-interior.com\/wp-content\/uploads\/2026\/02\/silo-stool-beige-b5790138eeab731408de319c854ad7a1.jpg","width":1024,"height":1024},{"@type":"BreadcrumbList","@id":"https:\/\/hubsch-interior.com\/da\/vare\/silo-skammel-beige\/#breadcrumb","itemListElement":[{"@type":"ListItem","position":1,"name":"Forside","item":"https:\/\/hubsch-interior.com\/da\/"},{"@type":"ListItem","position":2,"name":"Produkter","item":"https:\/\/hubsch-interior.com\/da\/produkter\/"},{"@type":"ListItem","position":3,"name":"M\u00f8bler","item":"https:\/\/hubsch-interior.com\/da\/vare-kategori\/mobler\/"},{"@type":"ListItem","position":4,"name":"Siddem&oslash;bler","item":"https:\/\/hubsch-interior.com\/da\/vare-kategori\/mobler\/siddemoebler-da\/"},{"@type":"ListItem","position":5,"name":"Skamler","item":"https:\/\/hubsch-interior.com\/da\/vare-kategori\/mobler\/siddemoebler-da\/skamler-da\/"},{"@type":"ListItem","position":6,"name":"Silo Skammel Beige"}]},{"@type":"WebSite","@id":"https:\/\/hubsch-interior.com\/da\/#website","url":"https:\/\/hubsch-interior.com\/da\/","name":"H\u00fcbsch","description":"Danish Home Interior and Design","publisher":{"@id":"https:\/\/hubsch-interior.com\/da\/#organization"},"potentialAction":[{"@type":"SearchAction","target":{"@type":"EntryPoint","urlTemplate":"https:\/\/hubsch-interior.com\/da\/?s={search_term_string}"},"query-input":{"@type":"PropertyValueSpecification","valueRequired":true,"valueName":"search_term_string"}}],"inLanguage":"da-DK"},{"@type":"Organization","@id":"https:\/\/hubsch-interior.com\/da\/#organization","name":"H\u00fcbsch","url":"https:\/\/hubsch-interior.com\/da\/","logo":{"@type":"ImageObject","inLanguage":"da-DK","@id":"https:\/\/hubsch-interior.com\/da\/#\/schema\/logo\/image\/","url":"https:\/\/hubsch-interior.com\/wp-content\/uploads\/2022\/12\/Hubsch_logo_black_one_line.svg","contentUrl":"https:\/\/hubsch-interior.com\/wp-content\/uploads\/2022\/12\/Hubsch_logo_black_one_line.svg","caption":"H\u00fcbsch"},"image":{"@id":"https:\/\/hubsch-interior.com\/da\/#\/schema\/logo\/image\/"}}]}},"_links":{"self":[{"href":"https:\/\/hubsch-interior.com\/da\/wp-json\/wp\/v2\/product\/739518","targetHints":{"allow":["GET"]}}],"collection":[{"href":"https:\/\/hubsch-interior.com\/da\/wp-json\/wp\/v2\/product"}],"about":[{"href":"https:\/\/hubsch-interior.com\/da\/wp-json\/wp\/v2\/types\/product"}],"wp:featuredmedia":[{"embeddable":true,"href":"https:\/\/hubsch-interior.com\/da\/wp-json\/wp\/v2\/media\/1112775"}],"wp:attachment":[{"href":"https:\/\/hubsch-interior.com\/da\/wp-json\/wp\/v2\/media?parent=739518"}],"wp:term":[{"taxonomy":"product_brand","embeddable":true,"href":"https:\/\/hubsch-interior.com\/da\/wp-json\/wp\/v2\/product_brand?post=739518"},{"taxonomy":"product_cat","embeddable":true,"href":"https:\/\/hubsch-interior.com\/da\/wp-json\/wp\/v2\/product_cat?post=739518"},{"taxonomy":"product_tag","embeddable":true,"href":"https:\/\/hubsch-interior.com\/da\/wp-json\/wp\/v2\/product_tag?post=739518"}],"curies":[{"name":"wp","href":"https:\/\/api.w.org\/{rel}","templated":true}]}}