{"id":739794,"date":"2022-02-08T14:35:34","date_gmt":"2022-02-08T13:35:34","guid":{"rendered":"https:\/\/hubsch-interior.com\/product\/product\/"},"modified":"2026-04-09T04:21:41","modified_gmt":"2026-04-09T02:21:41","slug":"charm-spejl-natur","status":"publish","type":"product","link":"https:\/\/hubsch-interior.com\/da\/vare\/charm-spejl-natur\/","title":{"rendered":"Charm Spejl Natur"},"content":{"rendered":"<p>At give dig selv et charmerende smil, n\u00e5r du ser dig selv i spejlet, er en super fin m\u00e5de at starte dagen p\u00e5. Et simpelt &#8220;Hej Smukke&#8221; er nok. Et spejl p\u00e5 v\u00e6ggen er en perfekt m\u00e5de at f\u00e5 et rum til at virke st\u00f8rre og reflektere lys. Kombineret med gl\u00e6den ved det herlige v\u00e6gspejl Mirror, s\u00e5 kommer du helt sikkert til at f\u00e5 en god dag. <\/p>\n","protected":false},"excerpt":{"rendered":"<p>At give dig selv et charmerende smil, n\u00e5r du ser dig selv i spejlet, er en super fin m\u00e5de at starte dagen p\u00e5. Et simpelt &#8220;Hej Smukke&#8221; er nok. Et spejl p\u00e5 v\u00e6ggen er en perfekt m\u00e5de at f\u00e5 et rum til at virke st\u00f8rre og reflektere lys. Kombineret med gl\u00e6den ved det herlige v\u00e6gspejl [&hellip;]<\/p>\n","protected":false},"featured_media":1094693,"template":"","meta":{"_acf_changed":false,"inline_featured_image":false},"product_brand":[],"product_cat":[5025,2921,2922],"product_tag":[],"class_list":{"0":"post-739794","1":"product","2":"type-product","3":"status-publish","4":"has-post-thumbnail","6":"product_cat-bestsellers-da","7":"product_cat-spejle-da","8":"product_cat-vaegspejle-da","9":"product_shipping_class-pk","11":"pa_color-natur-2","12":"pa_material-bambus-da","13":"pa_material-spejlglas","15":"first","16":"instock","17":"featured","18":"taxable","19":"shipping-taxable","20":"purchasable","21":"product-type-simple"},"exclude_global_add_ons":[],"addons":[],"acf":[],"yoast_head":"<!-- This site is optimized with the Yoast SEO plugin v26.4 - https:\/\/yoast.com\/wordpress\/plugins\/seo\/ -->\n<title>Charm Spejl Natur - H\u00fcbsch<\/title>\n<meta name=\"description\" content=\"At give dig selv et charmerende smil, n\u00e5r du ser dig selv i spejlet, er en super fin m\u00e5de at starte dagen p\u00e5. Et simpelt &quot;Hej Smukke&quot; er nok. Et spejl p\u00e5\" \/>\n<meta name=\"robots\" content=\"index, follow, max-snippet:-1, max-image-preview:large, max-video-preview:-1\" \/>\n<link rel=\"canonical\" href=\"https:\/\/hubsch-interior.com\/da\/wp-json\/wp\/v2\/product\/739794\" \/>\n<meta property=\"og:locale\" content=\"da_DK\" \/>\n<meta property=\"og:type\" content=\"article\" \/>\n<meta property=\"og:title\" content=\"Charm Spejl Natur - H\u00fcbsch\" \/>\n<meta property=\"og:description\" content=\"At give dig selv et charmerende smil, n\u00e5r du ser dig selv i spejlet, er en super fin m\u00e5de at starte dagen p\u00e5. Et simpelt &quot;Hej Smukke&quot; er nok. Et spejl p\u00e5\" \/>\n<meta property=\"og:url\" content=\"https:\/\/hubsch-interior.com\/da\/vare\/charm-spejl-natur\/\" \/>\n<meta property=\"og:site_name\" content=\"H\u00fcbsch\" \/>\n<meta property=\"article:modified_time\" content=\"2026-04-09T02:21:41+00:00\" \/>\n<meta property=\"og:image\" content=\"https:\/\/hubsch-interior.com\/wp-content\/uploads\/2023\/08\/charm-mirror-natural-6980a27c350985c0f09822a3de5f8705.jpg\" \/>\n\t<meta property=\"og:image:width\" content=\"1200\" \/>\n\t<meta property=\"og:image:height\" content=\"1200\" \/>\n\t<meta property=\"og:image:type\" content=\"image\/jpeg\" \/>\n<meta name=\"twitter:card\" content=\"summary_large_image\" \/>\n<script type=\"application\/ld+json\" class=\"yoast-schema-graph\">{\"@context\":\"https:\/\/schema.org\",\"@graph\":[{\"@type\":\"WebPage\",\"@id\":\"https:\/\/hubsch-interior.com\/da\/vare\/charm-spejl-natur\/\",\"url\":\"https:\/\/hubsch-interior.com\/da\/vare\/charm-spejl-natur\/\",\"name\":\"Charm Spejl Natur - H\u00fcbsch\",\"isPartOf\":{\"@id\":\"https:\/\/hubsch-interior.com\/da\/#website\"},\"primaryImageOfPage\":{\"@id\":\"https:\/\/hubsch-interior.com\/da\/vare\/charm-spejl-natur\/#primaryimage\"},\"image\":{\"@id\":\"https:\/\/hubsch-interior.com\/da\/vare\/charm-spejl-natur\/#primaryimage\"},\"thumbnailUrl\":\"https:\/\/hubsch-interior.com\/wp-content\/uploads\/2026\/02\/charm-mirror-natural-1292687887b51cd746864a4ecab13d52.jpg\",\"datePublished\":\"2022-02-08T13:35:34+00:00\",\"dateModified\":\"2026-04-09T02:21:41+00:00\",\"description\":\"At give dig selv et charmerende smil, n\u00e5r du ser dig selv i spejlet, er en super fin m\u00e5de at starte dagen p\u00e5. Et simpelt \\\"Hej Smukke\\\" er nok. Et spejl p\u00e5\",\"breadcrumb\":{\"@id\":\"https:\/\/hubsch-interior.com\/da\/vare\/charm-spejl-natur\/#breadcrumb\"},\"inLanguage\":\"da-DK\",\"potentialAction\":[{\"@type\":\"ReadAction\",\"target\":[\"https:\/\/hubsch-interior.com\/da\/vare\/charm-spejl-natur\/\"]}]},{\"@type\":\"ImageObject\",\"inLanguage\":\"da-DK\",\"@id\":\"https:\/\/hubsch-interior.com\/da\/vare\/charm-spejl-natur\/#primaryimage\",\"url\":\"https:\/\/hubsch-interior.com\/wp-content\/uploads\/2026\/02\/charm-mirror-natural-1292687887b51cd746864a4ecab13d52.jpg\",\"contentUrl\":\"https:\/\/hubsch-interior.com\/wp-content\/uploads\/2026\/02\/charm-mirror-natural-1292687887b51cd746864a4ecab13d52.jpg\",\"width\":1024,\"height\":1024},{\"@type\":\"BreadcrumbList\",\"@id\":\"https:\/\/hubsch-interior.com\/da\/vare\/charm-spejl-natur\/#breadcrumb\",\"itemListElement\":[{\"@type\":\"ListItem\",\"position\":1,\"name\":\"Forside\",\"item\":\"https:\/\/hubsch-interior.com\/da\/\"},{\"@type\":\"ListItem\",\"position\":2,\"name\":\"Produkter\",\"item\":\"https:\/\/hubsch-interior.com\/da\/produkter\/\"},{\"@type\":\"ListItem\",\"position\":3,\"name\":\"Boligtilbeh\u00f8r\",\"item\":\"https:\/\/hubsch-interior.com\/da\/vare-kategori\/boligtilbehor\/\"},{\"@type\":\"ListItem\",\"position\":4,\"name\":\"Spejle\",\"item\":\"https:\/\/hubsch-interior.com\/da\/vare-kategori\/boligtilbehor\/spejle-da\/\"},{\"@type\":\"ListItem\",\"position\":5,\"name\":\"V&aelig;gspejle\",\"item\":\"https:\/\/hubsch-interior.com\/da\/vare-kategori\/boligtilbehor\/spejle-da\/vaegspejle-da\/\"},{\"@type\":\"ListItem\",\"position\":6,\"name\":\"Charm Spejl Natur\"}]},{\"@type\":\"WebSite\",\"@id\":\"https:\/\/hubsch-interior.com\/da\/#website\",\"url\":\"https:\/\/hubsch-interior.com\/da\/\",\"name\":\"H\u00fcbsch\",\"description\":\"Danish Home Interior and Design\",\"publisher\":{\"@id\":\"https:\/\/hubsch-interior.com\/da\/#organization\"},\"potentialAction\":[{\"@type\":\"SearchAction\",\"target\":{\"@type\":\"EntryPoint\",\"urlTemplate\":\"https:\/\/hubsch-interior.com\/da\/?s={search_term_string}\"},\"query-input\":{\"@type\":\"PropertyValueSpecification\",\"valueRequired\":true,\"valueName\":\"search_term_string\"}}],\"inLanguage\":\"da-DK\"},{\"@type\":\"Organization\",\"@id\":\"https:\/\/hubsch-interior.com\/da\/#organization\",\"name\":\"H\u00fcbsch\",\"url\":\"https:\/\/hubsch-interior.com\/da\/\",\"logo\":{\"@type\":\"ImageObject\",\"inLanguage\":\"da-DK\",\"@id\":\"https:\/\/hubsch-interior.com\/da\/#\/schema\/logo\/image\/\",\"url\":\"https:\/\/hubsch-interior.com\/wp-content\/uploads\/2022\/12\/Hubsch_logo_black_one_line.svg\",\"contentUrl\":\"https:\/\/hubsch-interior.com\/wp-content\/uploads\/2022\/12\/Hubsch_logo_black_one_line.svg\",\"caption\":\"H\u00fcbsch\"},\"image\":{\"@id\":\"https:\/\/hubsch-interior.com\/da\/#\/schema\/logo\/image\/\"}}]}<\/script>\n<!-- \/ Yoast SEO plugin. -->","yoast_head_json":{"title":"Charm Spejl Natur - H\u00fcbsch","description":"At give dig selv et charmerende smil, n\u00e5r du ser dig selv i spejlet, er en super fin m\u00e5de at starte dagen p\u00e5. Et simpelt \"Hej Smukke\" er nok. Et spejl p\u00e5","robots":{"index":"index","follow":"follow","max-snippet":"max-snippet:-1","max-image-preview":"max-image-preview:large","max-video-preview":"max-video-preview:-1"},"canonical":"https:\/\/hubsch-interior.com\/da\/wp-json\/wp\/v2\/product\/739794","og_locale":"da_DK","og_type":"article","og_title":"Charm Spejl Natur - H\u00fcbsch","og_description":"At give dig selv et charmerende smil, n\u00e5r du ser dig selv i spejlet, er en super fin m\u00e5de at starte dagen p\u00e5. Et simpelt \"Hej Smukke\" er nok. Et spejl p\u00e5","og_url":"https:\/\/hubsch-interior.com\/da\/vare\/charm-spejl-natur\/","og_site_name":"H\u00fcbsch","article_modified_time":"2026-04-09T02:21:41+00:00","og_image":[{"width":1200,"height":1200,"url":"https:\/\/hubsch-interior.com\/wp-content\/uploads\/2023\/08\/charm-mirror-natural-6980a27c350985c0f09822a3de5f8705.jpg","type":"image\/jpeg"}],"twitter_card":"summary_large_image","schema":{"@context":"https:\/\/schema.org","@graph":[{"@type":"WebPage","@id":"https:\/\/hubsch-interior.com\/da\/vare\/charm-spejl-natur\/","url":"https:\/\/hubsch-interior.com\/da\/vare\/charm-spejl-natur\/","name":"Charm Spejl Natur - H\u00fcbsch","isPartOf":{"@id":"https:\/\/hubsch-interior.com\/da\/#website"},"primaryImageOfPage":{"@id":"https:\/\/hubsch-interior.com\/da\/vare\/charm-spejl-natur\/#primaryimage"},"image":{"@id":"https:\/\/hubsch-interior.com\/da\/vare\/charm-spejl-natur\/#primaryimage"},"thumbnailUrl":"https:\/\/hubsch-interior.com\/wp-content\/uploads\/2026\/02\/charm-mirror-natural-1292687887b51cd746864a4ecab13d52.jpg","datePublished":"2022-02-08T13:35:34+00:00","dateModified":"2026-04-09T02:21:41+00:00","description":"At give dig selv et charmerende smil, n\u00e5r du ser dig selv i spejlet, er en super fin m\u00e5de at starte dagen p\u00e5. Et simpelt \"Hej Smukke\" er nok. Et spejl p\u00e5","breadcrumb":{"@id":"https:\/\/hubsch-interior.com\/da\/vare\/charm-spejl-natur\/#breadcrumb"},"inLanguage":"da-DK","potentialAction":[{"@type":"ReadAction","target":["https:\/\/hubsch-interior.com\/da\/vare\/charm-spejl-natur\/"]}]},{"@type":"ImageObject","inLanguage":"da-DK","@id":"https:\/\/hubsch-interior.com\/da\/vare\/charm-spejl-natur\/#primaryimage","url":"https:\/\/hubsch-interior.com\/wp-content\/uploads\/2026\/02\/charm-mirror-natural-1292687887b51cd746864a4ecab13d52.jpg","contentUrl":"https:\/\/hubsch-interior.com\/wp-content\/uploads\/2026\/02\/charm-mirror-natural-1292687887b51cd746864a4ecab13d52.jpg","width":1024,"height":1024},{"@type":"BreadcrumbList","@id":"https:\/\/hubsch-interior.com\/da\/vare\/charm-spejl-natur\/#breadcrumb","itemListElement":[{"@type":"ListItem","position":1,"name":"Forside","item":"https:\/\/hubsch-interior.com\/da\/"},{"@type":"ListItem","position":2,"name":"Produkter","item":"https:\/\/hubsch-interior.com\/da\/produkter\/"},{"@type":"ListItem","position":3,"name":"Boligtilbeh\u00f8r","item":"https:\/\/hubsch-interior.com\/da\/vare-kategori\/boligtilbehor\/"},{"@type":"ListItem","position":4,"name":"Spejle","item":"https:\/\/hubsch-interior.com\/da\/vare-kategori\/boligtilbehor\/spejle-da\/"},{"@type":"ListItem","position":5,"name":"V&aelig;gspejle","item":"https:\/\/hubsch-interior.com\/da\/vare-kategori\/boligtilbehor\/spejle-da\/vaegspejle-da\/"},{"@type":"ListItem","position":6,"name":"Charm Spejl Natur"}]},{"@type":"WebSite","@id":"https:\/\/hubsch-interior.com\/da\/#website","url":"https:\/\/hubsch-interior.com\/da\/","name":"H\u00fcbsch","description":"Danish Home Interior and Design","publisher":{"@id":"https:\/\/hubsch-interior.com\/da\/#organization"},"potentialAction":[{"@type":"SearchAction","target":{"@type":"EntryPoint","urlTemplate":"https:\/\/hubsch-interior.com\/da\/?s={search_term_string}"},"query-input":{"@type":"PropertyValueSpecification","valueRequired":true,"valueName":"search_term_string"}}],"inLanguage":"da-DK"},{"@type":"Organization","@id":"https:\/\/hubsch-interior.com\/da\/#organization","name":"H\u00fcbsch","url":"https:\/\/hubsch-interior.com\/da\/","logo":{"@type":"ImageObject","inLanguage":"da-DK","@id":"https:\/\/hubsch-interior.com\/da\/#\/schema\/logo\/image\/","url":"https:\/\/hubsch-interior.com\/wp-content\/uploads\/2022\/12\/Hubsch_logo_black_one_line.svg","contentUrl":"https:\/\/hubsch-interior.com\/wp-content\/uploads\/2022\/12\/Hubsch_logo_black_one_line.svg","caption":"H\u00fcbsch"},"image":{"@id":"https:\/\/hubsch-interior.com\/da\/#\/schema\/logo\/image\/"}}]}},"_links":{"self":[{"href":"https:\/\/hubsch-interior.com\/da\/wp-json\/wp\/v2\/product\/739794","targetHints":{"allow":["GET"]}}],"collection":[{"href":"https:\/\/hubsch-interior.com\/da\/wp-json\/wp\/v2\/product"}],"about":[{"href":"https:\/\/hubsch-interior.com\/da\/wp-json\/wp\/v2\/types\/product"}],"wp:featuredmedia":[{"embeddable":true,"href":"https:\/\/hubsch-interior.com\/da\/wp-json\/wp\/v2\/media\/1094693"}],"wp:attachment":[{"href":"https:\/\/hubsch-interior.com\/da\/wp-json\/wp\/v2\/media?parent=739794"}],"wp:term":[{"taxonomy":"product_brand","embeddable":true,"href":"https:\/\/hubsch-interior.com\/da\/wp-json\/wp\/v2\/product_brand?post=739794"},{"taxonomy":"product_cat","embeddable":true,"href":"https:\/\/hubsch-interior.com\/da\/wp-json\/wp\/v2\/product_cat?post=739794"},{"taxonomy":"product_tag","embeddable":true,"href":"https:\/\/hubsch-interior.com\/da\/wp-json\/wp\/v2\/product_tag?post=739794"}],"curies":[{"name":"wp","href":"https:\/\/api.w.org\/{rel}","templated":true}]}}