{"id":739830,"date":"2022-02-08T14:35:47","date_gmt":"2022-02-08T13:35:47","guid":{"rendered":"https:\/\/hubsch-interior.com\/product\/product\/"},"modified":"2026-04-05T04:22:00","modified_gmt":"2026-04-05T02:22:00","slug":"hexa-lanterner-sort-saet-af-2","status":"publish","type":"product","link":"https:\/\/hubsch-interior.com\/da\/vare\/hexa-lanterner-sort-saet-af-2\/","title":{"rendered":"Hexa Lanterner Sort (s\u00e6t af 2)"},"content":{"rendered":"<p>Lanterne fuld af liv. Hvem elsker ikke en smuk lanterne? Lanterne har s\u00e5 meget at give af i form af gl\u00e6de og lys. De forst\u00e5r virkelige at s\u00e6tte den helt rigtige stemning. De sorte bambus Hexa lanterner fungerer perfekt indenfor, n\u00e5r dagene bliver kortere og alt udenfor virker koldt og trist. T\u00e6nd lys og fordyb dig i en god bog eller film. Lanternerne er flotte sammen eller hver for sig. <\/p>\n","protected":false},"excerpt":{"rendered":"<p>Lanterne fuld af liv. Hvem elsker ikke en smuk lanterne? Lanterne har s\u00e5 meget at give af i form af gl\u00e6de og lys. De forst\u00e5r virkelige at s\u00e6tte den helt rigtige stemning. De sorte bambus Hexa lanterner fungerer perfekt indenfor, n\u00e5r dagene bliver kortere og alt udenfor virker koldt og trist. T\u00e6nd lys og fordyb [&hellip;]<\/p>\n","protected":false},"featured_media":1094739,"template":"","meta":{"_acf_changed":false,"inline_featured_image":false},"product_brand":[],"product_cat":[6347,4063,4078],"product_tag":[],"class_list":{"0":"post-739830","1":"product","2":"type-product","3":"status-publish","4":"has-post-thumbnail","6":"product_cat-garden-selection-da","7":"product_cat-lysestager-lanterner-da","8":"product_cat-lanterner-da","9":"product_shipping_class-pk","11":"pa_color-sort","12":"pa_material-bambus-da","13":"pa_material-glas-da","15":"first","16":"instock","17":"taxable","18":"shipping-taxable","19":"purchasable","20":"product-type-simple"},"exclude_global_add_ons":[],"addons":[],"acf":[],"yoast_head":"<!-- This site is optimized with the Yoast SEO plugin v26.4 - https:\/\/yoast.com\/wordpress\/plugins\/seo\/ -->\n<title>Hexa Lanterner Sort (s\u00e6t af 2) - H\u00fcbsch<\/title>\n<meta name=\"description\" content=\"Lanterne fuld af liv. Hvem elsker ikke en smuk lanterne? Lanterne har s\u00e5 meget at give af i form af gl\u00e6de og lys. De forst\u00e5r virkelige at s\u00e6tte den helt\" \/>\n<meta name=\"robots\" content=\"index, follow, max-snippet:-1, max-image-preview:large, max-video-preview:-1\" \/>\n<link rel=\"canonical\" href=\"https:\/\/hubsch-interior.com\/da\/wp-json\/wp\/v2\/product\/739830\" \/>\n<meta property=\"og:locale\" content=\"da_DK\" \/>\n<meta property=\"og:type\" content=\"article\" \/>\n<meta property=\"og:title\" content=\"Hexa Lanterner Sort (s\u00e6t af 2) - H\u00fcbsch\" \/>\n<meta property=\"og:description\" content=\"Lanterne fuld af liv. Hvem elsker ikke en smuk lanterne? Lanterne har s\u00e5 meget at give af i form af gl\u00e6de og lys. De forst\u00e5r virkelige at s\u00e6tte den helt\" \/>\n<meta property=\"og:url\" content=\"https:\/\/hubsch-interior.com\/da\/vare\/hexa-lanterner-sort-saet-af-2\/\" \/>\n<meta property=\"og:site_name\" content=\"H\u00fcbsch\" \/>\n<meta property=\"article:modified_time\" content=\"2026-04-05T02:22:00+00:00\" \/>\n<meta property=\"og:image\" content=\"https:\/\/hubsch-interior.com\/wp-content\/uploads\/2023\/08\/hexa-lanterns-black-set-of-2-984b26fb6c854d837b28eff2dfeafa6d.jpg\" \/>\n\t<meta property=\"og:image:width\" content=\"1200\" \/>\n\t<meta property=\"og:image:height\" content=\"1200\" \/>\n\t<meta property=\"og:image:type\" content=\"image\/jpeg\" \/>\n<meta name=\"twitter:card\" content=\"summary_large_image\" \/>\n<script type=\"application\/ld+json\" class=\"yoast-schema-graph\">{\"@context\":\"https:\/\/schema.org\",\"@graph\":[{\"@type\":\"WebPage\",\"@id\":\"https:\/\/hubsch-interior.com\/da\/vare\/hexa-lanterner-sort-saet-af-2\/\",\"url\":\"https:\/\/hubsch-interior.com\/da\/vare\/hexa-lanterner-sort-saet-af-2\/\",\"name\":\"Hexa Lanterner Sort (s\u00e6t af 2) - H\u00fcbsch\",\"isPartOf\":{\"@id\":\"https:\/\/hubsch-interior.com\/da\/#website\"},\"primaryImageOfPage\":{\"@id\":\"https:\/\/hubsch-interior.com\/da\/vare\/hexa-lanterner-sort-saet-af-2\/#primaryimage\"},\"image\":{\"@id\":\"https:\/\/hubsch-interior.com\/da\/vare\/hexa-lanterner-sort-saet-af-2\/#primaryimage\"},\"thumbnailUrl\":\"https:\/\/hubsch-interior.com\/wp-content\/uploads\/2026\/02\/hexa-lanterns-black-set-of-2-a996be08566c5a66fa4c0813bf640b44.jpg\",\"datePublished\":\"2022-02-08T13:35:47+00:00\",\"dateModified\":\"2026-04-05T02:22:00+00:00\",\"description\":\"Lanterne fuld af liv. Hvem elsker ikke en smuk lanterne? Lanterne har s\u00e5 meget at give af i form af gl\u00e6de og lys. De forst\u00e5r virkelige at s\u00e6tte den helt\",\"breadcrumb\":{\"@id\":\"https:\/\/hubsch-interior.com\/da\/vare\/hexa-lanterner-sort-saet-af-2\/#breadcrumb\"},\"inLanguage\":\"da-DK\",\"potentialAction\":[{\"@type\":\"ReadAction\",\"target\":[\"https:\/\/hubsch-interior.com\/da\/vare\/hexa-lanterner-sort-saet-af-2\/\"]}]},{\"@type\":\"ImageObject\",\"inLanguage\":\"da-DK\",\"@id\":\"https:\/\/hubsch-interior.com\/da\/vare\/hexa-lanterner-sort-saet-af-2\/#primaryimage\",\"url\":\"https:\/\/hubsch-interior.com\/wp-content\/uploads\/2026\/02\/hexa-lanterns-black-set-of-2-a996be08566c5a66fa4c0813bf640b44.jpg\",\"contentUrl\":\"https:\/\/hubsch-interior.com\/wp-content\/uploads\/2026\/02\/hexa-lanterns-black-set-of-2-a996be08566c5a66fa4c0813bf640b44.jpg\",\"width\":1024,\"height\":1024},{\"@type\":\"BreadcrumbList\",\"@id\":\"https:\/\/hubsch-interior.com\/da\/vare\/hexa-lanterner-sort-saet-af-2\/#breadcrumb\",\"itemListElement\":[{\"@type\":\"ListItem\",\"position\":1,\"name\":\"Forside\",\"item\":\"https:\/\/hubsch-interior.com\/da\/\"},{\"@type\":\"ListItem\",\"position\":2,\"name\":\"Produkter\",\"item\":\"https:\/\/hubsch-interior.com\/da\/produkter\/\"},{\"@type\":\"ListItem\",\"position\":3,\"name\":\"Boligtilbeh\u00f8r\",\"item\":\"https:\/\/hubsch-interior.com\/da\/vare-kategori\/boligtilbehor\/\"},{\"@type\":\"ListItem\",\"position\":4,\"name\":\"Lysestager &amp; Lanterner\",\"item\":\"https:\/\/hubsch-interior.com\/da\/vare-kategori\/boligtilbehor\/lysestager-lanterner-da\/\"},{\"@type\":\"ListItem\",\"position\":5,\"name\":\"Lanterner\",\"item\":\"https:\/\/hubsch-interior.com\/da\/vare-kategori\/boligtilbehor\/lysestager-lanterner-da\/lanterner-da\/\"},{\"@type\":\"ListItem\",\"position\":6,\"name\":\"Hexa Lanterner Sort (s\u00e6t af 2)\"}]},{\"@type\":\"WebSite\",\"@id\":\"https:\/\/hubsch-interior.com\/da\/#website\",\"url\":\"https:\/\/hubsch-interior.com\/da\/\",\"name\":\"H\u00fcbsch\",\"description\":\"Danish Home Interior and Design\",\"publisher\":{\"@id\":\"https:\/\/hubsch-interior.com\/da\/#organization\"},\"potentialAction\":[{\"@type\":\"SearchAction\",\"target\":{\"@type\":\"EntryPoint\",\"urlTemplate\":\"https:\/\/hubsch-interior.com\/da\/?s={search_term_string}\"},\"query-input\":{\"@type\":\"PropertyValueSpecification\",\"valueRequired\":true,\"valueName\":\"search_term_string\"}}],\"inLanguage\":\"da-DK\"},{\"@type\":\"Organization\",\"@id\":\"https:\/\/hubsch-interior.com\/da\/#organization\",\"name\":\"H\u00fcbsch\",\"url\":\"https:\/\/hubsch-interior.com\/da\/\",\"logo\":{\"@type\":\"ImageObject\",\"inLanguage\":\"da-DK\",\"@id\":\"https:\/\/hubsch-interior.com\/da\/#\/schema\/logo\/image\/\",\"url\":\"https:\/\/hubsch-interior.com\/wp-content\/uploads\/2022\/12\/Hubsch_logo_black_one_line.svg\",\"contentUrl\":\"https:\/\/hubsch-interior.com\/wp-content\/uploads\/2022\/12\/Hubsch_logo_black_one_line.svg\",\"caption\":\"H\u00fcbsch\"},\"image\":{\"@id\":\"https:\/\/hubsch-interior.com\/da\/#\/schema\/logo\/image\/\"}}]}<\/script>\n<!-- \/ Yoast SEO plugin. -->","yoast_head_json":{"title":"Hexa Lanterner Sort (s\u00e6t af 2) - H\u00fcbsch","description":"Lanterne fuld af liv. Hvem elsker ikke en smuk lanterne? Lanterne har s\u00e5 meget at give af i form af gl\u00e6de og lys. De forst\u00e5r virkelige at s\u00e6tte den helt","robots":{"index":"index","follow":"follow","max-snippet":"max-snippet:-1","max-image-preview":"max-image-preview:large","max-video-preview":"max-video-preview:-1"},"canonical":"https:\/\/hubsch-interior.com\/da\/wp-json\/wp\/v2\/product\/739830","og_locale":"da_DK","og_type":"article","og_title":"Hexa Lanterner Sort (s\u00e6t af 2) - H\u00fcbsch","og_description":"Lanterne fuld af liv. Hvem elsker ikke en smuk lanterne? Lanterne har s\u00e5 meget at give af i form af gl\u00e6de og lys. De forst\u00e5r virkelige at s\u00e6tte den helt","og_url":"https:\/\/hubsch-interior.com\/da\/vare\/hexa-lanterner-sort-saet-af-2\/","og_site_name":"H\u00fcbsch","article_modified_time":"2026-04-05T02:22:00+00:00","og_image":[{"width":1200,"height":1200,"url":"https:\/\/hubsch-interior.com\/wp-content\/uploads\/2023\/08\/hexa-lanterns-black-set-of-2-984b26fb6c854d837b28eff2dfeafa6d.jpg","type":"image\/jpeg"}],"twitter_card":"summary_large_image","schema":{"@context":"https:\/\/schema.org","@graph":[{"@type":"WebPage","@id":"https:\/\/hubsch-interior.com\/da\/vare\/hexa-lanterner-sort-saet-af-2\/","url":"https:\/\/hubsch-interior.com\/da\/vare\/hexa-lanterner-sort-saet-af-2\/","name":"Hexa Lanterner Sort (s\u00e6t af 2) - H\u00fcbsch","isPartOf":{"@id":"https:\/\/hubsch-interior.com\/da\/#website"},"primaryImageOfPage":{"@id":"https:\/\/hubsch-interior.com\/da\/vare\/hexa-lanterner-sort-saet-af-2\/#primaryimage"},"image":{"@id":"https:\/\/hubsch-interior.com\/da\/vare\/hexa-lanterner-sort-saet-af-2\/#primaryimage"},"thumbnailUrl":"https:\/\/hubsch-interior.com\/wp-content\/uploads\/2026\/02\/hexa-lanterns-black-set-of-2-a996be08566c5a66fa4c0813bf640b44.jpg","datePublished":"2022-02-08T13:35:47+00:00","dateModified":"2026-04-05T02:22:00+00:00","description":"Lanterne fuld af liv. Hvem elsker ikke en smuk lanterne? Lanterne har s\u00e5 meget at give af i form af gl\u00e6de og lys. De forst\u00e5r virkelige at s\u00e6tte den helt","breadcrumb":{"@id":"https:\/\/hubsch-interior.com\/da\/vare\/hexa-lanterner-sort-saet-af-2\/#breadcrumb"},"inLanguage":"da-DK","potentialAction":[{"@type":"ReadAction","target":["https:\/\/hubsch-interior.com\/da\/vare\/hexa-lanterner-sort-saet-af-2\/"]}]},{"@type":"ImageObject","inLanguage":"da-DK","@id":"https:\/\/hubsch-interior.com\/da\/vare\/hexa-lanterner-sort-saet-af-2\/#primaryimage","url":"https:\/\/hubsch-interior.com\/wp-content\/uploads\/2026\/02\/hexa-lanterns-black-set-of-2-a996be08566c5a66fa4c0813bf640b44.jpg","contentUrl":"https:\/\/hubsch-interior.com\/wp-content\/uploads\/2026\/02\/hexa-lanterns-black-set-of-2-a996be08566c5a66fa4c0813bf640b44.jpg","width":1024,"height":1024},{"@type":"BreadcrumbList","@id":"https:\/\/hubsch-interior.com\/da\/vare\/hexa-lanterner-sort-saet-af-2\/#breadcrumb","itemListElement":[{"@type":"ListItem","position":1,"name":"Forside","item":"https:\/\/hubsch-interior.com\/da\/"},{"@type":"ListItem","position":2,"name":"Produkter","item":"https:\/\/hubsch-interior.com\/da\/produkter\/"},{"@type":"ListItem","position":3,"name":"Boligtilbeh\u00f8r","item":"https:\/\/hubsch-interior.com\/da\/vare-kategori\/boligtilbehor\/"},{"@type":"ListItem","position":4,"name":"Lysestager &amp; Lanterner","item":"https:\/\/hubsch-interior.com\/da\/vare-kategori\/boligtilbehor\/lysestager-lanterner-da\/"},{"@type":"ListItem","position":5,"name":"Lanterner","item":"https:\/\/hubsch-interior.com\/da\/vare-kategori\/boligtilbehor\/lysestager-lanterner-da\/lanterner-da\/"},{"@type":"ListItem","position":6,"name":"Hexa Lanterner Sort (s\u00e6t af 2)"}]},{"@type":"WebSite","@id":"https:\/\/hubsch-interior.com\/da\/#website","url":"https:\/\/hubsch-interior.com\/da\/","name":"H\u00fcbsch","description":"Danish Home Interior and Design","publisher":{"@id":"https:\/\/hubsch-interior.com\/da\/#organization"},"potentialAction":[{"@type":"SearchAction","target":{"@type":"EntryPoint","urlTemplate":"https:\/\/hubsch-interior.com\/da\/?s={search_term_string}"},"query-input":{"@type":"PropertyValueSpecification","valueRequired":true,"valueName":"search_term_string"}}],"inLanguage":"da-DK"},{"@type":"Organization","@id":"https:\/\/hubsch-interior.com\/da\/#organization","name":"H\u00fcbsch","url":"https:\/\/hubsch-interior.com\/da\/","logo":{"@type":"ImageObject","inLanguage":"da-DK","@id":"https:\/\/hubsch-interior.com\/da\/#\/schema\/logo\/image\/","url":"https:\/\/hubsch-interior.com\/wp-content\/uploads\/2022\/12\/Hubsch_logo_black_one_line.svg","contentUrl":"https:\/\/hubsch-interior.com\/wp-content\/uploads\/2022\/12\/Hubsch_logo_black_one_line.svg","caption":"H\u00fcbsch"},"image":{"@id":"https:\/\/hubsch-interior.com\/da\/#\/schema\/logo\/image\/"}}]}},"_links":{"self":[{"href":"https:\/\/hubsch-interior.com\/da\/wp-json\/wp\/v2\/product\/739830","targetHints":{"allow":["GET"]}}],"collection":[{"href":"https:\/\/hubsch-interior.com\/da\/wp-json\/wp\/v2\/product"}],"about":[{"href":"https:\/\/hubsch-interior.com\/da\/wp-json\/wp\/v2\/types\/product"}],"wp:featuredmedia":[{"embeddable":true,"href":"https:\/\/hubsch-interior.com\/da\/wp-json\/wp\/v2\/media\/1094739"}],"wp:attachment":[{"href":"https:\/\/hubsch-interior.com\/da\/wp-json\/wp\/v2\/media?parent=739830"}],"wp:term":[{"taxonomy":"product_brand","embeddable":true,"href":"https:\/\/hubsch-interior.com\/da\/wp-json\/wp\/v2\/product_brand?post=739830"},{"taxonomy":"product_cat","embeddable":true,"href":"https:\/\/hubsch-interior.com\/da\/wp-json\/wp\/v2\/product_cat?post=739830"},{"taxonomy":"product_tag","embeddable":true,"href":"https:\/\/hubsch-interior.com\/da\/wp-json\/wp\/v2\/product_tag?post=739830"}],"curies":[{"name":"wp","href":"https:\/\/api.w.org\/{rel}","templated":true}]}}