{"id":739926,"date":"2022-02-08T14:40:25","date_gmt":"2022-02-08T13:40:25","guid":{"rendered":"https:\/\/hubsch-interior.com\/product\/product\/"},"modified":"2026-04-09T04:24:22","modified_gmt":"2026-04-09T02:24:22","slug":"confetti-skale-flerfarvet-saet-af-2","status":"publish","type":"product","link":"https:\/\/hubsch-interior.com\/da\/vare\/confetti-skale-flerfarvet-saet-af-2\/","title":{"rendered":"Confetti Sk\u00e5le \u00a0Flerfarvet (s\u00e6t af 2)"},"content":{"rendered":"<p>Har du en erindring af, hvordan dit stuegulv ser ud efter nyt\u00e5rsaften? Fyldt med konfetti og hyggelige minder fra en rigtig god start p\u00e5 det nye \u00e5r ikke? Vi har puttet alt det gode fra en fin fest ned i to glassk\u00e5le, som bare emmer af gode tider. Man kan ikke undg\u00e5 at blive lidt glad i l\u00e5get, n\u00e5r man kigger p\u00e5 dem. De farverige sk\u00e5ler kommer i to forskellige st\u00f8rrelser og fungerer perfekt sammen eller hver for sig. <\/p>\n","protected":false},"excerpt":{"rendered":"<p>Har du en erindring af, hvordan dit stuegulv ser ud efter nyt\u00e5rsaften? Fyldt med konfetti og hyggelige minder fra en rigtig god start p\u00e5 det nye \u00e5r ikke? Vi har puttet alt det gode fra en fin fest ned i to glassk\u00e5le, som bare emmer af gode tider. Man kan ikke undg\u00e5 at blive lidt [&hellip;]<\/p>\n","protected":false},"featured_media":1095522,"template":"","meta":{"_acf_changed":false,"inline_featured_image":false},"product_brand":[],"product_cat":[7025,6970,7042,6347,4051,4094,6517],"product_tag":[],"class_list":{"0":"post-739926","1":"product","2":"type-product","3":"status-publish","4":"has-post-thumbnail","6":"product_cat-bordservice-da-2","7":"product_cat-paaskeudsalg","8":"product_cat-serveringsskaale-da","9":"product_cat-garden-selection-da","10":"product_cat-koekkentilbehoer-da","11":"product_cat-bordservice-da","12":"product_cat-outlet-da","13":"product_shipping_class-pk","15":"pa_color-flerfarvet-2","16":"pa_material-glas-da","18":"first","19":"instock","20":"sale","21":"taxable","22":"shipping-taxable","23":"purchasable","24":"product-type-simple"},"exclude_global_add_ons":[],"addons":[],"acf":[],"yoast_head":"<!-- This site is optimized with the Yoast SEO plugin v26.4 - https:\/\/yoast.com\/wordpress\/plugins\/seo\/ -->\n<title>Confetti Sk\u00e5le \u00a0Flerfarvet (s\u00e6t af 2) - H\u00fcbsch<\/title>\n<meta name=\"description\" content=\"Har du en erindring af, hvordan dit stuegulv ser ud efter nyt\u00e5rsaften? Fyldt med konfetti og hyggelige minder fra en rigtig god start p\u00e5 det nye \u00e5r ikke?\" \/>\n<meta name=\"robots\" content=\"index, follow, max-snippet:-1, max-image-preview:large, max-video-preview:-1\" \/>\n<link rel=\"canonical\" href=\"https:\/\/hubsch-interior.com\/da\/wp-json\/wp\/v2\/product\/739926\" \/>\n<meta property=\"og:locale\" content=\"da_DK\" \/>\n<meta property=\"og:type\" content=\"article\" \/>\n<meta property=\"og:title\" content=\"Confetti Sk\u00e5le \u00a0Flerfarvet (s\u00e6t af 2) - H\u00fcbsch\" \/>\n<meta property=\"og:description\" content=\"Har du en erindring af, hvordan dit stuegulv ser ud efter nyt\u00e5rsaften? Fyldt med konfetti og hyggelige minder fra en rigtig god start p\u00e5 det nye \u00e5r ikke?\" \/>\n<meta property=\"og:url\" content=\"https:\/\/hubsch-interior.com\/da\/vare\/confetti-skale-flerfarvet-saet-af-2\/\" \/>\n<meta property=\"og:site_name\" content=\"H\u00fcbsch\" \/>\n<meta property=\"article:modified_time\" content=\"2026-04-09T02:24:22+00:00\" \/>\n<meta property=\"og:image\" content=\"https:\/\/hubsch-interior.com\/wp-content\/uploads\/2025\/05\/confetti-bowls-multicolour-set-of-2-9ae35f1d0de49a988aae89f6f618f7f3.jpg\" \/>\n\t<meta property=\"og:image:width\" content=\"1200\" \/>\n\t<meta property=\"og:image:height\" content=\"1200\" \/>\n\t<meta property=\"og:image:type\" content=\"image\/jpeg\" \/>\n<meta name=\"twitter:card\" content=\"summary_large_image\" \/>\n<script type=\"application\/ld+json\" class=\"yoast-schema-graph\">{\"@context\":\"https:\/\/schema.org\",\"@graph\":[{\"@type\":\"WebPage\",\"@id\":\"https:\/\/hubsch-interior.com\/da\/vare\/confetti-skale-flerfarvet-saet-af-2\/\",\"url\":\"https:\/\/hubsch-interior.com\/da\/vare\/confetti-skale-flerfarvet-saet-af-2\/\",\"name\":\"Confetti Sk\u00e5le \u00a0Flerfarvet (s\u00e6t af 2) - H\u00fcbsch\",\"isPartOf\":{\"@id\":\"https:\/\/hubsch-interior.com\/da\/#website\"},\"primaryImageOfPage\":{\"@id\":\"https:\/\/hubsch-interior.com\/da\/vare\/confetti-skale-flerfarvet-saet-af-2\/#primaryimage\"},\"image\":{\"@id\":\"https:\/\/hubsch-interior.com\/da\/vare\/confetti-skale-flerfarvet-saet-af-2\/#primaryimage\"},\"thumbnailUrl\":\"https:\/\/hubsch-interior.com\/wp-content\/uploads\/2026\/02\/confetti-bowls-multicolour-set-of-2-38f4be496d0722782486439d8ce4c4f8.jpg\",\"datePublished\":\"2022-02-08T13:40:25+00:00\",\"dateModified\":\"2026-04-09T02:24:22+00:00\",\"description\":\"Har du en erindring af, hvordan dit stuegulv ser ud efter nyt\u00e5rsaften? Fyldt med konfetti og hyggelige minder fra en rigtig god start p\u00e5 det nye \u00e5r ikke?\",\"breadcrumb\":{\"@id\":\"https:\/\/hubsch-interior.com\/da\/vare\/confetti-skale-flerfarvet-saet-af-2\/#breadcrumb\"},\"inLanguage\":\"da-DK\",\"potentialAction\":[{\"@type\":\"ReadAction\",\"target\":[\"https:\/\/hubsch-interior.com\/da\/vare\/confetti-skale-flerfarvet-saet-af-2\/\"]}]},{\"@type\":\"ImageObject\",\"inLanguage\":\"da-DK\",\"@id\":\"https:\/\/hubsch-interior.com\/da\/vare\/confetti-skale-flerfarvet-saet-af-2\/#primaryimage\",\"url\":\"https:\/\/hubsch-interior.com\/wp-content\/uploads\/2026\/02\/confetti-bowls-multicolour-set-of-2-38f4be496d0722782486439d8ce4c4f8.jpg\",\"contentUrl\":\"https:\/\/hubsch-interior.com\/wp-content\/uploads\/2026\/02\/confetti-bowls-multicolour-set-of-2-38f4be496d0722782486439d8ce4c4f8.jpg\",\"width\":1024,\"height\":1024},{\"@type\":\"BreadcrumbList\",\"@id\":\"https:\/\/hubsch-interior.com\/da\/vare\/confetti-skale-flerfarvet-saet-af-2\/#breadcrumb\",\"itemListElement\":[{\"@type\":\"ListItem\",\"position\":1,\"name\":\"Forside\",\"item\":\"https:\/\/hubsch-interior.com\/da\/\"},{\"@type\":\"ListItem\",\"position\":2,\"name\":\"Produkter\",\"item\":\"https:\/\/hubsch-interior.com\/da\/produkter\/\"},{\"@type\":\"ListItem\",\"position\":3,\"name\":\"K\u00f8kken\",\"item\":\"https:\/\/hubsch-interior.com\/da\/vare-kategori\/koekken\/\"},{\"@type\":\"ListItem\",\"position\":4,\"name\":\"Bordservice\",\"item\":\"https:\/\/hubsch-interior.com\/da\/vare-kategori\/koekken\/bordservice-da-2\/\"},{\"@type\":\"ListItem\",\"position\":5,\"name\":\"Serveringssk&aring;le\",\"item\":\"https:\/\/hubsch-interior.com\/da\/vare-kategori\/koekken\/bordservice-da-2\/serveringsskaale-da\/\"},{\"@type\":\"ListItem\",\"position\":6,\"name\":\"Confetti Sk\u00e5le \u00a0Flerfarvet (s\u00e6t af 2)\"}]},{\"@type\":\"WebSite\",\"@id\":\"https:\/\/hubsch-interior.com\/da\/#website\",\"url\":\"https:\/\/hubsch-interior.com\/da\/\",\"name\":\"H\u00fcbsch\",\"description\":\"Danish Home Interior and Design\",\"publisher\":{\"@id\":\"https:\/\/hubsch-interior.com\/da\/#organization\"},\"potentialAction\":[{\"@type\":\"SearchAction\",\"target\":{\"@type\":\"EntryPoint\",\"urlTemplate\":\"https:\/\/hubsch-interior.com\/da\/?s={search_term_string}\"},\"query-input\":{\"@type\":\"PropertyValueSpecification\",\"valueRequired\":true,\"valueName\":\"search_term_string\"}}],\"inLanguage\":\"da-DK\"},{\"@type\":\"Organization\",\"@id\":\"https:\/\/hubsch-interior.com\/da\/#organization\",\"name\":\"H\u00fcbsch\",\"url\":\"https:\/\/hubsch-interior.com\/da\/\",\"logo\":{\"@type\":\"ImageObject\",\"inLanguage\":\"da-DK\",\"@id\":\"https:\/\/hubsch-interior.com\/da\/#\/schema\/logo\/image\/\",\"url\":\"https:\/\/hubsch-interior.com\/wp-content\/uploads\/2022\/12\/Hubsch_logo_black_one_line.svg\",\"contentUrl\":\"https:\/\/hubsch-interior.com\/wp-content\/uploads\/2022\/12\/Hubsch_logo_black_one_line.svg\",\"caption\":\"H\u00fcbsch\"},\"image\":{\"@id\":\"https:\/\/hubsch-interior.com\/da\/#\/schema\/logo\/image\/\"}}]}<\/script>\n<!-- \/ Yoast SEO plugin. -->","yoast_head_json":{"title":"Confetti Sk\u00e5le \u00a0Flerfarvet (s\u00e6t af 2) - H\u00fcbsch","description":"Har du en erindring af, hvordan dit stuegulv ser ud efter nyt\u00e5rsaften? Fyldt med konfetti og hyggelige minder fra en rigtig god start p\u00e5 det nye \u00e5r ikke?","robots":{"index":"index","follow":"follow","max-snippet":"max-snippet:-1","max-image-preview":"max-image-preview:large","max-video-preview":"max-video-preview:-1"},"canonical":"https:\/\/hubsch-interior.com\/da\/wp-json\/wp\/v2\/product\/739926","og_locale":"da_DK","og_type":"article","og_title":"Confetti Sk\u00e5le \u00a0Flerfarvet (s\u00e6t af 2) - H\u00fcbsch","og_description":"Har du en erindring af, hvordan dit stuegulv ser ud efter nyt\u00e5rsaften? Fyldt med konfetti og hyggelige minder fra en rigtig god start p\u00e5 det nye \u00e5r ikke?","og_url":"https:\/\/hubsch-interior.com\/da\/vare\/confetti-skale-flerfarvet-saet-af-2\/","og_site_name":"H\u00fcbsch","article_modified_time":"2026-04-09T02:24:22+00:00","og_image":[{"width":1200,"height":1200,"url":"https:\/\/hubsch-interior.com\/wp-content\/uploads\/2025\/05\/confetti-bowls-multicolour-set-of-2-9ae35f1d0de49a988aae89f6f618f7f3.jpg","type":"image\/jpeg"}],"twitter_card":"summary_large_image","schema":{"@context":"https:\/\/schema.org","@graph":[{"@type":"WebPage","@id":"https:\/\/hubsch-interior.com\/da\/vare\/confetti-skale-flerfarvet-saet-af-2\/","url":"https:\/\/hubsch-interior.com\/da\/vare\/confetti-skale-flerfarvet-saet-af-2\/","name":"Confetti Sk\u00e5le \u00a0Flerfarvet (s\u00e6t af 2) - H\u00fcbsch","isPartOf":{"@id":"https:\/\/hubsch-interior.com\/da\/#website"},"primaryImageOfPage":{"@id":"https:\/\/hubsch-interior.com\/da\/vare\/confetti-skale-flerfarvet-saet-af-2\/#primaryimage"},"image":{"@id":"https:\/\/hubsch-interior.com\/da\/vare\/confetti-skale-flerfarvet-saet-af-2\/#primaryimage"},"thumbnailUrl":"https:\/\/hubsch-interior.com\/wp-content\/uploads\/2026\/02\/confetti-bowls-multicolour-set-of-2-38f4be496d0722782486439d8ce4c4f8.jpg","datePublished":"2022-02-08T13:40:25+00:00","dateModified":"2026-04-09T02:24:22+00:00","description":"Har du en erindring af, hvordan dit stuegulv ser ud efter nyt\u00e5rsaften? Fyldt med konfetti og hyggelige minder fra en rigtig god start p\u00e5 det nye \u00e5r ikke?","breadcrumb":{"@id":"https:\/\/hubsch-interior.com\/da\/vare\/confetti-skale-flerfarvet-saet-af-2\/#breadcrumb"},"inLanguage":"da-DK","potentialAction":[{"@type":"ReadAction","target":["https:\/\/hubsch-interior.com\/da\/vare\/confetti-skale-flerfarvet-saet-af-2\/"]}]},{"@type":"ImageObject","inLanguage":"da-DK","@id":"https:\/\/hubsch-interior.com\/da\/vare\/confetti-skale-flerfarvet-saet-af-2\/#primaryimage","url":"https:\/\/hubsch-interior.com\/wp-content\/uploads\/2026\/02\/confetti-bowls-multicolour-set-of-2-38f4be496d0722782486439d8ce4c4f8.jpg","contentUrl":"https:\/\/hubsch-interior.com\/wp-content\/uploads\/2026\/02\/confetti-bowls-multicolour-set-of-2-38f4be496d0722782486439d8ce4c4f8.jpg","width":1024,"height":1024},{"@type":"BreadcrumbList","@id":"https:\/\/hubsch-interior.com\/da\/vare\/confetti-skale-flerfarvet-saet-af-2\/#breadcrumb","itemListElement":[{"@type":"ListItem","position":1,"name":"Forside","item":"https:\/\/hubsch-interior.com\/da\/"},{"@type":"ListItem","position":2,"name":"Produkter","item":"https:\/\/hubsch-interior.com\/da\/produkter\/"},{"@type":"ListItem","position":3,"name":"K\u00f8kken","item":"https:\/\/hubsch-interior.com\/da\/vare-kategori\/koekken\/"},{"@type":"ListItem","position":4,"name":"Bordservice","item":"https:\/\/hubsch-interior.com\/da\/vare-kategori\/koekken\/bordservice-da-2\/"},{"@type":"ListItem","position":5,"name":"Serveringssk&aring;le","item":"https:\/\/hubsch-interior.com\/da\/vare-kategori\/koekken\/bordservice-da-2\/serveringsskaale-da\/"},{"@type":"ListItem","position":6,"name":"Confetti Sk\u00e5le \u00a0Flerfarvet (s\u00e6t af 2)"}]},{"@type":"WebSite","@id":"https:\/\/hubsch-interior.com\/da\/#website","url":"https:\/\/hubsch-interior.com\/da\/","name":"H\u00fcbsch","description":"Danish Home Interior and Design","publisher":{"@id":"https:\/\/hubsch-interior.com\/da\/#organization"},"potentialAction":[{"@type":"SearchAction","target":{"@type":"EntryPoint","urlTemplate":"https:\/\/hubsch-interior.com\/da\/?s={search_term_string}"},"query-input":{"@type":"PropertyValueSpecification","valueRequired":true,"valueName":"search_term_string"}}],"inLanguage":"da-DK"},{"@type":"Organization","@id":"https:\/\/hubsch-interior.com\/da\/#organization","name":"H\u00fcbsch","url":"https:\/\/hubsch-interior.com\/da\/","logo":{"@type":"ImageObject","inLanguage":"da-DK","@id":"https:\/\/hubsch-interior.com\/da\/#\/schema\/logo\/image\/","url":"https:\/\/hubsch-interior.com\/wp-content\/uploads\/2022\/12\/Hubsch_logo_black_one_line.svg","contentUrl":"https:\/\/hubsch-interior.com\/wp-content\/uploads\/2022\/12\/Hubsch_logo_black_one_line.svg","caption":"H\u00fcbsch"},"image":{"@id":"https:\/\/hubsch-interior.com\/da\/#\/schema\/logo\/image\/"}}]}},"_links":{"self":[{"href":"https:\/\/hubsch-interior.com\/da\/wp-json\/wp\/v2\/product\/739926","targetHints":{"allow":["GET"]}}],"collection":[{"href":"https:\/\/hubsch-interior.com\/da\/wp-json\/wp\/v2\/product"}],"about":[{"href":"https:\/\/hubsch-interior.com\/da\/wp-json\/wp\/v2\/types\/product"}],"wp:featuredmedia":[{"embeddable":true,"href":"https:\/\/hubsch-interior.com\/da\/wp-json\/wp\/v2\/media\/1095522"}],"wp:attachment":[{"href":"https:\/\/hubsch-interior.com\/da\/wp-json\/wp\/v2\/media?parent=739926"}],"wp:term":[{"taxonomy":"product_brand","embeddable":true,"href":"https:\/\/hubsch-interior.com\/da\/wp-json\/wp\/v2\/product_brand?post=739926"},{"taxonomy":"product_cat","embeddable":true,"href":"https:\/\/hubsch-interior.com\/da\/wp-json\/wp\/v2\/product_cat?post=739926"},{"taxonomy":"product_tag","embeddable":true,"href":"https:\/\/hubsch-interior.com\/da\/wp-json\/wp\/v2\/product_tag?post=739926"}],"curies":[{"name":"wp","href":"https:\/\/api.w.org\/{rel}","templated":true}]}}