{"id":740042,"date":"2022-02-08T14:49:01","date_gmt":"2022-02-08T13:49:01","guid":{"rendered":"https:\/\/hubsch-interior.com\/product\/product\/"},"modified":"2026-04-05T04:35:51","modified_gmt":"2026-04-05T02:35:51","slug":"faye-kurv-airy-beige-brun-rodbrun","status":"publish","type":"product","link":"https:\/\/hubsch-interior.com\/da\/vare\/faye-kurv-airy-beige-brun-rodbrun\/","title":{"rendered":"Faye Kurv Airy Beige\/Brun\/R\u00f8dbrun"},"content":{"rendered":"<p>Smuk og dramatisk! S\u00e5dan vil vi beskrive den h\u00e6ndv\u00e6vede h\u00e6ngekurv Faye Airy. Det fine m\u00f8nster med striber af v\u00e6vet brun, sort og naturfarvet papirstr\u00e5d er s\u00e5 smukt. Vil du gerne have lidt havestemning indenfor? S\u00e5 anbefaler vi Faye kurven. H\u00e6ng en eller flere og skab den helt rigtige indend\u00f8rs havestemning. H\u00e6ng flere og f\u00e5 ren indend\u00f8rs havelykke. Jo flere des bedre.<\/p>\n","protected":false},"excerpt":{"rendered":"<p>Smuk og dramatisk! S\u00e5dan vil vi beskrive den h\u00e6ndv\u00e6vede h\u00e6ngekurv Faye Airy. Det fine m\u00f8nster med striber af v\u00e6vet brun, sort og naturfarvet papirstr\u00e5d er s\u00e5 smukt. Vil du gerne have lidt havestemning indenfor? S\u00e5 anbefaler vi Faye kurven. H\u00e6ng en eller flere og skab den helt rigtige indend\u00f8rs havestemning. H\u00e6ng flere og f\u00e5 ren [&hellip;]<\/p>\n","protected":false},"featured_media":1098413,"template":"","meta":{"_acf_changed":false,"inline_featured_image":false},"product_brand":[],"product_cat":[4927,4074,3109,4912],"product_tag":[],"class_list":{"0":"post-740042","1":"product","2":"type-product","3":"status-publish","4":"has-post-thumbnail","6":"product_cat-haengepotter-da","7":"product_cat-kurve-da","8":"product_cat-opbevaring-da","9":"product_cat-potter-vandkander-da","10":"product_shipping_class-pk","12":"pa_color-beige-2","13":"pa_color-brun","14":"pa_color-rdbrun","15":"pa_material-papir-da","17":"first","18":"instock","19":"taxable","20":"shipping-taxable","21":"purchasable","22":"product-type-simple"},"exclude_global_add_ons":[],"addons":[],"acf":[],"yoast_head":"<!-- This site is optimized with the Yoast SEO plugin v26.4 - https:\/\/yoast.com\/wordpress\/plugins\/seo\/ -->\n<title>Faye Kurv Airy Beige\/Brun\/R\u00f8dbrun - H\u00fcbsch<\/title>\n<meta name=\"description\" content=\"Smuk og dramatisk! S\u00e5dan vil vi beskrive den h\u00e6ndv\u00e6vede h\u00e6ngekurv Faye Airy. Det fine m\u00f8nster med striber af v\u00e6vet brun, sort og naturfarvet papirstr\u00e5d er\" \/>\n<meta name=\"robots\" content=\"index, follow, max-snippet:-1, max-image-preview:large, max-video-preview:-1\" \/>\n<link rel=\"canonical\" href=\"https:\/\/hubsch-interior.com\/da\/wp-json\/wp\/v2\/product\/740042\" \/>\n<meta property=\"og:locale\" content=\"da_DK\" \/>\n<meta property=\"og:type\" content=\"article\" \/>\n<meta property=\"og:title\" content=\"Faye Kurv Airy Beige\/Brun\/R\u00f8dbrun - H\u00fcbsch\" \/>\n<meta property=\"og:description\" content=\"Smuk og dramatisk! S\u00e5dan vil vi beskrive den h\u00e6ndv\u00e6vede h\u00e6ngekurv Faye Airy. Det fine m\u00f8nster med striber af v\u00e6vet brun, sort og naturfarvet papirstr\u00e5d er\" \/>\n<meta property=\"og:url\" content=\"https:\/\/hubsch-interior.com\/da\/vare\/faye-kurv-airy-beige-brun-rodbrun\/\" \/>\n<meta property=\"og:site_name\" content=\"H\u00fcbsch\" \/>\n<meta property=\"article:modified_time\" content=\"2026-04-05T02:35:51+00:00\" \/>\n<meta property=\"og:image\" content=\"https:\/\/hubsch-interior.com\/wp-content\/uploads\/2026\/02\/faye-basket-airy-beigebrownmaroon-baab53d75bbff2ea94439a20e545e5a6.jpg\" \/>\n\t<meta property=\"og:image:width\" content=\"1024\" \/>\n\t<meta property=\"og:image:height\" content=\"1024\" \/>\n\t<meta property=\"og:image:type\" content=\"image\/jpeg\" \/>\n<meta name=\"twitter:card\" content=\"summary_large_image\" \/>\n<script type=\"application\/ld+json\" class=\"yoast-schema-graph\">{\"@context\":\"https:\/\/schema.org\",\"@graph\":[{\"@type\":\"WebPage\",\"@id\":\"https:\/\/hubsch-interior.com\/da\/vare\/faye-kurv-airy-beige-brun-rodbrun\/\",\"url\":\"https:\/\/hubsch-interior.com\/da\/vare\/faye-kurv-airy-beige-brun-rodbrun\/\",\"name\":\"Faye Kurv Airy Beige\/Brun\/R\u00f8dbrun - H\u00fcbsch\",\"isPartOf\":{\"@id\":\"https:\/\/hubsch-interior.com\/da\/#website\"},\"primaryImageOfPage\":{\"@id\":\"https:\/\/hubsch-interior.com\/da\/vare\/faye-kurv-airy-beige-brun-rodbrun\/#primaryimage\"},\"image\":{\"@id\":\"https:\/\/hubsch-interior.com\/da\/vare\/faye-kurv-airy-beige-brun-rodbrun\/#primaryimage\"},\"thumbnailUrl\":\"https:\/\/hubsch-interior.com\/wp-content\/uploads\/2026\/02\/faye-basket-airy-beigebrownmaroon-baab53d75bbff2ea94439a20e545e5a6.jpg\",\"datePublished\":\"2022-02-08T13:49:01+00:00\",\"dateModified\":\"2026-04-05T02:35:51+00:00\",\"description\":\"Smuk og dramatisk! S\u00e5dan vil vi beskrive den h\u00e6ndv\u00e6vede h\u00e6ngekurv Faye Airy. Det fine m\u00f8nster med striber af v\u00e6vet brun, sort og naturfarvet papirstr\u00e5d er\",\"breadcrumb\":{\"@id\":\"https:\/\/hubsch-interior.com\/da\/vare\/faye-kurv-airy-beige-brun-rodbrun\/#breadcrumb\"},\"inLanguage\":\"da-DK\",\"potentialAction\":[{\"@type\":\"ReadAction\",\"target\":[\"https:\/\/hubsch-interior.com\/da\/vare\/faye-kurv-airy-beige-brun-rodbrun\/\"]}]},{\"@type\":\"ImageObject\",\"inLanguage\":\"da-DK\",\"@id\":\"https:\/\/hubsch-interior.com\/da\/vare\/faye-kurv-airy-beige-brun-rodbrun\/#primaryimage\",\"url\":\"https:\/\/hubsch-interior.com\/wp-content\/uploads\/2026\/02\/faye-basket-airy-beigebrownmaroon-baab53d75bbff2ea94439a20e545e5a6.jpg\",\"contentUrl\":\"https:\/\/hubsch-interior.com\/wp-content\/uploads\/2026\/02\/faye-basket-airy-beigebrownmaroon-baab53d75bbff2ea94439a20e545e5a6.jpg\",\"width\":1024,\"height\":1024},{\"@type\":\"BreadcrumbList\",\"@id\":\"https:\/\/hubsch-interior.com\/da\/vare\/faye-kurv-airy-beige-brun-rodbrun\/#breadcrumb\",\"itemListElement\":[{\"@type\":\"ListItem\",\"position\":1,\"name\":\"Forside\",\"item\":\"https:\/\/hubsch-interior.com\/da\/\"},{\"@type\":\"ListItem\",\"position\":2,\"name\":\"Produkter\",\"item\":\"https:\/\/hubsch-interior.com\/da\/produkter\/\"},{\"@type\":\"ListItem\",\"position\":3,\"name\":\"Boligtilbeh\u00f8r\",\"item\":\"https:\/\/hubsch-interior.com\/da\/vare-kategori\/boligtilbehor\/\"},{\"@type\":\"ListItem\",\"position\":4,\"name\":\"Opbevaring\",\"item\":\"https:\/\/hubsch-interior.com\/da\/vare-kategori\/boligtilbehor\/opbevaring-da\/\"},{\"@type\":\"ListItem\",\"position\":5,\"name\":\"Kurve\",\"item\":\"https:\/\/hubsch-interior.com\/da\/vare-kategori\/boligtilbehor\/opbevaring-da\/kurve-da\/\"},{\"@type\":\"ListItem\",\"position\":6,\"name\":\"Faye Kurv Airy Beige\/Brun\/R\u00f8dbrun\"}]},{\"@type\":\"WebSite\",\"@id\":\"https:\/\/hubsch-interior.com\/da\/#website\",\"url\":\"https:\/\/hubsch-interior.com\/da\/\",\"name\":\"H\u00fcbsch\",\"description\":\"Danish Home Interior and Design\",\"publisher\":{\"@id\":\"https:\/\/hubsch-interior.com\/da\/#organization\"},\"potentialAction\":[{\"@type\":\"SearchAction\",\"target\":{\"@type\":\"EntryPoint\",\"urlTemplate\":\"https:\/\/hubsch-interior.com\/da\/?s={search_term_string}\"},\"query-input\":{\"@type\":\"PropertyValueSpecification\",\"valueRequired\":true,\"valueName\":\"search_term_string\"}}],\"inLanguage\":\"da-DK\"},{\"@type\":\"Organization\",\"@id\":\"https:\/\/hubsch-interior.com\/da\/#organization\",\"name\":\"H\u00fcbsch\",\"url\":\"https:\/\/hubsch-interior.com\/da\/\",\"logo\":{\"@type\":\"ImageObject\",\"inLanguage\":\"da-DK\",\"@id\":\"https:\/\/hubsch-interior.com\/da\/#\/schema\/logo\/image\/\",\"url\":\"https:\/\/hubsch-interior.com\/wp-content\/uploads\/2022\/12\/Hubsch_logo_black_one_line.svg\",\"contentUrl\":\"https:\/\/hubsch-interior.com\/wp-content\/uploads\/2022\/12\/Hubsch_logo_black_one_line.svg\",\"caption\":\"H\u00fcbsch\"},\"image\":{\"@id\":\"https:\/\/hubsch-interior.com\/da\/#\/schema\/logo\/image\/\"}}]}<\/script>\n<!-- \/ Yoast SEO plugin. -->","yoast_head_json":{"title":"Faye Kurv Airy Beige\/Brun\/R\u00f8dbrun - H\u00fcbsch","description":"Smuk og dramatisk! S\u00e5dan vil vi beskrive den h\u00e6ndv\u00e6vede h\u00e6ngekurv Faye Airy. Det fine m\u00f8nster med striber af v\u00e6vet brun, sort og naturfarvet papirstr\u00e5d er","robots":{"index":"index","follow":"follow","max-snippet":"max-snippet:-1","max-image-preview":"max-image-preview:large","max-video-preview":"max-video-preview:-1"},"canonical":"https:\/\/hubsch-interior.com\/da\/wp-json\/wp\/v2\/product\/740042","og_locale":"da_DK","og_type":"article","og_title":"Faye Kurv Airy Beige\/Brun\/R\u00f8dbrun - H\u00fcbsch","og_description":"Smuk og dramatisk! S\u00e5dan vil vi beskrive den h\u00e6ndv\u00e6vede h\u00e6ngekurv Faye Airy. Det fine m\u00f8nster med striber af v\u00e6vet brun, sort og naturfarvet papirstr\u00e5d er","og_url":"https:\/\/hubsch-interior.com\/da\/vare\/faye-kurv-airy-beige-brun-rodbrun\/","og_site_name":"H\u00fcbsch","article_modified_time":"2026-04-05T02:35:51+00:00","og_image":[{"width":1024,"height":1024,"url":"https:\/\/hubsch-interior.com\/wp-content\/uploads\/2026\/02\/faye-basket-airy-beigebrownmaroon-baab53d75bbff2ea94439a20e545e5a6.jpg","type":"image\/jpeg"}],"twitter_card":"summary_large_image","schema":{"@context":"https:\/\/schema.org","@graph":[{"@type":"WebPage","@id":"https:\/\/hubsch-interior.com\/da\/vare\/faye-kurv-airy-beige-brun-rodbrun\/","url":"https:\/\/hubsch-interior.com\/da\/vare\/faye-kurv-airy-beige-brun-rodbrun\/","name":"Faye Kurv Airy Beige\/Brun\/R\u00f8dbrun - H\u00fcbsch","isPartOf":{"@id":"https:\/\/hubsch-interior.com\/da\/#website"},"primaryImageOfPage":{"@id":"https:\/\/hubsch-interior.com\/da\/vare\/faye-kurv-airy-beige-brun-rodbrun\/#primaryimage"},"image":{"@id":"https:\/\/hubsch-interior.com\/da\/vare\/faye-kurv-airy-beige-brun-rodbrun\/#primaryimage"},"thumbnailUrl":"https:\/\/hubsch-interior.com\/wp-content\/uploads\/2026\/02\/faye-basket-airy-beigebrownmaroon-baab53d75bbff2ea94439a20e545e5a6.jpg","datePublished":"2022-02-08T13:49:01+00:00","dateModified":"2026-04-05T02:35:51+00:00","description":"Smuk og dramatisk! S\u00e5dan vil vi beskrive den h\u00e6ndv\u00e6vede h\u00e6ngekurv Faye Airy. Det fine m\u00f8nster med striber af v\u00e6vet brun, sort og naturfarvet papirstr\u00e5d er","breadcrumb":{"@id":"https:\/\/hubsch-interior.com\/da\/vare\/faye-kurv-airy-beige-brun-rodbrun\/#breadcrumb"},"inLanguage":"da-DK","potentialAction":[{"@type":"ReadAction","target":["https:\/\/hubsch-interior.com\/da\/vare\/faye-kurv-airy-beige-brun-rodbrun\/"]}]},{"@type":"ImageObject","inLanguage":"da-DK","@id":"https:\/\/hubsch-interior.com\/da\/vare\/faye-kurv-airy-beige-brun-rodbrun\/#primaryimage","url":"https:\/\/hubsch-interior.com\/wp-content\/uploads\/2026\/02\/faye-basket-airy-beigebrownmaroon-baab53d75bbff2ea94439a20e545e5a6.jpg","contentUrl":"https:\/\/hubsch-interior.com\/wp-content\/uploads\/2026\/02\/faye-basket-airy-beigebrownmaroon-baab53d75bbff2ea94439a20e545e5a6.jpg","width":1024,"height":1024},{"@type":"BreadcrumbList","@id":"https:\/\/hubsch-interior.com\/da\/vare\/faye-kurv-airy-beige-brun-rodbrun\/#breadcrumb","itemListElement":[{"@type":"ListItem","position":1,"name":"Forside","item":"https:\/\/hubsch-interior.com\/da\/"},{"@type":"ListItem","position":2,"name":"Produkter","item":"https:\/\/hubsch-interior.com\/da\/produkter\/"},{"@type":"ListItem","position":3,"name":"Boligtilbeh\u00f8r","item":"https:\/\/hubsch-interior.com\/da\/vare-kategori\/boligtilbehor\/"},{"@type":"ListItem","position":4,"name":"Opbevaring","item":"https:\/\/hubsch-interior.com\/da\/vare-kategori\/boligtilbehor\/opbevaring-da\/"},{"@type":"ListItem","position":5,"name":"Kurve","item":"https:\/\/hubsch-interior.com\/da\/vare-kategori\/boligtilbehor\/opbevaring-da\/kurve-da\/"},{"@type":"ListItem","position":6,"name":"Faye Kurv Airy Beige\/Brun\/R\u00f8dbrun"}]},{"@type":"WebSite","@id":"https:\/\/hubsch-interior.com\/da\/#website","url":"https:\/\/hubsch-interior.com\/da\/","name":"H\u00fcbsch","description":"Danish Home Interior and Design","publisher":{"@id":"https:\/\/hubsch-interior.com\/da\/#organization"},"potentialAction":[{"@type":"SearchAction","target":{"@type":"EntryPoint","urlTemplate":"https:\/\/hubsch-interior.com\/da\/?s={search_term_string}"},"query-input":{"@type":"PropertyValueSpecification","valueRequired":true,"valueName":"search_term_string"}}],"inLanguage":"da-DK"},{"@type":"Organization","@id":"https:\/\/hubsch-interior.com\/da\/#organization","name":"H\u00fcbsch","url":"https:\/\/hubsch-interior.com\/da\/","logo":{"@type":"ImageObject","inLanguage":"da-DK","@id":"https:\/\/hubsch-interior.com\/da\/#\/schema\/logo\/image\/","url":"https:\/\/hubsch-interior.com\/wp-content\/uploads\/2022\/12\/Hubsch_logo_black_one_line.svg","contentUrl":"https:\/\/hubsch-interior.com\/wp-content\/uploads\/2022\/12\/Hubsch_logo_black_one_line.svg","caption":"H\u00fcbsch"},"image":{"@id":"https:\/\/hubsch-interior.com\/da\/#\/schema\/logo\/image\/"}}]}},"_links":{"self":[{"href":"https:\/\/hubsch-interior.com\/da\/wp-json\/wp\/v2\/product\/740042","targetHints":{"allow":["GET"]}}],"collection":[{"href":"https:\/\/hubsch-interior.com\/da\/wp-json\/wp\/v2\/product"}],"about":[{"href":"https:\/\/hubsch-interior.com\/da\/wp-json\/wp\/v2\/types\/product"}],"wp:featuredmedia":[{"embeddable":true,"href":"https:\/\/hubsch-interior.com\/da\/wp-json\/wp\/v2\/media\/1098413"}],"wp:attachment":[{"href":"https:\/\/hubsch-interior.com\/da\/wp-json\/wp\/v2\/media?parent=740042"}],"wp:term":[{"taxonomy":"product_brand","embeddable":true,"href":"https:\/\/hubsch-interior.com\/da\/wp-json\/wp\/v2\/product_brand?post=740042"},{"taxonomy":"product_cat","embeddable":true,"href":"https:\/\/hubsch-interior.com\/da\/wp-json\/wp\/v2\/product_cat?post=740042"},{"taxonomy":"product_tag","embeddable":true,"href":"https:\/\/hubsch-interior.com\/da\/wp-json\/wp\/v2\/product_tag?post=740042"}],"curies":[{"name":"wp","href":"https:\/\/api.w.org\/{rel}","templated":true}]}}