{"id":740082,"date":"2022-02-08T14:51:27","date_gmt":"2022-02-08T13:51:27","guid":{"rendered":"https:\/\/hubsch-interior.com\/product\/product\/"},"modified":"2026-04-09T04:37:50","modified_gmt":"2026-04-09T02:37:50","slug":"blaze-skal-flerfarvet","status":"publish","type":"product","link":"https:\/\/hubsch-interior.com\/da\/vare\/blaze-skal-flerfarvet\/","title":{"rendered":"Blaze Sk\u00e5l \u00a0Flerfarvet"},"content":{"rendered":"<p>Sig hej til Blaze! Denne store glassk\u00e5l er imponerende. Intet mere intet mindre. Den er lige pr\u00e6cis, som den skal v\u00e6re. Formen, farverne og m\u00f8nsteret. Alt er rigtigt, og hvis denne sk\u00e5l i farvet glas ikke f\u00e5r et smil frem p\u00e5 l\u00e6ben, s\u00e5 ved vi ikke, hvad g\u00f8r. Sk\u00e5len er perfekt til gr\u00f8ntsager, frugt eller helt for sig selv. Hvad siger du? Er den ikke smuk?<\/p>\n","protected":false},"excerpt":{"rendered":"<p>Sig hej til Blaze! Denne store glassk\u00e5l er imponerende. Intet mere intet mindre. Den er lige pr\u00e6cis, som den skal v\u00e6re. Formen, farverne og m\u00f8nsteret. Alt er rigtigt, og hvis denne sk\u00e5l i farvet glas ikke f\u00e5r et smil frem p\u00e5 l\u00e6ben, s\u00e5 ved vi ikke, hvad g\u00f8r. Sk\u00e5len er perfekt til gr\u00f8ntsager, frugt eller [&hellip;]<\/p>\n","protected":false},"featured_media":1098996,"template":"","meta":{"_acf_changed":false,"inline_featured_image":false},"product_brand":[],"product_cat":[7025,6970,7042,4051,4094,6517],"product_tag":[],"class_list":{"0":"post-740082","1":"product","2":"type-product","3":"status-publish","4":"has-post-thumbnail","6":"product_cat-bordservice-da-2","7":"product_cat-paaskeudsalg","8":"product_cat-serveringsskaale-da","9":"product_cat-koekkentilbehoer-da","10":"product_cat-bordservice-da","11":"product_cat-outlet-da","12":"product_shipping_class-pk","14":"pa_color-flerfarvet-2","15":"pa_material-glas-da","17":"first","18":"instock","19":"sale","20":"taxable","21":"shipping-taxable","22":"purchasable","23":"product-type-simple"},"exclude_global_add_ons":[],"addons":[],"acf":[],"yoast_head":"<!-- This site is optimized with the Yoast SEO plugin v26.4 - https:\/\/yoast.com\/wordpress\/plugins\/seo\/ -->\n<title>Blaze Sk\u00e5l \u00a0Flerfarvet - H\u00fcbsch<\/title>\n<meta name=\"description\" content=\"Sig hej til Blaze! Denne store glassk\u00e5l er imponerende. Intet mere intet mindre. Den er lige pr\u00e6cis, som den skal v\u00e6re. Formen, farverne og m\u00f8nsteret. Alt\" \/>\n<meta name=\"robots\" content=\"index, follow, max-snippet:-1, max-image-preview:large, max-video-preview:-1\" \/>\n<link rel=\"canonical\" href=\"https:\/\/hubsch-interior.com\/da\/wp-json\/wp\/v2\/product\/740082\" \/>\n<meta property=\"og:locale\" content=\"da_DK\" \/>\n<meta property=\"og:type\" content=\"article\" \/>\n<meta property=\"og:title\" content=\"Blaze Sk\u00e5l \u00a0Flerfarvet - H\u00fcbsch\" \/>\n<meta property=\"og:description\" content=\"Sig hej til Blaze! Denne store glassk\u00e5l er imponerende. Intet mere intet mindre. Den er lige pr\u00e6cis, som den skal v\u00e6re. Formen, farverne og m\u00f8nsteret. Alt\" \/>\n<meta property=\"og:url\" content=\"https:\/\/hubsch-interior.com\/da\/vare\/blaze-skal-flerfarvet\/\" \/>\n<meta property=\"og:site_name\" content=\"H\u00fcbsch\" \/>\n<meta property=\"article:modified_time\" content=\"2026-04-09T02:37:50+00:00\" \/>\n<meta property=\"og:image\" content=\"https:\/\/hubsch-interior.com\/wp-content\/uploads\/2025\/04\/blaze-bowl-multicolour-ae090c721713915ebbde9c033cfe34fe.jpg\" \/>\n\t<meta property=\"og:image:width\" content=\"1200\" \/>\n\t<meta property=\"og:image:height\" content=\"1200\" \/>\n\t<meta property=\"og:image:type\" content=\"image\/jpeg\" \/>\n<meta name=\"twitter:card\" content=\"summary_large_image\" \/>\n<script type=\"application\/ld+json\" class=\"yoast-schema-graph\">{\"@context\":\"https:\/\/schema.org\",\"@graph\":[{\"@type\":\"WebPage\",\"@id\":\"https:\/\/hubsch-interior.com\/da\/vare\/blaze-skal-flerfarvet\/\",\"url\":\"https:\/\/hubsch-interior.com\/da\/vare\/blaze-skal-flerfarvet\/\",\"name\":\"Blaze Sk\u00e5l \u00a0Flerfarvet - H\u00fcbsch\",\"isPartOf\":{\"@id\":\"https:\/\/hubsch-interior.com\/da\/#website\"},\"primaryImageOfPage\":{\"@id\":\"https:\/\/hubsch-interior.com\/da\/vare\/blaze-skal-flerfarvet\/#primaryimage\"},\"image\":{\"@id\":\"https:\/\/hubsch-interior.com\/da\/vare\/blaze-skal-flerfarvet\/#primaryimage\"},\"thumbnailUrl\":\"https:\/\/hubsch-interior.com\/wp-content\/uploads\/2026\/02\/blaze-bowl-multicolour-4a888c5467593311ef9fa0961b90dfa2.jpg\",\"datePublished\":\"2022-02-08T13:51:27+00:00\",\"dateModified\":\"2026-04-09T02:37:50+00:00\",\"description\":\"Sig hej til Blaze! Denne store glassk\u00e5l er imponerende. Intet mere intet mindre. Den er lige pr\u00e6cis, som den skal v\u00e6re. Formen, farverne og m\u00f8nsteret. Alt\",\"breadcrumb\":{\"@id\":\"https:\/\/hubsch-interior.com\/da\/vare\/blaze-skal-flerfarvet\/#breadcrumb\"},\"inLanguage\":\"da-DK\",\"potentialAction\":[{\"@type\":\"ReadAction\",\"target\":[\"https:\/\/hubsch-interior.com\/da\/vare\/blaze-skal-flerfarvet\/\"]}]},{\"@type\":\"ImageObject\",\"inLanguage\":\"da-DK\",\"@id\":\"https:\/\/hubsch-interior.com\/da\/vare\/blaze-skal-flerfarvet\/#primaryimage\",\"url\":\"https:\/\/hubsch-interior.com\/wp-content\/uploads\/2026\/02\/blaze-bowl-multicolour-4a888c5467593311ef9fa0961b90dfa2.jpg\",\"contentUrl\":\"https:\/\/hubsch-interior.com\/wp-content\/uploads\/2026\/02\/blaze-bowl-multicolour-4a888c5467593311ef9fa0961b90dfa2.jpg\",\"width\":1024,\"height\":1024},{\"@type\":\"BreadcrumbList\",\"@id\":\"https:\/\/hubsch-interior.com\/da\/vare\/blaze-skal-flerfarvet\/#breadcrumb\",\"itemListElement\":[{\"@type\":\"ListItem\",\"position\":1,\"name\":\"Forside\",\"item\":\"https:\/\/hubsch-interior.com\/da\/\"},{\"@type\":\"ListItem\",\"position\":2,\"name\":\"Produkter\",\"item\":\"https:\/\/hubsch-interior.com\/da\/produkter\/\"},{\"@type\":\"ListItem\",\"position\":3,\"name\":\"K\u00f8kken\",\"item\":\"https:\/\/hubsch-interior.com\/da\/vare-kategori\/koekken\/\"},{\"@type\":\"ListItem\",\"position\":4,\"name\":\"Bordservice\",\"item\":\"https:\/\/hubsch-interior.com\/da\/vare-kategori\/koekken\/bordservice-da-2\/\"},{\"@type\":\"ListItem\",\"position\":5,\"name\":\"Serveringssk&aring;le\",\"item\":\"https:\/\/hubsch-interior.com\/da\/vare-kategori\/koekken\/bordservice-da-2\/serveringsskaale-da\/\"},{\"@type\":\"ListItem\",\"position\":6,\"name\":\"Blaze Sk\u00e5l \u00a0Flerfarvet\"}]},{\"@type\":\"WebSite\",\"@id\":\"https:\/\/hubsch-interior.com\/da\/#website\",\"url\":\"https:\/\/hubsch-interior.com\/da\/\",\"name\":\"H\u00fcbsch\",\"description\":\"Danish Home Interior and Design\",\"publisher\":{\"@id\":\"https:\/\/hubsch-interior.com\/da\/#organization\"},\"potentialAction\":[{\"@type\":\"SearchAction\",\"target\":{\"@type\":\"EntryPoint\",\"urlTemplate\":\"https:\/\/hubsch-interior.com\/da\/?s={search_term_string}\"},\"query-input\":{\"@type\":\"PropertyValueSpecification\",\"valueRequired\":true,\"valueName\":\"search_term_string\"}}],\"inLanguage\":\"da-DK\"},{\"@type\":\"Organization\",\"@id\":\"https:\/\/hubsch-interior.com\/da\/#organization\",\"name\":\"H\u00fcbsch\",\"url\":\"https:\/\/hubsch-interior.com\/da\/\",\"logo\":{\"@type\":\"ImageObject\",\"inLanguage\":\"da-DK\",\"@id\":\"https:\/\/hubsch-interior.com\/da\/#\/schema\/logo\/image\/\",\"url\":\"https:\/\/hubsch-interior.com\/wp-content\/uploads\/2022\/12\/Hubsch_logo_black_one_line.svg\",\"contentUrl\":\"https:\/\/hubsch-interior.com\/wp-content\/uploads\/2022\/12\/Hubsch_logo_black_one_line.svg\",\"caption\":\"H\u00fcbsch\"},\"image\":{\"@id\":\"https:\/\/hubsch-interior.com\/da\/#\/schema\/logo\/image\/\"}}]}<\/script>\n<!-- \/ Yoast SEO plugin. -->","yoast_head_json":{"title":"Blaze Sk\u00e5l \u00a0Flerfarvet - H\u00fcbsch","description":"Sig hej til Blaze! Denne store glassk\u00e5l er imponerende. Intet mere intet mindre. Den er lige pr\u00e6cis, som den skal v\u00e6re. Formen, farverne og m\u00f8nsteret. Alt","robots":{"index":"index","follow":"follow","max-snippet":"max-snippet:-1","max-image-preview":"max-image-preview:large","max-video-preview":"max-video-preview:-1"},"canonical":"https:\/\/hubsch-interior.com\/da\/wp-json\/wp\/v2\/product\/740082","og_locale":"da_DK","og_type":"article","og_title":"Blaze Sk\u00e5l \u00a0Flerfarvet - H\u00fcbsch","og_description":"Sig hej til Blaze! Denne store glassk\u00e5l er imponerende. Intet mere intet mindre. Den er lige pr\u00e6cis, som den skal v\u00e6re. Formen, farverne og m\u00f8nsteret. Alt","og_url":"https:\/\/hubsch-interior.com\/da\/vare\/blaze-skal-flerfarvet\/","og_site_name":"H\u00fcbsch","article_modified_time":"2026-04-09T02:37:50+00:00","og_image":[{"width":1200,"height":1200,"url":"https:\/\/hubsch-interior.com\/wp-content\/uploads\/2025\/04\/blaze-bowl-multicolour-ae090c721713915ebbde9c033cfe34fe.jpg","type":"image\/jpeg"}],"twitter_card":"summary_large_image","schema":{"@context":"https:\/\/schema.org","@graph":[{"@type":"WebPage","@id":"https:\/\/hubsch-interior.com\/da\/vare\/blaze-skal-flerfarvet\/","url":"https:\/\/hubsch-interior.com\/da\/vare\/blaze-skal-flerfarvet\/","name":"Blaze Sk\u00e5l \u00a0Flerfarvet - H\u00fcbsch","isPartOf":{"@id":"https:\/\/hubsch-interior.com\/da\/#website"},"primaryImageOfPage":{"@id":"https:\/\/hubsch-interior.com\/da\/vare\/blaze-skal-flerfarvet\/#primaryimage"},"image":{"@id":"https:\/\/hubsch-interior.com\/da\/vare\/blaze-skal-flerfarvet\/#primaryimage"},"thumbnailUrl":"https:\/\/hubsch-interior.com\/wp-content\/uploads\/2026\/02\/blaze-bowl-multicolour-4a888c5467593311ef9fa0961b90dfa2.jpg","datePublished":"2022-02-08T13:51:27+00:00","dateModified":"2026-04-09T02:37:50+00:00","description":"Sig hej til Blaze! Denne store glassk\u00e5l er imponerende. Intet mere intet mindre. Den er lige pr\u00e6cis, som den skal v\u00e6re. Formen, farverne og m\u00f8nsteret. Alt","breadcrumb":{"@id":"https:\/\/hubsch-interior.com\/da\/vare\/blaze-skal-flerfarvet\/#breadcrumb"},"inLanguage":"da-DK","potentialAction":[{"@type":"ReadAction","target":["https:\/\/hubsch-interior.com\/da\/vare\/blaze-skal-flerfarvet\/"]}]},{"@type":"ImageObject","inLanguage":"da-DK","@id":"https:\/\/hubsch-interior.com\/da\/vare\/blaze-skal-flerfarvet\/#primaryimage","url":"https:\/\/hubsch-interior.com\/wp-content\/uploads\/2026\/02\/blaze-bowl-multicolour-4a888c5467593311ef9fa0961b90dfa2.jpg","contentUrl":"https:\/\/hubsch-interior.com\/wp-content\/uploads\/2026\/02\/blaze-bowl-multicolour-4a888c5467593311ef9fa0961b90dfa2.jpg","width":1024,"height":1024},{"@type":"BreadcrumbList","@id":"https:\/\/hubsch-interior.com\/da\/vare\/blaze-skal-flerfarvet\/#breadcrumb","itemListElement":[{"@type":"ListItem","position":1,"name":"Forside","item":"https:\/\/hubsch-interior.com\/da\/"},{"@type":"ListItem","position":2,"name":"Produkter","item":"https:\/\/hubsch-interior.com\/da\/produkter\/"},{"@type":"ListItem","position":3,"name":"K\u00f8kken","item":"https:\/\/hubsch-interior.com\/da\/vare-kategori\/koekken\/"},{"@type":"ListItem","position":4,"name":"Bordservice","item":"https:\/\/hubsch-interior.com\/da\/vare-kategori\/koekken\/bordservice-da-2\/"},{"@type":"ListItem","position":5,"name":"Serveringssk&aring;le","item":"https:\/\/hubsch-interior.com\/da\/vare-kategori\/koekken\/bordservice-da-2\/serveringsskaale-da\/"},{"@type":"ListItem","position":6,"name":"Blaze Sk\u00e5l \u00a0Flerfarvet"}]},{"@type":"WebSite","@id":"https:\/\/hubsch-interior.com\/da\/#website","url":"https:\/\/hubsch-interior.com\/da\/","name":"H\u00fcbsch","description":"Danish Home Interior and Design","publisher":{"@id":"https:\/\/hubsch-interior.com\/da\/#organization"},"potentialAction":[{"@type":"SearchAction","target":{"@type":"EntryPoint","urlTemplate":"https:\/\/hubsch-interior.com\/da\/?s={search_term_string}"},"query-input":{"@type":"PropertyValueSpecification","valueRequired":true,"valueName":"search_term_string"}}],"inLanguage":"da-DK"},{"@type":"Organization","@id":"https:\/\/hubsch-interior.com\/da\/#organization","name":"H\u00fcbsch","url":"https:\/\/hubsch-interior.com\/da\/","logo":{"@type":"ImageObject","inLanguage":"da-DK","@id":"https:\/\/hubsch-interior.com\/da\/#\/schema\/logo\/image\/","url":"https:\/\/hubsch-interior.com\/wp-content\/uploads\/2022\/12\/Hubsch_logo_black_one_line.svg","contentUrl":"https:\/\/hubsch-interior.com\/wp-content\/uploads\/2022\/12\/Hubsch_logo_black_one_line.svg","caption":"H\u00fcbsch"},"image":{"@id":"https:\/\/hubsch-interior.com\/da\/#\/schema\/logo\/image\/"}}]}},"_links":{"self":[{"href":"https:\/\/hubsch-interior.com\/da\/wp-json\/wp\/v2\/product\/740082","targetHints":{"allow":["GET"]}}],"collection":[{"href":"https:\/\/hubsch-interior.com\/da\/wp-json\/wp\/v2\/product"}],"about":[{"href":"https:\/\/hubsch-interior.com\/da\/wp-json\/wp\/v2\/types\/product"}],"wp:featuredmedia":[{"embeddable":true,"href":"https:\/\/hubsch-interior.com\/da\/wp-json\/wp\/v2\/media\/1098996"}],"wp:attachment":[{"href":"https:\/\/hubsch-interior.com\/da\/wp-json\/wp\/v2\/media?parent=740082"}],"wp:term":[{"taxonomy":"product_brand","embeddable":true,"href":"https:\/\/hubsch-interior.com\/da\/wp-json\/wp\/v2\/product_brand?post=740082"},{"taxonomy":"product_cat","embeddable":true,"href":"https:\/\/hubsch-interior.com\/da\/wp-json\/wp\/v2\/product_cat?post=740082"},{"taxonomy":"product_tag","embeddable":true,"href":"https:\/\/hubsch-interior.com\/da\/wp-json\/wp\/v2\/product_tag?post=740082"}],"curies":[{"name":"wp","href":"https:\/\/api.w.org\/{rel}","templated":true}]}}