{"id":740900,"date":"2022-02-08T15:29:42","date_gmt":"2022-02-08T14:29:42","guid":{"rendered":"https:\/\/hubsch-interior.com\/product\/product\/"},"modified":"2026-04-09T04:37:59","modified_gmt":"2026-04-09T02:37:59","slug":"flora-skal-gron","status":"publish","type":"product","link":"https:\/\/hubsch-interior.com\/da\/vare\/flora-skal-gron\/","title":{"rendered":"Flora Sk\u00e5l Gr\u00f8n"},"content":{"rendered":"<p>Selv en eftermiddagssnack fortjener det bedste. Og denne sk\u00f8nne gr\u00f8nne glassk\u00e5l er perfekt til gr\u00f8ntsager eller frugt. Dit middags- eller frokostbord har ogs\u00e5 fortjent et smukt farvestrejf, og sk\u00e5len er altid funktionel. Til oliven, dips eller n\u00f8dder. Den kan ogs\u00e5 bruges til fredagsslik eller popcorn. Sk\u00e5len kan ogs\u00e5 pynte p\u00e5 et sengebord, hvor du kan holde styr p\u00e5 alle dine smykker.  <\/p>\n","protected":false},"excerpt":{"rendered":"<p>Selv en eftermiddagssnack fortjener det bedste. Og denne sk\u00f8nne gr\u00f8nne glassk\u00e5l er perfekt til gr\u00f8ntsager eller frugt. Dit middags- eller frokostbord har ogs\u00e5 fortjent et smukt farvestrejf, og sk\u00e5len er altid funktionel. Til oliven, dips eller n\u00f8dder. Den kan ogs\u00e5 bruges til fredagsslik eller popcorn. Sk\u00e5len kan ogs\u00e5 pynte p\u00e5 et sengebord, hvor du kan [&hellip;]<\/p>\n","protected":false},"featured_media":1099042,"template":"","meta":{"_acf_changed":false,"inline_featured_image":false},"product_brand":[],"product_cat":[4094,6347,4051,6517,6970],"product_tag":[],"class_list":{"0":"post-740900","1":"product","2":"type-product","3":"status-publish","4":"has-post-thumbnail","6":"product_cat-bordservice-da","7":"product_cat-garden-selection-da","8":"product_cat-koekkentilbehoer-da","9":"product_cat-outlet-da","10":"product_cat-paaskeudsalg","11":"product_shipping_class-pk","13":"pa_color-grn","14":"pa_material-glas-da","16":"first","17":"instock","18":"sale","19":"taxable","20":"shipping-taxable","21":"purchasable","22":"product-type-simple"},"exclude_global_add_ons":[],"addons":[],"acf":[],"yoast_head":"<!-- This site is optimized with the Yoast SEO plugin v26.4 - https:\/\/yoast.com\/wordpress\/plugins\/seo\/ -->\n<title>Flora Sk\u00e5l Gr\u00f8n - H\u00fcbsch<\/title>\n<meta name=\"description\" content=\"Selv en eftermiddagssnack fortjener det bedste. Og denne sk\u00f8nne gr\u00f8nne glassk\u00e5l er perfekt til gr\u00f8ntsager eller frugt. Dit middags- eller frokostbord har\" \/>\n<meta name=\"robots\" content=\"index, follow, max-snippet:-1, max-image-preview:large, max-video-preview:-1\" \/>\n<link rel=\"canonical\" href=\"https:\/\/hubsch-interior.com\/da\/wp-json\/wp\/v2\/product\/740900\" \/>\n<meta property=\"og:locale\" content=\"da_DK\" \/>\n<meta property=\"og:type\" content=\"article\" \/>\n<meta property=\"og:title\" content=\"Flora Sk\u00e5l Gr\u00f8n - H\u00fcbsch\" \/>\n<meta property=\"og:description\" content=\"Selv en eftermiddagssnack fortjener det bedste. Og denne sk\u00f8nne gr\u00f8nne glassk\u00e5l er perfekt til gr\u00f8ntsager eller frugt. Dit middags- eller frokostbord har\" \/>\n<meta property=\"og:url\" content=\"https:\/\/hubsch-interior.com\/da\/vare\/flora-skal-gron\/\" \/>\n<meta property=\"og:site_name\" content=\"H\u00fcbsch\" \/>\n<meta property=\"article:modified_time\" content=\"2026-04-09T02:37:59+00:00\" \/>\n<meta property=\"og:image\" content=\"https:\/\/hubsch-interior.com\/wp-content\/uploads\/2025\/05\/flora-bowl-green-8fc4e983e786f800c6c7e309571bbb5e.jpg\" \/>\n\t<meta property=\"og:image:width\" content=\"1200\" \/>\n\t<meta property=\"og:image:height\" content=\"1200\" \/>\n\t<meta property=\"og:image:type\" content=\"image\/jpeg\" \/>\n<meta name=\"twitter:card\" content=\"summary_large_image\" \/>\n<script type=\"application\/ld+json\" class=\"yoast-schema-graph\">{\"@context\":\"https:\/\/schema.org\",\"@graph\":[{\"@type\":\"WebPage\",\"@id\":\"https:\/\/hubsch-interior.com\/da\/vare\/flora-skal-gron\/\",\"url\":\"https:\/\/hubsch-interior.com\/da\/vare\/flora-skal-gron\/\",\"name\":\"Flora Sk\u00e5l Gr\u00f8n - H\u00fcbsch\",\"isPartOf\":{\"@id\":\"https:\/\/hubsch-interior.com\/da\/#website\"},\"primaryImageOfPage\":{\"@id\":\"https:\/\/hubsch-interior.com\/da\/vare\/flora-skal-gron\/#primaryimage\"},\"image\":{\"@id\":\"https:\/\/hubsch-interior.com\/da\/vare\/flora-skal-gron\/#primaryimage\"},\"thumbnailUrl\":\"https:\/\/hubsch-interior.com\/wp-content\/uploads\/2026\/02\/flora-bowl-green-f53ef2e25e8e39de39e8a6834deb74d1.jpg\",\"datePublished\":\"2022-02-08T14:29:42+00:00\",\"dateModified\":\"2026-04-09T02:37:59+00:00\",\"description\":\"Selv en eftermiddagssnack fortjener det bedste. Og denne sk\u00f8nne gr\u00f8nne glassk\u00e5l er perfekt til gr\u00f8ntsager eller frugt. Dit middags- eller frokostbord har\",\"breadcrumb\":{\"@id\":\"https:\/\/hubsch-interior.com\/da\/vare\/flora-skal-gron\/#breadcrumb\"},\"inLanguage\":\"da-DK\",\"potentialAction\":[{\"@type\":\"ReadAction\",\"target\":[\"https:\/\/hubsch-interior.com\/da\/vare\/flora-skal-gron\/\"]}]},{\"@type\":\"ImageObject\",\"inLanguage\":\"da-DK\",\"@id\":\"https:\/\/hubsch-interior.com\/da\/vare\/flora-skal-gron\/#primaryimage\",\"url\":\"https:\/\/hubsch-interior.com\/wp-content\/uploads\/2026\/02\/flora-bowl-green-f53ef2e25e8e39de39e8a6834deb74d1.jpg\",\"contentUrl\":\"https:\/\/hubsch-interior.com\/wp-content\/uploads\/2026\/02\/flora-bowl-green-f53ef2e25e8e39de39e8a6834deb74d1.jpg\",\"width\":1024,\"height\":1024},{\"@type\":\"BreadcrumbList\",\"@id\":\"https:\/\/hubsch-interior.com\/da\/vare\/flora-skal-gron\/#breadcrumb\",\"itemListElement\":[{\"@type\":\"ListItem\",\"position\":1,\"name\":\"Forside\",\"item\":\"https:\/\/hubsch-interior.com\/da\/\"},{\"@type\":\"ListItem\",\"position\":2,\"name\":\"Produkter\",\"item\":\"https:\/\/hubsch-interior.com\/da\/produkter\/\"},{\"@type\":\"ListItem\",\"position\":3,\"name\":\"Boligtilbeh\u00f8r\",\"item\":\"https:\/\/hubsch-interior.com\/da\/vare-kategori\/boligtilbehor\/\"},{\"@type\":\"ListItem\",\"position\":4,\"name\":\"K&oslash;kkentilbeh&oslash;r\",\"item\":\"https:\/\/hubsch-interior.com\/da\/vare-kategori\/boligtilbehor\/koekkentilbehoer-da\/\"},{\"@type\":\"ListItem\",\"position\":5,\"name\":\"Bordservice\",\"item\":\"https:\/\/hubsch-interior.com\/da\/vare-kategori\/boligtilbehor\/koekkentilbehoer-da\/bordservice-da\/\"},{\"@type\":\"ListItem\",\"position\":6,\"name\":\"Flora Sk\u00e5l Gr\u00f8n\"}]},{\"@type\":\"WebSite\",\"@id\":\"https:\/\/hubsch-interior.com\/da\/#website\",\"url\":\"https:\/\/hubsch-interior.com\/da\/\",\"name\":\"H\u00fcbsch\",\"description\":\"Danish Home Interior and Design\",\"publisher\":{\"@id\":\"https:\/\/hubsch-interior.com\/da\/#organization\"},\"potentialAction\":[{\"@type\":\"SearchAction\",\"target\":{\"@type\":\"EntryPoint\",\"urlTemplate\":\"https:\/\/hubsch-interior.com\/da\/?s={search_term_string}\"},\"query-input\":{\"@type\":\"PropertyValueSpecification\",\"valueRequired\":true,\"valueName\":\"search_term_string\"}}],\"inLanguage\":\"da-DK\"},{\"@type\":\"Organization\",\"@id\":\"https:\/\/hubsch-interior.com\/da\/#organization\",\"name\":\"H\u00fcbsch\",\"url\":\"https:\/\/hubsch-interior.com\/da\/\",\"logo\":{\"@type\":\"ImageObject\",\"inLanguage\":\"da-DK\",\"@id\":\"https:\/\/hubsch-interior.com\/da\/#\/schema\/logo\/image\/\",\"url\":\"https:\/\/hubsch-interior.com\/wp-content\/uploads\/2022\/12\/Hubsch_logo_black_one_line.svg\",\"contentUrl\":\"https:\/\/hubsch-interior.com\/wp-content\/uploads\/2022\/12\/Hubsch_logo_black_one_line.svg\",\"caption\":\"H\u00fcbsch\"},\"image\":{\"@id\":\"https:\/\/hubsch-interior.com\/da\/#\/schema\/logo\/image\/\"}}]}<\/script>\n<!-- \/ Yoast SEO plugin. -->","yoast_head_json":{"title":"Flora Sk\u00e5l Gr\u00f8n - H\u00fcbsch","description":"Selv en eftermiddagssnack fortjener det bedste. Og denne sk\u00f8nne gr\u00f8nne glassk\u00e5l er perfekt til gr\u00f8ntsager eller frugt. Dit middags- eller frokostbord har","robots":{"index":"index","follow":"follow","max-snippet":"max-snippet:-1","max-image-preview":"max-image-preview:large","max-video-preview":"max-video-preview:-1"},"canonical":"https:\/\/hubsch-interior.com\/da\/wp-json\/wp\/v2\/product\/740900","og_locale":"da_DK","og_type":"article","og_title":"Flora Sk\u00e5l Gr\u00f8n - H\u00fcbsch","og_description":"Selv en eftermiddagssnack fortjener det bedste. Og denne sk\u00f8nne gr\u00f8nne glassk\u00e5l er perfekt til gr\u00f8ntsager eller frugt. Dit middags- eller frokostbord har","og_url":"https:\/\/hubsch-interior.com\/da\/vare\/flora-skal-gron\/","og_site_name":"H\u00fcbsch","article_modified_time":"2026-04-09T02:37:59+00:00","og_image":[{"width":1200,"height":1200,"url":"https:\/\/hubsch-interior.com\/wp-content\/uploads\/2025\/05\/flora-bowl-green-8fc4e983e786f800c6c7e309571bbb5e.jpg","type":"image\/jpeg"}],"twitter_card":"summary_large_image","schema":{"@context":"https:\/\/schema.org","@graph":[{"@type":"WebPage","@id":"https:\/\/hubsch-interior.com\/da\/vare\/flora-skal-gron\/","url":"https:\/\/hubsch-interior.com\/da\/vare\/flora-skal-gron\/","name":"Flora Sk\u00e5l Gr\u00f8n - H\u00fcbsch","isPartOf":{"@id":"https:\/\/hubsch-interior.com\/da\/#website"},"primaryImageOfPage":{"@id":"https:\/\/hubsch-interior.com\/da\/vare\/flora-skal-gron\/#primaryimage"},"image":{"@id":"https:\/\/hubsch-interior.com\/da\/vare\/flora-skal-gron\/#primaryimage"},"thumbnailUrl":"https:\/\/hubsch-interior.com\/wp-content\/uploads\/2026\/02\/flora-bowl-green-f53ef2e25e8e39de39e8a6834deb74d1.jpg","datePublished":"2022-02-08T14:29:42+00:00","dateModified":"2026-04-09T02:37:59+00:00","description":"Selv en eftermiddagssnack fortjener det bedste. Og denne sk\u00f8nne gr\u00f8nne glassk\u00e5l er perfekt til gr\u00f8ntsager eller frugt. Dit middags- eller frokostbord har","breadcrumb":{"@id":"https:\/\/hubsch-interior.com\/da\/vare\/flora-skal-gron\/#breadcrumb"},"inLanguage":"da-DK","potentialAction":[{"@type":"ReadAction","target":["https:\/\/hubsch-interior.com\/da\/vare\/flora-skal-gron\/"]}]},{"@type":"ImageObject","inLanguage":"da-DK","@id":"https:\/\/hubsch-interior.com\/da\/vare\/flora-skal-gron\/#primaryimage","url":"https:\/\/hubsch-interior.com\/wp-content\/uploads\/2026\/02\/flora-bowl-green-f53ef2e25e8e39de39e8a6834deb74d1.jpg","contentUrl":"https:\/\/hubsch-interior.com\/wp-content\/uploads\/2026\/02\/flora-bowl-green-f53ef2e25e8e39de39e8a6834deb74d1.jpg","width":1024,"height":1024},{"@type":"BreadcrumbList","@id":"https:\/\/hubsch-interior.com\/da\/vare\/flora-skal-gron\/#breadcrumb","itemListElement":[{"@type":"ListItem","position":1,"name":"Forside","item":"https:\/\/hubsch-interior.com\/da\/"},{"@type":"ListItem","position":2,"name":"Produkter","item":"https:\/\/hubsch-interior.com\/da\/produkter\/"},{"@type":"ListItem","position":3,"name":"Boligtilbeh\u00f8r","item":"https:\/\/hubsch-interior.com\/da\/vare-kategori\/boligtilbehor\/"},{"@type":"ListItem","position":4,"name":"K&oslash;kkentilbeh&oslash;r","item":"https:\/\/hubsch-interior.com\/da\/vare-kategori\/boligtilbehor\/koekkentilbehoer-da\/"},{"@type":"ListItem","position":5,"name":"Bordservice","item":"https:\/\/hubsch-interior.com\/da\/vare-kategori\/boligtilbehor\/koekkentilbehoer-da\/bordservice-da\/"},{"@type":"ListItem","position":6,"name":"Flora Sk\u00e5l Gr\u00f8n"}]},{"@type":"WebSite","@id":"https:\/\/hubsch-interior.com\/da\/#website","url":"https:\/\/hubsch-interior.com\/da\/","name":"H\u00fcbsch","description":"Danish Home Interior and Design","publisher":{"@id":"https:\/\/hubsch-interior.com\/da\/#organization"},"potentialAction":[{"@type":"SearchAction","target":{"@type":"EntryPoint","urlTemplate":"https:\/\/hubsch-interior.com\/da\/?s={search_term_string}"},"query-input":{"@type":"PropertyValueSpecification","valueRequired":true,"valueName":"search_term_string"}}],"inLanguage":"da-DK"},{"@type":"Organization","@id":"https:\/\/hubsch-interior.com\/da\/#organization","name":"H\u00fcbsch","url":"https:\/\/hubsch-interior.com\/da\/","logo":{"@type":"ImageObject","inLanguage":"da-DK","@id":"https:\/\/hubsch-interior.com\/da\/#\/schema\/logo\/image\/","url":"https:\/\/hubsch-interior.com\/wp-content\/uploads\/2022\/12\/Hubsch_logo_black_one_line.svg","contentUrl":"https:\/\/hubsch-interior.com\/wp-content\/uploads\/2022\/12\/Hubsch_logo_black_one_line.svg","caption":"H\u00fcbsch"},"image":{"@id":"https:\/\/hubsch-interior.com\/da\/#\/schema\/logo\/image\/"}}]}},"_links":{"self":[{"href":"https:\/\/hubsch-interior.com\/da\/wp-json\/wp\/v2\/product\/740900","targetHints":{"allow":["GET"]}}],"collection":[{"href":"https:\/\/hubsch-interior.com\/da\/wp-json\/wp\/v2\/product"}],"about":[{"href":"https:\/\/hubsch-interior.com\/da\/wp-json\/wp\/v2\/types\/product"}],"wp:featuredmedia":[{"embeddable":true,"href":"https:\/\/hubsch-interior.com\/da\/wp-json\/wp\/v2\/media\/1099042"}],"wp:attachment":[{"href":"https:\/\/hubsch-interior.com\/da\/wp-json\/wp\/v2\/media?parent=740900"}],"wp:term":[{"taxonomy":"product_brand","embeddable":true,"href":"https:\/\/hubsch-interior.com\/da\/wp-json\/wp\/v2\/product_brand?post=740900"},{"taxonomy":"product_cat","embeddable":true,"href":"https:\/\/hubsch-interior.com\/da\/wp-json\/wp\/v2\/product_cat?post=740900"},{"taxonomy":"product_tag","embeddable":true,"href":"https:\/\/hubsch-interior.com\/da\/wp-json\/wp\/v2\/product_tag?post=740900"}],"curies":[{"name":"wp","href":"https:\/\/api.w.org\/{rel}","templated":true}]}}